{"id":102172,"date":"2025-04-08T08:01:42","date_gmt":"2025-04-08T08:01:42","guid":{"rendered":"https:\/\/vzduchovetlmice.sk\/o-nas\/"},"modified":"2026-04-03T12:47:22","modified_gmt":"2026-04-03T12:47:22","slug":"o-nas","status":"publish","type":"page","link":"https:\/\/vzduchovetlmice.sk\/cs\/o-nas\/","title":{"rendered":"O n\u00e1s"},"content":{"rendered":"<p>[et_pb_section fb_built=&#8220;1&#8243; custom_padding_last_edited=&#8220;on|phone&#8220; _builder_version=&#8220;4.27.4&#8243; _module_preset=&#8220;default&#8220; background_color=&#8220;#4f4f4f&#8220; background_enable_mask_style=&#8220;on&#8220; background_mask_style=&#8220;diagonal-bars&#8220; background_mask_color=&#8220;#494949&#8243; background_mask_transform=&#8220;invert|flip_vertical&#8220; background_mask_size=&#8220;cover&#8220; custom_padding=&#8220;20px||30px||false|false&#8220; custom_padding_tablet=&#8220;&#8220; custom_padding_phone=&#8220;20px||0px||false|false&#8220; custom_css_main_element=&#8220;overflow:hidden;&#8220; global_colors_info=&#8220;{}&#8220;][et_pb_row _builder_version=&#8220;4.27.4&#8243; _module_preset=&#8220;default&#8220; width=&#8220;85%&#8220; max_width=&#8220;1300px&#8220; custom_padding=&#8220;||0px|||&#8220; global_colors_info=&#8220;{}&#8220;][et_pb_column type=&#8220;4_4&#8243; _builder_version=&#8220;4.16&#8243; _module_preset=&#8220;default&#8220; global_colors_info=&#8220;{}&#8220;][et_pb_text module_class=&#8220;link-effect-white&#8220; _builder_version=&#8220;4.27.4&#8243; _module_preset=&#8220;default&#8220; text_text_color=&#8220;#FFFFFF&#8220; text_font_size=&#8220;16px&#8220; text_line_height=&#8220;1.6em&#8220; link_font=&#8220;|600|||||||&#8220; link_text_color=&#8220;#FFFFFF&#8220; custom_margin=&#8220;6px||5px||false|false&#8220; custom_margin_tablet=&#8220;&#8220; custom_margin_phone=&#8220;0px||5px||false|false&#8220; custom_margin_last_edited=&#8220;on|phone&#8220; locked=&#8220;off&#8220; global_colors_info=&#8220;{}&#8220;]<\/p>\n<p style=\"text-align: center;\">Vzduchovetlmice.sk<\/p>\n<p>[\/et_pb_text][et_pb_text _builder_version=&#8220;4.27.4&#8243; _module_preset=&#8220;default&#8220; header_3_font=&#8220;|800|||||||&#8220; header_3_text_color=&#8220;#FFFFFF&#8220; header_3_font_size=&#8220;50px&#8220; header_3_line_height=&#8220;1.3em&#8220; custom_margin=&#8220;||5px||false|false&#8220; header_3_font_size_tablet=&#8220;&#8220; header_3_font_size_phone=&#8220;27px&#8220; header_3_font_size_last_edited=&#8220;on|tablet&#8220; global_colors_info=&#8220;{}&#8220;]<\/p>\n<h3 style=\"text-align: center;\">O n\u00e1s<\/h3>\n<p>[\/et_pb_text][\/et_pb_column][\/et_pb_row][\/et_pb_section][et_pb_section fb_built=&#8220;1&#8243; _builder_version=&#8220;4.27.4&#8243; _module_preset=&#8220;default&#8220; global_colors_info=&#8220;{}&#8220;][et_pb_row _builder_version=&#8220;4.27.4&#8243; _module_preset=&#8220;default&#8220; global_colors_info=&#8220;{}&#8220;][et_pb_column type=&#8220;4_4&#8243; _builder_version=&#8220;4.27.4&#8243; _module_preset=&#8220;default&#8220; global_colors_info=&#8220;{}&#8220;][et_pb_text _builder_version=&#8220;4.27.6&#8243; _module_preset=&#8220;default&#8220; text_font_size=&#8220;17px&#8220; hover_enabled=&#8220;0&#8243; global_colors_info=&#8220;{}&#8220; sticky_enabled=&#8220;0&#8243;]<\/p>\n<p><span style=\"color: #000000;\">Str\u00e1nka <strong>Vzduchov\u00e9Tlmi\u010de.sk<\/strong> se specializuje na prodej v\u0161ech d\u00edl\u016f pro vzduchov\u00fd podvozek osobn\u00edch automobil\u016f vybaven\u00fdch t\u00edmto syst\u00e9mem pru\u017een\u00ed. V na\u0161\u00ed nab\u00eddce naleznete tak\u00e9 elektronicky \u0159\u00edzen\u00e9 tlumi\u010de, samonivela\u010dn\u00ed (Nivomat) tlumi\u010de p\u00e9rov\u00e1n\u00ed, jako\u017e i elektronick\u00e9 komponenty, nap\u0159\u00edklad senzory mrtv\u00e9ho \u00fahlu, \u0159\u00eddic\u00ed jednotky (SAM moduly) \u010di elektrick\u00e9 mechanismy ru\u010dn\u00ed brzdy (EPB). Z\u00e1rove\u0148 prov\u00e1d\u00edme repas (opravy) vybran\u00fdch typ\u016f kompresor\u016f vzduchov\u00e9ho podvozku. <\/span><\/p>\n<p><span style=\"color: #000000;\"><\/span><\/p>\n<p><span style=\"color: #000000;\"><\/span><\/p>\n<p><span style=\"color: #000000;\"><strong>Na na\u0161\u00ed str\u00e1nce naleznete:<\/strong> <\/span><br \/><span style=\"color: #000000;\">\u2013 vzduchov\u00e9 tlumi\u010de, <\/span><br \/><span style=\"color: #000000;\">\u2013 vzduchov\u00e9 m\u011bchy (vaky),<\/span><br \/><span style=\"color: #000000;\">\u2013 kompresory vzduchov\u00e9ho podvozku,<\/span><br \/><span style=\"color: #000000;\">\u2013 ventilov\u00e9 jednotky vzduchov\u00e9ho podvozku (tzv. rozvad\u011b\u010de nebo i bloky),<\/span><br \/><span style=\"color: #000000;\">\u2013 opravn\u00e9 sady kompresor\u016f,<\/span><br \/><span style=\"color: #000000;\">\u2013 p\u0159etlakov\u00e9 (mosazn\u00e9\/ plastov\u00e9) ventily do vzduchov\u00fdch tlumi\u010d\u016f,<\/span><br \/><span style=\"color: #000000;\">\u2013 mosazn\u00e9 holendre (dr\u017e\u00e1k hadi\u010dky),<\/span><br \/><span style=\"color: #000000;\">\u2013 elektronicky \u0159\u00edzen\u00e9 tlumi\u010de p\u00e9rov\u00e1n\u00ed,<\/span><br \/><span style=\"color: #000000;\">\u2013 samonivela\u010dn\u00ed tlumi\u010de p\u00e9rov\u00e1n\u00ed (syst\u00e9m NIVOMAT, SLS),<\/span><br \/><span style=\"color: #000000;\">\u2013 gumov\u00e1 t\u011bsn\u011bn\u00ed, dr\u017e\u00e1ky a dal\u0161\u00ed p\u0159\u00edslu\u0161enstv\u00ed, <\/span><\/p>\n<p><span style=\"color: #000000;\">\u2013 senzory mrtv\u00e9ho \u00fahlu (Distronic, Blind spot detection sensor),<br \/>\u2013 \u0159\u00eddic\u00ed jednotky (SAM modul),<br \/>\u2013 elektrick\u00e9 mechanismy ru\u010dn\u00ed brzdy (EPB). <\/span><\/p>\n<p><span style=\"color: #000000;\"><\/span><\/p>\n<p><span style=\"color: #000000;\">V na\u0161em sortimentu naleznete d\u00edly od v\u00fdrobc\u016f AMK, WABCO, RAPA, BWI, BILSTEIN, DUNLOP, VIBRACOUSTIC, VOSS, Continental i origin\u00e1ln\u00ed d\u00edly pro zna\u010dky Mercedes Benz, BMW, Audi, VW, KIA, Hyundai. <\/span><\/p>\n<p><span style=\"color: #000000;\">M\u00e1me dlouholet\u00e9 zku\u0161enosti v prodeji d\u00edl\u016f na vzduchov\u00fd podvozek o \u010dem\u017e sv\u011bd\u010d\u00ed i spolupr\u00e1ce se spoustou standardn\u00edch a autorizovan\u00fdch autoservis\u016f.<\/span><\/p>\n<p><span style=\"color: #000000;\">Ka\u017ed\u00fd d\u00edl p\u0159ed odesl\u00e1n\u00edm d\u016fkladn\u011b kontrolujeme a testujeme. Uv\u011bdomujeme si, \u017ee vadn\u00fd d\u00edl znamen\u00e1 pro z\u00e1kazn\u00edka ztr\u00e1tu \u010dasu i pen\u011bz \u2013 zejm\u00e9na p\u0159i nutnosti op\u011btovn\u00e9 demont\u00e1\u017ee. Z\u00e1rove\u0148 by to po\u0161kodilo i na\u0161e jm\u00e9no, co nechceme. Pr\u00e1v\u011b d\u00edky na\u0161im zku\u0161enostem v\u00e1m um\u00edme odborn\u011b poradit a nab\u00eddnout kvalitn\u00ed \u0159e\u0161en\u00ed. <\/span><\/p>\n<p><span style=\"color: #000000;\">Nab\u00edzen\u00e9 d\u00edly jsou kvalitativn\u011b srovnateln\u00e9 s origin\u00e1ln\u00edmi komponenty, p\u0159i\u010dem\u017e n\u011bkter\u00e9 z nich obsahuj\u00ed konstruk\u010dn\u00ed vylep\u0161en\u00ed oproti origin\u00e1lu.<\/span><\/p>\n<p><span style=\"color: #000000;\">Pokud na na\u0161\u00ed str\u00e1nce nenajdete pot\u0159ebn\u00fd d\u00edl, nev\u00e1hejte n\u00e1s kontaktovat \u2013 r\u00e1di v\u00e1m porad\u00edme.<\/span><\/p>\n<p><span style=\"font-size: 17px; color: #000000;\">V\u011bt\u0161inu d\u00edl\u016f m\u00e1me skladem. Objedn\u00e1vky prijat\u00e9 do 13:00 odosielame e\u0161te v ten ist\u00fd de\u0148. Doru\u010denie zabezpe\u010duje kuri\u00e9rska spolo\u010dnos\u0165 DPD, zvy\u010dajne do 24 hod\u00edn. P\u0159i zas\u00edl\u00e1n\u00ed do \u010cesk\u00e9 republiky je doba doru\u010den\u00ed zpravidla do 48 hodin. Zbo\u017e\u00ed si m\u016f\u017eete vyzvednout i osobn\u011b v Pre\u0161ov\u011b.<\/span><\/p>\n<p><span style=\"font-size: 17px; color: #000000;\"><\/span><\/p>\n<p><span style=\"color: #000000;\"><\/span><\/p>\n<p><span style=\"color: #000000;\">D\u00edly si m\u016f\u017eete objednat telefonicky, emailem nebo p\u0159es <span style=\"text-decoration: underline;\"><strong><a href=\"https:\/\/vzduchovetlmice.sk\/objednavka\/\" style=\"color: #000000;\">objedn\u00e1vkov\u00fd formul\u00e1\u0159.<\/a><\/strong><\/span><\/span><\/p>\n<p><span style=\"color: #000000;\"><strong>Na\u0161e str\u00e1nka nen\u00ed e-shop.<\/strong> Dal\u0161\u00ed d\u016fle\u017eit\u00e9 informace naleznete v p\u0159\u00edslu\u0161n\u00e9 sekci.<\/span><\/p>\n<p>[\/et_pb_text][\/et_pb_column][\/et_pb_row][\/et_pb_section]<\/p>\n","protected":false},"excerpt":{"rendered":"<p>Vzduchovetlmice.skO n\u00e1sStr\u00e1nka Vzduchov\u00e9Tlmi\u010de.sk se specializuje na prodej v\u0161ech d\u00edl\u016f pro vzduchov\u00fd podvozek osobn\u00edch automobil\u016f vybaven\u00fdch t\u00edmto syst\u00e9mem pru\u017een\u00ed. V na\u0161\u00ed nab\u00eddce naleznete tak\u00e9 elektronicky \u0159\u00edzen\u00e9 tlumi\u010de, samonivela\u010dn\u00ed (Nivomat) tlumi\u010de p\u00e9rov\u00e1n\u00ed, jako\u017e i elektronick\u00e9 komponenty, nap\u0159\u00edklad senzory mrtv\u00e9ho \u00fahlu, \u0159\u00eddic\u00ed jednotky (SAM moduly) \u010di elektrick\u00e9 mechanismy ru\u010dn\u00ed brzdy (EPB). Z\u00e1rove\u0148 prov\u00e1d\u00edme repas (opravy) vybran\u00fdch typ\u016f kompresor\u016f [&hellip;]<\/p>\n","protected":false},"author":1,"featured_media":0,"parent":0,"menu_order":0,"comment_status":"closed","ping_status":"closed","template":"","meta":{"_et_pb_use_builder":"on","_et_pb_old_content":"","_et_gb_content_width":"","footnotes":""},"class_list":["post-102172","page","type-page","status-publish","hentry"],"yoast_head":"<!-- This site is optimized with the Yoast SEO Premium plugin v24.9 (Yoast SEO v27.1.1) - https:\/\/yoast.com\/product\/yoast-seo-premium-wordpress\/ -->\n<title>O n\u00e1s - VzduchoveTlmice.sk<\/title>\n<meta name=\"robots\" content=\"index, follow, max-snippet:-1, max-image-preview:large, max-video-preview:-1\" \/>\n<link rel=\"canonical\" href=\"https:\/\/vzduchovetlmice.sk\/onas\/\" \/>\n<meta property=\"og:locale\" content=\"cs_CZ\" \/>\n<meta property=\"og:type\" content=\"article\" \/>\n<meta property=\"og:title\" content=\"O n\u00e1s\" \/>\n<meta property=\"og:description\" content=\"Vzduchovetlmice.skO n\u00e1sStr\u00e1nka Vzduchov\u00e9Tlmi\u010de.sk se specializuje na prodej v\u0161ech d\u00edl\u016f pro vzduchov\u00fd podvozek osobn\u00edch automobil\u016f vybaven\u00fdch t\u00edmto syst\u00e9mem pru\u017een\u00ed. V na\u0161\u00ed nab\u00eddce naleznete tak\u00e9 elektronicky \u0159\u00edzen\u00e9 tlumi\u010de, samonivela\u010dn\u00ed (Nivomat) tlumi\u010de p\u00e9rov\u00e1n\u00ed, jako\u017e i elektronick\u00e9 komponenty, nap\u0159\u00edklad senzory mrtv\u00e9ho \u00fahlu, \u0159\u00eddic\u00ed jednotky (SAM moduly) \u010di elektrick\u00e9 mechanismy ru\u010dn\u00ed brzdy (EPB). Z\u00e1rove\u0148 prov\u00e1d\u00edme repas (opravy) vybran\u00fdch typ\u016f kompresor\u016f [&hellip;]\" \/>\n<meta property=\"og:url\" content=\"https:\/\/vzduchovetlmice.sk\/onas\/\" \/>\n<meta property=\"og:site_name\" content=\"VzduchoveTlmice.sk\" \/>\n<meta property=\"article:modified_time\" content=\"2026-04-03T12:47:22+00:00\" \/>\n<meta name=\"twitter:card\" content=\"summary_large_image\" \/>\n<meta name=\"twitter:label1\" content=\"Odhadovan\u00e1 doba \u010dten\u00ed\" \/>\n\t<meta name=\"twitter:data1\" content=\"4 minuty\" \/>\n<script type=\"application\/ld+json\" class=\"yoast-schema-graph\">{\"@context\":\"https:\/\/schema.org\",\"@graph\":[{\"@type\":\"WebPage\",\"@id\":\"https:\/\/vzduchovetlmice.sk\/onas\/\",\"url\":\"https:\/\/vzduchovetlmice.sk\/onas\/\",\"name\":\"O n\u00e1s - VzduchoveTlmice.sk\",\"isPartOf\":{\"@id\":\"https:\/\/vzduchovetlmice.sk\/#website\"},\"datePublished\":\"2025-04-08T08:01:42+00:00\",\"dateModified\":\"2026-04-03T12:47:22+00:00\",\"breadcrumb\":{\"@id\":\"https:\/\/vzduchovetlmice.sk\/onas\/#breadcrumb\"},\"inLanguage\":\"cs\",\"potentialAction\":[{\"@type\":\"ReadAction\",\"target\":[\"https:\/\/vzduchovetlmice.sk\/onas\/\"]}]},{\"@type\":\"BreadcrumbList\",\"@id\":\"https:\/\/vzduchovetlmice.sk\/onas\/#breadcrumb\",\"itemListElement\":[{\"@type\":\"ListItem\",\"position\":1,\"name\":\"Domovsk\u00e1 str\u00e1nka\",\"item\":\"https:\/\/vzduchovetlmice.sk\/\"},{\"@type\":\"ListItem\",\"position\":2,\"name\":\"O n\u00e1s\"}]},{\"@type\":\"WebSite\",\"@id\":\"https:\/\/vzduchovetlmice.sk\/#website\",\"url\":\"https:\/\/vzduchovetlmice.sk\/\",\"name\":\"VzduchoveTlmice.sk\",\"description\":\"predaj dielov pre vzduchov\u00fd podvozok\",\"potentialAction\":[{\"@type\":\"SearchAction\",\"target\":{\"@type\":\"EntryPoint\",\"urlTemplate\":\"https:\/\/vzduchovetlmice.sk\/?s={search_term_string}\"},\"query-input\":{\"@type\":\"PropertyValueSpecification\",\"valueRequired\":true,\"valueName\":\"search_term_string\"}}],\"inLanguage\":\"cs\"}]}<\/script>\n<!-- \/ Yoast SEO Premium plugin. -->","yoast_head_json":{"title":"O n\u00e1s - VzduchoveTlmice.sk","robots":{"index":"index","follow":"follow","max-snippet":"max-snippet:-1","max-image-preview":"max-image-preview:large","max-video-preview":"max-video-preview:-1"},"canonical":"https:\/\/vzduchovetlmice.sk\/onas\/","og_locale":"cs_CZ","og_type":"article","og_title":"O n\u00e1s","og_description":"Vzduchovetlmice.skO n\u00e1sStr\u00e1nka Vzduchov\u00e9Tlmi\u010de.sk se specializuje na prodej v\u0161ech d\u00edl\u016f pro vzduchov\u00fd podvozek osobn\u00edch automobil\u016f vybaven\u00fdch t\u00edmto syst\u00e9mem pru\u017een\u00ed. V na\u0161\u00ed nab\u00eddce naleznete tak\u00e9 elektronicky \u0159\u00edzen\u00e9 tlumi\u010de, samonivela\u010dn\u00ed (Nivomat) tlumi\u010de p\u00e9rov\u00e1n\u00ed, jako\u017e i elektronick\u00e9 komponenty, nap\u0159\u00edklad senzory mrtv\u00e9ho \u00fahlu, \u0159\u00eddic\u00ed jednotky (SAM moduly) \u010di elektrick\u00e9 mechanismy ru\u010dn\u00ed brzdy (EPB). Z\u00e1rove\u0148 prov\u00e1d\u00edme repas (opravy) vybran\u00fdch typ\u016f kompresor\u016f [&hellip;]","og_url":"https:\/\/vzduchovetlmice.sk\/onas\/","og_site_name":"VzduchoveTlmice.sk","article_modified_time":"2026-04-03T12:47:22+00:00","twitter_card":"summary_large_image","twitter_misc":{"Odhadovan\u00e1 doba \u010dten\u00ed":"4 minuty"},"schema":{"@context":"https:\/\/schema.org","@graph":[{"@type":"WebPage","@id":"https:\/\/vzduchovetlmice.sk\/onas\/","url":"https:\/\/vzduchovetlmice.sk\/onas\/","name":"O n\u00e1s - VzduchoveTlmice.sk","isPartOf":{"@id":"https:\/\/vzduchovetlmice.sk\/#website"},"datePublished":"2025-04-08T08:01:42+00:00","dateModified":"2026-04-03T12:47:22+00:00","breadcrumb":{"@id":"https:\/\/vzduchovetlmice.sk\/onas\/#breadcrumb"},"inLanguage":"cs","potentialAction":[{"@type":"ReadAction","target":["https:\/\/vzduchovetlmice.sk\/onas\/"]}]},{"@type":"BreadcrumbList","@id":"https:\/\/vzduchovetlmice.sk\/onas\/#breadcrumb","itemListElement":[{"@type":"ListItem","position":1,"name":"Domovsk\u00e1 str\u00e1nka","item":"https:\/\/vzduchovetlmice.sk\/"},{"@type":"ListItem","position":2,"name":"O n\u00e1s"}]},{"@type":"WebSite","@id":"https:\/\/vzduchovetlmice.sk\/#website","url":"https:\/\/vzduchovetlmice.sk\/","name":"VzduchoveTlmice.sk","description":"predaj dielov pre vzduchov\u00fd podvozok","potentialAction":[{"@type":"SearchAction","target":{"@type":"EntryPoint","urlTemplate":"https:\/\/vzduchovetlmice.sk\/?s={search_term_string}"},"query-input":{"@type":"PropertyValueSpecification","valueRequired":true,"valueName":"search_term_string"}}],"inLanguage":"cs"}]}},"_links":{"self":[{"href":"https:\/\/vzduchovetlmice.sk\/cs\/wp-json\/wp\/v2\/pages\/102172","targetHints":{"allow":["GET"]}}],"collection":[{"href":"https:\/\/vzduchovetlmice.sk\/cs\/wp-json\/wp\/v2\/pages"}],"about":[{"href":"https:\/\/vzduchovetlmice.sk\/cs\/wp-json\/wp\/v2\/types\/page"}],"author":[{"embeddable":true,"href":"https:\/\/vzduchovetlmice.sk\/cs\/wp-json\/wp\/v2\/users\/1"}],"replies":[{"embeddable":true,"href":"https:\/\/vzduchovetlmice.sk\/cs\/wp-json\/wp\/v2\/comments?post=102172"}],"version-history":[{"count":8,"href":"https:\/\/vzduchovetlmice.sk\/cs\/wp-json\/wp\/v2\/pages\/102172\/revisions"}],"predecessor-version":[{"id":104176,"href":"https:\/\/vzduchovetlmice.sk\/cs\/wp-json\/wp\/v2\/pages\/102172\/revisions\/104176"}],"wp:attachment":[{"href":"https:\/\/vzduchovetlmice.sk\/cs\/wp-json\/wp\/v2\/media?parent=102172"}],"curies":[{"name":"wp","href":"https:\/\/api.w.org\/{rel}","templated":true}]}}