{"id":102199,"date":"2025-10-28T20:58:38","date_gmt":"2025-10-28T20:58:38","guid":{"rendered":"https:\/\/vzduchovetlmice.sk\/instalace-noveho-mechu\/"},"modified":"2026-02-19T17:47:49","modified_gmt":"2026-02-19T17:47:49","slug":"instalace-noveho-mechu","status":"publish","type":"page","link":"https:\/\/vzduchovetlmice.sk\/cs\/instalace-noveho-mechu\/","title":{"rendered":"Instalace nov\u00e9ho m\u011bchu"},"content":{"rendered":"<p>[et_pb_section fb_built=&#8220;1&#8243; custom_padding_last_edited=&#8220;on|phone&#8220; _builder_version=&#8220;4.27.4&#8243; _module_preset=&#8220;default&#8220; background_color=&#8220;#4f4f4f&#8220; background_enable_mask_style=&#8220;on&#8220; background_mask_style=&#8220;diagonal-bars&#8220; background_mask_color=&#8220;#494949&#8243; background_mask_transform=&#8220;invert|flip_vertical&#8220; background_mask_size=&#8220;cover&#8220; custom_padding=&#8220;20px||30px||false|false&#8220; custom_padding_tablet=&#8220;&#8220; custom_padding_phone=&#8220;20px||0px||false|false&#8220; custom_css_main_element=&#8220;overflow:hidden;&#8220; locked=&#8220;off&#8220; global_colors_info=&#8220;{}&#8220;][et_pb_row _builder_version=&#8220;4.27.4&#8243; _module_preset=&#8220;default&#8220; width=&#8220;85%&#8220; max_width=&#8220;1300px&#8220; custom_padding=&#8220;||0px|||&#8220; global_colors_info=&#8220;{}&#8220;][et_pb_column type=&#8220;4_4&#8243; _builder_version=&#8220;4.16&#8243; _module_preset=&#8220;default&#8220; global_colors_info=&#8220;{}&#8220;][et_pb_text module_class=&#8220;link-effect-white&#8220; _builder_version=&#8220;4.27.4&#8243; _module_preset=&#8220;default&#8220; text_text_color=&#8220;#FFFFFF&#8220; text_font_size=&#8220;16px&#8220; text_line_height=&#8220;1.6em&#8220; link_font=&#8220;|600|||||||&#8220; link_text_color=&#8220;#FFFFFF&#8220; custom_margin=&#8220;6px||5px||false|false&#8220; custom_margin_tablet=&#8220;&#8220; custom_margin_phone=&#8220;0px||5px||false|false&#8220; custom_margin_last_edited=&#8220;on|phone&#8220; locked=&#8220;off&#8220; global_colors_info=&#8220;{}&#8220;]<\/p>\n<p style=\"text-align: center;\">Vzduchovetlmice.sk<\/p>\n<p>[\/et_pb_text][et_pb_text _builder_version=&#8220;4.27.4&#8243; _module_preset=&#8220;default&#8220; header_3_font=&#8220;|800|||||||&#8220; header_3_text_color=&#8220;#FFFFFF&#8220; header_3_font_size=&#8220;50px&#8220; header_3_line_height=&#8220;1.3em&#8220; custom_margin=&#8220;||5px||false|false&#8220; header_3_font_size_tablet=&#8220;&#8220; header_3_font_size_phone=&#8220;27px&#8220; header_3_font_size_last_edited=&#8220;on|tablet&#8220; global_colors_info=&#8220;{}&#8220;]<\/p>\n<h3 style=\"text-align: center;\">Instalace vzduchov\u00e9ho m\u011bchu<\/h3>\n<p>[\/et_pb_text][\/et_pb_column][\/et_pb_row][\/et_pb_section][et_pb_section fb_built=&#8220;1&#8243; _builder_version=&#8220;4.27.4&#8243; _module_preset=&#8220;default&#8220; min_height=&#8220;378px&#8220; custom_padding=&#8220;14px|||||&#8220; global_colors_info=&#8220;{}&#8220;][et_pb_row _builder_version=&#8220;4.27.4&#8243; _module_preset=&#8220;default&#8220; locked=&#8220;off&#8220; global_colors_info=&#8220;{}&#8220;][et_pb_column type=&#8220;4_4&#8243; _builder_version=&#8220;4.27.4&#8243; _module_preset=&#8220;default&#8220; global_colors_info=&#8220;{}&#8220;][et_pb_text _builder_version=&#8220;4.27.4&#8243; _module_preset=&#8220;default&#8220; text_font_size=&#8220;17px&#8220; global_colors_info=&#8220;{}&#8220;]<\/p>\n<p><span style=\"color: #000000;\"><strong>Nab\u00edz\u00edme profesion\u00e1ln\u00ed instalaci<\/strong> vzduchov\u00e9ho m\u011bchu na V\u00e1\u0161 tlumi\u010d.<\/span><br \/><span style=\"color: #000000;\">Instalace zahrnuje:<\/span><br \/><span style=\"color: #000000;\">\u2013 demont\u00e1\u017e p\u016fvodn\u00edho vzduchov\u00e9ho m\u011bcha,<\/span><br \/><span style=\"color: #000000;\">\u2013 kontrola stavu tlumi\u010de p\u00e9rov\u00e1n\u00ed,<\/span><br \/><span style=\"color: #000000;\">\u2013 odstran\u011bn\u00ed a oprava po\u0161kozen\u00fdch m\u00edst na tlumi\u010di p\u00e9rov\u00e1n\u00ed, kter\u00e9 by mohly zp\u016fsobovat net\u011bsnost a sn\u00ed\u017een\u00ed \u017eivotnosti m\u011bcha,<\/span><br \/><span style=\"color: #000000;\">\u2013 instalace nov\u00e9ho vzduchov\u00e9ho m\u011bcha,<\/span><br \/><span style=\"color: #000000;\">\u2013 zkou\u0161ka net\u011bsnosti a tlakov\u00fd test.<\/span><\/p>\n<p><span style=\"color: #000000;\">Instalaci vzduchov\u00e9ho m\u011bcha je t\u0159eba domluvit <strong>telefonicky nebo emailem.<\/strong><\/span><br \/><span style=\"color: #000000;\">V p\u0159\u00edpad\u011b n\u011bkter\u00fdch model\u016f prov\u00e1d\u00edme instalaci vzduchov\u00e9ho m\u011bcha na po\u010dk\u00e1n\u00ed (zpravidla do 2-3 hodin).<\/span><\/p>\n<p><span style=\"color: #000000;\">Cena: 30\u20ac\/ ks<\/span><\/p>\n<p><span style=\"color: #000000;\">Fotky p\u00e1r p\u0159\u00edklad\u016f z instalace nov\u00e9ho m\u011bcha P\u0158ED v\u00fdm\u011bnou a PO v\u00fdm\u011bn\u011b.<\/span><\/p>\n<p><span style=\"color: #000000;\"><\/span><\/p>\n<p>[\/et_pb_text][\/et_pb_column][\/et_pb_row][et_pb_row _builder_version=&#8220;4.27.4&#8243; _module_preset=&#8220;default&#8220; hover_enabled=&#8220;0&#8243; locked=&#8220;off&#8220; global_colors_info=&#8220;{}&#8220; width=&#8220;95%&#8220; max_width=&#8220;2101px&#8220; sticky_enabled=&#8220;0&#8243;][et_pb_column type=&#8220;4_4&#8243; _builder_version=&#8220;4.27.4&#8243; _module_preset=&#8220;default&#8220; global_colors_info=&#8220;{}&#8220;][et_pb_gallery gallery_ids=&#8220;103250,103252,103254,103256&#8243; orientation=&#8220;portrait&#8220; _builder_version=&#8220;4.27.4&#8243; _module_preset=&#8220;default&#8220; title_text_align=&#8220;center&#8220; text_orientation=&#8220;center&#8220; width=&#8220;100%&#8220; module_alignment=&#8220;center&#8220; min_height=&#8220;469.8px&#8220; custom_margin=&#8220;0px||0px|0px|false|false&#8220; custom_padding=&#8220;0px|0px||0px|false|false&#8220; hover_enabled=&#8220;0&#8243; module_alignment_tablet=&#8220;center&#8220; module_alignment_phone=&#8220;center&#8220; module_alignment_last_edited=&#8220;on|desktop&#8220; border_radii_image=&#8220;on|8px|8px|8px|8px&#8220; border_width_all_image=&#8220;1px&#8220; box_shadow_style_image=&#8220;preset1&#8243; global_colors_info=&#8220;{}&#8220; locked=&#8220;off&#8220; sticky_enabled=&#8220;0&#8243;][\/et_pb_gallery][\/et_pb_column][\/et_pb_row][et_pb_row _builder_version=&#8220;4.27.4&#8243; _module_preset=&#8220;default&#8220; hover_enabled=&#8220;0&#8243; locked=&#8220;off&#8220; global_colors_info=&#8220;{}&#8220; width=&#8220;95%&#8220; max_width=&#8220;2101px&#8220; sticky_enabled=&#8220;0&#8243;][et_pb_column type=&#8220;4_4&#8243; _builder_version=&#8220;4.27.4&#8243; _module_preset=&#8220;default&#8220; global_colors_info=&#8220;{}&#8220;][et_pb_gallery gallery_ids=&#8220;103258,103260,103262,103264&#8243; orientation=&#8220;portrait&#8220; _builder_version=&#8220;4.27.4&#8243; _module_preset=&#8220;default&#8220; title_text_align=&#8220;center&#8220; text_orientation=&#8220;center&#8220; width=&#8220;100%&#8220; module_alignment=&#8220;center&#8220; min_height=&#8220;469.8px&#8220; custom_margin=&#8220;0px||0px|0px|false|false&#8220; custom_padding=&#8220;0px|0px||0px|false|false&#8220; hover_enabled=&#8220;0&#8243; module_alignment_tablet=&#8220;center&#8220; module_alignment_phone=&#8220;center&#8220; module_alignment_last_edited=&#8220;on|desktop&#8220; border_radii_image=&#8220;on|8px|8px|8px|8px&#8220; border_width_all_image=&#8220;1px&#8220; box_shadow_style_image=&#8220;preset1&#8243; global_colors_info=&#8220;{}&#8220; locked=&#8220;off&#8220; sticky_enabled=&#8220;0&#8243;][\/et_pb_gallery][\/et_pb_column][\/et_pb_row][\/et_pb_section]<\/p>\n","protected":false},"excerpt":{"rendered":"<p>Vzduchovetlmice.skInstalace vzduchov\u00e9ho m\u011bchuNab\u00edz\u00edme profesion\u00e1ln\u00ed instalaci vzduchov\u00e9ho m\u011bchu na V\u00e1\u0161 tlumi\u010d.Instalace zahrnuje:\u2013 demont\u00e1\u017e p\u016fvodn\u00edho vzduchov\u00e9ho m\u011bcha,\u2013 kontrola stavu tlumi\u010de p\u00e9rov\u00e1n\u00ed,\u2013 odstran\u011bn\u00ed a oprava po\u0161kozen\u00fdch m\u00edst na tlumi\u010di p\u00e9rov\u00e1n\u00ed, kter\u00e9 by mohly zp\u016fsobovat net\u011bsnost a sn\u00ed\u017een\u00ed \u017eivotnosti m\u011bcha,\u2013 instalace nov\u00e9ho vzduchov\u00e9ho m\u011bcha,\u2013 zkou\u0161ka net\u011bsnosti a tlakov\u00fd test. Instalaci vzduchov\u00e9ho m\u011bcha je t\u0159eba domluvit telefonicky nebo emailem.V p\u0159\u00edpad\u011b [&hellip;]<\/p>\n","protected":false},"author":3,"featured_media":0,"parent":0,"menu_order":0,"comment_status":"closed","ping_status":"closed","template":"","meta":{"_et_pb_use_builder":"on","_et_pb_old_content":"","_et_gb_content_width":"","footnotes":""},"class_list":["post-102199","page","type-page","status-publish","hentry"],"yoast_head":"<!-- This site is optimized with the Yoast SEO Premium plugin v24.9 (Yoast SEO v27.1.1) - https:\/\/yoast.com\/product\/yoast-seo-premium-wordpress\/ -->\n<title>Instalace nov\u00e9ho m\u011bchu - VzduchoveTlmice.sk<\/title>\n<meta name=\"description\" content=\"Instalace pneumatick\u00e9ho m\u011bcha, Instalace pneumatick\u00e9ho tlumi\u010de, Instalace vzduchov\u00e9ho m\u011bcha, Instalace pneumatick\u00e9ho vaku, mont\u00e1\u017e pneumatick\u00e9ho m\u011bcha, v\u00fdm\u011bna pneumatick\u00e9ho m\u011bchu,\" \/>\n<meta name=\"robots\" content=\"index, follow, max-snippet:-1, max-image-preview:large, max-video-preview:-1\" \/>\n<link rel=\"canonical\" href=\"https:\/\/vzduchovetlmice.sk\/instalacia-noveho-vankusa\/\" \/>\n<meta property=\"og:locale\" content=\"cs_CZ\" \/>\n<meta property=\"og:type\" content=\"article\" \/>\n<meta property=\"og:title\" content=\"Instalace nov\u00e9ho m\u011bchu\" \/>\n<meta property=\"og:description\" content=\"Instalace pneumatick\u00e9ho m\u011bcha, Instalace pneumatick\u00e9ho tlumi\u010de, Instalace vzduchov\u00e9ho m\u011bcha, Instalace pneumatick\u00e9ho vaku, mont\u00e1\u017e pneumatick\u00e9ho m\u011bcha, v\u00fdm\u011bna pneumatick\u00e9ho m\u011bchu,\" \/>\n<meta property=\"og:url\" content=\"https:\/\/vzduchovetlmice.sk\/instalacia-noveho-vankusa\/\" \/>\n<meta property=\"og:site_name\" content=\"VzduchoveTlmice.sk\" \/>\n<meta property=\"article:modified_time\" content=\"2026-02-19T17:47:49+00:00\" \/>\n<meta name=\"twitter:card\" content=\"summary_large_image\" \/>\n<meta name=\"twitter:label1\" content=\"Odhadovan\u00e1 doba \u010dten\u00ed\" \/>\n\t<meta name=\"twitter:data1\" content=\"1 minuta\" \/>\n<script type=\"application\/ld+json\" class=\"yoast-schema-graph\">{\"@context\":\"https:\/\/schema.org\",\"@graph\":[{\"@type\":\"WebPage\",\"@id\":\"https:\/\/vzduchovetlmice.sk\/instalacia-noveho-vankusa\/\",\"url\":\"https:\/\/vzduchovetlmice.sk\/instalacia-noveho-vankusa\/\",\"name\":\"Instalace nov\u00e9ho m\u011bchu - VzduchoveTlmice.sk\",\"isPartOf\":{\"@id\":\"https:\/\/vzduchovetlmice.sk\/#website\"},\"datePublished\":\"2025-10-28T20:58:38+00:00\",\"dateModified\":\"2026-02-19T17:47:49+00:00\",\"description\":\"Instalace pneumatick\u00e9ho m\u011bcha, Instalace pneumatick\u00e9ho tlumi\u010de, Instalace vzduchov\u00e9ho m\u011bcha, Instalace pneumatick\u00e9ho vaku, mont\u00e1\u017e pneumatick\u00e9ho m\u011bcha, v\u00fdm\u011bna pneumatick\u00e9ho m\u011bchu,\",\"breadcrumb\":{\"@id\":\"https:\/\/vzduchovetlmice.sk\/instalacia-noveho-vankusa\/#breadcrumb\"},\"inLanguage\":\"cs\",\"potentialAction\":[{\"@type\":\"ReadAction\",\"target\":[\"https:\/\/vzduchovetlmice.sk\/instalacia-noveho-vankusa\/\"]}]},{\"@type\":\"BreadcrumbList\",\"@id\":\"https:\/\/vzduchovetlmice.sk\/instalacia-noveho-vankusa\/#breadcrumb\",\"itemListElement\":[{\"@type\":\"ListItem\",\"position\":1,\"name\":\"Domovsk\u00e1 str\u00e1nka\",\"item\":\"https:\/\/vzduchovetlmice.sk\/\"},{\"@type\":\"ListItem\",\"position\":2,\"name\":\"Instalace nov\u00e9ho m\u011bchu\"}]},{\"@type\":\"WebSite\",\"@id\":\"https:\/\/vzduchovetlmice.sk\/#website\",\"url\":\"https:\/\/vzduchovetlmice.sk\/\",\"name\":\"VzduchoveTlmice.sk\",\"description\":\"predaj dielov pre vzduchov\u00fd podvozok\",\"potentialAction\":[{\"@type\":\"SearchAction\",\"target\":{\"@type\":\"EntryPoint\",\"urlTemplate\":\"https:\/\/vzduchovetlmice.sk\/?s={search_term_string}\"},\"query-input\":{\"@type\":\"PropertyValueSpecification\",\"valueRequired\":true,\"valueName\":\"search_term_string\"}}],\"inLanguage\":\"cs\"}]}<\/script>\n<!-- \/ Yoast SEO Premium plugin. -->","yoast_head_json":{"title":"Instalace nov\u00e9ho m\u011bchu - VzduchoveTlmice.sk","description":"Instalace pneumatick\u00e9ho m\u011bcha, Instalace pneumatick\u00e9ho tlumi\u010de, Instalace vzduchov\u00e9ho m\u011bcha, Instalace pneumatick\u00e9ho vaku, mont\u00e1\u017e pneumatick\u00e9ho m\u011bcha, v\u00fdm\u011bna pneumatick\u00e9ho m\u011bchu,","robots":{"index":"index","follow":"follow","max-snippet":"max-snippet:-1","max-image-preview":"max-image-preview:large","max-video-preview":"max-video-preview:-1"},"canonical":"https:\/\/vzduchovetlmice.sk\/instalacia-noveho-vankusa\/","og_locale":"cs_CZ","og_type":"article","og_title":"Instalace nov\u00e9ho m\u011bchu","og_description":"Instalace pneumatick\u00e9ho m\u011bcha, Instalace pneumatick\u00e9ho tlumi\u010de, Instalace vzduchov\u00e9ho m\u011bcha, Instalace pneumatick\u00e9ho vaku, mont\u00e1\u017e pneumatick\u00e9ho m\u011bcha, v\u00fdm\u011bna pneumatick\u00e9ho m\u011bchu,","og_url":"https:\/\/vzduchovetlmice.sk\/instalacia-noveho-vankusa\/","og_site_name":"VzduchoveTlmice.sk","article_modified_time":"2026-02-19T17:47:49+00:00","twitter_card":"summary_large_image","twitter_misc":{"Odhadovan\u00e1 doba \u010dten\u00ed":"1 minuta"},"schema":{"@context":"https:\/\/schema.org","@graph":[{"@type":"WebPage","@id":"https:\/\/vzduchovetlmice.sk\/instalacia-noveho-vankusa\/","url":"https:\/\/vzduchovetlmice.sk\/instalacia-noveho-vankusa\/","name":"Instalace nov\u00e9ho m\u011bchu - VzduchoveTlmice.sk","isPartOf":{"@id":"https:\/\/vzduchovetlmice.sk\/#website"},"datePublished":"2025-10-28T20:58:38+00:00","dateModified":"2026-02-19T17:47:49+00:00","description":"Instalace pneumatick\u00e9ho m\u011bcha, Instalace pneumatick\u00e9ho tlumi\u010de, Instalace vzduchov\u00e9ho m\u011bcha, Instalace pneumatick\u00e9ho vaku, mont\u00e1\u017e pneumatick\u00e9ho m\u011bcha, v\u00fdm\u011bna pneumatick\u00e9ho m\u011bchu,","breadcrumb":{"@id":"https:\/\/vzduchovetlmice.sk\/instalacia-noveho-vankusa\/#breadcrumb"},"inLanguage":"cs","potentialAction":[{"@type":"ReadAction","target":["https:\/\/vzduchovetlmice.sk\/instalacia-noveho-vankusa\/"]}]},{"@type":"BreadcrumbList","@id":"https:\/\/vzduchovetlmice.sk\/instalacia-noveho-vankusa\/#breadcrumb","itemListElement":[{"@type":"ListItem","position":1,"name":"Domovsk\u00e1 str\u00e1nka","item":"https:\/\/vzduchovetlmice.sk\/"},{"@type":"ListItem","position":2,"name":"Instalace nov\u00e9ho m\u011bchu"}]},{"@type":"WebSite","@id":"https:\/\/vzduchovetlmice.sk\/#website","url":"https:\/\/vzduchovetlmice.sk\/","name":"VzduchoveTlmice.sk","description":"predaj dielov pre vzduchov\u00fd podvozok","potentialAction":[{"@type":"SearchAction","target":{"@type":"EntryPoint","urlTemplate":"https:\/\/vzduchovetlmice.sk\/?s={search_term_string}"},"query-input":{"@type":"PropertyValueSpecification","valueRequired":true,"valueName":"search_term_string"}}],"inLanguage":"cs"}]}},"_links":{"self":[{"href":"https:\/\/vzduchovetlmice.sk\/cs\/wp-json\/wp\/v2\/pages\/102199","targetHints":{"allow":["GET"]}}],"collection":[{"href":"https:\/\/vzduchovetlmice.sk\/cs\/wp-json\/wp\/v2\/pages"}],"about":[{"href":"https:\/\/vzduchovetlmice.sk\/cs\/wp-json\/wp\/v2\/types\/page"}],"author":[{"embeddable":true,"href":"https:\/\/vzduchovetlmice.sk\/cs\/wp-json\/wp\/v2\/users\/3"}],"replies":[{"embeddable":true,"href":"https:\/\/vzduchovetlmice.sk\/cs\/wp-json\/wp\/v2\/comments?post=102199"}],"version-history":[{"count":8,"href":"https:\/\/vzduchovetlmice.sk\/cs\/wp-json\/wp\/v2\/pages\/102199\/revisions"}],"predecessor-version":[{"id":103266,"href":"https:\/\/vzduchovetlmice.sk\/cs\/wp-json\/wp\/v2\/pages\/102199\/revisions\/103266"}],"wp:attachment":[{"href":"https:\/\/vzduchovetlmice.sk\/cs\/wp-json\/wp\/v2\/media?parent=102199"}],"curies":[{"name":"wp","href":"https:\/\/api.w.org\/{rel}","templated":true}]}}