{"id":100902,"date":"2025-04-26T09:18:13","date_gmt":"2025-04-26T09:18:13","guid":{"rendered":"https:\/\/vzduchovetlmice.sk\/?post_type=product&#038;p=100902"},"modified":"2025-10-30T15:36:37","modified_gmt":"2025-10-30T15:36:37","slug":"pravy-zadni-vzduchovy-tlumic-audi-a8-d4-4h-original-audi","status":"publish","type":"product","link":"https:\/\/vzduchovetlmice.sk\/cs\/produkty\/pravy-zadni-vzduchovy-tlumic-audi-a8-d4-4h-original-audi\/","title":{"rendered":"Prav\u00fd zadn\u00ed vzduchov\u00fd tlumi\u010d Audi A8 D4 4H &#8211; Origin\u00e1l Audi"},"content":{"rendered":"<h3><strong>Dal\u0161\u00ed informace:<\/strong><\/h3>\n<p>Nov\u00e1 zadn\u00ed prav\u00fd vzduchov\u00fd tlumi\u010d Audi A8 D4 4H (2010 &#8211; 2018).<\/p>\n<p>Jedn\u00e1 se o origin\u00e1ln\u00ed tlumi\u010d Audi (Vibracoustic &#8211; prvov\u00fdroba).<\/p>\n<h4><strong>Origin\u00e1ln\u00ed v\u00fdrobn\u00ed \u010d\u00edsla (OEM): <\/strong><\/h4>\n<p>4H0616002H, 4H0616002M, 4H0616002C, 4H0616002J, 4H0616002AB, 4H0616002AH, 4H0616002AL, 4H0 616 002 H, 4H0 616 002 M, 4H0 616 002 C, 4H0 616 002 J, 4H0 616 002 AB, 4H0 616 002 AH, 4H0 616 002 AL<\/p>\n","protected":false},"excerpt":{"rendered":"<p><strong>Zna\u010dka: <\/strong>Audi<\/p>\n<p><strong>Model:<\/strong> A8 D4 4H (2010 &#8211; 2018)<\/p>\n<p><strong>Poloha: <\/strong>zadn\u00ed n\u00e1prava vpravo<\/p>\n<p><strong>V\u00fdrobce: <\/strong>Vibracoustic &#8211; Made in Germany<\/p>\n<p><strong>Stav: <\/strong>Nov\u00e9<\/p>\n<p><strong>Z\u00e1ruka: <\/strong>2 roky<\/p>\n<p><strong>Dostupnost:<\/strong> <span style=\"color: #00ff00;\"><strong>Skladem<\/strong><\/span><\/p>\n","protected":false},"featured_media":100904,"template":"","meta":{"_et_pb_use_builder":"","_et_pb_old_content":"","_et_gb_content_width":""},"product_brand":[46],"product_cat":[461,330],"product_tag":[],"class_list":{"0":"post-100902","1":"product","2":"type-product","3":"status-publish","4":"has-post-thumbnail","6":"product_brand-audi","7":"product_cat-a8-d4-4h-2009-2018-cs","8":"product_cat-audi-cs","10":"first","11":"instock","12":"shipping-taxable","13":"purchasable","14":"product-type-simple"},"yoast_head":"<!-- This site is optimized with the Yoast SEO Premium plugin v24.9 (Yoast SEO v27.1.1) - https:\/\/yoast.com\/product\/yoast-seo-premium-wordpress\/ -->\n<title>Prav\u00fd zadn\u00ed vzduchov\u00fd tlumi\u010d Audi A8 D4 4H - Origin\u00e1l Audi<\/title>\n<meta name=\"description\" content=\"Nov\u00fd prav\u00fd zadn\u00ed vzduchov\u00fd tlumi\u010d Audi A8 D4 4H (2010 - 2018). Origin\u00e1ln\u00ed Audi ( Vibracoustic - prvn\u00ed v\u00fdroba).OEM: 4H0616002H, 4H0616002M, 4H06160022C, 4H0616002J, 4H0616002AB, 4H0616002AH, 4H0616002AL, 4H0 616 002 H, 4H0 616 002 M, 4H0 616 002 C, 4H0 616 002 J, 4H0 616 002 AB, 4H0 616 002 AH, 4H0 616 002 AL.\" \/>\n<meta name=\"robots\" content=\"index, follow, max-snippet:-1, max-image-preview:large, max-video-preview:-1\" \/>\n<link rel=\"canonical\" href=\"https:\/\/vzduchovetlmice.sk\/cs\/produkty\/pravy-zadni-vzduchovy-tlumic-audi-a8-d4-4h-original-audi\/\" \/>\n<meta property=\"og:locale\" content=\"cs_CZ\" \/>\n<meta property=\"og:type\" content=\"article\" \/>\n<meta property=\"og:title\" content=\"Prav\u00fd zadn\u00ed vzduchov\u00fd tlumi\u010d Audi A8 D4 4H - Origin\u00e1l Audi\" \/>\n<meta property=\"og:description\" content=\"Nov\u00fd prav\u00fd zadn\u00ed vzduchov\u00fd tlumi\u010d Audi A8 D4 4H (2010 - 2018). Origin\u00e1ln\u00ed Audi ( Vibracoustic - prvn\u00ed v\u00fdroba).OEM: 4H0616002H, 4H0616002M, 4H06160022C, 4H0616002J, 4H0616002AB, 4H0616002AH, 4H0616002AL, 4H0 616 002 H, 4H0 616 002 M, 4H0 616 002 C, 4H0 616 002 J, 4H0 616 002 AB, 4H0 616 002 AH, 4H0 616 002 AL.\" \/>\n<meta property=\"og:url\" content=\"https:\/\/vzduchovetlmice.sk\/cs\/produkty\/pravy-zadni-vzduchovy-tlumic-audi-a8-d4-4h-original-audi\/\" \/>\n<meta property=\"og:site_name\" content=\"VzduchoveTlmice.sk\" \/>\n<meta property=\"article:modified_time\" content=\"2025-10-30T15:36:37+00:00\" \/>\n<meta property=\"og:image\" content=\"https:\/\/vzduchovetlmice.sk\/wp-content\/uploads\/2025\/04\/Zadny-pravy-vzduchovy-tlmic-Audi-A8-D4-4H-4H0616002H-4H0616002M-4H0616002C-4H0616002J-4H0616002AB-4H0616002AH-4H0616002AL-4H0-616-002-H-4H0-616-002-M-4H0-616-002-C-4H0-616-002-J-4H0-61.jpg\" \/>\n\t<meta property=\"og:image:width\" content=\"1000\" \/>\n\t<meta property=\"og:image:height\" content=\"1000\" \/>\n\t<meta property=\"og:image:type\" content=\"image\/jpeg\" \/>\n<meta name=\"twitter:card\" content=\"summary_large_image\" \/>\n<meta name=\"twitter:label1\" content=\"Odhadovan\u00e1 doba \u010dten\u00ed\" \/>\n\t<meta name=\"twitter:data1\" content=\"1 minuta\" \/>\n<script type=\"application\/ld+json\" class=\"yoast-schema-graph\">{\"@context\":\"https:\/\/schema.org\",\"@graph\":[{\"@type\":\"WebPage\",\"@id\":\"https:\/\/vzduchovetlmice.sk\/cs\/produkty\/pravy-zadni-vzduchovy-tlumic-audi-a8-d4-4h-original-audi\/\",\"url\":\"https:\/\/vzduchovetlmice.sk\/cs\/produkty\/pravy-zadni-vzduchovy-tlumic-audi-a8-d4-4h-original-audi\/\",\"name\":\"Prav\u00fd zadn\u00ed vzduchov\u00fd tlumi\u010d Audi A8 D4 4H - Origin\u00e1l Audi\",\"isPartOf\":{\"@id\":\"https:\/\/vzduchovetlmice.sk\/#website\"},\"primaryImageOfPage\":{\"@id\":\"https:\/\/vzduchovetlmice.sk\/cs\/produkty\/pravy-zadni-vzduchovy-tlumic-audi-a8-d4-4h-original-audi\/#primaryimage\"},\"image\":{\"@id\":\"https:\/\/vzduchovetlmice.sk\/cs\/produkty\/pravy-zadni-vzduchovy-tlumic-audi-a8-d4-4h-original-audi\/#primaryimage\"},\"thumbnailUrl\":\"https:\/\/vzduchovetlmice.sk\/wp-content\/uploads\/2025\/04\/Zadny-pravy-vzduchovy-tlmic-Audi-A8-D4-4H-4H0616002H-4H0616002M-4H0616002C-4H0616002J-4H0616002AB-4H0616002AH-4H0616002AL-4H0-616-002-H-4H0-616-002-M-4H0-616-002-C-4H0-616-002-J-4H0-61.jpg\",\"datePublished\":\"2025-04-26T09:18:13+00:00\",\"dateModified\":\"2025-10-30T15:36:37+00:00\",\"description\":\"Nov\u00fd prav\u00fd zadn\u00ed vzduchov\u00fd tlumi\u010d Audi A8 D4 4H (2010 - 2018). Origin\u00e1ln\u00ed Audi ( Vibracoustic - prvn\u00ed v\u00fdroba).OEM: 4H0616002H, 4H0616002M, 4H06160022C, 4H0616002J, 4H0616002AB, 4H0616002AH, 4H0616002AL, 4H0 616 002 H, 4H0 616 002 M, 4H0 616 002 C, 4H0 616 002 J, 4H0 616 002 AB, 4H0 616 002 AH, 4H0 616 002 AL.\",\"breadcrumb\":{\"@id\":\"https:\/\/vzduchovetlmice.sk\/cs\/produkty\/pravy-zadni-vzduchovy-tlumic-audi-a8-d4-4h-original-audi\/#breadcrumb\"},\"inLanguage\":\"cs\",\"potentialAction\":[{\"@type\":\"ReadAction\",\"target\":[\"https:\/\/vzduchovetlmice.sk\/cs\/produkty\/pravy-zadni-vzduchovy-tlumic-audi-a8-d4-4h-original-audi\/\"]}]},{\"@type\":\"ImageObject\",\"inLanguage\":\"cs\",\"@id\":\"https:\/\/vzduchovetlmice.sk\/cs\/produkty\/pravy-zadni-vzduchovy-tlumic-audi-a8-d4-4h-original-audi\/#primaryimage\",\"url\":\"https:\/\/vzduchovetlmice.sk\/wp-content\/uploads\/2025\/04\/Zadny-pravy-vzduchovy-tlmic-Audi-A8-D4-4H-4H0616002H-4H0616002M-4H0616002C-4H0616002J-4H0616002AB-4H0616002AH-4H0616002AL-4H0-616-002-H-4H0-616-002-M-4H0-616-002-C-4H0-616-002-J-4H0-61.jpg\",\"contentUrl\":\"https:\/\/vzduchovetlmice.sk\/wp-content\/uploads\/2025\/04\/Zadny-pravy-vzduchovy-tlmic-Audi-A8-D4-4H-4H0616002H-4H0616002M-4H0616002C-4H0616002J-4H0616002AB-4H0616002AH-4H0616002AL-4H0-616-002-H-4H0-616-002-M-4H0-616-002-C-4H0-616-002-J-4H0-61.jpg\",\"width\":1000,\"height\":1000,\"caption\":\"Prav\u00fd zadn\u00ed vzduchov\u00fd tlumi\u010d Audi A8 D4 4H, 4H0616002H, 4H0616002M, 4H06160022C, 4H0616002J, 4H0616002AB, 4H0616002AH, 4H0616002AL, 4H0 616 002 H, 4H0 616 002 M, 4H0 616 002 C, 4H0 616 002 J, 4H0 61\"},{\"@type\":\"BreadcrumbList\",\"@id\":\"https:\/\/vzduchovetlmice.sk\/cs\/produkty\/pravy-zadni-vzduchovy-tlumic-audi-a8-d4-4h-original-audi\/#breadcrumb\",\"itemListElement\":[{\"@type\":\"ListItem\",\"position\":1,\"name\":\"Domovsk\u00e1 str\u00e1nka\",\"item\":\"https:\/\/vzduchovetlmice.sk\/\"},{\"@type\":\"ListItem\",\"position\":2,\"name\":\"Obchod\",\"item\":\"https:\/\/vzduchovetlmice.sk\/obchod\/\"},{\"@type\":\"ListItem\",\"position\":3,\"name\":\"Prav\u00fd zadn\u00ed vzduchov\u00fd tlumi\u010d Audi A8 D4 4H &#8211; Origin\u00e1l Audi\"}]},{\"@type\":\"WebSite\",\"@id\":\"https:\/\/vzduchovetlmice.sk\/#website\",\"url\":\"https:\/\/vzduchovetlmice.sk\/\",\"name\":\"VzduchoveTlmice.sk\",\"description\":\"predaj dielov pre vzduchov\u00fd podvozok\",\"potentialAction\":[{\"@type\":\"SearchAction\",\"target\":{\"@type\":\"EntryPoint\",\"urlTemplate\":\"https:\/\/vzduchovetlmice.sk\/?s={search_term_string}\"},\"query-input\":{\"@type\":\"PropertyValueSpecification\",\"valueRequired\":true,\"valueName\":\"search_term_string\"}}],\"inLanguage\":\"cs\"}]}<\/script>\n<!-- \/ Yoast SEO Premium plugin. -->","yoast_head_json":{"title":"Prav\u00fd zadn\u00ed vzduchov\u00fd tlumi\u010d Audi A8 D4 4H - Origin\u00e1l Audi","description":"Nov\u00fd prav\u00fd zadn\u00ed vzduchov\u00fd tlumi\u010d Audi A8 D4 4H (2010 - 2018). Origin\u00e1ln\u00ed Audi ( Vibracoustic - prvn\u00ed v\u00fdroba).OEM: 4H0616002H, 4H0616002M, 4H06160022C, 4H0616002J, 4H0616002AB, 4H0616002AH, 4H0616002AL, 4H0 616 002 H, 4H0 616 002 M, 4H0 616 002 C, 4H0 616 002 J, 4H0 616 002 AB, 4H0 616 002 AH, 4H0 616 002 AL.","robots":{"index":"index","follow":"follow","max-snippet":"max-snippet:-1","max-image-preview":"max-image-preview:large","max-video-preview":"max-video-preview:-1"},"canonical":"https:\/\/vzduchovetlmice.sk\/cs\/produkty\/pravy-zadni-vzduchovy-tlumic-audi-a8-d4-4h-original-audi\/","og_locale":"cs_CZ","og_type":"article","og_title":"Prav\u00fd zadn\u00ed vzduchov\u00fd tlumi\u010d Audi A8 D4 4H - Origin\u00e1l Audi","og_description":"Nov\u00fd prav\u00fd zadn\u00ed vzduchov\u00fd tlumi\u010d Audi A8 D4 4H (2010 - 2018). Origin\u00e1ln\u00ed Audi ( Vibracoustic - prvn\u00ed v\u00fdroba).OEM: 4H0616002H, 4H0616002M, 4H06160022C, 4H0616002J, 4H0616002AB, 4H0616002AH, 4H0616002AL, 4H0 616 002 H, 4H0 616 002 M, 4H0 616 002 C, 4H0 616 002 J, 4H0 616 002 AB, 4H0 616 002 AH, 4H0 616 002 AL.","og_url":"https:\/\/vzduchovetlmice.sk\/cs\/produkty\/pravy-zadni-vzduchovy-tlumic-audi-a8-d4-4h-original-audi\/","og_site_name":"VzduchoveTlmice.sk","article_modified_time":"2025-10-30T15:36:37+00:00","og_image":[{"width":1000,"height":1000,"url":"https:\/\/vzduchovetlmice.sk\/wp-content\/uploads\/2025\/04\/Zadny-pravy-vzduchovy-tlmic-Audi-A8-D4-4H-4H0616002H-4H0616002M-4H0616002C-4H0616002J-4H0616002AB-4H0616002AH-4H0616002AL-4H0-616-002-H-4H0-616-002-M-4H0-616-002-C-4H0-616-002-J-4H0-61.jpg","type":"image\/jpeg"}],"twitter_card":"summary_large_image","twitter_misc":{"Odhadovan\u00e1 doba \u010dten\u00ed":"1 minuta"},"schema":{"@context":"https:\/\/schema.org","@graph":[{"@type":"WebPage","@id":"https:\/\/vzduchovetlmice.sk\/cs\/produkty\/pravy-zadni-vzduchovy-tlumic-audi-a8-d4-4h-original-audi\/","url":"https:\/\/vzduchovetlmice.sk\/cs\/produkty\/pravy-zadni-vzduchovy-tlumic-audi-a8-d4-4h-original-audi\/","name":"Prav\u00fd zadn\u00ed vzduchov\u00fd tlumi\u010d Audi A8 D4 4H - Origin\u00e1l Audi","isPartOf":{"@id":"https:\/\/vzduchovetlmice.sk\/#website"},"primaryImageOfPage":{"@id":"https:\/\/vzduchovetlmice.sk\/cs\/produkty\/pravy-zadni-vzduchovy-tlumic-audi-a8-d4-4h-original-audi\/#primaryimage"},"image":{"@id":"https:\/\/vzduchovetlmice.sk\/cs\/produkty\/pravy-zadni-vzduchovy-tlumic-audi-a8-d4-4h-original-audi\/#primaryimage"},"thumbnailUrl":"https:\/\/vzduchovetlmice.sk\/wp-content\/uploads\/2025\/04\/Zadny-pravy-vzduchovy-tlmic-Audi-A8-D4-4H-4H0616002H-4H0616002M-4H0616002C-4H0616002J-4H0616002AB-4H0616002AH-4H0616002AL-4H0-616-002-H-4H0-616-002-M-4H0-616-002-C-4H0-616-002-J-4H0-61.jpg","datePublished":"2025-04-26T09:18:13+00:00","dateModified":"2025-10-30T15:36:37+00:00","description":"Nov\u00fd prav\u00fd zadn\u00ed vzduchov\u00fd tlumi\u010d Audi A8 D4 4H (2010 - 2018). Origin\u00e1ln\u00ed Audi ( Vibracoustic - prvn\u00ed v\u00fdroba).OEM: 4H0616002H, 4H0616002M, 4H06160022C, 4H0616002J, 4H0616002AB, 4H0616002AH, 4H0616002AL, 4H0 616 002 H, 4H0 616 002 M, 4H0 616 002 C, 4H0 616 002 J, 4H0 616 002 AB, 4H0 616 002 AH, 4H0 616 002 AL.","breadcrumb":{"@id":"https:\/\/vzduchovetlmice.sk\/cs\/produkty\/pravy-zadni-vzduchovy-tlumic-audi-a8-d4-4h-original-audi\/#breadcrumb"},"inLanguage":"cs","potentialAction":[{"@type":"ReadAction","target":["https:\/\/vzduchovetlmice.sk\/cs\/produkty\/pravy-zadni-vzduchovy-tlumic-audi-a8-d4-4h-original-audi\/"]}]},{"@type":"ImageObject","inLanguage":"cs","@id":"https:\/\/vzduchovetlmice.sk\/cs\/produkty\/pravy-zadni-vzduchovy-tlumic-audi-a8-d4-4h-original-audi\/#primaryimage","url":"https:\/\/vzduchovetlmice.sk\/wp-content\/uploads\/2025\/04\/Zadny-pravy-vzduchovy-tlmic-Audi-A8-D4-4H-4H0616002H-4H0616002M-4H0616002C-4H0616002J-4H0616002AB-4H0616002AH-4H0616002AL-4H0-616-002-H-4H0-616-002-M-4H0-616-002-C-4H0-616-002-J-4H0-61.jpg","contentUrl":"https:\/\/vzduchovetlmice.sk\/wp-content\/uploads\/2025\/04\/Zadny-pravy-vzduchovy-tlmic-Audi-A8-D4-4H-4H0616002H-4H0616002M-4H0616002C-4H0616002J-4H0616002AB-4H0616002AH-4H0616002AL-4H0-616-002-H-4H0-616-002-M-4H0-616-002-C-4H0-616-002-J-4H0-61.jpg","width":1000,"height":1000,"caption":"Prav\u00fd zadn\u00ed vzduchov\u00fd tlumi\u010d Audi A8 D4 4H, 4H0616002H, 4H0616002M, 4H06160022C, 4H0616002J, 4H0616002AB, 4H0616002AH, 4H0616002AL, 4H0 616 002 H, 4H0 616 002 M, 4H0 616 002 C, 4H0 616 002 J, 4H0 61"},{"@type":"BreadcrumbList","@id":"https:\/\/vzduchovetlmice.sk\/cs\/produkty\/pravy-zadni-vzduchovy-tlumic-audi-a8-d4-4h-original-audi\/#breadcrumb","itemListElement":[{"@type":"ListItem","position":1,"name":"Domovsk\u00e1 str\u00e1nka","item":"https:\/\/vzduchovetlmice.sk\/"},{"@type":"ListItem","position":2,"name":"Obchod","item":"https:\/\/vzduchovetlmice.sk\/obchod\/"},{"@type":"ListItem","position":3,"name":"Prav\u00fd zadn\u00ed vzduchov\u00fd tlumi\u010d Audi A8 D4 4H &#8211; Origin\u00e1l Audi"}]},{"@type":"WebSite","@id":"https:\/\/vzduchovetlmice.sk\/#website","url":"https:\/\/vzduchovetlmice.sk\/","name":"VzduchoveTlmice.sk","description":"predaj dielov pre vzduchov\u00fd podvozok","potentialAction":[{"@type":"SearchAction","target":{"@type":"EntryPoint","urlTemplate":"https:\/\/vzduchovetlmice.sk\/?s={search_term_string}"},"query-input":{"@type":"PropertyValueSpecification","valueRequired":true,"valueName":"search_term_string"}}],"inLanguage":"cs"}]}},"_links":{"self":[{"href":"https:\/\/vzduchovetlmice.sk\/cs\/wp-json\/wp\/v2\/product\/100902","targetHints":{"allow":["GET"]}}],"collection":[{"href":"https:\/\/vzduchovetlmice.sk\/cs\/wp-json\/wp\/v2\/product"}],"about":[{"href":"https:\/\/vzduchovetlmice.sk\/cs\/wp-json\/wp\/v2\/types\/product"}],"wp:featuredmedia":[{"embeddable":true,"href":"https:\/\/vzduchovetlmice.sk\/cs\/wp-json\/wp\/v2\/media\/100904"}],"wp:attachment":[{"href":"https:\/\/vzduchovetlmice.sk\/cs\/wp-json\/wp\/v2\/media?parent=100902"}],"wp:term":[{"taxonomy":"product_brand","embeddable":true,"href":"https:\/\/vzduchovetlmice.sk\/cs\/wp-json\/wp\/v2\/product_brand?post=100902"},{"taxonomy":"product_cat","embeddable":true,"href":"https:\/\/vzduchovetlmice.sk\/cs\/wp-json\/wp\/v2\/product_cat?post=100902"},{"taxonomy":"product_tag","embeddable":true,"href":"https:\/\/vzduchovetlmice.sk\/cs\/wp-json\/wp\/v2\/product_tag?post=100902"}],"curies":[{"name":"wp","href":"https:\/\/api.w.org\/{rel}","templated":true}]}}