{"id":100906,"date":"2025-04-26T09:51:28","date_gmt":"2025-04-26T09:51:28","guid":{"rendered":"https:\/\/vzduchovetlmice.sk\/?post_type=product&#038;p=100906"},"modified":"2025-04-26T12:58:28","modified_gmt":"2025-04-26T12:58:28","slug":"predni-vzduchovy-tlumic-audi-a6-c7-4g-a7-sportback-a8-d4-4h-original-audi-kopia-4","status":"publish","type":"product","link":"https:\/\/vzduchovetlmice.sk\/cs\/produkty\/predni-vzduchovy-tlumic-audi-a6-c7-4g-a7-sportback-a8-d4-4h-original-audi-kopia-4\/","title":{"rendered":"Ventilov\u00e1 jednotka Audi A6 C7 4G, A7 sportback, A8 D4 4H &#8211; Origin\u00e1l Audi"},"content":{"rendered":"<h3><strong>Dal\u0161\u00ed informace:<\/strong><\/h3>\n<p>Nov\u00e1 ventilov\u00e1 jednotka kompresoru podvozku pro Audi A6 C7 4G (2010 &#8211; 2018), Audi A7 Sportback &#8211; C7 4G (2010 &#8211; 2018) a Audi A8 D4 4H (2010 &#8211; 2018).<\/p>\n<p>Jedn\u00e1 se o origin\u00e1ln\u00ed d\u00edl dod\u00e1van\u00fd do prvov\u00fdroby ( RAPA &#8211; prvov\u00fdroba).<\/p>\n<p>Sn\u00edma\u010d tlaku G291 je sou\u010d\u00e1st\u00ed ventilov\u00e9 jednotky a nelze jej vym\u011bnit samostatn\u011b.<\/p>\n<p>V p\u0159\u00edpad\u011b poruchy ventilov\u00e9 jednotky se mohou zobrazit n\u00e1sleduj\u00edc\u00ed chybov\u00e9 k\u00f3dy:P01772, P02250.<\/p>\n<h4><strong>Origin\u00e1ln\u00ed v\u00fdrobn\u00ed \u010d\u00edsla (OEM): <\/strong><\/h4>\n<p>4H0616013, 4H0616013A, 4H0616013B, 4H0616013C, 4H0616013D, 4H0 616 013, 4H0 616 013 A, 4H0 616 013 B, 4H0 616 013 C, 4H0 616 013 D, 4H0 616 013 D, 4H0 616 013 LF26, LF26S<\/p>\n","protected":false},"excerpt":{"rendered":"<p><strong>Zna\u010dka: <\/strong>Audi<\/p>\n<p><strong>Model:<\/strong> (2010 &#8211; 2018), A7 Sportback &#8211; C7 4G (2010 &#8211; 2018), A8 D4 4H (2010 &#8211; 2018)<\/p>\n<p><strong>V\u00fdrobce: <\/strong>RAPA &#8211; Made in Germany<\/p>\n<p><strong>Stav: Nov\u00e9<\/strong><\/p>\n<p><strong>Z\u00e1ruka: <\/strong>2 roky<\/p>\n<p><strong>Dostupnost:<\/strong> <span style=\"color: #00ff00;\"><strong>Skladem<\/strong><\/span><\/p>\n","protected":false},"featured_media":100908,"template":"","meta":{"_et_pb_use_builder":"","_et_pb_old_content":"","_et_gb_content_width":""},"product_brand":[46],"product_cat":[459,461,329,330],"product_tag":[],"class_list":{"0":"post-100906","1":"product","2":"type-product","3":"status-publish","4":"has-post-thumbnail","6":"product_brand-audi","7":"product_cat-a7-sportback-c7-4g-2010-2018-cs","8":"product_cat-a8-d4-4h-2009-2018-cs","9":"product_cat-a6-c7-4g-2010-2018","10":"product_cat-audi-cs","12":"first","13":"instock","14":"shipping-taxable","15":"purchasable","16":"product-type-simple"},"yoast_head":"<!-- This site is optimized with the Yoast SEO Premium plugin v24.9 (Yoast SEO v27.1.1) - https:\/\/yoast.com\/product\/yoast-seo-premium-wordpress\/ -->\n<title>Ventilov\u00e1 jednotka Audi A6 C7 4G, A7 sportback, A8 D4 4H - Origin\u00e1ln\u00ed Audi<\/title>\n<meta name=\"description\" content=\"Nov\u00e1 ventilov\u00e1 jednotka kompresoru podvozku pro Audi A6 C7 4G (2010 - 2018), Audi A7 Sportback - C7 4G (2010 - 2018) a Audi A8 D4 4H (2010 - 2018). Origin\u00e1ln\u00ed d\u00edl dod\u00e1van\u00fd do prvov\u00fdroby ( RAPA - prvov\u00fdroba). OEM: 4H0616013, 4H0616013A, 4H0616013B, 4H0616013C, 4H0616013D, 4H0 616 013, 4H0 616 013 A, 4H0 616 013 B, 4H0 616 013 C, 4H0 616 013 D, LF26, LF26S\" \/>\n<meta name=\"robots\" content=\"index, follow, max-snippet:-1, max-image-preview:large, max-video-preview:-1\" \/>\n<link rel=\"canonical\" href=\"https:\/\/vzduchovetlmice.sk\/cs\/produkty\/predni-vzduchovy-tlumic-audi-a6-c7-4g-a7-sportback-a8-d4-4h-original-audi-kopia-4\/\" \/>\n<meta property=\"og:locale\" content=\"cs_CZ\" \/>\n<meta property=\"og:type\" content=\"article\" \/>\n<meta property=\"og:title\" content=\"Ventilov\u00e1 jednotka Audi A6 C7 4G, A7 sportback, A8 D4 4H - Origin\u00e1l Audi\" \/>\n<meta property=\"og:description\" content=\"Nov\u00e1 ventilov\u00e1 jednotka kompresoru podvozku pro Audi A6 C7 4G (2010 - 2018), Audi A7 Sportback - C7 4G (2010 - 2018) a Audi A8 D4 4H (2010 - 2018). Origin\u00e1ln\u00ed d\u00edl dod\u00e1van\u00fd do prvov\u00fdroby ( RAPA - prvov\u00fdroba). OEM: 4H0616013, 4H0616013A, 4H0616013B, 4H0616013C, 4H0616013D, 4H0 616 013, 4H0 616 013 A, 4H0 616 013 B, 4H0 616 013 C, 4H0 616 013 D, LF26, LF26S\" \/>\n<meta property=\"og:url\" content=\"https:\/\/vzduchovetlmice.sk\/cs\/produkty\/predni-vzduchovy-tlumic-audi-a6-c7-4g-a7-sportback-a8-d4-4h-original-audi-kopia-4\/\" \/>\n<meta property=\"og:site_name\" content=\"VzduchoveTlmice.sk\" \/>\n<meta property=\"article:modified_time\" content=\"2025-04-26T12:58:28+00:00\" \/>\n<meta property=\"og:image\" content=\"https:\/\/vzduchovetlmice.sk\/wp-content\/uploads\/2025\/04\/Ventilova-jednotka-Audi-A6-C7-4G-A7-sportback-A8-D4-4H4H0616013-4H0616013A-4H0616013B-4H0616013C-4H0616013D-4H0-616-013-4H0-616-013-A-4H0-616-013-B-4H0-616-013-C-4H0-616-013-D-LF26-S.jpg\" \/>\n\t<meta property=\"og:image:width\" content=\"1000\" \/>\n\t<meta property=\"og:image:height\" content=\"1000\" \/>\n\t<meta property=\"og:image:type\" content=\"image\/jpeg\" \/>\n<meta name=\"twitter:card\" content=\"summary_large_image\" \/>\n<meta name=\"twitter:label1\" content=\"Odhadovan\u00e1 doba \u010dten\u00ed\" \/>\n\t<meta name=\"twitter:data1\" content=\"1 minuta\" \/>\n<script type=\"application\/ld+json\" class=\"yoast-schema-graph\">{\"@context\":\"https:\/\/schema.org\",\"@graph\":[{\"@type\":\"WebPage\",\"@id\":\"https:\/\/vzduchovetlmice.sk\/cs\/produkty\/predni-vzduchovy-tlumic-audi-a6-c7-4g-a7-sportback-a8-d4-4h-original-audi-kopia-4\/\",\"url\":\"https:\/\/vzduchovetlmice.sk\/cs\/produkty\/predni-vzduchovy-tlumic-audi-a6-c7-4g-a7-sportback-a8-d4-4h-original-audi-kopia-4\/\",\"name\":\"Ventilov\u00e1 jednotka Audi A6 C7 4G, A7 sportback, A8 D4 4H - Origin\u00e1ln\u00ed Audi\",\"isPartOf\":{\"@id\":\"https:\/\/vzduchovetlmice.sk\/#website\"},\"primaryImageOfPage\":{\"@id\":\"https:\/\/vzduchovetlmice.sk\/cs\/produkty\/predni-vzduchovy-tlumic-audi-a6-c7-4g-a7-sportback-a8-d4-4h-original-audi-kopia-4\/#primaryimage\"},\"image\":{\"@id\":\"https:\/\/vzduchovetlmice.sk\/cs\/produkty\/predni-vzduchovy-tlumic-audi-a6-c7-4g-a7-sportback-a8-d4-4h-original-audi-kopia-4\/#primaryimage\"},\"thumbnailUrl\":\"https:\/\/vzduchovetlmice.sk\/wp-content\/uploads\/2025\/04\/Ventilova-jednotka-Audi-A6-C7-4G-A7-sportback-A8-D4-4H4H0616013-4H0616013A-4H0616013B-4H0616013C-4H0616013D-4H0-616-013-4H0-616-013-A-4H0-616-013-B-4H0-616-013-C-4H0-616-013-D-LF26-S.jpg\",\"datePublished\":\"2025-04-26T09:51:28+00:00\",\"dateModified\":\"2025-04-26T12:58:28+00:00\",\"description\":\"Nov\u00e1 ventilov\u00e1 jednotka kompresoru podvozku pro Audi A6 C7 4G (2010 - 2018), Audi A7 Sportback - C7 4G (2010 - 2018) a Audi A8 D4 4H (2010 - 2018). Origin\u00e1ln\u00ed d\u00edl dod\u00e1van\u00fd do prvov\u00fdroby ( RAPA - prvov\u00fdroba). OEM: 4H0616013, 4H0616013A, 4H0616013B, 4H0616013C, 4H0616013D, 4H0 616 013, 4H0 616 013 A, 4H0 616 013 B, 4H0 616 013 C, 4H0 616 013 D, LF26, LF26S\",\"breadcrumb\":{\"@id\":\"https:\/\/vzduchovetlmice.sk\/cs\/produkty\/predni-vzduchovy-tlumic-audi-a6-c7-4g-a7-sportback-a8-d4-4h-original-audi-kopia-4\/#breadcrumb\"},\"inLanguage\":\"cs\",\"potentialAction\":[{\"@type\":\"ReadAction\",\"target\":[\"https:\/\/vzduchovetlmice.sk\/cs\/produkty\/predni-vzduchovy-tlumic-audi-a6-c7-4g-a7-sportback-a8-d4-4h-original-audi-kopia-4\/\"]}]},{\"@type\":\"ImageObject\",\"inLanguage\":\"cs\",\"@id\":\"https:\/\/vzduchovetlmice.sk\/cs\/produkty\/predni-vzduchovy-tlumic-audi-a6-c7-4g-a7-sportback-a8-d4-4h-original-audi-kopia-4\/#primaryimage\",\"url\":\"https:\/\/vzduchovetlmice.sk\/wp-content\/uploads\/2025\/04\/Ventilova-jednotka-Audi-A6-C7-4G-A7-sportback-A8-D4-4H4H0616013-4H0616013A-4H0616013B-4H0616013C-4H0616013D-4H0-616-013-4H0-616-013-A-4H0-616-013-B-4H0-616-013-C-4H0-616-013-D-LF26-S.jpg\",\"contentUrl\":\"https:\/\/vzduchovetlmice.sk\/wp-content\/uploads\/2025\/04\/Ventilova-jednotka-Audi-A6-C7-4G-A7-sportback-A8-D4-4H4H0616013-4H0616013A-4H0616013B-4H0616013C-4H0616013D-4H0-616-013-4H0-616-013-A-4H0-616-013-B-4H0-616-013-C-4H0-616-013-D-LF26-S.jpg\",\"width\":1000,\"height\":1000,\"caption\":\"Ventilov\u00e1 jednotka Audi A6 C7 4G, A7 sportback, A8 D4 4H,4H0616013, 4H0616013A, 4H0616013B, 4H0616013C, 4H0616013D, 4H0 616 013, 4H0 616 013 A, 4H0 616 013 B, 4H0 616 013 C, 4H0 616 013 D, LF26 S\"},{\"@type\":\"BreadcrumbList\",\"@id\":\"https:\/\/vzduchovetlmice.sk\/cs\/produkty\/predni-vzduchovy-tlumic-audi-a6-c7-4g-a7-sportback-a8-d4-4h-original-audi-kopia-4\/#breadcrumb\",\"itemListElement\":[{\"@type\":\"ListItem\",\"position\":1,\"name\":\"Domovsk\u00e1 str\u00e1nka\",\"item\":\"https:\/\/vzduchovetlmice.sk\/\"},{\"@type\":\"ListItem\",\"position\":2,\"name\":\"Obchod\",\"item\":\"https:\/\/vzduchovetlmice.sk\/obchod\/\"},{\"@type\":\"ListItem\",\"position\":3,\"name\":\"Ventilov\u00e1 jednotka Audi A6 C7 4G, A7 sportback, A8 D4 4H &#8211; Origin\u00e1l Audi\"}]},{\"@type\":\"WebSite\",\"@id\":\"https:\/\/vzduchovetlmice.sk\/#website\",\"url\":\"https:\/\/vzduchovetlmice.sk\/\",\"name\":\"VzduchoveTlmice.sk\",\"description\":\"predaj dielov pre vzduchov\u00fd podvozok\",\"potentialAction\":[{\"@type\":\"SearchAction\",\"target\":{\"@type\":\"EntryPoint\",\"urlTemplate\":\"https:\/\/vzduchovetlmice.sk\/?s={search_term_string}\"},\"query-input\":{\"@type\":\"PropertyValueSpecification\",\"valueRequired\":true,\"valueName\":\"search_term_string\"}}],\"inLanguage\":\"cs\"}]}<\/script>\n<!-- \/ Yoast SEO Premium plugin. -->","yoast_head_json":{"title":"Ventilov\u00e1 jednotka Audi A6 C7 4G, A7 sportback, A8 D4 4H - Origin\u00e1ln\u00ed Audi","description":"Nov\u00e1 ventilov\u00e1 jednotka kompresoru podvozku pro Audi A6 C7 4G (2010 - 2018), Audi A7 Sportback - C7 4G (2010 - 2018) a Audi A8 D4 4H (2010 - 2018). Origin\u00e1ln\u00ed d\u00edl dod\u00e1van\u00fd do prvov\u00fdroby ( RAPA - prvov\u00fdroba). OEM: 4H0616013, 4H0616013A, 4H0616013B, 4H0616013C, 4H0616013D, 4H0 616 013, 4H0 616 013 A, 4H0 616 013 B, 4H0 616 013 C, 4H0 616 013 D, LF26, LF26S","robots":{"index":"index","follow":"follow","max-snippet":"max-snippet:-1","max-image-preview":"max-image-preview:large","max-video-preview":"max-video-preview:-1"},"canonical":"https:\/\/vzduchovetlmice.sk\/cs\/produkty\/predni-vzduchovy-tlumic-audi-a6-c7-4g-a7-sportback-a8-d4-4h-original-audi-kopia-4\/","og_locale":"cs_CZ","og_type":"article","og_title":"Ventilov\u00e1 jednotka Audi A6 C7 4G, A7 sportback, A8 D4 4H - Origin\u00e1l Audi","og_description":"Nov\u00e1 ventilov\u00e1 jednotka kompresoru podvozku pro Audi A6 C7 4G (2010 - 2018), Audi A7 Sportback - C7 4G (2010 - 2018) a Audi A8 D4 4H (2010 - 2018). Origin\u00e1ln\u00ed d\u00edl dod\u00e1van\u00fd do prvov\u00fdroby ( RAPA - prvov\u00fdroba). OEM: 4H0616013, 4H0616013A, 4H0616013B, 4H0616013C, 4H0616013D, 4H0 616 013, 4H0 616 013 A, 4H0 616 013 B, 4H0 616 013 C, 4H0 616 013 D, LF26, LF26S","og_url":"https:\/\/vzduchovetlmice.sk\/cs\/produkty\/predni-vzduchovy-tlumic-audi-a6-c7-4g-a7-sportback-a8-d4-4h-original-audi-kopia-4\/","og_site_name":"VzduchoveTlmice.sk","article_modified_time":"2025-04-26T12:58:28+00:00","og_image":[{"width":1000,"height":1000,"url":"https:\/\/vzduchovetlmice.sk\/wp-content\/uploads\/2025\/04\/Ventilova-jednotka-Audi-A6-C7-4G-A7-sportback-A8-D4-4H4H0616013-4H0616013A-4H0616013B-4H0616013C-4H0616013D-4H0-616-013-4H0-616-013-A-4H0-616-013-B-4H0-616-013-C-4H0-616-013-D-LF26-S.jpg","type":"image\/jpeg"}],"twitter_card":"summary_large_image","twitter_misc":{"Odhadovan\u00e1 doba \u010dten\u00ed":"1 minuta"},"schema":{"@context":"https:\/\/schema.org","@graph":[{"@type":"WebPage","@id":"https:\/\/vzduchovetlmice.sk\/cs\/produkty\/predni-vzduchovy-tlumic-audi-a6-c7-4g-a7-sportback-a8-d4-4h-original-audi-kopia-4\/","url":"https:\/\/vzduchovetlmice.sk\/cs\/produkty\/predni-vzduchovy-tlumic-audi-a6-c7-4g-a7-sportback-a8-d4-4h-original-audi-kopia-4\/","name":"Ventilov\u00e1 jednotka Audi A6 C7 4G, A7 sportback, A8 D4 4H - Origin\u00e1ln\u00ed Audi","isPartOf":{"@id":"https:\/\/vzduchovetlmice.sk\/#website"},"primaryImageOfPage":{"@id":"https:\/\/vzduchovetlmice.sk\/cs\/produkty\/predni-vzduchovy-tlumic-audi-a6-c7-4g-a7-sportback-a8-d4-4h-original-audi-kopia-4\/#primaryimage"},"image":{"@id":"https:\/\/vzduchovetlmice.sk\/cs\/produkty\/predni-vzduchovy-tlumic-audi-a6-c7-4g-a7-sportback-a8-d4-4h-original-audi-kopia-4\/#primaryimage"},"thumbnailUrl":"https:\/\/vzduchovetlmice.sk\/wp-content\/uploads\/2025\/04\/Ventilova-jednotka-Audi-A6-C7-4G-A7-sportback-A8-D4-4H4H0616013-4H0616013A-4H0616013B-4H0616013C-4H0616013D-4H0-616-013-4H0-616-013-A-4H0-616-013-B-4H0-616-013-C-4H0-616-013-D-LF26-S.jpg","datePublished":"2025-04-26T09:51:28+00:00","dateModified":"2025-04-26T12:58:28+00:00","description":"Nov\u00e1 ventilov\u00e1 jednotka kompresoru podvozku pro Audi A6 C7 4G (2010 - 2018), Audi A7 Sportback - C7 4G (2010 - 2018) a Audi A8 D4 4H (2010 - 2018). Origin\u00e1ln\u00ed d\u00edl dod\u00e1van\u00fd do prvov\u00fdroby ( RAPA - prvov\u00fdroba). OEM: 4H0616013, 4H0616013A, 4H0616013B, 4H0616013C, 4H0616013D, 4H0 616 013, 4H0 616 013 A, 4H0 616 013 B, 4H0 616 013 C, 4H0 616 013 D, LF26, LF26S","breadcrumb":{"@id":"https:\/\/vzduchovetlmice.sk\/cs\/produkty\/predni-vzduchovy-tlumic-audi-a6-c7-4g-a7-sportback-a8-d4-4h-original-audi-kopia-4\/#breadcrumb"},"inLanguage":"cs","potentialAction":[{"@type":"ReadAction","target":["https:\/\/vzduchovetlmice.sk\/cs\/produkty\/predni-vzduchovy-tlumic-audi-a6-c7-4g-a7-sportback-a8-d4-4h-original-audi-kopia-4\/"]}]},{"@type":"ImageObject","inLanguage":"cs","@id":"https:\/\/vzduchovetlmice.sk\/cs\/produkty\/predni-vzduchovy-tlumic-audi-a6-c7-4g-a7-sportback-a8-d4-4h-original-audi-kopia-4\/#primaryimage","url":"https:\/\/vzduchovetlmice.sk\/wp-content\/uploads\/2025\/04\/Ventilova-jednotka-Audi-A6-C7-4G-A7-sportback-A8-D4-4H4H0616013-4H0616013A-4H0616013B-4H0616013C-4H0616013D-4H0-616-013-4H0-616-013-A-4H0-616-013-B-4H0-616-013-C-4H0-616-013-D-LF26-S.jpg","contentUrl":"https:\/\/vzduchovetlmice.sk\/wp-content\/uploads\/2025\/04\/Ventilova-jednotka-Audi-A6-C7-4G-A7-sportback-A8-D4-4H4H0616013-4H0616013A-4H0616013B-4H0616013C-4H0616013D-4H0-616-013-4H0-616-013-A-4H0-616-013-B-4H0-616-013-C-4H0-616-013-D-LF26-S.jpg","width":1000,"height":1000,"caption":"Ventilov\u00e1 jednotka Audi A6 C7 4G, A7 sportback, A8 D4 4H,4H0616013, 4H0616013A, 4H0616013B, 4H0616013C, 4H0616013D, 4H0 616 013, 4H0 616 013 A, 4H0 616 013 B, 4H0 616 013 C, 4H0 616 013 D, LF26 S"},{"@type":"BreadcrumbList","@id":"https:\/\/vzduchovetlmice.sk\/cs\/produkty\/predni-vzduchovy-tlumic-audi-a6-c7-4g-a7-sportback-a8-d4-4h-original-audi-kopia-4\/#breadcrumb","itemListElement":[{"@type":"ListItem","position":1,"name":"Domovsk\u00e1 str\u00e1nka","item":"https:\/\/vzduchovetlmice.sk\/"},{"@type":"ListItem","position":2,"name":"Obchod","item":"https:\/\/vzduchovetlmice.sk\/obchod\/"},{"@type":"ListItem","position":3,"name":"Ventilov\u00e1 jednotka Audi A6 C7 4G, A7 sportback, A8 D4 4H &#8211; Origin\u00e1l Audi"}]},{"@type":"WebSite","@id":"https:\/\/vzduchovetlmice.sk\/#website","url":"https:\/\/vzduchovetlmice.sk\/","name":"VzduchoveTlmice.sk","description":"predaj dielov pre vzduchov\u00fd podvozok","potentialAction":[{"@type":"SearchAction","target":{"@type":"EntryPoint","urlTemplate":"https:\/\/vzduchovetlmice.sk\/?s={search_term_string}"},"query-input":{"@type":"PropertyValueSpecification","valueRequired":true,"valueName":"search_term_string"}}],"inLanguage":"cs"}]}},"_links":{"self":[{"href":"https:\/\/vzduchovetlmice.sk\/cs\/wp-json\/wp\/v2\/product\/100906","targetHints":{"allow":["GET"]}}],"collection":[{"href":"https:\/\/vzduchovetlmice.sk\/cs\/wp-json\/wp\/v2\/product"}],"about":[{"href":"https:\/\/vzduchovetlmice.sk\/cs\/wp-json\/wp\/v2\/types\/product"}],"wp:featuredmedia":[{"embeddable":true,"href":"https:\/\/vzduchovetlmice.sk\/cs\/wp-json\/wp\/v2\/media\/100908"}],"wp:attachment":[{"href":"https:\/\/vzduchovetlmice.sk\/cs\/wp-json\/wp\/v2\/media?parent=100906"}],"wp:term":[{"taxonomy":"product_brand","embeddable":true,"href":"https:\/\/vzduchovetlmice.sk\/cs\/wp-json\/wp\/v2\/product_brand?post=100906"},{"taxonomy":"product_cat","embeddable":true,"href":"https:\/\/vzduchovetlmice.sk\/cs\/wp-json\/wp\/v2\/product_cat?post=100906"},{"taxonomy":"product_tag","embeddable":true,"href":"https:\/\/vzduchovetlmice.sk\/cs\/wp-json\/wp\/v2\/product_tag?post=100906"}],"curies":[{"name":"wp","href":"https:\/\/api.w.org\/{rel}","templated":true}]}}