{"id":100914,"date":"2025-04-26T10:48:03","date_gmt":"2025-04-26T10:48:03","guid":{"rendered":"https:\/\/vzduchovetlmice.sk\/?post_type=product&#038;p=100914"},"modified":"2026-03-16T12:05:07","modified_gmt":"2026-03-16T12:05:07","slug":"vzduchovy-kompresor-podvozku-audi-a6-c7-4g-a7-sportback-a8-d4-4h","status":"publish","type":"product","link":"https:\/\/vzduchovetlmice.sk\/cs\/produkty\/vzduchovy-kompresor-podvozku-audi-a6-c7-4g-a7-sportback-a8-d4-4h\/","title":{"rendered":"Vzduchov\u00fd kompresor podvozku Audi A6 C7 4G, A7 Sportback, A8 D4 4H"},"content":{"rendered":"<h3><strong>Dal\u0161\u00ed informace:<\/strong><\/h3>\n<p>Nov\u00fd vzduchov\u00fd kompresor podvozku Audi A6 C7 4G (2010 &#8211; 2018), Audi A7 Sportback &#8211; C7 4G (2010 &#8211; 2018) a Audi A8 D4 4H (2010 &#8211; 2018).<\/p>\n<p>-v\u010detn\u011b vzduchov\u00e9ho filtru,<\/p>\n<p>-bez teplotn\u00edho \u010didla<\/p>\n<h4><strong>Origin\u00e1ln\u00ed v\u00fdrobn\u00ed \u010d\u00edsla (OEM): <\/strong><\/h4>\n<p>4G0616005D, 4G0 616 005 D, 4G0616005B, 4G0 616 005 B, 4G0616005C, 4G0 616 005 C, 4H0616005B, 4H0 616 005 B, 4H0616005C, 4H0616005C, 4H0 616 005 C, 4H0616005D, 4H0 616 005 D, 4154034180, 415 403 418 0, 4154039692, 415 403 696 2, 4154034180, Arnott: P-3483.<\/p>\n","protected":false},"excerpt":{"rendered":"<p><strong>Zna\u010dka: <\/strong>Audi<\/p>\n<p><strong>Model:<\/strong> (2010 &#8211; 2018), A7 Sportback &#8211; C7 4G (2010 &#8211; 2018), A8 D4 4H (2010 &#8211; 2018)<\/p>\n<p><strong>V\u00fdrobce: <\/strong>OEM<\/p>\n<p><strong>Stav: <\/strong>Nov\u00e9<\/p>\n<p><strong>Z\u00e1ruka: <\/strong>2 roky<\/p>\n<p><strong>Dostupnost:<\/strong> <span style=\"color: #00ff00;\"><strong>Skladem<\/strong><\/span><\/p>\n","protected":false},"featured_media":100916,"template":"","meta":{"_et_pb_use_builder":"","_et_pb_old_content":"","_et_gb_content_width":""},"product_brand":[46],"product_cat":[459,461,329,330],"product_tag":[],"class_list":{"0":"post-100914","1":"product","2":"type-product","3":"status-publish","4":"has-post-thumbnail","6":"product_brand-audi","7":"product_cat-a7-sportback-c7-4g-2010-2018-cs","8":"product_cat-a8-d4-4h-2009-2018-cs","9":"product_cat-a6-c7-4g-2010-2018","10":"product_cat-audi-cs","12":"first","13":"onbackorder","14":"shipping-taxable","15":"purchasable","16":"product-type-simple"},"yoast_head":"<!-- This site is optimized with the Yoast SEO Premium plugin v24.9 (Yoast SEO v27.1.1) - https:\/\/yoast.com\/product\/yoast-seo-premium-wordpress\/ -->\n<title>Vzduchov\u00fd kompresor podvozku Audi A6 C7, A7 Sportback, A8 D4<\/title>\n<meta name=\"description\" content=\"Nov\u00fd vzduchov\u00fd kompresor podvozku Audi A6 C7 4G (2010 - 2018), Audi A7 Sportback - C7 4G (2010 - 2018) a Audi A8 D4 4H (2010 - 2018).OEM: 4G0616005D, 4G0 616 005 D, 4G0616005B, 4G0 616 005 B, 4G0616005C, 4G0 616 005 C, 4H0616005B, 4H0 616 005 B, 4H0616005C, 4H0616005C, 4H0 616 005 C, 4H0616005D, 4H0 616 005 D, 4154034180, 415 403 418 0, 4154039692, 415 403 696 2, 4154034180, Arnott: P-3483.\" \/>\n<meta name=\"robots\" content=\"index, follow, max-snippet:-1, max-image-preview:large, max-video-preview:-1\" \/>\n<link rel=\"canonical\" href=\"https:\/\/vzduchovetlmice.sk\/cs\/produkty\/vzduchovy-kompresor-podvozku-audi-a6-c7-4g-a7-sportback-a8-d4-4h\/\" \/>\n<meta property=\"og:locale\" content=\"cs_CZ\" \/>\n<meta property=\"og:type\" content=\"article\" \/>\n<meta property=\"og:title\" content=\"Vzduchov\u00fd kompresor podvozku Audi A6 C7 4G, A7 Sportback, A8 D4 4H\" \/>\n<meta property=\"og:description\" content=\"Nov\u00fd vzduchov\u00fd kompresor podvozku Audi A6 C7 4G (2010 - 2018), Audi A7 Sportback - C7 4G (2010 - 2018) a Audi A8 D4 4H (2010 - 2018).OEM: 4G0616005D, 4G0 616 005 D, 4G0616005B, 4G0 616 005 B, 4G0616005C, 4G0 616 005 C, 4H0616005B, 4H0 616 005 B, 4H0616005C, 4H0616005C, 4H0 616 005 C, 4H0616005D, 4H0 616 005 D, 4154034180, 415 403 418 0, 4154039692, 415 403 696 2, 4154034180, Arnott: P-3483.\" \/>\n<meta property=\"og:url\" content=\"https:\/\/vzduchovetlmice.sk\/cs\/produkty\/vzduchovy-kompresor-podvozku-audi-a6-c7-4g-a7-sportback-a8-d4-4h\/\" \/>\n<meta property=\"og:site_name\" content=\"VzduchoveTlmice.sk\" \/>\n<meta property=\"article:modified_time\" content=\"2026-03-16T12:05:07+00:00\" \/>\n<meta property=\"og:image\" content=\"https:\/\/vzduchovetlmice.sk\/wp-content\/uploads\/2025\/04\/vzduchovy-kompresor-podvozku-audi-a6-c7-4g-A7-Sportback-A8-D4-4H-4G0616005D-4G0-616-005-D-4G0616005B-4G0-616-005-B-4G0616005C-4G0-616-005-C-4H0616005B-4H0-616-005-B-Arnott-P-3483.jpg\" \/>\n\t<meta property=\"og:image:width\" content=\"1000\" \/>\n\t<meta property=\"og:image:height\" content=\"1000\" \/>\n\t<meta property=\"og:image:type\" content=\"image\/jpeg\" \/>\n<meta name=\"twitter:card\" content=\"summary_large_image\" \/>\n<meta name=\"twitter:label1\" content=\"Odhadovan\u00e1 doba \u010dten\u00ed\" \/>\n\t<meta name=\"twitter:data1\" content=\"1 minuta\" \/>\n<script type=\"application\/ld+json\" class=\"yoast-schema-graph\">{\"@context\":\"https:\/\/schema.org\",\"@graph\":[{\"@type\":\"WebPage\",\"@id\":\"https:\/\/vzduchovetlmice.sk\/cs\/produkty\/vzduchovy-kompresor-podvozku-audi-a6-c7-4g-a7-sportback-a8-d4-4h\/\",\"url\":\"https:\/\/vzduchovetlmice.sk\/cs\/produkty\/vzduchovy-kompresor-podvozku-audi-a6-c7-4g-a7-sportback-a8-d4-4h\/\",\"name\":\"Vzduchov\u00fd kompresor podvozku Audi A6 C7, A7 Sportback, A8 D4\",\"isPartOf\":{\"@id\":\"https:\/\/vzduchovetlmice.sk\/#website\"},\"primaryImageOfPage\":{\"@id\":\"https:\/\/vzduchovetlmice.sk\/cs\/produkty\/vzduchovy-kompresor-podvozku-audi-a6-c7-4g-a7-sportback-a8-d4-4h\/#primaryimage\"},\"image\":{\"@id\":\"https:\/\/vzduchovetlmice.sk\/cs\/produkty\/vzduchovy-kompresor-podvozku-audi-a6-c7-4g-a7-sportback-a8-d4-4h\/#primaryimage\"},\"thumbnailUrl\":\"https:\/\/vzduchovetlmice.sk\/wp-content\/uploads\/2025\/04\/vzduchovy-kompresor-podvozku-audi-a6-c7-4g-A7-Sportback-A8-D4-4H-4G0616005D-4G0-616-005-D-4G0616005B-4G0-616-005-B-4G0616005C-4G0-616-005-C-4H0616005B-4H0-616-005-B-Arnott-P-3483.jpg\",\"datePublished\":\"2025-04-26T10:48:03+00:00\",\"dateModified\":\"2026-03-16T12:05:07+00:00\",\"description\":\"Nov\u00fd vzduchov\u00fd kompresor podvozku Audi A6 C7 4G (2010 - 2018), Audi A7 Sportback - C7 4G (2010 - 2018) a Audi A8 D4 4H (2010 - 2018).OEM: 4G0616005D, 4G0 616 005 D, 4G0616005B, 4G0 616 005 B, 4G0616005C, 4G0 616 005 C, 4H0616005B, 4H0 616 005 B, 4H0616005C, 4H0616005C, 4H0 616 005 C, 4H0616005D, 4H0 616 005 D, 4154034180, 415 403 418 0, 4154039692, 415 403 696 2, 4154034180, Arnott: P-3483.\",\"breadcrumb\":{\"@id\":\"https:\/\/vzduchovetlmice.sk\/cs\/produkty\/vzduchovy-kompresor-podvozku-audi-a6-c7-4g-a7-sportback-a8-d4-4h\/#breadcrumb\"},\"inLanguage\":\"cs\",\"potentialAction\":[{\"@type\":\"ReadAction\",\"target\":[\"https:\/\/vzduchovetlmice.sk\/cs\/produkty\/vzduchovy-kompresor-podvozku-audi-a6-c7-4g-a7-sportback-a8-d4-4h\/\"]}]},{\"@type\":\"ImageObject\",\"inLanguage\":\"cs\",\"@id\":\"https:\/\/vzduchovetlmice.sk\/cs\/produkty\/vzduchovy-kompresor-podvozku-audi-a6-c7-4g-a7-sportback-a8-d4-4h\/#primaryimage\",\"url\":\"https:\/\/vzduchovetlmice.sk\/wp-content\/uploads\/2025\/04\/vzduchovy-kompresor-podvozku-audi-a6-c7-4g-A7-Sportback-A8-D4-4H-4G0616005D-4G0-616-005-D-4G0616005B-4G0-616-005-B-4G0616005C-4G0-616-005-C-4H0616005B-4H0-616-005-B-Arnott-P-3483.jpg\",\"contentUrl\":\"https:\/\/vzduchovetlmice.sk\/wp-content\/uploads\/2025\/04\/vzduchovy-kompresor-podvozku-audi-a6-c7-4g-A7-Sportback-A8-D4-4H-4G0616005D-4G0-616-005-D-4G0616005B-4G0-616-005-B-4G0616005C-4G0-616-005-C-4H0616005B-4H0-616-005-B-Arnott-P-3483.jpg\",\"width\":1000,\"height\":1000,\"caption\":\"Vzduchov\u00fd kompresor podvozku audi a6 c7 4g, A7 Sportback, A8 D4 4H, 4G0616005D, 4G0 616 005 D, 4G0616005B, 4G0 616 005 B, 4G0616005C, 4G0 616 005 C, 4G0 616 005 C, 4H0616005B, 4H0 616 005 B, Arnott P-3483\"},{\"@type\":\"BreadcrumbList\",\"@id\":\"https:\/\/vzduchovetlmice.sk\/cs\/produkty\/vzduchovy-kompresor-podvozku-audi-a6-c7-4g-a7-sportback-a8-d4-4h\/#breadcrumb\",\"itemListElement\":[{\"@type\":\"ListItem\",\"position\":1,\"name\":\"Domovsk\u00e1 str\u00e1nka\",\"item\":\"https:\/\/vzduchovetlmice.sk\/\"},{\"@type\":\"ListItem\",\"position\":2,\"name\":\"Obchod\",\"item\":\"https:\/\/vzduchovetlmice.sk\/obchod\/\"},{\"@type\":\"ListItem\",\"position\":3,\"name\":\"Vzduchov\u00fd kompresor podvozku Audi A6 C7 4G, A7 Sportback, A8 D4 4H\"}]},{\"@type\":\"WebSite\",\"@id\":\"https:\/\/vzduchovetlmice.sk\/#website\",\"url\":\"https:\/\/vzduchovetlmice.sk\/\",\"name\":\"VzduchoveTlmice.sk\",\"description\":\"predaj dielov pre vzduchov\u00fd podvozok\",\"potentialAction\":[{\"@type\":\"SearchAction\",\"target\":{\"@type\":\"EntryPoint\",\"urlTemplate\":\"https:\/\/vzduchovetlmice.sk\/?s={search_term_string}\"},\"query-input\":{\"@type\":\"PropertyValueSpecification\",\"valueRequired\":true,\"valueName\":\"search_term_string\"}}],\"inLanguage\":\"cs\"}]}<\/script>\n<!-- \/ Yoast SEO Premium plugin. -->","yoast_head_json":{"title":"Vzduchov\u00fd kompresor podvozku Audi A6 C7, A7 Sportback, A8 D4","description":"Nov\u00fd vzduchov\u00fd kompresor podvozku Audi A6 C7 4G (2010 - 2018), Audi A7 Sportback - C7 4G (2010 - 2018) a Audi A8 D4 4H (2010 - 2018).OEM: 4G0616005D, 4G0 616 005 D, 4G0616005B, 4G0 616 005 B, 4G0616005C, 4G0 616 005 C, 4H0616005B, 4H0 616 005 B, 4H0616005C, 4H0616005C, 4H0 616 005 C, 4H0616005D, 4H0 616 005 D, 4154034180, 415 403 418 0, 4154039692, 415 403 696 2, 4154034180, Arnott: P-3483.","robots":{"index":"index","follow":"follow","max-snippet":"max-snippet:-1","max-image-preview":"max-image-preview:large","max-video-preview":"max-video-preview:-1"},"canonical":"https:\/\/vzduchovetlmice.sk\/cs\/produkty\/vzduchovy-kompresor-podvozku-audi-a6-c7-4g-a7-sportback-a8-d4-4h\/","og_locale":"cs_CZ","og_type":"article","og_title":"Vzduchov\u00fd kompresor podvozku Audi A6 C7 4G, A7 Sportback, A8 D4 4H","og_description":"Nov\u00fd vzduchov\u00fd kompresor podvozku Audi A6 C7 4G (2010 - 2018), Audi A7 Sportback - C7 4G (2010 - 2018) a Audi A8 D4 4H (2010 - 2018).OEM: 4G0616005D, 4G0 616 005 D, 4G0616005B, 4G0 616 005 B, 4G0616005C, 4G0 616 005 C, 4H0616005B, 4H0 616 005 B, 4H0616005C, 4H0616005C, 4H0 616 005 C, 4H0616005D, 4H0 616 005 D, 4154034180, 415 403 418 0, 4154039692, 415 403 696 2, 4154034180, Arnott: P-3483.","og_url":"https:\/\/vzduchovetlmice.sk\/cs\/produkty\/vzduchovy-kompresor-podvozku-audi-a6-c7-4g-a7-sportback-a8-d4-4h\/","og_site_name":"VzduchoveTlmice.sk","article_modified_time":"2026-03-16T12:05:07+00:00","og_image":[{"width":1000,"height":1000,"url":"https:\/\/vzduchovetlmice.sk\/wp-content\/uploads\/2025\/04\/vzduchovy-kompresor-podvozku-audi-a6-c7-4g-A7-Sportback-A8-D4-4H-4G0616005D-4G0-616-005-D-4G0616005B-4G0-616-005-B-4G0616005C-4G0-616-005-C-4H0616005B-4H0-616-005-B-Arnott-P-3483.jpg","type":"image\/jpeg"}],"twitter_card":"summary_large_image","twitter_misc":{"Odhadovan\u00e1 doba \u010dten\u00ed":"1 minuta"},"schema":{"@context":"https:\/\/schema.org","@graph":[{"@type":"WebPage","@id":"https:\/\/vzduchovetlmice.sk\/cs\/produkty\/vzduchovy-kompresor-podvozku-audi-a6-c7-4g-a7-sportback-a8-d4-4h\/","url":"https:\/\/vzduchovetlmice.sk\/cs\/produkty\/vzduchovy-kompresor-podvozku-audi-a6-c7-4g-a7-sportback-a8-d4-4h\/","name":"Vzduchov\u00fd kompresor podvozku Audi A6 C7, A7 Sportback, A8 D4","isPartOf":{"@id":"https:\/\/vzduchovetlmice.sk\/#website"},"primaryImageOfPage":{"@id":"https:\/\/vzduchovetlmice.sk\/cs\/produkty\/vzduchovy-kompresor-podvozku-audi-a6-c7-4g-a7-sportback-a8-d4-4h\/#primaryimage"},"image":{"@id":"https:\/\/vzduchovetlmice.sk\/cs\/produkty\/vzduchovy-kompresor-podvozku-audi-a6-c7-4g-a7-sportback-a8-d4-4h\/#primaryimage"},"thumbnailUrl":"https:\/\/vzduchovetlmice.sk\/wp-content\/uploads\/2025\/04\/vzduchovy-kompresor-podvozku-audi-a6-c7-4g-A7-Sportback-A8-D4-4H-4G0616005D-4G0-616-005-D-4G0616005B-4G0-616-005-B-4G0616005C-4G0-616-005-C-4H0616005B-4H0-616-005-B-Arnott-P-3483.jpg","datePublished":"2025-04-26T10:48:03+00:00","dateModified":"2026-03-16T12:05:07+00:00","description":"Nov\u00fd vzduchov\u00fd kompresor podvozku Audi A6 C7 4G (2010 - 2018), Audi A7 Sportback - C7 4G (2010 - 2018) a Audi A8 D4 4H (2010 - 2018).OEM: 4G0616005D, 4G0 616 005 D, 4G0616005B, 4G0 616 005 B, 4G0616005C, 4G0 616 005 C, 4H0616005B, 4H0 616 005 B, 4H0616005C, 4H0616005C, 4H0 616 005 C, 4H0616005D, 4H0 616 005 D, 4154034180, 415 403 418 0, 4154039692, 415 403 696 2, 4154034180, Arnott: P-3483.","breadcrumb":{"@id":"https:\/\/vzduchovetlmice.sk\/cs\/produkty\/vzduchovy-kompresor-podvozku-audi-a6-c7-4g-a7-sportback-a8-d4-4h\/#breadcrumb"},"inLanguage":"cs","potentialAction":[{"@type":"ReadAction","target":["https:\/\/vzduchovetlmice.sk\/cs\/produkty\/vzduchovy-kompresor-podvozku-audi-a6-c7-4g-a7-sportback-a8-d4-4h\/"]}]},{"@type":"ImageObject","inLanguage":"cs","@id":"https:\/\/vzduchovetlmice.sk\/cs\/produkty\/vzduchovy-kompresor-podvozku-audi-a6-c7-4g-a7-sportback-a8-d4-4h\/#primaryimage","url":"https:\/\/vzduchovetlmice.sk\/wp-content\/uploads\/2025\/04\/vzduchovy-kompresor-podvozku-audi-a6-c7-4g-A7-Sportback-A8-D4-4H-4G0616005D-4G0-616-005-D-4G0616005B-4G0-616-005-B-4G0616005C-4G0-616-005-C-4H0616005B-4H0-616-005-B-Arnott-P-3483.jpg","contentUrl":"https:\/\/vzduchovetlmice.sk\/wp-content\/uploads\/2025\/04\/vzduchovy-kompresor-podvozku-audi-a6-c7-4g-A7-Sportback-A8-D4-4H-4G0616005D-4G0-616-005-D-4G0616005B-4G0-616-005-B-4G0616005C-4G0-616-005-C-4H0616005B-4H0-616-005-B-Arnott-P-3483.jpg","width":1000,"height":1000,"caption":"Vzduchov\u00fd kompresor podvozku audi a6 c7 4g, A7 Sportback, A8 D4 4H, 4G0616005D, 4G0 616 005 D, 4G0616005B, 4G0 616 005 B, 4G0616005C, 4G0 616 005 C, 4G0 616 005 C, 4H0616005B, 4H0 616 005 B, Arnott P-3483"},{"@type":"BreadcrumbList","@id":"https:\/\/vzduchovetlmice.sk\/cs\/produkty\/vzduchovy-kompresor-podvozku-audi-a6-c7-4g-a7-sportback-a8-d4-4h\/#breadcrumb","itemListElement":[{"@type":"ListItem","position":1,"name":"Domovsk\u00e1 str\u00e1nka","item":"https:\/\/vzduchovetlmice.sk\/"},{"@type":"ListItem","position":2,"name":"Obchod","item":"https:\/\/vzduchovetlmice.sk\/obchod\/"},{"@type":"ListItem","position":3,"name":"Vzduchov\u00fd kompresor podvozku Audi A6 C7 4G, A7 Sportback, A8 D4 4H"}]},{"@type":"WebSite","@id":"https:\/\/vzduchovetlmice.sk\/#website","url":"https:\/\/vzduchovetlmice.sk\/","name":"VzduchoveTlmice.sk","description":"predaj dielov pre vzduchov\u00fd podvozok","potentialAction":[{"@type":"SearchAction","target":{"@type":"EntryPoint","urlTemplate":"https:\/\/vzduchovetlmice.sk\/?s={search_term_string}"},"query-input":{"@type":"PropertyValueSpecification","valueRequired":true,"valueName":"search_term_string"}}],"inLanguage":"cs"}]}},"_links":{"self":[{"href":"https:\/\/vzduchovetlmice.sk\/cs\/wp-json\/wp\/v2\/product\/100914","targetHints":{"allow":["GET"]}}],"collection":[{"href":"https:\/\/vzduchovetlmice.sk\/cs\/wp-json\/wp\/v2\/product"}],"about":[{"href":"https:\/\/vzduchovetlmice.sk\/cs\/wp-json\/wp\/v2\/types\/product"}],"wp:featuredmedia":[{"embeddable":true,"href":"https:\/\/vzduchovetlmice.sk\/cs\/wp-json\/wp\/v2\/media\/100916"}],"wp:attachment":[{"href":"https:\/\/vzduchovetlmice.sk\/cs\/wp-json\/wp\/v2\/media?parent=100914"}],"wp:term":[{"taxonomy":"product_brand","embeddable":true,"href":"https:\/\/vzduchovetlmice.sk\/cs\/wp-json\/wp\/v2\/product_brand?post=100914"},{"taxonomy":"product_cat","embeddable":true,"href":"https:\/\/vzduchovetlmice.sk\/cs\/wp-json\/wp\/v2\/product_cat?post=100914"},{"taxonomy":"product_tag","embeddable":true,"href":"https:\/\/vzduchovetlmice.sk\/cs\/wp-json\/wp\/v2\/product_tag?post=100914"}],"curies":[{"name":"wp","href":"https:\/\/api.w.org\/{rel}","templated":true}]}}