{"id":100924,"date":"2025-04-26T11:18:08","date_gmt":"2025-04-26T11:18:08","guid":{"rendered":"https:\/\/vzduchovetlmice.sk\/?post_type=product&#038;p=100924"},"modified":"2025-04-26T13:57:44","modified_gmt":"2025-04-26T13:57:44","slug":"levy-zadni-mech-audi-a6-c7-4g-a7-sportback","status":"publish","type":"product","link":"https:\/\/vzduchovetlmice.sk\/cs\/produkty\/levy-zadni-mech-audi-a6-c7-4g-a7-sportback\/","title":{"rendered":"Lev\u00fd zadn\u00ed m\u011bch Audi A6 C7 4G, A7 Sportback"},"content":{"rendered":"<h3><strong>Dal\u0161\u00ed informace:<\/strong><\/h3>\n<p>Nov\u00fd lev\u00fd zadn\u00ed m\u011bch Audi A6 C7 4G (2010 &#8211; 2018), Audi A7 Sportback &#8211; C7 4G (2010 &#8211; 2018).<\/p>\n<h4><strong>Origin\u00e1ln\u00ed v\u00fdrobn\u00ed \u010d\u00edsla (OEM): <\/strong><\/h4>\n<p>4G0616001T, 4G0 616 001 T, 4G0616001S, 4G0 616 001 S, 4G0616001R, 4G0 616 001 R, 4G0616001Q, 4G0 616 001 Q, 4G0616001K, 4G0 616 001 K, A-3892<\/p>\n","protected":false},"excerpt":{"rendered":"<p><strong>Zna\u010dka: <\/strong>Audi<\/p>\n<p><strong>Model:<\/strong> A6 C7 4G (2010 &#8211; 2018), A7 Sportback &#8211; C7 4G (2010 &#8211; 2018)<\/p>\n<p><strong>Poloha: <\/strong>lev\u00e1 zadn\u00ed n\u00e1prava<\/p>\n<p><strong>V\u00fdrobce: OEM<\/strong><\/p>\n<p><strong>Stav: Nov\u00e9<\/strong><\/p>\n<p><strong>Z\u00e1ruka: <\/strong>2 roky<\/p>\n<p><strong>Dostupnost:<\/strong> <span style=\"color: #00ff00;\"><strong>Skladem<\/strong><\/span><\/p>\n","protected":false},"featured_media":100926,"template":"","meta":{"_et_pb_use_builder":"","_et_pb_old_content":"","_et_gb_content_width":""},"product_brand":[46],"product_cat":[459,329,330],"product_tag":[],"class_list":{"0":"post-100924","1":"product","2":"type-product","3":"status-publish","4":"has-post-thumbnail","6":"product_brand-audi","7":"product_cat-a7-sportback-c7-4g-2010-2018-cs","8":"product_cat-a6-c7-4g-2010-2018","9":"product_cat-audi-cs","11":"first","12":"instock","13":"shipping-taxable","14":"purchasable","15":"product-type-simple"},"yoast_head":"<!-- This site is optimized with the Yoast SEO Premium plugin v24.9 (Yoast SEO v27.1.1) - https:\/\/yoast.com\/product\/yoast-seo-premium-wordpress\/ -->\n<title>Lev\u00fd zadn\u00ed m\u011bch Audi A6 C7 4G, A7 Sportback<\/title>\n<meta name=\"description\" content=\"Nov\u00fd lev\u00fd zadn\u00ed m\u011bch Audi A6 C7 4G (2010 - 2018), Audi A7 Sportback - C7 4G (2010 - 2018). OEM: 4G0616001T, 4G0 616 001 T, 4G0616001S, 4G0 616 001 S, 4G0616001R, 4G0 616 001 R, 4G0616001Q, 4G0 616 001 Q, 4G0616001K, 4G0 616 001 K, A-3892\" \/>\n<meta name=\"robots\" content=\"index, follow, max-snippet:-1, max-image-preview:large, max-video-preview:-1\" \/>\n<link rel=\"canonical\" href=\"https:\/\/vzduchovetlmice.sk\/cs\/produkty\/levy-zadni-mech-audi-a6-c7-4g-a7-sportback\/\" \/>\n<meta property=\"og:locale\" content=\"cs_CZ\" \/>\n<meta property=\"og:type\" content=\"article\" \/>\n<meta property=\"og:title\" content=\"Lev\u00fd zadn\u00ed m\u011bch Audi A6 C7 4G, A7 Sportback\" \/>\n<meta property=\"og:description\" content=\"Nov\u00fd lev\u00fd zadn\u00ed m\u011bch Audi A6 C7 4G (2010 - 2018), Audi A7 Sportback - C7 4G (2010 - 2018). OEM: 4G0616001T, 4G0 616 001 T, 4G0616001S, 4G0 616 001 S, 4G0616001R, 4G0 616 001 R, 4G0616001Q, 4G0 616 001 Q, 4G0616001K, 4G0 616 001 K, A-3892\" \/>\n<meta property=\"og:url\" content=\"https:\/\/vzduchovetlmice.sk\/cs\/produkty\/levy-zadni-mech-audi-a6-c7-4g-a7-sportback\/\" \/>\n<meta property=\"og:site_name\" content=\"VzduchoveTlmice.sk\" \/>\n<meta property=\"article:modified_time\" content=\"2025-04-26T13:57:44+00:00\" \/>\n<meta property=\"og:image\" content=\"https:\/\/vzduchovetlmice.sk\/wp-content\/uploads\/2025\/04\/Zadny-lavy-vzduchovy-vankus-Audi-A6-C7-4G-A7-Sportback-4G0616001T-4G0-616-001-T-4G0616001S-4G0-616-001-S-4G0616001R-4G0-616-001-R-4G0616001Q-4G0-616-001-Q-4G0616001K-4G0-616-001-K.jpg\" \/>\n\t<meta property=\"og:image:width\" content=\"1000\" \/>\n\t<meta property=\"og:image:height\" content=\"1000\" \/>\n\t<meta property=\"og:image:type\" content=\"image\/jpeg\" \/>\n<meta name=\"twitter:card\" content=\"summary_large_image\" \/>\n<meta name=\"twitter:label1\" content=\"Odhadovan\u00e1 doba \u010dten\u00ed\" \/>\n\t<meta name=\"twitter:data1\" content=\"1 minuta\" \/>\n<script type=\"application\/ld+json\" class=\"yoast-schema-graph\">{\"@context\":\"https:\/\/schema.org\",\"@graph\":[{\"@type\":\"WebPage\",\"@id\":\"https:\/\/vzduchovetlmice.sk\/cs\/produkty\/levy-zadni-mech-audi-a6-c7-4g-a7-sportback\/\",\"url\":\"https:\/\/vzduchovetlmice.sk\/cs\/produkty\/levy-zadni-mech-audi-a6-c7-4g-a7-sportback\/\",\"name\":\"Lev\u00fd zadn\u00ed m\u011bch Audi A6 C7 4G, A7 Sportback\",\"isPartOf\":{\"@id\":\"https:\/\/vzduchovetlmice.sk\/#website\"},\"primaryImageOfPage\":{\"@id\":\"https:\/\/vzduchovetlmice.sk\/cs\/produkty\/levy-zadni-mech-audi-a6-c7-4g-a7-sportback\/#primaryimage\"},\"image\":{\"@id\":\"https:\/\/vzduchovetlmice.sk\/cs\/produkty\/levy-zadni-mech-audi-a6-c7-4g-a7-sportback\/#primaryimage\"},\"thumbnailUrl\":\"https:\/\/vzduchovetlmice.sk\/wp-content\/uploads\/2025\/04\/Zadny-lavy-vzduchovy-vankus-Audi-A6-C7-4G-A7-Sportback-4G0616001T-4G0-616-001-T-4G0616001S-4G0-616-001-S-4G0616001R-4G0-616-001-R-4G0616001Q-4G0-616-001-Q-4G0616001K-4G0-616-001-K.jpg\",\"datePublished\":\"2025-04-26T11:18:08+00:00\",\"dateModified\":\"2025-04-26T13:57:44+00:00\",\"description\":\"Nov\u00fd lev\u00fd zadn\u00ed m\u011bch Audi A6 C7 4G (2010 - 2018), Audi A7 Sportback - C7 4G (2010 - 2018). OEM: 4G0616001T, 4G0 616 001 T, 4G0616001S, 4G0 616 001 S, 4G0616001R, 4G0 616 001 R, 4G0616001Q, 4G0 616 001 Q, 4G0616001K, 4G0 616 001 K, A-3892\",\"breadcrumb\":{\"@id\":\"https:\/\/vzduchovetlmice.sk\/cs\/produkty\/levy-zadni-mech-audi-a6-c7-4g-a7-sportback\/#breadcrumb\"},\"inLanguage\":\"cs\",\"potentialAction\":[{\"@type\":\"ReadAction\",\"target\":[\"https:\/\/vzduchovetlmice.sk\/cs\/produkty\/levy-zadni-mech-audi-a6-c7-4g-a7-sportback\/\"]}]},{\"@type\":\"ImageObject\",\"inLanguage\":\"cs\",\"@id\":\"https:\/\/vzduchovetlmice.sk\/cs\/produkty\/levy-zadni-mech-audi-a6-c7-4g-a7-sportback\/#primaryimage\",\"url\":\"https:\/\/vzduchovetlmice.sk\/wp-content\/uploads\/2025\/04\/Zadny-lavy-vzduchovy-vankus-Audi-A6-C7-4G-A7-Sportback-4G0616001T-4G0-616-001-T-4G0616001S-4G0-616-001-S-4G0616001R-4G0-616-001-R-4G0616001Q-4G0-616-001-Q-4G0616001K-4G0-616-001-K.jpg\",\"contentUrl\":\"https:\/\/vzduchovetlmice.sk\/wp-content\/uploads\/2025\/04\/Zadny-lavy-vzduchovy-vankus-Audi-A6-C7-4G-A7-Sportback-4G0616001T-4G0-616-001-T-4G0616001S-4G0-616-001-S-4G0616001R-4G0-616-001-R-4G0616001Q-4G0-616-001-Q-4G0616001K-4G0-616-001-K.jpg\",\"width\":1000,\"height\":1000,\"caption\":\"Lev\u00fd zadn\u00ed m\u011bch Audi A6 C7 4G, A7 Sportback, 4G0616001T, 4G0 616 001 T, 4G0616001S, 4G0 616 001 S, 4G0616001R, 4G0 616 001 R, 4G0616001Q, 4G0 616 001 Q, 4G0616001K, 4G0 616 001 K\"},{\"@type\":\"BreadcrumbList\",\"@id\":\"https:\/\/vzduchovetlmice.sk\/cs\/produkty\/levy-zadni-mech-audi-a6-c7-4g-a7-sportback\/#breadcrumb\",\"itemListElement\":[{\"@type\":\"ListItem\",\"position\":1,\"name\":\"Domovsk\u00e1 str\u00e1nka\",\"item\":\"https:\/\/vzduchovetlmice.sk\/\"},{\"@type\":\"ListItem\",\"position\":2,\"name\":\"Obchod\",\"item\":\"https:\/\/vzduchovetlmice.sk\/obchod\/\"},{\"@type\":\"ListItem\",\"position\":3,\"name\":\"Lev\u00fd zadn\u00ed m\u011bch Audi A6 C7 4G, A7 Sportback\"}]},{\"@type\":\"WebSite\",\"@id\":\"https:\/\/vzduchovetlmice.sk\/#website\",\"url\":\"https:\/\/vzduchovetlmice.sk\/\",\"name\":\"VzduchoveTlmice.sk\",\"description\":\"predaj dielov pre vzduchov\u00fd podvozok\",\"potentialAction\":[{\"@type\":\"SearchAction\",\"target\":{\"@type\":\"EntryPoint\",\"urlTemplate\":\"https:\/\/vzduchovetlmice.sk\/?s={search_term_string}\"},\"query-input\":{\"@type\":\"PropertyValueSpecification\",\"valueRequired\":true,\"valueName\":\"search_term_string\"}}],\"inLanguage\":\"cs\"}]}<\/script>\n<!-- \/ Yoast SEO Premium plugin. -->","yoast_head_json":{"title":"Lev\u00fd zadn\u00ed m\u011bch Audi A6 C7 4G, A7 Sportback","description":"Nov\u00fd lev\u00fd zadn\u00ed m\u011bch Audi A6 C7 4G (2010 - 2018), Audi A7 Sportback - C7 4G (2010 - 2018). OEM: 4G0616001T, 4G0 616 001 T, 4G0616001S, 4G0 616 001 S, 4G0616001R, 4G0 616 001 R, 4G0616001Q, 4G0 616 001 Q, 4G0616001K, 4G0 616 001 K, A-3892","robots":{"index":"index","follow":"follow","max-snippet":"max-snippet:-1","max-image-preview":"max-image-preview:large","max-video-preview":"max-video-preview:-1"},"canonical":"https:\/\/vzduchovetlmice.sk\/cs\/produkty\/levy-zadni-mech-audi-a6-c7-4g-a7-sportback\/","og_locale":"cs_CZ","og_type":"article","og_title":"Lev\u00fd zadn\u00ed m\u011bch Audi A6 C7 4G, A7 Sportback","og_description":"Nov\u00fd lev\u00fd zadn\u00ed m\u011bch Audi A6 C7 4G (2010 - 2018), Audi A7 Sportback - C7 4G (2010 - 2018). OEM: 4G0616001T, 4G0 616 001 T, 4G0616001S, 4G0 616 001 S, 4G0616001R, 4G0 616 001 R, 4G0616001Q, 4G0 616 001 Q, 4G0616001K, 4G0 616 001 K, A-3892","og_url":"https:\/\/vzduchovetlmice.sk\/cs\/produkty\/levy-zadni-mech-audi-a6-c7-4g-a7-sportback\/","og_site_name":"VzduchoveTlmice.sk","article_modified_time":"2025-04-26T13:57:44+00:00","og_image":[{"width":1000,"height":1000,"url":"https:\/\/vzduchovetlmice.sk\/wp-content\/uploads\/2025\/04\/Zadny-lavy-vzduchovy-vankus-Audi-A6-C7-4G-A7-Sportback-4G0616001T-4G0-616-001-T-4G0616001S-4G0-616-001-S-4G0616001R-4G0-616-001-R-4G0616001Q-4G0-616-001-Q-4G0616001K-4G0-616-001-K.jpg","type":"image\/jpeg"}],"twitter_card":"summary_large_image","twitter_misc":{"Odhadovan\u00e1 doba \u010dten\u00ed":"1 minuta"},"schema":{"@context":"https:\/\/schema.org","@graph":[{"@type":"WebPage","@id":"https:\/\/vzduchovetlmice.sk\/cs\/produkty\/levy-zadni-mech-audi-a6-c7-4g-a7-sportback\/","url":"https:\/\/vzduchovetlmice.sk\/cs\/produkty\/levy-zadni-mech-audi-a6-c7-4g-a7-sportback\/","name":"Lev\u00fd zadn\u00ed m\u011bch Audi A6 C7 4G, A7 Sportback","isPartOf":{"@id":"https:\/\/vzduchovetlmice.sk\/#website"},"primaryImageOfPage":{"@id":"https:\/\/vzduchovetlmice.sk\/cs\/produkty\/levy-zadni-mech-audi-a6-c7-4g-a7-sportback\/#primaryimage"},"image":{"@id":"https:\/\/vzduchovetlmice.sk\/cs\/produkty\/levy-zadni-mech-audi-a6-c7-4g-a7-sportback\/#primaryimage"},"thumbnailUrl":"https:\/\/vzduchovetlmice.sk\/wp-content\/uploads\/2025\/04\/Zadny-lavy-vzduchovy-vankus-Audi-A6-C7-4G-A7-Sportback-4G0616001T-4G0-616-001-T-4G0616001S-4G0-616-001-S-4G0616001R-4G0-616-001-R-4G0616001Q-4G0-616-001-Q-4G0616001K-4G0-616-001-K.jpg","datePublished":"2025-04-26T11:18:08+00:00","dateModified":"2025-04-26T13:57:44+00:00","description":"Nov\u00fd lev\u00fd zadn\u00ed m\u011bch Audi A6 C7 4G (2010 - 2018), Audi A7 Sportback - C7 4G (2010 - 2018). OEM: 4G0616001T, 4G0 616 001 T, 4G0616001S, 4G0 616 001 S, 4G0616001R, 4G0 616 001 R, 4G0616001Q, 4G0 616 001 Q, 4G0616001K, 4G0 616 001 K, A-3892","breadcrumb":{"@id":"https:\/\/vzduchovetlmice.sk\/cs\/produkty\/levy-zadni-mech-audi-a6-c7-4g-a7-sportback\/#breadcrumb"},"inLanguage":"cs","potentialAction":[{"@type":"ReadAction","target":["https:\/\/vzduchovetlmice.sk\/cs\/produkty\/levy-zadni-mech-audi-a6-c7-4g-a7-sportback\/"]}]},{"@type":"ImageObject","inLanguage":"cs","@id":"https:\/\/vzduchovetlmice.sk\/cs\/produkty\/levy-zadni-mech-audi-a6-c7-4g-a7-sportback\/#primaryimage","url":"https:\/\/vzduchovetlmice.sk\/wp-content\/uploads\/2025\/04\/Zadny-lavy-vzduchovy-vankus-Audi-A6-C7-4G-A7-Sportback-4G0616001T-4G0-616-001-T-4G0616001S-4G0-616-001-S-4G0616001R-4G0-616-001-R-4G0616001Q-4G0-616-001-Q-4G0616001K-4G0-616-001-K.jpg","contentUrl":"https:\/\/vzduchovetlmice.sk\/wp-content\/uploads\/2025\/04\/Zadny-lavy-vzduchovy-vankus-Audi-A6-C7-4G-A7-Sportback-4G0616001T-4G0-616-001-T-4G0616001S-4G0-616-001-S-4G0616001R-4G0-616-001-R-4G0616001Q-4G0-616-001-Q-4G0616001K-4G0-616-001-K.jpg","width":1000,"height":1000,"caption":"Lev\u00fd zadn\u00ed m\u011bch Audi A6 C7 4G, A7 Sportback, 4G0616001T, 4G0 616 001 T, 4G0616001S, 4G0 616 001 S, 4G0616001R, 4G0 616 001 R, 4G0616001Q, 4G0 616 001 Q, 4G0616001K, 4G0 616 001 K"},{"@type":"BreadcrumbList","@id":"https:\/\/vzduchovetlmice.sk\/cs\/produkty\/levy-zadni-mech-audi-a6-c7-4g-a7-sportback\/#breadcrumb","itemListElement":[{"@type":"ListItem","position":1,"name":"Domovsk\u00e1 str\u00e1nka","item":"https:\/\/vzduchovetlmice.sk\/"},{"@type":"ListItem","position":2,"name":"Obchod","item":"https:\/\/vzduchovetlmice.sk\/obchod\/"},{"@type":"ListItem","position":3,"name":"Lev\u00fd zadn\u00ed m\u011bch Audi A6 C7 4G, A7 Sportback"}]},{"@type":"WebSite","@id":"https:\/\/vzduchovetlmice.sk\/#website","url":"https:\/\/vzduchovetlmice.sk\/","name":"VzduchoveTlmice.sk","description":"predaj dielov pre vzduchov\u00fd podvozok","potentialAction":[{"@type":"SearchAction","target":{"@type":"EntryPoint","urlTemplate":"https:\/\/vzduchovetlmice.sk\/?s={search_term_string}"},"query-input":{"@type":"PropertyValueSpecification","valueRequired":true,"valueName":"search_term_string"}}],"inLanguage":"cs"}]}},"_links":{"self":[{"href":"https:\/\/vzduchovetlmice.sk\/cs\/wp-json\/wp\/v2\/product\/100924","targetHints":{"allow":["GET"]}}],"collection":[{"href":"https:\/\/vzduchovetlmice.sk\/cs\/wp-json\/wp\/v2\/product"}],"about":[{"href":"https:\/\/vzduchovetlmice.sk\/cs\/wp-json\/wp\/v2\/types\/product"}],"wp:featuredmedia":[{"embeddable":true,"href":"https:\/\/vzduchovetlmice.sk\/cs\/wp-json\/wp\/v2\/media\/100926"}],"wp:attachment":[{"href":"https:\/\/vzduchovetlmice.sk\/cs\/wp-json\/wp\/v2\/media?parent=100924"}],"wp:term":[{"taxonomy":"product_brand","embeddable":true,"href":"https:\/\/vzduchovetlmice.sk\/cs\/wp-json\/wp\/v2\/product_brand?post=100924"},{"taxonomy":"product_cat","embeddable":true,"href":"https:\/\/vzduchovetlmice.sk\/cs\/wp-json\/wp\/v2\/product_cat?post=100924"},{"taxonomy":"product_tag","embeddable":true,"href":"https:\/\/vzduchovetlmice.sk\/cs\/wp-json\/wp\/v2\/product_tag?post=100924"}],"curies":[{"name":"wp","href":"https:\/\/api.w.org\/{rel}","templated":true}]}}