{"id":100948,"date":"2025-04-26T12:20:03","date_gmt":"2025-04-26T12:20:03","guid":{"rendered":"https:\/\/vzduchovetlmice.sk\/produkty\/horne-ulozenie-predneho-vzduchoveho-tlmica-lexus-rx-350-450h\/"},"modified":"2025-11-07T17:03:19","modified_gmt":"2025-11-07T17:03:19","slug":"horni-ulozeni-predniho-vzduchoveho-tlumice-lexus-rx-270-rx-350-rx-450h","status":"publish","type":"product","link":"https:\/\/vzduchovetlmice.sk\/cs\/produkty\/horni-ulozeni-predniho-vzduchoveho-tlumice-lexus-rx-270-rx-350-rx-450h\/","title":{"rendered":"Horn\u00ed ulo\u017een\u00ed p\u0159edn\u00edho vzduchov\u00e9ho tlumi\u010de Lexus RX 270\/ RX 350\/ RX 450h"},"content":{"rendered":"<h3><strong>Dal\u0161\u00ed informace:<\/strong><\/h3>\n<p>Nov\u00fd horn\u00ed ulo\u017een\u00ed p\u0159edn\u00edho vzduchov\u00e9ho tlumi\u010de pro Lexus RX 270, Lexus RX 350, Lexus RX 450h (2008 &#8211; 2015).<\/p>\n<p>Ulo\u017een\u00ed je stejn\u00e9 pro pravou i levou stranu.<\/p>\n<p>Kompletn\u00ed v\u010detn\u011b lo\u017eiska (jako na fotografii).<\/p>\n<h4><strong>Origin\u00e1ln\u00ed v\u00fdrobn\u00ed \u010d\u00edsla (OEM):<\/strong><\/h4>\n<p>48020-48075, 48010-48075, 4802048075, 4801048075, 4801048074, 48010-48074, 4802048074, 48020-48074, 4801048073 48010-48073, 4802048073, 48020-48073, 4801048072, 48010-48072, 4802048072, 48020-48072, 4801048071, 48010-48071, 4802048071, 48020-48071<\/p>\n","protected":false},"excerpt":{"rendered":"<p><strong>Zna\u010dka: <\/strong>Lexus<\/p>\n<p><strong>Model:<\/strong> RX 270 (2008 &#8211; 2015), RX 350 (2008 &#8211; 2015), RX 450h (2008 &#8211; 2015)<\/p>\n<p><strong>Typ: <\/strong>RWD \/ AWD<\/p>\n<p><strong>Poloha: <\/strong>p\u0159edn\u00ed n\u00e1prava vpravo\/vlevo<\/p>\n<p><strong>V\u00fdrobce: <\/strong>OEM<\/p>\n<p><strong>Stav: <\/strong>Nov\u00e9<\/p>\n<p><strong>Z\u00e1ruka: <\/strong>2 roky<\/p>\n<p><strong>Dostupnost:<\/strong> <span style=\"color: #00ff00;\"><strong>Skladem<\/strong><\/span><\/p>\n","protected":false},"featured_media":100941,"template":"","meta":{"_et_pb_use_builder":"","_et_pb_old_content":"","_et_gb_content_width":""},"product_brand":[460],"product_cat":[457,458],"product_tag":[],"class_list":{"0":"post-100948","1":"product","2":"type-product","3":"status-publish","4":"has-post-thumbnail","6":"product_brand-lexus","7":"product_cat-lexus-cs","8":"product_cat-rx-2008-2015-cs","10":"first","11":"instock","12":"shipping-taxable","13":"purchasable","14":"product-type-simple"},"yoast_head":"<!-- This site is optimized with the Yoast SEO Premium plugin v24.9 (Yoast SEO v27.1.1) - https:\/\/yoast.com\/product\/yoast-seo-premium-wordpress\/ -->\n<title>Horn\u00ed ulo\u017een\u00ed p\u0159edn\u00edho vzduchov\u00e9ho tlumi\u010de Lexus RX450h<\/title>\n<meta name=\"description\" content=\"Nov\u00fd horn\u00ed ulo\u017een\u00ed p\u0159edn\u00edho vzduchov\u00e9ho tlumi\u010de pro Lexus RX 270, Lexus RX 350, Lexus RX 450h (2008 - 2015). OEM: 48020-48075, 48010-48075, 4802048075, 4801048075, 4801048074, 48010-48074, 4802048074, 48020-48074, 4801048073 48010-48073, 4802048073, 48020-48073, 4801048072, 48010-48072, 4802048072, 48020-48072, 4801048071, 48010-48071, 4802048071, 48020-48071.\" \/>\n<meta name=\"robots\" content=\"index, follow, max-snippet:-1, max-image-preview:large, max-video-preview:-1\" \/>\n<link rel=\"canonical\" href=\"https:\/\/vzduchovetlmice.sk\/cs\/produkty\/horni-ulozeni-predniho-vzduchoveho-tlumice-lexus-rx-270-rx-350-rx-450h\/\" \/>\n<meta property=\"og:locale\" content=\"cs_CZ\" \/>\n<meta property=\"og:type\" content=\"article\" \/>\n<meta property=\"og:title\" content=\"Horn\u00ed ulo\u017een\u00ed p\u0159edn\u00edho vzduchov\u00e9ho tlumi\u010de Lexus RX 270\/ RX 350\/ RX 450h\" \/>\n<meta property=\"og:description\" content=\"Nov\u00fd horn\u00ed ulo\u017een\u00ed p\u0159edn\u00edho vzduchov\u00e9ho tlumi\u010de pro Lexus RX 270, Lexus RX 350, Lexus RX 450h (2008 - 2015). OEM: 48020-48075, 48010-48075, 4802048075, 4801048075, 4801048074, 48010-48074, 4802048074, 48020-48074, 4801048073 48010-48073, 4802048073, 48020-48073, 4801048072, 48010-48072, 4802048072, 48020-48072, 4801048071, 48010-48071, 4802048071, 48020-48071.\" \/>\n<meta property=\"og:url\" content=\"https:\/\/vzduchovetlmice.sk\/cs\/produkty\/horni-ulozeni-predniho-vzduchoveho-tlumice-lexus-rx-270-rx-350-rx-450h\/\" \/>\n<meta property=\"og:site_name\" content=\"VzduchoveTlmice.sk\" \/>\n<meta property=\"article:modified_time\" content=\"2025-11-07T17:03:19+00:00\" \/>\n<meta property=\"og:image\" content=\"https:\/\/vzduchovetlmice.sk\/wp-content\/uploads\/2025\/04\/horne-ulozenie-predneho-vzduchoveho-tlmica-na-Lexus-RX270-RX350-RX450h-48020-48075-48010-48075-4802048075-4801048075-4801048074-48010-48074-4802048074-48020-48074-4801048073-48010-48073.jpg\" \/>\n\t<meta property=\"og:image:width\" content=\"1000\" \/>\n\t<meta property=\"og:image:height\" content=\"1000\" \/>\n\t<meta property=\"og:image:type\" content=\"image\/jpeg\" \/>\n<meta name=\"twitter:card\" content=\"summary_large_image\" \/>\n<meta name=\"twitter:label1\" content=\"Odhadovan\u00e1 doba \u010dten\u00ed\" \/>\n\t<meta name=\"twitter:data1\" content=\"1 minuta\" \/>\n<script type=\"application\/ld+json\" class=\"yoast-schema-graph\">{\"@context\":\"https:\/\/schema.org\",\"@graph\":[{\"@type\":\"WebPage\",\"@id\":\"https:\/\/vzduchovetlmice.sk\/cs\/produkty\/horni-ulozeni-predniho-vzduchoveho-tlumice-lexus-rx-270-rx-350-rx-450h\/\",\"url\":\"https:\/\/vzduchovetlmice.sk\/cs\/produkty\/horni-ulozeni-predniho-vzduchoveho-tlumice-lexus-rx-270-rx-350-rx-450h\/\",\"name\":\"Horn\u00ed ulo\u017een\u00ed p\u0159edn\u00edho vzduchov\u00e9ho tlumi\u010de Lexus RX450h\",\"isPartOf\":{\"@id\":\"https:\/\/vzduchovetlmice.sk\/#website\"},\"primaryImageOfPage\":{\"@id\":\"https:\/\/vzduchovetlmice.sk\/cs\/produkty\/horni-ulozeni-predniho-vzduchoveho-tlumice-lexus-rx-270-rx-350-rx-450h\/#primaryimage\"},\"image\":{\"@id\":\"https:\/\/vzduchovetlmice.sk\/cs\/produkty\/horni-ulozeni-predniho-vzduchoveho-tlumice-lexus-rx-270-rx-350-rx-450h\/#primaryimage\"},\"thumbnailUrl\":\"https:\/\/vzduchovetlmice.sk\/wp-content\/uploads\/2025\/04\/horne-ulozenie-predneho-vzduchoveho-tlmica-na-Lexus-RX270-RX350-RX450h-48020-48075-48010-48075-4802048075-4801048075-4801048074-48010-48074-4802048074-48020-48074-4801048073-48010-48073.jpg\",\"datePublished\":\"2025-04-26T12:20:03+00:00\",\"dateModified\":\"2025-11-07T17:03:19+00:00\",\"description\":\"Nov\u00fd horn\u00ed ulo\u017een\u00ed p\u0159edn\u00edho vzduchov\u00e9ho tlumi\u010de pro Lexus RX 270, Lexus RX 350, Lexus RX 450h (2008 - 2015). OEM: 48020-48075, 48010-48075, 4802048075, 4801048075, 4801048074, 48010-48074, 4802048074, 48020-48074, 4801048073 48010-48073, 4802048073, 48020-48073, 4801048072, 48010-48072, 4802048072, 48020-48072, 4801048071, 48010-48071, 4802048071, 48020-48071.\",\"breadcrumb\":{\"@id\":\"https:\/\/vzduchovetlmice.sk\/cs\/produkty\/horni-ulozeni-predniho-vzduchoveho-tlumice-lexus-rx-270-rx-350-rx-450h\/#breadcrumb\"},\"inLanguage\":\"cs\",\"potentialAction\":[{\"@type\":\"ReadAction\",\"target\":[\"https:\/\/vzduchovetlmice.sk\/cs\/produkty\/horni-ulozeni-predniho-vzduchoveho-tlumice-lexus-rx-270-rx-350-rx-450h\/\"]}]},{\"@type\":\"ImageObject\",\"inLanguage\":\"cs\",\"@id\":\"https:\/\/vzduchovetlmice.sk\/cs\/produkty\/horni-ulozeni-predniho-vzduchoveho-tlumice-lexus-rx-270-rx-350-rx-450h\/#primaryimage\",\"url\":\"https:\/\/vzduchovetlmice.sk\/wp-content\/uploads\/2025\/04\/horne-ulozenie-predneho-vzduchoveho-tlmica-na-Lexus-RX270-RX350-RX450h-48020-48075-48010-48075-4802048075-4801048075-4801048074-48010-48074-4802048074-48020-48074-4801048073-48010-48073.jpg\",\"contentUrl\":\"https:\/\/vzduchovetlmice.sk\/wp-content\/uploads\/2025\/04\/horne-ulozenie-predneho-vzduchoveho-tlmica-na-Lexus-RX270-RX350-RX450h-48020-48075-48010-48075-4802048075-4801048075-4801048074-48010-48074-4802048074-48020-48074-4801048073-48010-48073.jpg\",\"width\":1000,\"height\":1000,\"caption\":\"Horn\u00ed ulo\u017een\u00ed p\u0159edn\u00edho vzduchov\u00e9ho tlumi\u010de pro Lexus RX270, RX350, RX450h, 48020-48075, 48010-48075, 4802048075, 4801048075, 4801048074, 48010-48074, 4802048074, 48020-48074, 4801048073 48010-48073\"},{\"@type\":\"BreadcrumbList\",\"@id\":\"https:\/\/vzduchovetlmice.sk\/cs\/produkty\/horni-ulozeni-predniho-vzduchoveho-tlumice-lexus-rx-270-rx-350-rx-450h\/#breadcrumb\",\"itemListElement\":[{\"@type\":\"ListItem\",\"position\":1,\"name\":\"Domovsk\u00e1 str\u00e1nka\",\"item\":\"https:\/\/vzduchovetlmice.sk\/\"},{\"@type\":\"ListItem\",\"position\":2,\"name\":\"Obchod\",\"item\":\"https:\/\/vzduchovetlmice.sk\/obchod\/\"},{\"@type\":\"ListItem\",\"position\":3,\"name\":\"Horn\u00ed ulo\u017een\u00ed p\u0159edn\u00edho vzduchov\u00e9ho tlumi\u010de Lexus RX 270\/ RX 350\/ RX 450h\"}]},{\"@type\":\"WebSite\",\"@id\":\"https:\/\/vzduchovetlmice.sk\/#website\",\"url\":\"https:\/\/vzduchovetlmice.sk\/\",\"name\":\"VzduchoveTlmice.sk\",\"description\":\"predaj dielov pre vzduchov\u00fd podvozok\",\"potentialAction\":[{\"@type\":\"SearchAction\",\"target\":{\"@type\":\"EntryPoint\",\"urlTemplate\":\"https:\/\/vzduchovetlmice.sk\/?s={search_term_string}\"},\"query-input\":{\"@type\":\"PropertyValueSpecification\",\"valueRequired\":true,\"valueName\":\"search_term_string\"}}],\"inLanguage\":\"cs\"}]}<\/script>\n<!-- \/ Yoast SEO Premium plugin. -->","yoast_head_json":{"title":"Horn\u00ed ulo\u017een\u00ed p\u0159edn\u00edho vzduchov\u00e9ho tlumi\u010de Lexus RX450h","description":"Nov\u00fd horn\u00ed ulo\u017een\u00ed p\u0159edn\u00edho vzduchov\u00e9ho tlumi\u010de pro Lexus RX 270, Lexus RX 350, Lexus RX 450h (2008 - 2015). OEM: 48020-48075, 48010-48075, 4802048075, 4801048075, 4801048074, 48010-48074, 4802048074, 48020-48074, 4801048073 48010-48073, 4802048073, 48020-48073, 4801048072, 48010-48072, 4802048072, 48020-48072, 4801048071, 48010-48071, 4802048071, 48020-48071.","robots":{"index":"index","follow":"follow","max-snippet":"max-snippet:-1","max-image-preview":"max-image-preview:large","max-video-preview":"max-video-preview:-1"},"canonical":"https:\/\/vzduchovetlmice.sk\/cs\/produkty\/horni-ulozeni-predniho-vzduchoveho-tlumice-lexus-rx-270-rx-350-rx-450h\/","og_locale":"cs_CZ","og_type":"article","og_title":"Horn\u00ed ulo\u017een\u00ed p\u0159edn\u00edho vzduchov\u00e9ho tlumi\u010de Lexus RX 270\/ RX 350\/ RX 450h","og_description":"Nov\u00fd horn\u00ed ulo\u017een\u00ed p\u0159edn\u00edho vzduchov\u00e9ho tlumi\u010de pro Lexus RX 270, Lexus RX 350, Lexus RX 450h (2008 - 2015). OEM: 48020-48075, 48010-48075, 4802048075, 4801048075, 4801048074, 48010-48074, 4802048074, 48020-48074, 4801048073 48010-48073, 4802048073, 48020-48073, 4801048072, 48010-48072, 4802048072, 48020-48072, 4801048071, 48010-48071, 4802048071, 48020-48071.","og_url":"https:\/\/vzduchovetlmice.sk\/cs\/produkty\/horni-ulozeni-predniho-vzduchoveho-tlumice-lexus-rx-270-rx-350-rx-450h\/","og_site_name":"VzduchoveTlmice.sk","article_modified_time":"2025-11-07T17:03:19+00:00","og_image":[{"width":1000,"height":1000,"url":"https:\/\/vzduchovetlmice.sk\/wp-content\/uploads\/2025\/04\/horne-ulozenie-predneho-vzduchoveho-tlmica-na-Lexus-RX270-RX350-RX450h-48020-48075-48010-48075-4802048075-4801048075-4801048074-48010-48074-4802048074-48020-48074-4801048073-48010-48073.jpg","type":"image\/jpeg"}],"twitter_card":"summary_large_image","twitter_misc":{"Odhadovan\u00e1 doba \u010dten\u00ed":"1 minuta"},"schema":{"@context":"https:\/\/schema.org","@graph":[{"@type":"WebPage","@id":"https:\/\/vzduchovetlmice.sk\/cs\/produkty\/horni-ulozeni-predniho-vzduchoveho-tlumice-lexus-rx-270-rx-350-rx-450h\/","url":"https:\/\/vzduchovetlmice.sk\/cs\/produkty\/horni-ulozeni-predniho-vzduchoveho-tlumice-lexus-rx-270-rx-350-rx-450h\/","name":"Horn\u00ed ulo\u017een\u00ed p\u0159edn\u00edho vzduchov\u00e9ho tlumi\u010de Lexus RX450h","isPartOf":{"@id":"https:\/\/vzduchovetlmice.sk\/#website"},"primaryImageOfPage":{"@id":"https:\/\/vzduchovetlmice.sk\/cs\/produkty\/horni-ulozeni-predniho-vzduchoveho-tlumice-lexus-rx-270-rx-350-rx-450h\/#primaryimage"},"image":{"@id":"https:\/\/vzduchovetlmice.sk\/cs\/produkty\/horni-ulozeni-predniho-vzduchoveho-tlumice-lexus-rx-270-rx-350-rx-450h\/#primaryimage"},"thumbnailUrl":"https:\/\/vzduchovetlmice.sk\/wp-content\/uploads\/2025\/04\/horne-ulozenie-predneho-vzduchoveho-tlmica-na-Lexus-RX270-RX350-RX450h-48020-48075-48010-48075-4802048075-4801048075-4801048074-48010-48074-4802048074-48020-48074-4801048073-48010-48073.jpg","datePublished":"2025-04-26T12:20:03+00:00","dateModified":"2025-11-07T17:03:19+00:00","description":"Nov\u00fd horn\u00ed ulo\u017een\u00ed p\u0159edn\u00edho vzduchov\u00e9ho tlumi\u010de pro Lexus RX 270, Lexus RX 350, Lexus RX 450h (2008 - 2015). OEM: 48020-48075, 48010-48075, 4802048075, 4801048075, 4801048074, 48010-48074, 4802048074, 48020-48074, 4801048073 48010-48073, 4802048073, 48020-48073, 4801048072, 48010-48072, 4802048072, 48020-48072, 4801048071, 48010-48071, 4802048071, 48020-48071.","breadcrumb":{"@id":"https:\/\/vzduchovetlmice.sk\/cs\/produkty\/horni-ulozeni-predniho-vzduchoveho-tlumice-lexus-rx-270-rx-350-rx-450h\/#breadcrumb"},"inLanguage":"cs","potentialAction":[{"@type":"ReadAction","target":["https:\/\/vzduchovetlmice.sk\/cs\/produkty\/horni-ulozeni-predniho-vzduchoveho-tlumice-lexus-rx-270-rx-350-rx-450h\/"]}]},{"@type":"ImageObject","inLanguage":"cs","@id":"https:\/\/vzduchovetlmice.sk\/cs\/produkty\/horni-ulozeni-predniho-vzduchoveho-tlumice-lexus-rx-270-rx-350-rx-450h\/#primaryimage","url":"https:\/\/vzduchovetlmice.sk\/wp-content\/uploads\/2025\/04\/horne-ulozenie-predneho-vzduchoveho-tlmica-na-Lexus-RX270-RX350-RX450h-48020-48075-48010-48075-4802048075-4801048075-4801048074-48010-48074-4802048074-48020-48074-4801048073-48010-48073.jpg","contentUrl":"https:\/\/vzduchovetlmice.sk\/wp-content\/uploads\/2025\/04\/horne-ulozenie-predneho-vzduchoveho-tlmica-na-Lexus-RX270-RX350-RX450h-48020-48075-48010-48075-4802048075-4801048075-4801048074-48010-48074-4802048074-48020-48074-4801048073-48010-48073.jpg","width":1000,"height":1000,"caption":"Horn\u00ed ulo\u017een\u00ed p\u0159edn\u00edho vzduchov\u00e9ho tlumi\u010de pro Lexus RX270, RX350, RX450h, 48020-48075, 48010-48075, 4802048075, 4801048075, 4801048074, 48010-48074, 4802048074, 48020-48074, 4801048073 48010-48073"},{"@type":"BreadcrumbList","@id":"https:\/\/vzduchovetlmice.sk\/cs\/produkty\/horni-ulozeni-predniho-vzduchoveho-tlumice-lexus-rx-270-rx-350-rx-450h\/#breadcrumb","itemListElement":[{"@type":"ListItem","position":1,"name":"Domovsk\u00e1 str\u00e1nka","item":"https:\/\/vzduchovetlmice.sk\/"},{"@type":"ListItem","position":2,"name":"Obchod","item":"https:\/\/vzduchovetlmice.sk\/obchod\/"},{"@type":"ListItem","position":3,"name":"Horn\u00ed ulo\u017een\u00ed p\u0159edn\u00edho vzduchov\u00e9ho tlumi\u010de Lexus RX 270\/ RX 350\/ RX 450h"}]},{"@type":"WebSite","@id":"https:\/\/vzduchovetlmice.sk\/#website","url":"https:\/\/vzduchovetlmice.sk\/","name":"VzduchoveTlmice.sk","description":"predaj dielov pre vzduchov\u00fd podvozok","potentialAction":[{"@type":"SearchAction","target":{"@type":"EntryPoint","urlTemplate":"https:\/\/vzduchovetlmice.sk\/?s={search_term_string}"},"query-input":{"@type":"PropertyValueSpecification","valueRequired":true,"valueName":"search_term_string"}}],"inLanguage":"cs"}]}},"_links":{"self":[{"href":"https:\/\/vzduchovetlmice.sk\/cs\/wp-json\/wp\/v2\/product\/100948","targetHints":{"allow":["GET"]}}],"collection":[{"href":"https:\/\/vzduchovetlmice.sk\/cs\/wp-json\/wp\/v2\/product"}],"about":[{"href":"https:\/\/vzduchovetlmice.sk\/cs\/wp-json\/wp\/v2\/types\/product"}],"wp:featuredmedia":[{"embeddable":true,"href":"https:\/\/vzduchovetlmice.sk\/cs\/wp-json\/wp\/v2\/media\/100941"}],"wp:attachment":[{"href":"https:\/\/vzduchovetlmice.sk\/cs\/wp-json\/wp\/v2\/media?parent=100948"}],"wp:term":[{"taxonomy":"product_brand","embeddable":true,"href":"https:\/\/vzduchovetlmice.sk\/cs\/wp-json\/wp\/v2\/product_brand?post=100948"},{"taxonomy":"product_cat","embeddable":true,"href":"https:\/\/vzduchovetlmice.sk\/cs\/wp-json\/wp\/v2\/product_cat?post=100948"},{"taxonomy":"product_tag","embeddable":true,"href":"https:\/\/vzduchovetlmice.sk\/cs\/wp-json\/wp\/v2\/product_tag?post=100948"}],"curies":[{"name":"wp","href":"https:\/\/api.w.org\/{rel}","templated":true}]}}