{"id":100962,"date":"2025-04-26T15:20:04","date_gmt":"2025-04-26T15:20:04","guid":{"rendered":"https:\/\/vzduchovetlmice.sk\/?post_type=product&#038;p=100962"},"modified":"2025-04-27T11:27:38","modified_gmt":"2025-04-27T11:27:38","slug":"ventilova-jednotka-audi-q7-vw-touareg-porsche-cayenne-original-audi-kopia","status":"publish","type":"product","link":"https:\/\/vzduchovetlmice.sk\/cs\/produkty\/ventilova-jednotka-audi-q7-vw-touareg-porsche-cayenne-original-audi-kopia\/","title":{"rendered":"Ventilov\u00e1 jednotka Porsche Panamera 970 &#8211; Origin\u00e1l Porsche"},"content":{"rendered":"<h3><strong>Dal\u0161\u00ed informace:<\/strong><\/h3>\n<p>Nov\u00e1 ventilov\u00e1 jednotka kompresoru podvozku pro Porsche Panamera 970 (2009 &#8211; 2017).<\/p>\n<p>Jedn\u00e1 se o origin\u00e1ln\u00ed d\u00edl dod\u00e1van\u00fd do prvov\u00fdroby ( RAPA &#8211; prvov\u00fdroba).<\/p>\n<p>Sn\u00edma\u010d tlaku G291 je sou\u010d\u00e1st\u00ed ventilov\u00e9 jednotky a nelze jej vym\u011bnit samostatn\u011b.<\/p>\n<p>V p\u0159\u00edpad\u011b poruchy ventilov\u00e9 jednotky se mohou zobrazit n\u00e1sleduj\u00edc\u00ed chybov\u00e9 k\u00f3dy:P01772, P02250.<\/p>\n<h4><strong>Origin\u00e1ln\u00ed v\u00fdrobn\u00ed \u010d\u00edsla (OEM): <\/strong><\/h4>\n<p>97035815302, 970 358 153 02, 97035815303, 970 358 153 03, 97035815304, 970 358 153 04, 97035815322, 970 358 153 22, 97035815323, 970 358 153 23, 97035815324, 970 358 153 24, 97035815325, 970 358 153 25, 97035815326, 970 358 153 26, 15.1524-0027.2, 15152400272, 15.1524-0028.2, 15152400282, 15.1524-0026.2, 15152400262, LF23, LF23S<\/p>\n<p>&nbsp;<\/p>\n","protected":false},"excerpt":{"rendered":"<p><strong>Zna\u010dka: <\/strong>Porsche<\/p>\n<p><strong>Model:<\/strong> Panamera 970 (2009 &#8211; 2017)<\/p>\n<p><strong>V\u00fdrobce: <\/strong>RAPA &#8211; Made in Germany<\/p>\n<p><strong>Stav: Nov\u00e9<\/strong><\/p>\n<p><strong>Z\u00e1ruka: <\/strong>2 roky<\/p>\n<p><strong>Dostupnost:<\/strong> <span style=\"color: #00ff00;\"><strong>Skladem<\/strong><\/span><\/p>\n","protected":false},"featured_media":100970,"template":"","meta":{"_et_pb_use_builder":"","_et_pb_old_content":"","_et_gb_content_width":""},"product_brand":[469],"product_cat":[468],"product_tag":[],"class_list":{"0":"post-100962","1":"product","2":"type-product","3":"status-publish","4":"has-post-thumbnail","6":"product_brand-porsche","7":"product_cat-panamera-i-970-2009-2017-cs","9":"first","10":"instock","11":"shipping-taxable","12":"purchasable","13":"product-type-simple"},"yoast_head":"<!-- This site is optimized with the Yoast SEO Premium plugin v24.9 (Yoast SEO v27.1.1) - https:\/\/yoast.com\/product\/yoast-seo-premium-wordpress\/ -->\n<title>Ventilov\u00e1 jednotka Porsche Panamera 970 - Origin\u00e1l Porsche<\/title>\n<meta name=\"description\" content=\"Nov\u00e1 ventilov\u00e1 jednotka kompresoru podvozku pro Porsche Panamera 970 (2009 - 2017).Origin\u00e1ln\u00ed d\u00edl dod\u00e1van\u00fd do prvn\u00ed v\u00fdroby ( RAPA - prvn\u00ed v\u00fdroba).OEM: 97035815302, 970 358 153 02, 97035815303, 970 358 153 03, 97035815304, 970 358 153 04, 97035815322, 970 358 153 22, 97035815323, 970 358 153 23, 97035815324, 970 358 153 24, 97035815325, 970 358 153 25, 97035815326, 970 358 153 26, 15.1524-0027.2, 15152400272, 15.1524-0028.2, 15152400282, 15.1524-0026.2, 15152400262, LF23, LF23S.\" \/>\n<meta name=\"robots\" content=\"index, follow, max-snippet:-1, max-image-preview:large, max-video-preview:-1\" \/>\n<link rel=\"canonical\" href=\"https:\/\/vzduchovetlmice.sk\/produkty\/ventilova-jednotka-porsche-panamera-970-original-porsche\/\" \/>\n<meta property=\"og:locale\" content=\"cs_CZ\" \/>\n<meta property=\"og:type\" content=\"article\" \/>\n<meta property=\"og:title\" content=\"Ventilov\u00e1 jednotka Porsche Panamera 970 - Origin\u00e1l Porsche\" \/>\n<meta property=\"og:description\" content=\"Nov\u00e1 ventilov\u00e1 jednotka kompresoru podvozku pro Porsche Panamera 970 (2009 - 2017).Origin\u00e1ln\u00ed d\u00edl dod\u00e1van\u00fd do prvn\u00ed v\u00fdroby ( RAPA - prvn\u00ed v\u00fdroba).OEM: 97035815302, 970 358 153 02, 97035815303, 970 358 153 03, 97035815304, 970 358 153 04, 97035815322, 970 358 153 22, 97035815323, 970 358 153 23, 97035815324, 970 358 153 24, 97035815325, 970 358 153 25, 97035815326, 970 358 153 26, 15.1524-0027.2, 15152400272, 15.1524-0028.2, 15152400282, 15.1524-0026.2, 15152400262, LF23, LF23S.\" \/>\n<meta property=\"og:url\" content=\"https:\/\/vzduchovetlmice.sk\/produkty\/ventilova-jednotka-porsche-panamera-970-original-porsche\/\" \/>\n<meta property=\"og:site_name\" content=\"VzduchoveTlmice.sk\" \/>\n<meta property=\"article:modified_time\" content=\"2025-04-27T11:27:38+00:00\" \/>\n<meta property=\"og:image\" content=\"https:\/\/vzduchovetlmice.sk\/wp-content\/uploads\/2025\/04\/Ventilova-jednotka-Porsche-Panamera-970-97035815302-970-358-153-02-97035815303-970-358-153-03-97035815304-970-358-153-04-97035815322-970-358-153-22-97035815323-970-358-153-23-97035815324-1.jpg\" \/>\n\t<meta property=\"og:image:width\" content=\"1000\" \/>\n\t<meta property=\"og:image:height\" content=\"1000\" \/>\n\t<meta property=\"og:image:type\" content=\"image\/jpeg\" \/>\n<meta name=\"twitter:card\" content=\"summary_large_image\" \/>\n<script type=\"application\/ld+json\" class=\"yoast-schema-graph\">{\"@context\":\"https:\/\/schema.org\",\"@graph\":[{\"@type\":\"WebPage\",\"@id\":\"https:\/\/vzduchovetlmice.sk\/produkty\/ventilova-jednotka-porsche-panamera-970-original-porsche\/\",\"url\":\"https:\/\/vzduchovetlmice.sk\/produkty\/ventilova-jednotka-porsche-panamera-970-original-porsche\/\",\"name\":\"Ventilov\u00e1 jednotka Porsche Panamera 970 - Origin\u00e1l Porsche\",\"isPartOf\":{\"@id\":\"https:\/\/vzduchovetlmice.sk\/#website\"},\"primaryImageOfPage\":{\"@id\":\"https:\/\/vzduchovetlmice.sk\/produkty\/ventilova-jednotka-porsche-panamera-970-original-porsche\/#primaryimage\"},\"image\":{\"@id\":\"https:\/\/vzduchovetlmice.sk\/produkty\/ventilova-jednotka-porsche-panamera-970-original-porsche\/#primaryimage\"},\"thumbnailUrl\":\"https:\/\/vzduchovetlmice.sk\/wp-content\/uploads\/2025\/04\/Ventilova-jednotka-Porsche-Panamera-970-97035815302-970-358-153-02-97035815303-970-358-153-03-97035815304-970-358-153-04-97035815322-970-358-153-22-97035815323-970-358-153-23-97035815324-1.jpg\",\"datePublished\":\"2025-04-26T15:20:04+00:00\",\"dateModified\":\"2025-04-27T11:27:38+00:00\",\"description\":\"Nov\u00e1 ventilov\u00e1 jednotka kompresoru podvozku pro Porsche Panamera 970 (2009 - 2017).Origin\u00e1ln\u00ed d\u00edl dod\u00e1van\u00fd do prvn\u00ed v\u00fdroby ( RAPA - prvn\u00ed v\u00fdroba).OEM: 97035815302, 970 358 153 02, 97035815303, 970 358 153 03, 97035815304, 970 358 153 04, 97035815322, 970 358 153 22, 97035815323, 970 358 153 23, 97035815324, 970 358 153 24, 97035815325, 970 358 153 25, 97035815326, 970 358 153 26, 15.1524-0027.2, 15152400272, 15.1524-0028.2, 15152400282, 15.1524-0026.2, 15152400262, LF23, LF23S.\",\"breadcrumb\":{\"@id\":\"https:\/\/vzduchovetlmice.sk\/produkty\/ventilova-jednotka-porsche-panamera-970-original-porsche\/#breadcrumb\"},\"inLanguage\":\"cs\",\"potentialAction\":[{\"@type\":\"ReadAction\",\"target\":[\"https:\/\/vzduchovetlmice.sk\/produkty\/ventilova-jednotka-porsche-panamera-970-original-porsche\/\"]}]},{\"@type\":\"ImageObject\",\"inLanguage\":\"cs\",\"@id\":\"https:\/\/vzduchovetlmice.sk\/produkty\/ventilova-jednotka-porsche-panamera-970-original-porsche\/#primaryimage\",\"url\":\"https:\/\/vzduchovetlmice.sk\/wp-content\/uploads\/2025\/04\/Ventilova-jednotka-Porsche-Panamera-970-97035815302-970-358-153-02-97035815303-970-358-153-03-97035815304-970-358-153-04-97035815322-970-358-153-22-97035815323-970-358-153-23-97035815324-1.jpg\",\"contentUrl\":\"https:\/\/vzduchovetlmice.sk\/wp-content\/uploads\/2025\/04\/Ventilova-jednotka-Porsche-Panamera-970-97035815302-970-358-153-02-97035815303-970-358-153-03-97035815304-970-358-153-04-97035815322-970-358-153-22-97035815323-970-358-153-23-97035815324-1.jpg\",\"width\":1000,\"height\":1000,\"caption\":\"Porsche Panamera 970 ventilov\u00e1 jednotka, 97035815302, 970 358 153 02, 97035815303, 970 358 153 03, 97035815304, 970 358 153 04, 97035815322, 970 358 153 22, 97035815323, 970 358 153 23, 97035815324, RAPA, LF23, LF23S\"},{\"@type\":\"BreadcrumbList\",\"@id\":\"https:\/\/vzduchovetlmice.sk\/produkty\/ventilova-jednotka-porsche-panamera-970-original-porsche\/#breadcrumb\",\"itemListElement\":[{\"@type\":\"ListItem\",\"position\":1,\"name\":\"Domovsk\u00e1 str\u00e1nka\",\"item\":\"https:\/\/vzduchovetlmice.sk\/\"},{\"@type\":\"ListItem\",\"position\":2,\"name\":\"Obchod\",\"item\":\"https:\/\/vzduchovetlmice.sk\/obchod\/\"},{\"@type\":\"ListItem\",\"position\":3,\"name\":\"Ventilov\u00e1 jednotka Porsche Panamera 970 &#8211; Origin\u00e1l Porsche\"}]},{\"@type\":\"WebSite\",\"@id\":\"https:\/\/vzduchovetlmice.sk\/#website\",\"url\":\"https:\/\/vzduchovetlmice.sk\/\",\"name\":\"VzduchoveTlmice.sk\",\"description\":\"predaj dielov pre vzduchov\u00fd podvozok\",\"potentialAction\":[{\"@type\":\"SearchAction\",\"target\":{\"@type\":\"EntryPoint\",\"urlTemplate\":\"https:\/\/vzduchovetlmice.sk\/?s={search_term_string}\"},\"query-input\":{\"@type\":\"PropertyValueSpecification\",\"valueRequired\":true,\"valueName\":\"search_term_string\"}}],\"inLanguage\":\"cs\"}]}<\/script>\n<!-- \/ Yoast SEO Premium plugin. -->","yoast_head_json":{"title":"Ventilov\u00e1 jednotka Porsche Panamera 970 - Origin\u00e1l Porsche","description":"Nov\u00e1 ventilov\u00e1 jednotka kompresoru podvozku pro Porsche Panamera 970 (2009 - 2017).Origin\u00e1ln\u00ed d\u00edl dod\u00e1van\u00fd do prvn\u00ed v\u00fdroby ( RAPA - prvn\u00ed v\u00fdroba).OEM: 97035815302, 970 358 153 02, 97035815303, 970 358 153 03, 97035815304, 970 358 153 04, 97035815322, 970 358 153 22, 97035815323, 970 358 153 23, 97035815324, 970 358 153 24, 97035815325, 970 358 153 25, 97035815326, 970 358 153 26, 15.1524-0027.2, 15152400272, 15.1524-0028.2, 15152400282, 15.1524-0026.2, 15152400262, LF23, LF23S.","robots":{"index":"index","follow":"follow","max-snippet":"max-snippet:-1","max-image-preview":"max-image-preview:large","max-video-preview":"max-video-preview:-1"},"canonical":"https:\/\/vzduchovetlmice.sk\/produkty\/ventilova-jednotka-porsche-panamera-970-original-porsche\/","og_locale":"cs_CZ","og_type":"article","og_title":"Ventilov\u00e1 jednotka Porsche Panamera 970 - Origin\u00e1l Porsche","og_description":"Nov\u00e1 ventilov\u00e1 jednotka kompresoru podvozku pro Porsche Panamera 970 (2009 - 2017).Origin\u00e1ln\u00ed d\u00edl dod\u00e1van\u00fd do prvn\u00ed v\u00fdroby ( RAPA - prvn\u00ed v\u00fdroba).OEM: 97035815302, 970 358 153 02, 97035815303, 970 358 153 03, 97035815304, 970 358 153 04, 97035815322, 970 358 153 22, 97035815323, 970 358 153 23, 97035815324, 970 358 153 24, 97035815325, 970 358 153 25, 97035815326, 970 358 153 26, 15.1524-0027.2, 15152400272, 15.1524-0028.2, 15152400282, 15.1524-0026.2, 15152400262, LF23, LF23S.","og_url":"https:\/\/vzduchovetlmice.sk\/produkty\/ventilova-jednotka-porsche-panamera-970-original-porsche\/","og_site_name":"VzduchoveTlmice.sk","article_modified_time":"2025-04-27T11:27:38+00:00","og_image":[{"width":1000,"height":1000,"url":"https:\/\/vzduchovetlmice.sk\/wp-content\/uploads\/2025\/04\/Ventilova-jednotka-Porsche-Panamera-970-97035815302-970-358-153-02-97035815303-970-358-153-03-97035815304-970-358-153-04-97035815322-970-358-153-22-97035815323-970-358-153-23-97035815324-1.jpg","type":"image\/jpeg"}],"twitter_card":"summary_large_image","schema":{"@context":"https:\/\/schema.org","@graph":[{"@type":"WebPage","@id":"https:\/\/vzduchovetlmice.sk\/produkty\/ventilova-jednotka-porsche-panamera-970-original-porsche\/","url":"https:\/\/vzduchovetlmice.sk\/produkty\/ventilova-jednotka-porsche-panamera-970-original-porsche\/","name":"Ventilov\u00e1 jednotka Porsche Panamera 970 - Origin\u00e1l Porsche","isPartOf":{"@id":"https:\/\/vzduchovetlmice.sk\/#website"},"primaryImageOfPage":{"@id":"https:\/\/vzduchovetlmice.sk\/produkty\/ventilova-jednotka-porsche-panamera-970-original-porsche\/#primaryimage"},"image":{"@id":"https:\/\/vzduchovetlmice.sk\/produkty\/ventilova-jednotka-porsche-panamera-970-original-porsche\/#primaryimage"},"thumbnailUrl":"https:\/\/vzduchovetlmice.sk\/wp-content\/uploads\/2025\/04\/Ventilova-jednotka-Porsche-Panamera-970-97035815302-970-358-153-02-97035815303-970-358-153-03-97035815304-970-358-153-04-97035815322-970-358-153-22-97035815323-970-358-153-23-97035815324-1.jpg","datePublished":"2025-04-26T15:20:04+00:00","dateModified":"2025-04-27T11:27:38+00:00","description":"Nov\u00e1 ventilov\u00e1 jednotka kompresoru podvozku pro Porsche Panamera 970 (2009 - 2017).Origin\u00e1ln\u00ed d\u00edl dod\u00e1van\u00fd do prvn\u00ed v\u00fdroby ( RAPA - prvn\u00ed v\u00fdroba).OEM: 97035815302, 970 358 153 02, 97035815303, 970 358 153 03, 97035815304, 970 358 153 04, 97035815322, 970 358 153 22, 97035815323, 970 358 153 23, 97035815324, 970 358 153 24, 97035815325, 970 358 153 25, 97035815326, 970 358 153 26, 15.1524-0027.2, 15152400272, 15.1524-0028.2, 15152400282, 15.1524-0026.2, 15152400262, LF23, LF23S.","breadcrumb":{"@id":"https:\/\/vzduchovetlmice.sk\/produkty\/ventilova-jednotka-porsche-panamera-970-original-porsche\/#breadcrumb"},"inLanguage":"cs","potentialAction":[{"@type":"ReadAction","target":["https:\/\/vzduchovetlmice.sk\/produkty\/ventilova-jednotka-porsche-panamera-970-original-porsche\/"]}]},{"@type":"ImageObject","inLanguage":"cs","@id":"https:\/\/vzduchovetlmice.sk\/produkty\/ventilova-jednotka-porsche-panamera-970-original-porsche\/#primaryimage","url":"https:\/\/vzduchovetlmice.sk\/wp-content\/uploads\/2025\/04\/Ventilova-jednotka-Porsche-Panamera-970-97035815302-970-358-153-02-97035815303-970-358-153-03-97035815304-970-358-153-04-97035815322-970-358-153-22-97035815323-970-358-153-23-97035815324-1.jpg","contentUrl":"https:\/\/vzduchovetlmice.sk\/wp-content\/uploads\/2025\/04\/Ventilova-jednotka-Porsche-Panamera-970-97035815302-970-358-153-02-97035815303-970-358-153-03-97035815304-970-358-153-04-97035815322-970-358-153-22-97035815323-970-358-153-23-97035815324-1.jpg","width":1000,"height":1000,"caption":"Porsche Panamera 970 ventilov\u00e1 jednotka, 97035815302, 970 358 153 02, 97035815303, 970 358 153 03, 97035815304, 970 358 153 04, 97035815322, 970 358 153 22, 97035815323, 970 358 153 23, 97035815324, RAPA, LF23, LF23S"},{"@type":"BreadcrumbList","@id":"https:\/\/vzduchovetlmice.sk\/produkty\/ventilova-jednotka-porsche-panamera-970-original-porsche\/#breadcrumb","itemListElement":[{"@type":"ListItem","position":1,"name":"Domovsk\u00e1 str\u00e1nka","item":"https:\/\/vzduchovetlmice.sk\/"},{"@type":"ListItem","position":2,"name":"Obchod","item":"https:\/\/vzduchovetlmice.sk\/obchod\/"},{"@type":"ListItem","position":3,"name":"Ventilov\u00e1 jednotka Porsche Panamera 970 &#8211; Origin\u00e1l Porsche"}]},{"@type":"WebSite","@id":"https:\/\/vzduchovetlmice.sk\/#website","url":"https:\/\/vzduchovetlmice.sk\/","name":"VzduchoveTlmice.sk","description":"predaj dielov pre vzduchov\u00fd podvozok","potentialAction":[{"@type":"SearchAction","target":{"@type":"EntryPoint","urlTemplate":"https:\/\/vzduchovetlmice.sk\/?s={search_term_string}"},"query-input":{"@type":"PropertyValueSpecification","valueRequired":true,"valueName":"search_term_string"}}],"inLanguage":"cs"}]}},"_links":{"self":[{"href":"https:\/\/vzduchovetlmice.sk\/cs\/wp-json\/wp\/v2\/product\/100962","targetHints":{"allow":["GET"]}}],"collection":[{"href":"https:\/\/vzduchovetlmice.sk\/cs\/wp-json\/wp\/v2\/product"}],"about":[{"href":"https:\/\/vzduchovetlmice.sk\/cs\/wp-json\/wp\/v2\/types\/product"}],"wp:featuredmedia":[{"embeddable":true,"href":"https:\/\/vzduchovetlmice.sk\/cs\/wp-json\/wp\/v2\/media\/100970"}],"wp:attachment":[{"href":"https:\/\/vzduchovetlmice.sk\/cs\/wp-json\/wp\/v2\/media?parent=100962"}],"wp:term":[{"taxonomy":"product_brand","embeddable":true,"href":"https:\/\/vzduchovetlmice.sk\/cs\/wp-json\/wp\/v2\/product_brand?post=100962"},{"taxonomy":"product_cat","embeddable":true,"href":"https:\/\/vzduchovetlmice.sk\/cs\/wp-json\/wp\/v2\/product_cat?post=100962"},{"taxonomy":"product_tag","embeddable":true,"href":"https:\/\/vzduchovetlmice.sk\/cs\/wp-json\/wp\/v2\/product_tag?post=100962"}],"curies":[{"name":"wp","href":"https:\/\/api.w.org\/{rel}","templated":true}]}}