{"id":100981,"date":"2025-04-27T11:40:28","date_gmt":"2025-04-27T11:40:28","guid":{"rendered":"https:\/\/vzduchovetlmice.sk\/?post_type=product&#038;p=100981"},"modified":"2025-04-27T19:07:10","modified_gmt":"2025-04-27T19:07:10","slug":"ventilova-jednotka-audi-q7-vw-touareg-porsche-cayenne-original-audi-kopia-2","status":"publish","type":"product","link":"https:\/\/vzduchovetlmice.sk\/cs\/produkty\/ventilova-jednotka-audi-q7-vw-touareg-porsche-cayenne-original-audi-kopia-2\/","title":{"rendered":"Ventilov\u00e1 jednotka VW Touareg II, Porsche Cayenne II &#8211; Origin\u00e1l"},"content":{"rendered":"<h3><strong>Dal\u0161\u00ed informace:<\/strong><\/h3>\n<p>Nov\u00e1 ventilov\u00e1 jednotka kompresoru podvozku pro Volkswagen Touareg II 7P (2010 &#8211; 2018) a Porsche Cayenne II 92A (2010 &#8211; 2017).<\/p>\n<p>Jedn\u00e1 se o origin\u00e1ln\u00ed d\u00edl dod\u00e1van\u00fd do prvov\u00fdroby ( RAPA &#8211; prvov\u00fdroba).<\/p>\n<p>Sn\u00edma\u010d tlaku G291 je sou\u010d\u00e1st\u00ed ventilov\u00e9 jednotky a nelze jej vym\u011bnit samostatn\u011b.<\/p>\n<p>V p\u0159\u00edpad\u011b poruchy ventilov\u00e9 jednotky se mohou zobrazit n\u00e1sleduj\u00edc\u00ed chybov\u00e9 k\u00f3dy:P01772, P02250.<\/p>\n<h4><strong>Origin\u00e1ln\u00ed v\u00fdrobn\u00ed \u010d\u00edsla (OEM): <\/strong><\/h4>\n<p>958 358 903 00, 95835890300,  <span class=\"p5_cell_content p5_vertical_align_mid\" title=\"958 698 014 A\">958 698 014 A<\/span>, 958698014A, 7P0698014, 7P0 698 014 B, LF23, LF23S<\/p>\n","protected":false},"excerpt":{"rendered":"<p><strong>Zna\u010dka: <\/strong>Volkswagen (VW), Porsche<\/p>\n<p><strong>Model:<\/strong> Volkswagen Touareg II 7P (2010 &#8211; 2018), Porsche Cayenne II 92A (2010 &#8211; 2017)<\/p>\n<p><strong>V\u00fdrobce: <\/strong>RAPA &#8211; Made in Germany<\/p>\n<p><strong>Stav: Nov\u00e9<\/strong><\/p>\n<p><strong>Z\u00e1ruka: <\/strong>2 roky<\/p>\n<p><strong>Dostupnost:<\/strong> <span style=\"color: #00ff00;\"><strong>Skladem<\/strong><\/span><\/p>\n","protected":false},"featured_media":100984,"template":"","meta":{"_et_pb_use_builder":"","_et_pb_old_content":"","_et_gb_content_width":""},"product_brand":[469,471],"product_cat":[472,479,473,526],"product_tag":[],"class_list":{"0":"post-100981","1":"product","2":"type-product","3":"status-publish","4":"has-post-thumbnail","6":"product_brand-porsche","7":"product_brand-volkswagen","8":"product_cat-cayenne-ii-92a-2010-2017-cs","9":"product_cat-porsche-cs","10":"product_cat-touareg-ii-7p-2010-2018-cs","11":"product_cat-volkswagen-cs","13":"first","14":"instock","15":"shipping-taxable","16":"purchasable","17":"product-type-simple"},"yoast_head":"<!-- This site is optimized with the Yoast SEO Premium plugin v24.9 (Yoast SEO v27.1.1) - https:\/\/yoast.com\/product\/yoast-seo-premium-wordpress\/ -->\n<title>Ventilov\u00e1 jednotka VW Touareg II, Porsche Cayenne II - Origin\u00e1l<\/title>\n<meta name=\"description\" content=\"Nov\u00e1 ventilov\u00e1 jednotka kompresoru podvozku pro Volkswagen Touareg II 7P (2010 - 2018) a Porsche Cayenne II 92A (2010 - 2017).Origin\u00e1ln\u00ed d\u00edl dod\u00e1van\u00fd do prvov\u00fdroby ( RAPA - prvov\u00fdroba).OEM: 958 358 903 00, 95835890300, 958 698 014 A, 958698014A, 7P0698014, 7P0 698 014 B, LF23, LF23S.\" \/>\n<meta name=\"robots\" content=\"index, follow, max-snippet:-1, max-image-preview:large, max-video-preview:-1\" \/>\n<link rel=\"canonical\" href=\"https:\/\/vzduchovetlmice.sk\/cs\/produkty\/ventilova-jednotka-audi-q7-vw-touareg-porsche-cayenne-original-audi-kopia-2\/\" \/>\n<meta property=\"og:locale\" content=\"cs_CZ\" \/>\n<meta property=\"og:type\" content=\"article\" \/>\n<meta property=\"og:title\" content=\"Ventilov\u00e1 jednotka VW Touareg II, Porsche Cayenne II - Origin\u00e1l\" \/>\n<meta property=\"og:description\" content=\"Nov\u00e1 ventilov\u00e1 jednotka kompresoru podvozku pro Volkswagen Touareg II 7P (2010 - 2018) a Porsche Cayenne II 92A (2010 - 2017).Origin\u00e1ln\u00ed d\u00edl dod\u00e1van\u00fd do prvov\u00fdroby ( RAPA - prvov\u00fdroba).OEM: 958 358 903 00, 95835890300, 958 698 014 A, 958698014A, 7P0698014, 7P0 698 014 B, LF23, LF23S.\" \/>\n<meta property=\"og:url\" content=\"https:\/\/vzduchovetlmice.sk\/cs\/produkty\/ventilova-jednotka-audi-q7-vw-touareg-porsche-cayenne-original-audi-kopia-2\/\" \/>\n<meta property=\"og:site_name\" content=\"VzduchoveTlmice.sk\" \/>\n<meta property=\"article:modified_time\" content=\"2025-04-27T19:07:10+00:00\" \/>\n<meta property=\"og:image\" content=\"https:\/\/vzduchovetlmice.sk\/wp-content\/uploads\/2025\/04\/Ventilova-jednotka-VW-Touareg-II-7P-Porsche-Cayenne-II-92A-958-358-903-00-95835890300-958-698-014-A-958698014A-7P0698014-7P0-698-014-B-RAPA-LF23-LF23S.jpg\" \/>\n\t<meta property=\"og:image:width\" content=\"1000\" \/>\n\t<meta property=\"og:image:height\" content=\"1000\" \/>\n\t<meta property=\"og:image:type\" content=\"image\/jpeg\" \/>\n<meta name=\"twitter:card\" content=\"summary_large_image\" \/>\n<script type=\"application\/ld+json\" class=\"yoast-schema-graph\">{\"@context\":\"https:\/\/schema.org\",\"@graph\":[{\"@type\":\"WebPage\",\"@id\":\"https:\/\/vzduchovetlmice.sk\/cs\/produkty\/ventilova-jednotka-audi-q7-vw-touareg-porsche-cayenne-original-audi-kopia-2\/\",\"url\":\"https:\/\/vzduchovetlmice.sk\/cs\/produkty\/ventilova-jednotka-audi-q7-vw-touareg-porsche-cayenne-original-audi-kopia-2\/\",\"name\":\"Ventilov\u00e1 jednotka VW Touareg II, Porsche Cayenne II - Origin\u00e1l\",\"isPartOf\":{\"@id\":\"https:\/\/vzduchovetlmice.sk\/#website\"},\"primaryImageOfPage\":{\"@id\":\"https:\/\/vzduchovetlmice.sk\/cs\/produkty\/ventilova-jednotka-audi-q7-vw-touareg-porsche-cayenne-original-audi-kopia-2\/#primaryimage\"},\"image\":{\"@id\":\"https:\/\/vzduchovetlmice.sk\/cs\/produkty\/ventilova-jednotka-audi-q7-vw-touareg-porsche-cayenne-original-audi-kopia-2\/#primaryimage\"},\"thumbnailUrl\":\"https:\/\/vzduchovetlmice.sk\/wp-content\/uploads\/2025\/04\/Ventilova-jednotka-VW-Touareg-II-7P-Porsche-Cayenne-II-92A-958-358-903-00-95835890300-958-698-014-A-958698014A-7P0698014-7P0-698-014-B-RAPA-LF23-LF23S.jpg\",\"datePublished\":\"2025-04-27T11:40:28+00:00\",\"dateModified\":\"2025-04-27T19:07:10+00:00\",\"description\":\"Nov\u00e1 ventilov\u00e1 jednotka kompresoru podvozku pro Volkswagen Touareg II 7P (2010 - 2018) a Porsche Cayenne II 92A (2010 - 2017).Origin\u00e1ln\u00ed d\u00edl dod\u00e1van\u00fd do prvov\u00fdroby ( RAPA - prvov\u00fdroba).OEM: 958 358 903 00, 95835890300, 958 698 014 A, 958698014A, 7P0698014, 7P0 698 014 B, LF23, LF23S.\",\"breadcrumb\":{\"@id\":\"https:\/\/vzduchovetlmice.sk\/cs\/produkty\/ventilova-jednotka-audi-q7-vw-touareg-porsche-cayenne-original-audi-kopia-2\/#breadcrumb\"},\"inLanguage\":\"cs\",\"potentialAction\":[{\"@type\":\"ReadAction\",\"target\":[\"https:\/\/vzduchovetlmice.sk\/cs\/produkty\/ventilova-jednotka-audi-q7-vw-touareg-porsche-cayenne-original-audi-kopia-2\/\"]}]},{\"@type\":\"ImageObject\",\"inLanguage\":\"cs\",\"@id\":\"https:\/\/vzduchovetlmice.sk\/cs\/produkty\/ventilova-jednotka-audi-q7-vw-touareg-porsche-cayenne-original-audi-kopia-2\/#primaryimage\",\"url\":\"https:\/\/vzduchovetlmice.sk\/wp-content\/uploads\/2025\/04\/Ventilova-jednotka-VW-Touareg-II-7P-Porsche-Cayenne-II-92A-958-358-903-00-95835890300-958-698-014-A-958698014A-7P0698014-7P0-698-014-B-RAPA-LF23-LF23S.jpg\",\"contentUrl\":\"https:\/\/vzduchovetlmice.sk\/wp-content\/uploads\/2025\/04\/Ventilova-jednotka-VW-Touareg-II-7P-Porsche-Cayenne-II-92A-958-358-903-00-95835890300-958-698-014-A-958698014A-7P0698014-7P0-698-014-B-RAPA-LF23-LF23S.jpg\",\"width\":1000,\"height\":1000,\"caption\":\"Ventilov\u00e1 jednotka VW Touareg II 7P, Porsche Cayenne II 92A, 958 358 903 00, 95835890300, 958 698 014 A, 958698014A, 7P0698014, 7P0 698 014 B, RAPA, LF23, LF23S\"},{\"@type\":\"BreadcrumbList\",\"@id\":\"https:\/\/vzduchovetlmice.sk\/cs\/produkty\/ventilova-jednotka-audi-q7-vw-touareg-porsche-cayenne-original-audi-kopia-2\/#breadcrumb\",\"itemListElement\":[{\"@type\":\"ListItem\",\"position\":1,\"name\":\"Domovsk\u00e1 str\u00e1nka\",\"item\":\"https:\/\/vzduchovetlmice.sk\/\"},{\"@type\":\"ListItem\",\"position\":2,\"name\":\"Obchod\",\"item\":\"https:\/\/vzduchovetlmice.sk\/obchod\/\"},{\"@type\":\"ListItem\",\"position\":3,\"name\":\"Ventilov\u00e1 jednotka VW Touareg II, Porsche Cayenne II &#8211; Origin\u00e1l\"}]},{\"@type\":\"WebSite\",\"@id\":\"https:\/\/vzduchovetlmice.sk\/#website\",\"url\":\"https:\/\/vzduchovetlmice.sk\/\",\"name\":\"VzduchoveTlmice.sk\",\"description\":\"predaj dielov pre vzduchov\u00fd podvozok\",\"potentialAction\":[{\"@type\":\"SearchAction\",\"target\":{\"@type\":\"EntryPoint\",\"urlTemplate\":\"https:\/\/vzduchovetlmice.sk\/?s={search_term_string}\"},\"query-input\":{\"@type\":\"PropertyValueSpecification\",\"valueRequired\":true,\"valueName\":\"search_term_string\"}}],\"inLanguage\":\"cs\"}]}<\/script>\n<!-- \/ Yoast SEO Premium plugin. -->","yoast_head_json":{"title":"Ventilov\u00e1 jednotka VW Touareg II, Porsche Cayenne II - Origin\u00e1l","description":"Nov\u00e1 ventilov\u00e1 jednotka kompresoru podvozku pro Volkswagen Touareg II 7P (2010 - 2018) a Porsche Cayenne II 92A (2010 - 2017).Origin\u00e1ln\u00ed d\u00edl dod\u00e1van\u00fd do prvov\u00fdroby ( RAPA - prvov\u00fdroba).OEM: 958 358 903 00, 95835890300, 958 698 014 A, 958698014A, 7P0698014, 7P0 698 014 B, LF23, LF23S.","robots":{"index":"index","follow":"follow","max-snippet":"max-snippet:-1","max-image-preview":"max-image-preview:large","max-video-preview":"max-video-preview:-1"},"canonical":"https:\/\/vzduchovetlmice.sk\/cs\/produkty\/ventilova-jednotka-audi-q7-vw-touareg-porsche-cayenne-original-audi-kopia-2\/","og_locale":"cs_CZ","og_type":"article","og_title":"Ventilov\u00e1 jednotka VW Touareg II, Porsche Cayenne II - Origin\u00e1l","og_description":"Nov\u00e1 ventilov\u00e1 jednotka kompresoru podvozku pro Volkswagen Touareg II 7P (2010 - 2018) a Porsche Cayenne II 92A (2010 - 2017).Origin\u00e1ln\u00ed d\u00edl dod\u00e1van\u00fd do prvov\u00fdroby ( RAPA - prvov\u00fdroba).OEM: 958 358 903 00, 95835890300, 958 698 014 A, 958698014A, 7P0698014, 7P0 698 014 B, LF23, LF23S.","og_url":"https:\/\/vzduchovetlmice.sk\/cs\/produkty\/ventilova-jednotka-audi-q7-vw-touareg-porsche-cayenne-original-audi-kopia-2\/","og_site_name":"VzduchoveTlmice.sk","article_modified_time":"2025-04-27T19:07:10+00:00","og_image":[{"width":1000,"height":1000,"url":"https:\/\/vzduchovetlmice.sk\/wp-content\/uploads\/2025\/04\/Ventilova-jednotka-VW-Touareg-II-7P-Porsche-Cayenne-II-92A-958-358-903-00-95835890300-958-698-014-A-958698014A-7P0698014-7P0-698-014-B-RAPA-LF23-LF23S.jpg","type":"image\/jpeg"}],"twitter_card":"summary_large_image","schema":{"@context":"https:\/\/schema.org","@graph":[{"@type":"WebPage","@id":"https:\/\/vzduchovetlmice.sk\/cs\/produkty\/ventilova-jednotka-audi-q7-vw-touareg-porsche-cayenne-original-audi-kopia-2\/","url":"https:\/\/vzduchovetlmice.sk\/cs\/produkty\/ventilova-jednotka-audi-q7-vw-touareg-porsche-cayenne-original-audi-kopia-2\/","name":"Ventilov\u00e1 jednotka VW Touareg II, Porsche Cayenne II - Origin\u00e1l","isPartOf":{"@id":"https:\/\/vzduchovetlmice.sk\/#website"},"primaryImageOfPage":{"@id":"https:\/\/vzduchovetlmice.sk\/cs\/produkty\/ventilova-jednotka-audi-q7-vw-touareg-porsche-cayenne-original-audi-kopia-2\/#primaryimage"},"image":{"@id":"https:\/\/vzduchovetlmice.sk\/cs\/produkty\/ventilova-jednotka-audi-q7-vw-touareg-porsche-cayenne-original-audi-kopia-2\/#primaryimage"},"thumbnailUrl":"https:\/\/vzduchovetlmice.sk\/wp-content\/uploads\/2025\/04\/Ventilova-jednotka-VW-Touareg-II-7P-Porsche-Cayenne-II-92A-958-358-903-00-95835890300-958-698-014-A-958698014A-7P0698014-7P0-698-014-B-RAPA-LF23-LF23S.jpg","datePublished":"2025-04-27T11:40:28+00:00","dateModified":"2025-04-27T19:07:10+00:00","description":"Nov\u00e1 ventilov\u00e1 jednotka kompresoru podvozku pro Volkswagen Touareg II 7P (2010 - 2018) a Porsche Cayenne II 92A (2010 - 2017).Origin\u00e1ln\u00ed d\u00edl dod\u00e1van\u00fd do prvov\u00fdroby ( RAPA - prvov\u00fdroba).OEM: 958 358 903 00, 95835890300, 958 698 014 A, 958698014A, 7P0698014, 7P0 698 014 B, LF23, LF23S.","breadcrumb":{"@id":"https:\/\/vzduchovetlmice.sk\/cs\/produkty\/ventilova-jednotka-audi-q7-vw-touareg-porsche-cayenne-original-audi-kopia-2\/#breadcrumb"},"inLanguage":"cs","potentialAction":[{"@type":"ReadAction","target":["https:\/\/vzduchovetlmice.sk\/cs\/produkty\/ventilova-jednotka-audi-q7-vw-touareg-porsche-cayenne-original-audi-kopia-2\/"]}]},{"@type":"ImageObject","inLanguage":"cs","@id":"https:\/\/vzduchovetlmice.sk\/cs\/produkty\/ventilova-jednotka-audi-q7-vw-touareg-porsche-cayenne-original-audi-kopia-2\/#primaryimage","url":"https:\/\/vzduchovetlmice.sk\/wp-content\/uploads\/2025\/04\/Ventilova-jednotka-VW-Touareg-II-7P-Porsche-Cayenne-II-92A-958-358-903-00-95835890300-958-698-014-A-958698014A-7P0698014-7P0-698-014-B-RAPA-LF23-LF23S.jpg","contentUrl":"https:\/\/vzduchovetlmice.sk\/wp-content\/uploads\/2025\/04\/Ventilova-jednotka-VW-Touareg-II-7P-Porsche-Cayenne-II-92A-958-358-903-00-95835890300-958-698-014-A-958698014A-7P0698014-7P0-698-014-B-RAPA-LF23-LF23S.jpg","width":1000,"height":1000,"caption":"Ventilov\u00e1 jednotka VW Touareg II 7P, Porsche Cayenne II 92A, 958 358 903 00, 95835890300, 958 698 014 A, 958698014A, 7P0698014, 7P0 698 014 B, RAPA, LF23, LF23S"},{"@type":"BreadcrumbList","@id":"https:\/\/vzduchovetlmice.sk\/cs\/produkty\/ventilova-jednotka-audi-q7-vw-touareg-porsche-cayenne-original-audi-kopia-2\/#breadcrumb","itemListElement":[{"@type":"ListItem","position":1,"name":"Domovsk\u00e1 str\u00e1nka","item":"https:\/\/vzduchovetlmice.sk\/"},{"@type":"ListItem","position":2,"name":"Obchod","item":"https:\/\/vzduchovetlmice.sk\/obchod\/"},{"@type":"ListItem","position":3,"name":"Ventilov\u00e1 jednotka VW Touareg II, Porsche Cayenne II &#8211; Origin\u00e1l"}]},{"@type":"WebSite","@id":"https:\/\/vzduchovetlmice.sk\/#website","url":"https:\/\/vzduchovetlmice.sk\/","name":"VzduchoveTlmice.sk","description":"predaj dielov pre vzduchov\u00fd podvozok","potentialAction":[{"@type":"SearchAction","target":{"@type":"EntryPoint","urlTemplate":"https:\/\/vzduchovetlmice.sk\/?s={search_term_string}"},"query-input":{"@type":"PropertyValueSpecification","valueRequired":true,"valueName":"search_term_string"}}],"inLanguage":"cs"}]}},"_links":{"self":[{"href":"https:\/\/vzduchovetlmice.sk\/cs\/wp-json\/wp\/v2\/product\/100981","targetHints":{"allow":["GET"]}}],"collection":[{"href":"https:\/\/vzduchovetlmice.sk\/cs\/wp-json\/wp\/v2\/product"}],"about":[{"href":"https:\/\/vzduchovetlmice.sk\/cs\/wp-json\/wp\/v2\/types\/product"}],"wp:featuredmedia":[{"embeddable":true,"href":"https:\/\/vzduchovetlmice.sk\/cs\/wp-json\/wp\/v2\/media\/100984"}],"wp:attachment":[{"href":"https:\/\/vzduchovetlmice.sk\/cs\/wp-json\/wp\/v2\/media?parent=100981"}],"wp:term":[{"taxonomy":"product_brand","embeddable":true,"href":"https:\/\/vzduchovetlmice.sk\/cs\/wp-json\/wp\/v2\/product_brand?post=100981"},{"taxonomy":"product_cat","embeddable":true,"href":"https:\/\/vzduchovetlmice.sk\/cs\/wp-json\/wp\/v2\/product_cat?post=100981"},{"taxonomy":"product_tag","embeddable":true,"href":"https:\/\/vzduchovetlmice.sk\/cs\/wp-json\/wp\/v2\/product_tag?post=100981"}],"curies":[{"name":"wp","href":"https:\/\/api.w.org\/{rel}","templated":true}]}}