{"id":101014,"date":"2025-04-27T19:53:11","date_gmt":"2025-04-27T19:53:11","guid":{"rendered":"https:\/\/vzduchovetlmice.sk\/?post_type=product&#038;p=101014"},"modified":"2025-04-27T20:21:18","modified_gmt":"2025-04-27T20:21:18","slug":"predni-vzduchovy-mech-audi-a8-s8-d5-4n-kopia","status":"publish","type":"product","link":"https:\/\/vzduchovetlmice.sk\/cs\/produkty\/predni-vzduchovy-mech-audi-a8-s8-d5-4n-kopia\/","title":{"rendered":"P\u0159edn\u00ed vzduchov\u00fd m\u011bch Mercedes Benz T\u0159\u00edda E W213, T\u0159\u00edda E S213, CLS-t\u0159\u00edda C257"},"content":{"rendered":"<h3><strong>Dal\u0161\u00ed informace:<\/strong><\/h3>\n<p>Nov\u00fd p\u0159edn\u00ed vzduchov\u00fd m\u011bch pro Mercedes Benz t\u0159\u00eddy E W213 (2016 &#8211; 2023), Mercedes Benz t\u0159\u00eddy E S213\/ X213 (2016 &#8211; 2023) a Mercedes Benz CLS t\u0159\u00eddy C257 (2017 &#8211; 2024). V\u010detn\u011b v\u0161ech t\u011bsn\u011bn\u00ed a p\u0159\u00edslu\u0161enstv\u00ed.<\/p>\n<p>P\u0159edn\u00ed vzduchov\u00fd m\u011bch je stejn\u00fd pro pravou i levou stranu.<\/p>\n<p>Ur\u010deno pro modely s AIRMATIC a tak\u00e9 pro modely AMG.<\/p>\n<h4><strong>Origin\u00e1ln\u00ed v\u00fdrobn\u00ed \u010d\u00edsla (OEM): <\/strong><\/h4>\n<p>A2133200701, A2133202300, 2383208601, 2133202002, A2383209301, 2383209301, A2383209401, 2383209401, A2133202102, A2133200902, A2133201902, 2133202102, 2133201902, A21332202, A2133200800, A2133201002, 2133202202, 2133200800, 2133201002, A2133200325, A2133208703, 2133208703, 2133208803, A2133202100, A2133200725 , A2133202300, A2133200701, A2133202100, A2133200325, A2133202138, A2133200725, A2133208800, A2133202401, 2133208803, 2133202238, A2133208700, A2133202301, 2133208703, A2133208703, A2133202238, 2133202138, A2133202438, A2133202201, A2133208800, A2133202338, A2133202101, A2133208770<\/p>\n","protected":false},"excerpt":{"rendered":"<p><strong>Zna\u010dka: <\/strong>Mercedes Benz<\/p>\n<p><strong>Model:<\/strong> t\u0159\u00edda E W213 (2016 &#8211; 2023), t\u0159\u00edda E S213 \/ X213 (2016 &#8211; 2023), CLS &#8211; t\u0159\u00edda C257 (2017 &#8211; 2024 )<\/p>\n<p><strong>TYP:<\/strong> RWD, 4Matic<\/p>\n<p><strong>Poloha: <\/strong>p\u0159edn\u00ed n\u00e1prava vpravo\/vlevo<\/p>\n<p><strong>V\u00fdrobce: OEM<\/strong><\/p>\n<p><strong>Stav: Nov\u00e9<\/strong><\/p>\n<p><strong>Z\u00e1ruka: <\/strong>2 roky<\/p>\n<p><strong>Dostupnost:<\/strong> <span style=\"color: #00ff00;\"><strong>Skladem<\/strong><\/span><\/p>\n","protected":false},"featured_media":101018,"template":"","meta":{"_et_pb_use_builder":"","_et_pb_old_content":"","_et_gb_content_width":""},"product_brand":[52],"product_cat":[478,477,333],"product_tag":[],"class_list":{"0":"post-101014","1":"product","2":"type-product","3":"status-publish","4":"has-post-thumbnail","6":"product_brand-mercedes-benz","7":"product_cat-cls-c257-2017-2024-cs","8":"product_cat-e-w213-s213-x213-2016-2023-cs","9":"product_cat-mercedes-benz-cs","11":"first","12":"instock","13":"shipping-taxable","14":"purchasable","15":"product-type-simple"},"yoast_head":"<!-- This site is optimized with the Yoast SEO Premium plugin v24.9 (Yoast SEO v27.1.1) - https:\/\/yoast.com\/product\/yoast-seo-premium-wordpress\/ -->\n<title>P\u0159edn\u00ed vzduchov\u00fd m\u011bch Mercedes Benz T\u0159\u00edda E W213, T\u0159\u00edda E S213, CLS-t\u0159\u00edda C257<\/title>\n<meta name=\"description\" content=\"Nov\u00fd p\u0159edn\u00ed vzduchov\u00fd m\u011bch pro Mercedes Benz t\u0159\u00eddy E W213 (2016 - 2023), Mercedes Benz t\u0159\u00eddy E S213\/ X213 (2016 - 2023) a Mercedes Benz CLS t\u0159\u00eddy C257 (2017 - 2024). OEM: A2133200701, A2133202300, 2383208601, 2133202002, A2383209301, 2383209301, A2383209401, 2383209401, A2133202102, A2133200902, A2133201902, 2133202102, 2133201902, A21332202, A2133200800, A2133201002, 2133202202, 2133200800, 2133201002, A2133200325,...\" \/>\n<meta name=\"robots\" content=\"index, follow, max-snippet:-1, max-image-preview:large, max-video-preview:-1\" \/>\n<link rel=\"canonical\" href=\"https:\/\/vzduchovetlmice.sk\/cs\/produkty\/predni-vzduchovy-mech-audi-a8-s8-d5-4n-kopia\/\" \/>\n<meta property=\"og:locale\" content=\"cs_CZ\" \/>\n<meta property=\"og:type\" content=\"article\" \/>\n<meta property=\"og:title\" content=\"P\u0159edn\u00ed vzduchov\u00fd m\u011bch Mercedes Benz T\u0159\u00edda E W213, T\u0159\u00edda E S213, CLS-t\u0159\u00edda C257\" \/>\n<meta property=\"og:description\" content=\"Nov\u00fd p\u0159edn\u00ed vzduchov\u00fd m\u011bch pro Mercedes Benz t\u0159\u00eddy E W213 (2016 - 2023), Mercedes Benz t\u0159\u00eddy E S213\/ X213 (2016 - 2023) a Mercedes Benz CLS t\u0159\u00eddy C257 (2017 - 2024). OEM: A2133200701, A2133202300, 2383208601, 2133202002, A2383209301, 2383209301, A2383209401, 2383209401, A2133202102, A2133200902, A2133201902, 2133202102, 2133201902, A21332202, A2133200800, A2133201002, 2133202202, 2133200800, 2133201002, A2133200325,...\" \/>\n<meta property=\"og:url\" content=\"https:\/\/vzduchovetlmice.sk\/cs\/produkty\/predni-vzduchovy-mech-audi-a8-s8-d5-4n-kopia\/\" \/>\n<meta property=\"og:site_name\" content=\"VzduchoveTlmice.sk\" \/>\n<meta property=\"article:modified_time\" content=\"2025-04-27T20:21:18+00:00\" \/>\n<meta property=\"og:image\" content=\"https:\/\/vzduchovetlmice.sk\/wp-content\/uploads\/2025\/04\/Predny-vzduchovy-vankus-Mercedes-Benz-E-class-W213-E-class-S213-CLS-class-C257-A2133200701-A2133202300-2383208601-2133202002-A2383209301-2383209301-A2383209401-2383209401.jpg\" \/>\n\t<meta property=\"og:image:width\" content=\"1000\" \/>\n\t<meta property=\"og:image:height\" content=\"1000\" \/>\n\t<meta property=\"og:image:type\" content=\"image\/jpeg\" \/>\n<meta name=\"twitter:card\" content=\"summary_large_image\" \/>\n<meta name=\"twitter:label1\" content=\"Odhadovan\u00e1 doba \u010dten\u00ed\" \/>\n\t<meta name=\"twitter:data1\" content=\"1 minuta\" \/>\n<script type=\"application\/ld+json\" class=\"yoast-schema-graph\">{\"@context\":\"https:\/\/schema.org\",\"@graph\":[{\"@type\":\"WebPage\",\"@id\":\"https:\/\/vzduchovetlmice.sk\/cs\/produkty\/predni-vzduchovy-mech-audi-a8-s8-d5-4n-kopia\/\",\"url\":\"https:\/\/vzduchovetlmice.sk\/cs\/produkty\/predni-vzduchovy-mech-audi-a8-s8-d5-4n-kopia\/\",\"name\":\"P\u0159edn\u00ed vzduchov\u00fd m\u011bch Mercedes Benz T\u0159\u00edda E W213, T\u0159\u00edda E S213, CLS-t\u0159\u00edda C257\",\"isPartOf\":{\"@id\":\"https:\/\/vzduchovetlmice.sk\/#website\"},\"primaryImageOfPage\":{\"@id\":\"https:\/\/vzduchovetlmice.sk\/cs\/produkty\/predni-vzduchovy-mech-audi-a8-s8-d5-4n-kopia\/#primaryimage\"},\"image\":{\"@id\":\"https:\/\/vzduchovetlmice.sk\/cs\/produkty\/predni-vzduchovy-mech-audi-a8-s8-d5-4n-kopia\/#primaryimage\"},\"thumbnailUrl\":\"https:\/\/vzduchovetlmice.sk\/wp-content\/uploads\/2025\/04\/Predny-vzduchovy-vankus-Mercedes-Benz-E-class-W213-E-class-S213-CLS-class-C257-A2133200701-A2133202300-2383208601-2133202002-A2383209301-2383209301-A2383209401-2383209401.jpg\",\"datePublished\":\"2025-04-27T19:53:11+00:00\",\"dateModified\":\"2025-04-27T20:21:18+00:00\",\"description\":\"Nov\u00fd p\u0159edn\u00ed vzduchov\u00fd m\u011bch pro Mercedes Benz t\u0159\u00eddy E W213 (2016 - 2023), Mercedes Benz t\u0159\u00eddy E S213\/ X213 (2016 - 2023) a Mercedes Benz CLS t\u0159\u00eddy C257 (2017 - 2024). OEM: A2133200701, A2133202300, 2383208601, 2133202002, A2383209301, 2383209301, A2383209401, 2383209401, A2133202102, A2133200902, A2133201902, 2133202102, 2133201902, A21332202, A2133200800, A2133201002, 2133202202, 2133200800, 2133201002, A2133200325,...\",\"breadcrumb\":{\"@id\":\"https:\/\/vzduchovetlmice.sk\/cs\/produkty\/predni-vzduchovy-mech-audi-a8-s8-d5-4n-kopia\/#breadcrumb\"},\"inLanguage\":\"cs\",\"potentialAction\":[{\"@type\":\"ReadAction\",\"target\":[\"https:\/\/vzduchovetlmice.sk\/cs\/produkty\/predni-vzduchovy-mech-audi-a8-s8-d5-4n-kopia\/\"]}]},{\"@type\":\"ImageObject\",\"inLanguage\":\"cs\",\"@id\":\"https:\/\/vzduchovetlmice.sk\/cs\/produkty\/predni-vzduchovy-mech-audi-a8-s8-d5-4n-kopia\/#primaryimage\",\"url\":\"https:\/\/vzduchovetlmice.sk\/wp-content\/uploads\/2025\/04\/Predny-vzduchovy-vankus-Mercedes-Benz-E-class-W213-E-class-S213-CLS-class-C257-A2133200701-A2133202300-2383208601-2133202002-A2383209301-2383209301-A2383209401-2383209401.jpg\",\"contentUrl\":\"https:\/\/vzduchovetlmice.sk\/wp-content\/uploads\/2025\/04\/Predny-vzduchovy-vankus-Mercedes-Benz-E-class-W213-E-class-S213-CLS-class-C257-A2133200701-A2133202300-2383208601-2133202002-A2383209301-2383209301-A2383209401-2383209401.jpg\",\"width\":1000,\"height\":1000,\"caption\":\"P\u0159edn\u00ed vzduchov\u00fd m\u011bch Mercedes Benz T\u0159\u00edda E W213, T\u0159\u00edda E S213, CLS-t\u0159\u00edda C257, A2133200701, A2133202300, 2383208601, 2133202002, A2383209301, 2383209301, A2383209401, 2383209401\"},{\"@type\":\"BreadcrumbList\",\"@id\":\"https:\/\/vzduchovetlmice.sk\/cs\/produkty\/predni-vzduchovy-mech-audi-a8-s8-d5-4n-kopia\/#breadcrumb\",\"itemListElement\":[{\"@type\":\"ListItem\",\"position\":1,\"name\":\"Domovsk\u00e1 str\u00e1nka\",\"item\":\"https:\/\/vzduchovetlmice.sk\/\"},{\"@type\":\"ListItem\",\"position\":2,\"name\":\"Obchod\",\"item\":\"https:\/\/vzduchovetlmice.sk\/obchod\/\"},{\"@type\":\"ListItem\",\"position\":3,\"name\":\"P\u0159edn\u00ed vzduchov\u00fd m\u011bch Mercedes Benz T\u0159\u00edda E W213, T\u0159\u00edda E S213, CLS-t\u0159\u00edda C257\"}]},{\"@type\":\"WebSite\",\"@id\":\"https:\/\/vzduchovetlmice.sk\/#website\",\"url\":\"https:\/\/vzduchovetlmice.sk\/\",\"name\":\"VzduchoveTlmice.sk\",\"description\":\"predaj dielov pre vzduchov\u00fd podvozok\",\"potentialAction\":[{\"@type\":\"SearchAction\",\"target\":{\"@type\":\"EntryPoint\",\"urlTemplate\":\"https:\/\/vzduchovetlmice.sk\/?s={search_term_string}\"},\"query-input\":{\"@type\":\"PropertyValueSpecification\",\"valueRequired\":true,\"valueName\":\"search_term_string\"}}],\"inLanguage\":\"cs\"}]}<\/script>\n<!-- \/ Yoast SEO Premium plugin. -->","yoast_head_json":{"title":"P\u0159edn\u00ed vzduchov\u00fd m\u011bch Mercedes Benz T\u0159\u00edda E W213, T\u0159\u00edda E S213, CLS-t\u0159\u00edda C257","description":"Nov\u00fd p\u0159edn\u00ed vzduchov\u00fd m\u011bch pro Mercedes Benz t\u0159\u00eddy E W213 (2016 - 2023), Mercedes Benz t\u0159\u00eddy E S213\/ X213 (2016 - 2023) a Mercedes Benz CLS t\u0159\u00eddy C257 (2017 - 2024). OEM: A2133200701, A2133202300, 2383208601, 2133202002, A2383209301, 2383209301, A2383209401, 2383209401, A2133202102, A2133200902, A2133201902, 2133202102, 2133201902, A21332202, A2133200800, A2133201002, 2133202202, 2133200800, 2133201002, A2133200325,...","robots":{"index":"index","follow":"follow","max-snippet":"max-snippet:-1","max-image-preview":"max-image-preview:large","max-video-preview":"max-video-preview:-1"},"canonical":"https:\/\/vzduchovetlmice.sk\/cs\/produkty\/predni-vzduchovy-mech-audi-a8-s8-d5-4n-kopia\/","og_locale":"cs_CZ","og_type":"article","og_title":"P\u0159edn\u00ed vzduchov\u00fd m\u011bch Mercedes Benz T\u0159\u00edda E W213, T\u0159\u00edda E S213, CLS-t\u0159\u00edda C257","og_description":"Nov\u00fd p\u0159edn\u00ed vzduchov\u00fd m\u011bch pro Mercedes Benz t\u0159\u00eddy E W213 (2016 - 2023), Mercedes Benz t\u0159\u00eddy E S213\/ X213 (2016 - 2023) a Mercedes Benz CLS t\u0159\u00eddy C257 (2017 - 2024). OEM: A2133200701, A2133202300, 2383208601, 2133202002, A2383209301, 2383209301, A2383209401, 2383209401, A2133202102, A2133200902, A2133201902, 2133202102, 2133201902, A21332202, A2133200800, A2133201002, 2133202202, 2133200800, 2133201002, A2133200325,...","og_url":"https:\/\/vzduchovetlmice.sk\/cs\/produkty\/predni-vzduchovy-mech-audi-a8-s8-d5-4n-kopia\/","og_site_name":"VzduchoveTlmice.sk","article_modified_time":"2025-04-27T20:21:18+00:00","og_image":[{"width":1000,"height":1000,"url":"https:\/\/vzduchovetlmice.sk\/wp-content\/uploads\/2025\/04\/Predny-vzduchovy-vankus-Mercedes-Benz-E-class-W213-E-class-S213-CLS-class-C257-A2133200701-A2133202300-2383208601-2133202002-A2383209301-2383209301-A2383209401-2383209401.jpg","type":"image\/jpeg"}],"twitter_card":"summary_large_image","twitter_misc":{"Odhadovan\u00e1 doba \u010dten\u00ed":"1 minuta"},"schema":{"@context":"https:\/\/schema.org","@graph":[{"@type":"WebPage","@id":"https:\/\/vzduchovetlmice.sk\/cs\/produkty\/predni-vzduchovy-mech-audi-a8-s8-d5-4n-kopia\/","url":"https:\/\/vzduchovetlmice.sk\/cs\/produkty\/predni-vzduchovy-mech-audi-a8-s8-d5-4n-kopia\/","name":"P\u0159edn\u00ed vzduchov\u00fd m\u011bch Mercedes Benz T\u0159\u00edda E W213, T\u0159\u00edda E S213, CLS-t\u0159\u00edda C257","isPartOf":{"@id":"https:\/\/vzduchovetlmice.sk\/#website"},"primaryImageOfPage":{"@id":"https:\/\/vzduchovetlmice.sk\/cs\/produkty\/predni-vzduchovy-mech-audi-a8-s8-d5-4n-kopia\/#primaryimage"},"image":{"@id":"https:\/\/vzduchovetlmice.sk\/cs\/produkty\/predni-vzduchovy-mech-audi-a8-s8-d5-4n-kopia\/#primaryimage"},"thumbnailUrl":"https:\/\/vzduchovetlmice.sk\/wp-content\/uploads\/2025\/04\/Predny-vzduchovy-vankus-Mercedes-Benz-E-class-W213-E-class-S213-CLS-class-C257-A2133200701-A2133202300-2383208601-2133202002-A2383209301-2383209301-A2383209401-2383209401.jpg","datePublished":"2025-04-27T19:53:11+00:00","dateModified":"2025-04-27T20:21:18+00:00","description":"Nov\u00fd p\u0159edn\u00ed vzduchov\u00fd m\u011bch pro Mercedes Benz t\u0159\u00eddy E W213 (2016 - 2023), Mercedes Benz t\u0159\u00eddy E S213\/ X213 (2016 - 2023) a Mercedes Benz CLS t\u0159\u00eddy C257 (2017 - 2024). OEM: A2133200701, A2133202300, 2383208601, 2133202002, A2383209301, 2383209301, A2383209401, 2383209401, A2133202102, A2133200902, A2133201902, 2133202102, 2133201902, A21332202, A2133200800, A2133201002, 2133202202, 2133200800, 2133201002, A2133200325,...","breadcrumb":{"@id":"https:\/\/vzduchovetlmice.sk\/cs\/produkty\/predni-vzduchovy-mech-audi-a8-s8-d5-4n-kopia\/#breadcrumb"},"inLanguage":"cs","potentialAction":[{"@type":"ReadAction","target":["https:\/\/vzduchovetlmice.sk\/cs\/produkty\/predni-vzduchovy-mech-audi-a8-s8-d5-4n-kopia\/"]}]},{"@type":"ImageObject","inLanguage":"cs","@id":"https:\/\/vzduchovetlmice.sk\/cs\/produkty\/predni-vzduchovy-mech-audi-a8-s8-d5-4n-kopia\/#primaryimage","url":"https:\/\/vzduchovetlmice.sk\/wp-content\/uploads\/2025\/04\/Predny-vzduchovy-vankus-Mercedes-Benz-E-class-W213-E-class-S213-CLS-class-C257-A2133200701-A2133202300-2383208601-2133202002-A2383209301-2383209301-A2383209401-2383209401.jpg","contentUrl":"https:\/\/vzduchovetlmice.sk\/wp-content\/uploads\/2025\/04\/Predny-vzduchovy-vankus-Mercedes-Benz-E-class-W213-E-class-S213-CLS-class-C257-A2133200701-A2133202300-2383208601-2133202002-A2383209301-2383209301-A2383209401-2383209401.jpg","width":1000,"height":1000,"caption":"P\u0159edn\u00ed vzduchov\u00fd m\u011bch Mercedes Benz T\u0159\u00edda E W213, T\u0159\u00edda E S213, CLS-t\u0159\u00edda C257, A2133200701, A2133202300, 2383208601, 2133202002, A2383209301, 2383209301, A2383209401, 2383209401"},{"@type":"BreadcrumbList","@id":"https:\/\/vzduchovetlmice.sk\/cs\/produkty\/predni-vzduchovy-mech-audi-a8-s8-d5-4n-kopia\/#breadcrumb","itemListElement":[{"@type":"ListItem","position":1,"name":"Domovsk\u00e1 str\u00e1nka","item":"https:\/\/vzduchovetlmice.sk\/"},{"@type":"ListItem","position":2,"name":"Obchod","item":"https:\/\/vzduchovetlmice.sk\/obchod\/"},{"@type":"ListItem","position":3,"name":"P\u0159edn\u00ed vzduchov\u00fd m\u011bch Mercedes Benz T\u0159\u00edda E W213, T\u0159\u00edda E S213, CLS-t\u0159\u00edda C257"}]},{"@type":"WebSite","@id":"https:\/\/vzduchovetlmice.sk\/#website","url":"https:\/\/vzduchovetlmice.sk\/","name":"VzduchoveTlmice.sk","description":"predaj dielov pre vzduchov\u00fd podvozok","potentialAction":[{"@type":"SearchAction","target":{"@type":"EntryPoint","urlTemplate":"https:\/\/vzduchovetlmice.sk\/?s={search_term_string}"},"query-input":{"@type":"PropertyValueSpecification","valueRequired":true,"valueName":"search_term_string"}}],"inLanguage":"cs"}]}},"_links":{"self":[{"href":"https:\/\/vzduchovetlmice.sk\/cs\/wp-json\/wp\/v2\/product\/101014","targetHints":{"allow":["GET"]}}],"collection":[{"href":"https:\/\/vzduchovetlmice.sk\/cs\/wp-json\/wp\/v2\/product"}],"about":[{"href":"https:\/\/vzduchovetlmice.sk\/cs\/wp-json\/wp\/v2\/types\/product"}],"wp:featuredmedia":[{"embeddable":true,"href":"https:\/\/vzduchovetlmice.sk\/cs\/wp-json\/wp\/v2\/media\/101018"}],"wp:attachment":[{"href":"https:\/\/vzduchovetlmice.sk\/cs\/wp-json\/wp\/v2\/media?parent=101014"}],"wp:term":[{"taxonomy":"product_brand","embeddable":true,"href":"https:\/\/vzduchovetlmice.sk\/cs\/wp-json\/wp\/v2\/product_brand?post=101014"},{"taxonomy":"product_cat","embeddable":true,"href":"https:\/\/vzduchovetlmice.sk\/cs\/wp-json\/wp\/v2\/product_cat?post=101014"},{"taxonomy":"product_tag","embeddable":true,"href":"https:\/\/vzduchovetlmice.sk\/cs\/wp-json\/wp\/v2\/product_tag?post=101014"}],"curies":[{"name":"wp","href":"https:\/\/api.w.org\/{rel}","templated":true}]}}