{"id":101051,"date":"2025-04-28T13:26:40","date_gmt":"2025-04-28T13:26:40","guid":{"rendered":"https:\/\/vzduchovetlmice.sk\/?post_type=product&#038;p=101051"},"modified":"2025-11-05T11:14:17","modified_gmt":"2025-11-05T11:14:17","slug":"predni-vzduchovy-mech-bmw-x5-g05-x6-g06-x7-g07","status":"publish","type":"product","link":"https:\/\/vzduchovetlmice.sk\/cs\/produkty\/predni-vzduchovy-mech-bmw-x5-g05-x6-g06-x7-g07\/","title":{"rendered":"P\u0159edn\u00ed vzduchov\u00fd m\u011bch BMW X5 G05\/ X6 G06\/ X7 G07"},"content":{"rendered":"<h3><strong>Dal\u0161\u00ed informace:<\/strong><\/h3>\n<p>Nov\u00fd p\u0159edn\u00ed vzduchov\u00fd m\u011bch\u00a0 BMW X5 G05 (2018\u20132025), BMW X6 G06 (2019\u20132025) a BMW X7 G07 (2019\u20132025).<\/p>\n<p>Pneumatick\u00fd m\u011bch je stejn\u00fd pro pravou i levou stranu.<\/p>\n<h4><strong>Origin\u00e1ln\u00ed v\u00fdrobn\u00ed \u010d\u00edsla (OEM): <\/strong><\/h4>\n<p>37106892425, 37106892426, 37106869029, 37106869030, 37106869035, 6869035, 37-10-6-869-035, 37106869036, 37-10-6-869-036, 6869036, 78315615<\/p>\n","protected":false},"excerpt":{"rendered":"<p><strong>Zna\u010dka: <\/strong>BMW<\/p>\n<p><strong>Model:<\/strong> X5 G05 (2018 \u2013 2025), X6 G06 (2019 \u2013 2025), X7 G07 (2019 \u2013 2025).<\/p>\n<p><strong>Typ:<\/strong> 2WD, 4WD (xDrive)<\/p>\n<p><strong>Poloha: <\/strong>P\u0159edn\u00ed n\u00e1prava vpravo\/vlevo<\/p>\n<p><strong>V\u00fdrobce: <\/strong>OEM<\/p>\n<p><strong>Stav:\u00a0<\/strong>Nov\u00e9<\/p>\n<p><strong>Z\u00e1ruka:\u00a0<\/strong>2 roky<\/p>\n<p><strong>Dostupnost:<\/strong>\u00a0<span style=\"color: #00ff00;\"><strong>Skladem<\/strong><\/span><\/p>\n","protected":false},"featured_media":0,"template":"","meta":{"_et_pb_use_builder":"","_et_pb_old_content":"","_et_gb_content_width":""},"product_brand":[482],"product_cat":[334,533,536,537],"product_tag":[],"class_list":{"0":"post-101051","1":"product","2":"type-product","3":"status-publish","5":"product_brand-bmw","6":"product_cat-bmw-cs","7":"product_cat-x5-g05-f95-2018-2025-cs","8":"product_cat-x6-g06-f96-2019-2025-cs","9":"product_cat-x7-g07-2019-2025-cs","11":"first","12":"instock","13":"shipping-taxable","14":"purchasable","15":"product-type-simple"},"yoast_head":"<!-- This site is optimized with the Yoast SEO Premium plugin v24.9 (Yoast SEO v27.1.1) - https:\/\/yoast.com\/product\/yoast-seo-premium-wordpress\/ -->\n<title>P\u0159edn\u00ed vzduchov\u00fd m\u011bch BMW X5 G05\/ X6 G06\/ X7 G07<\/title>\n<meta name=\"description\" content=\"Nov\u00fd p\u0159edn\u00ed vzduchov\u00fd m\u011bch\u00a0 BMW X5 G05 (2018\u20132025), BMW X6 G06 (2019\u20132025) a BMW X7 G07 (2019\u20132025). Pneumatick\u00fd m\u011bch je stejn\u00fd pro pravou i levou stranu. OEM: 37106892425, 37106892426, 37106869029, 37106869030, 37106869035, 6869035, 37-10-6-869-035, 37106869036, 37-10-6-869-036, 6869036, 78315615\" \/>\n<meta name=\"robots\" content=\"index, follow, max-snippet:-1, max-image-preview:large, max-video-preview:-1\" \/>\n<link rel=\"canonical\" href=\"https:\/\/vzduchovetlmice.sk\/cs\/produkty\/predni-vzduchovy-mech-bmw-x5-g05-x6-g06-x7-g07\/\" \/>\n<meta property=\"og:locale\" content=\"cs_CZ\" \/>\n<meta property=\"og:type\" content=\"article\" \/>\n<meta property=\"og:title\" content=\"P\u0159edn\u00ed vzduchov\u00fd m\u011bch BMW X5 G05\/ X6 G06\/ X7 G07\" \/>\n<meta property=\"og:description\" content=\"Nov\u00fd p\u0159edn\u00ed vzduchov\u00fd m\u011bch\u00a0 BMW X5 G05 (2018\u20132025), BMW X6 G06 (2019\u20132025) a BMW X7 G07 (2019\u20132025). Pneumatick\u00fd m\u011bch je stejn\u00fd pro pravou i levou stranu. OEM: 37106892425, 37106892426, 37106869029, 37106869030, 37106869035, 6869035, 37-10-6-869-035, 37106869036, 37-10-6-869-036, 6869036, 78315615\" \/>\n<meta property=\"og:url\" content=\"https:\/\/vzduchovetlmice.sk\/cs\/produkty\/predni-vzduchovy-mech-bmw-x5-g05-x6-g06-x7-g07\/\" \/>\n<meta property=\"og:site_name\" content=\"VzduchoveTlmice.sk\" \/>\n<meta property=\"article:modified_time\" content=\"2025-11-05T11:14:17+00:00\" \/>\n<meta name=\"twitter:card\" content=\"summary_large_image\" \/>\n<meta name=\"twitter:label1\" content=\"Odhadovan\u00e1 doba \u010dten\u00ed\" \/>\n\t<meta name=\"twitter:data1\" content=\"1 minuta\" \/>\n<script type=\"application\/ld+json\" class=\"yoast-schema-graph\">{\"@context\":\"https:\/\/schema.org\",\"@graph\":[{\"@type\":\"WebPage\",\"@id\":\"https:\/\/vzduchovetlmice.sk\/cs\/produkty\/predni-vzduchovy-mech-bmw-x5-g05-x6-g06-x7-g07\/\",\"url\":\"https:\/\/vzduchovetlmice.sk\/cs\/produkty\/predni-vzduchovy-mech-bmw-x5-g05-x6-g06-x7-g07\/\",\"name\":\"P\u0159edn\u00ed vzduchov\u00fd m\u011bch BMW X5 G05\/ X6 G06\/ X7 G07\",\"isPartOf\":{\"@id\":\"https:\/\/vzduchovetlmice.sk\/#website\"},\"datePublished\":\"2025-04-28T13:26:40+00:00\",\"dateModified\":\"2025-11-05T11:14:17+00:00\",\"description\":\"Nov\u00fd p\u0159edn\u00ed vzduchov\u00fd m\u011bch\u00a0 BMW X5 G05 (2018\u20132025), BMW X6 G06 (2019\u20132025) a BMW X7 G07 (2019\u20132025). Pneumatick\u00fd m\u011bch je stejn\u00fd pro pravou i levou stranu. OEM: 37106892425, 37106892426, 37106869029, 37106869030, 37106869035, 6869035, 37-10-6-869-035, 37106869036, 37-10-6-869-036, 6869036, 78315615\",\"breadcrumb\":{\"@id\":\"https:\/\/vzduchovetlmice.sk\/cs\/produkty\/predni-vzduchovy-mech-bmw-x5-g05-x6-g06-x7-g07\/#breadcrumb\"},\"inLanguage\":\"cs\",\"potentialAction\":[{\"@type\":\"ReadAction\",\"target\":[\"https:\/\/vzduchovetlmice.sk\/cs\/produkty\/predni-vzduchovy-mech-bmw-x5-g05-x6-g06-x7-g07\/\"]}]},{\"@type\":\"BreadcrumbList\",\"@id\":\"https:\/\/vzduchovetlmice.sk\/cs\/produkty\/predni-vzduchovy-mech-bmw-x5-g05-x6-g06-x7-g07\/#breadcrumb\",\"itemListElement\":[{\"@type\":\"ListItem\",\"position\":1,\"name\":\"Domovsk\u00e1 str\u00e1nka\",\"item\":\"https:\/\/vzduchovetlmice.sk\/\"},{\"@type\":\"ListItem\",\"position\":2,\"name\":\"Obchod\",\"item\":\"https:\/\/vzduchovetlmice.sk\/obchod\/\"},{\"@type\":\"ListItem\",\"position\":3,\"name\":\"P\u0159edn\u00ed vzduchov\u00fd m\u011bch BMW X5 G05\/ X6 G06\/ X7 G07\"}]},{\"@type\":\"WebSite\",\"@id\":\"https:\/\/vzduchovetlmice.sk\/#website\",\"url\":\"https:\/\/vzduchovetlmice.sk\/\",\"name\":\"VzduchoveTlmice.sk\",\"description\":\"predaj dielov pre vzduchov\u00fd podvozok\",\"potentialAction\":[{\"@type\":\"SearchAction\",\"target\":{\"@type\":\"EntryPoint\",\"urlTemplate\":\"https:\/\/vzduchovetlmice.sk\/?s={search_term_string}\"},\"query-input\":{\"@type\":\"PropertyValueSpecification\",\"valueRequired\":true,\"valueName\":\"search_term_string\"}}],\"inLanguage\":\"cs\"}]}<\/script>\n<!-- \/ Yoast SEO Premium plugin. -->","yoast_head_json":{"title":"P\u0159edn\u00ed vzduchov\u00fd m\u011bch BMW X5 G05\/ X6 G06\/ X7 G07","description":"Nov\u00fd p\u0159edn\u00ed vzduchov\u00fd m\u011bch\u00a0 BMW X5 G05 (2018\u20132025), BMW X6 G06 (2019\u20132025) a BMW X7 G07 (2019\u20132025). Pneumatick\u00fd m\u011bch je stejn\u00fd pro pravou i levou stranu. OEM: 37106892425, 37106892426, 37106869029, 37106869030, 37106869035, 6869035, 37-10-6-869-035, 37106869036, 37-10-6-869-036, 6869036, 78315615","robots":{"index":"index","follow":"follow","max-snippet":"max-snippet:-1","max-image-preview":"max-image-preview:large","max-video-preview":"max-video-preview:-1"},"canonical":"https:\/\/vzduchovetlmice.sk\/cs\/produkty\/predni-vzduchovy-mech-bmw-x5-g05-x6-g06-x7-g07\/","og_locale":"cs_CZ","og_type":"article","og_title":"P\u0159edn\u00ed vzduchov\u00fd m\u011bch BMW X5 G05\/ X6 G06\/ X7 G07","og_description":"Nov\u00fd p\u0159edn\u00ed vzduchov\u00fd m\u011bch\u00a0 BMW X5 G05 (2018\u20132025), BMW X6 G06 (2019\u20132025) a BMW X7 G07 (2019\u20132025). Pneumatick\u00fd m\u011bch je stejn\u00fd pro pravou i levou stranu. OEM: 37106892425, 37106892426, 37106869029, 37106869030, 37106869035, 6869035, 37-10-6-869-035, 37106869036, 37-10-6-869-036, 6869036, 78315615","og_url":"https:\/\/vzduchovetlmice.sk\/cs\/produkty\/predni-vzduchovy-mech-bmw-x5-g05-x6-g06-x7-g07\/","og_site_name":"VzduchoveTlmice.sk","article_modified_time":"2025-11-05T11:14:17+00:00","twitter_card":"summary_large_image","twitter_misc":{"Odhadovan\u00e1 doba \u010dten\u00ed":"1 minuta"},"schema":{"@context":"https:\/\/schema.org","@graph":[{"@type":"WebPage","@id":"https:\/\/vzduchovetlmice.sk\/cs\/produkty\/predni-vzduchovy-mech-bmw-x5-g05-x6-g06-x7-g07\/","url":"https:\/\/vzduchovetlmice.sk\/cs\/produkty\/predni-vzduchovy-mech-bmw-x5-g05-x6-g06-x7-g07\/","name":"P\u0159edn\u00ed vzduchov\u00fd m\u011bch BMW X5 G05\/ X6 G06\/ X7 G07","isPartOf":{"@id":"https:\/\/vzduchovetlmice.sk\/#website"},"datePublished":"2025-04-28T13:26:40+00:00","dateModified":"2025-11-05T11:14:17+00:00","description":"Nov\u00fd p\u0159edn\u00ed vzduchov\u00fd m\u011bch\u00a0 BMW X5 G05 (2018\u20132025), BMW X6 G06 (2019\u20132025) a BMW X7 G07 (2019\u20132025). Pneumatick\u00fd m\u011bch je stejn\u00fd pro pravou i levou stranu. OEM: 37106892425, 37106892426, 37106869029, 37106869030, 37106869035, 6869035, 37-10-6-869-035, 37106869036, 37-10-6-869-036, 6869036, 78315615","breadcrumb":{"@id":"https:\/\/vzduchovetlmice.sk\/cs\/produkty\/predni-vzduchovy-mech-bmw-x5-g05-x6-g06-x7-g07\/#breadcrumb"},"inLanguage":"cs","potentialAction":[{"@type":"ReadAction","target":["https:\/\/vzduchovetlmice.sk\/cs\/produkty\/predni-vzduchovy-mech-bmw-x5-g05-x6-g06-x7-g07\/"]}]},{"@type":"BreadcrumbList","@id":"https:\/\/vzduchovetlmice.sk\/cs\/produkty\/predni-vzduchovy-mech-bmw-x5-g05-x6-g06-x7-g07\/#breadcrumb","itemListElement":[{"@type":"ListItem","position":1,"name":"Domovsk\u00e1 str\u00e1nka","item":"https:\/\/vzduchovetlmice.sk\/"},{"@type":"ListItem","position":2,"name":"Obchod","item":"https:\/\/vzduchovetlmice.sk\/obchod\/"},{"@type":"ListItem","position":3,"name":"P\u0159edn\u00ed vzduchov\u00fd m\u011bch BMW X5 G05\/ X6 G06\/ X7 G07"}]},{"@type":"WebSite","@id":"https:\/\/vzduchovetlmice.sk\/#website","url":"https:\/\/vzduchovetlmice.sk\/","name":"VzduchoveTlmice.sk","description":"predaj dielov pre vzduchov\u00fd podvozok","potentialAction":[{"@type":"SearchAction","target":{"@type":"EntryPoint","urlTemplate":"https:\/\/vzduchovetlmice.sk\/?s={search_term_string}"},"query-input":{"@type":"PropertyValueSpecification","valueRequired":true,"valueName":"search_term_string"}}],"inLanguage":"cs"}]}},"_links":{"self":[{"href":"https:\/\/vzduchovetlmice.sk\/cs\/wp-json\/wp\/v2\/product\/101051","targetHints":{"allow":["GET"]}}],"collection":[{"href":"https:\/\/vzduchovetlmice.sk\/cs\/wp-json\/wp\/v2\/product"}],"about":[{"href":"https:\/\/vzduchovetlmice.sk\/cs\/wp-json\/wp\/v2\/types\/product"}],"wp:attachment":[{"href":"https:\/\/vzduchovetlmice.sk\/cs\/wp-json\/wp\/v2\/media?parent=101051"}],"wp:term":[{"taxonomy":"product_brand","embeddable":true,"href":"https:\/\/vzduchovetlmice.sk\/cs\/wp-json\/wp\/v2\/product_brand?post=101051"},{"taxonomy":"product_cat","embeddable":true,"href":"https:\/\/vzduchovetlmice.sk\/cs\/wp-json\/wp\/v2\/product_cat?post=101051"},{"taxonomy":"product_tag","embeddable":true,"href":"https:\/\/vzduchovetlmice.sk\/cs\/wp-json\/wp\/v2\/product_tag?post=101051"}],"curies":[{"name":"wp","href":"https:\/\/api.w.org\/{rel}","templated":true}]}}