{"id":101053,"date":"2025-04-28T13:39:59","date_gmt":"2025-04-28T13:39:59","guid":{"rendered":"https:\/\/vzduchovetlmice.sk\/?post_type=product&#038;p=101053"},"modified":"2026-04-14T14:47:06","modified_gmt":"2026-04-14T14:47:06","slug":"predni-vzduchovy-mech-mercedes-benz-e-class-w212-s212-cls-class-c218-x218","status":"publish","type":"product","link":"https:\/\/vzduchovetlmice.sk\/cs\/produkty\/predni-vzduchovy-mech-mercedes-benz-e-class-w212-s212-cls-class-c218-x218\/","title":{"rendered":"P\u0159edn\u00ed vzduchov\u00fd m\u011bch Mercedes Benz E-class W212\/S212, CLS-class C218\/X218"},"content":{"rendered":"<h3><strong>Dal\u0161\u00ed informace:<\/strong><\/h3>\n<p>Nov\u00fd p\u0159edn\u00ed vzduchov\u00fd (pneumatick\u00fd) m\u011bch Mercedes Benz E -class W212\/ S212 (2009 \u2013 2016) a Mercedes Benz CLS -class W218\/ C218\/ X218 (2011 \u2013 2017).<\/p>\n<p>Pneumatick\u00fd m\u011bch je stejn\u00fd pro pravou i levou stranu. Vhodn\u00fd pro 4Matic ale tak\u00e9 s pohonem RWD.<\/p>\n<p>Ur\u010den pro modely se syst\u00e9mem AIRMATIC a tak\u00e9 modely AMG.<\/p>\n<p>Vylep\u0161en\u00fd design a jednodu\u0161\u0161\u00ed konstrukce zaru\u010duje del\u0161\u00ed \u017eivotnost a tich\u00fd provoz.<\/p>\n<p><strong>Na v\u00fdrob\u011b tohoto pneumatick\u00e9ho m\u011bchu se pod\u00edleli in\u017een\u00fd\u0159i, kte\u0159\u00ed vyv\u00edjeli origin\u00e1ln\u00ed pneumatick\u00fd m\u011bch Mercedes Benz.<\/strong><\/p>\n<p><strong>Origin\u00e1ln\u00ed kvalita, \u017e\u00e1dn\u00e9 probl\u00e9my s ne\u017e\u00e1douc\u00edmi zvuky jako u n\u00e1hrad od \u201eN\u011bmc\u016f\u201c.\u00a0<\/strong><\/p>\n<p>&nbsp;<\/p>\n<h4><strong>Origin\u00e1ln\u00ed v\u00fdrobn\u00ed \u010d\u00edsla (OEM): <\/strong><\/h4>\n<p>A2123203338, A2123234600, A2123203438, A2123234700, A2123203138, A2123201738, A2123203238, A212320313880, A2123202238, A2123200913, A212320323880, A2123201838, A2123202338, A2123200813, A 2123203338, A 2123234600, A 2123203438, A 2123234700, A 2123203138, A 2123201738, A 2123203238, A 212320313880, A 2123202238, A 2123200913, A 212320323880, A 2123201838, A 2123202338, A 2123200813, A 212 320 3338, A 212 323 4600, A 212 320 3438, A 212 323 4700, A 212 320 3138, A 212 320 1738, A 212 320 3238, A 212 320 3138 80, A 212 320 2238, A 212 320 0913, A 212 320 3238 80, A 212 320 1838, A 212 320 2338, A 212 320 0813,\u00a0A2183206513, A2183203113, A2183206613, A2183230900, A2183203213, A2183230800, A218320651380, A218320661380, A 2183206513, A 2183203113, A 2183206613, A 2183230900, A 2183203213, A 2183230800, A 218320651380, A 218320661380, A 218 320 6513, A 218 320 3113, A 218 320 6613, A 218 323 0900, A 218 320 3213, A 218 323 0800, A 218 320 6513 80, A 218 320 6613 80<\/p>\n","protected":false},"excerpt":{"rendered":"<p><strong>Zna\u010dka: <\/strong>Mercedes Benz<\/p>\n<p><strong>Model:<\/strong> E -class W212\/ S212 (2009 \u2013 2016), CLS -class W218\/ C218\/ X218 (2011 \u2013 2017)<\/p>\n<p><strong>Typ:<\/strong> RWD, 4Matic<\/p>\n<p><strong>Poloha: <\/strong>P\u0159edn\u00ed n\u00e1prava vpravo\/vlevo<\/p>\n<p><strong>V\u00fdrobce: <\/strong>OEM<\/p>\n<p><strong>Stav:\u00a0<\/strong>Nov\u00e9<\/p>\n<p><strong>Z\u00e1ruka:\u00a0<\/strong>2 roky<\/p>\n<p><strong>Dostupnost:<\/strong>\u00a0<span style=\"color: #00ff00;\"><strong>Skladem<\/strong><\/span><\/p>\n","protected":false},"featured_media":104203,"template":"","meta":{"_et_pb_use_builder":"","_et_pb_old_content":"","_et_gb_content_width":""},"product_brand":[52],"product_cat":[567,562,333],"product_tag":[],"class_list":{"0":"post-101053","1":"product","2":"type-product","3":"status-publish","4":"has-post-thumbnail","6":"product_brand-mercedes-benz","7":"product_cat-cls-c218-x218-2011-2018-cs","8":"product_cat-e-w212-s212-2009-2016-cs","9":"product_cat-mercedes-benz-cs","11":"first","12":"instock","13":"shipping-taxable","14":"purchasable","15":"product-type-simple"},"yoast_head":"<!-- This site is optimized with the Yoast SEO Premium plugin v24.9 (Yoast SEO v27.1.1) - https:\/\/yoast.com\/product\/yoast-seo-premium-wordpress\/ -->\n<title>P\u0159edn\u00ed vzduchov\u00fd m\u011bch Mercedes Benz E-class W212, CLS 218<\/title>\n<meta name=\"description\" content=\"Nov\u00fd p\u0159edn\u00ed vzduchov\u00fd (pneumatick\u00fd) m\u011bch Mercedes Benz E -class W212\/ S212 (2009 \u2013 2016) a Mercedes Benz CLS -class W218\/ C218\/ X218 (2011 \u2013 2017). Pneumatick\u00fd m\u011bch je stejn\u00fd pro pravou i levou stranu. Vhodn\u00fd pro 4Matic ale tak\u00e9 s pohonem RWD. Ur\u010den pro modely se syst\u00e9mem AIRMATIC a tak\u00e9 modely AMG. OEM: A2123203338, A2123234600, A2123203438, A2123234700, A2123203138, A2123201738, A2123203238, A212320313880, A2123202238, A2123200913, A212320323880, A2123201838, A2123202338, A2123200813, A 2123203338, A 2123234600, A 2123203438, A 2123234700, A 2123203138, A 2123201738, A 2123203238, A 212320313880, A 2123202238, A 2123200913, A 212320323880, A 2123201838, A 2123202338, A 2123200813, A 212 320 3338, A 212 323 4600, A 212 320 3438, A 212 323 4700, A 212 320 3138, A 212 320 1738, A 212 320 3238, A 212 320 3138 80, A 212 320 2238, A 212 320 0913, A 212 320 3238 80, A 212 320 1838, A 212 320 2338, A 212 320 0813,\u00a0A2183206513, A2183203113, A2183206613, A2183230900, A2183203213, A2183230800, A218320651380, A218320661380, A 2183206513, A 2183203113, A 2183206613, A 2183230900, A 2183203213, A 2183230800, A 218320651380, A 218320661380, A 218 320 6513, A 218 320 3113, A 218 320 6613, A 218 323 0900, A 218 320 3213, A 218 323 0800, A 218 320 6513 80, A 218 320 6613 80, Luftfeder Vorne Mercedes CLS, Front air suspension Mercedes E\" \/>\n<meta name=\"robots\" content=\"index, follow, max-snippet:-1, max-image-preview:large, max-video-preview:-1\" \/>\n<link rel=\"canonical\" href=\"https:\/\/vzduchovetlmice.sk\/cs\/produkty\/predni-vzduchovy-mech-mercedes-benz-e-class-w212-s212-cls-class-c218-x218\/\" \/>\n<meta property=\"og:locale\" content=\"cs_CZ\" \/>\n<meta property=\"og:type\" content=\"article\" \/>\n<meta property=\"og:title\" content=\"P\u0159edn\u00ed vzduchov\u00fd m\u011bch Mercedes Benz E-class W212\/S212, CLS-class C218\/X218\" \/>\n<meta property=\"og:description\" content=\"Nov\u00fd p\u0159edn\u00ed vzduchov\u00fd (pneumatick\u00fd) m\u011bch Mercedes Benz E -class W212\/ S212 (2009 \u2013 2016) a Mercedes Benz CLS -class W218\/ C218\/ X218 (2011 \u2013 2017). Pneumatick\u00fd m\u011bch je stejn\u00fd pro pravou i levou stranu. Vhodn\u00fd pro 4Matic ale tak\u00e9 s pohonem RWD. Ur\u010den pro modely se syst\u00e9mem AIRMATIC a tak\u00e9 modely AMG. OEM: A2123203338, A2123234600, A2123203438, A2123234700, A2123203138, A2123201738, A2123203238, A212320313880, A2123202238, A2123200913, A212320323880, A2123201838, A2123202338, A2123200813, A 2123203338, A 2123234600, A 2123203438, A 2123234700, A 2123203138, A 2123201738, A 2123203238, A 212320313880, A 2123202238, A 2123200913, A 212320323880, A 2123201838, A 2123202338, A 2123200813, A 212 320 3338, A 212 323 4600, A 212 320 3438, A 212 323 4700, A 212 320 3138, A 212 320 1738, A 212 320 3238, A 212 320 3138 80, A 212 320 2238, A 212 320 0913, A 212 320 3238 80, A 212 320 1838, A 212 320 2338, A 212 320 0813,\u00a0A2183206513, A2183203113, A2183206613, A2183230900, A2183203213, A2183230800, A218320651380, A218320661380, A 2183206513, A 2183203113, A 2183206613, A 2183230900, A 2183203213, A 2183230800, A 218320651380, A 218320661380, A 218 320 6513, A 218 320 3113, A 218 320 6613, A 218 323 0900, A 218 320 3213, A 218 323 0800, A 218 320 6513 80, A 218 320 6613 80, Luftfeder Vorne Mercedes CLS, Front air suspension Mercedes E\" \/>\n<meta property=\"og:url\" content=\"https:\/\/vzduchovetlmice.sk\/cs\/produkty\/predni-vzduchovy-mech-mercedes-benz-e-class-w212-s212-cls-class-c218-x218\/\" \/>\n<meta property=\"og:site_name\" content=\"VzduchoveTlmice.sk\" \/>\n<meta property=\"article:modified_time\" content=\"2026-04-14T14:47:06+00:00\" \/>\n<meta property=\"og:image\" content=\"https:\/\/vzduchovetlmice.sk\/wp-content\/uploads\/2025\/04\/Predni-pneumaticky-mech-Mercedes-Benz-E-class-W212-S212-CLS-class-C218-X218-A2123202338-A2123200813-A-2123203338-A-2123234600-A-2123203438.jpg\" \/>\n\t<meta property=\"og:image:width\" content=\"1000\" \/>\n\t<meta property=\"og:image:height\" content=\"1000\" \/>\n\t<meta property=\"og:image:type\" content=\"image\/jpeg\" \/>\n<meta name=\"twitter:card\" content=\"summary_large_image\" \/>\n<meta name=\"twitter:label1\" content=\"Odhadovan\u00e1 doba \u010dten\u00ed\" \/>\n\t<meta name=\"twitter:data1\" content=\"2 minuty\" \/>\n<script type=\"application\/ld+json\" class=\"yoast-schema-graph\">{\"@context\":\"https:\/\/schema.org\",\"@graph\":[{\"@type\":\"WebPage\",\"@id\":\"https:\/\/vzduchovetlmice.sk\/cs\/produkty\/predni-vzduchovy-mech-mercedes-benz-e-class-w212-s212-cls-class-c218-x218\/\",\"url\":\"https:\/\/vzduchovetlmice.sk\/cs\/produkty\/predni-vzduchovy-mech-mercedes-benz-e-class-w212-s212-cls-class-c218-x218\/\",\"name\":\"P\u0159edn\u00ed vzduchov\u00fd m\u011bch Mercedes Benz E-class W212, CLS 218\",\"isPartOf\":{\"@id\":\"https:\/\/vzduchovetlmice.sk\/#website\"},\"primaryImageOfPage\":{\"@id\":\"https:\/\/vzduchovetlmice.sk\/cs\/produkty\/predni-vzduchovy-mech-mercedes-benz-e-class-w212-s212-cls-class-c218-x218\/#primaryimage\"},\"image\":{\"@id\":\"https:\/\/vzduchovetlmice.sk\/cs\/produkty\/predni-vzduchovy-mech-mercedes-benz-e-class-w212-s212-cls-class-c218-x218\/#primaryimage\"},\"thumbnailUrl\":\"https:\/\/vzduchovetlmice.sk\/wp-content\/uploads\/2025\/04\/Predni-pneumaticky-mech-Mercedes-Benz-E-class-W212-S212-CLS-class-C218-X218-A2123202338-A2123200813-A-2123203338-A-2123234600-A-2123203438.jpg\",\"datePublished\":\"2025-04-28T13:39:59+00:00\",\"dateModified\":\"2026-04-14T14:47:06+00:00\",\"description\":\"Nov\u00fd p\u0159edn\u00ed vzduchov\u00fd (pneumatick\u00fd) m\u011bch Mercedes Benz E -class W212\/ S212 (2009 \u2013 2016) a Mercedes Benz CLS -class W218\/ C218\/ X218 (2011 \u2013 2017). Pneumatick\u00fd m\u011bch je stejn\u00fd pro pravou i levou stranu. Vhodn\u00fd pro 4Matic ale tak\u00e9 s pohonem RWD. Ur\u010den pro modely se syst\u00e9mem AIRMATIC a tak\u00e9 modely AMG. OEM: A2123203338, A2123234600, A2123203438, A2123234700, A2123203138, A2123201738, A2123203238, A212320313880, A2123202238, A2123200913, A212320323880, A2123201838, A2123202338, A2123200813, A 2123203338, A 2123234600, A 2123203438, A 2123234700, A 2123203138, A 2123201738, A 2123203238, A 212320313880, A 2123202238, A 2123200913, A 212320323880, A 2123201838, A 2123202338, A 2123200813, A 212 320 3338, A 212 323 4600, A 212 320 3438, A 212 323 4700, A 212 320 3138, A 212 320 1738, A 212 320 3238, A 212 320 3138 80, A 212 320 2238, A 212 320 0913, A 212 320 3238 80, A 212 320 1838, A 212 320 2338, A 212 320 0813,\u00a0A2183206513, A2183203113, A2183206613, A2183230900, A2183203213, A2183230800, A218320651380, A218320661380, A 2183206513, A 2183203113, A 2183206613, A 2183230900, A 2183203213, A 2183230800, A 218320651380, A 218320661380, A 218 320 6513, A 218 320 3113, A 218 320 6613, A 218 323 0900, A 218 320 3213, A 218 323 0800, A 218 320 6513 80, A 218 320 6613 80, Luftfeder Vorne Mercedes CLS, Front air suspension Mercedes E\",\"breadcrumb\":{\"@id\":\"https:\/\/vzduchovetlmice.sk\/cs\/produkty\/predni-vzduchovy-mech-mercedes-benz-e-class-w212-s212-cls-class-c218-x218\/#breadcrumb\"},\"inLanguage\":\"cs\",\"potentialAction\":[{\"@type\":\"ReadAction\",\"target\":[\"https:\/\/vzduchovetlmice.sk\/cs\/produkty\/predni-vzduchovy-mech-mercedes-benz-e-class-w212-s212-cls-class-c218-x218\/\"]}]},{\"@type\":\"ImageObject\",\"inLanguage\":\"cs\",\"@id\":\"https:\/\/vzduchovetlmice.sk\/cs\/produkty\/predni-vzduchovy-mech-mercedes-benz-e-class-w212-s212-cls-class-c218-x218\/#primaryimage\",\"url\":\"https:\/\/vzduchovetlmice.sk\/wp-content\/uploads\/2025\/04\/Predni-pneumaticky-mech-Mercedes-Benz-E-class-W212-S212-CLS-class-C218-X218-A2123202338-A2123200813-A-2123203338-A-2123234600-A-2123203438.jpg\",\"contentUrl\":\"https:\/\/vzduchovetlmice.sk\/wp-content\/uploads\/2025\/04\/Predni-pneumaticky-mech-Mercedes-Benz-E-class-W212-S212-CLS-class-C218-X218-A2123202338-A2123200813-A-2123203338-A-2123234600-A-2123203438.jpg\",\"width\":1000,\"height\":1000,\"caption\":\"P\u0159edn\u00ed pneumatick\u00fd m\u011bch Mercedes Benz E-class W212, S212, CLS-class C218, X218, A2123202338, A2123200813, A 2123203338, A 2123234600, A 2123203438\"},{\"@type\":\"BreadcrumbList\",\"@id\":\"https:\/\/vzduchovetlmice.sk\/cs\/produkty\/predni-vzduchovy-mech-mercedes-benz-e-class-w212-s212-cls-class-c218-x218\/#breadcrumb\",\"itemListElement\":[{\"@type\":\"ListItem\",\"position\":1,\"name\":\"Domovsk\u00e1 str\u00e1nka\",\"item\":\"https:\/\/vzduchovetlmice.sk\/\"},{\"@type\":\"ListItem\",\"position\":2,\"name\":\"Obchod\",\"item\":\"https:\/\/vzduchovetlmice.sk\/obchod\/\"},{\"@type\":\"ListItem\",\"position\":3,\"name\":\"P\u0159edn\u00ed vzduchov\u00fd m\u011bch Mercedes Benz E-class W212\/S212, CLS-class C218\/X218\"}]},{\"@type\":\"WebSite\",\"@id\":\"https:\/\/vzduchovetlmice.sk\/#website\",\"url\":\"https:\/\/vzduchovetlmice.sk\/\",\"name\":\"VzduchoveTlmice.sk\",\"description\":\"predaj dielov pre vzduchov\u00fd podvozok\",\"potentialAction\":[{\"@type\":\"SearchAction\",\"target\":{\"@type\":\"EntryPoint\",\"urlTemplate\":\"https:\/\/vzduchovetlmice.sk\/?s={search_term_string}\"},\"query-input\":{\"@type\":\"PropertyValueSpecification\",\"valueRequired\":true,\"valueName\":\"search_term_string\"}}],\"inLanguage\":\"cs\"}]}<\/script>\n<!-- \/ Yoast SEO Premium plugin. -->","yoast_head_json":{"title":"P\u0159edn\u00ed vzduchov\u00fd m\u011bch Mercedes Benz E-class W212, CLS 218","description":"Nov\u00fd p\u0159edn\u00ed vzduchov\u00fd (pneumatick\u00fd) m\u011bch Mercedes Benz E -class W212\/ S212 (2009 \u2013 2016) a Mercedes Benz CLS -class W218\/ C218\/ X218 (2011 \u2013 2017). Pneumatick\u00fd m\u011bch je stejn\u00fd pro pravou i levou stranu. Vhodn\u00fd pro 4Matic ale tak\u00e9 s pohonem RWD. Ur\u010den pro modely se syst\u00e9mem AIRMATIC a tak\u00e9 modely AMG. OEM: A2123203338, A2123234600, A2123203438, A2123234700, A2123203138, A2123201738, A2123203238, A212320313880, A2123202238, A2123200913, A212320323880, A2123201838, A2123202338, A2123200813, A 2123203338, A 2123234600, A 2123203438, A 2123234700, A 2123203138, A 2123201738, A 2123203238, A 212320313880, A 2123202238, A 2123200913, A 212320323880, A 2123201838, A 2123202338, A 2123200813, A 212 320 3338, A 212 323 4600, A 212 320 3438, A 212 323 4700, A 212 320 3138, A 212 320 1738, A 212 320 3238, A 212 320 3138 80, A 212 320 2238, A 212 320 0913, A 212 320 3238 80, A 212 320 1838, A 212 320 2338, A 212 320 0813,\u00a0A2183206513, A2183203113, A2183206613, A2183230900, A2183203213, A2183230800, A218320651380, A218320661380, A 2183206513, A 2183203113, A 2183206613, A 2183230900, A 2183203213, A 2183230800, A 218320651380, A 218320661380, A 218 320 6513, A 218 320 3113, A 218 320 6613, A 218 323 0900, A 218 320 3213, A 218 323 0800, A 218 320 6513 80, A 218 320 6613 80, Luftfeder Vorne Mercedes CLS, Front air suspension Mercedes E","robots":{"index":"index","follow":"follow","max-snippet":"max-snippet:-1","max-image-preview":"max-image-preview:large","max-video-preview":"max-video-preview:-1"},"canonical":"https:\/\/vzduchovetlmice.sk\/cs\/produkty\/predni-vzduchovy-mech-mercedes-benz-e-class-w212-s212-cls-class-c218-x218\/","og_locale":"cs_CZ","og_type":"article","og_title":"P\u0159edn\u00ed vzduchov\u00fd m\u011bch Mercedes Benz E-class W212\/S212, CLS-class C218\/X218","og_description":"Nov\u00fd p\u0159edn\u00ed vzduchov\u00fd (pneumatick\u00fd) m\u011bch Mercedes Benz E -class W212\/ S212 (2009 \u2013 2016) a Mercedes Benz CLS -class W218\/ C218\/ X218 (2011 \u2013 2017). Pneumatick\u00fd m\u011bch je stejn\u00fd pro pravou i levou stranu. Vhodn\u00fd pro 4Matic ale tak\u00e9 s pohonem RWD. Ur\u010den pro modely se syst\u00e9mem AIRMATIC a tak\u00e9 modely AMG. OEM: A2123203338, A2123234600, A2123203438, A2123234700, A2123203138, A2123201738, A2123203238, A212320313880, A2123202238, A2123200913, A212320323880, A2123201838, A2123202338, A2123200813, A 2123203338, A 2123234600, A 2123203438, A 2123234700, A 2123203138, A 2123201738, A 2123203238, A 212320313880, A 2123202238, A 2123200913, A 212320323880, A 2123201838, A 2123202338, A 2123200813, A 212 320 3338, A 212 323 4600, A 212 320 3438, A 212 323 4700, A 212 320 3138, A 212 320 1738, A 212 320 3238, A 212 320 3138 80, A 212 320 2238, A 212 320 0913, A 212 320 3238 80, A 212 320 1838, A 212 320 2338, A 212 320 0813,\u00a0A2183206513, A2183203113, A2183206613, A2183230900, A2183203213, A2183230800, A218320651380, A218320661380, A 2183206513, A 2183203113, A 2183206613, A 2183230900, A 2183203213, A 2183230800, A 218320651380, A 218320661380, A 218 320 6513, A 218 320 3113, A 218 320 6613, A 218 323 0900, A 218 320 3213, A 218 323 0800, A 218 320 6513 80, A 218 320 6613 80, Luftfeder Vorne Mercedes CLS, Front air suspension Mercedes E","og_url":"https:\/\/vzduchovetlmice.sk\/cs\/produkty\/predni-vzduchovy-mech-mercedes-benz-e-class-w212-s212-cls-class-c218-x218\/","og_site_name":"VzduchoveTlmice.sk","article_modified_time":"2026-04-14T14:47:06+00:00","og_image":[{"width":1000,"height":1000,"url":"https:\/\/vzduchovetlmice.sk\/wp-content\/uploads\/2025\/04\/Predni-pneumaticky-mech-Mercedes-Benz-E-class-W212-S212-CLS-class-C218-X218-A2123202338-A2123200813-A-2123203338-A-2123234600-A-2123203438.jpg","type":"image\/jpeg"}],"twitter_card":"summary_large_image","twitter_misc":{"Odhadovan\u00e1 doba \u010dten\u00ed":"2 minuty"},"schema":{"@context":"https:\/\/schema.org","@graph":[{"@type":"WebPage","@id":"https:\/\/vzduchovetlmice.sk\/cs\/produkty\/predni-vzduchovy-mech-mercedes-benz-e-class-w212-s212-cls-class-c218-x218\/","url":"https:\/\/vzduchovetlmice.sk\/cs\/produkty\/predni-vzduchovy-mech-mercedes-benz-e-class-w212-s212-cls-class-c218-x218\/","name":"P\u0159edn\u00ed vzduchov\u00fd m\u011bch Mercedes Benz E-class W212, CLS 218","isPartOf":{"@id":"https:\/\/vzduchovetlmice.sk\/#website"},"primaryImageOfPage":{"@id":"https:\/\/vzduchovetlmice.sk\/cs\/produkty\/predni-vzduchovy-mech-mercedes-benz-e-class-w212-s212-cls-class-c218-x218\/#primaryimage"},"image":{"@id":"https:\/\/vzduchovetlmice.sk\/cs\/produkty\/predni-vzduchovy-mech-mercedes-benz-e-class-w212-s212-cls-class-c218-x218\/#primaryimage"},"thumbnailUrl":"https:\/\/vzduchovetlmice.sk\/wp-content\/uploads\/2025\/04\/Predni-pneumaticky-mech-Mercedes-Benz-E-class-W212-S212-CLS-class-C218-X218-A2123202338-A2123200813-A-2123203338-A-2123234600-A-2123203438.jpg","datePublished":"2025-04-28T13:39:59+00:00","dateModified":"2026-04-14T14:47:06+00:00","description":"Nov\u00fd p\u0159edn\u00ed vzduchov\u00fd (pneumatick\u00fd) m\u011bch Mercedes Benz E -class W212\/ S212 (2009 \u2013 2016) a Mercedes Benz CLS -class W218\/ C218\/ X218 (2011 \u2013 2017). Pneumatick\u00fd m\u011bch je stejn\u00fd pro pravou i levou stranu. Vhodn\u00fd pro 4Matic ale tak\u00e9 s pohonem RWD. Ur\u010den pro modely se syst\u00e9mem AIRMATIC a tak\u00e9 modely AMG. OEM: A2123203338, A2123234600, A2123203438, A2123234700, A2123203138, A2123201738, A2123203238, A212320313880, A2123202238, A2123200913, A212320323880, A2123201838, A2123202338, A2123200813, A 2123203338, A 2123234600, A 2123203438, A 2123234700, A 2123203138, A 2123201738, A 2123203238, A 212320313880, A 2123202238, A 2123200913, A 212320323880, A 2123201838, A 2123202338, A 2123200813, A 212 320 3338, A 212 323 4600, A 212 320 3438, A 212 323 4700, A 212 320 3138, A 212 320 1738, A 212 320 3238, A 212 320 3138 80, A 212 320 2238, A 212 320 0913, A 212 320 3238 80, A 212 320 1838, A 212 320 2338, A 212 320 0813,\u00a0A2183206513, A2183203113, A2183206613, A2183230900, A2183203213, A2183230800, A218320651380, A218320661380, A 2183206513, A 2183203113, A 2183206613, A 2183230900, A 2183203213, A 2183230800, A 218320651380, A 218320661380, A 218 320 6513, A 218 320 3113, A 218 320 6613, A 218 323 0900, A 218 320 3213, A 218 323 0800, A 218 320 6513 80, A 218 320 6613 80, Luftfeder Vorne Mercedes CLS, Front air suspension Mercedes E","breadcrumb":{"@id":"https:\/\/vzduchovetlmice.sk\/cs\/produkty\/predni-vzduchovy-mech-mercedes-benz-e-class-w212-s212-cls-class-c218-x218\/#breadcrumb"},"inLanguage":"cs","potentialAction":[{"@type":"ReadAction","target":["https:\/\/vzduchovetlmice.sk\/cs\/produkty\/predni-vzduchovy-mech-mercedes-benz-e-class-w212-s212-cls-class-c218-x218\/"]}]},{"@type":"ImageObject","inLanguage":"cs","@id":"https:\/\/vzduchovetlmice.sk\/cs\/produkty\/predni-vzduchovy-mech-mercedes-benz-e-class-w212-s212-cls-class-c218-x218\/#primaryimage","url":"https:\/\/vzduchovetlmice.sk\/wp-content\/uploads\/2025\/04\/Predni-pneumaticky-mech-Mercedes-Benz-E-class-W212-S212-CLS-class-C218-X218-A2123202338-A2123200813-A-2123203338-A-2123234600-A-2123203438.jpg","contentUrl":"https:\/\/vzduchovetlmice.sk\/wp-content\/uploads\/2025\/04\/Predni-pneumaticky-mech-Mercedes-Benz-E-class-W212-S212-CLS-class-C218-X218-A2123202338-A2123200813-A-2123203338-A-2123234600-A-2123203438.jpg","width":1000,"height":1000,"caption":"P\u0159edn\u00ed pneumatick\u00fd m\u011bch Mercedes Benz E-class W212, S212, CLS-class C218, X218, A2123202338, A2123200813, A 2123203338, A 2123234600, A 2123203438"},{"@type":"BreadcrumbList","@id":"https:\/\/vzduchovetlmice.sk\/cs\/produkty\/predni-vzduchovy-mech-mercedes-benz-e-class-w212-s212-cls-class-c218-x218\/#breadcrumb","itemListElement":[{"@type":"ListItem","position":1,"name":"Domovsk\u00e1 str\u00e1nka","item":"https:\/\/vzduchovetlmice.sk\/"},{"@type":"ListItem","position":2,"name":"Obchod","item":"https:\/\/vzduchovetlmice.sk\/obchod\/"},{"@type":"ListItem","position":3,"name":"P\u0159edn\u00ed vzduchov\u00fd m\u011bch Mercedes Benz E-class W212\/S212, CLS-class C218\/X218"}]},{"@type":"WebSite","@id":"https:\/\/vzduchovetlmice.sk\/#website","url":"https:\/\/vzduchovetlmice.sk\/","name":"VzduchoveTlmice.sk","description":"predaj dielov pre vzduchov\u00fd podvozok","potentialAction":[{"@type":"SearchAction","target":{"@type":"EntryPoint","urlTemplate":"https:\/\/vzduchovetlmice.sk\/?s={search_term_string}"},"query-input":{"@type":"PropertyValueSpecification","valueRequired":true,"valueName":"search_term_string"}}],"inLanguage":"cs"}]}},"_links":{"self":[{"href":"https:\/\/vzduchovetlmice.sk\/cs\/wp-json\/wp\/v2\/product\/101053","targetHints":{"allow":["GET"]}}],"collection":[{"href":"https:\/\/vzduchovetlmice.sk\/cs\/wp-json\/wp\/v2\/product"}],"about":[{"href":"https:\/\/vzduchovetlmice.sk\/cs\/wp-json\/wp\/v2\/types\/product"}],"wp:featuredmedia":[{"embeddable":true,"href":"https:\/\/vzduchovetlmice.sk\/cs\/wp-json\/wp\/v2\/media\/104203"}],"wp:attachment":[{"href":"https:\/\/vzduchovetlmice.sk\/cs\/wp-json\/wp\/v2\/media?parent=101053"}],"wp:term":[{"taxonomy":"product_brand","embeddable":true,"href":"https:\/\/vzduchovetlmice.sk\/cs\/wp-json\/wp\/v2\/product_brand?post=101053"},{"taxonomy":"product_cat","embeddable":true,"href":"https:\/\/vzduchovetlmice.sk\/cs\/wp-json\/wp\/v2\/product_cat?post=101053"},{"taxonomy":"product_tag","embeddable":true,"href":"https:\/\/vzduchovetlmice.sk\/cs\/wp-json\/wp\/v2\/product_tag?post=101053"}],"curies":[{"name":"wp","href":"https:\/\/api.w.org\/{rel}","templated":true}]}}