{"id":101076,"date":"2025-05-07T15:13:39","date_gmt":"2025-05-07T15:13:39","guid":{"rendered":"https:\/\/vzduchovetlmice.sk\/?post_type=product&#038;p=101076"},"modified":"2026-03-16T14:09:39","modified_gmt":"2026-03-16T14:09:39","slug":"vzduchovy-kompresor-podvozku-mercedes-benz-e-class-w212-cls-class-w218","status":"publish","type":"product","link":"https:\/\/vzduchovetlmice.sk\/cs\/produkty\/vzduchovy-kompresor-podvozku-mercedes-benz-e-class-w212-cls-class-w218\/","title":{"rendered":"Vzduchov\u00fd kompresor podvozku Mercedes Benz E-class W212, CLS-class W218"},"content":{"rendered":"<h3><strong>Dal\u0161\u00ed informace:<\/strong><\/h3>\n<p>Nov\u00fd vzduchov\u00fd kompresor podvozku pro Mercedes-Benz E-class W212\/S212 (2009\u20132016) a Mercedes-Benz CLS W218\/C218\/X218 (2011\u20132017).<\/p>\n<ul>\n<li>v\u010detn\u011b vzduchov\u00e9ho filtru<\/li>\n<\/ul>\n<p>Pneumatick\u00fd kompresor je ur\u010den pro modely se syst\u00e9mem AIRMATIC a tak\u00e9 modely AMG.<\/p>\n<h4><strong>Origin\u00e1ln\u00ed v\u00fdrobn\u00ed \u010d\u00edsla (OEM): <\/strong><\/h4>\n<p>A2123200104, A2123200404, A 2123200104, A 2123200404, A 212 320 01 04, A 212 320 04 04, P-2830<\/p>\n","protected":false},"excerpt":{"rendered":"<p><strong>Zna\u010dka: <\/strong>Mercedes Benz<\/p>\n<p><strong>Model:<\/strong> E -class W212\/ S212 (2009 \u2013 2016), CLS -class W218\/ C218\/ X218 (2011 \u2013 2017)<\/p>\n<p><strong>Typ:<\/strong> RWD, 4Matic, AMG<\/p>\n<p><strong>V\u00fdrobce: <\/strong>OEM<\/p>\n<p><strong>Stav: <\/strong>Nov\u00e9<\/p>\n<p><strong>Z\u00e1ruka: <\/strong>2 roky<\/p>\n<p><strong>Dostupnost:<\/strong> <span style=\"color: #00ff00;\"><strong>Skladem<\/strong><\/span><\/p>\n","protected":false},"featured_media":0,"template":"","meta":{"_et_pb_use_builder":"","_et_pb_old_content":"","_et_gb_content_width":""},"product_brand":[52],"product_cat":[567,562,333],"product_tag":[],"class_list":{"0":"post-101076","1":"product","2":"type-product","3":"status-publish","5":"product_brand-mercedes-benz","6":"product_cat-cls-c218-x218-2011-2018-cs","7":"product_cat-e-w212-s212-2009-2016-cs","8":"product_cat-mercedes-benz-cs","10":"first","11":"instock","12":"shipping-taxable","13":"purchasable","14":"product-type-simple"},"yoast_head":"<!-- This site is optimized with the Yoast SEO Premium plugin v24.9 (Yoast SEO v27.1.1) - https:\/\/yoast.com\/product\/yoast-seo-premium-wordpress\/ -->\n<title>Vzduchov\u00fd kompresor podvozku Mercedes Benz E-class W212<\/title>\n<meta name=\"description\" content=\"Nov\u00fd vzduchov\u00fd kompresor podvozku pro Mercedes-Benz E-class W212\/S212 (2009\u20132016) a Mercedes-Benz CLS W218\/C218\/X218 (2011\u20132017). OEM: A2123200104, A2123200404, A 2123200104, A 2123200404, A 212 320 01 04, A 212 320 04 04, P-2830\" \/>\n<meta name=\"robots\" content=\"index, follow, max-snippet:-1, max-image-preview:large, max-video-preview:-1\" \/>\n<link rel=\"canonical\" href=\"https:\/\/vzduchovetlmice.sk\/cs\/produkty\/vzduchovy-kompresor-podvozku-mercedes-benz-e-class-w212-cls-class-w218\/\" \/>\n<meta property=\"og:locale\" content=\"cs_CZ\" \/>\n<meta property=\"og:type\" content=\"article\" \/>\n<meta property=\"og:title\" content=\"Vzduchov\u00fd kompresor podvozku Mercedes Benz E-class W212, CLS-class W218\" \/>\n<meta property=\"og:description\" content=\"Nov\u00fd vzduchov\u00fd kompresor podvozku pro Mercedes-Benz E-class W212\/S212 (2009\u20132016) a Mercedes-Benz CLS W218\/C218\/X218 (2011\u20132017). OEM: A2123200104, A2123200404, A 2123200104, A 2123200404, A 212 320 01 04, A 212 320 04 04, P-2830\" \/>\n<meta property=\"og:url\" content=\"https:\/\/vzduchovetlmice.sk\/cs\/produkty\/vzduchovy-kompresor-podvozku-mercedes-benz-e-class-w212-cls-class-w218\/\" \/>\n<meta property=\"og:site_name\" content=\"VzduchoveTlmice.sk\" \/>\n<meta property=\"article:modified_time\" content=\"2026-03-16T14:09:39+00:00\" \/>\n<meta name=\"twitter:card\" content=\"summary_large_image\" \/>\n<meta name=\"twitter:label1\" content=\"Odhadovan\u00e1 doba \u010dten\u00ed\" \/>\n\t<meta name=\"twitter:data1\" content=\"1 minuta\" \/>\n<script type=\"application\/ld+json\" class=\"yoast-schema-graph\">{\"@context\":\"https:\/\/schema.org\",\"@graph\":[{\"@type\":\"WebPage\",\"@id\":\"https:\/\/vzduchovetlmice.sk\/cs\/produkty\/vzduchovy-kompresor-podvozku-mercedes-benz-e-class-w212-cls-class-w218\/\",\"url\":\"https:\/\/vzduchovetlmice.sk\/cs\/produkty\/vzduchovy-kompresor-podvozku-mercedes-benz-e-class-w212-cls-class-w218\/\",\"name\":\"Vzduchov\u00fd kompresor podvozku Mercedes Benz E-class W212\",\"isPartOf\":{\"@id\":\"https:\/\/vzduchovetlmice.sk\/#website\"},\"datePublished\":\"2025-05-07T15:13:39+00:00\",\"dateModified\":\"2026-03-16T14:09:39+00:00\",\"description\":\"Nov\u00fd vzduchov\u00fd kompresor podvozku pro Mercedes-Benz E-class W212\/S212 (2009\u20132016) a Mercedes-Benz CLS W218\/C218\/X218 (2011\u20132017). OEM: A2123200104, A2123200404, A 2123200104, A 2123200404, A 212 320 01 04, A 212 320 04 04, P-2830\",\"breadcrumb\":{\"@id\":\"https:\/\/vzduchovetlmice.sk\/cs\/produkty\/vzduchovy-kompresor-podvozku-mercedes-benz-e-class-w212-cls-class-w218\/#breadcrumb\"},\"inLanguage\":\"cs\",\"potentialAction\":[{\"@type\":\"ReadAction\",\"target\":[\"https:\/\/vzduchovetlmice.sk\/cs\/produkty\/vzduchovy-kompresor-podvozku-mercedes-benz-e-class-w212-cls-class-w218\/\"]}]},{\"@type\":\"BreadcrumbList\",\"@id\":\"https:\/\/vzduchovetlmice.sk\/cs\/produkty\/vzduchovy-kompresor-podvozku-mercedes-benz-e-class-w212-cls-class-w218\/#breadcrumb\",\"itemListElement\":[{\"@type\":\"ListItem\",\"position\":1,\"name\":\"Domovsk\u00e1 str\u00e1nka\",\"item\":\"https:\/\/vzduchovetlmice.sk\/\"},{\"@type\":\"ListItem\",\"position\":2,\"name\":\"Obchod\",\"item\":\"https:\/\/vzduchovetlmice.sk\/obchod\/\"},{\"@type\":\"ListItem\",\"position\":3,\"name\":\"Vzduchov\u00fd kompresor podvozku Mercedes Benz E-class W212, CLS-class W218\"}]},{\"@type\":\"WebSite\",\"@id\":\"https:\/\/vzduchovetlmice.sk\/#website\",\"url\":\"https:\/\/vzduchovetlmice.sk\/\",\"name\":\"VzduchoveTlmice.sk\",\"description\":\"predaj dielov pre vzduchov\u00fd podvozok\",\"potentialAction\":[{\"@type\":\"SearchAction\",\"target\":{\"@type\":\"EntryPoint\",\"urlTemplate\":\"https:\/\/vzduchovetlmice.sk\/?s={search_term_string}\"},\"query-input\":{\"@type\":\"PropertyValueSpecification\",\"valueRequired\":true,\"valueName\":\"search_term_string\"}}],\"inLanguage\":\"cs\"}]}<\/script>\n<!-- \/ Yoast SEO Premium plugin. -->","yoast_head_json":{"title":"Vzduchov\u00fd kompresor podvozku Mercedes Benz E-class W212","description":"Nov\u00fd vzduchov\u00fd kompresor podvozku pro Mercedes-Benz E-class W212\/S212 (2009\u20132016) a Mercedes-Benz CLS W218\/C218\/X218 (2011\u20132017). OEM: A2123200104, A2123200404, A 2123200104, A 2123200404, A 212 320 01 04, A 212 320 04 04, P-2830","robots":{"index":"index","follow":"follow","max-snippet":"max-snippet:-1","max-image-preview":"max-image-preview:large","max-video-preview":"max-video-preview:-1"},"canonical":"https:\/\/vzduchovetlmice.sk\/cs\/produkty\/vzduchovy-kompresor-podvozku-mercedes-benz-e-class-w212-cls-class-w218\/","og_locale":"cs_CZ","og_type":"article","og_title":"Vzduchov\u00fd kompresor podvozku Mercedes Benz E-class W212, CLS-class W218","og_description":"Nov\u00fd vzduchov\u00fd kompresor podvozku pro Mercedes-Benz E-class W212\/S212 (2009\u20132016) a Mercedes-Benz CLS W218\/C218\/X218 (2011\u20132017). OEM: A2123200104, A2123200404, A 2123200104, A 2123200404, A 212 320 01 04, A 212 320 04 04, P-2830","og_url":"https:\/\/vzduchovetlmice.sk\/cs\/produkty\/vzduchovy-kompresor-podvozku-mercedes-benz-e-class-w212-cls-class-w218\/","og_site_name":"VzduchoveTlmice.sk","article_modified_time":"2026-03-16T14:09:39+00:00","twitter_card":"summary_large_image","twitter_misc":{"Odhadovan\u00e1 doba \u010dten\u00ed":"1 minuta"},"schema":{"@context":"https:\/\/schema.org","@graph":[{"@type":"WebPage","@id":"https:\/\/vzduchovetlmice.sk\/cs\/produkty\/vzduchovy-kompresor-podvozku-mercedes-benz-e-class-w212-cls-class-w218\/","url":"https:\/\/vzduchovetlmice.sk\/cs\/produkty\/vzduchovy-kompresor-podvozku-mercedes-benz-e-class-w212-cls-class-w218\/","name":"Vzduchov\u00fd kompresor podvozku Mercedes Benz E-class W212","isPartOf":{"@id":"https:\/\/vzduchovetlmice.sk\/#website"},"datePublished":"2025-05-07T15:13:39+00:00","dateModified":"2026-03-16T14:09:39+00:00","description":"Nov\u00fd vzduchov\u00fd kompresor podvozku pro Mercedes-Benz E-class W212\/S212 (2009\u20132016) a Mercedes-Benz CLS W218\/C218\/X218 (2011\u20132017). OEM: A2123200104, A2123200404, A 2123200104, A 2123200404, A 212 320 01 04, A 212 320 04 04, P-2830","breadcrumb":{"@id":"https:\/\/vzduchovetlmice.sk\/cs\/produkty\/vzduchovy-kompresor-podvozku-mercedes-benz-e-class-w212-cls-class-w218\/#breadcrumb"},"inLanguage":"cs","potentialAction":[{"@type":"ReadAction","target":["https:\/\/vzduchovetlmice.sk\/cs\/produkty\/vzduchovy-kompresor-podvozku-mercedes-benz-e-class-w212-cls-class-w218\/"]}]},{"@type":"BreadcrumbList","@id":"https:\/\/vzduchovetlmice.sk\/cs\/produkty\/vzduchovy-kompresor-podvozku-mercedes-benz-e-class-w212-cls-class-w218\/#breadcrumb","itemListElement":[{"@type":"ListItem","position":1,"name":"Domovsk\u00e1 str\u00e1nka","item":"https:\/\/vzduchovetlmice.sk\/"},{"@type":"ListItem","position":2,"name":"Obchod","item":"https:\/\/vzduchovetlmice.sk\/obchod\/"},{"@type":"ListItem","position":3,"name":"Vzduchov\u00fd kompresor podvozku Mercedes Benz E-class W212, CLS-class W218"}]},{"@type":"WebSite","@id":"https:\/\/vzduchovetlmice.sk\/#website","url":"https:\/\/vzduchovetlmice.sk\/","name":"VzduchoveTlmice.sk","description":"predaj dielov pre vzduchov\u00fd podvozok","potentialAction":[{"@type":"SearchAction","target":{"@type":"EntryPoint","urlTemplate":"https:\/\/vzduchovetlmice.sk\/?s={search_term_string}"},"query-input":{"@type":"PropertyValueSpecification","valueRequired":true,"valueName":"search_term_string"}}],"inLanguage":"cs"}]}},"_links":{"self":[{"href":"https:\/\/vzduchovetlmice.sk\/cs\/wp-json\/wp\/v2\/product\/101076","targetHints":{"allow":["GET"]}}],"collection":[{"href":"https:\/\/vzduchovetlmice.sk\/cs\/wp-json\/wp\/v2\/product"}],"about":[{"href":"https:\/\/vzduchovetlmice.sk\/cs\/wp-json\/wp\/v2\/types\/product"}],"wp:attachment":[{"href":"https:\/\/vzduchovetlmice.sk\/cs\/wp-json\/wp\/v2\/media?parent=101076"}],"wp:term":[{"taxonomy":"product_brand","embeddable":true,"href":"https:\/\/vzduchovetlmice.sk\/cs\/wp-json\/wp\/v2\/product_brand?post=101076"},{"taxonomy":"product_cat","embeddable":true,"href":"https:\/\/vzduchovetlmice.sk\/cs\/wp-json\/wp\/v2\/product_cat?post=101076"},{"taxonomy":"product_tag","embeddable":true,"href":"https:\/\/vzduchovetlmice.sk\/cs\/wp-json\/wp\/v2\/product_tag?post=101076"}],"curies":[{"name":"wp","href":"https:\/\/api.w.org\/{rel}","templated":true}]}}