{"id":101114,"date":"2025-05-15T14:13:01","date_gmt":"2025-05-15T14:13:01","guid":{"rendered":"https:\/\/vzduchovetlmice.sk\/?post_type=product&#038;p=101114"},"modified":"2025-10-30T15:53:38","modified_gmt":"2025-10-30T15:53:38","slug":"ventilova-jednotka-porsche-panamera-971-taycan-original-porsche","status":"publish","type":"product","link":"https:\/\/vzduchovetlmice.sk\/cs\/produkty\/ventilova-jednotka-porsche-panamera-971-taycan-original-porsche\/","title":{"rendered":"Ventilov\u00e1 jednotka Porsche Panamera 971, Taycan  \u2013 Origin\u00e1l Porsche"},"content":{"rendered":"<h3><strong>Dal\u0161\u00ed informace:<\/strong><\/h3>\n<p>Nov\u00e1 ventilov\u00e1 jednotka vzduchov\u00e9ho kompresoru podvozku pro Porsche Panamera 971 (2016 &#8211; 2024) a Porsche Taycan Y1_ (2019 &#8211; 2025).<\/p>\n<p>Jedn\u00e1 se o origin\u00e1ln\u00ed d\u00edl dod\u00e1van\u00fd do prvov\u00fdroby (RAPA \u2013 prvov\u00fdroba).<\/p>\n<h4><strong>Origin\u00e1ln\u00ed v\u00fdrobn\u00ed \u010d\u00edsla (OEM):<\/strong><\/h4>\n<p>971616056A, 971616056B, 971616056C, 971616056, 971616013A, 971616013B, 971616013C, 971 616 056 A, 971 616 056 B, 971 616 056 C, 971 616 056, 971 616 013 A, 971 616 013 B, 971 616 013 C, 4K0616013Z, 4K0 616 013 Z, RAPA, LF44, LF44S<\/p>\n<p>&nbsp;<\/p>\n","protected":false},"excerpt":{"rendered":"<p><strong>Zna\u010dka: <\/strong>Porsche<\/p>\n<p><strong>Model:<\/strong> Panamera 971 (2016 &#8211; 2024), Taycan Y1_ (2019 &#8211; 2025)<\/p>\n<p><strong>V\u00fdrobce: <\/strong>RAPA \u2013 Made in Germany<\/p>\n<p><strong>Stav:\u00a0<\/strong>Nov\u00e9<\/p>\n<p><strong>Z\u00e1ruka:\u00a0<\/strong>2 roky<\/p>\n<p><strong>Dostupnost:<\/strong>\u00a0<span style=\"color: #00ff00;\"><strong>Skladem<\/strong><\/span><\/p>\n","protected":false},"featured_media":102030,"template":"","meta":{"_et_pb_use_builder":"","_et_pb_old_content":"","_et_gb_content_width":""},"product_brand":[469],"product_cat":[480,479,601],"product_tag":[],"class_list":{"0":"post-101114","1":"product","2":"type-product","3":"status-publish","4":"has-post-thumbnail","6":"product_brand-porsche","7":"product_cat-panamera-ii-971-2016-2024-cs","8":"product_cat-porsche-cs","9":"product_cat-taycan-2019-2025-cs","11":"first","12":"instock","13":"shipping-taxable","14":"purchasable","15":"product-type-simple"},"yoast_head":"<!-- This site is optimized with the Yoast SEO Premium plugin v24.9 (Yoast SEO v27.1.1) - https:\/\/yoast.com\/product\/yoast-seo-premium-wordpress\/ -->\n<title>Ventilov\u00e1 jednotka Porsche Panamera 971, Taycan \u2013 Origin\u00e1l<\/title>\n<meta name=\"description\" content=\"Nov\u00e1 ventilov\u00e1 jednotka (blok) vzduchov\u00e9ho kompresoru podvozku pro Porsche Panamera 971 (2016 - 2024) a Porsche Taycan Y1_ (2019 - 2025).Jedn\u00e1 se o origin\u00e1ln\u00ed d\u00edl dod\u00e1van\u00fd do prvov\u00fdroby (RAPA \u2013 prvov\u00fdroba). OEM: 971616056A, 971616056B, 971616056C, 971616056, 971616013A, 971616013B, 971616013C, 971 616 056 A, 971 616 056 B, 971 616 056 C, 971 616 056, 971 616 013 A, 971 616 013 B, 971 616 013 C, 4K0616013Z, 4K0 616 013 Z, RAPA, LF44, LF44S\" \/>\n<meta name=\"robots\" content=\"index, follow, max-snippet:-1, max-image-preview:large, max-video-preview:-1\" \/>\n<link rel=\"canonical\" href=\"https:\/\/vzduchovetlmice.sk\/cs\/produkty\/ventilova-jednotka-porsche-panamera-971-taycan-original-porsche\/\" \/>\n<meta property=\"og:locale\" content=\"cs_CZ\" \/>\n<meta property=\"og:type\" content=\"article\" \/>\n<meta property=\"og:title\" content=\"Ventilov\u00e1 jednotka Porsche Panamera 971, Taycan \u2013 Origin\u00e1l Porsche\" \/>\n<meta property=\"og:description\" content=\"Nov\u00e1 ventilov\u00e1 jednotka (blok) vzduchov\u00e9ho kompresoru podvozku pro Porsche Panamera 971 (2016 - 2024) a Porsche Taycan Y1_ (2019 - 2025).Jedn\u00e1 se o origin\u00e1ln\u00ed d\u00edl dod\u00e1van\u00fd do prvov\u00fdroby (RAPA \u2013 prvov\u00fdroba). OEM: 971616056A, 971616056B, 971616056C, 971616056, 971616013A, 971616013B, 971616013C, 971 616 056 A, 971 616 056 B, 971 616 056 C, 971 616 056, 971 616 013 A, 971 616 013 B, 971 616 013 C, 4K0616013Z, 4K0 616 013 Z, RAPA, LF44, LF44S\" \/>\n<meta property=\"og:url\" content=\"https:\/\/vzduchovetlmice.sk\/cs\/produkty\/ventilova-jednotka-porsche-panamera-971-taycan-original-porsche\/\" \/>\n<meta property=\"og:site_name\" content=\"VzduchoveTlmice.sk\" \/>\n<meta property=\"article:modified_time\" content=\"2025-10-30T15:53:38+00:00\" \/>\n<meta property=\"og:image\" content=\"https:\/\/vzduchovetlmice.sk\/wp-content\/uploads\/2025\/05\/Ventilova-jednotka-Porsche-Panamera-971-Taycan-\u2013-Original-Porsche-971616056A-971616056B-971616056C-971616056-971616013A-971616013B-971616013C.jpg\" \/>\n\t<meta property=\"og:image:width\" content=\"1000\" \/>\n\t<meta property=\"og:image:height\" content=\"1000\" \/>\n\t<meta property=\"og:image:type\" content=\"image\/jpeg\" \/>\n<meta name=\"twitter:card\" content=\"summary_large_image\" \/>\n<meta name=\"twitter:label1\" content=\"Odhadovan\u00e1 doba \u010dten\u00ed\" \/>\n\t<meta name=\"twitter:data1\" content=\"1 minuta\" \/>\n<script type=\"application\/ld+json\" class=\"yoast-schema-graph\">{\"@context\":\"https:\/\/schema.org\",\"@graph\":[{\"@type\":\"WebPage\",\"@id\":\"https:\/\/vzduchovetlmice.sk\/cs\/produkty\/ventilova-jednotka-porsche-panamera-971-taycan-original-porsche\/\",\"url\":\"https:\/\/vzduchovetlmice.sk\/cs\/produkty\/ventilova-jednotka-porsche-panamera-971-taycan-original-porsche\/\",\"name\":\"Ventilov\u00e1 jednotka Porsche Panamera 971, Taycan \u2013 Origin\u00e1l\",\"isPartOf\":{\"@id\":\"https:\/\/vzduchovetlmice.sk\/#website\"},\"primaryImageOfPage\":{\"@id\":\"https:\/\/vzduchovetlmice.sk\/cs\/produkty\/ventilova-jednotka-porsche-panamera-971-taycan-original-porsche\/#primaryimage\"},\"image\":{\"@id\":\"https:\/\/vzduchovetlmice.sk\/cs\/produkty\/ventilova-jednotka-porsche-panamera-971-taycan-original-porsche\/#primaryimage\"},\"thumbnailUrl\":\"https:\/\/vzduchovetlmice.sk\/wp-content\/uploads\/2025\/05\/Ventilova-jednotka-Porsche-Panamera-971-Taycan-\u2013-Original-Porsche-971616056A-971616056B-971616056C-971616056-971616013A-971616013B-971616013C.jpg\",\"datePublished\":\"2025-05-15T14:13:01+00:00\",\"dateModified\":\"2025-10-30T15:53:38+00:00\",\"description\":\"Nov\u00e1 ventilov\u00e1 jednotka (blok) vzduchov\u00e9ho kompresoru podvozku pro Porsche Panamera 971 (2016 - 2024) a Porsche Taycan Y1_ (2019 - 2025).Jedn\u00e1 se o origin\u00e1ln\u00ed d\u00edl dod\u00e1van\u00fd do prvov\u00fdroby (RAPA \u2013 prvov\u00fdroba). OEM: 971616056A, 971616056B, 971616056C, 971616056, 971616013A, 971616013B, 971616013C, 971 616 056 A, 971 616 056 B, 971 616 056 C, 971 616 056, 971 616 013 A, 971 616 013 B, 971 616 013 C, 4K0616013Z, 4K0 616 013 Z, RAPA, LF44, LF44S\",\"breadcrumb\":{\"@id\":\"https:\/\/vzduchovetlmice.sk\/cs\/produkty\/ventilova-jednotka-porsche-panamera-971-taycan-original-porsche\/#breadcrumb\"},\"inLanguage\":\"cs\",\"potentialAction\":[{\"@type\":\"ReadAction\",\"target\":[\"https:\/\/vzduchovetlmice.sk\/cs\/produkty\/ventilova-jednotka-porsche-panamera-971-taycan-original-porsche\/\"]}]},{\"@type\":\"ImageObject\",\"inLanguage\":\"cs\",\"@id\":\"https:\/\/vzduchovetlmice.sk\/cs\/produkty\/ventilova-jednotka-porsche-panamera-971-taycan-original-porsche\/#primaryimage\",\"url\":\"https:\/\/vzduchovetlmice.sk\/wp-content\/uploads\/2025\/05\/Ventilova-jednotka-Porsche-Panamera-971-Taycan-\u2013-Original-Porsche-971616056A-971616056B-971616056C-971616056-971616013A-971616013B-971616013C.jpg\",\"contentUrl\":\"https:\/\/vzduchovetlmice.sk\/wp-content\/uploads\/2025\/05\/Ventilova-jednotka-Porsche-Panamera-971-Taycan-\u2013-Original-Porsche-971616056A-971616056B-971616056C-971616056-971616013A-971616013B-971616013C.jpg\",\"width\":1000,\"height\":1000,\"caption\":\"Ventilov\u00e1 jednotka Porsche Panamera 971, Taycan \u2013 Origin\u00e1l Porsche, 971616056A, 971616056B, 971616056C, 971616056, 971616013A, 971616013B, 971616013C\"},{\"@type\":\"BreadcrumbList\",\"@id\":\"https:\/\/vzduchovetlmice.sk\/cs\/produkty\/ventilova-jednotka-porsche-panamera-971-taycan-original-porsche\/#breadcrumb\",\"itemListElement\":[{\"@type\":\"ListItem\",\"position\":1,\"name\":\"Domovsk\u00e1 str\u00e1nka\",\"item\":\"https:\/\/vzduchovetlmice.sk\/\"},{\"@type\":\"ListItem\",\"position\":2,\"name\":\"Obchod\",\"item\":\"https:\/\/vzduchovetlmice.sk\/obchod\/\"},{\"@type\":\"ListItem\",\"position\":3,\"name\":\"Ventilov\u00e1 jednotka Porsche Panamera 971, Taycan \u2013 Origin\u00e1l Porsche\"}]},{\"@type\":\"WebSite\",\"@id\":\"https:\/\/vzduchovetlmice.sk\/#website\",\"url\":\"https:\/\/vzduchovetlmice.sk\/\",\"name\":\"VzduchoveTlmice.sk\",\"description\":\"predaj dielov pre vzduchov\u00fd podvozok\",\"potentialAction\":[{\"@type\":\"SearchAction\",\"target\":{\"@type\":\"EntryPoint\",\"urlTemplate\":\"https:\/\/vzduchovetlmice.sk\/?s={search_term_string}\"},\"query-input\":{\"@type\":\"PropertyValueSpecification\",\"valueRequired\":true,\"valueName\":\"search_term_string\"}}],\"inLanguage\":\"cs\"}]}<\/script>\n<!-- \/ Yoast SEO Premium plugin. -->","yoast_head_json":{"title":"Ventilov\u00e1 jednotka Porsche Panamera 971, Taycan \u2013 Origin\u00e1l","description":"Nov\u00e1 ventilov\u00e1 jednotka (blok) vzduchov\u00e9ho kompresoru podvozku pro Porsche Panamera 971 (2016 - 2024) a Porsche Taycan Y1_ (2019 - 2025).Jedn\u00e1 se o origin\u00e1ln\u00ed d\u00edl dod\u00e1van\u00fd do prvov\u00fdroby (RAPA \u2013 prvov\u00fdroba). OEM: 971616056A, 971616056B, 971616056C, 971616056, 971616013A, 971616013B, 971616013C, 971 616 056 A, 971 616 056 B, 971 616 056 C, 971 616 056, 971 616 013 A, 971 616 013 B, 971 616 013 C, 4K0616013Z, 4K0 616 013 Z, RAPA, LF44, LF44S","robots":{"index":"index","follow":"follow","max-snippet":"max-snippet:-1","max-image-preview":"max-image-preview:large","max-video-preview":"max-video-preview:-1"},"canonical":"https:\/\/vzduchovetlmice.sk\/cs\/produkty\/ventilova-jednotka-porsche-panamera-971-taycan-original-porsche\/","og_locale":"cs_CZ","og_type":"article","og_title":"Ventilov\u00e1 jednotka Porsche Panamera 971, Taycan \u2013 Origin\u00e1l Porsche","og_description":"Nov\u00e1 ventilov\u00e1 jednotka (blok) vzduchov\u00e9ho kompresoru podvozku pro Porsche Panamera 971 (2016 - 2024) a Porsche Taycan Y1_ (2019 - 2025).Jedn\u00e1 se o origin\u00e1ln\u00ed d\u00edl dod\u00e1van\u00fd do prvov\u00fdroby (RAPA \u2013 prvov\u00fdroba). OEM: 971616056A, 971616056B, 971616056C, 971616056, 971616013A, 971616013B, 971616013C, 971 616 056 A, 971 616 056 B, 971 616 056 C, 971 616 056, 971 616 013 A, 971 616 013 B, 971 616 013 C, 4K0616013Z, 4K0 616 013 Z, RAPA, LF44, LF44S","og_url":"https:\/\/vzduchovetlmice.sk\/cs\/produkty\/ventilova-jednotka-porsche-panamera-971-taycan-original-porsche\/","og_site_name":"VzduchoveTlmice.sk","article_modified_time":"2025-10-30T15:53:38+00:00","og_image":[{"width":1000,"height":1000,"url":"https:\/\/vzduchovetlmice.sk\/wp-content\/uploads\/2025\/05\/Ventilova-jednotka-Porsche-Panamera-971-Taycan-\u2013-Original-Porsche-971616056A-971616056B-971616056C-971616056-971616013A-971616013B-971616013C.jpg","type":"image\/jpeg"}],"twitter_card":"summary_large_image","twitter_misc":{"Odhadovan\u00e1 doba \u010dten\u00ed":"1 minuta"},"schema":{"@context":"https:\/\/schema.org","@graph":[{"@type":"WebPage","@id":"https:\/\/vzduchovetlmice.sk\/cs\/produkty\/ventilova-jednotka-porsche-panamera-971-taycan-original-porsche\/","url":"https:\/\/vzduchovetlmice.sk\/cs\/produkty\/ventilova-jednotka-porsche-panamera-971-taycan-original-porsche\/","name":"Ventilov\u00e1 jednotka Porsche Panamera 971, Taycan \u2013 Origin\u00e1l","isPartOf":{"@id":"https:\/\/vzduchovetlmice.sk\/#website"},"primaryImageOfPage":{"@id":"https:\/\/vzduchovetlmice.sk\/cs\/produkty\/ventilova-jednotka-porsche-panamera-971-taycan-original-porsche\/#primaryimage"},"image":{"@id":"https:\/\/vzduchovetlmice.sk\/cs\/produkty\/ventilova-jednotka-porsche-panamera-971-taycan-original-porsche\/#primaryimage"},"thumbnailUrl":"https:\/\/vzduchovetlmice.sk\/wp-content\/uploads\/2025\/05\/Ventilova-jednotka-Porsche-Panamera-971-Taycan-\u2013-Original-Porsche-971616056A-971616056B-971616056C-971616056-971616013A-971616013B-971616013C.jpg","datePublished":"2025-05-15T14:13:01+00:00","dateModified":"2025-10-30T15:53:38+00:00","description":"Nov\u00e1 ventilov\u00e1 jednotka (blok) vzduchov\u00e9ho kompresoru podvozku pro Porsche Panamera 971 (2016 - 2024) a Porsche Taycan Y1_ (2019 - 2025).Jedn\u00e1 se o origin\u00e1ln\u00ed d\u00edl dod\u00e1van\u00fd do prvov\u00fdroby (RAPA \u2013 prvov\u00fdroba). OEM: 971616056A, 971616056B, 971616056C, 971616056, 971616013A, 971616013B, 971616013C, 971 616 056 A, 971 616 056 B, 971 616 056 C, 971 616 056, 971 616 013 A, 971 616 013 B, 971 616 013 C, 4K0616013Z, 4K0 616 013 Z, RAPA, LF44, LF44S","breadcrumb":{"@id":"https:\/\/vzduchovetlmice.sk\/cs\/produkty\/ventilova-jednotka-porsche-panamera-971-taycan-original-porsche\/#breadcrumb"},"inLanguage":"cs","potentialAction":[{"@type":"ReadAction","target":["https:\/\/vzduchovetlmice.sk\/cs\/produkty\/ventilova-jednotka-porsche-panamera-971-taycan-original-porsche\/"]}]},{"@type":"ImageObject","inLanguage":"cs","@id":"https:\/\/vzduchovetlmice.sk\/cs\/produkty\/ventilova-jednotka-porsche-panamera-971-taycan-original-porsche\/#primaryimage","url":"https:\/\/vzduchovetlmice.sk\/wp-content\/uploads\/2025\/05\/Ventilova-jednotka-Porsche-Panamera-971-Taycan-\u2013-Original-Porsche-971616056A-971616056B-971616056C-971616056-971616013A-971616013B-971616013C.jpg","contentUrl":"https:\/\/vzduchovetlmice.sk\/wp-content\/uploads\/2025\/05\/Ventilova-jednotka-Porsche-Panamera-971-Taycan-\u2013-Original-Porsche-971616056A-971616056B-971616056C-971616056-971616013A-971616013B-971616013C.jpg","width":1000,"height":1000,"caption":"Ventilov\u00e1 jednotka Porsche Panamera 971, Taycan \u2013 Origin\u00e1l Porsche, 971616056A, 971616056B, 971616056C, 971616056, 971616013A, 971616013B, 971616013C"},{"@type":"BreadcrumbList","@id":"https:\/\/vzduchovetlmice.sk\/cs\/produkty\/ventilova-jednotka-porsche-panamera-971-taycan-original-porsche\/#breadcrumb","itemListElement":[{"@type":"ListItem","position":1,"name":"Domovsk\u00e1 str\u00e1nka","item":"https:\/\/vzduchovetlmice.sk\/"},{"@type":"ListItem","position":2,"name":"Obchod","item":"https:\/\/vzduchovetlmice.sk\/obchod\/"},{"@type":"ListItem","position":3,"name":"Ventilov\u00e1 jednotka Porsche Panamera 971, Taycan \u2013 Origin\u00e1l Porsche"}]},{"@type":"WebSite","@id":"https:\/\/vzduchovetlmice.sk\/#website","url":"https:\/\/vzduchovetlmice.sk\/","name":"VzduchoveTlmice.sk","description":"predaj dielov pre vzduchov\u00fd podvozok","potentialAction":[{"@type":"SearchAction","target":{"@type":"EntryPoint","urlTemplate":"https:\/\/vzduchovetlmice.sk\/?s={search_term_string}"},"query-input":{"@type":"PropertyValueSpecification","valueRequired":true,"valueName":"search_term_string"}}],"inLanguage":"cs"}]}},"_links":{"self":[{"href":"https:\/\/vzduchovetlmice.sk\/cs\/wp-json\/wp\/v2\/product\/101114","targetHints":{"allow":["GET"]}}],"collection":[{"href":"https:\/\/vzduchovetlmice.sk\/cs\/wp-json\/wp\/v2\/product"}],"about":[{"href":"https:\/\/vzduchovetlmice.sk\/cs\/wp-json\/wp\/v2\/types\/product"}],"wp:featuredmedia":[{"embeddable":true,"href":"https:\/\/vzduchovetlmice.sk\/cs\/wp-json\/wp\/v2\/media\/102030"}],"wp:attachment":[{"href":"https:\/\/vzduchovetlmice.sk\/cs\/wp-json\/wp\/v2\/media?parent=101114"}],"wp:term":[{"taxonomy":"product_brand","embeddable":true,"href":"https:\/\/vzduchovetlmice.sk\/cs\/wp-json\/wp\/v2\/product_brand?post=101114"},{"taxonomy":"product_cat","embeddable":true,"href":"https:\/\/vzduchovetlmice.sk\/cs\/wp-json\/wp\/v2\/product_cat?post=101114"},{"taxonomy":"product_tag","embeddable":true,"href":"https:\/\/vzduchovetlmice.sk\/cs\/wp-json\/wp\/v2\/product_tag?post=101114"}],"curies":[{"name":"wp","href":"https:\/\/api.w.org\/{rel}","templated":true}]}}