{"id":101119,"date":"2025-05-15T15:44:44","date_gmt":"2025-05-15T15:44:44","guid":{"rendered":"https:\/\/vzduchovetlmice.sk\/?post_type=product&#038;p=101119"},"modified":"2025-11-05T10:34:06","modified_gmt":"2025-11-05T10:34:06","slug":"ventilova-jednotka-audi-q7-4m-audi-q8-4m-bentley-bentayga","status":"publish","type":"product","link":"https:\/\/vzduchovetlmice.sk\/cs\/produkty\/ventilova-jednotka-audi-q7-4m-audi-q8-4m-bentley-bentayga\/","title":{"rendered":"Ventilov\u00e1 jednotka Audi Q7 4M, Audi Q8 4M, Bentley Bentayga \u2013 Origin\u00e1l"},"content":{"rendered":"<h3><strong>Dal\u0161\u00ed informace:<\/strong><\/h3>\n<p>Nov\u00e1 ventilov\u00e1 jednotka (ventilov\u00fd blok) vzduchov\u00e9ho kompresoru podvozku pro Audi Q7 4M (2015-), Audi Q8 4M (2018-), Bentley Bentayga 4V1 (2015-).<\/p>\n<p>Jedn\u00e1 se o origin\u00e1ln\u00ed d\u00edl dod\u00e1van\u00fd do prvov\u00fdroby (RAPA \u2013 prvov\u00fdroba).<\/p>\n<h4><strong>Origin\u00e1ln\u00ed v\u00fdrobn\u00ed \u010d\u00edsla (OEM): <\/strong><\/h4>\n<p>4M0616013A, 4M0616013B, 4M0616013, 958616013A, 4M0 616 013 A, 4M0 616 013 B, 4M0 616 013, 958 616 013 A, PAB616013, RAPA, LF37, LF37S<\/p>\n","protected":false},"excerpt":{"rendered":"<p><strong>Zna\u010dka:\u00a0<\/strong>Audi, Bentley<\/p>\n<p><strong>Model:<\/strong> Audi Q7 4M (2015 -), Audi Q8 4M (2018 -), Bentley Bentayga 4V1 (2015 -)<\/p>\n<p><strong>V\u00fdrobce: <\/strong>RAPA \u2013 Made in Germany<\/p>\n<p><strong>Stav:\u00a0<\/strong>Nov\u00e9<\/p>\n<p><strong>Z\u00e1ruka:\u00a0<\/strong>2 roky<\/p>\n<p><strong>Dostupnost:<\/strong>\u00a0<span style=\"color: #00ff00;\"><strong>Skladem<\/strong><\/span><\/p>\n","protected":false},"featured_media":102024,"template":"","meta":{"_et_pb_use_builder":"","_et_pb_old_content":"","_et_gb_content_width":""},"product_brand":[46,483],"product_cat":[330,602,542,507,508],"product_tag":[],"class_list":{"0":"post-101119","1":"product","2":"type-product","3":"status-publish","4":"has-post-thumbnail","6":"product_brand-audi","7":"product_brand-bentley","8":"product_cat-audi-cs","9":"product_cat-bentayga-4v1-2015-2024-cs","10":"product_cat-bentley-cs","11":"product_cat-q7-4m-2015-2025-cs","12":"product_cat-q8-4m-2018-2025-cs","14":"first","15":"instock","16":"shipping-taxable","17":"purchasable","18":"product-type-simple"},"yoast_head":"<!-- This site is optimized with the Yoast SEO Premium plugin v24.9 (Yoast SEO v27.1.1) - https:\/\/yoast.com\/product\/yoast-seo-premium-wordpress\/ -->\n<title>Ventilov\u00e1 jednotka Audi Q7 4M, Audi Q8 4M, Bentley Bentayga -OE<\/title>\n<meta name=\"description\" content=\"Nov\u00e1 ventilov\u00e1 jednotka (ventilov\u00fd blok) vzduchov\u00e9ho kompresoru podvozku pro Audi Q7 4M (2015-), Audi Q8 4M (2018-), Bentley Bentayga 4V1 (2015-). Jedn\u00e1 se o origin\u00e1ln\u00ed d\u00edl dod\u00e1van\u00fd do prvov\u00fdroby (RAPA \u2013 prvov\u00fdroba). OEM: 4M0616013A, 4M0616013B, 4M0616013, 958616013A, PAB616013, RAPA, LF37, LF37S\" \/>\n<meta name=\"robots\" content=\"index, follow, max-snippet:-1, max-image-preview:large, max-video-preview:-1\" \/>\n<link rel=\"canonical\" href=\"https:\/\/vzduchovetlmice.sk\/cs\/produkty\/ventilova-jednotka-audi-q7-4m-audi-q8-4m-bentley-bentayga\/\" \/>\n<meta property=\"og:locale\" content=\"cs_CZ\" \/>\n<meta property=\"og:type\" content=\"article\" \/>\n<meta property=\"og:title\" content=\"Ventilov\u00e1 jednotka Audi Q7 4M, Audi Q8 4M, Bentley Bentayga \u2013 Origin\u00e1l\" \/>\n<meta property=\"og:description\" content=\"Nov\u00e1 ventilov\u00e1 jednotka (ventilov\u00fd blok) vzduchov\u00e9ho kompresoru podvozku pro Audi Q7 4M (2015-), Audi Q8 4M (2018-), Bentley Bentayga 4V1 (2015-). Jedn\u00e1 se o origin\u00e1ln\u00ed d\u00edl dod\u00e1van\u00fd do prvov\u00fdroby (RAPA \u2013 prvov\u00fdroba). OEM: 4M0616013A, 4M0616013B, 4M0616013, 958616013A, PAB616013, RAPA, LF37, LF37S\" \/>\n<meta property=\"og:url\" content=\"https:\/\/vzduchovetlmice.sk\/cs\/produkty\/ventilova-jednotka-audi-q7-4m-audi-q8-4m-bentley-bentayga\/\" \/>\n<meta property=\"og:site_name\" content=\"VzduchoveTlmice.sk\" \/>\n<meta property=\"article:modified_time\" content=\"2025-11-05T10:34:06+00:00\" \/>\n<meta property=\"og:image\" content=\"https:\/\/vzduchovetlmice.sk\/wp-content\/uploads\/2025\/05\/Ventilova-jednotka-Audi-Q7-4M-Audi-Q8-4M-Bentley-Bentayga-\u2013-Original-4M0616013A-4M0616013B-4M0616013-958616013A-4M0-616-013-A-4M0-616-013-B.jpg\" \/>\n\t<meta property=\"og:image:width\" content=\"1000\" \/>\n\t<meta property=\"og:image:height\" content=\"1000\" \/>\n\t<meta property=\"og:image:type\" content=\"image\/jpeg\" \/>\n<meta name=\"twitter:card\" content=\"summary_large_image\" \/>\n<meta name=\"twitter:label1\" content=\"Odhadovan\u00e1 doba \u010dten\u00ed\" \/>\n\t<meta name=\"twitter:data1\" content=\"1 minuta\" \/>\n<script type=\"application\/ld+json\" class=\"yoast-schema-graph\">{\"@context\":\"https:\/\/schema.org\",\"@graph\":[{\"@type\":\"WebPage\",\"@id\":\"https:\/\/vzduchovetlmice.sk\/cs\/produkty\/ventilova-jednotka-audi-q7-4m-audi-q8-4m-bentley-bentayga\/\",\"url\":\"https:\/\/vzduchovetlmice.sk\/cs\/produkty\/ventilova-jednotka-audi-q7-4m-audi-q8-4m-bentley-bentayga\/\",\"name\":\"Ventilov\u00e1 jednotka Audi Q7 4M, Audi Q8 4M, Bentley Bentayga -OE\",\"isPartOf\":{\"@id\":\"https:\/\/vzduchovetlmice.sk\/#website\"},\"primaryImageOfPage\":{\"@id\":\"https:\/\/vzduchovetlmice.sk\/cs\/produkty\/ventilova-jednotka-audi-q7-4m-audi-q8-4m-bentley-bentayga\/#primaryimage\"},\"image\":{\"@id\":\"https:\/\/vzduchovetlmice.sk\/cs\/produkty\/ventilova-jednotka-audi-q7-4m-audi-q8-4m-bentley-bentayga\/#primaryimage\"},\"thumbnailUrl\":\"https:\/\/vzduchovetlmice.sk\/wp-content\/uploads\/2025\/05\/Ventilova-jednotka-Audi-Q7-4M-Audi-Q8-4M-Bentley-Bentayga-\u2013-Original-4M0616013A-4M0616013B-4M0616013-958616013A-4M0-616-013-A-4M0-616-013-B.jpg\",\"datePublished\":\"2025-05-15T15:44:44+00:00\",\"dateModified\":\"2025-11-05T10:34:06+00:00\",\"description\":\"Nov\u00e1 ventilov\u00e1 jednotka (ventilov\u00fd blok) vzduchov\u00e9ho kompresoru podvozku pro Audi Q7 4M (2015-), Audi Q8 4M (2018-), Bentley Bentayga 4V1 (2015-). Jedn\u00e1 se o origin\u00e1ln\u00ed d\u00edl dod\u00e1van\u00fd do prvov\u00fdroby (RAPA \u2013 prvov\u00fdroba). OEM: 4M0616013A, 4M0616013B, 4M0616013, 958616013A, PAB616013, RAPA, LF37, LF37S\",\"breadcrumb\":{\"@id\":\"https:\/\/vzduchovetlmice.sk\/cs\/produkty\/ventilova-jednotka-audi-q7-4m-audi-q8-4m-bentley-bentayga\/#breadcrumb\"},\"inLanguage\":\"cs\",\"potentialAction\":[{\"@type\":\"ReadAction\",\"target\":[\"https:\/\/vzduchovetlmice.sk\/cs\/produkty\/ventilova-jednotka-audi-q7-4m-audi-q8-4m-bentley-bentayga\/\"]}]},{\"@type\":\"ImageObject\",\"inLanguage\":\"cs\",\"@id\":\"https:\/\/vzduchovetlmice.sk\/cs\/produkty\/ventilova-jednotka-audi-q7-4m-audi-q8-4m-bentley-bentayga\/#primaryimage\",\"url\":\"https:\/\/vzduchovetlmice.sk\/wp-content\/uploads\/2025\/05\/Ventilova-jednotka-Audi-Q7-4M-Audi-Q8-4M-Bentley-Bentayga-\u2013-Original-4M0616013A-4M0616013B-4M0616013-958616013A-4M0-616-013-A-4M0-616-013-B.jpg\",\"contentUrl\":\"https:\/\/vzduchovetlmice.sk\/wp-content\/uploads\/2025\/05\/Ventilova-jednotka-Audi-Q7-4M-Audi-Q8-4M-Bentley-Bentayga-\u2013-Original-4M0616013A-4M0616013B-4M0616013-958616013A-4M0-616-013-A-4M0-616-013-B.jpg\",\"width\":1000,\"height\":1000,\"caption\":\"Ventilov\u00e1 jednotka Audi Q7 4M, Audi Q8 4M, Bentley Bentayga \u2013 Origin\u00e1l, 4M0616013A, 4M0616013B, 4M0616013, 958616013A, 4M0 616 013 A, 4M0 616 013 B\"},{\"@type\":\"BreadcrumbList\",\"@id\":\"https:\/\/vzduchovetlmice.sk\/cs\/produkty\/ventilova-jednotka-audi-q7-4m-audi-q8-4m-bentley-bentayga\/#breadcrumb\",\"itemListElement\":[{\"@type\":\"ListItem\",\"position\":1,\"name\":\"Domovsk\u00e1 str\u00e1nka\",\"item\":\"https:\/\/vzduchovetlmice.sk\/\"},{\"@type\":\"ListItem\",\"position\":2,\"name\":\"Obchod\",\"item\":\"https:\/\/vzduchovetlmice.sk\/obchod\/\"},{\"@type\":\"ListItem\",\"position\":3,\"name\":\"Ventilov\u00e1 jednotka Audi Q7 4M, Audi Q8 4M, Bentley Bentayga \u2013 Origin\u00e1l\"}]},{\"@type\":\"WebSite\",\"@id\":\"https:\/\/vzduchovetlmice.sk\/#website\",\"url\":\"https:\/\/vzduchovetlmice.sk\/\",\"name\":\"VzduchoveTlmice.sk\",\"description\":\"predaj dielov pre vzduchov\u00fd podvozok\",\"potentialAction\":[{\"@type\":\"SearchAction\",\"target\":{\"@type\":\"EntryPoint\",\"urlTemplate\":\"https:\/\/vzduchovetlmice.sk\/?s={search_term_string}\"},\"query-input\":{\"@type\":\"PropertyValueSpecification\",\"valueRequired\":true,\"valueName\":\"search_term_string\"}}],\"inLanguage\":\"cs\"}]}<\/script>\n<!-- \/ Yoast SEO Premium plugin. -->","yoast_head_json":{"title":"Ventilov\u00e1 jednotka Audi Q7 4M, Audi Q8 4M, Bentley Bentayga -OE","description":"Nov\u00e1 ventilov\u00e1 jednotka (ventilov\u00fd blok) vzduchov\u00e9ho kompresoru podvozku pro Audi Q7 4M (2015-), Audi Q8 4M (2018-), Bentley Bentayga 4V1 (2015-). Jedn\u00e1 se o origin\u00e1ln\u00ed d\u00edl dod\u00e1van\u00fd do prvov\u00fdroby (RAPA \u2013 prvov\u00fdroba). OEM: 4M0616013A, 4M0616013B, 4M0616013, 958616013A, PAB616013, RAPA, LF37, LF37S","robots":{"index":"index","follow":"follow","max-snippet":"max-snippet:-1","max-image-preview":"max-image-preview:large","max-video-preview":"max-video-preview:-1"},"canonical":"https:\/\/vzduchovetlmice.sk\/cs\/produkty\/ventilova-jednotka-audi-q7-4m-audi-q8-4m-bentley-bentayga\/","og_locale":"cs_CZ","og_type":"article","og_title":"Ventilov\u00e1 jednotka Audi Q7 4M, Audi Q8 4M, Bentley Bentayga \u2013 Origin\u00e1l","og_description":"Nov\u00e1 ventilov\u00e1 jednotka (ventilov\u00fd blok) vzduchov\u00e9ho kompresoru podvozku pro Audi Q7 4M (2015-), Audi Q8 4M (2018-), Bentley Bentayga 4V1 (2015-). Jedn\u00e1 se o origin\u00e1ln\u00ed d\u00edl dod\u00e1van\u00fd do prvov\u00fdroby (RAPA \u2013 prvov\u00fdroba). OEM: 4M0616013A, 4M0616013B, 4M0616013, 958616013A, PAB616013, RAPA, LF37, LF37S","og_url":"https:\/\/vzduchovetlmice.sk\/cs\/produkty\/ventilova-jednotka-audi-q7-4m-audi-q8-4m-bentley-bentayga\/","og_site_name":"VzduchoveTlmice.sk","article_modified_time":"2025-11-05T10:34:06+00:00","og_image":[{"width":1000,"height":1000,"url":"https:\/\/vzduchovetlmice.sk\/wp-content\/uploads\/2025\/05\/Ventilova-jednotka-Audi-Q7-4M-Audi-Q8-4M-Bentley-Bentayga-\u2013-Original-4M0616013A-4M0616013B-4M0616013-958616013A-4M0-616-013-A-4M0-616-013-B.jpg","type":"image\/jpeg"}],"twitter_card":"summary_large_image","twitter_misc":{"Odhadovan\u00e1 doba \u010dten\u00ed":"1 minuta"},"schema":{"@context":"https:\/\/schema.org","@graph":[{"@type":"WebPage","@id":"https:\/\/vzduchovetlmice.sk\/cs\/produkty\/ventilova-jednotka-audi-q7-4m-audi-q8-4m-bentley-bentayga\/","url":"https:\/\/vzduchovetlmice.sk\/cs\/produkty\/ventilova-jednotka-audi-q7-4m-audi-q8-4m-bentley-bentayga\/","name":"Ventilov\u00e1 jednotka Audi Q7 4M, Audi Q8 4M, Bentley Bentayga -OE","isPartOf":{"@id":"https:\/\/vzduchovetlmice.sk\/#website"},"primaryImageOfPage":{"@id":"https:\/\/vzduchovetlmice.sk\/cs\/produkty\/ventilova-jednotka-audi-q7-4m-audi-q8-4m-bentley-bentayga\/#primaryimage"},"image":{"@id":"https:\/\/vzduchovetlmice.sk\/cs\/produkty\/ventilova-jednotka-audi-q7-4m-audi-q8-4m-bentley-bentayga\/#primaryimage"},"thumbnailUrl":"https:\/\/vzduchovetlmice.sk\/wp-content\/uploads\/2025\/05\/Ventilova-jednotka-Audi-Q7-4M-Audi-Q8-4M-Bentley-Bentayga-\u2013-Original-4M0616013A-4M0616013B-4M0616013-958616013A-4M0-616-013-A-4M0-616-013-B.jpg","datePublished":"2025-05-15T15:44:44+00:00","dateModified":"2025-11-05T10:34:06+00:00","description":"Nov\u00e1 ventilov\u00e1 jednotka (ventilov\u00fd blok) vzduchov\u00e9ho kompresoru podvozku pro Audi Q7 4M (2015-), Audi Q8 4M (2018-), Bentley Bentayga 4V1 (2015-). Jedn\u00e1 se o origin\u00e1ln\u00ed d\u00edl dod\u00e1van\u00fd do prvov\u00fdroby (RAPA \u2013 prvov\u00fdroba). OEM: 4M0616013A, 4M0616013B, 4M0616013, 958616013A, PAB616013, RAPA, LF37, LF37S","breadcrumb":{"@id":"https:\/\/vzduchovetlmice.sk\/cs\/produkty\/ventilova-jednotka-audi-q7-4m-audi-q8-4m-bentley-bentayga\/#breadcrumb"},"inLanguage":"cs","potentialAction":[{"@type":"ReadAction","target":["https:\/\/vzduchovetlmice.sk\/cs\/produkty\/ventilova-jednotka-audi-q7-4m-audi-q8-4m-bentley-bentayga\/"]}]},{"@type":"ImageObject","inLanguage":"cs","@id":"https:\/\/vzduchovetlmice.sk\/cs\/produkty\/ventilova-jednotka-audi-q7-4m-audi-q8-4m-bentley-bentayga\/#primaryimage","url":"https:\/\/vzduchovetlmice.sk\/wp-content\/uploads\/2025\/05\/Ventilova-jednotka-Audi-Q7-4M-Audi-Q8-4M-Bentley-Bentayga-\u2013-Original-4M0616013A-4M0616013B-4M0616013-958616013A-4M0-616-013-A-4M0-616-013-B.jpg","contentUrl":"https:\/\/vzduchovetlmice.sk\/wp-content\/uploads\/2025\/05\/Ventilova-jednotka-Audi-Q7-4M-Audi-Q8-4M-Bentley-Bentayga-\u2013-Original-4M0616013A-4M0616013B-4M0616013-958616013A-4M0-616-013-A-4M0-616-013-B.jpg","width":1000,"height":1000,"caption":"Ventilov\u00e1 jednotka Audi Q7 4M, Audi Q8 4M, Bentley Bentayga \u2013 Origin\u00e1l, 4M0616013A, 4M0616013B, 4M0616013, 958616013A, 4M0 616 013 A, 4M0 616 013 B"},{"@type":"BreadcrumbList","@id":"https:\/\/vzduchovetlmice.sk\/cs\/produkty\/ventilova-jednotka-audi-q7-4m-audi-q8-4m-bentley-bentayga\/#breadcrumb","itemListElement":[{"@type":"ListItem","position":1,"name":"Domovsk\u00e1 str\u00e1nka","item":"https:\/\/vzduchovetlmice.sk\/"},{"@type":"ListItem","position":2,"name":"Obchod","item":"https:\/\/vzduchovetlmice.sk\/obchod\/"},{"@type":"ListItem","position":3,"name":"Ventilov\u00e1 jednotka Audi Q7 4M, Audi Q8 4M, Bentley Bentayga \u2013 Origin\u00e1l"}]},{"@type":"WebSite","@id":"https:\/\/vzduchovetlmice.sk\/#website","url":"https:\/\/vzduchovetlmice.sk\/","name":"VzduchoveTlmice.sk","description":"predaj dielov pre vzduchov\u00fd podvozok","potentialAction":[{"@type":"SearchAction","target":{"@type":"EntryPoint","urlTemplate":"https:\/\/vzduchovetlmice.sk\/?s={search_term_string}"},"query-input":{"@type":"PropertyValueSpecification","valueRequired":true,"valueName":"search_term_string"}}],"inLanguage":"cs"}]}},"_links":{"self":[{"href":"https:\/\/vzduchovetlmice.sk\/cs\/wp-json\/wp\/v2\/product\/101119","targetHints":{"allow":["GET"]}}],"collection":[{"href":"https:\/\/vzduchovetlmice.sk\/cs\/wp-json\/wp\/v2\/product"}],"about":[{"href":"https:\/\/vzduchovetlmice.sk\/cs\/wp-json\/wp\/v2\/types\/product"}],"wp:featuredmedia":[{"embeddable":true,"href":"https:\/\/vzduchovetlmice.sk\/cs\/wp-json\/wp\/v2\/media\/102024"}],"wp:attachment":[{"href":"https:\/\/vzduchovetlmice.sk\/cs\/wp-json\/wp\/v2\/media?parent=101119"}],"wp:term":[{"taxonomy":"product_brand","embeddable":true,"href":"https:\/\/vzduchovetlmice.sk\/cs\/wp-json\/wp\/v2\/product_brand?post=101119"},{"taxonomy":"product_cat","embeddable":true,"href":"https:\/\/vzduchovetlmice.sk\/cs\/wp-json\/wp\/v2\/product_cat?post=101119"},{"taxonomy":"product_tag","embeddable":true,"href":"https:\/\/vzduchovetlmice.sk\/cs\/wp-json\/wp\/v2\/product_tag?post=101119"}],"curies":[{"name":"wp","href":"https:\/\/api.w.org\/{rel}","templated":true}]}}