{"id":101133,"date":"2025-05-21T20:34:41","date_gmt":"2025-05-21T20:34:41","guid":{"rendered":"https:\/\/vzduchovetlmice.sk\/?post_type=product&#038;p=101133"},"modified":"2025-10-30T14:23:26","modified_gmt":"2025-10-30T14:23:26","slug":"ventilova-jednotka-mercedes-benz-e-class-w212-cls-class-w218-original","status":"publish","type":"product","link":"https:\/\/vzduchovetlmice.sk\/cs\/produkty\/ventilova-jednotka-mercedes-benz-e-class-w212-cls-class-w218-original\/","title":{"rendered":"Ventilov\u00e1 jednotka Mercedes Benz E-class W212, CLS-class W218 &#8211; Origin\u00e1l"},"content":{"rendered":"<h3><strong>\u010eal\u0161\u00ed informace:<\/strong><\/h3>\n<p>Nov\u00e1 ventilov\u00e1 jednotka vzduchov\u00e9ho kompresoru podvozku pro Mercedes Benz E-class W212\/S212 (2009-2016) a Mercedes Benz CLS-class W218\/C218\/X218 (2011-2017).<\/p>\n<p>Jedn\u00e1 se o origin\u00e1ln\u00ed d\u00edl dod\u00e1van\u00fd do prvov\u00fdroby (RAPA \u2013 prvov\u00fdroba).<\/p>\n<p>Ventilov\u00fd blok je ur\u010den pro modely se syst\u00e9mem AIRMATIC a tak\u00e9 modely AMG.<\/p>\n<h4><strong>Origin\u00e1ln\u00ed v\u00fdrobn\u00ed \u010d\u00edsla (OEM):<\/strong><\/h4>\n<p>A2123200358, A 2123200358, 2123200358, A2123200058, A 2123200058, 2123200058, A2123200158, A 2123200158, 2123200158, A2123200658, A 2123200658, 2123200658, RAPA,\u00a0LF22, LF22S<\/p>\n<p>&nbsp;<\/p>\n","protected":false},"excerpt":{"rendered":"<p><strong>Zna\u010dka: <\/strong>Mercedes Benz<\/p>\n<p><strong>Model:<\/strong> E -class W212\/ S212 (2009 \u2013 2016), CLS -class W218\/ C218\/ X218 (2011 \u2013 2017)<\/p>\n<p><strong>V\u00fdrobce: <\/strong>RAPA \u2013 Made in Germany<\/p>\n<p><strong>Stav:\u00a0<\/strong>Nov\u00e9<\/p>\n<p><strong>Z\u00e1ruka:\u00a0<\/strong>2 roky<\/p>\n<p><strong>Dostupnost:<\/strong>\u00a0<span style=\"color: #00ff00;\"><strong>Skladem<\/strong><\/span><\/p>\n","protected":false},"featured_media":101834,"template":"","meta":{"_et_pb_use_builder":"","_et_pb_old_content":"","_et_gb_content_width":""},"product_brand":[52],"product_cat":[567,562,333],"product_tag":[],"class_list":{"0":"post-101133","1":"product","2":"type-product","3":"status-publish","4":"has-post-thumbnail","6":"product_brand-mercedes-benz","7":"product_cat-cls-c218-x218-2011-2018-cs","8":"product_cat-e-w212-s212-2009-2016-cs","9":"product_cat-mercedes-benz-cs","11":"first","12":"instock","13":"shipping-taxable","14":"purchasable","15":"product-type-simple"},"yoast_head":"<!-- This site is optimized with the Yoast SEO Premium plugin v24.9 (Yoast SEO v27.1.1) - https:\/\/yoast.com\/product\/yoast-seo-premium-wordpress\/ -->\n<title>Ventilov\u00e1 jednotka Mercedes Benz E-class W212, CLS-class W218<\/title>\n<meta name=\"description\" content=\"Nov\u00e1 ventilov\u00e1 jednotka vzduchov\u00e9ho kompresoru podvozku pro Mercedes Benz E-class W212\/S212 (2009-2016) a Mercedes Benz CLS-class W218\/C218\/X218 (2011-2017). Jedn\u00e1 se o origin\u00e1ln\u00ed d\u00edl dod\u00e1van\u00fd do prvov\u00fdroby (RAPA \u2013 prvov\u00fdroba). Ventilov\u00fd blok je ur\u010den pro modely se syst\u00e9mem AIRMATIC a tak\u00e9 modely AMG. OEM: A2123200358, A 2123200358, 2123200358, A2123200058, A 2123200058, 2123200058, A2123200158, A 2123200158, 2123200158, A2123200658, A 2123200658, 2123200658, RAPA,\u00a0LF22, LF22S\" \/>\n<meta name=\"robots\" content=\"index, follow, max-snippet:-1, max-image-preview:large, max-video-preview:-1\" \/>\n<link rel=\"canonical\" href=\"https:\/\/vzduchovetlmice.sk\/cs\/produkty\/ventilova-jednotka-mercedes-benz-e-class-w212-cls-class-w218-original\/\" \/>\n<meta property=\"og:locale\" content=\"cs_CZ\" \/>\n<meta property=\"og:type\" content=\"article\" \/>\n<meta property=\"og:title\" content=\"Ventilov\u00e1 jednotka Mercedes Benz E-class W212, CLS-class W218 - Origin\u00e1l\" \/>\n<meta property=\"og:description\" content=\"Nov\u00e1 ventilov\u00e1 jednotka vzduchov\u00e9ho kompresoru podvozku pro Mercedes Benz E-class W212\/S212 (2009-2016) a Mercedes Benz CLS-class W218\/C218\/X218 (2011-2017). Jedn\u00e1 se o origin\u00e1ln\u00ed d\u00edl dod\u00e1van\u00fd do prvov\u00fdroby (RAPA \u2013 prvov\u00fdroba). Ventilov\u00fd blok je ur\u010den pro modely se syst\u00e9mem AIRMATIC a tak\u00e9 modely AMG. OEM: A2123200358, A 2123200358, 2123200358, A2123200058, A 2123200058, 2123200058, A2123200158, A 2123200158, 2123200158, A2123200658, A 2123200658, 2123200658, RAPA,\u00a0LF22, LF22S\" \/>\n<meta property=\"og:url\" content=\"https:\/\/vzduchovetlmice.sk\/cs\/produkty\/ventilova-jednotka-mercedes-benz-e-class-w212-cls-class-w218-original\/\" \/>\n<meta property=\"og:site_name\" content=\"VzduchoveTlmice.sk\" \/>\n<meta property=\"article:modified_time\" content=\"2025-10-30T14:23:26+00:00\" \/>\n<meta property=\"og:image\" content=\"https:\/\/vzduchovetlmice.sk\/wp-content\/uploads\/2025\/05\/Ventilova-jednotka-Mercedes-Benz-E-class-W212-CLS-class-W218-Original-A2123200358-A-2123200358-2123200358-A2123200058-A-2123200058-AMG-RAPA.jpg\" \/>\n\t<meta property=\"og:image:width\" content=\"1000\" \/>\n\t<meta property=\"og:image:height\" content=\"1000\" \/>\n\t<meta property=\"og:image:type\" content=\"image\/jpeg\" \/>\n<meta name=\"twitter:card\" content=\"summary_large_image\" \/>\n<meta name=\"twitter:label1\" content=\"Odhadovan\u00e1 doba \u010dten\u00ed\" \/>\n\t<meta name=\"twitter:data1\" content=\"1 minuta\" \/>\n<script type=\"application\/ld+json\" class=\"yoast-schema-graph\">{\"@context\":\"https:\/\/schema.org\",\"@graph\":[{\"@type\":\"WebPage\",\"@id\":\"https:\/\/vzduchovetlmice.sk\/cs\/produkty\/ventilova-jednotka-mercedes-benz-e-class-w212-cls-class-w218-original\/\",\"url\":\"https:\/\/vzduchovetlmice.sk\/cs\/produkty\/ventilova-jednotka-mercedes-benz-e-class-w212-cls-class-w218-original\/\",\"name\":\"Ventilov\u00e1 jednotka Mercedes Benz E-class W212, CLS-class W218\",\"isPartOf\":{\"@id\":\"https:\/\/vzduchovetlmice.sk\/#website\"},\"primaryImageOfPage\":{\"@id\":\"https:\/\/vzduchovetlmice.sk\/cs\/produkty\/ventilova-jednotka-mercedes-benz-e-class-w212-cls-class-w218-original\/#primaryimage\"},\"image\":{\"@id\":\"https:\/\/vzduchovetlmice.sk\/cs\/produkty\/ventilova-jednotka-mercedes-benz-e-class-w212-cls-class-w218-original\/#primaryimage\"},\"thumbnailUrl\":\"https:\/\/vzduchovetlmice.sk\/wp-content\/uploads\/2025\/05\/Ventilova-jednotka-Mercedes-Benz-E-class-W212-CLS-class-W218-Original-A2123200358-A-2123200358-2123200358-A2123200058-A-2123200058-AMG-RAPA.jpg\",\"datePublished\":\"2025-05-21T20:34:41+00:00\",\"dateModified\":\"2025-10-30T14:23:26+00:00\",\"description\":\"Nov\u00e1 ventilov\u00e1 jednotka vzduchov\u00e9ho kompresoru podvozku pro Mercedes Benz E-class W212\/S212 (2009-2016) a Mercedes Benz CLS-class W218\/C218\/X218 (2011-2017). Jedn\u00e1 se o origin\u00e1ln\u00ed d\u00edl dod\u00e1van\u00fd do prvov\u00fdroby (RAPA \u2013 prvov\u00fdroba). Ventilov\u00fd blok je ur\u010den pro modely se syst\u00e9mem AIRMATIC a tak\u00e9 modely AMG. OEM: A2123200358, A 2123200358, 2123200358, A2123200058, A 2123200058, 2123200058, A2123200158, A 2123200158, 2123200158, A2123200658, A 2123200658, 2123200658, RAPA,\u00a0LF22, LF22S\",\"breadcrumb\":{\"@id\":\"https:\/\/vzduchovetlmice.sk\/cs\/produkty\/ventilova-jednotka-mercedes-benz-e-class-w212-cls-class-w218-original\/#breadcrumb\"},\"inLanguage\":\"cs\",\"potentialAction\":[{\"@type\":\"ReadAction\",\"target\":[\"https:\/\/vzduchovetlmice.sk\/cs\/produkty\/ventilova-jednotka-mercedes-benz-e-class-w212-cls-class-w218-original\/\"]}]},{\"@type\":\"ImageObject\",\"inLanguage\":\"cs\",\"@id\":\"https:\/\/vzduchovetlmice.sk\/cs\/produkty\/ventilova-jednotka-mercedes-benz-e-class-w212-cls-class-w218-original\/#primaryimage\",\"url\":\"https:\/\/vzduchovetlmice.sk\/wp-content\/uploads\/2025\/05\/Ventilova-jednotka-Mercedes-Benz-E-class-W212-CLS-class-W218-Original-A2123200358-A-2123200358-2123200358-A2123200058-A-2123200058-AMG-RAPA.jpg\",\"contentUrl\":\"https:\/\/vzduchovetlmice.sk\/wp-content\/uploads\/2025\/05\/Ventilova-jednotka-Mercedes-Benz-E-class-W212-CLS-class-W218-Original-A2123200358-A-2123200358-2123200358-A2123200058-A-2123200058-AMG-RAPA.jpg\",\"width\":1000,\"height\":1000,\"caption\":\"Ventilov\u00e1 jednotka Mercedes Benz E-class W212, CLS-class W218 - Origin\u00e1l, A2123200358, A 2123200358, 2123200358, A2123200058, A 2123200058, AMG, RAPA\"},{\"@type\":\"BreadcrumbList\",\"@id\":\"https:\/\/vzduchovetlmice.sk\/cs\/produkty\/ventilova-jednotka-mercedes-benz-e-class-w212-cls-class-w218-original\/#breadcrumb\",\"itemListElement\":[{\"@type\":\"ListItem\",\"position\":1,\"name\":\"Domovsk\u00e1 str\u00e1nka\",\"item\":\"https:\/\/vzduchovetlmice.sk\/\"},{\"@type\":\"ListItem\",\"position\":2,\"name\":\"Obchod\",\"item\":\"https:\/\/vzduchovetlmice.sk\/obchod\/\"},{\"@type\":\"ListItem\",\"position\":3,\"name\":\"Ventilov\u00e1 jednotka Mercedes Benz E-class W212, CLS-class W218 &#8211; Origin\u00e1l\"}]},{\"@type\":\"WebSite\",\"@id\":\"https:\/\/vzduchovetlmice.sk\/#website\",\"url\":\"https:\/\/vzduchovetlmice.sk\/\",\"name\":\"VzduchoveTlmice.sk\",\"description\":\"predaj dielov pre vzduchov\u00fd podvozok\",\"potentialAction\":[{\"@type\":\"SearchAction\",\"target\":{\"@type\":\"EntryPoint\",\"urlTemplate\":\"https:\/\/vzduchovetlmice.sk\/?s={search_term_string}\"},\"query-input\":{\"@type\":\"PropertyValueSpecification\",\"valueRequired\":true,\"valueName\":\"search_term_string\"}}],\"inLanguage\":\"cs\"}]}<\/script>\n<!-- \/ Yoast SEO Premium plugin. -->","yoast_head_json":{"title":"Ventilov\u00e1 jednotka Mercedes Benz E-class W212, CLS-class W218","description":"Nov\u00e1 ventilov\u00e1 jednotka vzduchov\u00e9ho kompresoru podvozku pro Mercedes Benz E-class W212\/S212 (2009-2016) a Mercedes Benz CLS-class W218\/C218\/X218 (2011-2017). Jedn\u00e1 se o origin\u00e1ln\u00ed d\u00edl dod\u00e1van\u00fd do prvov\u00fdroby (RAPA \u2013 prvov\u00fdroba). Ventilov\u00fd blok je ur\u010den pro modely se syst\u00e9mem AIRMATIC a tak\u00e9 modely AMG. OEM: A2123200358, A 2123200358, 2123200358, A2123200058, A 2123200058, 2123200058, A2123200158, A 2123200158, 2123200158, A2123200658, A 2123200658, 2123200658, RAPA,\u00a0LF22, LF22S","robots":{"index":"index","follow":"follow","max-snippet":"max-snippet:-1","max-image-preview":"max-image-preview:large","max-video-preview":"max-video-preview:-1"},"canonical":"https:\/\/vzduchovetlmice.sk\/cs\/produkty\/ventilova-jednotka-mercedes-benz-e-class-w212-cls-class-w218-original\/","og_locale":"cs_CZ","og_type":"article","og_title":"Ventilov\u00e1 jednotka Mercedes Benz E-class W212, CLS-class W218 - Origin\u00e1l","og_description":"Nov\u00e1 ventilov\u00e1 jednotka vzduchov\u00e9ho kompresoru podvozku pro Mercedes Benz E-class W212\/S212 (2009-2016) a Mercedes Benz CLS-class W218\/C218\/X218 (2011-2017). Jedn\u00e1 se o origin\u00e1ln\u00ed d\u00edl dod\u00e1van\u00fd do prvov\u00fdroby (RAPA \u2013 prvov\u00fdroba). Ventilov\u00fd blok je ur\u010den pro modely se syst\u00e9mem AIRMATIC a tak\u00e9 modely AMG. OEM: A2123200358, A 2123200358, 2123200358, A2123200058, A 2123200058, 2123200058, A2123200158, A 2123200158, 2123200158, A2123200658, A 2123200658, 2123200658, RAPA,\u00a0LF22, LF22S","og_url":"https:\/\/vzduchovetlmice.sk\/cs\/produkty\/ventilova-jednotka-mercedes-benz-e-class-w212-cls-class-w218-original\/","og_site_name":"VzduchoveTlmice.sk","article_modified_time":"2025-10-30T14:23:26+00:00","og_image":[{"width":1000,"height":1000,"url":"https:\/\/vzduchovetlmice.sk\/wp-content\/uploads\/2025\/05\/Ventilova-jednotka-Mercedes-Benz-E-class-W212-CLS-class-W218-Original-A2123200358-A-2123200358-2123200358-A2123200058-A-2123200058-AMG-RAPA.jpg","type":"image\/jpeg"}],"twitter_card":"summary_large_image","twitter_misc":{"Odhadovan\u00e1 doba \u010dten\u00ed":"1 minuta"},"schema":{"@context":"https:\/\/schema.org","@graph":[{"@type":"WebPage","@id":"https:\/\/vzduchovetlmice.sk\/cs\/produkty\/ventilova-jednotka-mercedes-benz-e-class-w212-cls-class-w218-original\/","url":"https:\/\/vzduchovetlmice.sk\/cs\/produkty\/ventilova-jednotka-mercedes-benz-e-class-w212-cls-class-w218-original\/","name":"Ventilov\u00e1 jednotka Mercedes Benz E-class W212, CLS-class W218","isPartOf":{"@id":"https:\/\/vzduchovetlmice.sk\/#website"},"primaryImageOfPage":{"@id":"https:\/\/vzduchovetlmice.sk\/cs\/produkty\/ventilova-jednotka-mercedes-benz-e-class-w212-cls-class-w218-original\/#primaryimage"},"image":{"@id":"https:\/\/vzduchovetlmice.sk\/cs\/produkty\/ventilova-jednotka-mercedes-benz-e-class-w212-cls-class-w218-original\/#primaryimage"},"thumbnailUrl":"https:\/\/vzduchovetlmice.sk\/wp-content\/uploads\/2025\/05\/Ventilova-jednotka-Mercedes-Benz-E-class-W212-CLS-class-W218-Original-A2123200358-A-2123200358-2123200358-A2123200058-A-2123200058-AMG-RAPA.jpg","datePublished":"2025-05-21T20:34:41+00:00","dateModified":"2025-10-30T14:23:26+00:00","description":"Nov\u00e1 ventilov\u00e1 jednotka vzduchov\u00e9ho kompresoru podvozku pro Mercedes Benz E-class W212\/S212 (2009-2016) a Mercedes Benz CLS-class W218\/C218\/X218 (2011-2017). Jedn\u00e1 se o origin\u00e1ln\u00ed d\u00edl dod\u00e1van\u00fd do prvov\u00fdroby (RAPA \u2013 prvov\u00fdroba). Ventilov\u00fd blok je ur\u010den pro modely se syst\u00e9mem AIRMATIC a tak\u00e9 modely AMG. OEM: A2123200358, A 2123200358, 2123200358, A2123200058, A 2123200058, 2123200058, A2123200158, A 2123200158, 2123200158, A2123200658, A 2123200658, 2123200658, RAPA,\u00a0LF22, LF22S","breadcrumb":{"@id":"https:\/\/vzduchovetlmice.sk\/cs\/produkty\/ventilova-jednotka-mercedes-benz-e-class-w212-cls-class-w218-original\/#breadcrumb"},"inLanguage":"cs","potentialAction":[{"@type":"ReadAction","target":["https:\/\/vzduchovetlmice.sk\/cs\/produkty\/ventilova-jednotka-mercedes-benz-e-class-w212-cls-class-w218-original\/"]}]},{"@type":"ImageObject","inLanguage":"cs","@id":"https:\/\/vzduchovetlmice.sk\/cs\/produkty\/ventilova-jednotka-mercedes-benz-e-class-w212-cls-class-w218-original\/#primaryimage","url":"https:\/\/vzduchovetlmice.sk\/wp-content\/uploads\/2025\/05\/Ventilova-jednotka-Mercedes-Benz-E-class-W212-CLS-class-W218-Original-A2123200358-A-2123200358-2123200358-A2123200058-A-2123200058-AMG-RAPA.jpg","contentUrl":"https:\/\/vzduchovetlmice.sk\/wp-content\/uploads\/2025\/05\/Ventilova-jednotka-Mercedes-Benz-E-class-W212-CLS-class-W218-Original-A2123200358-A-2123200358-2123200358-A2123200058-A-2123200058-AMG-RAPA.jpg","width":1000,"height":1000,"caption":"Ventilov\u00e1 jednotka Mercedes Benz E-class W212, CLS-class W218 - Origin\u00e1l, A2123200358, A 2123200358, 2123200358, A2123200058, A 2123200058, AMG, RAPA"},{"@type":"BreadcrumbList","@id":"https:\/\/vzduchovetlmice.sk\/cs\/produkty\/ventilova-jednotka-mercedes-benz-e-class-w212-cls-class-w218-original\/#breadcrumb","itemListElement":[{"@type":"ListItem","position":1,"name":"Domovsk\u00e1 str\u00e1nka","item":"https:\/\/vzduchovetlmice.sk\/"},{"@type":"ListItem","position":2,"name":"Obchod","item":"https:\/\/vzduchovetlmice.sk\/obchod\/"},{"@type":"ListItem","position":3,"name":"Ventilov\u00e1 jednotka Mercedes Benz E-class W212, CLS-class W218 &#8211; Origin\u00e1l"}]},{"@type":"WebSite","@id":"https:\/\/vzduchovetlmice.sk\/#website","url":"https:\/\/vzduchovetlmice.sk\/","name":"VzduchoveTlmice.sk","description":"predaj dielov pre vzduchov\u00fd podvozok","potentialAction":[{"@type":"SearchAction","target":{"@type":"EntryPoint","urlTemplate":"https:\/\/vzduchovetlmice.sk\/?s={search_term_string}"},"query-input":{"@type":"PropertyValueSpecification","valueRequired":true,"valueName":"search_term_string"}}],"inLanguage":"cs"}]}},"_links":{"self":[{"href":"https:\/\/vzduchovetlmice.sk\/cs\/wp-json\/wp\/v2\/product\/101133","targetHints":{"allow":["GET"]}}],"collection":[{"href":"https:\/\/vzduchovetlmice.sk\/cs\/wp-json\/wp\/v2\/product"}],"about":[{"href":"https:\/\/vzduchovetlmice.sk\/cs\/wp-json\/wp\/v2\/types\/product"}],"wp:featuredmedia":[{"embeddable":true,"href":"https:\/\/vzduchovetlmice.sk\/cs\/wp-json\/wp\/v2\/media\/101834"}],"wp:attachment":[{"href":"https:\/\/vzduchovetlmice.sk\/cs\/wp-json\/wp\/v2\/media?parent=101133"}],"wp:term":[{"taxonomy":"product_brand","embeddable":true,"href":"https:\/\/vzduchovetlmice.sk\/cs\/wp-json\/wp\/v2\/product_brand?post=101133"},{"taxonomy":"product_cat","embeddable":true,"href":"https:\/\/vzduchovetlmice.sk\/cs\/wp-json\/wp\/v2\/product_cat?post=101133"},{"taxonomy":"product_tag","embeddable":true,"href":"https:\/\/vzduchovetlmice.sk\/cs\/wp-json\/wp\/v2\/product_tag?post=101133"}],"curies":[{"name":"wp","href":"https:\/\/api.w.org\/{rel}","templated":true}]}}