{"id":101139,"date":"2025-05-21T21:11:21","date_gmt":"2025-05-21T21:11:21","guid":{"rendered":"https:\/\/vzduchovetlmice.sk\/?post_type=product&#038;p=101139"},"modified":"2025-10-30T14:17:12","modified_gmt":"2025-10-30T14:17:12","slug":"ventilova-jednotka-mercedes-benz-gle-class-w166-gle-coupe-class-c292-original","status":"publish","type":"product","link":"https:\/\/vzduchovetlmice.sk\/cs\/produkty\/ventilova-jednotka-mercedes-benz-gle-class-w166-gle-coupe-class-c292-original\/","title":{"rendered":"Ventilov\u00e1 jednotka Mercedes Benz GLE-class W166, GLE Coupe-class C292 \u2013 Origin\u00e1l"},"content":{"rendered":"<h3><strong>Dal\u0161\u00ed informace:<\/strong><\/h3>\n<p>Nov\u00e1 ventilov\u00e1 jednotka (kostka) vzduchov\u00e9ho kompresoru podvozku pro Mercedes Benz GLE-class W166 (2015-2019) a Mercedes Benz GLE Coupe-class C292 (2015-2019).<\/p>\n<p>Jedn\u00e1 se o origin\u00e1ln\u00ed d\u00edl dod\u00e1van\u00fd do prvov\u00fdroby (RAPA \u2013 prvov\u00fdroba).<\/p>\n<p>Ventilov\u00fd blok je ur\u010den pro modely se syst\u00e9mem AIRMATIC a tak\u00e9 modely AMG.<\/p>\n<h4><strong>Origin\u00e1ln\u00ed v\u00fdrobn\u00ed \u010d\u00edsla (OEM): <\/strong><\/h4>\n<p>A2123200358, A 2123200358, 2123200358, A2123200058, A 2123200058, 2123200058, A2123200158, A 2123200158, 2123200158, A2123200658, A 2123200658, 2123200658, RAPA,\u00a0LF22, LF22S<\/p>\n<p>&nbsp;<\/p>\n","protected":false},"excerpt":{"rendered":"<p><strong>Zna\u010dka: <\/strong>Mercedes Benz<\/p>\n<p><strong>Model:<\/strong> GLE -class W166 (2015 \u2013 2019), GLE Coupe -class C292 (2015 \u2013 2019)<\/p>\n<p><strong>V\u00fdrobce: <\/strong>RAPA &#8211; Made in Germany<\/p>\n<p><strong>Stav: <\/strong>Nov\u00e9<\/p>\n<p><strong>Z\u00e1ruka: <\/strong>2 roky<\/p>\n<p><strong>Dostupnost:<\/strong> <span style=\"color: #00ff00;\"><strong>Skladem<\/strong><\/span><\/p>\n","protected":false},"featured_media":101813,"template":"","meta":{"_et_pb_use_builder":"","_et_pb_old_content":"","_et_gb_content_width":""},"product_brand":[52],"product_cat":[569,464,333],"product_tag":[],"class_list":{"0":"post-101139","1":"product","2":"type-product","3":"status-publish","4":"has-post-thumbnail","6":"product_brand-mercedes-benz","7":"product_cat-gle-w166-2015-2019-cs","8":"product_cat-gle-coupe-c292-2015-2019-cs","9":"product_cat-mercedes-benz-cs","11":"first","12":"instock","13":"shipping-taxable","14":"purchasable","15":"product-type-simple"},"yoast_head":"<!-- This site is optimized with the Yoast SEO Premium plugin v24.9 (Yoast SEO v27.1.1) - https:\/\/yoast.com\/product\/yoast-seo-premium-wordpress\/ -->\n<title>Ventilov\u00e1 jednotka Mercedes Benz GLE -W166, GLE Coupe -C292<\/title>\n<meta name=\"description\" content=\"Nov\u00e1 ventilov\u00e1 jednotka (kostka) vzduchov\u00e9ho kompresoru podvozku pro Mercedes Benz GLE-class W166 (2015-2019) a Mercedes Benz GLE Coupe-class C292 (2015-2019). Ventilov\u00fd blok je ur\u010den pro modely se syst\u00e9mem AIRMATIC a tak\u00e9 modely AMG. Origin\u00e1ln\u00ed d\u00edl dod\u00e1van\u00fd do prvn\u00ed v\u00fdroby ( RAPA - prvn\u00ed v\u00fdroba).OEM: A2123200358, A 2123200358, 2123200358, A2123200058, A 2123200058, 2123200058, A2123200158, A 2123200158, 2123200158, A2123200658, A 2123200658, 2123200658, RAPA, LF22, LF22S\" \/>\n<meta name=\"robots\" content=\"index, follow, max-snippet:-1, max-image-preview:large, max-video-preview:-1\" \/>\n<link rel=\"canonical\" href=\"https:\/\/vzduchovetlmice.sk\/cs\/produkty\/ventilova-jednotka-mercedes-benz-gle-class-w166-gle-coupe-class-c292-original\/\" \/>\n<meta property=\"og:locale\" content=\"cs_CZ\" \/>\n<meta property=\"og:type\" content=\"article\" \/>\n<meta property=\"og:title\" content=\"Ventilov\u00e1 jednotka Mercedes Benz GLE-class W166, GLE Coupe-class C292 \u2013 Origin\u00e1l\" \/>\n<meta property=\"og:description\" content=\"Nov\u00e1 ventilov\u00e1 jednotka (kostka) vzduchov\u00e9ho kompresoru podvozku pro Mercedes Benz GLE-class W166 (2015-2019) a Mercedes Benz GLE Coupe-class C292 (2015-2019). Ventilov\u00fd blok je ur\u010den pro modely se syst\u00e9mem AIRMATIC a tak\u00e9 modely AMG. Origin\u00e1ln\u00ed d\u00edl dod\u00e1van\u00fd do prvn\u00ed v\u00fdroby ( RAPA - prvn\u00ed v\u00fdroba).OEM: A2123200358, A 2123200358, 2123200358, A2123200058, A 2123200058, 2123200058, A2123200158, A 2123200158, 2123200158, A2123200658, A 2123200658, 2123200658, RAPA, LF22, LF22S\" \/>\n<meta property=\"og:url\" content=\"https:\/\/vzduchovetlmice.sk\/cs\/produkty\/ventilova-jednotka-mercedes-benz-gle-class-w166-gle-coupe-class-c292-original\/\" \/>\n<meta property=\"og:site_name\" content=\"VzduchoveTlmice.sk\" \/>\n<meta property=\"article:modified_time\" content=\"2025-10-30T14:17:12+00:00\" \/>\n<meta property=\"og:image\" content=\"https:\/\/vzduchovetlmice.sk\/wp-content\/uploads\/2025\/05\/Ventilova-jednotka-Mercedes-Benz-GLE-class-W166-GLE-Coupe-class-C292-Original-A2123200358-A-2123200358-2123200358-A2123200058-A-2123200058-AMG.jpg\" \/>\n\t<meta property=\"og:image:width\" content=\"1000\" \/>\n\t<meta property=\"og:image:height\" content=\"1000\" \/>\n\t<meta property=\"og:image:type\" content=\"image\/jpeg\" \/>\n<meta name=\"twitter:card\" content=\"summary_large_image\" \/>\n<meta name=\"twitter:label1\" content=\"Odhadovan\u00e1 doba \u010dten\u00ed\" \/>\n\t<meta name=\"twitter:data1\" content=\"1 minuta\" \/>\n<script type=\"application\/ld+json\" class=\"yoast-schema-graph\">{\"@context\":\"https:\/\/schema.org\",\"@graph\":[{\"@type\":\"WebPage\",\"@id\":\"https:\/\/vzduchovetlmice.sk\/cs\/produkty\/ventilova-jednotka-mercedes-benz-gle-class-w166-gle-coupe-class-c292-original\/\",\"url\":\"https:\/\/vzduchovetlmice.sk\/cs\/produkty\/ventilova-jednotka-mercedes-benz-gle-class-w166-gle-coupe-class-c292-original\/\",\"name\":\"Ventilov\u00e1 jednotka Mercedes Benz GLE -W166, GLE Coupe -C292\",\"isPartOf\":{\"@id\":\"https:\/\/vzduchovetlmice.sk\/#website\"},\"primaryImageOfPage\":{\"@id\":\"https:\/\/vzduchovetlmice.sk\/cs\/produkty\/ventilova-jednotka-mercedes-benz-gle-class-w166-gle-coupe-class-c292-original\/#primaryimage\"},\"image\":{\"@id\":\"https:\/\/vzduchovetlmice.sk\/cs\/produkty\/ventilova-jednotka-mercedes-benz-gle-class-w166-gle-coupe-class-c292-original\/#primaryimage\"},\"thumbnailUrl\":\"https:\/\/vzduchovetlmice.sk\/wp-content\/uploads\/2025\/05\/Ventilova-jednotka-Mercedes-Benz-GLE-class-W166-GLE-Coupe-class-C292-Original-A2123200358-A-2123200358-2123200358-A2123200058-A-2123200058-AMG.jpg\",\"datePublished\":\"2025-05-21T21:11:21+00:00\",\"dateModified\":\"2025-10-30T14:17:12+00:00\",\"description\":\"Nov\u00e1 ventilov\u00e1 jednotka (kostka) vzduchov\u00e9ho kompresoru podvozku pro Mercedes Benz GLE-class W166 (2015-2019) a Mercedes Benz GLE Coupe-class C292 (2015-2019). Ventilov\u00fd blok je ur\u010den pro modely se syst\u00e9mem AIRMATIC a tak\u00e9 modely AMG. Origin\u00e1ln\u00ed d\u00edl dod\u00e1van\u00fd do prvn\u00ed v\u00fdroby ( RAPA - prvn\u00ed v\u00fdroba).OEM: A2123200358, A 2123200358, 2123200358, A2123200058, A 2123200058, 2123200058, A2123200158, A 2123200158, 2123200158, A2123200658, A 2123200658, 2123200658, RAPA, LF22, LF22S\",\"breadcrumb\":{\"@id\":\"https:\/\/vzduchovetlmice.sk\/cs\/produkty\/ventilova-jednotka-mercedes-benz-gle-class-w166-gle-coupe-class-c292-original\/#breadcrumb\"},\"inLanguage\":\"cs\",\"potentialAction\":[{\"@type\":\"ReadAction\",\"target\":[\"https:\/\/vzduchovetlmice.sk\/cs\/produkty\/ventilova-jednotka-mercedes-benz-gle-class-w166-gle-coupe-class-c292-original\/\"]}]},{\"@type\":\"ImageObject\",\"inLanguage\":\"cs\",\"@id\":\"https:\/\/vzduchovetlmice.sk\/cs\/produkty\/ventilova-jednotka-mercedes-benz-gle-class-w166-gle-coupe-class-c292-original\/#primaryimage\",\"url\":\"https:\/\/vzduchovetlmice.sk\/wp-content\/uploads\/2025\/05\/Ventilova-jednotka-Mercedes-Benz-GLE-class-W166-GLE-Coupe-class-C292-Original-A2123200358-A-2123200358-2123200358-A2123200058-A-2123200058-AMG.jpg\",\"contentUrl\":\"https:\/\/vzduchovetlmice.sk\/wp-content\/uploads\/2025\/05\/Ventilova-jednotka-Mercedes-Benz-GLE-class-W166-GLE-Coupe-class-C292-Original-A2123200358-A-2123200358-2123200358-A2123200058-A-2123200058-AMG.jpg\",\"width\":1000,\"height\":1000,\"caption\":\"Ventilov\u00e1 jednotka Mercedes Benz GLE-class W166, GLE Coupe-class C292 - Origin\u00e1l, A2123200358, A 2123200358, 2123200358, A2123200058, A 2123200058, AMG\"},{\"@type\":\"BreadcrumbList\",\"@id\":\"https:\/\/vzduchovetlmice.sk\/cs\/produkty\/ventilova-jednotka-mercedes-benz-gle-class-w166-gle-coupe-class-c292-original\/#breadcrumb\",\"itemListElement\":[{\"@type\":\"ListItem\",\"position\":1,\"name\":\"Domovsk\u00e1 str\u00e1nka\",\"item\":\"https:\/\/vzduchovetlmice.sk\/\"},{\"@type\":\"ListItem\",\"position\":2,\"name\":\"Obchod\",\"item\":\"https:\/\/vzduchovetlmice.sk\/obchod\/\"},{\"@type\":\"ListItem\",\"position\":3,\"name\":\"Ventilov\u00e1 jednotka Mercedes Benz GLE-class W166, GLE Coupe-class C292 \u2013 Origin\u00e1l\"}]},{\"@type\":\"WebSite\",\"@id\":\"https:\/\/vzduchovetlmice.sk\/#website\",\"url\":\"https:\/\/vzduchovetlmice.sk\/\",\"name\":\"VzduchoveTlmice.sk\",\"description\":\"predaj dielov pre vzduchov\u00fd podvozok\",\"potentialAction\":[{\"@type\":\"SearchAction\",\"target\":{\"@type\":\"EntryPoint\",\"urlTemplate\":\"https:\/\/vzduchovetlmice.sk\/?s={search_term_string}\"},\"query-input\":{\"@type\":\"PropertyValueSpecification\",\"valueRequired\":true,\"valueName\":\"search_term_string\"}}],\"inLanguage\":\"cs\"}]}<\/script>\n<!-- \/ Yoast SEO Premium plugin. -->","yoast_head_json":{"title":"Ventilov\u00e1 jednotka Mercedes Benz GLE -W166, GLE Coupe -C292","description":"Nov\u00e1 ventilov\u00e1 jednotka (kostka) vzduchov\u00e9ho kompresoru podvozku pro Mercedes Benz GLE-class W166 (2015-2019) a Mercedes Benz GLE Coupe-class C292 (2015-2019). Ventilov\u00fd blok je ur\u010den pro modely se syst\u00e9mem AIRMATIC a tak\u00e9 modely AMG. Origin\u00e1ln\u00ed d\u00edl dod\u00e1van\u00fd do prvn\u00ed v\u00fdroby ( RAPA - prvn\u00ed v\u00fdroba).OEM: A2123200358, A 2123200358, 2123200358, A2123200058, A 2123200058, 2123200058, A2123200158, A 2123200158, 2123200158, A2123200658, A 2123200658, 2123200658, RAPA, LF22, LF22S","robots":{"index":"index","follow":"follow","max-snippet":"max-snippet:-1","max-image-preview":"max-image-preview:large","max-video-preview":"max-video-preview:-1"},"canonical":"https:\/\/vzduchovetlmice.sk\/cs\/produkty\/ventilova-jednotka-mercedes-benz-gle-class-w166-gle-coupe-class-c292-original\/","og_locale":"cs_CZ","og_type":"article","og_title":"Ventilov\u00e1 jednotka Mercedes Benz GLE-class W166, GLE Coupe-class C292 \u2013 Origin\u00e1l","og_description":"Nov\u00e1 ventilov\u00e1 jednotka (kostka) vzduchov\u00e9ho kompresoru podvozku pro Mercedes Benz GLE-class W166 (2015-2019) a Mercedes Benz GLE Coupe-class C292 (2015-2019). Ventilov\u00fd blok je ur\u010den pro modely se syst\u00e9mem AIRMATIC a tak\u00e9 modely AMG. Origin\u00e1ln\u00ed d\u00edl dod\u00e1van\u00fd do prvn\u00ed v\u00fdroby ( RAPA - prvn\u00ed v\u00fdroba).OEM: A2123200358, A 2123200358, 2123200358, A2123200058, A 2123200058, 2123200058, A2123200158, A 2123200158, 2123200158, A2123200658, A 2123200658, 2123200658, RAPA, LF22, LF22S","og_url":"https:\/\/vzduchovetlmice.sk\/cs\/produkty\/ventilova-jednotka-mercedes-benz-gle-class-w166-gle-coupe-class-c292-original\/","og_site_name":"VzduchoveTlmice.sk","article_modified_time":"2025-10-30T14:17:12+00:00","og_image":[{"width":1000,"height":1000,"url":"https:\/\/vzduchovetlmice.sk\/wp-content\/uploads\/2025\/05\/Ventilova-jednotka-Mercedes-Benz-GLE-class-W166-GLE-Coupe-class-C292-Original-A2123200358-A-2123200358-2123200358-A2123200058-A-2123200058-AMG.jpg","type":"image\/jpeg"}],"twitter_card":"summary_large_image","twitter_misc":{"Odhadovan\u00e1 doba \u010dten\u00ed":"1 minuta"},"schema":{"@context":"https:\/\/schema.org","@graph":[{"@type":"WebPage","@id":"https:\/\/vzduchovetlmice.sk\/cs\/produkty\/ventilova-jednotka-mercedes-benz-gle-class-w166-gle-coupe-class-c292-original\/","url":"https:\/\/vzduchovetlmice.sk\/cs\/produkty\/ventilova-jednotka-mercedes-benz-gle-class-w166-gle-coupe-class-c292-original\/","name":"Ventilov\u00e1 jednotka Mercedes Benz GLE -W166, GLE Coupe -C292","isPartOf":{"@id":"https:\/\/vzduchovetlmice.sk\/#website"},"primaryImageOfPage":{"@id":"https:\/\/vzduchovetlmice.sk\/cs\/produkty\/ventilova-jednotka-mercedes-benz-gle-class-w166-gle-coupe-class-c292-original\/#primaryimage"},"image":{"@id":"https:\/\/vzduchovetlmice.sk\/cs\/produkty\/ventilova-jednotka-mercedes-benz-gle-class-w166-gle-coupe-class-c292-original\/#primaryimage"},"thumbnailUrl":"https:\/\/vzduchovetlmice.sk\/wp-content\/uploads\/2025\/05\/Ventilova-jednotka-Mercedes-Benz-GLE-class-W166-GLE-Coupe-class-C292-Original-A2123200358-A-2123200358-2123200358-A2123200058-A-2123200058-AMG.jpg","datePublished":"2025-05-21T21:11:21+00:00","dateModified":"2025-10-30T14:17:12+00:00","description":"Nov\u00e1 ventilov\u00e1 jednotka (kostka) vzduchov\u00e9ho kompresoru podvozku pro Mercedes Benz GLE-class W166 (2015-2019) a Mercedes Benz GLE Coupe-class C292 (2015-2019). Ventilov\u00fd blok je ur\u010den pro modely se syst\u00e9mem AIRMATIC a tak\u00e9 modely AMG. Origin\u00e1ln\u00ed d\u00edl dod\u00e1van\u00fd do prvn\u00ed v\u00fdroby ( RAPA - prvn\u00ed v\u00fdroba).OEM: A2123200358, A 2123200358, 2123200358, A2123200058, A 2123200058, 2123200058, A2123200158, A 2123200158, 2123200158, A2123200658, A 2123200658, 2123200658, RAPA, LF22, LF22S","breadcrumb":{"@id":"https:\/\/vzduchovetlmice.sk\/cs\/produkty\/ventilova-jednotka-mercedes-benz-gle-class-w166-gle-coupe-class-c292-original\/#breadcrumb"},"inLanguage":"cs","potentialAction":[{"@type":"ReadAction","target":["https:\/\/vzduchovetlmice.sk\/cs\/produkty\/ventilova-jednotka-mercedes-benz-gle-class-w166-gle-coupe-class-c292-original\/"]}]},{"@type":"ImageObject","inLanguage":"cs","@id":"https:\/\/vzduchovetlmice.sk\/cs\/produkty\/ventilova-jednotka-mercedes-benz-gle-class-w166-gle-coupe-class-c292-original\/#primaryimage","url":"https:\/\/vzduchovetlmice.sk\/wp-content\/uploads\/2025\/05\/Ventilova-jednotka-Mercedes-Benz-GLE-class-W166-GLE-Coupe-class-C292-Original-A2123200358-A-2123200358-2123200358-A2123200058-A-2123200058-AMG.jpg","contentUrl":"https:\/\/vzduchovetlmice.sk\/wp-content\/uploads\/2025\/05\/Ventilova-jednotka-Mercedes-Benz-GLE-class-W166-GLE-Coupe-class-C292-Original-A2123200358-A-2123200358-2123200358-A2123200058-A-2123200058-AMG.jpg","width":1000,"height":1000,"caption":"Ventilov\u00e1 jednotka Mercedes Benz GLE-class W166, GLE Coupe-class C292 - Origin\u00e1l, A2123200358, A 2123200358, 2123200358, A2123200058, A 2123200058, AMG"},{"@type":"BreadcrumbList","@id":"https:\/\/vzduchovetlmice.sk\/cs\/produkty\/ventilova-jednotka-mercedes-benz-gle-class-w166-gle-coupe-class-c292-original\/#breadcrumb","itemListElement":[{"@type":"ListItem","position":1,"name":"Domovsk\u00e1 str\u00e1nka","item":"https:\/\/vzduchovetlmice.sk\/"},{"@type":"ListItem","position":2,"name":"Obchod","item":"https:\/\/vzduchovetlmice.sk\/obchod\/"},{"@type":"ListItem","position":3,"name":"Ventilov\u00e1 jednotka Mercedes Benz GLE-class W166, GLE Coupe-class C292 \u2013 Origin\u00e1l"}]},{"@type":"WebSite","@id":"https:\/\/vzduchovetlmice.sk\/#website","url":"https:\/\/vzduchovetlmice.sk\/","name":"VzduchoveTlmice.sk","description":"predaj dielov pre vzduchov\u00fd podvozok","potentialAction":[{"@type":"SearchAction","target":{"@type":"EntryPoint","urlTemplate":"https:\/\/vzduchovetlmice.sk\/?s={search_term_string}"},"query-input":{"@type":"PropertyValueSpecification","valueRequired":true,"valueName":"search_term_string"}}],"inLanguage":"cs"}]}},"_links":{"self":[{"href":"https:\/\/vzduchovetlmice.sk\/cs\/wp-json\/wp\/v2\/product\/101139","targetHints":{"allow":["GET"]}}],"collection":[{"href":"https:\/\/vzduchovetlmice.sk\/cs\/wp-json\/wp\/v2\/product"}],"about":[{"href":"https:\/\/vzduchovetlmice.sk\/cs\/wp-json\/wp\/v2\/types\/product"}],"wp:featuredmedia":[{"embeddable":true,"href":"https:\/\/vzduchovetlmice.sk\/cs\/wp-json\/wp\/v2\/media\/101813"}],"wp:attachment":[{"href":"https:\/\/vzduchovetlmice.sk\/cs\/wp-json\/wp\/v2\/media?parent=101139"}],"wp:term":[{"taxonomy":"product_brand","embeddable":true,"href":"https:\/\/vzduchovetlmice.sk\/cs\/wp-json\/wp\/v2\/product_brand?post=101139"},{"taxonomy":"product_cat","embeddable":true,"href":"https:\/\/vzduchovetlmice.sk\/cs\/wp-json\/wp\/v2\/product_cat?post=101139"},{"taxonomy":"product_tag","embeddable":true,"href":"https:\/\/vzduchovetlmice.sk\/cs\/wp-json\/wp\/v2\/product_tag?post=101139"}],"curies":[{"name":"wp","href":"https:\/\/api.w.org\/{rel}","templated":true}]}}