{"id":101148,"date":"2025-05-21T21:38:40","date_gmt":"2025-05-21T21:38:40","guid":{"rendered":"https:\/\/vzduchovetlmice.sk\/?post_type=product&#038;p=101148"},"modified":"2026-04-01T13:33:38","modified_gmt":"2026-04-01T13:33:38","slug":"ventilova-jednotka-mercedes-benz-c-class-w205-s205-original","status":"publish","type":"product","link":"https:\/\/vzduchovetlmice.sk\/cs\/produkty\/ventilova-jednotka-mercedes-benz-c-class-w205-s205-original\/","title":{"rendered":"Ventilov\u00e1 jednotka Mercedes Benz C-class W205\/S205 &#8211; Origin\u00e1l"},"content":{"rendered":"<h3><strong>Dal\u0161\u00ed informace:<\/strong><\/h3>\n<p>Nov\u00e1 ventilov\u00e1 jednotka (ventilov\u00fd rozvad\u011b\u010d) vzduchov\u00e9ho kompresoru podvozku pro Mercedes Benz C-class W205\/S205 (2013 \u2013 2021).<\/p>\n<p>Jedn\u00e1 se o origin\u00e1ln\u00ed d\u00edl dod\u00e1van\u00fd do prvov\u00fdroby (RAPA \u2013 prvov\u00fdroba).<\/p>\n<p>Ur\u010den pro modely se syst\u00e9mem AIRMATIC a tak\u00e9 modely AMG.<\/p>\n<h4><strong>Origin\u00e1ln\u00ed v\u00fdrobn\u00ed \u010d\u00edsla (OEM): <\/strong><\/h4>\n<p>A0993200058, A 0993200058, 0993200058, A0993200158, A 0993200158, 0993200158, RAPA, LF32, LF32S, VB-3427<\/p>\n<p>&nbsp;<\/p>\n","protected":false},"excerpt":{"rendered":"<p><strong>Zna\u010dka: <\/strong>Mercedes Benz<\/p>\n<p><strong>Model:<\/strong> C -class W205\/ S205 (2013 \u2013 2021)<\/p>\n<p><strong>V\u00fdrobce: <\/strong>RAPA \u2013 Made in Germany<\/p>\n<p><strong>Stav:\u00a0<\/strong>Nov\u00e9<\/p>\n<p><strong>Z\u00e1ruka:\u00a0<\/strong>2 roky<\/p>\n<p><strong>Dostupnost:<\/strong>\u00a0<span style=\"color: #00ff00;\"><strong>Skladem<\/strong><\/span><\/p>\n","protected":false},"featured_media":101846,"template":"","meta":{"_et_pb_use_builder":"","_et_pb_old_content":"","_et_gb_content_width":""},"product_brand":[52],"product_cat":[332,333],"product_tag":[],"class_list":{"0":"post-101148","1":"product","2":"type-product","3":"status-publish","4":"has-post-thumbnail","6":"product_brand-mercedes-benz","7":"product_cat-c-w205-s205-2013-2020-cs","8":"product_cat-mercedes-benz-cs","10":"first","11":"instock","12":"shipping-taxable","13":"purchasable","14":"product-type-simple"},"yoast_head":"<!-- This site is optimized with the Yoast SEO Premium plugin v24.9 (Yoast SEO v27.1.1) - https:\/\/yoast.com\/product\/yoast-seo-premium-wordpress\/ -->\n<title>Ventilov\u00e1 jednotka Mercedes Benz C-class W205\/S205 - Origin\u00e1l<\/title>\n<meta name=\"description\" content=\"Nov\u00e1 ventilov\u00e1 jednotka (ventilov\u00fd rozvad\u011b\u010d) vzduchov\u00e9ho kompresoru podvozku pro Mercedes Benz C-class W205\/S205 (2013 \u2013 2021). Jedn\u00e1 se o origin\u00e1ln\u00ed d\u00edl dod\u00e1van\u00fd do prvov\u00fdroby (RAPA \u2013 prvov\u00fdroba). Ur\u010den pro modely se syst\u00e9mem AIRMATIC a tak\u00e9 modely AMG.\u00a0OEM: A0993200058, A 0993200058, 0993200058, A0993200158, A 0993200158, 0993200158, RAPA, LF32, LF32S, VB-3427\" \/>\n<meta name=\"robots\" content=\"index, follow, max-snippet:-1, max-image-preview:large, max-video-preview:-1\" \/>\n<link rel=\"canonical\" href=\"https:\/\/vzduchovetlmice.sk\/cs\/produkty\/ventilova-jednotka-mercedes-benz-c-class-w205-s205-original\/\" \/>\n<meta property=\"og:locale\" content=\"cs_CZ\" \/>\n<meta property=\"og:type\" content=\"article\" \/>\n<meta property=\"og:title\" content=\"Ventilov\u00e1 jednotka Mercedes Benz C-class W205\/S205 - Origin\u00e1l\" \/>\n<meta property=\"og:description\" content=\"Nov\u00e1 ventilov\u00e1 jednotka (ventilov\u00fd rozvad\u011b\u010d) vzduchov\u00e9ho kompresoru podvozku pro Mercedes Benz C-class W205\/S205 (2013 \u2013 2021). Jedn\u00e1 se o origin\u00e1ln\u00ed d\u00edl dod\u00e1van\u00fd do prvov\u00fdroby (RAPA \u2013 prvov\u00fdroba). Ur\u010den pro modely se syst\u00e9mem AIRMATIC a tak\u00e9 modely AMG.\u00a0OEM: A0993200058, A 0993200058, 0993200058, A0993200158, A 0993200158, 0993200158, RAPA, LF32, LF32S, VB-3427\" \/>\n<meta property=\"og:url\" content=\"https:\/\/vzduchovetlmice.sk\/cs\/produkty\/ventilova-jednotka-mercedes-benz-c-class-w205-s205-original\/\" \/>\n<meta property=\"og:site_name\" content=\"VzduchoveTlmice.sk\" \/>\n<meta property=\"article:modified_time\" content=\"2026-04-01T13:33:38+00:00\" \/>\n<meta property=\"og:image\" content=\"https:\/\/vzduchovetlmice.sk\/wp-content\/uploads\/2025\/05\/Ventilova-jednotka-Mercedes-Benz-C-class-W205-S205-Original-A0993200058-A-0993200058-0993200058-A0993200158.jpg\" \/>\n\t<meta property=\"og:image:width\" content=\"1000\" \/>\n\t<meta property=\"og:image:height\" content=\"1000\" \/>\n\t<meta property=\"og:image:type\" content=\"image\/jpeg\" \/>\n<meta name=\"twitter:card\" content=\"summary_large_image\" \/>\n<meta name=\"twitter:label1\" content=\"Odhadovan\u00e1 doba \u010dten\u00ed\" \/>\n\t<meta name=\"twitter:data1\" content=\"1 minuta\" \/>\n<script type=\"application\/ld+json\" class=\"yoast-schema-graph\">{\"@context\":\"https:\/\/schema.org\",\"@graph\":[{\"@type\":\"WebPage\",\"@id\":\"https:\/\/vzduchovetlmice.sk\/cs\/produkty\/ventilova-jednotka-mercedes-benz-c-class-w205-s205-original\/\",\"url\":\"https:\/\/vzduchovetlmice.sk\/cs\/produkty\/ventilova-jednotka-mercedes-benz-c-class-w205-s205-original\/\",\"name\":\"Ventilov\u00e1 jednotka Mercedes Benz C-class W205\/S205 - Origin\u00e1l\",\"isPartOf\":{\"@id\":\"https:\/\/vzduchovetlmice.sk\/#website\"},\"primaryImageOfPage\":{\"@id\":\"https:\/\/vzduchovetlmice.sk\/cs\/produkty\/ventilova-jednotka-mercedes-benz-c-class-w205-s205-original\/#primaryimage\"},\"image\":{\"@id\":\"https:\/\/vzduchovetlmice.sk\/cs\/produkty\/ventilova-jednotka-mercedes-benz-c-class-w205-s205-original\/#primaryimage\"},\"thumbnailUrl\":\"https:\/\/vzduchovetlmice.sk\/wp-content\/uploads\/2025\/05\/Ventilova-jednotka-Mercedes-Benz-C-class-W205-S205-Original-A0993200058-A-0993200058-0993200058-A0993200158.jpg\",\"datePublished\":\"2025-05-21T21:38:40+00:00\",\"dateModified\":\"2026-04-01T13:33:38+00:00\",\"description\":\"Nov\u00e1 ventilov\u00e1 jednotka (ventilov\u00fd rozvad\u011b\u010d) vzduchov\u00e9ho kompresoru podvozku pro Mercedes Benz C-class W205\/S205 (2013 \u2013 2021). Jedn\u00e1 se o origin\u00e1ln\u00ed d\u00edl dod\u00e1van\u00fd do prvov\u00fdroby (RAPA \u2013 prvov\u00fdroba). Ur\u010den pro modely se syst\u00e9mem AIRMATIC a tak\u00e9 modely AMG.\u00a0OEM: A0993200058, A 0993200058, 0993200058, A0993200158, A 0993200158, 0993200158, RAPA, LF32, LF32S, VB-3427\",\"breadcrumb\":{\"@id\":\"https:\/\/vzduchovetlmice.sk\/cs\/produkty\/ventilova-jednotka-mercedes-benz-c-class-w205-s205-original\/#breadcrumb\"},\"inLanguage\":\"cs\",\"potentialAction\":[{\"@type\":\"ReadAction\",\"target\":[\"https:\/\/vzduchovetlmice.sk\/cs\/produkty\/ventilova-jednotka-mercedes-benz-c-class-w205-s205-original\/\"]}]},{\"@type\":\"ImageObject\",\"inLanguage\":\"cs\",\"@id\":\"https:\/\/vzduchovetlmice.sk\/cs\/produkty\/ventilova-jednotka-mercedes-benz-c-class-w205-s205-original\/#primaryimage\",\"url\":\"https:\/\/vzduchovetlmice.sk\/wp-content\/uploads\/2025\/05\/Ventilova-jednotka-Mercedes-Benz-C-class-W205-S205-Original-A0993200058-A-0993200058-0993200058-A0993200158.jpg\",\"contentUrl\":\"https:\/\/vzduchovetlmice.sk\/wp-content\/uploads\/2025\/05\/Ventilova-jednotka-Mercedes-Benz-C-class-W205-S205-Original-A0993200058-A-0993200058-0993200058-A0993200158.jpg\",\"width\":1000,\"height\":1000,\"caption\":\"Ventilov\u00e1 jednotka Mercedes Benz C-class W205, S205 - Origin\u00e1l, A0993200058, A 0993200058, 0993200058, A0993200158\"},{\"@type\":\"BreadcrumbList\",\"@id\":\"https:\/\/vzduchovetlmice.sk\/cs\/produkty\/ventilova-jednotka-mercedes-benz-c-class-w205-s205-original\/#breadcrumb\",\"itemListElement\":[{\"@type\":\"ListItem\",\"position\":1,\"name\":\"Domovsk\u00e1 str\u00e1nka\",\"item\":\"https:\/\/vzduchovetlmice.sk\/\"},{\"@type\":\"ListItem\",\"position\":2,\"name\":\"Obchod\",\"item\":\"https:\/\/vzduchovetlmice.sk\/obchod\/\"},{\"@type\":\"ListItem\",\"position\":3,\"name\":\"Ventilov\u00e1 jednotka Mercedes Benz C-class W205\/S205 &#8211; Origin\u00e1l\"}]},{\"@type\":\"WebSite\",\"@id\":\"https:\/\/vzduchovetlmice.sk\/#website\",\"url\":\"https:\/\/vzduchovetlmice.sk\/\",\"name\":\"VzduchoveTlmice.sk\",\"description\":\"predaj dielov pre vzduchov\u00fd podvozok\",\"potentialAction\":[{\"@type\":\"SearchAction\",\"target\":{\"@type\":\"EntryPoint\",\"urlTemplate\":\"https:\/\/vzduchovetlmice.sk\/?s={search_term_string}\"},\"query-input\":{\"@type\":\"PropertyValueSpecification\",\"valueRequired\":true,\"valueName\":\"search_term_string\"}}],\"inLanguage\":\"cs\"}]}<\/script>\n<!-- \/ Yoast SEO Premium plugin. -->","yoast_head_json":{"title":"Ventilov\u00e1 jednotka Mercedes Benz C-class W205\/S205 - Origin\u00e1l","description":"Nov\u00e1 ventilov\u00e1 jednotka (ventilov\u00fd rozvad\u011b\u010d) vzduchov\u00e9ho kompresoru podvozku pro Mercedes Benz C-class W205\/S205 (2013 \u2013 2021). Jedn\u00e1 se o origin\u00e1ln\u00ed d\u00edl dod\u00e1van\u00fd do prvov\u00fdroby (RAPA \u2013 prvov\u00fdroba). Ur\u010den pro modely se syst\u00e9mem AIRMATIC a tak\u00e9 modely AMG.\u00a0OEM: A0993200058, A 0993200058, 0993200058, A0993200158, A 0993200158, 0993200158, RAPA, LF32, LF32S, VB-3427","robots":{"index":"index","follow":"follow","max-snippet":"max-snippet:-1","max-image-preview":"max-image-preview:large","max-video-preview":"max-video-preview:-1"},"canonical":"https:\/\/vzduchovetlmice.sk\/cs\/produkty\/ventilova-jednotka-mercedes-benz-c-class-w205-s205-original\/","og_locale":"cs_CZ","og_type":"article","og_title":"Ventilov\u00e1 jednotka Mercedes Benz C-class W205\/S205 - Origin\u00e1l","og_description":"Nov\u00e1 ventilov\u00e1 jednotka (ventilov\u00fd rozvad\u011b\u010d) vzduchov\u00e9ho kompresoru podvozku pro Mercedes Benz C-class W205\/S205 (2013 \u2013 2021). Jedn\u00e1 se o origin\u00e1ln\u00ed d\u00edl dod\u00e1van\u00fd do prvov\u00fdroby (RAPA \u2013 prvov\u00fdroba). Ur\u010den pro modely se syst\u00e9mem AIRMATIC a tak\u00e9 modely AMG.\u00a0OEM: A0993200058, A 0993200058, 0993200058, A0993200158, A 0993200158, 0993200158, RAPA, LF32, LF32S, VB-3427","og_url":"https:\/\/vzduchovetlmice.sk\/cs\/produkty\/ventilova-jednotka-mercedes-benz-c-class-w205-s205-original\/","og_site_name":"VzduchoveTlmice.sk","article_modified_time":"2026-04-01T13:33:38+00:00","og_image":[{"width":1000,"height":1000,"url":"https:\/\/vzduchovetlmice.sk\/wp-content\/uploads\/2025\/05\/Ventilova-jednotka-Mercedes-Benz-C-class-W205-S205-Original-A0993200058-A-0993200058-0993200058-A0993200158.jpg","type":"image\/jpeg"}],"twitter_card":"summary_large_image","twitter_misc":{"Odhadovan\u00e1 doba \u010dten\u00ed":"1 minuta"},"schema":{"@context":"https:\/\/schema.org","@graph":[{"@type":"WebPage","@id":"https:\/\/vzduchovetlmice.sk\/cs\/produkty\/ventilova-jednotka-mercedes-benz-c-class-w205-s205-original\/","url":"https:\/\/vzduchovetlmice.sk\/cs\/produkty\/ventilova-jednotka-mercedes-benz-c-class-w205-s205-original\/","name":"Ventilov\u00e1 jednotka Mercedes Benz C-class W205\/S205 - Origin\u00e1l","isPartOf":{"@id":"https:\/\/vzduchovetlmice.sk\/#website"},"primaryImageOfPage":{"@id":"https:\/\/vzduchovetlmice.sk\/cs\/produkty\/ventilova-jednotka-mercedes-benz-c-class-w205-s205-original\/#primaryimage"},"image":{"@id":"https:\/\/vzduchovetlmice.sk\/cs\/produkty\/ventilova-jednotka-mercedes-benz-c-class-w205-s205-original\/#primaryimage"},"thumbnailUrl":"https:\/\/vzduchovetlmice.sk\/wp-content\/uploads\/2025\/05\/Ventilova-jednotka-Mercedes-Benz-C-class-W205-S205-Original-A0993200058-A-0993200058-0993200058-A0993200158.jpg","datePublished":"2025-05-21T21:38:40+00:00","dateModified":"2026-04-01T13:33:38+00:00","description":"Nov\u00e1 ventilov\u00e1 jednotka (ventilov\u00fd rozvad\u011b\u010d) vzduchov\u00e9ho kompresoru podvozku pro Mercedes Benz C-class W205\/S205 (2013 \u2013 2021). Jedn\u00e1 se o origin\u00e1ln\u00ed d\u00edl dod\u00e1van\u00fd do prvov\u00fdroby (RAPA \u2013 prvov\u00fdroba). Ur\u010den pro modely se syst\u00e9mem AIRMATIC a tak\u00e9 modely AMG.\u00a0OEM: A0993200058, A 0993200058, 0993200058, A0993200158, A 0993200158, 0993200158, RAPA, LF32, LF32S, VB-3427","breadcrumb":{"@id":"https:\/\/vzduchovetlmice.sk\/cs\/produkty\/ventilova-jednotka-mercedes-benz-c-class-w205-s205-original\/#breadcrumb"},"inLanguage":"cs","potentialAction":[{"@type":"ReadAction","target":["https:\/\/vzduchovetlmice.sk\/cs\/produkty\/ventilova-jednotka-mercedes-benz-c-class-w205-s205-original\/"]}]},{"@type":"ImageObject","inLanguage":"cs","@id":"https:\/\/vzduchovetlmice.sk\/cs\/produkty\/ventilova-jednotka-mercedes-benz-c-class-w205-s205-original\/#primaryimage","url":"https:\/\/vzduchovetlmice.sk\/wp-content\/uploads\/2025\/05\/Ventilova-jednotka-Mercedes-Benz-C-class-W205-S205-Original-A0993200058-A-0993200058-0993200058-A0993200158.jpg","contentUrl":"https:\/\/vzduchovetlmice.sk\/wp-content\/uploads\/2025\/05\/Ventilova-jednotka-Mercedes-Benz-C-class-W205-S205-Original-A0993200058-A-0993200058-0993200058-A0993200158.jpg","width":1000,"height":1000,"caption":"Ventilov\u00e1 jednotka Mercedes Benz C-class W205, S205 - Origin\u00e1l, A0993200058, A 0993200058, 0993200058, A0993200158"},{"@type":"BreadcrumbList","@id":"https:\/\/vzduchovetlmice.sk\/cs\/produkty\/ventilova-jednotka-mercedes-benz-c-class-w205-s205-original\/#breadcrumb","itemListElement":[{"@type":"ListItem","position":1,"name":"Domovsk\u00e1 str\u00e1nka","item":"https:\/\/vzduchovetlmice.sk\/"},{"@type":"ListItem","position":2,"name":"Obchod","item":"https:\/\/vzduchovetlmice.sk\/obchod\/"},{"@type":"ListItem","position":3,"name":"Ventilov\u00e1 jednotka Mercedes Benz C-class W205\/S205 &#8211; Origin\u00e1l"}]},{"@type":"WebSite","@id":"https:\/\/vzduchovetlmice.sk\/#website","url":"https:\/\/vzduchovetlmice.sk\/","name":"VzduchoveTlmice.sk","description":"predaj dielov pre vzduchov\u00fd podvozok","potentialAction":[{"@type":"SearchAction","target":{"@type":"EntryPoint","urlTemplate":"https:\/\/vzduchovetlmice.sk\/?s={search_term_string}"},"query-input":{"@type":"PropertyValueSpecification","valueRequired":true,"valueName":"search_term_string"}}],"inLanguage":"cs"}]}},"_links":{"self":[{"href":"https:\/\/vzduchovetlmice.sk\/cs\/wp-json\/wp\/v2\/product\/101148","targetHints":{"allow":["GET"]}}],"collection":[{"href":"https:\/\/vzduchovetlmice.sk\/cs\/wp-json\/wp\/v2\/product"}],"about":[{"href":"https:\/\/vzduchovetlmice.sk\/cs\/wp-json\/wp\/v2\/types\/product"}],"wp:featuredmedia":[{"embeddable":true,"href":"https:\/\/vzduchovetlmice.sk\/cs\/wp-json\/wp\/v2\/media\/101846"}],"wp:attachment":[{"href":"https:\/\/vzduchovetlmice.sk\/cs\/wp-json\/wp\/v2\/media?parent=101148"}],"wp:term":[{"taxonomy":"product_brand","embeddable":true,"href":"https:\/\/vzduchovetlmice.sk\/cs\/wp-json\/wp\/v2\/product_brand?post=101148"},{"taxonomy":"product_cat","embeddable":true,"href":"https:\/\/vzduchovetlmice.sk\/cs\/wp-json\/wp\/v2\/product_cat?post=101148"},{"taxonomy":"product_tag","embeddable":true,"href":"https:\/\/vzduchovetlmice.sk\/cs\/wp-json\/wp\/v2\/product_tag?post=101148"}],"curies":[{"name":"wp","href":"https:\/\/api.w.org\/{rel}","templated":true}]}}