{"id":101156,"date":"2025-05-24T17:10:14","date_gmt":"2025-05-24T17:10:14","guid":{"rendered":"https:\/\/vzduchovetlmice.sk\/?post_type=product&#038;p=101156"},"modified":"2025-10-30T15:08:31","modified_gmt":"2025-10-30T15:08:31","slug":"ventil-vzduchoveho-mecha-audi-q7-vw-touareg-porsche-cayenne","status":"publish","type":"product","link":"https:\/\/vzduchovetlmice.sk\/cs\/produkty\/ventil-vzduchoveho-mecha-audi-q7-vw-touareg-porsche-cayenne\/","title":{"rendered":"Ventil vzduchov\u00e9ho m\u011bcha Audi Q7, VW Touareg, Porsche Cayenne"},"content":{"rendered":"<h3><strong>Dal\u0161\u00ed informace:<\/strong><\/h3>\n<p>Nov\u00fd p\u0159etlakov\u00fd ventil p\u0159edn\u00edho a zadn\u00edho vzduchov\u00e9ho m\u011bcha\/tlumi\u010de pro Audi Q7 4L (2005-2015), Volkswagen Touareg I 7L (2002-2010) a Porsche Cayenne I 9PA (2002-2010).<\/p>\n<p>P\u0159etlakov\u00fd ventil pneumatick\u00e9ho tlumi\u010de se prod\u00e1v\u00e1 bez mosazn\u00e9ho holendra (jako na fotce).<\/p>\n<h4><strong>Origin\u00e1ln\u00ed v\u00fdrobn\u00ed \u010d\u00edsla (OEM):<\/strong><\/h4>\n<p>7L0616814, 7L0616814B, 7L0616813, 7L0616813B, 95535873000, 95535873002, 95535872000, 95535872002<\/p>\n","protected":false},"excerpt":{"rendered":"<p><strong>Zna\u010dka: <\/strong>Audi, Porsche, Volkswagen<\/p>\n<p><strong>Model:<\/strong> Audi Q7 4L (2005 \u2013 2015), Volkswagen Touareg I 7L (2002 \u2013 2010), Porsche Cayenne I 9PA (2002 \u2013 2010)<\/p>\n<p><strong>Poloha: <\/strong>Predn\u00ed n\u00e1prava vpravo\/vlevo, Zadn\u00ed n\u00e1prava vpravo\/vlevo<\/p>\n<p><strong>V\u00fdrobce: <\/strong>OEM<\/p>\n<p><strong>Stav:\u00a0<\/strong>Nov\u00e9<\/p>\n<p><strong>Z\u00e1ruka:\u00a0<\/strong>2 roky<\/p>\n<p><strong>Dostupnost:<\/strong>\u00a0<span style=\"color: #00ff00;\"><strong>Skladem<\/strong><\/span><\/p>\n","protected":false},"featured_media":102061,"template":"","meta":{"_et_pb_use_builder":"","_et_pb_old_content":"","_et_gb_content_width":""},"product_brand":[46,469,471],"product_cat":[466,479,465,467,330,526],"product_tag":[],"class_list":{"0":"post-101156","1":"product","2":"type-product","3":"status-publish","4":"has-post-thumbnail","6":"product_brand-audi","7":"product_brand-porsche","8":"product_brand-volkswagen","9":"product_cat-cayenne-i-9pa-2002-2010-cs","10":"product_cat-porsche-cs","11":"product_cat-q7-4l-2005-2015-cs","12":"product_cat-touareg-i-7l-2002-2010-cs","13":"product_cat-audi-cs","14":"product_cat-volkswagen-cs","16":"first","17":"instock","18":"shipping-taxable","19":"purchasable","20":"product-type-simple"},"yoast_head":"<!-- This site is optimized with the Yoast SEO Premium plugin v24.9 (Yoast SEO v27.1.1) - https:\/\/yoast.com\/product\/yoast-seo-premium-wordpress\/ -->\n<title>Ventil vzduchov\u00e9ho m\u011bcha Audi Q7, VW Touareg,Porsche Cayenne<\/title>\n<meta name=\"description\" content=\"Nov\u00fd p\u0159etlakov\u00fd ventil p\u0159edn\u00edho a zadn\u00edho vzduchov\u00e9ho m\u011bcha\/tlumi\u010de pro Audi Q7 4L (2005-2015), Volkswagen Touareg I 7L (2002-2010) a Porsche Cayenne I 9PA (2002-2010). P\u0159etlakov\u00fd ventil pneumatick\u00e9ho tlumi\u010de se prod\u00e1v\u00e1 bez mosazn\u00e9ho holendra (jako na fotce).\u00a0OEM: 7L0616814, 7L0616814B, 7L0616813, 7L0616813B, 95535873000, 95535873002, 95535872000, 95535872002\" \/>\n<meta name=\"robots\" content=\"index, follow, max-snippet:-1, max-image-preview:large, max-video-preview:-1\" \/>\n<link rel=\"canonical\" href=\"https:\/\/vzduchovetlmice.sk\/cs\/produkty\/ventil-vzduchoveho-mecha-audi-q7-vw-touareg-porsche-cayenne\/\" \/>\n<meta property=\"og:locale\" content=\"cs_CZ\" \/>\n<meta property=\"og:type\" content=\"article\" \/>\n<meta property=\"og:title\" content=\"Ventil vzduchov\u00e9ho m\u011bcha Audi Q7, VW Touareg, Porsche Cayenne\" \/>\n<meta property=\"og:description\" content=\"Nov\u00fd p\u0159etlakov\u00fd ventil p\u0159edn\u00edho a zadn\u00edho vzduchov\u00e9ho m\u011bcha\/tlumi\u010de pro Audi Q7 4L (2005-2015), Volkswagen Touareg I 7L (2002-2010) a Porsche Cayenne I 9PA (2002-2010). P\u0159etlakov\u00fd ventil pneumatick\u00e9ho tlumi\u010de se prod\u00e1v\u00e1 bez mosazn\u00e9ho holendra (jako na fotce).\u00a0OEM: 7L0616814, 7L0616814B, 7L0616813, 7L0616813B, 95535873000, 95535873002, 95535872000, 95535872002\" \/>\n<meta property=\"og:url\" content=\"https:\/\/vzduchovetlmice.sk\/cs\/produkty\/ventil-vzduchoveho-mecha-audi-q7-vw-touareg-porsche-cayenne\/\" \/>\n<meta property=\"og:site_name\" content=\"VzduchoveTlmice.sk\" \/>\n<meta property=\"article:modified_time\" content=\"2025-10-30T15:08:31+00:00\" \/>\n<meta property=\"og:image\" content=\"https:\/\/vzduchovetlmice.sk\/wp-content\/uploads\/2025\/05\/Predny-ventil-vzduchoveho-vankusa-Audi-Q7-VW-Touareg-Porsche-Cayenne-7L0616814-7L0616814B-7L0616813-7L0616813B-95535873000-95535873002-95535872000-95535872002.jpg\" \/>\n\t<meta property=\"og:image:width\" content=\"1000\" \/>\n\t<meta property=\"og:image:height\" content=\"1000\" \/>\n\t<meta property=\"og:image:type\" content=\"image\/jpeg\" \/>\n<meta name=\"twitter:card\" content=\"summary_large_image\" \/>\n<meta name=\"twitter:label1\" content=\"Odhadovan\u00e1 doba \u010dten\u00ed\" \/>\n\t<meta name=\"twitter:data1\" content=\"1 minuta\" \/>\n<script type=\"application\/ld+json\" class=\"yoast-schema-graph\">{\"@context\":\"https:\/\/schema.org\",\"@graph\":[{\"@type\":\"WebPage\",\"@id\":\"https:\/\/vzduchovetlmice.sk\/cs\/produkty\/ventil-vzduchoveho-mecha-audi-q7-vw-touareg-porsche-cayenne\/\",\"url\":\"https:\/\/vzduchovetlmice.sk\/cs\/produkty\/ventil-vzduchoveho-mecha-audi-q7-vw-touareg-porsche-cayenne\/\",\"name\":\"Ventil vzduchov\u00e9ho m\u011bcha Audi Q7, VW Touareg,Porsche Cayenne\",\"isPartOf\":{\"@id\":\"https:\/\/vzduchovetlmice.sk\/#website\"},\"primaryImageOfPage\":{\"@id\":\"https:\/\/vzduchovetlmice.sk\/cs\/produkty\/ventil-vzduchoveho-mecha-audi-q7-vw-touareg-porsche-cayenne\/#primaryimage\"},\"image\":{\"@id\":\"https:\/\/vzduchovetlmice.sk\/cs\/produkty\/ventil-vzduchoveho-mecha-audi-q7-vw-touareg-porsche-cayenne\/#primaryimage\"},\"thumbnailUrl\":\"https:\/\/vzduchovetlmice.sk\/wp-content\/uploads\/2025\/05\/Predny-ventil-vzduchoveho-vankusa-Audi-Q7-VW-Touareg-Porsche-Cayenne-7L0616814-7L0616814B-7L0616813-7L0616813B-95535873000-95535873002-95535872000-95535872002.jpg\",\"datePublished\":\"2025-05-24T17:10:14+00:00\",\"dateModified\":\"2025-10-30T15:08:31+00:00\",\"description\":\"Nov\u00fd p\u0159etlakov\u00fd ventil p\u0159edn\u00edho a zadn\u00edho vzduchov\u00e9ho m\u011bcha\/tlumi\u010de pro Audi Q7 4L (2005-2015), Volkswagen Touareg I 7L (2002-2010) a Porsche Cayenne I 9PA (2002-2010). P\u0159etlakov\u00fd ventil pneumatick\u00e9ho tlumi\u010de se prod\u00e1v\u00e1 bez mosazn\u00e9ho holendra (jako na fotce).\u00a0OEM: 7L0616814, 7L0616814B, 7L0616813, 7L0616813B, 95535873000, 95535873002, 95535872000, 95535872002\",\"breadcrumb\":{\"@id\":\"https:\/\/vzduchovetlmice.sk\/cs\/produkty\/ventil-vzduchoveho-mecha-audi-q7-vw-touareg-porsche-cayenne\/#breadcrumb\"},\"inLanguage\":\"cs\",\"potentialAction\":[{\"@type\":\"ReadAction\",\"target\":[\"https:\/\/vzduchovetlmice.sk\/cs\/produkty\/ventil-vzduchoveho-mecha-audi-q7-vw-touareg-porsche-cayenne\/\"]}]},{\"@type\":\"ImageObject\",\"inLanguage\":\"cs\",\"@id\":\"https:\/\/vzduchovetlmice.sk\/cs\/produkty\/ventil-vzduchoveho-mecha-audi-q7-vw-touareg-porsche-cayenne\/#primaryimage\",\"url\":\"https:\/\/vzduchovetlmice.sk\/wp-content\/uploads\/2025\/05\/Predny-ventil-vzduchoveho-vankusa-Audi-Q7-VW-Touareg-Porsche-Cayenne-7L0616814-7L0616814B-7L0616813-7L0616813B-95535873000-95535873002-95535872000-95535872002.jpg\",\"contentUrl\":\"https:\/\/vzduchovetlmice.sk\/wp-content\/uploads\/2025\/05\/Predny-ventil-vzduchoveho-vankusa-Audi-Q7-VW-Touareg-Porsche-Cayenne-7L0616814-7L0616814B-7L0616813-7L0616813B-95535873000-95535873002-95535872000-95535872002.jpg\",\"width\":1000,\"height\":1000,\"caption\":\"Predn\u00fd ventil vzduchov\u00e9ho vank\u00fa\u0161a Audi Q7, VW Touareg, Porsche Cayenne, 7L0616814, 7L0616814B, 7L0616813, 7L0616813B, 95535873000, 95535873002, 95535872000, 95535872002\"},{\"@type\":\"BreadcrumbList\",\"@id\":\"https:\/\/vzduchovetlmice.sk\/cs\/produkty\/ventil-vzduchoveho-mecha-audi-q7-vw-touareg-porsche-cayenne\/#breadcrumb\",\"itemListElement\":[{\"@type\":\"ListItem\",\"position\":1,\"name\":\"Domovsk\u00e1 str\u00e1nka\",\"item\":\"https:\/\/vzduchovetlmice.sk\/\"},{\"@type\":\"ListItem\",\"position\":2,\"name\":\"Obchod\",\"item\":\"https:\/\/vzduchovetlmice.sk\/obchod\/\"},{\"@type\":\"ListItem\",\"position\":3,\"name\":\"Ventil vzduchov\u00e9ho m\u011bcha Audi Q7, VW Touareg, Porsche Cayenne\"}]},{\"@type\":\"WebSite\",\"@id\":\"https:\/\/vzduchovetlmice.sk\/#website\",\"url\":\"https:\/\/vzduchovetlmice.sk\/\",\"name\":\"VzduchoveTlmice.sk\",\"description\":\"predaj dielov pre vzduchov\u00fd podvozok\",\"potentialAction\":[{\"@type\":\"SearchAction\",\"target\":{\"@type\":\"EntryPoint\",\"urlTemplate\":\"https:\/\/vzduchovetlmice.sk\/?s={search_term_string}\"},\"query-input\":{\"@type\":\"PropertyValueSpecification\",\"valueRequired\":true,\"valueName\":\"search_term_string\"}}],\"inLanguage\":\"cs\"}]}<\/script>\n<!-- \/ Yoast SEO Premium plugin. -->","yoast_head_json":{"title":"Ventil vzduchov\u00e9ho m\u011bcha Audi Q7, VW Touareg,Porsche Cayenne","description":"Nov\u00fd p\u0159etlakov\u00fd ventil p\u0159edn\u00edho a zadn\u00edho vzduchov\u00e9ho m\u011bcha\/tlumi\u010de pro Audi Q7 4L (2005-2015), Volkswagen Touareg I 7L (2002-2010) a Porsche Cayenne I 9PA (2002-2010). P\u0159etlakov\u00fd ventil pneumatick\u00e9ho tlumi\u010de se prod\u00e1v\u00e1 bez mosazn\u00e9ho holendra (jako na fotce).\u00a0OEM: 7L0616814, 7L0616814B, 7L0616813, 7L0616813B, 95535873000, 95535873002, 95535872000, 95535872002","robots":{"index":"index","follow":"follow","max-snippet":"max-snippet:-1","max-image-preview":"max-image-preview:large","max-video-preview":"max-video-preview:-1"},"canonical":"https:\/\/vzduchovetlmice.sk\/cs\/produkty\/ventil-vzduchoveho-mecha-audi-q7-vw-touareg-porsche-cayenne\/","og_locale":"cs_CZ","og_type":"article","og_title":"Ventil vzduchov\u00e9ho m\u011bcha Audi Q7, VW Touareg, Porsche Cayenne","og_description":"Nov\u00fd p\u0159etlakov\u00fd ventil p\u0159edn\u00edho a zadn\u00edho vzduchov\u00e9ho m\u011bcha\/tlumi\u010de pro Audi Q7 4L (2005-2015), Volkswagen Touareg I 7L (2002-2010) a Porsche Cayenne I 9PA (2002-2010). P\u0159etlakov\u00fd ventil pneumatick\u00e9ho tlumi\u010de se prod\u00e1v\u00e1 bez mosazn\u00e9ho holendra (jako na fotce).\u00a0OEM: 7L0616814, 7L0616814B, 7L0616813, 7L0616813B, 95535873000, 95535873002, 95535872000, 95535872002","og_url":"https:\/\/vzduchovetlmice.sk\/cs\/produkty\/ventil-vzduchoveho-mecha-audi-q7-vw-touareg-porsche-cayenne\/","og_site_name":"VzduchoveTlmice.sk","article_modified_time":"2025-10-30T15:08:31+00:00","og_image":[{"width":1000,"height":1000,"url":"https:\/\/vzduchovetlmice.sk\/wp-content\/uploads\/2025\/05\/Predny-ventil-vzduchoveho-vankusa-Audi-Q7-VW-Touareg-Porsche-Cayenne-7L0616814-7L0616814B-7L0616813-7L0616813B-95535873000-95535873002-95535872000-95535872002.jpg","type":"image\/jpeg"}],"twitter_card":"summary_large_image","twitter_misc":{"Odhadovan\u00e1 doba \u010dten\u00ed":"1 minuta"},"schema":{"@context":"https:\/\/schema.org","@graph":[{"@type":"WebPage","@id":"https:\/\/vzduchovetlmice.sk\/cs\/produkty\/ventil-vzduchoveho-mecha-audi-q7-vw-touareg-porsche-cayenne\/","url":"https:\/\/vzduchovetlmice.sk\/cs\/produkty\/ventil-vzduchoveho-mecha-audi-q7-vw-touareg-porsche-cayenne\/","name":"Ventil vzduchov\u00e9ho m\u011bcha Audi Q7, VW Touareg,Porsche Cayenne","isPartOf":{"@id":"https:\/\/vzduchovetlmice.sk\/#website"},"primaryImageOfPage":{"@id":"https:\/\/vzduchovetlmice.sk\/cs\/produkty\/ventil-vzduchoveho-mecha-audi-q7-vw-touareg-porsche-cayenne\/#primaryimage"},"image":{"@id":"https:\/\/vzduchovetlmice.sk\/cs\/produkty\/ventil-vzduchoveho-mecha-audi-q7-vw-touareg-porsche-cayenne\/#primaryimage"},"thumbnailUrl":"https:\/\/vzduchovetlmice.sk\/wp-content\/uploads\/2025\/05\/Predny-ventil-vzduchoveho-vankusa-Audi-Q7-VW-Touareg-Porsche-Cayenne-7L0616814-7L0616814B-7L0616813-7L0616813B-95535873000-95535873002-95535872000-95535872002.jpg","datePublished":"2025-05-24T17:10:14+00:00","dateModified":"2025-10-30T15:08:31+00:00","description":"Nov\u00fd p\u0159etlakov\u00fd ventil p\u0159edn\u00edho a zadn\u00edho vzduchov\u00e9ho m\u011bcha\/tlumi\u010de pro Audi Q7 4L (2005-2015), Volkswagen Touareg I 7L (2002-2010) a Porsche Cayenne I 9PA (2002-2010). P\u0159etlakov\u00fd ventil pneumatick\u00e9ho tlumi\u010de se prod\u00e1v\u00e1 bez mosazn\u00e9ho holendra (jako na fotce).\u00a0OEM: 7L0616814, 7L0616814B, 7L0616813, 7L0616813B, 95535873000, 95535873002, 95535872000, 95535872002","breadcrumb":{"@id":"https:\/\/vzduchovetlmice.sk\/cs\/produkty\/ventil-vzduchoveho-mecha-audi-q7-vw-touareg-porsche-cayenne\/#breadcrumb"},"inLanguage":"cs","potentialAction":[{"@type":"ReadAction","target":["https:\/\/vzduchovetlmice.sk\/cs\/produkty\/ventil-vzduchoveho-mecha-audi-q7-vw-touareg-porsche-cayenne\/"]}]},{"@type":"ImageObject","inLanguage":"cs","@id":"https:\/\/vzduchovetlmice.sk\/cs\/produkty\/ventil-vzduchoveho-mecha-audi-q7-vw-touareg-porsche-cayenne\/#primaryimage","url":"https:\/\/vzduchovetlmice.sk\/wp-content\/uploads\/2025\/05\/Predny-ventil-vzduchoveho-vankusa-Audi-Q7-VW-Touareg-Porsche-Cayenne-7L0616814-7L0616814B-7L0616813-7L0616813B-95535873000-95535873002-95535872000-95535872002.jpg","contentUrl":"https:\/\/vzduchovetlmice.sk\/wp-content\/uploads\/2025\/05\/Predny-ventil-vzduchoveho-vankusa-Audi-Q7-VW-Touareg-Porsche-Cayenne-7L0616814-7L0616814B-7L0616813-7L0616813B-95535873000-95535873002-95535872000-95535872002.jpg","width":1000,"height":1000,"caption":"Predn\u00fd ventil vzduchov\u00e9ho vank\u00fa\u0161a Audi Q7, VW Touareg, Porsche Cayenne, 7L0616814, 7L0616814B, 7L0616813, 7L0616813B, 95535873000, 95535873002, 95535872000, 95535872002"},{"@type":"BreadcrumbList","@id":"https:\/\/vzduchovetlmice.sk\/cs\/produkty\/ventil-vzduchoveho-mecha-audi-q7-vw-touareg-porsche-cayenne\/#breadcrumb","itemListElement":[{"@type":"ListItem","position":1,"name":"Domovsk\u00e1 str\u00e1nka","item":"https:\/\/vzduchovetlmice.sk\/"},{"@type":"ListItem","position":2,"name":"Obchod","item":"https:\/\/vzduchovetlmice.sk\/obchod\/"},{"@type":"ListItem","position":3,"name":"Ventil vzduchov\u00e9ho m\u011bcha Audi Q7, VW Touareg, Porsche Cayenne"}]},{"@type":"WebSite","@id":"https:\/\/vzduchovetlmice.sk\/#website","url":"https:\/\/vzduchovetlmice.sk\/","name":"VzduchoveTlmice.sk","description":"predaj dielov pre vzduchov\u00fd podvozok","potentialAction":[{"@type":"SearchAction","target":{"@type":"EntryPoint","urlTemplate":"https:\/\/vzduchovetlmice.sk\/?s={search_term_string}"},"query-input":{"@type":"PropertyValueSpecification","valueRequired":true,"valueName":"search_term_string"}}],"inLanguage":"cs"}]}},"_links":{"self":[{"href":"https:\/\/vzduchovetlmice.sk\/cs\/wp-json\/wp\/v2\/product\/101156","targetHints":{"allow":["GET"]}}],"collection":[{"href":"https:\/\/vzduchovetlmice.sk\/cs\/wp-json\/wp\/v2\/product"}],"about":[{"href":"https:\/\/vzduchovetlmice.sk\/cs\/wp-json\/wp\/v2\/types\/product"}],"wp:featuredmedia":[{"embeddable":true,"href":"https:\/\/vzduchovetlmice.sk\/cs\/wp-json\/wp\/v2\/media\/102061"}],"wp:attachment":[{"href":"https:\/\/vzduchovetlmice.sk\/cs\/wp-json\/wp\/v2\/media?parent=101156"}],"wp:term":[{"taxonomy":"product_brand","embeddable":true,"href":"https:\/\/vzduchovetlmice.sk\/cs\/wp-json\/wp\/v2\/product_brand?post=101156"},{"taxonomy":"product_cat","embeddable":true,"href":"https:\/\/vzduchovetlmice.sk\/cs\/wp-json\/wp\/v2\/product_cat?post=101156"},{"taxonomy":"product_tag","embeddable":true,"href":"https:\/\/vzduchovetlmice.sk\/cs\/wp-json\/wp\/v2\/product_tag?post=101156"}],"curies":[{"name":"wp","href":"https:\/\/api.w.org\/{rel}","templated":true}]}}