{"id":101158,"date":"2025-05-24T17:26:14","date_gmt":"2025-05-24T17:26:14","guid":{"rendered":"https:\/\/vzduchovetlmice.sk\/?post_type=product&#038;p=101158"},"modified":"2025-11-21T10:16:46","modified_gmt":"2025-11-21T10:16:46","slug":"vzduchovy-kompresor-podvozku-porsche-cayenne","status":"publish","type":"product","link":"https:\/\/vzduchovetlmice.sk\/cs\/produkty\/vzduchovy-kompresor-podvozku-porsche-cayenne\/","title":{"rendered":"Vzduchov\u00fd kompresor podvozku VW Touareg, Porsche Cayenne"},"content":{"rendered":"<h3><strong>Dal\u0161\u00ed informace:<\/strong><\/h3>\n<p>Nov\u00fd vzduchov\u00fd kompresor podvozku Volkswagen Touareg I 7L (2002-2010) a Porsche Cayenne I 9PA (2002-2010).<\/p>\n<p>-v\u010detn\u011b teplotn\u00edho \u010didla<\/p>\n<h4><strong>Origin\u00e1ln\u00ed v\u00fdrobn\u00ed \u010d\u00edsla (OEM): <\/strong><\/h4>\n<p>955 358 901 05, 95535890105, 955 358 901 04, 95535890104, 955 358 901 03, 95535890103, 955 358 901 02, 95535890102, 955 358 901 01, 95535890101, 955 358 901 00, 95535890100, 7L0 698 007 B, 7L0698007B, 7L0 698 007 A, 7L0698007A, 7L0 616 007 H, 7L0616007H, 7L0 616 007 F, 7L0616007F, 7L0 616 007 E, 7L0616007E, 7L0 616 007 D, 7L0616007D, 7L0 616 007 C, 7L0616007C, 7L0 616 007 B, 7L0616007B, 7L0 616 007 A, 7L0616007A, 7L0 616 007, 7L0616007, 7L0 616 006 H, 7L0616006H, 7L0 616 006 F, 7L0616006F, 7L0 616 006 E, 7L0616006E, 7L0 616 006 D, 7L0616006D, 7L0 616 006 C, 7L0616006C, 7L0 616 006, 7L0616006, 7L8 616 006, 7L8616006, 7L8 616 006 D, 7L8616006D, Arnott: P-2496<\/p>\n","protected":false},"excerpt":{"rendered":"<p><strong>Zna\u010dka: <\/strong>Volkswagen, Porsche<\/p>\n<p><strong>Model:<\/strong> Volkswagen Touareg I 7L (2002 \u2013 2010), Porsche Cayenne I 9PA (2002 \u2013 2010)<\/p>\n<p><strong>V\u00fdrobce: <\/strong>OEM<\/p>\n<p><strong>Stav:\u00a0<\/strong>Nov\u00e9<\/p>\n<p><strong>Z\u00e1ruka:\u00a0<\/strong>2 roky<\/p>\n<p><strong>Dostupnost:<\/strong>\u00a0<span style=\"color: #00ff00;\"><strong>Skladem<\/strong><\/span><\/p>\n","protected":false},"featured_media":0,"template":"","meta":{"_et_pb_use_builder":"","_et_pb_old_content":"","_et_gb_content_width":""},"product_brand":[469,471],"product_cat":[466,479,467,526],"product_tag":[],"class_list":{"0":"post-101158","1":"product","2":"type-product","3":"status-publish","5":"product_brand-porsche","6":"product_brand-volkswagen","7":"product_cat-cayenne-i-9pa-2002-2010-cs","8":"product_cat-porsche-cs","9":"product_cat-touareg-i-7l-2002-2010-cs","10":"product_cat-volkswagen-cs","12":"first","13":"instock","14":"shipping-taxable","15":"purchasable","16":"product-type-simple"},"yoast_head":"<!-- This site is optimized with the Yoast SEO Premium plugin v24.9 (Yoast SEO v27.1.1) - https:\/\/yoast.com\/product\/yoast-seo-premium-wordpress\/ -->\n<title>Vzduchov\u00fd kompresor podvozku VW Touareg, Porsche Cayenne<\/title>\n<meta name=\"description\" content=\"Nov\u00fd vzduchov\u00fd kompresor podvozku Volkswagen Touareg I 7L (2002-2010) a Porsche Cayenne I 9PA (2002-2010). V\u010detn\u011b teplotn\u00edho \u010didla OEM: 955 358 901 05, 95535890105, 955 358 901 04, 95535890104, 955 358 901 03, 95535890103, 955 358 901 02, 95535890102, 955 358 901 01, 95535890101, 955 358 901 00, 95535890100, 7L0 698 007 B, 7L0698007B, 7L0 698 007 A, 7L0698007A, 7L0 616 007 H, 7L0616007H, 7L0 616 007 F, 7L0616007F, 7L0 616 007 E, 7L0616007E, 7L0 616 007 D, 7L0616007D, 7L0 616 007 C, 7L0616007C, 7L0 616 007 B, 7L0616007B, 7L0 616 007 A, 7L0616007A, 7L0 616 007, 7L0616007, 7L0 616 006 H, 7L0616006H, 7L0 616 006 F, 7L0616006F, 7L0 616 006 E, 7L0616006E, 7L0 616 006 D, 7L0616006D, 7L0 616 006 C, 7L0616006C, 7L0 616 006, 7L0616006, 7L8 616 006, 7L8616006, 7L8 616 006 D, 7L8616006D, Arnott: P-2496\" \/>\n<meta name=\"robots\" content=\"index, follow, max-snippet:-1, max-image-preview:large, max-video-preview:-1\" \/>\n<link rel=\"canonical\" href=\"https:\/\/vzduchovetlmice.sk\/cs\/produkty\/vzduchovy-kompresor-podvozku-porsche-cayenne\/\" \/>\n<meta property=\"og:locale\" content=\"cs_CZ\" \/>\n<meta property=\"og:type\" content=\"article\" \/>\n<meta property=\"og:title\" content=\"Vzduchov\u00fd kompresor podvozku VW Touareg, Porsche Cayenne\" \/>\n<meta property=\"og:description\" content=\"Nov\u00fd vzduchov\u00fd kompresor podvozku Volkswagen Touareg I 7L (2002-2010) a Porsche Cayenne I 9PA (2002-2010). V\u010detn\u011b teplotn\u00edho \u010didla OEM: 955 358 901 05, 95535890105, 955 358 901 04, 95535890104, 955 358 901 03, 95535890103, 955 358 901 02, 95535890102, 955 358 901 01, 95535890101, 955 358 901 00, 95535890100, 7L0 698 007 B, 7L0698007B, 7L0 698 007 A, 7L0698007A, 7L0 616 007 H, 7L0616007H, 7L0 616 007 F, 7L0616007F, 7L0 616 007 E, 7L0616007E, 7L0 616 007 D, 7L0616007D, 7L0 616 007 C, 7L0616007C, 7L0 616 007 B, 7L0616007B, 7L0 616 007 A, 7L0616007A, 7L0 616 007, 7L0616007, 7L0 616 006 H, 7L0616006H, 7L0 616 006 F, 7L0616006F, 7L0 616 006 E, 7L0616006E, 7L0 616 006 D, 7L0616006D, 7L0 616 006 C, 7L0616006C, 7L0 616 006, 7L0616006, 7L8 616 006, 7L8616006, 7L8 616 006 D, 7L8616006D, Arnott: P-2496\" \/>\n<meta property=\"og:url\" content=\"https:\/\/vzduchovetlmice.sk\/cs\/produkty\/vzduchovy-kompresor-podvozku-porsche-cayenne\/\" \/>\n<meta property=\"og:site_name\" content=\"VzduchoveTlmice.sk\" \/>\n<meta property=\"article:modified_time\" content=\"2025-11-21T10:16:46+00:00\" \/>\n<meta name=\"twitter:card\" content=\"summary_large_image\" \/>\n<meta name=\"twitter:label1\" content=\"Odhadovan\u00e1 doba \u010dten\u00ed\" \/>\n\t<meta name=\"twitter:data1\" content=\"1 minuta\" \/>\n<script type=\"application\/ld+json\" class=\"yoast-schema-graph\">{\"@context\":\"https:\/\/schema.org\",\"@graph\":[{\"@type\":\"WebPage\",\"@id\":\"https:\/\/vzduchovetlmice.sk\/cs\/produkty\/vzduchovy-kompresor-podvozku-porsche-cayenne\/\",\"url\":\"https:\/\/vzduchovetlmice.sk\/cs\/produkty\/vzduchovy-kompresor-podvozku-porsche-cayenne\/\",\"name\":\"Vzduchov\u00fd kompresor podvozku VW Touareg, Porsche Cayenne\",\"isPartOf\":{\"@id\":\"https:\/\/vzduchovetlmice.sk\/#website\"},\"datePublished\":\"2025-05-24T17:26:14+00:00\",\"dateModified\":\"2025-11-21T10:16:46+00:00\",\"description\":\"Nov\u00fd vzduchov\u00fd kompresor podvozku Volkswagen Touareg I 7L (2002-2010) a Porsche Cayenne I 9PA (2002-2010). V\u010detn\u011b teplotn\u00edho \u010didla OEM: 955 358 901 05, 95535890105, 955 358 901 04, 95535890104, 955 358 901 03, 95535890103, 955 358 901 02, 95535890102, 955 358 901 01, 95535890101, 955 358 901 00, 95535890100, 7L0 698 007 B, 7L0698007B, 7L0 698 007 A, 7L0698007A, 7L0 616 007 H, 7L0616007H, 7L0 616 007 F, 7L0616007F, 7L0 616 007 E, 7L0616007E, 7L0 616 007 D, 7L0616007D, 7L0 616 007 C, 7L0616007C, 7L0 616 007 B, 7L0616007B, 7L0 616 007 A, 7L0616007A, 7L0 616 007, 7L0616007, 7L0 616 006 H, 7L0616006H, 7L0 616 006 F, 7L0616006F, 7L0 616 006 E, 7L0616006E, 7L0 616 006 D, 7L0616006D, 7L0 616 006 C, 7L0616006C, 7L0 616 006, 7L0616006, 7L8 616 006, 7L8616006, 7L8 616 006 D, 7L8616006D, Arnott: P-2496\",\"breadcrumb\":{\"@id\":\"https:\/\/vzduchovetlmice.sk\/cs\/produkty\/vzduchovy-kompresor-podvozku-porsche-cayenne\/#breadcrumb\"},\"inLanguage\":\"cs\",\"potentialAction\":[{\"@type\":\"ReadAction\",\"target\":[\"https:\/\/vzduchovetlmice.sk\/cs\/produkty\/vzduchovy-kompresor-podvozku-porsche-cayenne\/\"]}]},{\"@type\":\"BreadcrumbList\",\"@id\":\"https:\/\/vzduchovetlmice.sk\/cs\/produkty\/vzduchovy-kompresor-podvozku-porsche-cayenne\/#breadcrumb\",\"itemListElement\":[{\"@type\":\"ListItem\",\"position\":1,\"name\":\"Domovsk\u00e1 str\u00e1nka\",\"item\":\"https:\/\/vzduchovetlmice.sk\/\"},{\"@type\":\"ListItem\",\"position\":2,\"name\":\"Obchod\",\"item\":\"https:\/\/vzduchovetlmice.sk\/obchod\/\"},{\"@type\":\"ListItem\",\"position\":3,\"name\":\"Vzduchov\u00fd kompresor podvozku VW Touareg, Porsche Cayenne\"}]},{\"@type\":\"WebSite\",\"@id\":\"https:\/\/vzduchovetlmice.sk\/#website\",\"url\":\"https:\/\/vzduchovetlmice.sk\/\",\"name\":\"VzduchoveTlmice.sk\",\"description\":\"predaj dielov pre vzduchov\u00fd podvozok\",\"potentialAction\":[{\"@type\":\"SearchAction\",\"target\":{\"@type\":\"EntryPoint\",\"urlTemplate\":\"https:\/\/vzduchovetlmice.sk\/?s={search_term_string}\"},\"query-input\":{\"@type\":\"PropertyValueSpecification\",\"valueRequired\":true,\"valueName\":\"search_term_string\"}}],\"inLanguage\":\"cs\"}]}<\/script>\n<!-- \/ Yoast SEO Premium plugin. -->","yoast_head_json":{"title":"Vzduchov\u00fd kompresor podvozku VW Touareg, Porsche Cayenne","description":"Nov\u00fd vzduchov\u00fd kompresor podvozku Volkswagen Touareg I 7L (2002-2010) a Porsche Cayenne I 9PA (2002-2010). V\u010detn\u011b teplotn\u00edho \u010didla OEM: 955 358 901 05, 95535890105, 955 358 901 04, 95535890104, 955 358 901 03, 95535890103, 955 358 901 02, 95535890102, 955 358 901 01, 95535890101, 955 358 901 00, 95535890100, 7L0 698 007 B, 7L0698007B, 7L0 698 007 A, 7L0698007A, 7L0 616 007 H, 7L0616007H, 7L0 616 007 F, 7L0616007F, 7L0 616 007 E, 7L0616007E, 7L0 616 007 D, 7L0616007D, 7L0 616 007 C, 7L0616007C, 7L0 616 007 B, 7L0616007B, 7L0 616 007 A, 7L0616007A, 7L0 616 007, 7L0616007, 7L0 616 006 H, 7L0616006H, 7L0 616 006 F, 7L0616006F, 7L0 616 006 E, 7L0616006E, 7L0 616 006 D, 7L0616006D, 7L0 616 006 C, 7L0616006C, 7L0 616 006, 7L0616006, 7L8 616 006, 7L8616006, 7L8 616 006 D, 7L8616006D, Arnott: P-2496","robots":{"index":"index","follow":"follow","max-snippet":"max-snippet:-1","max-image-preview":"max-image-preview:large","max-video-preview":"max-video-preview:-1"},"canonical":"https:\/\/vzduchovetlmice.sk\/cs\/produkty\/vzduchovy-kompresor-podvozku-porsche-cayenne\/","og_locale":"cs_CZ","og_type":"article","og_title":"Vzduchov\u00fd kompresor podvozku VW Touareg, Porsche Cayenne","og_description":"Nov\u00fd vzduchov\u00fd kompresor podvozku Volkswagen Touareg I 7L (2002-2010) a Porsche Cayenne I 9PA (2002-2010). V\u010detn\u011b teplotn\u00edho \u010didla OEM: 955 358 901 05, 95535890105, 955 358 901 04, 95535890104, 955 358 901 03, 95535890103, 955 358 901 02, 95535890102, 955 358 901 01, 95535890101, 955 358 901 00, 95535890100, 7L0 698 007 B, 7L0698007B, 7L0 698 007 A, 7L0698007A, 7L0 616 007 H, 7L0616007H, 7L0 616 007 F, 7L0616007F, 7L0 616 007 E, 7L0616007E, 7L0 616 007 D, 7L0616007D, 7L0 616 007 C, 7L0616007C, 7L0 616 007 B, 7L0616007B, 7L0 616 007 A, 7L0616007A, 7L0 616 007, 7L0616007, 7L0 616 006 H, 7L0616006H, 7L0 616 006 F, 7L0616006F, 7L0 616 006 E, 7L0616006E, 7L0 616 006 D, 7L0616006D, 7L0 616 006 C, 7L0616006C, 7L0 616 006, 7L0616006, 7L8 616 006, 7L8616006, 7L8 616 006 D, 7L8616006D, Arnott: P-2496","og_url":"https:\/\/vzduchovetlmice.sk\/cs\/produkty\/vzduchovy-kompresor-podvozku-porsche-cayenne\/","og_site_name":"VzduchoveTlmice.sk","article_modified_time":"2025-11-21T10:16:46+00:00","twitter_card":"summary_large_image","twitter_misc":{"Odhadovan\u00e1 doba \u010dten\u00ed":"1 minuta"},"schema":{"@context":"https:\/\/schema.org","@graph":[{"@type":"WebPage","@id":"https:\/\/vzduchovetlmice.sk\/cs\/produkty\/vzduchovy-kompresor-podvozku-porsche-cayenne\/","url":"https:\/\/vzduchovetlmice.sk\/cs\/produkty\/vzduchovy-kompresor-podvozku-porsche-cayenne\/","name":"Vzduchov\u00fd kompresor podvozku VW Touareg, Porsche Cayenne","isPartOf":{"@id":"https:\/\/vzduchovetlmice.sk\/#website"},"datePublished":"2025-05-24T17:26:14+00:00","dateModified":"2025-11-21T10:16:46+00:00","description":"Nov\u00fd vzduchov\u00fd kompresor podvozku Volkswagen Touareg I 7L (2002-2010) a Porsche Cayenne I 9PA (2002-2010). V\u010detn\u011b teplotn\u00edho \u010didla OEM: 955 358 901 05, 95535890105, 955 358 901 04, 95535890104, 955 358 901 03, 95535890103, 955 358 901 02, 95535890102, 955 358 901 01, 95535890101, 955 358 901 00, 95535890100, 7L0 698 007 B, 7L0698007B, 7L0 698 007 A, 7L0698007A, 7L0 616 007 H, 7L0616007H, 7L0 616 007 F, 7L0616007F, 7L0 616 007 E, 7L0616007E, 7L0 616 007 D, 7L0616007D, 7L0 616 007 C, 7L0616007C, 7L0 616 007 B, 7L0616007B, 7L0 616 007 A, 7L0616007A, 7L0 616 007, 7L0616007, 7L0 616 006 H, 7L0616006H, 7L0 616 006 F, 7L0616006F, 7L0 616 006 E, 7L0616006E, 7L0 616 006 D, 7L0616006D, 7L0 616 006 C, 7L0616006C, 7L0 616 006, 7L0616006, 7L8 616 006, 7L8616006, 7L8 616 006 D, 7L8616006D, Arnott: P-2496","breadcrumb":{"@id":"https:\/\/vzduchovetlmice.sk\/cs\/produkty\/vzduchovy-kompresor-podvozku-porsche-cayenne\/#breadcrumb"},"inLanguage":"cs","potentialAction":[{"@type":"ReadAction","target":["https:\/\/vzduchovetlmice.sk\/cs\/produkty\/vzduchovy-kompresor-podvozku-porsche-cayenne\/"]}]},{"@type":"BreadcrumbList","@id":"https:\/\/vzduchovetlmice.sk\/cs\/produkty\/vzduchovy-kompresor-podvozku-porsche-cayenne\/#breadcrumb","itemListElement":[{"@type":"ListItem","position":1,"name":"Domovsk\u00e1 str\u00e1nka","item":"https:\/\/vzduchovetlmice.sk\/"},{"@type":"ListItem","position":2,"name":"Obchod","item":"https:\/\/vzduchovetlmice.sk\/obchod\/"},{"@type":"ListItem","position":3,"name":"Vzduchov\u00fd kompresor podvozku VW Touareg, Porsche Cayenne"}]},{"@type":"WebSite","@id":"https:\/\/vzduchovetlmice.sk\/#website","url":"https:\/\/vzduchovetlmice.sk\/","name":"VzduchoveTlmice.sk","description":"predaj dielov pre vzduchov\u00fd podvozok","potentialAction":[{"@type":"SearchAction","target":{"@type":"EntryPoint","urlTemplate":"https:\/\/vzduchovetlmice.sk\/?s={search_term_string}"},"query-input":{"@type":"PropertyValueSpecification","valueRequired":true,"valueName":"search_term_string"}}],"inLanguage":"cs"}]}},"_links":{"self":[{"href":"https:\/\/vzduchovetlmice.sk\/cs\/wp-json\/wp\/v2\/product\/101158","targetHints":{"allow":["GET"]}}],"collection":[{"href":"https:\/\/vzduchovetlmice.sk\/cs\/wp-json\/wp\/v2\/product"}],"about":[{"href":"https:\/\/vzduchovetlmice.sk\/cs\/wp-json\/wp\/v2\/types\/product"}],"wp:attachment":[{"href":"https:\/\/vzduchovetlmice.sk\/cs\/wp-json\/wp\/v2\/media?parent=101158"}],"wp:term":[{"taxonomy":"product_brand","embeddable":true,"href":"https:\/\/vzduchovetlmice.sk\/cs\/wp-json\/wp\/v2\/product_brand?post=101158"},{"taxonomy":"product_cat","embeddable":true,"href":"https:\/\/vzduchovetlmice.sk\/cs\/wp-json\/wp\/v2\/product_cat?post=101158"},{"taxonomy":"product_tag","embeddable":true,"href":"https:\/\/vzduchovetlmice.sk\/cs\/wp-json\/wp\/v2\/product_tag?post=101158"}],"curies":[{"name":"wp","href":"https:\/\/api.w.org\/{rel}","templated":true}]}}