{"id":101169,"date":"2025-05-26T13:36:42","date_gmt":"2025-05-26T13:36:42","guid":{"rendered":"https:\/\/vzduchovetlmice.sk\/?post_type=product&#038;p=101169"},"modified":"2025-11-05T10:48:48","modified_gmt":"2025-11-05T10:48:48","slug":"ventilova-jednotka-audi-a6-c6-4f","status":"publish","type":"product","link":"https:\/\/vzduchovetlmice.sk\/cs\/produkty\/ventilova-jednotka-audi-a6-c6-4f\/","title":{"rendered":"Ventilov\u00e1 jednotka Audi A6 C5 4B, Audi A6 C6 4F, Audi A8 D3 4E \u2013 Origin\u00e1l Audi"},"content":{"rendered":"<h3><strong>Dal\u0161\u00ed informace:<\/strong><\/h3>\n<p>Nov\u00e1 ventilov\u00e1 jednotka (ventilov\u00fd blok) vzduchov\u00e9ho kompresoru podvozku pro Audi A6 C5 4B (1995-2005), Audi A6 C6 4F (2005-2011) a Audi A8 D3 4E (2002-2010).<\/p>\n<p>Jedn\u00e1 se o origin\u00e1ln\u00ed d\u00edl dod\u00e1van\u00fd do prvov\u00fdroby (RAPA \u2013 prvov\u00fdroba).<\/p>\n<h4><strong>Origin\u00e1ln\u00ed v\u00fdrobn\u00ed \u010d\u00edsla (OEM): <\/strong><\/h4>\n<div id=\"after-product-details\" class=\"after-product-details ic_tabs_container\">\n<div id=\"product_description\" class=\"product-description ic_tab_content active\">\n<p>4F0616013, 4F0 616 013, 4Z7616013, 4Z7 616 013, 3D0616013, 3D0 616 013, 3D0616013A, 3D0 616 013 A, 3D0616013B, 3D0 616 013 B, 4E0616014B, 4E0 616 014 B, RAPA,\u00a0 LF16, LF16S<\/p>\n<\/div>\n<\/div>\n","protected":false},"excerpt":{"rendered":"<p><strong>Zna\u010dka:\u00a0<\/strong>Audi<\/p>\n<p><strong>Model:<\/strong> Audi A6 C5 4B (1995 &#8211; 2005), Audi A6 C6 4F (2005 &#8211; 2011), Audi A8 D3 4E (2002 &#8211; 2010).<\/p>\n<p><strong>V\u00fdrobce: <\/strong>RAPA \u2013 Made in Germany<\/p>\n<p><strong>Stav:\u00a0<\/strong>Nov\u00e9<\/p>\n<p><strong>Z\u00e1ruka:\u00a0<\/strong>2 roky<\/p>\n<p><strong>Dostupnost:<\/strong>\u00a0<span style=\"color: #00ff00;\"><strong>Skladem<\/strong><\/span><\/p>\n","protected":false},"featured_media":101852,"template":"","meta":{"_et_pb_use_builder":"","_et_pb_old_content":"","_et_gb_content_width":""},"product_brand":[46],"product_cat":[501,509,510,330],"product_tag":[],"class_list":{"0":"post-101169","1":"product","2":"type-product","3":"status-publish","4":"has-post-thumbnail","6":"product_brand-audi","7":"product_cat-a6-c6-4f-2005-2011-cs","8":"product_cat-a6-c5-4b-1995-2005-cs","9":"product_cat-a8-d3-4e-2002-2010-cs","10":"product_cat-audi-cs","12":"first","13":"instock","14":"shipping-taxable","15":"purchasable","16":"product-type-simple"},"yoast_head":"<!-- This site is optimized with the Yoast SEO Premium plugin v24.9 (Yoast SEO v27.1.1) - https:\/\/yoast.com\/product\/yoast-seo-premium-wordpress\/ -->\n<title>Ventilov\u00e1 jednotka Audi A6 C5 4B, Audi A6 C6 4F, Audi A8 D3 4E<\/title>\n<meta name=\"description\" content=\"Nov\u00e1 ventilov\u00e1 jednotka (ventilov\u00fd blok) vzduchov\u00e9ho kompresoru podvozku pro Audi A6 C5 4B (1995-2005), Audi A6 C6 4F (2005-2011) a Audi A8 D3 4E (2002-2010). Jedn\u00e1 se o origin\u00e1ln\u00ed d\u00edl dod\u00e1van\u00fd do prvov\u00fdroby (RAPA \u2013 prvov\u00fdroba). OEM: 4F0616013, 4F0 616 013, 4Z7616013, 4Z7 616 013, 3D0616013, 3D0 616 013, 3D0616013A, 3D0 616 013 A, 3D0616013B, 3D0 616 013 B, 4E0616014B, 4E0 616 014 B, RAPA,\u00a0 LF16, LF16S\" \/>\n<meta name=\"robots\" content=\"index, follow, max-snippet:-1, max-image-preview:large, max-video-preview:-1\" \/>\n<link rel=\"canonical\" href=\"https:\/\/vzduchovetlmice.sk\/cs\/produkty\/ventilova-jednotka-audi-a6-c6-4f\/\" \/>\n<meta property=\"og:locale\" content=\"cs_CZ\" \/>\n<meta property=\"og:type\" content=\"article\" \/>\n<meta property=\"og:title\" content=\"Ventilov\u00e1 jednotka Audi A6 C5 4B, Audi A6 C6 4F, Audi A8 D3 4E \u2013 Origin\u00e1l Audi\" \/>\n<meta property=\"og:description\" content=\"Nov\u00e1 ventilov\u00e1 jednotka (ventilov\u00fd blok) vzduchov\u00e9ho kompresoru podvozku pro Audi A6 C5 4B (1995-2005), Audi A6 C6 4F (2005-2011) a Audi A8 D3 4E (2002-2010). Jedn\u00e1 se o origin\u00e1ln\u00ed d\u00edl dod\u00e1van\u00fd do prvov\u00fdroby (RAPA \u2013 prvov\u00fdroba). OEM: 4F0616013, 4F0 616 013, 4Z7616013, 4Z7 616 013, 3D0616013, 3D0 616 013, 3D0616013A, 3D0 616 013 A, 3D0616013B, 3D0 616 013 B, 4E0616014B, 4E0 616 014 B, RAPA,\u00a0 LF16, LF16S\" \/>\n<meta property=\"og:url\" content=\"https:\/\/vzduchovetlmice.sk\/cs\/produkty\/ventilova-jednotka-audi-a6-c6-4f\/\" \/>\n<meta property=\"og:site_name\" content=\"VzduchoveTlmice.sk\" \/>\n<meta property=\"article:modified_time\" content=\"2025-11-05T10:48:48+00:00\" \/>\n<meta property=\"og:image\" content=\"https:\/\/vzduchovetlmice.sk\/wp-content\/uploads\/2025\/05\/Ventilova-jednotka-Audi-A6-C5-4B-Audi-A6-C6-4F-Audi-A8-D3-4E-\u2013-Original-Audi-4F0616013-4F0-616-013-4Z7616013-4Z7-616-013-3D0616013-RAPA.jpg\" \/>\n\t<meta property=\"og:image:width\" content=\"1000\" \/>\n\t<meta property=\"og:image:height\" content=\"1000\" \/>\n\t<meta property=\"og:image:type\" content=\"image\/jpeg\" \/>\n<meta name=\"twitter:card\" content=\"summary_large_image\" \/>\n<meta name=\"twitter:label1\" content=\"Odhadovan\u00e1 doba \u010dten\u00ed\" \/>\n\t<meta name=\"twitter:data1\" content=\"1 minuta\" \/>\n<script type=\"application\/ld+json\" class=\"yoast-schema-graph\">{\"@context\":\"https:\/\/schema.org\",\"@graph\":[{\"@type\":\"WebPage\",\"@id\":\"https:\/\/vzduchovetlmice.sk\/cs\/produkty\/ventilova-jednotka-audi-a6-c6-4f\/\",\"url\":\"https:\/\/vzduchovetlmice.sk\/cs\/produkty\/ventilova-jednotka-audi-a6-c6-4f\/\",\"name\":\"Ventilov\u00e1 jednotka Audi A6 C5 4B, Audi A6 C6 4F, Audi A8 D3 4E\",\"isPartOf\":{\"@id\":\"https:\/\/vzduchovetlmice.sk\/#website\"},\"primaryImageOfPage\":{\"@id\":\"https:\/\/vzduchovetlmice.sk\/cs\/produkty\/ventilova-jednotka-audi-a6-c6-4f\/#primaryimage\"},\"image\":{\"@id\":\"https:\/\/vzduchovetlmice.sk\/cs\/produkty\/ventilova-jednotka-audi-a6-c6-4f\/#primaryimage\"},\"thumbnailUrl\":\"https:\/\/vzduchovetlmice.sk\/wp-content\/uploads\/2025\/05\/Ventilova-jednotka-Audi-A6-C5-4B-Audi-A6-C6-4F-Audi-A8-D3-4E-\u2013-Original-Audi-4F0616013-4F0-616-013-4Z7616013-4Z7-616-013-3D0616013-RAPA.jpg\",\"datePublished\":\"2025-05-26T13:36:42+00:00\",\"dateModified\":\"2025-11-05T10:48:48+00:00\",\"description\":\"Nov\u00e1 ventilov\u00e1 jednotka (ventilov\u00fd blok) vzduchov\u00e9ho kompresoru podvozku pro Audi A6 C5 4B (1995-2005), Audi A6 C6 4F (2005-2011) a Audi A8 D3 4E (2002-2010). Jedn\u00e1 se o origin\u00e1ln\u00ed d\u00edl dod\u00e1van\u00fd do prvov\u00fdroby (RAPA \u2013 prvov\u00fdroba). OEM: 4F0616013, 4F0 616 013, 4Z7616013, 4Z7 616 013, 3D0616013, 3D0 616 013, 3D0616013A, 3D0 616 013 A, 3D0616013B, 3D0 616 013 B, 4E0616014B, 4E0 616 014 B, RAPA,\u00a0 LF16, LF16S\",\"breadcrumb\":{\"@id\":\"https:\/\/vzduchovetlmice.sk\/cs\/produkty\/ventilova-jednotka-audi-a6-c6-4f\/#breadcrumb\"},\"inLanguage\":\"cs\",\"potentialAction\":[{\"@type\":\"ReadAction\",\"target\":[\"https:\/\/vzduchovetlmice.sk\/cs\/produkty\/ventilova-jednotka-audi-a6-c6-4f\/\"]}]},{\"@type\":\"ImageObject\",\"inLanguage\":\"cs\",\"@id\":\"https:\/\/vzduchovetlmice.sk\/cs\/produkty\/ventilova-jednotka-audi-a6-c6-4f\/#primaryimage\",\"url\":\"https:\/\/vzduchovetlmice.sk\/wp-content\/uploads\/2025\/05\/Ventilova-jednotka-Audi-A6-C5-4B-Audi-A6-C6-4F-Audi-A8-D3-4E-\u2013-Original-Audi-4F0616013-4F0-616-013-4Z7616013-4Z7-616-013-3D0616013-RAPA.jpg\",\"contentUrl\":\"https:\/\/vzduchovetlmice.sk\/wp-content\/uploads\/2025\/05\/Ventilova-jednotka-Audi-A6-C5-4B-Audi-A6-C6-4F-Audi-A8-D3-4E-\u2013-Original-Audi-4F0616013-4F0-616-013-4Z7616013-4Z7-616-013-3D0616013-RAPA.jpg\",\"width\":1000,\"height\":1000,\"caption\":\"Ventilov\u00e1 jednotka Audi A6 C5 4B, Audi A6 C6 4F, Audi A8 D3 4E \u2013 Origin\u00e1l Audi, 4F0616013, 4F0 616 013, 4Z7616013, 4Z7 616 013, 3D0616013, RAPA\"},{\"@type\":\"BreadcrumbList\",\"@id\":\"https:\/\/vzduchovetlmice.sk\/cs\/produkty\/ventilova-jednotka-audi-a6-c6-4f\/#breadcrumb\",\"itemListElement\":[{\"@type\":\"ListItem\",\"position\":1,\"name\":\"Domovsk\u00e1 str\u00e1nka\",\"item\":\"https:\/\/vzduchovetlmice.sk\/\"},{\"@type\":\"ListItem\",\"position\":2,\"name\":\"Obchod\",\"item\":\"https:\/\/vzduchovetlmice.sk\/obchod\/\"},{\"@type\":\"ListItem\",\"position\":3,\"name\":\"Ventilov\u00e1 jednotka Audi A6 C5 4B, Audi A6 C6 4F, Audi A8 D3 4E \u2013 Origin\u00e1l Audi\"}]},{\"@type\":\"WebSite\",\"@id\":\"https:\/\/vzduchovetlmice.sk\/#website\",\"url\":\"https:\/\/vzduchovetlmice.sk\/\",\"name\":\"VzduchoveTlmice.sk\",\"description\":\"predaj dielov pre vzduchov\u00fd podvozok\",\"potentialAction\":[{\"@type\":\"SearchAction\",\"target\":{\"@type\":\"EntryPoint\",\"urlTemplate\":\"https:\/\/vzduchovetlmice.sk\/?s={search_term_string}\"},\"query-input\":{\"@type\":\"PropertyValueSpecification\",\"valueRequired\":true,\"valueName\":\"search_term_string\"}}],\"inLanguage\":\"cs\"}]}<\/script>\n<!-- \/ Yoast SEO Premium plugin. -->","yoast_head_json":{"title":"Ventilov\u00e1 jednotka Audi A6 C5 4B, Audi A6 C6 4F, Audi A8 D3 4E","description":"Nov\u00e1 ventilov\u00e1 jednotka (ventilov\u00fd blok) vzduchov\u00e9ho kompresoru podvozku pro Audi A6 C5 4B (1995-2005), Audi A6 C6 4F (2005-2011) a Audi A8 D3 4E (2002-2010). Jedn\u00e1 se o origin\u00e1ln\u00ed d\u00edl dod\u00e1van\u00fd do prvov\u00fdroby (RAPA \u2013 prvov\u00fdroba). OEM: 4F0616013, 4F0 616 013, 4Z7616013, 4Z7 616 013, 3D0616013, 3D0 616 013, 3D0616013A, 3D0 616 013 A, 3D0616013B, 3D0 616 013 B, 4E0616014B, 4E0 616 014 B, RAPA,\u00a0 LF16, LF16S","robots":{"index":"index","follow":"follow","max-snippet":"max-snippet:-1","max-image-preview":"max-image-preview:large","max-video-preview":"max-video-preview:-1"},"canonical":"https:\/\/vzduchovetlmice.sk\/cs\/produkty\/ventilova-jednotka-audi-a6-c6-4f\/","og_locale":"cs_CZ","og_type":"article","og_title":"Ventilov\u00e1 jednotka Audi A6 C5 4B, Audi A6 C6 4F, Audi A8 D3 4E \u2013 Origin\u00e1l Audi","og_description":"Nov\u00e1 ventilov\u00e1 jednotka (ventilov\u00fd blok) vzduchov\u00e9ho kompresoru podvozku pro Audi A6 C5 4B (1995-2005), Audi A6 C6 4F (2005-2011) a Audi A8 D3 4E (2002-2010). Jedn\u00e1 se o origin\u00e1ln\u00ed d\u00edl dod\u00e1van\u00fd do prvov\u00fdroby (RAPA \u2013 prvov\u00fdroba). OEM: 4F0616013, 4F0 616 013, 4Z7616013, 4Z7 616 013, 3D0616013, 3D0 616 013, 3D0616013A, 3D0 616 013 A, 3D0616013B, 3D0 616 013 B, 4E0616014B, 4E0 616 014 B, RAPA,\u00a0 LF16, LF16S","og_url":"https:\/\/vzduchovetlmice.sk\/cs\/produkty\/ventilova-jednotka-audi-a6-c6-4f\/","og_site_name":"VzduchoveTlmice.sk","article_modified_time":"2025-11-05T10:48:48+00:00","og_image":[{"width":1000,"height":1000,"url":"https:\/\/vzduchovetlmice.sk\/wp-content\/uploads\/2025\/05\/Ventilova-jednotka-Audi-A6-C5-4B-Audi-A6-C6-4F-Audi-A8-D3-4E-\u2013-Original-Audi-4F0616013-4F0-616-013-4Z7616013-4Z7-616-013-3D0616013-RAPA.jpg","type":"image\/jpeg"}],"twitter_card":"summary_large_image","twitter_misc":{"Odhadovan\u00e1 doba \u010dten\u00ed":"1 minuta"},"schema":{"@context":"https:\/\/schema.org","@graph":[{"@type":"WebPage","@id":"https:\/\/vzduchovetlmice.sk\/cs\/produkty\/ventilova-jednotka-audi-a6-c6-4f\/","url":"https:\/\/vzduchovetlmice.sk\/cs\/produkty\/ventilova-jednotka-audi-a6-c6-4f\/","name":"Ventilov\u00e1 jednotka Audi A6 C5 4B, Audi A6 C6 4F, Audi A8 D3 4E","isPartOf":{"@id":"https:\/\/vzduchovetlmice.sk\/#website"},"primaryImageOfPage":{"@id":"https:\/\/vzduchovetlmice.sk\/cs\/produkty\/ventilova-jednotka-audi-a6-c6-4f\/#primaryimage"},"image":{"@id":"https:\/\/vzduchovetlmice.sk\/cs\/produkty\/ventilova-jednotka-audi-a6-c6-4f\/#primaryimage"},"thumbnailUrl":"https:\/\/vzduchovetlmice.sk\/wp-content\/uploads\/2025\/05\/Ventilova-jednotka-Audi-A6-C5-4B-Audi-A6-C6-4F-Audi-A8-D3-4E-\u2013-Original-Audi-4F0616013-4F0-616-013-4Z7616013-4Z7-616-013-3D0616013-RAPA.jpg","datePublished":"2025-05-26T13:36:42+00:00","dateModified":"2025-11-05T10:48:48+00:00","description":"Nov\u00e1 ventilov\u00e1 jednotka (ventilov\u00fd blok) vzduchov\u00e9ho kompresoru podvozku pro Audi A6 C5 4B (1995-2005), Audi A6 C6 4F (2005-2011) a Audi A8 D3 4E (2002-2010). Jedn\u00e1 se o origin\u00e1ln\u00ed d\u00edl dod\u00e1van\u00fd do prvov\u00fdroby (RAPA \u2013 prvov\u00fdroba). OEM: 4F0616013, 4F0 616 013, 4Z7616013, 4Z7 616 013, 3D0616013, 3D0 616 013, 3D0616013A, 3D0 616 013 A, 3D0616013B, 3D0 616 013 B, 4E0616014B, 4E0 616 014 B, RAPA,\u00a0 LF16, LF16S","breadcrumb":{"@id":"https:\/\/vzduchovetlmice.sk\/cs\/produkty\/ventilova-jednotka-audi-a6-c6-4f\/#breadcrumb"},"inLanguage":"cs","potentialAction":[{"@type":"ReadAction","target":["https:\/\/vzduchovetlmice.sk\/cs\/produkty\/ventilova-jednotka-audi-a6-c6-4f\/"]}]},{"@type":"ImageObject","inLanguage":"cs","@id":"https:\/\/vzduchovetlmice.sk\/cs\/produkty\/ventilova-jednotka-audi-a6-c6-4f\/#primaryimage","url":"https:\/\/vzduchovetlmice.sk\/wp-content\/uploads\/2025\/05\/Ventilova-jednotka-Audi-A6-C5-4B-Audi-A6-C6-4F-Audi-A8-D3-4E-\u2013-Original-Audi-4F0616013-4F0-616-013-4Z7616013-4Z7-616-013-3D0616013-RAPA.jpg","contentUrl":"https:\/\/vzduchovetlmice.sk\/wp-content\/uploads\/2025\/05\/Ventilova-jednotka-Audi-A6-C5-4B-Audi-A6-C6-4F-Audi-A8-D3-4E-\u2013-Original-Audi-4F0616013-4F0-616-013-4Z7616013-4Z7-616-013-3D0616013-RAPA.jpg","width":1000,"height":1000,"caption":"Ventilov\u00e1 jednotka Audi A6 C5 4B, Audi A6 C6 4F, Audi A8 D3 4E \u2013 Origin\u00e1l Audi, 4F0616013, 4F0 616 013, 4Z7616013, 4Z7 616 013, 3D0616013, RAPA"},{"@type":"BreadcrumbList","@id":"https:\/\/vzduchovetlmice.sk\/cs\/produkty\/ventilova-jednotka-audi-a6-c6-4f\/#breadcrumb","itemListElement":[{"@type":"ListItem","position":1,"name":"Domovsk\u00e1 str\u00e1nka","item":"https:\/\/vzduchovetlmice.sk\/"},{"@type":"ListItem","position":2,"name":"Obchod","item":"https:\/\/vzduchovetlmice.sk\/obchod\/"},{"@type":"ListItem","position":3,"name":"Ventilov\u00e1 jednotka Audi A6 C5 4B, Audi A6 C6 4F, Audi A8 D3 4E \u2013 Origin\u00e1l Audi"}]},{"@type":"WebSite","@id":"https:\/\/vzduchovetlmice.sk\/#website","url":"https:\/\/vzduchovetlmice.sk\/","name":"VzduchoveTlmice.sk","description":"predaj dielov pre vzduchov\u00fd podvozok","potentialAction":[{"@type":"SearchAction","target":{"@type":"EntryPoint","urlTemplate":"https:\/\/vzduchovetlmice.sk\/?s={search_term_string}"},"query-input":{"@type":"PropertyValueSpecification","valueRequired":true,"valueName":"search_term_string"}}],"inLanguage":"cs"}]}},"_links":{"self":[{"href":"https:\/\/vzduchovetlmice.sk\/cs\/wp-json\/wp\/v2\/product\/101169","targetHints":{"allow":["GET"]}}],"collection":[{"href":"https:\/\/vzduchovetlmice.sk\/cs\/wp-json\/wp\/v2\/product"}],"about":[{"href":"https:\/\/vzduchovetlmice.sk\/cs\/wp-json\/wp\/v2\/types\/product"}],"wp:featuredmedia":[{"embeddable":true,"href":"https:\/\/vzduchovetlmice.sk\/cs\/wp-json\/wp\/v2\/media\/101852"}],"wp:attachment":[{"href":"https:\/\/vzduchovetlmice.sk\/cs\/wp-json\/wp\/v2\/media?parent=101169"}],"wp:term":[{"taxonomy":"product_brand","embeddable":true,"href":"https:\/\/vzduchovetlmice.sk\/cs\/wp-json\/wp\/v2\/product_brand?post=101169"},{"taxonomy":"product_cat","embeddable":true,"href":"https:\/\/vzduchovetlmice.sk\/cs\/wp-json\/wp\/v2\/product_cat?post=101169"},{"taxonomy":"product_tag","embeddable":true,"href":"https:\/\/vzduchovetlmice.sk\/cs\/wp-json\/wp\/v2\/product_tag?post=101169"}],"curies":[{"name":"wp","href":"https:\/\/api.w.org\/{rel}","templated":true}]}}