{"id":101182,"date":"2025-05-28T10:22:33","date_gmt":"2025-05-28T10:22:33","guid":{"rendered":"https:\/\/vzduchovetlmice.sk\/?post_type=product&#038;p=101182"},"modified":"2026-03-16T12:20:58","modified_gmt":"2026-03-16T12:20:58","slug":"predni-pravy-vzduchovy-tlumic-audi-a6-c6-4f","status":"publish","type":"product","link":"https:\/\/vzduchovetlmice.sk\/cs\/produkty\/predni-pravy-vzduchovy-tlumic-audi-a6-c6-4f\/","title":{"rendered":"P\u0159edn\u00ed prav\u00fd vzduchov\u00fd tlumi\u010d Audi A6 C6 4F"},"content":{"rendered":"<h3><strong>Dal\u0161\u00ed informace:<\/strong><\/h3>\n<p>Nov\u00fd p\u0159edn\u00ed prav\u00fd vzduchov\u00fd tlumi\u010d Audi A6 C6 4F (2005-2011) Avant, Allroad, Sedan, Quattro.<\/p>\n<p>Vhodn\u00fd tak\u00e9 pro verzi Audi A6 S6 C6 4F.<\/p>\n<h4><strong>Origin\u00e1ln\u00ed v\u00fdrobn\u00ed \u010d\u00edsla (OEM): <\/strong><\/h4>\n<p>4F0616040AA, 4F0616040S, 4F0616040, 4F0616040T, 4F0616040R, 4F0616040Q, 4F0616040P, 4F0616040N, 4F0616040M, 4F0616040J, 4F0 616 040 AA, 4F0 616 040 S, 4F0 616 040, 4F0 616 040 T, 4F0 616 040 R, 4F0 616 040 Q, 4F0 616 040 P, 4F0 616 040 N, 4F0 616 040 M, 4F0 616 040 J, AS-2816<\/p>\n","protected":false},"excerpt":{"rendered":"<p><strong>Zna\u010dka: <\/strong>Audi<\/p>\n<p><strong>Model:<\/strong> Audi A6 C6 4F (2005 \u2013 2011), Audi A6 S6 C6 4F (2005 \u2013 2011)<\/p>\n<p><strong>Typ:<\/strong> 2kolka, Quattro, Avant, Sedan, Allroad<\/p>\n<p><strong>Poloha: <\/strong>P\u0159edn\u00ed n\u00e1prava vpravo<\/p>\n<p><strong>V\u00fdrobce: <\/strong>OEM<\/p>\n<p><strong>Stav:\u00a0<\/strong>Nov\u00e9<\/p>\n<p><strong>Z\u00e1ruka:\u00a0<\/strong>2 roky<\/p>\n<p><strong>Dostupnost:<\/strong>\u00a0<span style=\"color: #00ff00;\"><strong>Skladem<\/strong><\/span><\/p>\n","protected":false},"featured_media":101949,"template":"","meta":{"_et_pb_use_builder":"","_et_pb_old_content":"","_et_gb_content_width":""},"product_brand":[46],"product_cat":[501,330],"product_tag":[],"class_list":{"0":"post-101182","1":"product","2":"type-product","3":"status-publish","4":"has-post-thumbnail","6":"product_brand-audi","7":"product_cat-a6-c6-4f-2005-2011-cs","8":"product_cat-audi-cs","10":"first","11":"instock","12":"shipping-taxable","13":"purchasable","14":"product-type-simple"},"yoast_head":"<!-- This site is optimized with the Yoast SEO Premium plugin v24.9 (Yoast SEO v27.1.1) - https:\/\/yoast.com\/product\/yoast-seo-premium-wordpress\/ -->\n<title>P\u0159edn\u00ed prav\u00fd vzduchov\u00fd tlumi\u010d Audi A6 C6 4F<\/title>\n<meta name=\"description\" content=\"Nov\u00fd predn\u00fd prav\u00fd vzduchov\u00fd tlmi\u010d Audi A6 C6 4F (2005 \u2013 2011) Avant, Allroad, Sedan. OEM: 4F0616040AA, 4F0616040S, 4F0616040, 4F0616040T, 4F0616040R, 4F0616040Q, 4F0616040P, 4F0616040N, 4F0616040M, 4F0616040J, 4F0 616 040 AA, 4F0 616 040 S, 4F0 616 040, 4F0 616 040 T, 4F0 616 040 R, 4F0 616 040 Q, 4F0 616 040 P, 4F0 616 040 N, 4F0 616 040 M, 4F0 616 040 J, AS-2816\" \/>\n<meta name=\"robots\" content=\"index, follow, max-snippet:-1, max-image-preview:large, max-video-preview:-1\" \/>\n<link rel=\"canonical\" href=\"https:\/\/vzduchovetlmice.sk\/cs\/produkty\/predni-pravy-vzduchovy-tlumic-audi-a6-c6-4f\/\" \/>\n<meta property=\"og:locale\" content=\"cs_CZ\" \/>\n<meta property=\"og:type\" content=\"article\" \/>\n<meta property=\"og:title\" content=\"P\u0159edn\u00ed prav\u00fd vzduchov\u00fd tlumi\u010d Audi A6 C6 4F\" \/>\n<meta property=\"og:description\" content=\"Nov\u00fd predn\u00fd prav\u00fd vzduchov\u00fd tlmi\u010d Audi A6 C6 4F (2005 \u2013 2011) Avant, Allroad, Sedan. OEM: 4F0616040AA, 4F0616040S, 4F0616040, 4F0616040T, 4F0616040R, 4F0616040Q, 4F0616040P, 4F0616040N, 4F0616040M, 4F0616040J, 4F0 616 040 AA, 4F0 616 040 S, 4F0 616 040, 4F0 616 040 T, 4F0 616 040 R, 4F0 616 040 Q, 4F0 616 040 P, 4F0 616 040 N, 4F0 616 040 M, 4F0 616 040 J, AS-2816\" \/>\n<meta property=\"og:url\" content=\"https:\/\/vzduchovetlmice.sk\/cs\/produkty\/predni-pravy-vzduchovy-tlumic-audi-a6-c6-4f\/\" \/>\n<meta property=\"og:site_name\" content=\"VzduchoveTlmice.sk\" \/>\n<meta property=\"article:modified_time\" content=\"2026-03-16T12:20:58+00:00\" \/>\n<meta property=\"og:image\" content=\"https:\/\/vzduchovetlmice.sk\/wp-content\/uploads\/2025\/05\/Predny-pravy-vzduchovy-tlmic-Audi-A6-C6-4F-Allroad-4F0616040AA-4F0616040S-4F0616040-4F0616040T-4F0616040R-4F0616040Q-4F0616040P.jpg\" \/>\n\t<meta property=\"og:image:width\" content=\"1000\" \/>\n\t<meta property=\"og:image:height\" content=\"1000\" \/>\n\t<meta property=\"og:image:type\" content=\"image\/jpeg\" \/>\n<meta name=\"twitter:card\" content=\"summary_large_image\" \/>\n<meta name=\"twitter:label1\" content=\"Odhadovan\u00e1 doba \u010dten\u00ed\" \/>\n\t<meta name=\"twitter:data1\" content=\"1 minuta\" \/>\n<script type=\"application\/ld+json\" class=\"yoast-schema-graph\">{\"@context\":\"https:\/\/schema.org\",\"@graph\":[{\"@type\":\"WebPage\",\"@id\":\"https:\/\/vzduchovetlmice.sk\/cs\/produkty\/predni-pravy-vzduchovy-tlumic-audi-a6-c6-4f\/\",\"url\":\"https:\/\/vzduchovetlmice.sk\/cs\/produkty\/predni-pravy-vzduchovy-tlumic-audi-a6-c6-4f\/\",\"name\":\"P\u0159edn\u00ed prav\u00fd vzduchov\u00fd tlumi\u010d Audi A6 C6 4F\",\"isPartOf\":{\"@id\":\"https:\/\/vzduchovetlmice.sk\/#website\"},\"primaryImageOfPage\":{\"@id\":\"https:\/\/vzduchovetlmice.sk\/cs\/produkty\/predni-pravy-vzduchovy-tlumic-audi-a6-c6-4f\/#primaryimage\"},\"image\":{\"@id\":\"https:\/\/vzduchovetlmice.sk\/cs\/produkty\/predni-pravy-vzduchovy-tlumic-audi-a6-c6-4f\/#primaryimage\"},\"thumbnailUrl\":\"https:\/\/vzduchovetlmice.sk\/wp-content\/uploads\/2025\/05\/Predny-pravy-vzduchovy-tlmic-Audi-A6-C6-4F-Allroad-4F0616040AA-4F0616040S-4F0616040-4F0616040T-4F0616040R-4F0616040Q-4F0616040P.jpg\",\"datePublished\":\"2025-05-28T10:22:33+00:00\",\"dateModified\":\"2026-03-16T12:20:58+00:00\",\"description\":\"Nov\u00fd predn\u00fd prav\u00fd vzduchov\u00fd tlmi\u010d Audi A6 C6 4F (2005 \u2013 2011) Avant, Allroad, Sedan. OEM: 4F0616040AA, 4F0616040S, 4F0616040, 4F0616040T, 4F0616040R, 4F0616040Q, 4F0616040P, 4F0616040N, 4F0616040M, 4F0616040J, 4F0 616 040 AA, 4F0 616 040 S, 4F0 616 040, 4F0 616 040 T, 4F0 616 040 R, 4F0 616 040 Q, 4F0 616 040 P, 4F0 616 040 N, 4F0 616 040 M, 4F0 616 040 J, AS-2816\",\"breadcrumb\":{\"@id\":\"https:\/\/vzduchovetlmice.sk\/cs\/produkty\/predni-pravy-vzduchovy-tlumic-audi-a6-c6-4f\/#breadcrumb\"},\"inLanguage\":\"cs\",\"potentialAction\":[{\"@type\":\"ReadAction\",\"target\":[\"https:\/\/vzduchovetlmice.sk\/cs\/produkty\/predni-pravy-vzduchovy-tlumic-audi-a6-c6-4f\/\"]}]},{\"@type\":\"ImageObject\",\"inLanguage\":\"cs\",\"@id\":\"https:\/\/vzduchovetlmice.sk\/cs\/produkty\/predni-pravy-vzduchovy-tlumic-audi-a6-c6-4f\/#primaryimage\",\"url\":\"https:\/\/vzduchovetlmice.sk\/wp-content\/uploads\/2025\/05\/Predny-pravy-vzduchovy-tlmic-Audi-A6-C6-4F-Allroad-4F0616040AA-4F0616040S-4F0616040-4F0616040T-4F0616040R-4F0616040Q-4F0616040P.jpg\",\"contentUrl\":\"https:\/\/vzduchovetlmice.sk\/wp-content\/uploads\/2025\/05\/Predny-pravy-vzduchovy-tlmic-Audi-A6-C6-4F-Allroad-4F0616040AA-4F0616040S-4F0616040-4F0616040T-4F0616040R-4F0616040Q-4F0616040P.jpg\",\"width\":1000,\"height\":1000,\"caption\":\"Predn\u00fd prav\u00fd vzduchov\u00fd tlmi\u010d Audi A6 C6 4F, Allroad, 4F0616040AA, 4F0616040S, 4F0616040, 4F0616040T, 4F0616040R, 4F0616040Q, 4F0616040P\"},{\"@type\":\"BreadcrumbList\",\"@id\":\"https:\/\/vzduchovetlmice.sk\/cs\/produkty\/predni-pravy-vzduchovy-tlumic-audi-a6-c6-4f\/#breadcrumb\",\"itemListElement\":[{\"@type\":\"ListItem\",\"position\":1,\"name\":\"Domovsk\u00e1 str\u00e1nka\",\"item\":\"https:\/\/vzduchovetlmice.sk\/\"},{\"@type\":\"ListItem\",\"position\":2,\"name\":\"Obchod\",\"item\":\"https:\/\/vzduchovetlmice.sk\/obchod\/\"},{\"@type\":\"ListItem\",\"position\":3,\"name\":\"P\u0159edn\u00ed prav\u00fd vzduchov\u00fd tlumi\u010d Audi A6 C6 4F\"}]},{\"@type\":\"WebSite\",\"@id\":\"https:\/\/vzduchovetlmice.sk\/#website\",\"url\":\"https:\/\/vzduchovetlmice.sk\/\",\"name\":\"VzduchoveTlmice.sk\",\"description\":\"predaj dielov pre vzduchov\u00fd podvozok\",\"potentialAction\":[{\"@type\":\"SearchAction\",\"target\":{\"@type\":\"EntryPoint\",\"urlTemplate\":\"https:\/\/vzduchovetlmice.sk\/?s={search_term_string}\"},\"query-input\":{\"@type\":\"PropertyValueSpecification\",\"valueRequired\":true,\"valueName\":\"search_term_string\"}}],\"inLanguage\":\"cs\"}]}<\/script>\n<!-- \/ Yoast SEO Premium plugin. -->","yoast_head_json":{"title":"P\u0159edn\u00ed prav\u00fd vzduchov\u00fd tlumi\u010d Audi A6 C6 4F","description":"Nov\u00fd predn\u00fd prav\u00fd vzduchov\u00fd tlmi\u010d Audi A6 C6 4F (2005 \u2013 2011) Avant, Allroad, Sedan. OEM: 4F0616040AA, 4F0616040S, 4F0616040, 4F0616040T, 4F0616040R, 4F0616040Q, 4F0616040P, 4F0616040N, 4F0616040M, 4F0616040J, 4F0 616 040 AA, 4F0 616 040 S, 4F0 616 040, 4F0 616 040 T, 4F0 616 040 R, 4F0 616 040 Q, 4F0 616 040 P, 4F0 616 040 N, 4F0 616 040 M, 4F0 616 040 J, AS-2816","robots":{"index":"index","follow":"follow","max-snippet":"max-snippet:-1","max-image-preview":"max-image-preview:large","max-video-preview":"max-video-preview:-1"},"canonical":"https:\/\/vzduchovetlmice.sk\/cs\/produkty\/predni-pravy-vzduchovy-tlumic-audi-a6-c6-4f\/","og_locale":"cs_CZ","og_type":"article","og_title":"P\u0159edn\u00ed prav\u00fd vzduchov\u00fd tlumi\u010d Audi A6 C6 4F","og_description":"Nov\u00fd predn\u00fd prav\u00fd vzduchov\u00fd tlmi\u010d Audi A6 C6 4F (2005 \u2013 2011) Avant, Allroad, Sedan. OEM: 4F0616040AA, 4F0616040S, 4F0616040, 4F0616040T, 4F0616040R, 4F0616040Q, 4F0616040P, 4F0616040N, 4F0616040M, 4F0616040J, 4F0 616 040 AA, 4F0 616 040 S, 4F0 616 040, 4F0 616 040 T, 4F0 616 040 R, 4F0 616 040 Q, 4F0 616 040 P, 4F0 616 040 N, 4F0 616 040 M, 4F0 616 040 J, AS-2816","og_url":"https:\/\/vzduchovetlmice.sk\/cs\/produkty\/predni-pravy-vzduchovy-tlumic-audi-a6-c6-4f\/","og_site_name":"VzduchoveTlmice.sk","article_modified_time":"2026-03-16T12:20:58+00:00","og_image":[{"width":1000,"height":1000,"url":"https:\/\/vzduchovetlmice.sk\/wp-content\/uploads\/2025\/05\/Predny-pravy-vzduchovy-tlmic-Audi-A6-C6-4F-Allroad-4F0616040AA-4F0616040S-4F0616040-4F0616040T-4F0616040R-4F0616040Q-4F0616040P.jpg","type":"image\/jpeg"}],"twitter_card":"summary_large_image","twitter_misc":{"Odhadovan\u00e1 doba \u010dten\u00ed":"1 minuta"},"schema":{"@context":"https:\/\/schema.org","@graph":[{"@type":"WebPage","@id":"https:\/\/vzduchovetlmice.sk\/cs\/produkty\/predni-pravy-vzduchovy-tlumic-audi-a6-c6-4f\/","url":"https:\/\/vzduchovetlmice.sk\/cs\/produkty\/predni-pravy-vzduchovy-tlumic-audi-a6-c6-4f\/","name":"P\u0159edn\u00ed prav\u00fd vzduchov\u00fd tlumi\u010d Audi A6 C6 4F","isPartOf":{"@id":"https:\/\/vzduchovetlmice.sk\/#website"},"primaryImageOfPage":{"@id":"https:\/\/vzduchovetlmice.sk\/cs\/produkty\/predni-pravy-vzduchovy-tlumic-audi-a6-c6-4f\/#primaryimage"},"image":{"@id":"https:\/\/vzduchovetlmice.sk\/cs\/produkty\/predni-pravy-vzduchovy-tlumic-audi-a6-c6-4f\/#primaryimage"},"thumbnailUrl":"https:\/\/vzduchovetlmice.sk\/wp-content\/uploads\/2025\/05\/Predny-pravy-vzduchovy-tlmic-Audi-A6-C6-4F-Allroad-4F0616040AA-4F0616040S-4F0616040-4F0616040T-4F0616040R-4F0616040Q-4F0616040P.jpg","datePublished":"2025-05-28T10:22:33+00:00","dateModified":"2026-03-16T12:20:58+00:00","description":"Nov\u00fd predn\u00fd prav\u00fd vzduchov\u00fd tlmi\u010d Audi A6 C6 4F (2005 \u2013 2011) Avant, Allroad, Sedan. OEM: 4F0616040AA, 4F0616040S, 4F0616040, 4F0616040T, 4F0616040R, 4F0616040Q, 4F0616040P, 4F0616040N, 4F0616040M, 4F0616040J, 4F0 616 040 AA, 4F0 616 040 S, 4F0 616 040, 4F0 616 040 T, 4F0 616 040 R, 4F0 616 040 Q, 4F0 616 040 P, 4F0 616 040 N, 4F0 616 040 M, 4F0 616 040 J, AS-2816","breadcrumb":{"@id":"https:\/\/vzduchovetlmice.sk\/cs\/produkty\/predni-pravy-vzduchovy-tlumic-audi-a6-c6-4f\/#breadcrumb"},"inLanguage":"cs","potentialAction":[{"@type":"ReadAction","target":["https:\/\/vzduchovetlmice.sk\/cs\/produkty\/predni-pravy-vzduchovy-tlumic-audi-a6-c6-4f\/"]}]},{"@type":"ImageObject","inLanguage":"cs","@id":"https:\/\/vzduchovetlmice.sk\/cs\/produkty\/predni-pravy-vzduchovy-tlumic-audi-a6-c6-4f\/#primaryimage","url":"https:\/\/vzduchovetlmice.sk\/wp-content\/uploads\/2025\/05\/Predny-pravy-vzduchovy-tlmic-Audi-A6-C6-4F-Allroad-4F0616040AA-4F0616040S-4F0616040-4F0616040T-4F0616040R-4F0616040Q-4F0616040P.jpg","contentUrl":"https:\/\/vzduchovetlmice.sk\/wp-content\/uploads\/2025\/05\/Predny-pravy-vzduchovy-tlmic-Audi-A6-C6-4F-Allroad-4F0616040AA-4F0616040S-4F0616040-4F0616040T-4F0616040R-4F0616040Q-4F0616040P.jpg","width":1000,"height":1000,"caption":"Predn\u00fd prav\u00fd vzduchov\u00fd tlmi\u010d Audi A6 C6 4F, Allroad, 4F0616040AA, 4F0616040S, 4F0616040, 4F0616040T, 4F0616040R, 4F0616040Q, 4F0616040P"},{"@type":"BreadcrumbList","@id":"https:\/\/vzduchovetlmice.sk\/cs\/produkty\/predni-pravy-vzduchovy-tlumic-audi-a6-c6-4f\/#breadcrumb","itemListElement":[{"@type":"ListItem","position":1,"name":"Domovsk\u00e1 str\u00e1nka","item":"https:\/\/vzduchovetlmice.sk\/"},{"@type":"ListItem","position":2,"name":"Obchod","item":"https:\/\/vzduchovetlmice.sk\/obchod\/"},{"@type":"ListItem","position":3,"name":"P\u0159edn\u00ed prav\u00fd vzduchov\u00fd tlumi\u010d Audi A6 C6 4F"}]},{"@type":"WebSite","@id":"https:\/\/vzduchovetlmice.sk\/#website","url":"https:\/\/vzduchovetlmice.sk\/","name":"VzduchoveTlmice.sk","description":"predaj dielov pre vzduchov\u00fd podvozok","potentialAction":[{"@type":"SearchAction","target":{"@type":"EntryPoint","urlTemplate":"https:\/\/vzduchovetlmice.sk\/?s={search_term_string}"},"query-input":{"@type":"PropertyValueSpecification","valueRequired":true,"valueName":"search_term_string"}}],"inLanguage":"cs"}]}},"_links":{"self":[{"href":"https:\/\/vzduchovetlmice.sk\/cs\/wp-json\/wp\/v2\/product\/101182","targetHints":{"allow":["GET"]}}],"collection":[{"href":"https:\/\/vzduchovetlmice.sk\/cs\/wp-json\/wp\/v2\/product"}],"about":[{"href":"https:\/\/vzduchovetlmice.sk\/cs\/wp-json\/wp\/v2\/types\/product"}],"wp:featuredmedia":[{"embeddable":true,"href":"https:\/\/vzduchovetlmice.sk\/cs\/wp-json\/wp\/v2\/media\/101949"}],"wp:attachment":[{"href":"https:\/\/vzduchovetlmice.sk\/cs\/wp-json\/wp\/v2\/media?parent=101182"}],"wp:term":[{"taxonomy":"product_brand","embeddable":true,"href":"https:\/\/vzduchovetlmice.sk\/cs\/wp-json\/wp\/v2\/product_brand?post=101182"},{"taxonomy":"product_cat","embeddable":true,"href":"https:\/\/vzduchovetlmice.sk\/cs\/wp-json\/wp\/v2\/product_cat?post=101182"},{"taxonomy":"product_tag","embeddable":true,"href":"https:\/\/vzduchovetlmice.sk\/cs\/wp-json\/wp\/v2\/product_tag?post=101182"}],"curies":[{"name":"wp","href":"https:\/\/api.w.org\/{rel}","templated":true}]}}