{"id":101184,"date":"2025-05-28T10:25:06","date_gmt":"2025-05-28T10:25:06","guid":{"rendered":"https:\/\/vzduchovetlmice.sk\/?post_type=product&#038;p=101184"},"modified":"2026-04-11T11:37:35","modified_gmt":"2026-04-11T11:37:35","slug":"predni-levy-vzduchovy-tlumic-audi-a6-c6-4f-original-audi","status":"publish","type":"product","link":"https:\/\/vzduchovetlmice.sk\/cs\/produkty\/predni-levy-vzduchovy-tlumic-audi-a6-c6-4f-original-audi\/","title":{"rendered":"P\u0159edn\u00ed lev\u00fd vzduchov\u00fd tlumi\u010d Audi A6 C6 4F \u2013 Origin\u00e1l Audi"},"content":{"rendered":"<h3><strong>Dal\u0161\u00ed informace:<\/strong><\/h3>\n<p>Nov\u00fd p\u0159edn\u00ed lev\u00fd vzduchov\u00fd tlumi\u010d Audi A6 C6 4F (2005 \u2013 2011) Avant, Allroad, Sedan, Quattro.<\/p>\n<p>Jedn\u00e1 se o origin\u00e1ln\u00ed pneumatick\u00fd tlumi\u010d pru\u017een\u00ed od Audi (Vibracoustic &#8211; prvov\u00fdroba).<\/p>\n<p>Vhodn\u00fd tak\u00e9 pro verzi Audi A6 S6 C6 4F.<\/p>\n<h4><strong>Origin\u00e1ln\u00ed v\u00fdrobn\u00ed \u010d\u00edsla (OEM): <\/strong><\/h4>\n<p>4F0616039AA, 4F0616039S, 4F06160439, 4F0616039T, 4F0616039R, 4F0616039Q, 4F0616039P, 4F0616039N, 4F0616039M, 4F0616039J, 4F0616039AB, 4F0 616 039 AA, 4F0 616 039 S, 4F0 616 039, 4F0 616 039 T, 4F0 616 039 R, 4F0 616 039 Q, 4F0 616 039 P, 4F0 616 039 N, 4F0 616 039 M, 4F0 616 039 J, 4F0 616 039 AB, AS-2817<\/p>\n","protected":false},"excerpt":{"rendered":"<p><strong>Zna\u010dka: <\/strong>Audi<\/p>\n<p><strong>Model:<\/strong> Audi A6 C6 4F (2005 \u2013 2011), Audi A6 S6 C6 4F (2005 \u2013 2011)<\/p>\n<p><strong>Typ:<\/strong> 2kolka, Quattro, Avant, Sedan, Allroad<\/p>\n<p><strong>Poloha: <\/strong>P\u0159edn\u00ed n\u00e1prava vlevo<\/p>\n<p><strong>V\u00fdrobce: <\/strong>Vibracoustic \u2013 Made in Germany<\/p>\n<p><strong>Stav:\u00a0<\/strong>Nov\u00e9<\/p>\n<p><strong>Z\u00e1ruka:\u00a0<\/strong>2 roky<\/p>\n<p><strong>Dostupnost:<\/strong> <span style=\"color: #00ff00;\"><strong>Dostupn\u00e9 na objedn\u00e1vku<\/strong><\/span><\/p>\n","protected":false},"featured_media":101876,"template":"","meta":{"_et_pb_use_builder":"","_et_pb_old_content":"","_et_gb_content_width":""},"product_brand":[46],"product_cat":[501,330],"product_tag":[],"class_list":{"0":"post-101184","1":"product","2":"type-product","3":"status-publish","4":"has-post-thumbnail","6":"product_brand-audi","7":"product_cat-a6-c6-4f-2005-2011-cs","8":"product_cat-audi-cs","10":"first","11":"onbackorder","12":"shipping-taxable","13":"purchasable","14":"product-type-simple"},"yoast_head":"<!-- This site is optimized with the Yoast SEO Premium plugin v24.9 (Yoast SEO v27.1.1) - https:\/\/yoast.com\/product\/yoast-seo-premium-wordpress\/ -->\n<title>P\u0159edn\u00ed lev\u00fd vzduchov\u00fd tlumi\u010d Audi A6 C6 4F \u2013 Origin\u00e1l Audi<\/title>\n<meta name=\"description\" content=\"Nov\u00fd p\u0159edn\u00ed lev\u00fd vzduchov\u00fd tlumi\u010d Audi A6 C6 4F (2005 \u2013 2011) Avant, Allroad, Sedan, Quattro. Jedn\u00e1 se o origin\u00e1ln\u00ed pneumatick\u00fd tlumi\u010d pru\u017een\u00ed od Audi (Vibracoustic - prvov\u00fdroba). Vhodn\u00fd tak\u00e9 pro verzi Audi A6 S6 C6 4F. OEM: 4F0616039AA, 4F0616039S, 4F06160439, 4F0616039T, 4F0616039R, 4F0616039Q, 4F0616039P, 4F0616039N, 4F0616039M, 4F0616039J, 4F0616039AB, 4F0 616 039 AA, 4F0 616 039 S, 4F0 616 039, 4F0 616 039 T, 4F0 616 039 R, 4F0 616 039 Q, 4F0 616 039 P, 4F0 616 039 N, 4F0 616 039 M, 4F0 616 039 J, 4F0 616 039 AB, AS-2817, Luftsto\u00dfd\u00e4mpfer\" \/>\n<meta name=\"robots\" content=\"index, follow, max-snippet:-1, max-image-preview:large, max-video-preview:-1\" \/>\n<link rel=\"canonical\" href=\"https:\/\/vzduchovetlmice.sk\/cs\/produkty\/predni-levy-vzduchovy-tlumic-audi-a6-c6-4f-original-audi\/\" \/>\n<meta property=\"og:locale\" content=\"cs_CZ\" \/>\n<meta property=\"og:type\" content=\"article\" \/>\n<meta property=\"og:title\" content=\"P\u0159edn\u00ed lev\u00fd vzduchov\u00fd tlumi\u010d Audi A6 C6 4F \u2013 Origin\u00e1l Audi\" \/>\n<meta property=\"og:description\" content=\"Nov\u00fd p\u0159edn\u00ed lev\u00fd vzduchov\u00fd tlumi\u010d Audi A6 C6 4F (2005 \u2013 2011) Avant, Allroad, Sedan, Quattro. Jedn\u00e1 se o origin\u00e1ln\u00ed pneumatick\u00fd tlumi\u010d pru\u017een\u00ed od Audi (Vibracoustic - prvov\u00fdroba). Vhodn\u00fd tak\u00e9 pro verzi Audi A6 S6 C6 4F. OEM: 4F0616039AA, 4F0616039S, 4F06160439, 4F0616039T, 4F0616039R, 4F0616039Q, 4F0616039P, 4F0616039N, 4F0616039M, 4F0616039J, 4F0616039AB, 4F0 616 039 AA, 4F0 616 039 S, 4F0 616 039, 4F0 616 039 T, 4F0 616 039 R, 4F0 616 039 Q, 4F0 616 039 P, 4F0 616 039 N, 4F0 616 039 M, 4F0 616 039 J, 4F0 616 039 AB, AS-2817, Luftsto\u00dfd\u00e4mpfer\" \/>\n<meta property=\"og:url\" content=\"https:\/\/vzduchovetlmice.sk\/cs\/produkty\/predni-levy-vzduchovy-tlumic-audi-a6-c6-4f-original-audi\/\" \/>\n<meta property=\"og:site_name\" content=\"VzduchoveTlmice.sk\" \/>\n<meta property=\"article:modified_time\" content=\"2026-04-11T11:37:35+00:00\" \/>\n<meta property=\"og:image\" content=\"https:\/\/vzduchovetlmice.sk\/wp-content\/uploads\/2025\/05\/Predny-lavy-vzduchovy-tlmic-Audi-A6-C6-4F-\u2013-Original-Audi-Allroad-4F0616039AA-4F0616039S-4F06160439-4F0616039T-4F0616039R-4F0616039Q-4F0616039P.jpg\" \/>\n\t<meta property=\"og:image:width\" content=\"1000\" \/>\n\t<meta property=\"og:image:height\" content=\"1000\" \/>\n\t<meta property=\"og:image:type\" content=\"image\/jpeg\" \/>\n<meta name=\"twitter:card\" content=\"summary_large_image\" \/>\n<meta name=\"twitter:label1\" content=\"Odhadovan\u00e1 doba \u010dten\u00ed\" \/>\n\t<meta name=\"twitter:data1\" content=\"1 minuta\" \/>\n<script type=\"application\/ld+json\" class=\"yoast-schema-graph\">{\"@context\":\"https:\/\/schema.org\",\"@graph\":[{\"@type\":\"WebPage\",\"@id\":\"https:\/\/vzduchovetlmice.sk\/cs\/produkty\/predni-levy-vzduchovy-tlumic-audi-a6-c6-4f-original-audi\/\",\"url\":\"https:\/\/vzduchovetlmice.sk\/cs\/produkty\/predni-levy-vzduchovy-tlumic-audi-a6-c6-4f-original-audi\/\",\"name\":\"P\u0159edn\u00ed lev\u00fd vzduchov\u00fd tlumi\u010d Audi A6 C6 4F \u2013 Origin\u00e1l Audi\",\"isPartOf\":{\"@id\":\"https:\/\/vzduchovetlmice.sk\/#website\"},\"primaryImageOfPage\":{\"@id\":\"https:\/\/vzduchovetlmice.sk\/cs\/produkty\/predni-levy-vzduchovy-tlumic-audi-a6-c6-4f-original-audi\/#primaryimage\"},\"image\":{\"@id\":\"https:\/\/vzduchovetlmice.sk\/cs\/produkty\/predni-levy-vzduchovy-tlumic-audi-a6-c6-4f-original-audi\/#primaryimage\"},\"thumbnailUrl\":\"https:\/\/vzduchovetlmice.sk\/wp-content\/uploads\/2025\/05\/Predny-lavy-vzduchovy-tlmic-Audi-A6-C6-4F-\u2013-Original-Audi-Allroad-4F0616039AA-4F0616039S-4F06160439-4F0616039T-4F0616039R-4F0616039Q-4F0616039P.jpg\",\"datePublished\":\"2025-05-28T10:25:06+00:00\",\"dateModified\":\"2026-04-11T11:37:35+00:00\",\"description\":\"Nov\u00fd p\u0159edn\u00ed lev\u00fd vzduchov\u00fd tlumi\u010d Audi A6 C6 4F (2005 \u2013 2011) Avant, Allroad, Sedan, Quattro. Jedn\u00e1 se o origin\u00e1ln\u00ed pneumatick\u00fd tlumi\u010d pru\u017een\u00ed od Audi (Vibracoustic - prvov\u00fdroba). Vhodn\u00fd tak\u00e9 pro verzi Audi A6 S6 C6 4F. OEM: 4F0616039AA, 4F0616039S, 4F06160439, 4F0616039T, 4F0616039R, 4F0616039Q, 4F0616039P, 4F0616039N, 4F0616039M, 4F0616039J, 4F0616039AB, 4F0 616 039 AA, 4F0 616 039 S, 4F0 616 039, 4F0 616 039 T, 4F0 616 039 R, 4F0 616 039 Q, 4F0 616 039 P, 4F0 616 039 N, 4F0 616 039 M, 4F0 616 039 J, 4F0 616 039 AB, AS-2817, Luftsto\u00dfd\u00e4mpfer\",\"breadcrumb\":{\"@id\":\"https:\/\/vzduchovetlmice.sk\/cs\/produkty\/predni-levy-vzduchovy-tlumic-audi-a6-c6-4f-original-audi\/#breadcrumb\"},\"inLanguage\":\"cs\",\"potentialAction\":[{\"@type\":\"ReadAction\",\"target\":[\"https:\/\/vzduchovetlmice.sk\/cs\/produkty\/predni-levy-vzduchovy-tlumic-audi-a6-c6-4f-original-audi\/\"]}]},{\"@type\":\"ImageObject\",\"inLanguage\":\"cs\",\"@id\":\"https:\/\/vzduchovetlmice.sk\/cs\/produkty\/predni-levy-vzduchovy-tlumic-audi-a6-c6-4f-original-audi\/#primaryimage\",\"url\":\"https:\/\/vzduchovetlmice.sk\/wp-content\/uploads\/2025\/05\/Predny-lavy-vzduchovy-tlmic-Audi-A6-C6-4F-\u2013-Original-Audi-Allroad-4F0616039AA-4F0616039S-4F06160439-4F0616039T-4F0616039R-4F0616039Q-4F0616039P.jpg\",\"contentUrl\":\"https:\/\/vzduchovetlmice.sk\/wp-content\/uploads\/2025\/05\/Predny-lavy-vzduchovy-tlmic-Audi-A6-C6-4F-\u2013-Original-Audi-Allroad-4F0616039AA-4F0616039S-4F06160439-4F0616039T-4F0616039R-4F0616039Q-4F0616039P.jpg\",\"width\":1000,\"height\":1000,\"caption\":\"Predn\u00fd \u013eav\u00fd vzduchov\u00fd tlmi\u010d Audi A6 C6 4F \u2013 Origin\u00e1l Audi, Allroad, 4F0616039AA, 4F0616039S, 4F06160439, 4F0616039T, 4F0616039R, 4F0616039Q, 4F0616039P\"},{\"@type\":\"BreadcrumbList\",\"@id\":\"https:\/\/vzduchovetlmice.sk\/cs\/produkty\/predni-levy-vzduchovy-tlumic-audi-a6-c6-4f-original-audi\/#breadcrumb\",\"itemListElement\":[{\"@type\":\"ListItem\",\"position\":1,\"name\":\"Domovsk\u00e1 str\u00e1nka\",\"item\":\"https:\/\/vzduchovetlmice.sk\/\"},{\"@type\":\"ListItem\",\"position\":2,\"name\":\"Obchod\",\"item\":\"https:\/\/vzduchovetlmice.sk\/obchod\/\"},{\"@type\":\"ListItem\",\"position\":3,\"name\":\"P\u0159edn\u00ed lev\u00fd vzduchov\u00fd tlumi\u010d Audi A6 C6 4F \u2013 Origin\u00e1l Audi\"}]},{\"@type\":\"WebSite\",\"@id\":\"https:\/\/vzduchovetlmice.sk\/#website\",\"url\":\"https:\/\/vzduchovetlmice.sk\/\",\"name\":\"VzduchoveTlmice.sk\",\"description\":\"predaj dielov pre vzduchov\u00fd podvozok\",\"potentialAction\":[{\"@type\":\"SearchAction\",\"target\":{\"@type\":\"EntryPoint\",\"urlTemplate\":\"https:\/\/vzduchovetlmice.sk\/?s={search_term_string}\"},\"query-input\":{\"@type\":\"PropertyValueSpecification\",\"valueRequired\":true,\"valueName\":\"search_term_string\"}}],\"inLanguage\":\"cs\"}]}<\/script>\n<!-- \/ Yoast SEO Premium plugin. -->","yoast_head_json":{"title":"P\u0159edn\u00ed lev\u00fd vzduchov\u00fd tlumi\u010d Audi A6 C6 4F \u2013 Origin\u00e1l Audi","description":"Nov\u00fd p\u0159edn\u00ed lev\u00fd vzduchov\u00fd tlumi\u010d Audi A6 C6 4F (2005 \u2013 2011) Avant, Allroad, Sedan, Quattro. Jedn\u00e1 se o origin\u00e1ln\u00ed pneumatick\u00fd tlumi\u010d pru\u017een\u00ed od Audi (Vibracoustic - prvov\u00fdroba). Vhodn\u00fd tak\u00e9 pro verzi Audi A6 S6 C6 4F. OEM: 4F0616039AA, 4F0616039S, 4F06160439, 4F0616039T, 4F0616039R, 4F0616039Q, 4F0616039P, 4F0616039N, 4F0616039M, 4F0616039J, 4F0616039AB, 4F0 616 039 AA, 4F0 616 039 S, 4F0 616 039, 4F0 616 039 T, 4F0 616 039 R, 4F0 616 039 Q, 4F0 616 039 P, 4F0 616 039 N, 4F0 616 039 M, 4F0 616 039 J, 4F0 616 039 AB, AS-2817, Luftsto\u00dfd\u00e4mpfer","robots":{"index":"index","follow":"follow","max-snippet":"max-snippet:-1","max-image-preview":"max-image-preview:large","max-video-preview":"max-video-preview:-1"},"canonical":"https:\/\/vzduchovetlmice.sk\/cs\/produkty\/predni-levy-vzduchovy-tlumic-audi-a6-c6-4f-original-audi\/","og_locale":"cs_CZ","og_type":"article","og_title":"P\u0159edn\u00ed lev\u00fd vzduchov\u00fd tlumi\u010d Audi A6 C6 4F \u2013 Origin\u00e1l Audi","og_description":"Nov\u00fd p\u0159edn\u00ed lev\u00fd vzduchov\u00fd tlumi\u010d Audi A6 C6 4F (2005 \u2013 2011) Avant, Allroad, Sedan, Quattro. Jedn\u00e1 se o origin\u00e1ln\u00ed pneumatick\u00fd tlumi\u010d pru\u017een\u00ed od Audi (Vibracoustic - prvov\u00fdroba). Vhodn\u00fd tak\u00e9 pro verzi Audi A6 S6 C6 4F. OEM: 4F0616039AA, 4F0616039S, 4F06160439, 4F0616039T, 4F0616039R, 4F0616039Q, 4F0616039P, 4F0616039N, 4F0616039M, 4F0616039J, 4F0616039AB, 4F0 616 039 AA, 4F0 616 039 S, 4F0 616 039, 4F0 616 039 T, 4F0 616 039 R, 4F0 616 039 Q, 4F0 616 039 P, 4F0 616 039 N, 4F0 616 039 M, 4F0 616 039 J, 4F0 616 039 AB, AS-2817, Luftsto\u00dfd\u00e4mpfer","og_url":"https:\/\/vzduchovetlmice.sk\/cs\/produkty\/predni-levy-vzduchovy-tlumic-audi-a6-c6-4f-original-audi\/","og_site_name":"VzduchoveTlmice.sk","article_modified_time":"2026-04-11T11:37:35+00:00","og_image":[{"width":1000,"height":1000,"url":"https:\/\/vzduchovetlmice.sk\/wp-content\/uploads\/2025\/05\/Predny-lavy-vzduchovy-tlmic-Audi-A6-C6-4F-\u2013-Original-Audi-Allroad-4F0616039AA-4F0616039S-4F06160439-4F0616039T-4F0616039R-4F0616039Q-4F0616039P.jpg","type":"image\/jpeg"}],"twitter_card":"summary_large_image","twitter_misc":{"Odhadovan\u00e1 doba \u010dten\u00ed":"1 minuta"},"schema":{"@context":"https:\/\/schema.org","@graph":[{"@type":"WebPage","@id":"https:\/\/vzduchovetlmice.sk\/cs\/produkty\/predni-levy-vzduchovy-tlumic-audi-a6-c6-4f-original-audi\/","url":"https:\/\/vzduchovetlmice.sk\/cs\/produkty\/predni-levy-vzduchovy-tlumic-audi-a6-c6-4f-original-audi\/","name":"P\u0159edn\u00ed lev\u00fd vzduchov\u00fd tlumi\u010d Audi A6 C6 4F \u2013 Origin\u00e1l Audi","isPartOf":{"@id":"https:\/\/vzduchovetlmice.sk\/#website"},"primaryImageOfPage":{"@id":"https:\/\/vzduchovetlmice.sk\/cs\/produkty\/predni-levy-vzduchovy-tlumic-audi-a6-c6-4f-original-audi\/#primaryimage"},"image":{"@id":"https:\/\/vzduchovetlmice.sk\/cs\/produkty\/predni-levy-vzduchovy-tlumic-audi-a6-c6-4f-original-audi\/#primaryimage"},"thumbnailUrl":"https:\/\/vzduchovetlmice.sk\/wp-content\/uploads\/2025\/05\/Predny-lavy-vzduchovy-tlmic-Audi-A6-C6-4F-\u2013-Original-Audi-Allroad-4F0616039AA-4F0616039S-4F06160439-4F0616039T-4F0616039R-4F0616039Q-4F0616039P.jpg","datePublished":"2025-05-28T10:25:06+00:00","dateModified":"2026-04-11T11:37:35+00:00","description":"Nov\u00fd p\u0159edn\u00ed lev\u00fd vzduchov\u00fd tlumi\u010d Audi A6 C6 4F (2005 \u2013 2011) Avant, Allroad, Sedan, Quattro. Jedn\u00e1 se o origin\u00e1ln\u00ed pneumatick\u00fd tlumi\u010d pru\u017een\u00ed od Audi (Vibracoustic - prvov\u00fdroba). Vhodn\u00fd tak\u00e9 pro verzi Audi A6 S6 C6 4F. OEM: 4F0616039AA, 4F0616039S, 4F06160439, 4F0616039T, 4F0616039R, 4F0616039Q, 4F0616039P, 4F0616039N, 4F0616039M, 4F0616039J, 4F0616039AB, 4F0 616 039 AA, 4F0 616 039 S, 4F0 616 039, 4F0 616 039 T, 4F0 616 039 R, 4F0 616 039 Q, 4F0 616 039 P, 4F0 616 039 N, 4F0 616 039 M, 4F0 616 039 J, 4F0 616 039 AB, AS-2817, Luftsto\u00dfd\u00e4mpfer","breadcrumb":{"@id":"https:\/\/vzduchovetlmice.sk\/cs\/produkty\/predni-levy-vzduchovy-tlumic-audi-a6-c6-4f-original-audi\/#breadcrumb"},"inLanguage":"cs","potentialAction":[{"@type":"ReadAction","target":["https:\/\/vzduchovetlmice.sk\/cs\/produkty\/predni-levy-vzduchovy-tlumic-audi-a6-c6-4f-original-audi\/"]}]},{"@type":"ImageObject","inLanguage":"cs","@id":"https:\/\/vzduchovetlmice.sk\/cs\/produkty\/predni-levy-vzduchovy-tlumic-audi-a6-c6-4f-original-audi\/#primaryimage","url":"https:\/\/vzduchovetlmice.sk\/wp-content\/uploads\/2025\/05\/Predny-lavy-vzduchovy-tlmic-Audi-A6-C6-4F-\u2013-Original-Audi-Allroad-4F0616039AA-4F0616039S-4F06160439-4F0616039T-4F0616039R-4F0616039Q-4F0616039P.jpg","contentUrl":"https:\/\/vzduchovetlmice.sk\/wp-content\/uploads\/2025\/05\/Predny-lavy-vzduchovy-tlmic-Audi-A6-C6-4F-\u2013-Original-Audi-Allroad-4F0616039AA-4F0616039S-4F06160439-4F0616039T-4F0616039R-4F0616039Q-4F0616039P.jpg","width":1000,"height":1000,"caption":"Predn\u00fd \u013eav\u00fd vzduchov\u00fd tlmi\u010d Audi A6 C6 4F \u2013 Origin\u00e1l Audi, Allroad, 4F0616039AA, 4F0616039S, 4F06160439, 4F0616039T, 4F0616039R, 4F0616039Q, 4F0616039P"},{"@type":"BreadcrumbList","@id":"https:\/\/vzduchovetlmice.sk\/cs\/produkty\/predni-levy-vzduchovy-tlumic-audi-a6-c6-4f-original-audi\/#breadcrumb","itemListElement":[{"@type":"ListItem","position":1,"name":"Domovsk\u00e1 str\u00e1nka","item":"https:\/\/vzduchovetlmice.sk\/"},{"@type":"ListItem","position":2,"name":"Obchod","item":"https:\/\/vzduchovetlmice.sk\/obchod\/"},{"@type":"ListItem","position":3,"name":"P\u0159edn\u00ed lev\u00fd vzduchov\u00fd tlumi\u010d Audi A6 C6 4F \u2013 Origin\u00e1l Audi"}]},{"@type":"WebSite","@id":"https:\/\/vzduchovetlmice.sk\/#website","url":"https:\/\/vzduchovetlmice.sk\/","name":"VzduchoveTlmice.sk","description":"predaj dielov pre vzduchov\u00fd podvozok","potentialAction":[{"@type":"SearchAction","target":{"@type":"EntryPoint","urlTemplate":"https:\/\/vzduchovetlmice.sk\/?s={search_term_string}"},"query-input":{"@type":"PropertyValueSpecification","valueRequired":true,"valueName":"search_term_string"}}],"inLanguage":"cs"}]}},"_links":{"self":[{"href":"https:\/\/vzduchovetlmice.sk\/cs\/wp-json\/wp\/v2\/product\/101184","targetHints":{"allow":["GET"]}}],"collection":[{"href":"https:\/\/vzduchovetlmice.sk\/cs\/wp-json\/wp\/v2\/product"}],"about":[{"href":"https:\/\/vzduchovetlmice.sk\/cs\/wp-json\/wp\/v2\/types\/product"}],"wp:featuredmedia":[{"embeddable":true,"href":"https:\/\/vzduchovetlmice.sk\/cs\/wp-json\/wp\/v2\/media\/101876"}],"wp:attachment":[{"href":"https:\/\/vzduchovetlmice.sk\/cs\/wp-json\/wp\/v2\/media?parent=101184"}],"wp:term":[{"taxonomy":"product_brand","embeddable":true,"href":"https:\/\/vzduchovetlmice.sk\/cs\/wp-json\/wp\/v2\/product_brand?post=101184"},{"taxonomy":"product_cat","embeddable":true,"href":"https:\/\/vzduchovetlmice.sk\/cs\/wp-json\/wp\/v2\/product_cat?post=101184"},{"taxonomy":"product_tag","embeddable":true,"href":"https:\/\/vzduchovetlmice.sk\/cs\/wp-json\/wp\/v2\/product_tag?post=101184"}],"curies":[{"name":"wp","href":"https:\/\/api.w.org\/{rel}","templated":true}]}}