{"id":101192,"date":"2025-05-28T10:53:34","date_gmt":"2025-05-28T10:53:34","guid":{"rendered":"https:\/\/vzduchovetlmice.sk\/?post_type=product&#038;p=101192"},"modified":"2025-10-30T17:31:51","modified_gmt":"2025-10-30T17:31:51","slug":"zadni-pravy-vzduchovy-tlumic-audi-a6-c6-4f","status":"publish","type":"product","link":"https:\/\/vzduchovetlmice.sk\/cs\/produkty\/zadni-pravy-vzduchovy-tlumic-audi-a6-c6-4f\/","title":{"rendered":"Zadn\u00ed prav\u00fd vzduchov\u00fd tlumi\u010d Audi A6 C6 4F"},"content":{"rendered":"<h3><strong>\u010eal\u0161ie inform\u00e1cie:<\/strong><\/h3>\n<p>Nov\u00fd zadn\u00ed prav\u00fd vzduchov\u00fd tlumi\u010d Audi A6 C6 4F (2005-2011) Avant, Allroad, Sedan, Quattro.<\/p>\n<p>Vhodn\u00fd tak\u00e9 pro verzi Audi A6 S6 C6 4F.<\/p>\n<h4><strong>Origin\u00e1lne v\u00fdrobn\u00e9 \u010d\u00edsla (OEM): <\/strong><\/h4>\n<p>4F0616032, 4F0616032N, 4F0616032M, 4F0616032K, 4F0616032J, 4F0616032L, 4F0616032A, 4F0616032E, 4F0616032D, 4F0 616 032, 4F0 616 032 N, 4F0 616 032 M, 4F0 616 032 K, 4F0 616 032 J, 4F0 616 032 L, 4F0 616 032 A, 4F0 616 032 E, 4F0 616 032 D<\/p>\n","protected":false},"excerpt":{"rendered":"<p><strong>Zna\u010dka: <\/strong>Audi<\/p>\n<p><strong>Model:<\/strong> Audi A6 C6 4F (2005 \u2013 2011), Audi A6 S6 C6 4F (2005 \u2013 2011)<\/p>\n<p><strong>Typ:<\/strong> 2kolka, Quattro, Avant, Sedan, Allroad<\/p>\n<p><strong>Poloha: <\/strong>Zadn\u00ed n\u00e1prava vpravo<\/p>\n<p><strong>V\u00fdrobce: <\/strong>OEM<\/p>\n<p><strong>Stav:\u00a0<\/strong>Nov\u00e9<\/p>\n<p><strong>Z\u00e1ruka:\u00a0<\/strong>2 roky<\/p>\n<p><strong>Dostupnost:<\/strong>\u00a0<span style=\"color: #00ff00;\"><strong>Skladem<\/strong><\/span><\/p>\n","protected":false},"featured_media":101967,"template":"","meta":{"_et_pb_use_builder":"","_et_pb_old_content":"","_et_gb_content_width":""},"product_brand":[46],"product_cat":[501,330],"product_tag":[],"class_list":{"0":"post-101192","1":"product","2":"type-product","3":"status-publish","4":"has-post-thumbnail","6":"product_brand-audi","7":"product_cat-a6-c6-4f-2005-2011-cs","8":"product_cat-audi-cs","10":"first","11":"instock","12":"shipping-taxable","13":"purchasable","14":"product-type-simple"},"yoast_head":"<!-- This site is optimized with the Yoast SEO Premium plugin v24.9 (Yoast SEO v27.1.1) - https:\/\/yoast.com\/product\/yoast-seo-premium-wordpress\/ -->\n<title>Zadn\u00ed prav\u00fd vzduchov\u00fd tlumi\u010d Audi A6 C6 4F<\/title>\n<meta name=\"description\" content=\"Nov\u00fd zadn\u00ed prav\u00fd vzduchov\u00fd tlumi\u010d Audi A6 C6 4F (2005-2011) Avant, Allroad, Sedan, Quattro. Vhodn\u00fd tak\u00e9 pro verzi Audi A6 S6 C6 4F. OEM: 4F0616032, 4F0616032N, 4F0616032M, 4F0616032K, 4F0616032J, 4F0616032L, 4F0616032A, 4F0616032E, 4F0616032D, 4F0 616 032, 4F0 616 032 N, 4F0 616 032 M, 4F0 616 032 K, 4F0 616 032 J, 4F0 616 032 L, 4F0 616 032 A, 4F0 616 032 E, 4F0 616 032 D\" \/>\n<meta name=\"robots\" content=\"index, follow, max-snippet:-1, max-image-preview:large, max-video-preview:-1\" \/>\n<link rel=\"canonical\" href=\"https:\/\/vzduchovetlmice.sk\/cs\/produkty\/zadni-pravy-vzduchovy-tlumic-audi-a6-c6-4f\/\" \/>\n<meta property=\"og:locale\" content=\"cs_CZ\" \/>\n<meta property=\"og:type\" content=\"article\" \/>\n<meta property=\"og:title\" content=\"Zadn\u00ed prav\u00fd vzduchov\u00fd tlumi\u010d Audi A6 C6 4F\" \/>\n<meta property=\"og:description\" content=\"Nov\u00fd zadn\u00ed prav\u00fd vzduchov\u00fd tlumi\u010d Audi A6 C6 4F (2005-2011) Avant, Allroad, Sedan, Quattro. Vhodn\u00fd tak\u00e9 pro verzi Audi A6 S6 C6 4F. OEM: 4F0616032, 4F0616032N, 4F0616032M, 4F0616032K, 4F0616032J, 4F0616032L, 4F0616032A, 4F0616032E, 4F0616032D, 4F0 616 032, 4F0 616 032 N, 4F0 616 032 M, 4F0 616 032 K, 4F0 616 032 J, 4F0 616 032 L, 4F0 616 032 A, 4F0 616 032 E, 4F0 616 032 D\" \/>\n<meta property=\"og:url\" content=\"https:\/\/vzduchovetlmice.sk\/cs\/produkty\/zadni-pravy-vzduchovy-tlumic-audi-a6-c6-4f\/\" \/>\n<meta property=\"og:site_name\" content=\"VzduchoveTlmice.sk\" \/>\n<meta property=\"article:modified_time\" content=\"2025-10-30T17:31:51+00:00\" \/>\n<meta property=\"og:image\" content=\"https:\/\/vzduchovetlmice.sk\/wp-content\/uploads\/2025\/05\/Zadny-pravy-vzduchovy-tlmic-Audi-A6-C6-4F-Allroad-4F0616032-4F0616032N-4F0616032M-4F0616032K-4F0616032J-4F0616032L-4F0616032A-4F0616032E-4F0616032D-4F0-616-032-4F0-616-032-N.jpg\" \/>\n\t<meta property=\"og:image:width\" content=\"1000\" \/>\n\t<meta property=\"og:image:height\" content=\"1000\" \/>\n\t<meta property=\"og:image:type\" content=\"image\/jpeg\" \/>\n<meta name=\"twitter:card\" content=\"summary_large_image\" \/>\n<meta name=\"twitter:label1\" content=\"Odhadovan\u00e1 doba \u010dten\u00ed\" \/>\n\t<meta name=\"twitter:data1\" content=\"1 minuta\" \/>\n<script type=\"application\/ld+json\" class=\"yoast-schema-graph\">{\"@context\":\"https:\/\/schema.org\",\"@graph\":[{\"@type\":\"WebPage\",\"@id\":\"https:\/\/vzduchovetlmice.sk\/cs\/produkty\/zadni-pravy-vzduchovy-tlumic-audi-a6-c6-4f\/\",\"url\":\"https:\/\/vzduchovetlmice.sk\/cs\/produkty\/zadni-pravy-vzduchovy-tlumic-audi-a6-c6-4f\/\",\"name\":\"Zadn\u00ed prav\u00fd vzduchov\u00fd tlumi\u010d Audi A6 C6 4F\",\"isPartOf\":{\"@id\":\"https:\/\/vzduchovetlmice.sk\/#website\"},\"primaryImageOfPage\":{\"@id\":\"https:\/\/vzduchovetlmice.sk\/cs\/produkty\/zadni-pravy-vzduchovy-tlumic-audi-a6-c6-4f\/#primaryimage\"},\"image\":{\"@id\":\"https:\/\/vzduchovetlmice.sk\/cs\/produkty\/zadni-pravy-vzduchovy-tlumic-audi-a6-c6-4f\/#primaryimage\"},\"thumbnailUrl\":\"https:\/\/vzduchovetlmice.sk\/wp-content\/uploads\/2025\/05\/Zadny-pravy-vzduchovy-tlmic-Audi-A6-C6-4F-Allroad-4F0616032-4F0616032N-4F0616032M-4F0616032K-4F0616032J-4F0616032L-4F0616032A-4F0616032E-4F0616032D-4F0-616-032-4F0-616-032-N.jpg\",\"datePublished\":\"2025-05-28T10:53:34+00:00\",\"dateModified\":\"2025-10-30T17:31:51+00:00\",\"description\":\"Nov\u00fd zadn\u00ed prav\u00fd vzduchov\u00fd tlumi\u010d Audi A6 C6 4F (2005-2011) Avant, Allroad, Sedan, Quattro. Vhodn\u00fd tak\u00e9 pro verzi Audi A6 S6 C6 4F. OEM: 4F0616032, 4F0616032N, 4F0616032M, 4F0616032K, 4F0616032J, 4F0616032L, 4F0616032A, 4F0616032E, 4F0616032D, 4F0 616 032, 4F0 616 032 N, 4F0 616 032 M, 4F0 616 032 K, 4F0 616 032 J, 4F0 616 032 L, 4F0 616 032 A, 4F0 616 032 E, 4F0 616 032 D\",\"breadcrumb\":{\"@id\":\"https:\/\/vzduchovetlmice.sk\/cs\/produkty\/zadni-pravy-vzduchovy-tlumic-audi-a6-c6-4f\/#breadcrumb\"},\"inLanguage\":\"cs\",\"potentialAction\":[{\"@type\":\"ReadAction\",\"target\":[\"https:\/\/vzduchovetlmice.sk\/cs\/produkty\/zadni-pravy-vzduchovy-tlumic-audi-a6-c6-4f\/\"]}]},{\"@type\":\"ImageObject\",\"inLanguage\":\"cs\",\"@id\":\"https:\/\/vzduchovetlmice.sk\/cs\/produkty\/zadni-pravy-vzduchovy-tlumic-audi-a6-c6-4f\/#primaryimage\",\"url\":\"https:\/\/vzduchovetlmice.sk\/wp-content\/uploads\/2025\/05\/Zadny-pravy-vzduchovy-tlmic-Audi-A6-C6-4F-Allroad-4F0616032-4F0616032N-4F0616032M-4F0616032K-4F0616032J-4F0616032L-4F0616032A-4F0616032E-4F0616032D-4F0-616-032-4F0-616-032-N.jpg\",\"contentUrl\":\"https:\/\/vzduchovetlmice.sk\/wp-content\/uploads\/2025\/05\/Zadny-pravy-vzduchovy-tlmic-Audi-A6-C6-4F-Allroad-4F0616032-4F0616032N-4F0616032M-4F0616032K-4F0616032J-4F0616032L-4F0616032A-4F0616032E-4F0616032D-4F0-616-032-4F0-616-032-N.jpg\",\"width\":1000,\"height\":1000,\"caption\":\"Zadn\u00fd prav\u00fd vzduchov\u00fd tlmi\u010d Audi A6 C6 4F, Allroad, 4F0616032, 4F0616032N, 4F0616032M, 4F0616032K, 4F0616032J, 4F0616032L, 4F0616032A, 4F0616032E, 4F0616032D, 4F0 616 032, 4F0 616 032 N\"},{\"@type\":\"BreadcrumbList\",\"@id\":\"https:\/\/vzduchovetlmice.sk\/cs\/produkty\/zadni-pravy-vzduchovy-tlumic-audi-a6-c6-4f\/#breadcrumb\",\"itemListElement\":[{\"@type\":\"ListItem\",\"position\":1,\"name\":\"Domovsk\u00e1 str\u00e1nka\",\"item\":\"https:\/\/vzduchovetlmice.sk\/\"},{\"@type\":\"ListItem\",\"position\":2,\"name\":\"Obchod\",\"item\":\"https:\/\/vzduchovetlmice.sk\/obchod\/\"},{\"@type\":\"ListItem\",\"position\":3,\"name\":\"Zadn\u00ed prav\u00fd vzduchov\u00fd tlumi\u010d Audi A6 C6 4F\"}]},{\"@type\":\"WebSite\",\"@id\":\"https:\/\/vzduchovetlmice.sk\/#website\",\"url\":\"https:\/\/vzduchovetlmice.sk\/\",\"name\":\"VzduchoveTlmice.sk\",\"description\":\"predaj dielov pre vzduchov\u00fd podvozok\",\"potentialAction\":[{\"@type\":\"SearchAction\",\"target\":{\"@type\":\"EntryPoint\",\"urlTemplate\":\"https:\/\/vzduchovetlmice.sk\/?s={search_term_string}\"},\"query-input\":{\"@type\":\"PropertyValueSpecification\",\"valueRequired\":true,\"valueName\":\"search_term_string\"}}],\"inLanguage\":\"cs\"}]}<\/script>\n<!-- \/ Yoast SEO Premium plugin. -->","yoast_head_json":{"title":"Zadn\u00ed prav\u00fd vzduchov\u00fd tlumi\u010d Audi A6 C6 4F","description":"Nov\u00fd zadn\u00ed prav\u00fd vzduchov\u00fd tlumi\u010d Audi A6 C6 4F (2005-2011) Avant, Allroad, Sedan, Quattro. Vhodn\u00fd tak\u00e9 pro verzi Audi A6 S6 C6 4F. OEM: 4F0616032, 4F0616032N, 4F0616032M, 4F0616032K, 4F0616032J, 4F0616032L, 4F0616032A, 4F0616032E, 4F0616032D, 4F0 616 032, 4F0 616 032 N, 4F0 616 032 M, 4F0 616 032 K, 4F0 616 032 J, 4F0 616 032 L, 4F0 616 032 A, 4F0 616 032 E, 4F0 616 032 D","robots":{"index":"index","follow":"follow","max-snippet":"max-snippet:-1","max-image-preview":"max-image-preview:large","max-video-preview":"max-video-preview:-1"},"canonical":"https:\/\/vzduchovetlmice.sk\/cs\/produkty\/zadni-pravy-vzduchovy-tlumic-audi-a6-c6-4f\/","og_locale":"cs_CZ","og_type":"article","og_title":"Zadn\u00ed prav\u00fd vzduchov\u00fd tlumi\u010d Audi A6 C6 4F","og_description":"Nov\u00fd zadn\u00ed prav\u00fd vzduchov\u00fd tlumi\u010d Audi A6 C6 4F (2005-2011) Avant, Allroad, Sedan, Quattro. Vhodn\u00fd tak\u00e9 pro verzi Audi A6 S6 C6 4F. OEM: 4F0616032, 4F0616032N, 4F0616032M, 4F0616032K, 4F0616032J, 4F0616032L, 4F0616032A, 4F0616032E, 4F0616032D, 4F0 616 032, 4F0 616 032 N, 4F0 616 032 M, 4F0 616 032 K, 4F0 616 032 J, 4F0 616 032 L, 4F0 616 032 A, 4F0 616 032 E, 4F0 616 032 D","og_url":"https:\/\/vzduchovetlmice.sk\/cs\/produkty\/zadni-pravy-vzduchovy-tlumic-audi-a6-c6-4f\/","og_site_name":"VzduchoveTlmice.sk","article_modified_time":"2025-10-30T17:31:51+00:00","og_image":[{"width":1000,"height":1000,"url":"https:\/\/vzduchovetlmice.sk\/wp-content\/uploads\/2025\/05\/Zadny-pravy-vzduchovy-tlmic-Audi-A6-C6-4F-Allroad-4F0616032-4F0616032N-4F0616032M-4F0616032K-4F0616032J-4F0616032L-4F0616032A-4F0616032E-4F0616032D-4F0-616-032-4F0-616-032-N.jpg","type":"image\/jpeg"}],"twitter_card":"summary_large_image","twitter_misc":{"Odhadovan\u00e1 doba \u010dten\u00ed":"1 minuta"},"schema":{"@context":"https:\/\/schema.org","@graph":[{"@type":"WebPage","@id":"https:\/\/vzduchovetlmice.sk\/cs\/produkty\/zadni-pravy-vzduchovy-tlumic-audi-a6-c6-4f\/","url":"https:\/\/vzduchovetlmice.sk\/cs\/produkty\/zadni-pravy-vzduchovy-tlumic-audi-a6-c6-4f\/","name":"Zadn\u00ed prav\u00fd vzduchov\u00fd tlumi\u010d Audi A6 C6 4F","isPartOf":{"@id":"https:\/\/vzduchovetlmice.sk\/#website"},"primaryImageOfPage":{"@id":"https:\/\/vzduchovetlmice.sk\/cs\/produkty\/zadni-pravy-vzduchovy-tlumic-audi-a6-c6-4f\/#primaryimage"},"image":{"@id":"https:\/\/vzduchovetlmice.sk\/cs\/produkty\/zadni-pravy-vzduchovy-tlumic-audi-a6-c6-4f\/#primaryimage"},"thumbnailUrl":"https:\/\/vzduchovetlmice.sk\/wp-content\/uploads\/2025\/05\/Zadny-pravy-vzduchovy-tlmic-Audi-A6-C6-4F-Allroad-4F0616032-4F0616032N-4F0616032M-4F0616032K-4F0616032J-4F0616032L-4F0616032A-4F0616032E-4F0616032D-4F0-616-032-4F0-616-032-N.jpg","datePublished":"2025-05-28T10:53:34+00:00","dateModified":"2025-10-30T17:31:51+00:00","description":"Nov\u00fd zadn\u00ed prav\u00fd vzduchov\u00fd tlumi\u010d Audi A6 C6 4F (2005-2011) Avant, Allroad, Sedan, Quattro. Vhodn\u00fd tak\u00e9 pro verzi Audi A6 S6 C6 4F. OEM: 4F0616032, 4F0616032N, 4F0616032M, 4F0616032K, 4F0616032J, 4F0616032L, 4F0616032A, 4F0616032E, 4F0616032D, 4F0 616 032, 4F0 616 032 N, 4F0 616 032 M, 4F0 616 032 K, 4F0 616 032 J, 4F0 616 032 L, 4F0 616 032 A, 4F0 616 032 E, 4F0 616 032 D","breadcrumb":{"@id":"https:\/\/vzduchovetlmice.sk\/cs\/produkty\/zadni-pravy-vzduchovy-tlumic-audi-a6-c6-4f\/#breadcrumb"},"inLanguage":"cs","potentialAction":[{"@type":"ReadAction","target":["https:\/\/vzduchovetlmice.sk\/cs\/produkty\/zadni-pravy-vzduchovy-tlumic-audi-a6-c6-4f\/"]}]},{"@type":"ImageObject","inLanguage":"cs","@id":"https:\/\/vzduchovetlmice.sk\/cs\/produkty\/zadni-pravy-vzduchovy-tlumic-audi-a6-c6-4f\/#primaryimage","url":"https:\/\/vzduchovetlmice.sk\/wp-content\/uploads\/2025\/05\/Zadny-pravy-vzduchovy-tlmic-Audi-A6-C6-4F-Allroad-4F0616032-4F0616032N-4F0616032M-4F0616032K-4F0616032J-4F0616032L-4F0616032A-4F0616032E-4F0616032D-4F0-616-032-4F0-616-032-N.jpg","contentUrl":"https:\/\/vzduchovetlmice.sk\/wp-content\/uploads\/2025\/05\/Zadny-pravy-vzduchovy-tlmic-Audi-A6-C6-4F-Allroad-4F0616032-4F0616032N-4F0616032M-4F0616032K-4F0616032J-4F0616032L-4F0616032A-4F0616032E-4F0616032D-4F0-616-032-4F0-616-032-N.jpg","width":1000,"height":1000,"caption":"Zadn\u00fd prav\u00fd vzduchov\u00fd tlmi\u010d Audi A6 C6 4F, Allroad, 4F0616032, 4F0616032N, 4F0616032M, 4F0616032K, 4F0616032J, 4F0616032L, 4F0616032A, 4F0616032E, 4F0616032D, 4F0 616 032, 4F0 616 032 N"},{"@type":"BreadcrumbList","@id":"https:\/\/vzduchovetlmice.sk\/cs\/produkty\/zadni-pravy-vzduchovy-tlumic-audi-a6-c6-4f\/#breadcrumb","itemListElement":[{"@type":"ListItem","position":1,"name":"Domovsk\u00e1 str\u00e1nka","item":"https:\/\/vzduchovetlmice.sk\/"},{"@type":"ListItem","position":2,"name":"Obchod","item":"https:\/\/vzduchovetlmice.sk\/obchod\/"},{"@type":"ListItem","position":3,"name":"Zadn\u00ed prav\u00fd vzduchov\u00fd tlumi\u010d Audi A6 C6 4F"}]},{"@type":"WebSite","@id":"https:\/\/vzduchovetlmice.sk\/#website","url":"https:\/\/vzduchovetlmice.sk\/","name":"VzduchoveTlmice.sk","description":"predaj dielov pre vzduchov\u00fd podvozok","potentialAction":[{"@type":"SearchAction","target":{"@type":"EntryPoint","urlTemplate":"https:\/\/vzduchovetlmice.sk\/?s={search_term_string}"},"query-input":{"@type":"PropertyValueSpecification","valueRequired":true,"valueName":"search_term_string"}}],"inLanguage":"cs"}]}},"_links":{"self":[{"href":"https:\/\/vzduchovetlmice.sk\/cs\/wp-json\/wp\/v2\/product\/101192","targetHints":{"allow":["GET"]}}],"collection":[{"href":"https:\/\/vzduchovetlmice.sk\/cs\/wp-json\/wp\/v2\/product"}],"about":[{"href":"https:\/\/vzduchovetlmice.sk\/cs\/wp-json\/wp\/v2\/types\/product"}],"wp:featuredmedia":[{"embeddable":true,"href":"https:\/\/vzduchovetlmice.sk\/cs\/wp-json\/wp\/v2\/media\/101967"}],"wp:attachment":[{"href":"https:\/\/vzduchovetlmice.sk\/cs\/wp-json\/wp\/v2\/media?parent=101192"}],"wp:term":[{"taxonomy":"product_brand","embeddable":true,"href":"https:\/\/vzduchovetlmice.sk\/cs\/wp-json\/wp\/v2\/product_brand?post=101192"},{"taxonomy":"product_cat","embeddable":true,"href":"https:\/\/vzduchovetlmice.sk\/cs\/wp-json\/wp\/v2\/product_cat?post=101192"},{"taxonomy":"product_tag","embeddable":true,"href":"https:\/\/vzduchovetlmice.sk\/cs\/wp-json\/wp\/v2\/product_tag?post=101192"}],"curies":[{"name":"wp","href":"https:\/\/api.w.org\/{rel}","templated":true}]}}