{"id":101194,"date":"2025-05-28T10:57:45","date_gmt":"2025-05-28T10:57:45","guid":{"rendered":"https:\/\/vzduchovetlmice.sk\/?post_type=product&#038;p=101194"},"modified":"2026-03-16T12:12:25","modified_gmt":"2026-03-16T12:12:25","slug":"vzduchovy-kompresor-podvozku-audi-a6-c6-4f","status":"publish","type":"product","link":"https:\/\/vzduchovetlmice.sk\/cs\/produkty\/vzduchovy-kompresor-podvozku-audi-a6-c6-4f\/","title":{"rendered":"Vzduchov\u00fd kompresor podvozku Audi A6 C6 4F"},"content":{"rendered":"<h3><strong>Dal\u0161\u00ed informace:<\/strong><\/h3>\n<p>Nov\u00fd vzduchov\u00fd kompresor podvozku Audi A6 C6 4F (2005-2011) Avant, Allroad, Sedan, Quattro.<\/p>\n<p>Pneumatick\u00fd kompresor podvozku je vhodn\u00fd tak\u00e9 pro verzi Audi A6 S6 C6 4F.<\/p>\n<p>-v\u010detn\u011b teplotn\u00edho \u010didla a filtru<\/p>\n<h4><strong>Origin\u00e1ln\u00ed v\u00fdrobn\u00ed \u010d\u00edsla (OEM): <\/strong><\/h4>\n<p>4F0616005D, 4F0616005F, 4F0616005E, 4F0616006A, 4F0616005B, 4F0616006, 4F0616007, 4F0 616 005 D, 4F0 616 005 F, 4F0 616 005 E, 4F0 616 006 A, 4F0 616 005 B, 4F0 616 00 6, 4F0 616 007, P-2984, P-2676, 949-914, 4J4002C, 415.403.958.2, 415.403.410.0, 4154034100, 4154039582<\/p>\n","protected":false},"excerpt":{"rendered":"<p><strong>Zna\u010dka: <\/strong>Audi<\/p>\n<p><strong>Model:<\/strong> Audi A6 C6 4F (2005 \u2013 2011), Audi A6 S6 C6 4F (2005 \u2013 2011)<\/p>\n<p><strong>V\u00fdrobce: <\/strong>OEM<\/p>\n<p><strong>Stav:\u00a0<\/strong>Nov\u00e9<\/p>\n<p><strong>Z\u00e1ruka:\u00a0<\/strong>2 roky<\/p>\n<p><strong>Dostupnost:<\/strong>\u00a0<span style=\"color: #00ff00;\"><strong>Skladem<\/strong><\/span><\/p>\n","protected":false},"featured_media":101957,"template":"","meta":{"_et_pb_use_builder":"","_et_pb_old_content":"","_et_gb_content_width":""},"product_brand":[46],"product_cat":[501,330],"product_tag":[],"class_list":{"0":"post-101194","1":"product","2":"type-product","3":"status-publish","4":"has-post-thumbnail","6":"product_brand-audi","7":"product_cat-a6-c6-4f-2005-2011-cs","8":"product_cat-audi-cs","10":"first","11":"instock","12":"shipping-taxable","13":"purchasable","14":"product-type-simple"},"yoast_head":"<!-- This site is optimized with the Yoast SEO Premium plugin v24.9 (Yoast SEO v27.1.1) - https:\/\/yoast.com\/product\/yoast-seo-premium-wordpress\/ -->\n<title>Vzduchov\u00fd kompresor podvozku Audi A6 C6 4F<\/title>\n<meta name=\"description\" content=\"Nov\u00fd vzduchov\u00fd kompresor podvozku Audi A6 C6 4F (2005-2011) Avant, Allroad, Sedan, Quattro. Pneumatick\u00fd kompresor podvozku je vhodn\u00fd tak\u00e9 pro verzi Audi A6 S6 C6 4F. V\u010detn\u011b teplotn\u00edho \u010didla a filtru. OEM: 4F0616005D, 4F0616005F, 4F0616005E, 4F0616006A, 4F0616005B, 4F0616006, 4F0616007, 4F0 616 005 D, 4F0 616 005 F, 4F0 616 005 E, 4F0 616 006 A, 4F0 616 005 B, 4F0 616 00 6, 4F0 616 007, P-2984, P-2676, 949-914, 4J4002C, 415.403.958.2, 415.403.410.0, 4154034100, 4154039582\" \/>\n<meta name=\"robots\" content=\"index, follow, max-snippet:-1, max-image-preview:large, max-video-preview:-1\" \/>\n<link rel=\"canonical\" href=\"https:\/\/vzduchovetlmice.sk\/cs\/produkty\/vzduchovy-kompresor-podvozku-audi-a6-c6-4f\/\" \/>\n<meta property=\"og:locale\" content=\"cs_CZ\" \/>\n<meta property=\"og:type\" content=\"article\" \/>\n<meta property=\"og:title\" content=\"Vzduchov\u00fd kompresor podvozku Audi A6 C6 4F\" \/>\n<meta property=\"og:description\" content=\"Nov\u00fd vzduchov\u00fd kompresor podvozku Audi A6 C6 4F (2005-2011) Avant, Allroad, Sedan, Quattro. Pneumatick\u00fd kompresor podvozku je vhodn\u00fd tak\u00e9 pro verzi Audi A6 S6 C6 4F. V\u010detn\u011b teplotn\u00edho \u010didla a filtru. OEM: 4F0616005D, 4F0616005F, 4F0616005E, 4F0616006A, 4F0616005B, 4F0616006, 4F0616007, 4F0 616 005 D, 4F0 616 005 F, 4F0 616 005 E, 4F0 616 006 A, 4F0 616 005 B, 4F0 616 00 6, 4F0 616 007, P-2984, P-2676, 949-914, 4J4002C, 415.403.958.2, 415.403.410.0, 4154034100, 4154039582\" \/>\n<meta property=\"og:url\" content=\"https:\/\/vzduchovetlmice.sk\/cs\/produkty\/vzduchovy-kompresor-podvozku-audi-a6-c6-4f\/\" \/>\n<meta property=\"og:site_name\" content=\"VzduchoveTlmice.sk\" \/>\n<meta property=\"article:modified_time\" content=\"2026-03-16T12:12:25+00:00\" \/>\n<meta property=\"og:image\" content=\"https:\/\/vzduchovetlmice.sk\/wp-content\/uploads\/2025\/05\/Vzduchovy-kompresor-podvozku-Audi-A6-C6-4F-Allroad-4F0616005D-4F0616005F-4F0616005E-4F0616006A-4F0616005B-4F0616006-4F0616007.jpg\" \/>\n\t<meta property=\"og:image:width\" content=\"1000\" \/>\n\t<meta property=\"og:image:height\" content=\"1000\" \/>\n\t<meta property=\"og:image:type\" content=\"image\/jpeg\" \/>\n<meta name=\"twitter:card\" content=\"summary_large_image\" \/>\n<meta name=\"twitter:label1\" content=\"Odhadovan\u00e1 doba \u010dten\u00ed\" \/>\n\t<meta name=\"twitter:data1\" content=\"1 minuta\" \/>\n<script type=\"application\/ld+json\" class=\"yoast-schema-graph\">{\"@context\":\"https:\/\/schema.org\",\"@graph\":[{\"@type\":\"WebPage\",\"@id\":\"https:\/\/vzduchovetlmice.sk\/cs\/produkty\/vzduchovy-kompresor-podvozku-audi-a6-c6-4f\/\",\"url\":\"https:\/\/vzduchovetlmice.sk\/cs\/produkty\/vzduchovy-kompresor-podvozku-audi-a6-c6-4f\/\",\"name\":\"Vzduchov\u00fd kompresor podvozku Audi A6 C6 4F\",\"isPartOf\":{\"@id\":\"https:\/\/vzduchovetlmice.sk\/#website\"},\"primaryImageOfPage\":{\"@id\":\"https:\/\/vzduchovetlmice.sk\/cs\/produkty\/vzduchovy-kompresor-podvozku-audi-a6-c6-4f\/#primaryimage\"},\"image\":{\"@id\":\"https:\/\/vzduchovetlmice.sk\/cs\/produkty\/vzduchovy-kompresor-podvozku-audi-a6-c6-4f\/#primaryimage\"},\"thumbnailUrl\":\"https:\/\/vzduchovetlmice.sk\/wp-content\/uploads\/2025\/05\/Vzduchovy-kompresor-podvozku-Audi-A6-C6-4F-Allroad-4F0616005D-4F0616005F-4F0616005E-4F0616006A-4F0616005B-4F0616006-4F0616007.jpg\",\"datePublished\":\"2025-05-28T10:57:45+00:00\",\"dateModified\":\"2026-03-16T12:12:25+00:00\",\"description\":\"Nov\u00fd vzduchov\u00fd kompresor podvozku Audi A6 C6 4F (2005-2011) Avant, Allroad, Sedan, Quattro. Pneumatick\u00fd kompresor podvozku je vhodn\u00fd tak\u00e9 pro verzi Audi A6 S6 C6 4F. V\u010detn\u011b teplotn\u00edho \u010didla a filtru. OEM: 4F0616005D, 4F0616005F, 4F0616005E, 4F0616006A, 4F0616005B, 4F0616006, 4F0616007, 4F0 616 005 D, 4F0 616 005 F, 4F0 616 005 E, 4F0 616 006 A, 4F0 616 005 B, 4F0 616 00 6, 4F0 616 007, P-2984, P-2676, 949-914, 4J4002C, 415.403.958.2, 415.403.410.0, 4154034100, 4154039582\",\"breadcrumb\":{\"@id\":\"https:\/\/vzduchovetlmice.sk\/cs\/produkty\/vzduchovy-kompresor-podvozku-audi-a6-c6-4f\/#breadcrumb\"},\"inLanguage\":\"cs\",\"potentialAction\":[{\"@type\":\"ReadAction\",\"target\":[\"https:\/\/vzduchovetlmice.sk\/cs\/produkty\/vzduchovy-kompresor-podvozku-audi-a6-c6-4f\/\"]}]},{\"@type\":\"ImageObject\",\"inLanguage\":\"cs\",\"@id\":\"https:\/\/vzduchovetlmice.sk\/cs\/produkty\/vzduchovy-kompresor-podvozku-audi-a6-c6-4f\/#primaryimage\",\"url\":\"https:\/\/vzduchovetlmice.sk\/wp-content\/uploads\/2025\/05\/Vzduchovy-kompresor-podvozku-Audi-A6-C6-4F-Allroad-4F0616005D-4F0616005F-4F0616005E-4F0616006A-4F0616005B-4F0616006-4F0616007.jpg\",\"contentUrl\":\"https:\/\/vzduchovetlmice.sk\/wp-content\/uploads\/2025\/05\/Vzduchovy-kompresor-podvozku-Audi-A6-C6-4F-Allroad-4F0616005D-4F0616005F-4F0616005E-4F0616006A-4F0616005B-4F0616006-4F0616007.jpg\",\"width\":1000,\"height\":1000,\"caption\":\"Vzduchov\u00fd kompresor podvozku Audi A6 C6 4F, Allroad, 4F0616005D, 4F0616005F, 4F0616005E, 4F0616006A, 4F0616005B, 4F0616006, 4F0616007\"},{\"@type\":\"BreadcrumbList\",\"@id\":\"https:\/\/vzduchovetlmice.sk\/cs\/produkty\/vzduchovy-kompresor-podvozku-audi-a6-c6-4f\/#breadcrumb\",\"itemListElement\":[{\"@type\":\"ListItem\",\"position\":1,\"name\":\"Domovsk\u00e1 str\u00e1nka\",\"item\":\"https:\/\/vzduchovetlmice.sk\/\"},{\"@type\":\"ListItem\",\"position\":2,\"name\":\"Obchod\",\"item\":\"https:\/\/vzduchovetlmice.sk\/obchod\/\"},{\"@type\":\"ListItem\",\"position\":3,\"name\":\"Vzduchov\u00fd kompresor podvozku Audi A6 C6 4F\"}]},{\"@type\":\"WebSite\",\"@id\":\"https:\/\/vzduchovetlmice.sk\/#website\",\"url\":\"https:\/\/vzduchovetlmice.sk\/\",\"name\":\"VzduchoveTlmice.sk\",\"description\":\"predaj dielov pre vzduchov\u00fd podvozok\",\"potentialAction\":[{\"@type\":\"SearchAction\",\"target\":{\"@type\":\"EntryPoint\",\"urlTemplate\":\"https:\/\/vzduchovetlmice.sk\/?s={search_term_string}\"},\"query-input\":{\"@type\":\"PropertyValueSpecification\",\"valueRequired\":true,\"valueName\":\"search_term_string\"}}],\"inLanguage\":\"cs\"}]}<\/script>\n<!-- \/ Yoast SEO Premium plugin. -->","yoast_head_json":{"title":"Vzduchov\u00fd kompresor podvozku Audi A6 C6 4F","description":"Nov\u00fd vzduchov\u00fd kompresor podvozku Audi A6 C6 4F (2005-2011) Avant, Allroad, Sedan, Quattro. Pneumatick\u00fd kompresor podvozku je vhodn\u00fd tak\u00e9 pro verzi Audi A6 S6 C6 4F. V\u010detn\u011b teplotn\u00edho \u010didla a filtru. OEM: 4F0616005D, 4F0616005F, 4F0616005E, 4F0616006A, 4F0616005B, 4F0616006, 4F0616007, 4F0 616 005 D, 4F0 616 005 F, 4F0 616 005 E, 4F0 616 006 A, 4F0 616 005 B, 4F0 616 00 6, 4F0 616 007, P-2984, P-2676, 949-914, 4J4002C, 415.403.958.2, 415.403.410.0, 4154034100, 4154039582","robots":{"index":"index","follow":"follow","max-snippet":"max-snippet:-1","max-image-preview":"max-image-preview:large","max-video-preview":"max-video-preview:-1"},"canonical":"https:\/\/vzduchovetlmice.sk\/cs\/produkty\/vzduchovy-kompresor-podvozku-audi-a6-c6-4f\/","og_locale":"cs_CZ","og_type":"article","og_title":"Vzduchov\u00fd kompresor podvozku Audi A6 C6 4F","og_description":"Nov\u00fd vzduchov\u00fd kompresor podvozku Audi A6 C6 4F (2005-2011) Avant, Allroad, Sedan, Quattro. Pneumatick\u00fd kompresor podvozku je vhodn\u00fd tak\u00e9 pro verzi Audi A6 S6 C6 4F. V\u010detn\u011b teplotn\u00edho \u010didla a filtru. OEM: 4F0616005D, 4F0616005F, 4F0616005E, 4F0616006A, 4F0616005B, 4F0616006, 4F0616007, 4F0 616 005 D, 4F0 616 005 F, 4F0 616 005 E, 4F0 616 006 A, 4F0 616 005 B, 4F0 616 00 6, 4F0 616 007, P-2984, P-2676, 949-914, 4J4002C, 415.403.958.2, 415.403.410.0, 4154034100, 4154039582","og_url":"https:\/\/vzduchovetlmice.sk\/cs\/produkty\/vzduchovy-kompresor-podvozku-audi-a6-c6-4f\/","og_site_name":"VzduchoveTlmice.sk","article_modified_time":"2026-03-16T12:12:25+00:00","og_image":[{"width":1000,"height":1000,"url":"https:\/\/vzduchovetlmice.sk\/wp-content\/uploads\/2025\/05\/Vzduchovy-kompresor-podvozku-Audi-A6-C6-4F-Allroad-4F0616005D-4F0616005F-4F0616005E-4F0616006A-4F0616005B-4F0616006-4F0616007.jpg","type":"image\/jpeg"}],"twitter_card":"summary_large_image","twitter_misc":{"Odhadovan\u00e1 doba \u010dten\u00ed":"1 minuta"},"schema":{"@context":"https:\/\/schema.org","@graph":[{"@type":"WebPage","@id":"https:\/\/vzduchovetlmice.sk\/cs\/produkty\/vzduchovy-kompresor-podvozku-audi-a6-c6-4f\/","url":"https:\/\/vzduchovetlmice.sk\/cs\/produkty\/vzduchovy-kompresor-podvozku-audi-a6-c6-4f\/","name":"Vzduchov\u00fd kompresor podvozku Audi A6 C6 4F","isPartOf":{"@id":"https:\/\/vzduchovetlmice.sk\/#website"},"primaryImageOfPage":{"@id":"https:\/\/vzduchovetlmice.sk\/cs\/produkty\/vzduchovy-kompresor-podvozku-audi-a6-c6-4f\/#primaryimage"},"image":{"@id":"https:\/\/vzduchovetlmice.sk\/cs\/produkty\/vzduchovy-kompresor-podvozku-audi-a6-c6-4f\/#primaryimage"},"thumbnailUrl":"https:\/\/vzduchovetlmice.sk\/wp-content\/uploads\/2025\/05\/Vzduchovy-kompresor-podvozku-Audi-A6-C6-4F-Allroad-4F0616005D-4F0616005F-4F0616005E-4F0616006A-4F0616005B-4F0616006-4F0616007.jpg","datePublished":"2025-05-28T10:57:45+00:00","dateModified":"2026-03-16T12:12:25+00:00","description":"Nov\u00fd vzduchov\u00fd kompresor podvozku Audi A6 C6 4F (2005-2011) Avant, Allroad, Sedan, Quattro. Pneumatick\u00fd kompresor podvozku je vhodn\u00fd tak\u00e9 pro verzi Audi A6 S6 C6 4F. V\u010detn\u011b teplotn\u00edho \u010didla a filtru. OEM: 4F0616005D, 4F0616005F, 4F0616005E, 4F0616006A, 4F0616005B, 4F0616006, 4F0616007, 4F0 616 005 D, 4F0 616 005 F, 4F0 616 005 E, 4F0 616 006 A, 4F0 616 005 B, 4F0 616 00 6, 4F0 616 007, P-2984, P-2676, 949-914, 4J4002C, 415.403.958.2, 415.403.410.0, 4154034100, 4154039582","breadcrumb":{"@id":"https:\/\/vzduchovetlmice.sk\/cs\/produkty\/vzduchovy-kompresor-podvozku-audi-a6-c6-4f\/#breadcrumb"},"inLanguage":"cs","potentialAction":[{"@type":"ReadAction","target":["https:\/\/vzduchovetlmice.sk\/cs\/produkty\/vzduchovy-kompresor-podvozku-audi-a6-c6-4f\/"]}]},{"@type":"ImageObject","inLanguage":"cs","@id":"https:\/\/vzduchovetlmice.sk\/cs\/produkty\/vzduchovy-kompresor-podvozku-audi-a6-c6-4f\/#primaryimage","url":"https:\/\/vzduchovetlmice.sk\/wp-content\/uploads\/2025\/05\/Vzduchovy-kompresor-podvozku-Audi-A6-C6-4F-Allroad-4F0616005D-4F0616005F-4F0616005E-4F0616006A-4F0616005B-4F0616006-4F0616007.jpg","contentUrl":"https:\/\/vzduchovetlmice.sk\/wp-content\/uploads\/2025\/05\/Vzduchovy-kompresor-podvozku-Audi-A6-C6-4F-Allroad-4F0616005D-4F0616005F-4F0616005E-4F0616006A-4F0616005B-4F0616006-4F0616007.jpg","width":1000,"height":1000,"caption":"Vzduchov\u00fd kompresor podvozku Audi A6 C6 4F, Allroad, 4F0616005D, 4F0616005F, 4F0616005E, 4F0616006A, 4F0616005B, 4F0616006, 4F0616007"},{"@type":"BreadcrumbList","@id":"https:\/\/vzduchovetlmice.sk\/cs\/produkty\/vzduchovy-kompresor-podvozku-audi-a6-c6-4f\/#breadcrumb","itemListElement":[{"@type":"ListItem","position":1,"name":"Domovsk\u00e1 str\u00e1nka","item":"https:\/\/vzduchovetlmice.sk\/"},{"@type":"ListItem","position":2,"name":"Obchod","item":"https:\/\/vzduchovetlmice.sk\/obchod\/"},{"@type":"ListItem","position":3,"name":"Vzduchov\u00fd kompresor podvozku Audi A6 C6 4F"}]},{"@type":"WebSite","@id":"https:\/\/vzduchovetlmice.sk\/#website","url":"https:\/\/vzduchovetlmice.sk\/","name":"VzduchoveTlmice.sk","description":"predaj dielov pre vzduchov\u00fd podvozok","potentialAction":[{"@type":"SearchAction","target":{"@type":"EntryPoint","urlTemplate":"https:\/\/vzduchovetlmice.sk\/?s={search_term_string}"},"query-input":{"@type":"PropertyValueSpecification","valueRequired":true,"valueName":"search_term_string"}}],"inLanguage":"cs"}]}},"_links":{"self":[{"href":"https:\/\/vzduchovetlmice.sk\/cs\/wp-json\/wp\/v2\/product\/101194","targetHints":{"allow":["GET"]}}],"collection":[{"href":"https:\/\/vzduchovetlmice.sk\/cs\/wp-json\/wp\/v2\/product"}],"about":[{"href":"https:\/\/vzduchovetlmice.sk\/cs\/wp-json\/wp\/v2\/types\/product"}],"wp:featuredmedia":[{"embeddable":true,"href":"https:\/\/vzduchovetlmice.sk\/cs\/wp-json\/wp\/v2\/media\/101957"}],"wp:attachment":[{"href":"https:\/\/vzduchovetlmice.sk\/cs\/wp-json\/wp\/v2\/media?parent=101194"}],"wp:term":[{"taxonomy":"product_brand","embeddable":true,"href":"https:\/\/vzduchovetlmice.sk\/cs\/wp-json\/wp\/v2\/product_brand?post=101194"},{"taxonomy":"product_cat","embeddable":true,"href":"https:\/\/vzduchovetlmice.sk\/cs\/wp-json\/wp\/v2\/product_cat?post=101194"},{"taxonomy":"product_tag","embeddable":true,"href":"https:\/\/vzduchovetlmice.sk\/cs\/wp-json\/wp\/v2\/product_tag?post=101194"}],"curies":[{"name":"wp","href":"https:\/\/api.w.org\/{rel}","templated":true}]}}