{"id":101206,"date":"2025-05-29T10:50:34","date_gmt":"2025-05-29T10:50:34","guid":{"rendered":"https:\/\/vzduchovetlmice.sk\/?post_type=product&#038;p=101206"},"modified":"2025-10-30T17:04:56","modified_gmt":"2025-10-30T17:04:56","slug":"predni-vzduchovy-mech-audi-a8-d3-4e","status":"publish","type":"product","link":"https:\/\/vzduchovetlmice.sk\/cs\/produkty\/predni-vzduchovy-mech-audi-a8-d3-4e\/","title":{"rendered":"P\u0159edn\u00ed vzduchov\u00fd m\u011bch Audi A8 D3 4E"},"content":{"rendered":"<h3><strong>Dal\u0161\u00ed informace:<\/strong><\/h3>\n<p>Nov\u00fd p\u0159edn\u00ed vzduchov\u00fd m\u011bch Audi A8 D3 4E (2002 \u2013 2010).<\/p>\n<p>Vhodn\u00fd tak\u00e9 pro verzi Audi A8 S8 D3 4E.<\/p>\n<p>V\u010detn\u011b v\u0161ech t\u011bsn\u011bn\u00ed a p\u0159\u00edslu\u0161enstv\u00ed.<\/p>\n<p>Pneumatick\u00fd m\u011bch je stejn\u00fd pro pravou i levou stranu.<\/p>\n<h4><strong>Origin\u00e1ln\u00ed v\u00fdrobn\u00ed \u010d\u00edsla (OEM): <\/strong><\/h4>\n<p>4E0616040AF, 4E0616040AH, 4E0616040T, 4E0616039AF, 4E0616039AH, 4E0616039T, 4E0616040AK, 4E0616040AA, 4E0616039AJ, 4E0616039AK, 4E0616040, 4E0616039, 4E0616040AJ, 4E0616039AP, 4E0616039AA, 4E0 616 040 AF, 4E0 616 040 AH, 4E0 616 040 T, 4E0 616 039 AF, 4E0 616 039 AH, 4E0 616 039 T, 4E0 616 040 AK, 4E0 616 040 AA, 4E0 616 039 AJ, 4E0 616 039 AK, 4E0 616 040, 4E0 616 039, 4E0 616 040 AJ, 4E0 616 039 AP, 4E0 616 039 AA, DAS10017, 28.0200-0001.4, 28.0200-0000.4<\/p>\n","protected":false},"excerpt":{"rendered":"<p><strong>Zna\u010dka: <\/strong>Audi<\/p>\n<p><strong>Model:<\/strong> Audi A8 D3 4E (2002 \u2013 2010), Audi A8 S8 D3 4E (2002 \u2013 2010)<\/p>\n<p><strong>Typ:<\/strong> 2kolka, Quattro<\/p>\n<p><strong>Poloha: <\/strong>P\u0159edn\u00ed n\u00e1prava vpravo\/vlevo<\/p>\n<p><strong>V\u00fdrobce: <\/strong>OEM<\/p>\n<p><strong>Stav:\u00a0<\/strong>Nov\u00e9<\/p>\n<p><strong>Z\u00e1ruka:\u00a0<\/strong>2 roky<\/p>\n<p><strong>Dostupnost:<\/strong>\u00a0<span style=\"color: #00ff00;\"><strong>Skladem<\/strong><\/span><\/p>\n","protected":false},"featured_media":0,"template":"","meta":{"_et_pb_use_builder":"","_et_pb_old_content":"","_et_gb_content_width":""},"product_brand":[46],"product_cat":[510,330],"product_tag":[],"class_list":{"0":"post-101206","1":"product","2":"type-product","3":"status-publish","5":"product_brand-audi","6":"product_cat-a8-d3-4e-2002-2010-cs","7":"product_cat-audi-cs","9":"first","10":"instock","11":"shipping-taxable","12":"purchasable","13":"product-type-simple"},"yoast_head":"<!-- This site is optimized with the Yoast SEO Premium plugin v24.9 (Yoast SEO v27.1.1) - https:\/\/yoast.com\/product\/yoast-seo-premium-wordpress\/ -->\n<title>P\u0159edn\u00ed vzduchov\u00fd m\u011bch Audi A8 D3 4E<\/title>\n<meta name=\"description\" content=\"Nov\u00fd p\u0159edn\u00ed vzduchov\u00fd m\u011bch Audi A8 D3 4E (2002 \u2013 2010).Vhodn\u00fd tak\u00e9 pro verzi Audi A8 S8 D3 4E. V\u010detn\u011b v\u0161ech t\u011bsn\u011bn\u00ed a p\u0159\u00edslu\u0161enstv\u00ed. OEM: 4E0616040AF, 4E0616040AH, 4E0616040T, 4E0616039AF, 4E0616039AH, 4E0616039T, 4E0616040AK, 4E0616040AA, 4E0616039AJ, 4E0616039AK, 4E0616040, 4E0616039, 4E0616040AJ, 4E0616039AP, 4E0616039AA, 4E0 616 040 AF, 4E0 616 040 AH, 4E0 616 040 T, 4E0 616 039 AF, 4E0 616 039 AH, 4E0 616 039 T, 4E0 616 040 AK, 4E0 616 040 AA, 4E0 616 039 AJ, 4E0 616 039 AK, 4E0 616 040, 4E0 616 039, 4E0 616 040 AJ, 4E0 616 039 AP, 4E0 616 039 AA, DAS10017, 28.0200-0001.4, 28.0200-0000.4\" \/>\n<meta name=\"robots\" content=\"index, follow, max-snippet:-1, max-image-preview:large, max-video-preview:-1\" \/>\n<link rel=\"canonical\" href=\"https:\/\/vzduchovetlmice.sk\/cs\/produkty\/predni-vzduchovy-mech-audi-a8-d3-4e\/\" \/>\n<meta property=\"og:locale\" content=\"cs_CZ\" \/>\n<meta property=\"og:type\" content=\"article\" \/>\n<meta property=\"og:title\" content=\"P\u0159edn\u00ed vzduchov\u00fd m\u011bch Audi A8 D3 4E\" \/>\n<meta property=\"og:description\" content=\"Nov\u00fd p\u0159edn\u00ed vzduchov\u00fd m\u011bch Audi A8 D3 4E (2002 \u2013 2010).Vhodn\u00fd tak\u00e9 pro verzi Audi A8 S8 D3 4E. V\u010detn\u011b v\u0161ech t\u011bsn\u011bn\u00ed a p\u0159\u00edslu\u0161enstv\u00ed. OEM: 4E0616040AF, 4E0616040AH, 4E0616040T, 4E0616039AF, 4E0616039AH, 4E0616039T, 4E0616040AK, 4E0616040AA, 4E0616039AJ, 4E0616039AK, 4E0616040, 4E0616039, 4E0616040AJ, 4E0616039AP, 4E0616039AA, 4E0 616 040 AF, 4E0 616 040 AH, 4E0 616 040 T, 4E0 616 039 AF, 4E0 616 039 AH, 4E0 616 039 T, 4E0 616 040 AK, 4E0 616 040 AA, 4E0 616 039 AJ, 4E0 616 039 AK, 4E0 616 040, 4E0 616 039, 4E0 616 040 AJ, 4E0 616 039 AP, 4E0 616 039 AA, DAS10017, 28.0200-0001.4, 28.0200-0000.4\" \/>\n<meta property=\"og:url\" content=\"https:\/\/vzduchovetlmice.sk\/cs\/produkty\/predni-vzduchovy-mech-audi-a8-d3-4e\/\" \/>\n<meta property=\"og:site_name\" content=\"VzduchoveTlmice.sk\" \/>\n<meta property=\"article:modified_time\" content=\"2025-10-30T17:04:56+00:00\" \/>\n<meta name=\"twitter:card\" content=\"summary_large_image\" \/>\n<meta name=\"twitter:label1\" content=\"Odhadovan\u00e1 doba \u010dten\u00ed\" \/>\n\t<meta name=\"twitter:data1\" content=\"1 minuta\" \/>\n<script type=\"application\/ld+json\" class=\"yoast-schema-graph\">{\"@context\":\"https:\/\/schema.org\",\"@graph\":[{\"@type\":\"WebPage\",\"@id\":\"https:\/\/vzduchovetlmice.sk\/cs\/produkty\/predni-vzduchovy-mech-audi-a8-d3-4e\/\",\"url\":\"https:\/\/vzduchovetlmice.sk\/cs\/produkty\/predni-vzduchovy-mech-audi-a8-d3-4e\/\",\"name\":\"P\u0159edn\u00ed vzduchov\u00fd m\u011bch Audi A8 D3 4E\",\"isPartOf\":{\"@id\":\"https:\/\/vzduchovetlmice.sk\/#website\"},\"datePublished\":\"2025-05-29T10:50:34+00:00\",\"dateModified\":\"2025-10-30T17:04:56+00:00\",\"description\":\"Nov\u00fd p\u0159edn\u00ed vzduchov\u00fd m\u011bch Audi A8 D3 4E (2002 \u2013 2010).Vhodn\u00fd tak\u00e9 pro verzi Audi A8 S8 D3 4E. V\u010detn\u011b v\u0161ech t\u011bsn\u011bn\u00ed a p\u0159\u00edslu\u0161enstv\u00ed. OEM: 4E0616040AF, 4E0616040AH, 4E0616040T, 4E0616039AF, 4E0616039AH, 4E0616039T, 4E0616040AK, 4E0616040AA, 4E0616039AJ, 4E0616039AK, 4E0616040, 4E0616039, 4E0616040AJ, 4E0616039AP, 4E0616039AA, 4E0 616 040 AF, 4E0 616 040 AH, 4E0 616 040 T, 4E0 616 039 AF, 4E0 616 039 AH, 4E0 616 039 T, 4E0 616 040 AK, 4E0 616 040 AA, 4E0 616 039 AJ, 4E0 616 039 AK, 4E0 616 040, 4E0 616 039, 4E0 616 040 AJ, 4E0 616 039 AP, 4E0 616 039 AA, DAS10017, 28.0200-0001.4, 28.0200-0000.4\",\"breadcrumb\":{\"@id\":\"https:\/\/vzduchovetlmice.sk\/cs\/produkty\/predni-vzduchovy-mech-audi-a8-d3-4e\/#breadcrumb\"},\"inLanguage\":\"cs\",\"potentialAction\":[{\"@type\":\"ReadAction\",\"target\":[\"https:\/\/vzduchovetlmice.sk\/cs\/produkty\/predni-vzduchovy-mech-audi-a8-d3-4e\/\"]}]},{\"@type\":\"BreadcrumbList\",\"@id\":\"https:\/\/vzduchovetlmice.sk\/cs\/produkty\/predni-vzduchovy-mech-audi-a8-d3-4e\/#breadcrumb\",\"itemListElement\":[{\"@type\":\"ListItem\",\"position\":1,\"name\":\"Domovsk\u00e1 str\u00e1nka\",\"item\":\"https:\/\/vzduchovetlmice.sk\/\"},{\"@type\":\"ListItem\",\"position\":2,\"name\":\"Obchod\",\"item\":\"https:\/\/vzduchovetlmice.sk\/obchod\/\"},{\"@type\":\"ListItem\",\"position\":3,\"name\":\"P\u0159edn\u00ed vzduchov\u00fd m\u011bch Audi A8 D3 4E\"}]},{\"@type\":\"WebSite\",\"@id\":\"https:\/\/vzduchovetlmice.sk\/#website\",\"url\":\"https:\/\/vzduchovetlmice.sk\/\",\"name\":\"VzduchoveTlmice.sk\",\"description\":\"predaj dielov pre vzduchov\u00fd podvozok\",\"potentialAction\":[{\"@type\":\"SearchAction\",\"target\":{\"@type\":\"EntryPoint\",\"urlTemplate\":\"https:\/\/vzduchovetlmice.sk\/?s={search_term_string}\"},\"query-input\":{\"@type\":\"PropertyValueSpecification\",\"valueRequired\":true,\"valueName\":\"search_term_string\"}}],\"inLanguage\":\"cs\"}]}<\/script>\n<!-- \/ Yoast SEO Premium plugin. -->","yoast_head_json":{"title":"P\u0159edn\u00ed vzduchov\u00fd m\u011bch Audi A8 D3 4E","description":"Nov\u00fd p\u0159edn\u00ed vzduchov\u00fd m\u011bch Audi A8 D3 4E (2002 \u2013 2010).Vhodn\u00fd tak\u00e9 pro verzi Audi A8 S8 D3 4E. V\u010detn\u011b v\u0161ech t\u011bsn\u011bn\u00ed a p\u0159\u00edslu\u0161enstv\u00ed. OEM: 4E0616040AF, 4E0616040AH, 4E0616040T, 4E0616039AF, 4E0616039AH, 4E0616039T, 4E0616040AK, 4E0616040AA, 4E0616039AJ, 4E0616039AK, 4E0616040, 4E0616039, 4E0616040AJ, 4E0616039AP, 4E0616039AA, 4E0 616 040 AF, 4E0 616 040 AH, 4E0 616 040 T, 4E0 616 039 AF, 4E0 616 039 AH, 4E0 616 039 T, 4E0 616 040 AK, 4E0 616 040 AA, 4E0 616 039 AJ, 4E0 616 039 AK, 4E0 616 040, 4E0 616 039, 4E0 616 040 AJ, 4E0 616 039 AP, 4E0 616 039 AA, DAS10017, 28.0200-0001.4, 28.0200-0000.4","robots":{"index":"index","follow":"follow","max-snippet":"max-snippet:-1","max-image-preview":"max-image-preview:large","max-video-preview":"max-video-preview:-1"},"canonical":"https:\/\/vzduchovetlmice.sk\/cs\/produkty\/predni-vzduchovy-mech-audi-a8-d3-4e\/","og_locale":"cs_CZ","og_type":"article","og_title":"P\u0159edn\u00ed vzduchov\u00fd m\u011bch Audi A8 D3 4E","og_description":"Nov\u00fd p\u0159edn\u00ed vzduchov\u00fd m\u011bch Audi A8 D3 4E (2002 \u2013 2010).Vhodn\u00fd tak\u00e9 pro verzi Audi A8 S8 D3 4E. V\u010detn\u011b v\u0161ech t\u011bsn\u011bn\u00ed a p\u0159\u00edslu\u0161enstv\u00ed. OEM: 4E0616040AF, 4E0616040AH, 4E0616040T, 4E0616039AF, 4E0616039AH, 4E0616039T, 4E0616040AK, 4E0616040AA, 4E0616039AJ, 4E0616039AK, 4E0616040, 4E0616039, 4E0616040AJ, 4E0616039AP, 4E0616039AA, 4E0 616 040 AF, 4E0 616 040 AH, 4E0 616 040 T, 4E0 616 039 AF, 4E0 616 039 AH, 4E0 616 039 T, 4E0 616 040 AK, 4E0 616 040 AA, 4E0 616 039 AJ, 4E0 616 039 AK, 4E0 616 040, 4E0 616 039, 4E0 616 040 AJ, 4E0 616 039 AP, 4E0 616 039 AA, DAS10017, 28.0200-0001.4, 28.0200-0000.4","og_url":"https:\/\/vzduchovetlmice.sk\/cs\/produkty\/predni-vzduchovy-mech-audi-a8-d3-4e\/","og_site_name":"VzduchoveTlmice.sk","article_modified_time":"2025-10-30T17:04:56+00:00","twitter_card":"summary_large_image","twitter_misc":{"Odhadovan\u00e1 doba \u010dten\u00ed":"1 minuta"},"schema":{"@context":"https:\/\/schema.org","@graph":[{"@type":"WebPage","@id":"https:\/\/vzduchovetlmice.sk\/cs\/produkty\/predni-vzduchovy-mech-audi-a8-d3-4e\/","url":"https:\/\/vzduchovetlmice.sk\/cs\/produkty\/predni-vzduchovy-mech-audi-a8-d3-4e\/","name":"P\u0159edn\u00ed vzduchov\u00fd m\u011bch Audi A8 D3 4E","isPartOf":{"@id":"https:\/\/vzduchovetlmice.sk\/#website"},"datePublished":"2025-05-29T10:50:34+00:00","dateModified":"2025-10-30T17:04:56+00:00","description":"Nov\u00fd p\u0159edn\u00ed vzduchov\u00fd m\u011bch Audi A8 D3 4E (2002 \u2013 2010).Vhodn\u00fd tak\u00e9 pro verzi Audi A8 S8 D3 4E. V\u010detn\u011b v\u0161ech t\u011bsn\u011bn\u00ed a p\u0159\u00edslu\u0161enstv\u00ed. OEM: 4E0616040AF, 4E0616040AH, 4E0616040T, 4E0616039AF, 4E0616039AH, 4E0616039T, 4E0616040AK, 4E0616040AA, 4E0616039AJ, 4E0616039AK, 4E0616040, 4E0616039, 4E0616040AJ, 4E0616039AP, 4E0616039AA, 4E0 616 040 AF, 4E0 616 040 AH, 4E0 616 040 T, 4E0 616 039 AF, 4E0 616 039 AH, 4E0 616 039 T, 4E0 616 040 AK, 4E0 616 040 AA, 4E0 616 039 AJ, 4E0 616 039 AK, 4E0 616 040, 4E0 616 039, 4E0 616 040 AJ, 4E0 616 039 AP, 4E0 616 039 AA, DAS10017, 28.0200-0001.4, 28.0200-0000.4","breadcrumb":{"@id":"https:\/\/vzduchovetlmice.sk\/cs\/produkty\/predni-vzduchovy-mech-audi-a8-d3-4e\/#breadcrumb"},"inLanguage":"cs","potentialAction":[{"@type":"ReadAction","target":["https:\/\/vzduchovetlmice.sk\/cs\/produkty\/predni-vzduchovy-mech-audi-a8-d3-4e\/"]}]},{"@type":"BreadcrumbList","@id":"https:\/\/vzduchovetlmice.sk\/cs\/produkty\/predni-vzduchovy-mech-audi-a8-d3-4e\/#breadcrumb","itemListElement":[{"@type":"ListItem","position":1,"name":"Domovsk\u00e1 str\u00e1nka","item":"https:\/\/vzduchovetlmice.sk\/"},{"@type":"ListItem","position":2,"name":"Obchod","item":"https:\/\/vzduchovetlmice.sk\/obchod\/"},{"@type":"ListItem","position":3,"name":"P\u0159edn\u00ed vzduchov\u00fd m\u011bch Audi A8 D3 4E"}]},{"@type":"WebSite","@id":"https:\/\/vzduchovetlmice.sk\/#website","url":"https:\/\/vzduchovetlmice.sk\/","name":"VzduchoveTlmice.sk","description":"predaj dielov pre vzduchov\u00fd podvozok","potentialAction":[{"@type":"SearchAction","target":{"@type":"EntryPoint","urlTemplate":"https:\/\/vzduchovetlmice.sk\/?s={search_term_string}"},"query-input":{"@type":"PropertyValueSpecification","valueRequired":true,"valueName":"search_term_string"}}],"inLanguage":"cs"}]}},"_links":{"self":[{"href":"https:\/\/vzduchovetlmice.sk\/cs\/wp-json\/wp\/v2\/product\/101206","targetHints":{"allow":["GET"]}}],"collection":[{"href":"https:\/\/vzduchovetlmice.sk\/cs\/wp-json\/wp\/v2\/product"}],"about":[{"href":"https:\/\/vzduchovetlmice.sk\/cs\/wp-json\/wp\/v2\/types\/product"}],"wp:attachment":[{"href":"https:\/\/vzduchovetlmice.sk\/cs\/wp-json\/wp\/v2\/media?parent=101206"}],"wp:term":[{"taxonomy":"product_brand","embeddable":true,"href":"https:\/\/vzduchovetlmice.sk\/cs\/wp-json\/wp\/v2\/product_brand?post=101206"},{"taxonomy":"product_cat","embeddable":true,"href":"https:\/\/vzduchovetlmice.sk\/cs\/wp-json\/wp\/v2\/product_cat?post=101206"},{"taxonomy":"product_tag","embeddable":true,"href":"https:\/\/vzduchovetlmice.sk\/cs\/wp-json\/wp\/v2\/product_tag?post=101206"}],"curies":[{"name":"wp","href":"https:\/\/api.w.org\/{rel}","templated":true}]}}