{"id":101214,"date":"2025-05-29T15:10:40","date_gmt":"2025-05-29T15:10:40","guid":{"rendered":"https:\/\/vzduchovetlmice.sk\/?post_type=product&#038;p=101214"},"modified":"2025-10-30T18:21:57","modified_gmt":"2025-10-30T18:21:57","slug":"zadni-levy-vzduchovy-mech-audi-q7-4m-audi-q8-4m","status":"publish","type":"product","link":"https:\/\/vzduchovetlmice.sk\/cs\/produkty\/zadni-levy-vzduchovy-mech-audi-q7-4m-audi-q8-4m\/","title":{"rendered":"Zadn\u00ed lev\u00fd vzduchov\u00fd m\u011bch Audi Q7 4M, Audi Q8 4M"},"content":{"rendered":"<h3><strong>Dal\u0161\u00ed informace:<\/strong><\/h3>\n<p>Nov\u00fd zadn\u00ed lev\u00fd vzduchov\u00fd m\u011bch Audi Q7 4M (2015-) a Audi Q8 4M (2018-).<\/p>\n<p>Vhodn\u00fd tak\u00e9 pro verzi Audi SQ7 4M a Audi SQ8 4M.<\/p>\n<h4><strong>Origin\u00e1ln\u00ed v\u00fdrobn\u00ed \u010d\u00edsla (OEM): <\/strong><\/h4>\n<p>4M0616001Q, 4M0616001P, 4M0616001AA, 4M0616001AH, 4M0616001AM, 4M0616001AB, 4M0 616 001 Q, 4M0 616 001 P, 4M0 616 001 AA, 4M0 616 001 AH, 4M0 616 001 AM, 4M0 616 001 AB<\/p>\n","protected":false},"excerpt":{"rendered":"<p><strong>Zna\u010dka: <\/strong>Audi<\/p>\n<p><strong>Model:<\/strong> Audi Q7 4M (2015 -), Audi SQ7 4M (2015 -), Audi Q8 4M (2018 -), Audi SQ8 4M (2018 -)<\/p>\n<p><strong>Typ:<\/strong> 2kolka, Quattro<\/p>\n<p><strong>Poloha: <\/strong>Zadn\u00ed n\u00e1prava vlevo<\/p>\n<p><strong>V\u00fdrobce: <\/strong>OEM<\/p>\n<p><strong>Stav:\u00a0<\/strong>Nov\u00e9<\/p>\n<p><strong>Z\u00e1ruka:\u00a0<\/strong>2 roky<\/p>\n<p><strong>Dostupnost:<\/strong>\u00a0<span style=\"color: #00ff00;\"><strong>Skladem<\/strong><\/span><\/p>\n","protected":false},"featured_media":103022,"template":"","meta":{"_et_pb_use_builder":"","_et_pb_old_content":"","_et_gb_content_width":""},"product_brand":[46],"product_cat":[330,507,508],"product_tag":[],"class_list":{"0":"post-101214","1":"product","2":"type-product","3":"status-publish","4":"has-post-thumbnail","6":"product_brand-audi","7":"product_cat-audi-cs","8":"product_cat-q7-4m-2015-2025-cs","9":"product_cat-q8-4m-2018-2025-cs","11":"first","12":"instock","13":"shipping-taxable","14":"purchasable","15":"product-type-simple"},"yoast_head":"<!-- This site is optimized with the Yoast SEO Premium plugin v24.9 (Yoast SEO v27.1.1) - https:\/\/yoast.com\/product\/yoast-seo-premium-wordpress\/ -->\n<title>Zadn\u00ed lev\u00fd vzduchov\u00fd m\u011bch Audi Q7 4M, Audi Q8 4M<\/title>\n<meta name=\"description\" content=\"Nov\u00fd zadn\u00ed lev\u00fd vzduchov\u00fd m\u011bch Audi Q7 4M (2015-) a Audi Q8 4M (2018-). Vhodn\u00fd tak\u00e9 pro verzi Audi SQ7 4M a Audi SQ8 4M.\u00a0OEM: 4M0616001Q, 4M0616001P, 4M0616001AA, 4M0616001AH, 4M0616001AM, 4M0616001AB, 4M0 616 001 Q, 4M0 616 001 P, 4M0 616 001 AA, 4M0 616 001 AH, 4M0 616 001 AM, 4M0 616 001 AB\" \/>\n<meta name=\"robots\" content=\"index, follow, max-snippet:-1, max-image-preview:large, max-video-preview:-1\" \/>\n<link rel=\"canonical\" href=\"https:\/\/vzduchovetlmice.sk\/cs\/produkty\/zadni-levy-vzduchovy-mech-audi-q7-4m-audi-q8-4m\/\" \/>\n<meta property=\"og:locale\" content=\"cs_CZ\" \/>\n<meta property=\"og:type\" content=\"article\" \/>\n<meta property=\"og:title\" content=\"Zadn\u00ed lev\u00fd vzduchov\u00fd m\u011bch Audi Q7 4M, Audi Q8 4M\" \/>\n<meta property=\"og:description\" content=\"Nov\u00fd zadn\u00ed lev\u00fd vzduchov\u00fd m\u011bch Audi Q7 4M (2015-) a Audi Q8 4M (2018-). Vhodn\u00fd tak\u00e9 pro verzi Audi SQ7 4M a Audi SQ8 4M.\u00a0OEM: 4M0616001Q, 4M0616001P, 4M0616001AA, 4M0616001AH, 4M0616001AM, 4M0616001AB, 4M0 616 001 Q, 4M0 616 001 P, 4M0 616 001 AA, 4M0 616 001 AH, 4M0 616 001 AM, 4M0 616 001 AB\" \/>\n<meta property=\"og:url\" content=\"https:\/\/vzduchovetlmice.sk\/cs\/produkty\/zadni-levy-vzduchovy-mech-audi-q7-4m-audi-q8-4m\/\" \/>\n<meta property=\"og:site_name\" content=\"VzduchoveTlmice.sk\" \/>\n<meta property=\"article:modified_time\" content=\"2025-10-30T18:21:57+00:00\" \/>\n<meta property=\"og:image\" content=\"https:\/\/vzduchovetlmice.sk\/wp-content\/uploads\/2025\/05\/Zadny-lavy-vzduchovy-vankus-Audi-Q7-4M-Audi-Q8-4M-4M0616001Q-4M0616001P-4M0616001AA-4M0616001AH-4M0616001AM.jpg\" \/>\n\t<meta property=\"og:image:width\" content=\"1000\" \/>\n\t<meta property=\"og:image:height\" content=\"1000\" \/>\n\t<meta property=\"og:image:type\" content=\"image\/jpeg\" \/>\n<meta name=\"twitter:card\" content=\"summary_large_image\" \/>\n<meta name=\"twitter:label1\" content=\"Odhadovan\u00e1 doba \u010dten\u00ed\" \/>\n\t<meta name=\"twitter:data1\" content=\"1 minuta\" \/>\n<script type=\"application\/ld+json\" class=\"yoast-schema-graph\">{\"@context\":\"https:\/\/schema.org\",\"@graph\":[{\"@type\":\"WebPage\",\"@id\":\"https:\/\/vzduchovetlmice.sk\/cs\/produkty\/zadni-levy-vzduchovy-mech-audi-q7-4m-audi-q8-4m\/\",\"url\":\"https:\/\/vzduchovetlmice.sk\/cs\/produkty\/zadni-levy-vzduchovy-mech-audi-q7-4m-audi-q8-4m\/\",\"name\":\"Zadn\u00ed lev\u00fd vzduchov\u00fd m\u011bch Audi Q7 4M, Audi Q8 4M\",\"isPartOf\":{\"@id\":\"https:\/\/vzduchovetlmice.sk\/#website\"},\"primaryImageOfPage\":{\"@id\":\"https:\/\/vzduchovetlmice.sk\/cs\/produkty\/zadni-levy-vzduchovy-mech-audi-q7-4m-audi-q8-4m\/#primaryimage\"},\"image\":{\"@id\":\"https:\/\/vzduchovetlmice.sk\/cs\/produkty\/zadni-levy-vzduchovy-mech-audi-q7-4m-audi-q8-4m\/#primaryimage\"},\"thumbnailUrl\":\"https:\/\/vzduchovetlmice.sk\/wp-content\/uploads\/2025\/05\/Zadny-lavy-vzduchovy-vankus-Audi-Q7-4M-Audi-Q8-4M-4M0616001Q-4M0616001P-4M0616001AA-4M0616001AH-4M0616001AM.jpg\",\"datePublished\":\"2025-05-29T15:10:40+00:00\",\"dateModified\":\"2025-10-30T18:21:57+00:00\",\"description\":\"Nov\u00fd zadn\u00ed lev\u00fd vzduchov\u00fd m\u011bch Audi Q7 4M (2015-) a Audi Q8 4M (2018-). Vhodn\u00fd tak\u00e9 pro verzi Audi SQ7 4M a Audi SQ8 4M.\u00a0OEM: 4M0616001Q, 4M0616001P, 4M0616001AA, 4M0616001AH, 4M0616001AM, 4M0616001AB, 4M0 616 001 Q, 4M0 616 001 P, 4M0 616 001 AA, 4M0 616 001 AH, 4M0 616 001 AM, 4M0 616 001 AB\",\"breadcrumb\":{\"@id\":\"https:\/\/vzduchovetlmice.sk\/cs\/produkty\/zadni-levy-vzduchovy-mech-audi-q7-4m-audi-q8-4m\/#breadcrumb\"},\"inLanguage\":\"cs\",\"potentialAction\":[{\"@type\":\"ReadAction\",\"target\":[\"https:\/\/vzduchovetlmice.sk\/cs\/produkty\/zadni-levy-vzduchovy-mech-audi-q7-4m-audi-q8-4m\/\"]}]},{\"@type\":\"ImageObject\",\"inLanguage\":\"cs\",\"@id\":\"https:\/\/vzduchovetlmice.sk\/cs\/produkty\/zadni-levy-vzduchovy-mech-audi-q7-4m-audi-q8-4m\/#primaryimage\",\"url\":\"https:\/\/vzduchovetlmice.sk\/wp-content\/uploads\/2025\/05\/Zadny-lavy-vzduchovy-vankus-Audi-Q7-4M-Audi-Q8-4M-4M0616001Q-4M0616001P-4M0616001AA-4M0616001AH-4M0616001AM.jpg\",\"contentUrl\":\"https:\/\/vzduchovetlmice.sk\/wp-content\/uploads\/2025\/05\/Zadny-lavy-vzduchovy-vankus-Audi-Q7-4M-Audi-Q8-4M-4M0616001Q-4M0616001P-4M0616001AA-4M0616001AH-4M0616001AM.jpg\",\"width\":1000,\"height\":1000,\"caption\":\"Zadn\u00fd \u013eav\u00fd vzduchov\u00fd vank\u00fa\u0161 Audi Q7 4M, Audi Q8 4M, 4M0616001Q, 4M0616001P, 4M0616001AA, 4M0616001AH, 4M0616001AM\"},{\"@type\":\"BreadcrumbList\",\"@id\":\"https:\/\/vzduchovetlmice.sk\/cs\/produkty\/zadni-levy-vzduchovy-mech-audi-q7-4m-audi-q8-4m\/#breadcrumb\",\"itemListElement\":[{\"@type\":\"ListItem\",\"position\":1,\"name\":\"Domovsk\u00e1 str\u00e1nka\",\"item\":\"https:\/\/vzduchovetlmice.sk\/\"},{\"@type\":\"ListItem\",\"position\":2,\"name\":\"Obchod\",\"item\":\"https:\/\/vzduchovetlmice.sk\/obchod\/\"},{\"@type\":\"ListItem\",\"position\":3,\"name\":\"Zadn\u00ed lev\u00fd vzduchov\u00fd m\u011bch Audi Q7 4M, Audi Q8 4M\"}]},{\"@type\":\"WebSite\",\"@id\":\"https:\/\/vzduchovetlmice.sk\/#website\",\"url\":\"https:\/\/vzduchovetlmice.sk\/\",\"name\":\"VzduchoveTlmice.sk\",\"description\":\"predaj dielov pre vzduchov\u00fd podvozok\",\"potentialAction\":[{\"@type\":\"SearchAction\",\"target\":{\"@type\":\"EntryPoint\",\"urlTemplate\":\"https:\/\/vzduchovetlmice.sk\/?s={search_term_string}\"},\"query-input\":{\"@type\":\"PropertyValueSpecification\",\"valueRequired\":true,\"valueName\":\"search_term_string\"}}],\"inLanguage\":\"cs\"}]}<\/script>\n<!-- \/ Yoast SEO Premium plugin. -->","yoast_head_json":{"title":"Zadn\u00ed lev\u00fd vzduchov\u00fd m\u011bch Audi Q7 4M, Audi Q8 4M","description":"Nov\u00fd zadn\u00ed lev\u00fd vzduchov\u00fd m\u011bch Audi Q7 4M (2015-) a Audi Q8 4M (2018-). Vhodn\u00fd tak\u00e9 pro verzi Audi SQ7 4M a Audi SQ8 4M.\u00a0OEM: 4M0616001Q, 4M0616001P, 4M0616001AA, 4M0616001AH, 4M0616001AM, 4M0616001AB, 4M0 616 001 Q, 4M0 616 001 P, 4M0 616 001 AA, 4M0 616 001 AH, 4M0 616 001 AM, 4M0 616 001 AB","robots":{"index":"index","follow":"follow","max-snippet":"max-snippet:-1","max-image-preview":"max-image-preview:large","max-video-preview":"max-video-preview:-1"},"canonical":"https:\/\/vzduchovetlmice.sk\/cs\/produkty\/zadni-levy-vzduchovy-mech-audi-q7-4m-audi-q8-4m\/","og_locale":"cs_CZ","og_type":"article","og_title":"Zadn\u00ed lev\u00fd vzduchov\u00fd m\u011bch Audi Q7 4M, Audi Q8 4M","og_description":"Nov\u00fd zadn\u00ed lev\u00fd vzduchov\u00fd m\u011bch Audi Q7 4M (2015-) a Audi Q8 4M (2018-). Vhodn\u00fd tak\u00e9 pro verzi Audi SQ7 4M a Audi SQ8 4M.\u00a0OEM: 4M0616001Q, 4M0616001P, 4M0616001AA, 4M0616001AH, 4M0616001AM, 4M0616001AB, 4M0 616 001 Q, 4M0 616 001 P, 4M0 616 001 AA, 4M0 616 001 AH, 4M0 616 001 AM, 4M0 616 001 AB","og_url":"https:\/\/vzduchovetlmice.sk\/cs\/produkty\/zadni-levy-vzduchovy-mech-audi-q7-4m-audi-q8-4m\/","og_site_name":"VzduchoveTlmice.sk","article_modified_time":"2025-10-30T18:21:57+00:00","og_image":[{"width":1000,"height":1000,"url":"https:\/\/vzduchovetlmice.sk\/wp-content\/uploads\/2025\/05\/Zadny-lavy-vzduchovy-vankus-Audi-Q7-4M-Audi-Q8-4M-4M0616001Q-4M0616001P-4M0616001AA-4M0616001AH-4M0616001AM.jpg","type":"image\/jpeg"}],"twitter_card":"summary_large_image","twitter_misc":{"Odhadovan\u00e1 doba \u010dten\u00ed":"1 minuta"},"schema":{"@context":"https:\/\/schema.org","@graph":[{"@type":"WebPage","@id":"https:\/\/vzduchovetlmice.sk\/cs\/produkty\/zadni-levy-vzduchovy-mech-audi-q7-4m-audi-q8-4m\/","url":"https:\/\/vzduchovetlmice.sk\/cs\/produkty\/zadni-levy-vzduchovy-mech-audi-q7-4m-audi-q8-4m\/","name":"Zadn\u00ed lev\u00fd vzduchov\u00fd m\u011bch Audi Q7 4M, Audi Q8 4M","isPartOf":{"@id":"https:\/\/vzduchovetlmice.sk\/#website"},"primaryImageOfPage":{"@id":"https:\/\/vzduchovetlmice.sk\/cs\/produkty\/zadni-levy-vzduchovy-mech-audi-q7-4m-audi-q8-4m\/#primaryimage"},"image":{"@id":"https:\/\/vzduchovetlmice.sk\/cs\/produkty\/zadni-levy-vzduchovy-mech-audi-q7-4m-audi-q8-4m\/#primaryimage"},"thumbnailUrl":"https:\/\/vzduchovetlmice.sk\/wp-content\/uploads\/2025\/05\/Zadny-lavy-vzduchovy-vankus-Audi-Q7-4M-Audi-Q8-4M-4M0616001Q-4M0616001P-4M0616001AA-4M0616001AH-4M0616001AM.jpg","datePublished":"2025-05-29T15:10:40+00:00","dateModified":"2025-10-30T18:21:57+00:00","description":"Nov\u00fd zadn\u00ed lev\u00fd vzduchov\u00fd m\u011bch Audi Q7 4M (2015-) a Audi Q8 4M (2018-). Vhodn\u00fd tak\u00e9 pro verzi Audi SQ7 4M a Audi SQ8 4M.\u00a0OEM: 4M0616001Q, 4M0616001P, 4M0616001AA, 4M0616001AH, 4M0616001AM, 4M0616001AB, 4M0 616 001 Q, 4M0 616 001 P, 4M0 616 001 AA, 4M0 616 001 AH, 4M0 616 001 AM, 4M0 616 001 AB","breadcrumb":{"@id":"https:\/\/vzduchovetlmice.sk\/cs\/produkty\/zadni-levy-vzduchovy-mech-audi-q7-4m-audi-q8-4m\/#breadcrumb"},"inLanguage":"cs","potentialAction":[{"@type":"ReadAction","target":["https:\/\/vzduchovetlmice.sk\/cs\/produkty\/zadni-levy-vzduchovy-mech-audi-q7-4m-audi-q8-4m\/"]}]},{"@type":"ImageObject","inLanguage":"cs","@id":"https:\/\/vzduchovetlmice.sk\/cs\/produkty\/zadni-levy-vzduchovy-mech-audi-q7-4m-audi-q8-4m\/#primaryimage","url":"https:\/\/vzduchovetlmice.sk\/wp-content\/uploads\/2025\/05\/Zadny-lavy-vzduchovy-vankus-Audi-Q7-4M-Audi-Q8-4M-4M0616001Q-4M0616001P-4M0616001AA-4M0616001AH-4M0616001AM.jpg","contentUrl":"https:\/\/vzduchovetlmice.sk\/wp-content\/uploads\/2025\/05\/Zadny-lavy-vzduchovy-vankus-Audi-Q7-4M-Audi-Q8-4M-4M0616001Q-4M0616001P-4M0616001AA-4M0616001AH-4M0616001AM.jpg","width":1000,"height":1000,"caption":"Zadn\u00fd \u013eav\u00fd vzduchov\u00fd vank\u00fa\u0161 Audi Q7 4M, Audi Q8 4M, 4M0616001Q, 4M0616001P, 4M0616001AA, 4M0616001AH, 4M0616001AM"},{"@type":"BreadcrumbList","@id":"https:\/\/vzduchovetlmice.sk\/cs\/produkty\/zadni-levy-vzduchovy-mech-audi-q7-4m-audi-q8-4m\/#breadcrumb","itemListElement":[{"@type":"ListItem","position":1,"name":"Domovsk\u00e1 str\u00e1nka","item":"https:\/\/vzduchovetlmice.sk\/"},{"@type":"ListItem","position":2,"name":"Obchod","item":"https:\/\/vzduchovetlmice.sk\/obchod\/"},{"@type":"ListItem","position":3,"name":"Zadn\u00ed lev\u00fd vzduchov\u00fd m\u011bch Audi Q7 4M, Audi Q8 4M"}]},{"@type":"WebSite","@id":"https:\/\/vzduchovetlmice.sk\/#website","url":"https:\/\/vzduchovetlmice.sk\/","name":"VzduchoveTlmice.sk","description":"predaj dielov pre vzduchov\u00fd podvozok","potentialAction":[{"@type":"SearchAction","target":{"@type":"EntryPoint","urlTemplate":"https:\/\/vzduchovetlmice.sk\/?s={search_term_string}"},"query-input":{"@type":"PropertyValueSpecification","valueRequired":true,"valueName":"search_term_string"}}],"inLanguage":"cs"}]}},"_links":{"self":[{"href":"https:\/\/vzduchovetlmice.sk\/cs\/wp-json\/wp\/v2\/product\/101214","targetHints":{"allow":["GET"]}}],"collection":[{"href":"https:\/\/vzduchovetlmice.sk\/cs\/wp-json\/wp\/v2\/product"}],"about":[{"href":"https:\/\/vzduchovetlmice.sk\/cs\/wp-json\/wp\/v2\/types\/product"}],"wp:featuredmedia":[{"embeddable":true,"href":"https:\/\/vzduchovetlmice.sk\/cs\/wp-json\/wp\/v2\/media\/103022"}],"wp:attachment":[{"href":"https:\/\/vzduchovetlmice.sk\/cs\/wp-json\/wp\/v2\/media?parent=101214"}],"wp:term":[{"taxonomy":"product_brand","embeddable":true,"href":"https:\/\/vzduchovetlmice.sk\/cs\/wp-json\/wp\/v2\/product_brand?post=101214"},{"taxonomy":"product_cat","embeddable":true,"href":"https:\/\/vzduchovetlmice.sk\/cs\/wp-json\/wp\/v2\/product_cat?post=101214"},{"taxonomy":"product_tag","embeddable":true,"href":"https:\/\/vzduchovetlmice.sk\/cs\/wp-json\/wp\/v2\/product_tag?post=101214"}],"curies":[{"name":"wp","href":"https:\/\/api.w.org\/{rel}","templated":true}]}}