{"id":101220,"date":"2025-05-29T15:41:08","date_gmt":"2025-05-29T15:41:08","guid":{"rendered":"https:\/\/vzduchovetlmice.sk\/?post_type=product&#038;p=101220"},"modified":"2026-01-14T16:40:21","modified_gmt":"2026-01-14T16:40:21","slug":"predni-vzduchovy-tlumic-audi-q7-4m-audi-q8-4m-original-audi","status":"publish","type":"product","link":"https:\/\/vzduchovetlmice.sk\/cs\/produkty\/predni-vzduchovy-tlumic-audi-q7-4m-audi-q8-4m-original-audi\/","title":{"rendered":"P\u0159edn\u00ed vzduchov\u00fd tlumi\u010d Audi Q7 4M, Audi Q8 4M \u2013 Origin\u00e1l Audi"},"content":{"rendered":"<h3><strong>Dal\u0161\u00ed informace:<\/strong><\/h3>\n<p>Nov\u00fd p\u0159edn\u00ed vzduchov\u00fd tlumi\u010d Audi Q7 4M (2015-) a Audi Q8 4M (2018-).<\/p>\n<p>Jedn\u00e1 se o origin\u00e1ln\u00ed tlumi\u010d od Audi (Vibracoustic &#8211; prvov\u00fdroba).<\/p>\n<p>Vhodn\u00fd tak\u00e9 pro verzi Audi SQ7 4M (2015-), Audi SQ8 4M (2018-).<\/p>\n<p>Tlumi\u010d je stejn\u00fd pro pravou i levou stranu.<\/p>\n<h4><strong>Origin\u00e1ln\u00ed v\u00fdrobn\u00ed \u010d\u00edsla (OEM): <\/strong><\/h4>\n<p>4M0616039, 4M0616039AD, 4M0616039AC, 4M0616039AE, 4M0616039BF, 4M0616039AT, 4M0616039BD, 4M0616039BB, 4M0616040AD, 4M0616040AC, 4M0 616 039 AD, 4M0 616 039 AC, 4M0 616 039 AE, 4M0 616039 BF, 4M0 616 039 AT, 4M0 616 039 BD, 4M0 616 039 BB, 4M0 616 040 AD, 4M0 616 040 AC, 4M0 616 039<\/p>\n","protected":false},"excerpt":{"rendered":"<p><strong>Zna\u010dka: <\/strong>Audi<\/p>\n<p><strong>Model:<\/strong> Audi Q7 4M (2015 -), Audi SQ7 4M (2015 -), Audi Q8 4M (2018 -), Audi SQ8 4M (2018 -)<\/p>\n<p><strong>Poloha: <\/strong>p\u0159edn\u00ed n\u00e1prava vpravo\/vlevo<\/p>\n<p><strong>V\u00fdrobce: <\/strong>Vibracoustic &#8211; Made in Germany<\/p>\n<p><strong>Stav: <\/strong>Nov\u00e9<\/p>\n<p><strong>Z\u00e1ruka: <\/strong>2 roky<\/p>\n<p><strong>Dostupnost:<\/strong> <span style=\"color: #00ff00;\"><strong>Skladem<\/strong><\/span><\/p>\n","protected":false},"featured_media":103028,"template":"","meta":{"_et_pb_use_builder":"","_et_pb_old_content":"","_et_gb_content_width":""},"product_brand":[46],"product_cat":[330,507,508],"product_tag":[],"class_list":{"0":"post-101220","1":"product","2":"type-product","3":"status-publish","4":"has-post-thumbnail","6":"product_brand-audi","7":"product_cat-audi-cs","8":"product_cat-q7-4m-2015-2025-cs","9":"product_cat-q8-4m-2018-2025-cs","11":"first","12":"instock","13":"shipping-taxable","14":"purchasable","15":"product-type-simple"},"yoast_head":"<!-- This site is optimized with the Yoast SEO Premium plugin v24.9 (Yoast SEO v27.1.1) - https:\/\/yoast.com\/product\/yoast-seo-premium-wordpress\/ -->\n<title>P\u0159edn\u00ed vzduchov\u00fd tlumi\u010d Audi Q7 4M, Audi Q8 4M \u2013 Origin\u00e1l Audi<\/title>\n<meta name=\"description\" content=\"Nov\u00fd p\u0159edn\u00ed vzduchov\u00fd tlumi\u010d Audi Q7 4M (2015-) a Audi Q8 4M (2018-). Jedn\u00e1 se o origin\u00e1ln\u00ed tlumi\u010d od Audi (Vibracoustic - prvov\u00fdroba).\u00a0Vhodn\u00fd tak\u00e9 pro verzi Audi SQ7 4M (2015-), Audi SQ8 4M (2018-). OEM: 4M0616039, 4M0616039AD, 4M0616039AC, 4M0616039AE, 4M0616039BF, 4M0616039AT, 4M0616039BD, 4M0616039BB, 4M0616040AD, 4M0616040AC, 4M0 616 039 AD, 4M0 616 039 AC, 4M0 616 039 AE, 4M0 616039 BF, 4M0 616 039 AT, 4M0 616 039 BD, 4M0 616 039 BB, 4M0 616 040 AD, 4M0 616 040 AC, 4M0 616 039\" \/>\n<meta name=\"robots\" content=\"index, follow, max-snippet:-1, max-image-preview:large, max-video-preview:-1\" \/>\n<link rel=\"canonical\" href=\"https:\/\/vzduchovetlmice.sk\/cs\/produkty\/predni-vzduchovy-tlumic-audi-q7-4m-audi-q8-4m-original-audi\/\" \/>\n<meta property=\"og:locale\" content=\"cs_CZ\" \/>\n<meta property=\"og:type\" content=\"article\" \/>\n<meta property=\"og:title\" content=\"P\u0159edn\u00ed vzduchov\u00fd tlumi\u010d Audi Q7 4M, Audi Q8 4M \u2013 Origin\u00e1l Audi\" \/>\n<meta property=\"og:description\" content=\"Nov\u00fd p\u0159edn\u00ed vzduchov\u00fd tlumi\u010d Audi Q7 4M (2015-) a Audi Q8 4M (2018-). Jedn\u00e1 se o origin\u00e1ln\u00ed tlumi\u010d od Audi (Vibracoustic - prvov\u00fdroba).\u00a0Vhodn\u00fd tak\u00e9 pro verzi Audi SQ7 4M (2015-), Audi SQ8 4M (2018-). OEM: 4M0616039, 4M0616039AD, 4M0616039AC, 4M0616039AE, 4M0616039BF, 4M0616039AT, 4M0616039BD, 4M0616039BB, 4M0616040AD, 4M0616040AC, 4M0 616 039 AD, 4M0 616 039 AC, 4M0 616 039 AE, 4M0 616039 BF, 4M0 616 039 AT, 4M0 616 039 BD, 4M0 616 039 BB, 4M0 616 040 AD, 4M0 616 040 AC, 4M0 616 039\" \/>\n<meta property=\"og:url\" content=\"https:\/\/vzduchovetlmice.sk\/cs\/produkty\/predni-vzduchovy-tlumic-audi-q7-4m-audi-q8-4m-original-audi\/\" \/>\n<meta property=\"og:site_name\" content=\"VzduchoveTlmice.sk\" \/>\n<meta property=\"article:modified_time\" content=\"2026-01-14T16:40:21+00:00\" \/>\n<meta property=\"og:image\" content=\"https:\/\/vzduchovetlmice.sk\/wp-content\/uploads\/2025\/05\/Predny-vzduchovy-tlmic-Audi-Q7-4M-Audi-Q8-4M-\u2013-Original-Audi-4M0616039AD-4M0616039AC-4M0616039AE-4M0616039BF-4M0616039AT.jpg\" \/>\n\t<meta property=\"og:image:width\" content=\"1000\" \/>\n\t<meta property=\"og:image:height\" content=\"1000\" \/>\n\t<meta property=\"og:image:type\" content=\"image\/jpeg\" \/>\n<meta name=\"twitter:card\" content=\"summary_large_image\" \/>\n<meta name=\"twitter:label1\" content=\"Odhadovan\u00e1 doba \u010dten\u00ed\" \/>\n\t<meta name=\"twitter:data1\" content=\"1 minuta\" \/>\n<script type=\"application\/ld+json\" class=\"yoast-schema-graph\">{\"@context\":\"https:\/\/schema.org\",\"@graph\":[{\"@type\":\"WebPage\",\"@id\":\"https:\/\/vzduchovetlmice.sk\/cs\/produkty\/predni-vzduchovy-tlumic-audi-q7-4m-audi-q8-4m-original-audi\/\",\"url\":\"https:\/\/vzduchovetlmice.sk\/cs\/produkty\/predni-vzduchovy-tlumic-audi-q7-4m-audi-q8-4m-original-audi\/\",\"name\":\"P\u0159edn\u00ed vzduchov\u00fd tlumi\u010d Audi Q7 4M, Audi Q8 4M \u2013 Origin\u00e1l Audi\",\"isPartOf\":{\"@id\":\"https:\/\/vzduchovetlmice.sk\/#website\"},\"primaryImageOfPage\":{\"@id\":\"https:\/\/vzduchovetlmice.sk\/cs\/produkty\/predni-vzduchovy-tlumic-audi-q7-4m-audi-q8-4m-original-audi\/#primaryimage\"},\"image\":{\"@id\":\"https:\/\/vzduchovetlmice.sk\/cs\/produkty\/predni-vzduchovy-tlumic-audi-q7-4m-audi-q8-4m-original-audi\/#primaryimage\"},\"thumbnailUrl\":\"https:\/\/vzduchovetlmice.sk\/wp-content\/uploads\/2025\/05\/Predny-vzduchovy-tlmic-Audi-Q7-4M-Audi-Q8-4M-\u2013-Original-Audi-4M0616039AD-4M0616039AC-4M0616039AE-4M0616039BF-4M0616039AT.jpg\",\"datePublished\":\"2025-05-29T15:41:08+00:00\",\"dateModified\":\"2026-01-14T16:40:21+00:00\",\"description\":\"Nov\u00fd p\u0159edn\u00ed vzduchov\u00fd tlumi\u010d Audi Q7 4M (2015-) a Audi Q8 4M (2018-). Jedn\u00e1 se o origin\u00e1ln\u00ed tlumi\u010d od Audi (Vibracoustic - prvov\u00fdroba).\u00a0Vhodn\u00fd tak\u00e9 pro verzi Audi SQ7 4M (2015-), Audi SQ8 4M (2018-). OEM: 4M0616039, 4M0616039AD, 4M0616039AC, 4M0616039AE, 4M0616039BF, 4M0616039AT, 4M0616039BD, 4M0616039BB, 4M0616040AD, 4M0616040AC, 4M0 616 039 AD, 4M0 616 039 AC, 4M0 616 039 AE, 4M0 616039 BF, 4M0 616 039 AT, 4M0 616 039 BD, 4M0 616 039 BB, 4M0 616 040 AD, 4M0 616 040 AC, 4M0 616 039\",\"breadcrumb\":{\"@id\":\"https:\/\/vzduchovetlmice.sk\/cs\/produkty\/predni-vzduchovy-tlumic-audi-q7-4m-audi-q8-4m-original-audi\/#breadcrumb\"},\"inLanguage\":\"cs\",\"potentialAction\":[{\"@type\":\"ReadAction\",\"target\":[\"https:\/\/vzduchovetlmice.sk\/cs\/produkty\/predni-vzduchovy-tlumic-audi-q7-4m-audi-q8-4m-original-audi\/\"]}]},{\"@type\":\"ImageObject\",\"inLanguage\":\"cs\",\"@id\":\"https:\/\/vzduchovetlmice.sk\/cs\/produkty\/predni-vzduchovy-tlumic-audi-q7-4m-audi-q8-4m-original-audi\/#primaryimage\",\"url\":\"https:\/\/vzduchovetlmice.sk\/wp-content\/uploads\/2025\/05\/Predny-vzduchovy-tlmic-Audi-Q7-4M-Audi-Q8-4M-\u2013-Original-Audi-4M0616039AD-4M0616039AC-4M0616039AE-4M0616039BF-4M0616039AT.jpg\",\"contentUrl\":\"https:\/\/vzduchovetlmice.sk\/wp-content\/uploads\/2025\/05\/Predny-vzduchovy-tlmic-Audi-Q7-4M-Audi-Q8-4M-\u2013-Original-Audi-4M0616039AD-4M0616039AC-4M0616039AE-4M0616039BF-4M0616039AT.jpg\",\"width\":1000,\"height\":1000,\"caption\":\"Predn\u00fd vzduchov\u00fd tlmi\u010d Audi Q7 4M, Audi Q8 4M \u2013 Origin\u00e1l Audi, 4M0616039AD, 4M0616039AC, 4M0616039AE, 4M0616039BF, 4M0616039AT\"},{\"@type\":\"BreadcrumbList\",\"@id\":\"https:\/\/vzduchovetlmice.sk\/cs\/produkty\/predni-vzduchovy-tlumic-audi-q7-4m-audi-q8-4m-original-audi\/#breadcrumb\",\"itemListElement\":[{\"@type\":\"ListItem\",\"position\":1,\"name\":\"Domovsk\u00e1 str\u00e1nka\",\"item\":\"https:\/\/vzduchovetlmice.sk\/\"},{\"@type\":\"ListItem\",\"position\":2,\"name\":\"Obchod\",\"item\":\"https:\/\/vzduchovetlmice.sk\/obchod\/\"},{\"@type\":\"ListItem\",\"position\":3,\"name\":\"P\u0159edn\u00ed vzduchov\u00fd tlumi\u010d Audi Q7 4M, Audi Q8 4M \u2013 Origin\u00e1l Audi\"}]},{\"@type\":\"WebSite\",\"@id\":\"https:\/\/vzduchovetlmice.sk\/#website\",\"url\":\"https:\/\/vzduchovetlmice.sk\/\",\"name\":\"VzduchoveTlmice.sk\",\"description\":\"predaj dielov pre vzduchov\u00fd podvozok\",\"potentialAction\":[{\"@type\":\"SearchAction\",\"target\":{\"@type\":\"EntryPoint\",\"urlTemplate\":\"https:\/\/vzduchovetlmice.sk\/?s={search_term_string}\"},\"query-input\":{\"@type\":\"PropertyValueSpecification\",\"valueRequired\":true,\"valueName\":\"search_term_string\"}}],\"inLanguage\":\"cs\"}]}<\/script>\n<!-- \/ Yoast SEO Premium plugin. -->","yoast_head_json":{"title":"P\u0159edn\u00ed vzduchov\u00fd tlumi\u010d Audi Q7 4M, Audi Q8 4M \u2013 Origin\u00e1l Audi","description":"Nov\u00fd p\u0159edn\u00ed vzduchov\u00fd tlumi\u010d Audi Q7 4M (2015-) a Audi Q8 4M (2018-). Jedn\u00e1 se o origin\u00e1ln\u00ed tlumi\u010d od Audi (Vibracoustic - prvov\u00fdroba).\u00a0Vhodn\u00fd tak\u00e9 pro verzi Audi SQ7 4M (2015-), Audi SQ8 4M (2018-). OEM: 4M0616039, 4M0616039AD, 4M0616039AC, 4M0616039AE, 4M0616039BF, 4M0616039AT, 4M0616039BD, 4M0616039BB, 4M0616040AD, 4M0616040AC, 4M0 616 039 AD, 4M0 616 039 AC, 4M0 616 039 AE, 4M0 616039 BF, 4M0 616 039 AT, 4M0 616 039 BD, 4M0 616 039 BB, 4M0 616 040 AD, 4M0 616 040 AC, 4M0 616 039","robots":{"index":"index","follow":"follow","max-snippet":"max-snippet:-1","max-image-preview":"max-image-preview:large","max-video-preview":"max-video-preview:-1"},"canonical":"https:\/\/vzduchovetlmice.sk\/cs\/produkty\/predni-vzduchovy-tlumic-audi-q7-4m-audi-q8-4m-original-audi\/","og_locale":"cs_CZ","og_type":"article","og_title":"P\u0159edn\u00ed vzduchov\u00fd tlumi\u010d Audi Q7 4M, Audi Q8 4M \u2013 Origin\u00e1l Audi","og_description":"Nov\u00fd p\u0159edn\u00ed vzduchov\u00fd tlumi\u010d Audi Q7 4M (2015-) a Audi Q8 4M (2018-). Jedn\u00e1 se o origin\u00e1ln\u00ed tlumi\u010d od Audi (Vibracoustic - prvov\u00fdroba).\u00a0Vhodn\u00fd tak\u00e9 pro verzi Audi SQ7 4M (2015-), Audi SQ8 4M (2018-). OEM: 4M0616039, 4M0616039AD, 4M0616039AC, 4M0616039AE, 4M0616039BF, 4M0616039AT, 4M0616039BD, 4M0616039BB, 4M0616040AD, 4M0616040AC, 4M0 616 039 AD, 4M0 616 039 AC, 4M0 616 039 AE, 4M0 616039 BF, 4M0 616 039 AT, 4M0 616 039 BD, 4M0 616 039 BB, 4M0 616 040 AD, 4M0 616 040 AC, 4M0 616 039","og_url":"https:\/\/vzduchovetlmice.sk\/cs\/produkty\/predni-vzduchovy-tlumic-audi-q7-4m-audi-q8-4m-original-audi\/","og_site_name":"VzduchoveTlmice.sk","article_modified_time":"2026-01-14T16:40:21+00:00","og_image":[{"width":1000,"height":1000,"url":"https:\/\/vzduchovetlmice.sk\/wp-content\/uploads\/2025\/05\/Predny-vzduchovy-tlmic-Audi-Q7-4M-Audi-Q8-4M-\u2013-Original-Audi-4M0616039AD-4M0616039AC-4M0616039AE-4M0616039BF-4M0616039AT.jpg","type":"image\/jpeg"}],"twitter_card":"summary_large_image","twitter_misc":{"Odhadovan\u00e1 doba \u010dten\u00ed":"1 minuta"},"schema":{"@context":"https:\/\/schema.org","@graph":[{"@type":"WebPage","@id":"https:\/\/vzduchovetlmice.sk\/cs\/produkty\/predni-vzduchovy-tlumic-audi-q7-4m-audi-q8-4m-original-audi\/","url":"https:\/\/vzduchovetlmice.sk\/cs\/produkty\/predni-vzduchovy-tlumic-audi-q7-4m-audi-q8-4m-original-audi\/","name":"P\u0159edn\u00ed vzduchov\u00fd tlumi\u010d Audi Q7 4M, Audi Q8 4M \u2013 Origin\u00e1l Audi","isPartOf":{"@id":"https:\/\/vzduchovetlmice.sk\/#website"},"primaryImageOfPage":{"@id":"https:\/\/vzduchovetlmice.sk\/cs\/produkty\/predni-vzduchovy-tlumic-audi-q7-4m-audi-q8-4m-original-audi\/#primaryimage"},"image":{"@id":"https:\/\/vzduchovetlmice.sk\/cs\/produkty\/predni-vzduchovy-tlumic-audi-q7-4m-audi-q8-4m-original-audi\/#primaryimage"},"thumbnailUrl":"https:\/\/vzduchovetlmice.sk\/wp-content\/uploads\/2025\/05\/Predny-vzduchovy-tlmic-Audi-Q7-4M-Audi-Q8-4M-\u2013-Original-Audi-4M0616039AD-4M0616039AC-4M0616039AE-4M0616039BF-4M0616039AT.jpg","datePublished":"2025-05-29T15:41:08+00:00","dateModified":"2026-01-14T16:40:21+00:00","description":"Nov\u00fd p\u0159edn\u00ed vzduchov\u00fd tlumi\u010d Audi Q7 4M (2015-) a Audi Q8 4M (2018-). Jedn\u00e1 se o origin\u00e1ln\u00ed tlumi\u010d od Audi (Vibracoustic - prvov\u00fdroba).\u00a0Vhodn\u00fd tak\u00e9 pro verzi Audi SQ7 4M (2015-), Audi SQ8 4M (2018-). OEM: 4M0616039, 4M0616039AD, 4M0616039AC, 4M0616039AE, 4M0616039BF, 4M0616039AT, 4M0616039BD, 4M0616039BB, 4M0616040AD, 4M0616040AC, 4M0 616 039 AD, 4M0 616 039 AC, 4M0 616 039 AE, 4M0 616039 BF, 4M0 616 039 AT, 4M0 616 039 BD, 4M0 616 039 BB, 4M0 616 040 AD, 4M0 616 040 AC, 4M0 616 039","breadcrumb":{"@id":"https:\/\/vzduchovetlmice.sk\/cs\/produkty\/predni-vzduchovy-tlumic-audi-q7-4m-audi-q8-4m-original-audi\/#breadcrumb"},"inLanguage":"cs","potentialAction":[{"@type":"ReadAction","target":["https:\/\/vzduchovetlmice.sk\/cs\/produkty\/predni-vzduchovy-tlumic-audi-q7-4m-audi-q8-4m-original-audi\/"]}]},{"@type":"ImageObject","inLanguage":"cs","@id":"https:\/\/vzduchovetlmice.sk\/cs\/produkty\/predni-vzduchovy-tlumic-audi-q7-4m-audi-q8-4m-original-audi\/#primaryimage","url":"https:\/\/vzduchovetlmice.sk\/wp-content\/uploads\/2025\/05\/Predny-vzduchovy-tlmic-Audi-Q7-4M-Audi-Q8-4M-\u2013-Original-Audi-4M0616039AD-4M0616039AC-4M0616039AE-4M0616039BF-4M0616039AT.jpg","contentUrl":"https:\/\/vzduchovetlmice.sk\/wp-content\/uploads\/2025\/05\/Predny-vzduchovy-tlmic-Audi-Q7-4M-Audi-Q8-4M-\u2013-Original-Audi-4M0616039AD-4M0616039AC-4M0616039AE-4M0616039BF-4M0616039AT.jpg","width":1000,"height":1000,"caption":"Predn\u00fd vzduchov\u00fd tlmi\u010d Audi Q7 4M, Audi Q8 4M \u2013 Origin\u00e1l Audi, 4M0616039AD, 4M0616039AC, 4M0616039AE, 4M0616039BF, 4M0616039AT"},{"@type":"BreadcrumbList","@id":"https:\/\/vzduchovetlmice.sk\/cs\/produkty\/predni-vzduchovy-tlumic-audi-q7-4m-audi-q8-4m-original-audi\/#breadcrumb","itemListElement":[{"@type":"ListItem","position":1,"name":"Domovsk\u00e1 str\u00e1nka","item":"https:\/\/vzduchovetlmice.sk\/"},{"@type":"ListItem","position":2,"name":"Obchod","item":"https:\/\/vzduchovetlmice.sk\/obchod\/"},{"@type":"ListItem","position":3,"name":"P\u0159edn\u00ed vzduchov\u00fd tlumi\u010d Audi Q7 4M, Audi Q8 4M \u2013 Origin\u00e1l Audi"}]},{"@type":"WebSite","@id":"https:\/\/vzduchovetlmice.sk\/#website","url":"https:\/\/vzduchovetlmice.sk\/","name":"VzduchoveTlmice.sk","description":"predaj dielov pre vzduchov\u00fd podvozok","potentialAction":[{"@type":"SearchAction","target":{"@type":"EntryPoint","urlTemplate":"https:\/\/vzduchovetlmice.sk\/?s={search_term_string}"},"query-input":{"@type":"PropertyValueSpecification","valueRequired":true,"valueName":"search_term_string"}}],"inLanguage":"cs"}]}},"_links":{"self":[{"href":"https:\/\/vzduchovetlmice.sk\/cs\/wp-json\/wp\/v2\/product\/101220","targetHints":{"allow":["GET"]}}],"collection":[{"href":"https:\/\/vzduchovetlmice.sk\/cs\/wp-json\/wp\/v2\/product"}],"about":[{"href":"https:\/\/vzduchovetlmice.sk\/cs\/wp-json\/wp\/v2\/types\/product"}],"wp:featuredmedia":[{"embeddable":true,"href":"https:\/\/vzduchovetlmice.sk\/cs\/wp-json\/wp\/v2\/media\/103028"}],"wp:attachment":[{"href":"https:\/\/vzduchovetlmice.sk\/cs\/wp-json\/wp\/v2\/media?parent=101220"}],"wp:term":[{"taxonomy":"product_brand","embeddable":true,"href":"https:\/\/vzduchovetlmice.sk\/cs\/wp-json\/wp\/v2\/product_brand?post=101220"},{"taxonomy":"product_cat","embeddable":true,"href":"https:\/\/vzduchovetlmice.sk\/cs\/wp-json\/wp\/v2\/product_cat?post=101220"},{"taxonomy":"product_tag","embeddable":true,"href":"https:\/\/vzduchovetlmice.sk\/cs\/wp-json\/wp\/v2\/product_tag?post=101220"}],"curies":[{"name":"wp","href":"https:\/\/api.w.org\/{rel}","templated":true}]}}