{"id":101222,"date":"2025-05-29T16:09:36","date_gmt":"2025-05-29T16:09:36","guid":{"rendered":"https:\/\/vzduchovetlmice.sk\/?post_type=product&#038;p=101222"},"modified":"2025-10-30T17:49:49","modified_gmt":"2025-10-30T17:49:49","slug":"zadni-vzduchovy-tlumic-audi-a6-c7-4g-audi-a7-sportback-damptronic","status":"publish","type":"product","link":"https:\/\/vzduchovetlmice.sk\/cs\/produkty\/zadni-vzduchovy-tlumic-audi-a6-c7-4g-audi-a7-sportback-damptronic\/","title":{"rendered":"Zadn\u00ed vzduchov\u00fd tlumi\u010d Audi A6 C7 4G, Audi A7 Sportback &#8211; DampTronic"},"content":{"rendered":"<h3><strong>Dal\u0161\u00ed informace:<\/strong><\/h3>\n<p>Nov\u00fd zadn\u00ed vzduchov\u00fd tlumi\u010d Audi A6 C7 4G (2010-2018) a Audi A7 Sportback &#8211; C7 4G (2010-2018) se syst\u00e9mem DampTronic (elektronick\u00fd ovl\u00e1dan\u00fd tlumi\u010d).<\/p>\n<p>Vhodn\u00fd tak\u00e9 pro verzi Audi S6 C7 4G a Audi S7 C7 4G.<\/p>\n<p>Pneumatick\u00fd tlumi\u010d pru\u017een\u00ed je stejn\u00fd pro pravou i levou stranu.<\/p>\n<h4><strong>Origin\u00e1ln\u00ed v\u00fdrobn\u00ed<\/strong><strong> \u010d\u00edsla (OEM): <\/strong><\/h4>\n<p>4G0616031L, 4G0616031J, 4G0616031AC, 4G0616031AE, 4G0616031AB, 4G0616031AD, 4G0616031AF, 4G0616031T, 4G0616031AA, 4G0616031AD, 4G0 616 031 L, 4G0 616 031 J, 4G0 616 031 AC, 4G0 616 031 AE, 4G0 616 031 AB, 4G0 616 031 AD, 4G0 616 031 AF, 4G0 6160 31 T, 4G0 616 031 AA, SK-3391, 20-264765<\/p>\n","protected":false},"excerpt":{"rendered":"<p><strong>Zna\u010dka: <\/strong>Audi<\/p>\n<p><strong>Model:<\/strong> A6 C7 4G (2010 \u2013 2018), A7 Sportback \u2013 C7 4G (2010 \u2013 2018)<\/p>\n<p><strong>Typ:<\/strong> 2kolka, Quattro<\/p>\n<p><strong>Poloha: <\/strong>Zadn\u00ed n\u00e1prava vlevo\/vpravo<\/p>\n<p><strong>V\u00fdrobce: <\/strong>OEM<\/p>\n<p><strong>Stav:\u00a0<\/strong>Nov\u00e9<\/p>\n<p><strong>Z\u00e1ruka:\u00a0<\/strong>2 roky<\/p>\n<p><strong>Dostupnost:<\/strong> <span style=\"color: #00ff00;\"><strong>Skladem<\/strong><\/span><\/p>\n","protected":false},"featured_media":0,"template":"","meta":{"_et_pb_use_builder":"","_et_pb_old_content":"","_et_gb_content_width":""},"product_brand":[46],"product_cat":[459,329,330],"product_tag":[],"class_list":{"0":"post-101222","1":"product","2":"type-product","3":"status-publish","5":"product_brand-audi","6":"product_cat-a7-sportback-c7-4g-2010-2018-cs","7":"product_cat-a6-c7-4g-2010-2018","8":"product_cat-audi-cs","10":"first","11":"instock","12":"shipping-taxable","13":"purchasable","14":"product-type-simple"},"yoast_head":"<!-- This site is optimized with the Yoast SEO Premium plugin v24.9 (Yoast SEO v27.1.1) - https:\/\/yoast.com\/product\/yoast-seo-premium-wordpress\/ -->\n<title>Zadn\u00ed vzduchov\u00fd tlumi\u010d Audi A6 C7 4G, Audi A7 Sportback<\/title>\n<meta name=\"description\" content=\"Nov\u00fd zadn\u00ed vzduchov\u00fd tlumi\u010d Audi A6 C7 4G (2010-2018) a Audi A7 Sportback - C7 4G (2010-2018) se syst\u00e9mem DampTronic (elektronick\u00fd ovl\u00e1dan\u00fd tlumi\u010d). Vhodn\u00fd tak\u00e9 pro verzi Audi S6 C7 4G a Audi S7 C7 4G. OEM: 4G0616031L, 4G0616031J, 4G0616031AC, 4G0616031AE, 4G0616031AB, 4G0616031AD, 4G0616031AF, 4G0616031T, 4G0616031AA, 4G0616031AD, 4G0 616 031 L, 4G0 616 031 J, 4G0 616 031 AC, 4G0 616 031 AE, 4G0 616 031 AB, 4G0 616 031 AD, 4G0 616 031 AF, 4G0 6160 31 T, 4G0 616 031 AA, SK-3391, 20-264765\" \/>\n<meta name=\"robots\" content=\"index, follow, max-snippet:-1, max-image-preview:large, max-video-preview:-1\" \/>\n<link rel=\"canonical\" href=\"https:\/\/vzduchovetlmice.sk\/cs\/produkty\/zadni-vzduchovy-tlumic-audi-a6-c7-4g-audi-a7-sportback-damptronic\/\" \/>\n<meta property=\"og:locale\" content=\"cs_CZ\" \/>\n<meta property=\"og:type\" content=\"article\" \/>\n<meta property=\"og:title\" content=\"Zadn\u00ed vzduchov\u00fd tlumi\u010d Audi A6 C7 4G, Audi A7 Sportback - DampTronic\" \/>\n<meta property=\"og:description\" content=\"Nov\u00fd zadn\u00ed vzduchov\u00fd tlumi\u010d Audi A6 C7 4G (2010-2018) a Audi A7 Sportback - C7 4G (2010-2018) se syst\u00e9mem DampTronic (elektronick\u00fd ovl\u00e1dan\u00fd tlumi\u010d). Vhodn\u00fd tak\u00e9 pro verzi Audi S6 C7 4G a Audi S7 C7 4G. OEM: 4G0616031L, 4G0616031J, 4G0616031AC, 4G0616031AE, 4G0616031AB, 4G0616031AD, 4G0616031AF, 4G0616031T, 4G0616031AA, 4G0616031AD, 4G0 616 031 L, 4G0 616 031 J, 4G0 616 031 AC, 4G0 616 031 AE, 4G0 616 031 AB, 4G0 616 031 AD, 4G0 616 031 AF, 4G0 6160 31 T, 4G0 616 031 AA, SK-3391, 20-264765\" \/>\n<meta property=\"og:url\" content=\"https:\/\/vzduchovetlmice.sk\/cs\/produkty\/zadni-vzduchovy-tlumic-audi-a6-c7-4g-audi-a7-sportback-damptronic\/\" \/>\n<meta property=\"og:site_name\" content=\"VzduchoveTlmice.sk\" \/>\n<meta property=\"article:modified_time\" content=\"2025-10-30T17:49:49+00:00\" \/>\n<meta name=\"twitter:card\" content=\"summary_large_image\" \/>\n<meta name=\"twitter:label1\" content=\"Odhadovan\u00e1 doba \u010dten\u00ed\" \/>\n\t<meta name=\"twitter:data1\" content=\"1 minuta\" \/>\n<script type=\"application\/ld+json\" class=\"yoast-schema-graph\">{\"@context\":\"https:\/\/schema.org\",\"@graph\":[{\"@type\":\"WebPage\",\"@id\":\"https:\/\/vzduchovetlmice.sk\/cs\/produkty\/zadni-vzduchovy-tlumic-audi-a6-c7-4g-audi-a7-sportback-damptronic\/\",\"url\":\"https:\/\/vzduchovetlmice.sk\/cs\/produkty\/zadni-vzduchovy-tlumic-audi-a6-c7-4g-audi-a7-sportback-damptronic\/\",\"name\":\"Zadn\u00ed vzduchov\u00fd tlumi\u010d Audi A6 C7 4G, Audi A7 Sportback\",\"isPartOf\":{\"@id\":\"https:\/\/vzduchovetlmice.sk\/#website\"},\"datePublished\":\"2025-05-29T16:09:36+00:00\",\"dateModified\":\"2025-10-30T17:49:49+00:00\",\"description\":\"Nov\u00fd zadn\u00ed vzduchov\u00fd tlumi\u010d Audi A6 C7 4G (2010-2018) a Audi A7 Sportback - C7 4G (2010-2018) se syst\u00e9mem DampTronic (elektronick\u00fd ovl\u00e1dan\u00fd tlumi\u010d). Vhodn\u00fd tak\u00e9 pro verzi Audi S6 C7 4G a Audi S7 C7 4G. OEM: 4G0616031L, 4G0616031J, 4G0616031AC, 4G0616031AE, 4G0616031AB, 4G0616031AD, 4G0616031AF, 4G0616031T, 4G0616031AA, 4G0616031AD, 4G0 616 031 L, 4G0 616 031 J, 4G0 616 031 AC, 4G0 616 031 AE, 4G0 616 031 AB, 4G0 616 031 AD, 4G0 616 031 AF, 4G0 6160 31 T, 4G0 616 031 AA, SK-3391, 20-264765\",\"breadcrumb\":{\"@id\":\"https:\/\/vzduchovetlmice.sk\/cs\/produkty\/zadni-vzduchovy-tlumic-audi-a6-c7-4g-audi-a7-sportback-damptronic\/#breadcrumb\"},\"inLanguage\":\"cs\",\"potentialAction\":[{\"@type\":\"ReadAction\",\"target\":[\"https:\/\/vzduchovetlmice.sk\/cs\/produkty\/zadni-vzduchovy-tlumic-audi-a6-c7-4g-audi-a7-sportback-damptronic\/\"]}]},{\"@type\":\"BreadcrumbList\",\"@id\":\"https:\/\/vzduchovetlmice.sk\/cs\/produkty\/zadni-vzduchovy-tlumic-audi-a6-c7-4g-audi-a7-sportback-damptronic\/#breadcrumb\",\"itemListElement\":[{\"@type\":\"ListItem\",\"position\":1,\"name\":\"Domovsk\u00e1 str\u00e1nka\",\"item\":\"https:\/\/vzduchovetlmice.sk\/\"},{\"@type\":\"ListItem\",\"position\":2,\"name\":\"Obchod\",\"item\":\"https:\/\/vzduchovetlmice.sk\/obchod\/\"},{\"@type\":\"ListItem\",\"position\":3,\"name\":\"Zadn\u00ed vzduchov\u00fd tlumi\u010d Audi A6 C7 4G, Audi A7 Sportback &#8211; DampTronic\"}]},{\"@type\":\"WebSite\",\"@id\":\"https:\/\/vzduchovetlmice.sk\/#website\",\"url\":\"https:\/\/vzduchovetlmice.sk\/\",\"name\":\"VzduchoveTlmice.sk\",\"description\":\"predaj dielov pre vzduchov\u00fd podvozok\",\"potentialAction\":[{\"@type\":\"SearchAction\",\"target\":{\"@type\":\"EntryPoint\",\"urlTemplate\":\"https:\/\/vzduchovetlmice.sk\/?s={search_term_string}\"},\"query-input\":{\"@type\":\"PropertyValueSpecification\",\"valueRequired\":true,\"valueName\":\"search_term_string\"}}],\"inLanguage\":\"cs\"}]}<\/script>\n<!-- \/ Yoast SEO Premium plugin. -->","yoast_head_json":{"title":"Zadn\u00ed vzduchov\u00fd tlumi\u010d Audi A6 C7 4G, Audi A7 Sportback","description":"Nov\u00fd zadn\u00ed vzduchov\u00fd tlumi\u010d Audi A6 C7 4G (2010-2018) a Audi A7 Sportback - C7 4G (2010-2018) se syst\u00e9mem DampTronic (elektronick\u00fd ovl\u00e1dan\u00fd tlumi\u010d). Vhodn\u00fd tak\u00e9 pro verzi Audi S6 C7 4G a Audi S7 C7 4G. OEM: 4G0616031L, 4G0616031J, 4G0616031AC, 4G0616031AE, 4G0616031AB, 4G0616031AD, 4G0616031AF, 4G0616031T, 4G0616031AA, 4G0616031AD, 4G0 616 031 L, 4G0 616 031 J, 4G0 616 031 AC, 4G0 616 031 AE, 4G0 616 031 AB, 4G0 616 031 AD, 4G0 616 031 AF, 4G0 6160 31 T, 4G0 616 031 AA, SK-3391, 20-264765","robots":{"index":"index","follow":"follow","max-snippet":"max-snippet:-1","max-image-preview":"max-image-preview:large","max-video-preview":"max-video-preview:-1"},"canonical":"https:\/\/vzduchovetlmice.sk\/cs\/produkty\/zadni-vzduchovy-tlumic-audi-a6-c7-4g-audi-a7-sportback-damptronic\/","og_locale":"cs_CZ","og_type":"article","og_title":"Zadn\u00ed vzduchov\u00fd tlumi\u010d Audi A6 C7 4G, Audi A7 Sportback - DampTronic","og_description":"Nov\u00fd zadn\u00ed vzduchov\u00fd tlumi\u010d Audi A6 C7 4G (2010-2018) a Audi A7 Sportback - C7 4G (2010-2018) se syst\u00e9mem DampTronic (elektronick\u00fd ovl\u00e1dan\u00fd tlumi\u010d). Vhodn\u00fd tak\u00e9 pro verzi Audi S6 C7 4G a Audi S7 C7 4G. OEM: 4G0616031L, 4G0616031J, 4G0616031AC, 4G0616031AE, 4G0616031AB, 4G0616031AD, 4G0616031AF, 4G0616031T, 4G0616031AA, 4G0616031AD, 4G0 616 031 L, 4G0 616 031 J, 4G0 616 031 AC, 4G0 616 031 AE, 4G0 616 031 AB, 4G0 616 031 AD, 4G0 616 031 AF, 4G0 6160 31 T, 4G0 616 031 AA, SK-3391, 20-264765","og_url":"https:\/\/vzduchovetlmice.sk\/cs\/produkty\/zadni-vzduchovy-tlumic-audi-a6-c7-4g-audi-a7-sportback-damptronic\/","og_site_name":"VzduchoveTlmice.sk","article_modified_time":"2025-10-30T17:49:49+00:00","twitter_card":"summary_large_image","twitter_misc":{"Odhadovan\u00e1 doba \u010dten\u00ed":"1 minuta"},"schema":{"@context":"https:\/\/schema.org","@graph":[{"@type":"WebPage","@id":"https:\/\/vzduchovetlmice.sk\/cs\/produkty\/zadni-vzduchovy-tlumic-audi-a6-c7-4g-audi-a7-sportback-damptronic\/","url":"https:\/\/vzduchovetlmice.sk\/cs\/produkty\/zadni-vzduchovy-tlumic-audi-a6-c7-4g-audi-a7-sportback-damptronic\/","name":"Zadn\u00ed vzduchov\u00fd tlumi\u010d Audi A6 C7 4G, Audi A7 Sportback","isPartOf":{"@id":"https:\/\/vzduchovetlmice.sk\/#website"},"datePublished":"2025-05-29T16:09:36+00:00","dateModified":"2025-10-30T17:49:49+00:00","description":"Nov\u00fd zadn\u00ed vzduchov\u00fd tlumi\u010d Audi A6 C7 4G (2010-2018) a Audi A7 Sportback - C7 4G (2010-2018) se syst\u00e9mem DampTronic (elektronick\u00fd ovl\u00e1dan\u00fd tlumi\u010d). Vhodn\u00fd tak\u00e9 pro verzi Audi S6 C7 4G a Audi S7 C7 4G. OEM: 4G0616031L, 4G0616031J, 4G0616031AC, 4G0616031AE, 4G0616031AB, 4G0616031AD, 4G0616031AF, 4G0616031T, 4G0616031AA, 4G0616031AD, 4G0 616 031 L, 4G0 616 031 J, 4G0 616 031 AC, 4G0 616 031 AE, 4G0 616 031 AB, 4G0 616 031 AD, 4G0 616 031 AF, 4G0 6160 31 T, 4G0 616 031 AA, SK-3391, 20-264765","breadcrumb":{"@id":"https:\/\/vzduchovetlmice.sk\/cs\/produkty\/zadni-vzduchovy-tlumic-audi-a6-c7-4g-audi-a7-sportback-damptronic\/#breadcrumb"},"inLanguage":"cs","potentialAction":[{"@type":"ReadAction","target":["https:\/\/vzduchovetlmice.sk\/cs\/produkty\/zadni-vzduchovy-tlumic-audi-a6-c7-4g-audi-a7-sportback-damptronic\/"]}]},{"@type":"BreadcrumbList","@id":"https:\/\/vzduchovetlmice.sk\/cs\/produkty\/zadni-vzduchovy-tlumic-audi-a6-c7-4g-audi-a7-sportback-damptronic\/#breadcrumb","itemListElement":[{"@type":"ListItem","position":1,"name":"Domovsk\u00e1 str\u00e1nka","item":"https:\/\/vzduchovetlmice.sk\/"},{"@type":"ListItem","position":2,"name":"Obchod","item":"https:\/\/vzduchovetlmice.sk\/obchod\/"},{"@type":"ListItem","position":3,"name":"Zadn\u00ed vzduchov\u00fd tlumi\u010d Audi A6 C7 4G, Audi A7 Sportback &#8211; DampTronic"}]},{"@type":"WebSite","@id":"https:\/\/vzduchovetlmice.sk\/#website","url":"https:\/\/vzduchovetlmice.sk\/","name":"VzduchoveTlmice.sk","description":"predaj dielov pre vzduchov\u00fd podvozok","potentialAction":[{"@type":"SearchAction","target":{"@type":"EntryPoint","urlTemplate":"https:\/\/vzduchovetlmice.sk\/?s={search_term_string}"},"query-input":{"@type":"PropertyValueSpecification","valueRequired":true,"valueName":"search_term_string"}}],"inLanguage":"cs"}]}},"_links":{"self":[{"href":"https:\/\/vzduchovetlmice.sk\/cs\/wp-json\/wp\/v2\/product\/101222","targetHints":{"allow":["GET"]}}],"collection":[{"href":"https:\/\/vzduchovetlmice.sk\/cs\/wp-json\/wp\/v2\/product"}],"about":[{"href":"https:\/\/vzduchovetlmice.sk\/cs\/wp-json\/wp\/v2\/types\/product"}],"wp:attachment":[{"href":"https:\/\/vzduchovetlmice.sk\/cs\/wp-json\/wp\/v2\/media?parent=101222"}],"wp:term":[{"taxonomy":"product_brand","embeddable":true,"href":"https:\/\/vzduchovetlmice.sk\/cs\/wp-json\/wp\/v2\/product_brand?post=101222"},{"taxonomy":"product_cat","embeddable":true,"href":"https:\/\/vzduchovetlmice.sk\/cs\/wp-json\/wp\/v2\/product_cat?post=101222"},{"taxonomy":"product_tag","embeddable":true,"href":"https:\/\/vzduchovetlmice.sk\/cs\/wp-json\/wp\/v2\/product_tag?post=101222"}],"curies":[{"name":"wp","href":"https:\/\/api.w.org\/{rel}","templated":true}]}}