{"id":101226,"date":"2025-05-29T16:29:52","date_gmt":"2025-05-29T16:29:52","guid":{"rendered":"https:\/\/vzduchovetlmice.sk\/?post_type=product&#038;p=101226"},"modified":"2025-12-12T15:21:35","modified_gmt":"2025-12-12T15:21:35","slug":"zadni-vzduchovy-mech-bmw-5-touring-f11-bmw-5-f10-bmw-5-gt-f07","status":"publish","type":"product","link":"https:\/\/vzduchovetlmice.sk\/cs\/produkty\/zadni-vzduchovy-mech-bmw-5-touring-f11-bmw-5-f10-bmw-5-gt-f07\/","title":{"rendered":"Zadn\u00ed vzduchov\u00fd m\u011bch BMW 5 Touring F11, BMW 5 F10, BMW 5 GT F07"},"content":{"rendered":"<h3><strong>Dal\u0161\u00ed informace:<\/strong><\/h3>\n<p>Nov\u00fd zadn\u00ed vzduchov\u00fd m\u011bch p\u00e9rov\u00e1n\u00ed BMW 5 Touring F11 (2009\u20132017), BMW 5 F10 (2009\u20132017) a BMW 5 GT F07 (2009\u20132017).<\/p>\n<p>Pneumatick\u00fd m\u011bch je stejn\u00fd pro pravou i levou stranu.<\/p>\n<h4><strong>Origin\u00e1ln\u00ed v\u00fdrobn\u00ed \u010d\u00edsla (OEM): <\/strong><\/h4>\n<p>37106781843, 37106781844, 37106781828, 37106781827, 37106784378, 37106784379, 37106784380, 37106784381, 37126784378, 37126784379, 37126784380, 37126784381,<span class=\"bold\"> 3710-6781843, 3710-6781844, 3710-6781828, 3710-6781827, 3710-6784378, 3710-6784379, 3710-6784380, 3710-6784381, 3712-6784378, 3712-6784379, 3712-6784380, 3712-6784381, <\/span>A-2780, DAS10030, 40-311463, 40-268620, 949-985, 40-305196<\/p>\n","protected":false},"excerpt":{"rendered":"<p><strong>Zna\u010dka: <\/strong>BMW<\/p>\n<p><strong>Model:<\/strong> BMW 5 Touring F11 (2009 \u2013 2017), BMW 5 F10 (2009 \u2013 2017), BMW 5 GT F07 (2009 \u2013 2017)<\/p>\n<p><strong>Typ:<\/strong> RWD, Xdrive<\/p>\n<p><strong>Poloha: <\/strong>Zadn\u00ed n\u00e1prava vpravo\/vlevo<\/p>\n<p><strong>V\u00fdrobce: <\/strong>OEM<\/p>\n<p><strong>Stav:\u00a0<\/strong>Nov\u00e9<\/p>\n<p><strong>Z\u00e1ruka:\u00a0<\/strong>2 roky<\/p>\n<p><strong>Dostupnost:<\/strong>\u00a0<span style=\"color: #00ff00;\"><strong>Skladem<\/strong><\/span><\/p>\n","protected":false},"featured_media":102896,"template":"","meta":{"_et_pb_use_builder":"","_et_pb_old_content":"","_et_gb_content_width":""},"product_brand":[482],"product_cat":[515,519,334],"product_tag":[],"class_list":{"0":"post-101226","1":"product","2":"type-product","3":"status-publish","4":"has-post-thumbnail","6":"product_brand-bmw","7":"product_cat-5-f10-f11-2009-2017-cs","8":"product_cat-5-gt-f07-2009-2017-cs","9":"product_cat-bmw-cs","11":"first","12":"instock","13":"shipping-taxable","14":"purchasable","15":"product-type-simple"},"yoast_head":"<!-- This site is optimized with the Yoast SEO Premium plugin v24.9 (Yoast SEO v27.1.1) - https:\/\/yoast.com\/product\/yoast-seo-premium-wordpress\/ -->\n<title>Zadn\u00ed vzduchov\u00fd m\u011bch BMW 5 Touring F11, BMW 5 GT F07, 5 F10<\/title>\n<meta name=\"description\" content=\"Nov\u00fd zadn\u00ed vzduchov\u00fd m\u011bch p\u00e9rov\u00e1n\u00ed BMW 5 Touring F11 (2009\u20132017), BMW 5 F10 (2009\u20132017) a BMW 5 GT F07 (2009\u20132017). Pneumatick\u00fd m\u011bch je stejn\u00fd pro pravou i levou stranu. OEM: 37106781843, 37106781844, 37106781828, 37106781827, 37106784378, 37106784379, 37106784380, 37106784381, 37126784378, 37126784379, 37126784380, 37126784381, 3710-6781843, 3710-6781844, 3710-6781828, 3710-6781827, 3710-6784378, 3710-6784379, 3710-6784380, 3710-6784381, 3712-6784378, 3712-6784379, 3712-6784380, 3712-6784381, A-2780, DAS10030, 40-311463, 40-268620, 949-985, 40-305196\" \/>\n<meta name=\"robots\" content=\"index, follow, max-snippet:-1, max-image-preview:large, max-video-preview:-1\" \/>\n<link rel=\"canonical\" href=\"https:\/\/vzduchovetlmice.sk\/cs\/produkty\/zadni-vzduchovy-mech-bmw-5-touring-f11-bmw-5-f10-bmw-5-gt-f07\/\" \/>\n<meta property=\"og:locale\" content=\"cs_CZ\" \/>\n<meta property=\"og:type\" content=\"article\" \/>\n<meta property=\"og:title\" content=\"Zadn\u00ed vzduchov\u00fd m\u011bch BMW 5 Touring F11, BMW 5 F10, BMW 5 GT F07\" \/>\n<meta property=\"og:description\" content=\"Nov\u00fd zadn\u00ed vzduchov\u00fd m\u011bch p\u00e9rov\u00e1n\u00ed BMW 5 Touring F11 (2009\u20132017), BMW 5 F10 (2009\u20132017) a BMW 5 GT F07 (2009\u20132017). Pneumatick\u00fd m\u011bch je stejn\u00fd pro pravou i levou stranu. OEM: 37106781843, 37106781844, 37106781828, 37106781827, 37106784378, 37106784379, 37106784380, 37106784381, 37126784378, 37126784379, 37126784380, 37126784381, 3710-6781843, 3710-6781844, 3710-6781828, 3710-6781827, 3710-6784378, 3710-6784379, 3710-6784380, 3710-6784381, 3712-6784378, 3712-6784379, 3712-6784380, 3712-6784381, A-2780, DAS10030, 40-311463, 40-268620, 949-985, 40-305196\" \/>\n<meta property=\"og:url\" content=\"https:\/\/vzduchovetlmice.sk\/cs\/produkty\/zadni-vzduchovy-mech-bmw-5-touring-f11-bmw-5-f10-bmw-5-gt-f07\/\" \/>\n<meta property=\"og:site_name\" content=\"VzduchoveTlmice.sk\" \/>\n<meta property=\"article:modified_time\" content=\"2025-12-12T15:21:35+00:00\" \/>\n<meta property=\"og:image\" content=\"https:\/\/vzduchovetlmice.sk\/wp-content\/uploads\/2025\/05\/Zadny-vzduchovy-vankus-BMW-5-Touring-F11-BMW-5-F10-BMW-5-GT-F07-37106781843-37106781844-37106781828-37106781827-37106784378-37106784379-37106784380.jpg\" \/>\n\t<meta property=\"og:image:width\" content=\"1000\" \/>\n\t<meta property=\"og:image:height\" content=\"1000\" \/>\n\t<meta property=\"og:image:type\" content=\"image\/jpeg\" \/>\n<meta name=\"twitter:card\" content=\"summary_large_image\" \/>\n<meta name=\"twitter:label1\" content=\"Odhadovan\u00e1 doba \u010dten\u00ed\" \/>\n\t<meta name=\"twitter:data1\" content=\"1 minuta\" \/>\n<script type=\"application\/ld+json\" class=\"yoast-schema-graph\">{\"@context\":\"https:\/\/schema.org\",\"@graph\":[{\"@type\":\"WebPage\",\"@id\":\"https:\/\/vzduchovetlmice.sk\/cs\/produkty\/zadni-vzduchovy-mech-bmw-5-touring-f11-bmw-5-f10-bmw-5-gt-f07\/\",\"url\":\"https:\/\/vzduchovetlmice.sk\/cs\/produkty\/zadni-vzduchovy-mech-bmw-5-touring-f11-bmw-5-f10-bmw-5-gt-f07\/\",\"name\":\"Zadn\u00ed vzduchov\u00fd m\u011bch BMW 5 Touring F11, BMW 5 GT F07, 5 F10\",\"isPartOf\":{\"@id\":\"https:\/\/vzduchovetlmice.sk\/#website\"},\"primaryImageOfPage\":{\"@id\":\"https:\/\/vzduchovetlmice.sk\/cs\/produkty\/zadni-vzduchovy-mech-bmw-5-touring-f11-bmw-5-f10-bmw-5-gt-f07\/#primaryimage\"},\"image\":{\"@id\":\"https:\/\/vzduchovetlmice.sk\/cs\/produkty\/zadni-vzduchovy-mech-bmw-5-touring-f11-bmw-5-f10-bmw-5-gt-f07\/#primaryimage\"},\"thumbnailUrl\":\"https:\/\/vzduchovetlmice.sk\/wp-content\/uploads\/2025\/05\/Zadny-vzduchovy-vankus-BMW-5-Touring-F11-BMW-5-F10-BMW-5-GT-F07-37106781843-37106781844-37106781828-37106781827-37106784378-37106784379-37106784380.jpg\",\"datePublished\":\"2025-05-29T16:29:52+00:00\",\"dateModified\":\"2025-12-12T15:21:35+00:00\",\"description\":\"Nov\u00fd zadn\u00ed vzduchov\u00fd m\u011bch p\u00e9rov\u00e1n\u00ed BMW 5 Touring F11 (2009\u20132017), BMW 5 F10 (2009\u20132017) a BMW 5 GT F07 (2009\u20132017). Pneumatick\u00fd m\u011bch je stejn\u00fd pro pravou i levou stranu. OEM: 37106781843, 37106781844, 37106781828, 37106781827, 37106784378, 37106784379, 37106784380, 37106784381, 37126784378, 37126784379, 37126784380, 37126784381, 3710-6781843, 3710-6781844, 3710-6781828, 3710-6781827, 3710-6784378, 3710-6784379, 3710-6784380, 3710-6784381, 3712-6784378, 3712-6784379, 3712-6784380, 3712-6784381, A-2780, DAS10030, 40-311463, 40-268620, 949-985, 40-305196\",\"breadcrumb\":{\"@id\":\"https:\/\/vzduchovetlmice.sk\/cs\/produkty\/zadni-vzduchovy-mech-bmw-5-touring-f11-bmw-5-f10-bmw-5-gt-f07\/#breadcrumb\"},\"inLanguage\":\"cs\",\"potentialAction\":[{\"@type\":\"ReadAction\",\"target\":[\"https:\/\/vzduchovetlmice.sk\/cs\/produkty\/zadni-vzduchovy-mech-bmw-5-touring-f11-bmw-5-f10-bmw-5-gt-f07\/\"]}]},{\"@type\":\"ImageObject\",\"inLanguage\":\"cs\",\"@id\":\"https:\/\/vzduchovetlmice.sk\/cs\/produkty\/zadni-vzduchovy-mech-bmw-5-touring-f11-bmw-5-f10-bmw-5-gt-f07\/#primaryimage\",\"url\":\"https:\/\/vzduchovetlmice.sk\/wp-content\/uploads\/2025\/05\/Zadny-vzduchovy-vankus-BMW-5-Touring-F11-BMW-5-F10-BMW-5-GT-F07-37106781843-37106781844-37106781828-37106781827-37106784378-37106784379-37106784380.jpg\",\"contentUrl\":\"https:\/\/vzduchovetlmice.sk\/wp-content\/uploads\/2025\/05\/Zadny-vzduchovy-vankus-BMW-5-Touring-F11-BMW-5-F10-BMW-5-GT-F07-37106781843-37106781844-37106781828-37106781827-37106784378-37106784379-37106784380.jpg\",\"width\":1000,\"height\":1000,\"caption\":\"Zadn\u00fd vzduchov\u00fd vank\u00fa\u0161 BMW 5 Touring F11, BMW 5 F10, BMW 5 GT F07, 37106781843, 37106781844, 37106781828, 37106781827, 37106784378, 37106784379, 37106784380\"},{\"@type\":\"BreadcrumbList\",\"@id\":\"https:\/\/vzduchovetlmice.sk\/cs\/produkty\/zadni-vzduchovy-mech-bmw-5-touring-f11-bmw-5-f10-bmw-5-gt-f07\/#breadcrumb\",\"itemListElement\":[{\"@type\":\"ListItem\",\"position\":1,\"name\":\"Domovsk\u00e1 str\u00e1nka\",\"item\":\"https:\/\/vzduchovetlmice.sk\/\"},{\"@type\":\"ListItem\",\"position\":2,\"name\":\"Obchod\",\"item\":\"https:\/\/vzduchovetlmice.sk\/obchod\/\"},{\"@type\":\"ListItem\",\"position\":3,\"name\":\"Zadn\u00ed vzduchov\u00fd m\u011bch BMW 5 Touring F11, BMW 5 F10, BMW 5 GT F07\"}]},{\"@type\":\"WebSite\",\"@id\":\"https:\/\/vzduchovetlmice.sk\/#website\",\"url\":\"https:\/\/vzduchovetlmice.sk\/\",\"name\":\"VzduchoveTlmice.sk\",\"description\":\"predaj dielov pre vzduchov\u00fd podvozok\",\"potentialAction\":[{\"@type\":\"SearchAction\",\"target\":{\"@type\":\"EntryPoint\",\"urlTemplate\":\"https:\/\/vzduchovetlmice.sk\/?s={search_term_string}\"},\"query-input\":{\"@type\":\"PropertyValueSpecification\",\"valueRequired\":true,\"valueName\":\"search_term_string\"}}],\"inLanguage\":\"cs\"}]}<\/script>\n<!-- \/ Yoast SEO Premium plugin. -->","yoast_head_json":{"title":"Zadn\u00ed vzduchov\u00fd m\u011bch BMW 5 Touring F11, BMW 5 GT F07, 5 F10","description":"Nov\u00fd zadn\u00ed vzduchov\u00fd m\u011bch p\u00e9rov\u00e1n\u00ed BMW 5 Touring F11 (2009\u20132017), BMW 5 F10 (2009\u20132017) a BMW 5 GT F07 (2009\u20132017). Pneumatick\u00fd m\u011bch je stejn\u00fd pro pravou i levou stranu. OEM: 37106781843, 37106781844, 37106781828, 37106781827, 37106784378, 37106784379, 37106784380, 37106784381, 37126784378, 37126784379, 37126784380, 37126784381, 3710-6781843, 3710-6781844, 3710-6781828, 3710-6781827, 3710-6784378, 3710-6784379, 3710-6784380, 3710-6784381, 3712-6784378, 3712-6784379, 3712-6784380, 3712-6784381, A-2780, DAS10030, 40-311463, 40-268620, 949-985, 40-305196","robots":{"index":"index","follow":"follow","max-snippet":"max-snippet:-1","max-image-preview":"max-image-preview:large","max-video-preview":"max-video-preview:-1"},"canonical":"https:\/\/vzduchovetlmice.sk\/cs\/produkty\/zadni-vzduchovy-mech-bmw-5-touring-f11-bmw-5-f10-bmw-5-gt-f07\/","og_locale":"cs_CZ","og_type":"article","og_title":"Zadn\u00ed vzduchov\u00fd m\u011bch BMW 5 Touring F11, BMW 5 F10, BMW 5 GT F07","og_description":"Nov\u00fd zadn\u00ed vzduchov\u00fd m\u011bch p\u00e9rov\u00e1n\u00ed BMW 5 Touring F11 (2009\u20132017), BMW 5 F10 (2009\u20132017) a BMW 5 GT F07 (2009\u20132017). Pneumatick\u00fd m\u011bch je stejn\u00fd pro pravou i levou stranu. OEM: 37106781843, 37106781844, 37106781828, 37106781827, 37106784378, 37106784379, 37106784380, 37106784381, 37126784378, 37126784379, 37126784380, 37126784381, 3710-6781843, 3710-6781844, 3710-6781828, 3710-6781827, 3710-6784378, 3710-6784379, 3710-6784380, 3710-6784381, 3712-6784378, 3712-6784379, 3712-6784380, 3712-6784381, A-2780, DAS10030, 40-311463, 40-268620, 949-985, 40-305196","og_url":"https:\/\/vzduchovetlmice.sk\/cs\/produkty\/zadni-vzduchovy-mech-bmw-5-touring-f11-bmw-5-f10-bmw-5-gt-f07\/","og_site_name":"VzduchoveTlmice.sk","article_modified_time":"2025-12-12T15:21:35+00:00","og_image":[{"width":1000,"height":1000,"url":"https:\/\/vzduchovetlmice.sk\/wp-content\/uploads\/2025\/05\/Zadny-vzduchovy-vankus-BMW-5-Touring-F11-BMW-5-F10-BMW-5-GT-F07-37106781843-37106781844-37106781828-37106781827-37106784378-37106784379-37106784380.jpg","type":"image\/jpeg"}],"twitter_card":"summary_large_image","twitter_misc":{"Odhadovan\u00e1 doba \u010dten\u00ed":"1 minuta"},"schema":{"@context":"https:\/\/schema.org","@graph":[{"@type":"WebPage","@id":"https:\/\/vzduchovetlmice.sk\/cs\/produkty\/zadni-vzduchovy-mech-bmw-5-touring-f11-bmw-5-f10-bmw-5-gt-f07\/","url":"https:\/\/vzduchovetlmice.sk\/cs\/produkty\/zadni-vzduchovy-mech-bmw-5-touring-f11-bmw-5-f10-bmw-5-gt-f07\/","name":"Zadn\u00ed vzduchov\u00fd m\u011bch BMW 5 Touring F11, BMW 5 GT F07, 5 F10","isPartOf":{"@id":"https:\/\/vzduchovetlmice.sk\/#website"},"primaryImageOfPage":{"@id":"https:\/\/vzduchovetlmice.sk\/cs\/produkty\/zadni-vzduchovy-mech-bmw-5-touring-f11-bmw-5-f10-bmw-5-gt-f07\/#primaryimage"},"image":{"@id":"https:\/\/vzduchovetlmice.sk\/cs\/produkty\/zadni-vzduchovy-mech-bmw-5-touring-f11-bmw-5-f10-bmw-5-gt-f07\/#primaryimage"},"thumbnailUrl":"https:\/\/vzduchovetlmice.sk\/wp-content\/uploads\/2025\/05\/Zadny-vzduchovy-vankus-BMW-5-Touring-F11-BMW-5-F10-BMW-5-GT-F07-37106781843-37106781844-37106781828-37106781827-37106784378-37106784379-37106784380.jpg","datePublished":"2025-05-29T16:29:52+00:00","dateModified":"2025-12-12T15:21:35+00:00","description":"Nov\u00fd zadn\u00ed vzduchov\u00fd m\u011bch p\u00e9rov\u00e1n\u00ed BMW 5 Touring F11 (2009\u20132017), BMW 5 F10 (2009\u20132017) a BMW 5 GT F07 (2009\u20132017). Pneumatick\u00fd m\u011bch je stejn\u00fd pro pravou i levou stranu. OEM: 37106781843, 37106781844, 37106781828, 37106781827, 37106784378, 37106784379, 37106784380, 37106784381, 37126784378, 37126784379, 37126784380, 37126784381, 3710-6781843, 3710-6781844, 3710-6781828, 3710-6781827, 3710-6784378, 3710-6784379, 3710-6784380, 3710-6784381, 3712-6784378, 3712-6784379, 3712-6784380, 3712-6784381, A-2780, DAS10030, 40-311463, 40-268620, 949-985, 40-305196","breadcrumb":{"@id":"https:\/\/vzduchovetlmice.sk\/cs\/produkty\/zadni-vzduchovy-mech-bmw-5-touring-f11-bmw-5-f10-bmw-5-gt-f07\/#breadcrumb"},"inLanguage":"cs","potentialAction":[{"@type":"ReadAction","target":["https:\/\/vzduchovetlmice.sk\/cs\/produkty\/zadni-vzduchovy-mech-bmw-5-touring-f11-bmw-5-f10-bmw-5-gt-f07\/"]}]},{"@type":"ImageObject","inLanguage":"cs","@id":"https:\/\/vzduchovetlmice.sk\/cs\/produkty\/zadni-vzduchovy-mech-bmw-5-touring-f11-bmw-5-f10-bmw-5-gt-f07\/#primaryimage","url":"https:\/\/vzduchovetlmice.sk\/wp-content\/uploads\/2025\/05\/Zadny-vzduchovy-vankus-BMW-5-Touring-F11-BMW-5-F10-BMW-5-GT-F07-37106781843-37106781844-37106781828-37106781827-37106784378-37106784379-37106784380.jpg","contentUrl":"https:\/\/vzduchovetlmice.sk\/wp-content\/uploads\/2025\/05\/Zadny-vzduchovy-vankus-BMW-5-Touring-F11-BMW-5-F10-BMW-5-GT-F07-37106781843-37106781844-37106781828-37106781827-37106784378-37106784379-37106784380.jpg","width":1000,"height":1000,"caption":"Zadn\u00fd vzduchov\u00fd vank\u00fa\u0161 BMW 5 Touring F11, BMW 5 F10, BMW 5 GT F07, 37106781843, 37106781844, 37106781828, 37106781827, 37106784378, 37106784379, 37106784380"},{"@type":"BreadcrumbList","@id":"https:\/\/vzduchovetlmice.sk\/cs\/produkty\/zadni-vzduchovy-mech-bmw-5-touring-f11-bmw-5-f10-bmw-5-gt-f07\/#breadcrumb","itemListElement":[{"@type":"ListItem","position":1,"name":"Domovsk\u00e1 str\u00e1nka","item":"https:\/\/vzduchovetlmice.sk\/"},{"@type":"ListItem","position":2,"name":"Obchod","item":"https:\/\/vzduchovetlmice.sk\/obchod\/"},{"@type":"ListItem","position":3,"name":"Zadn\u00ed vzduchov\u00fd m\u011bch BMW 5 Touring F11, BMW 5 F10, BMW 5 GT F07"}]},{"@type":"WebSite","@id":"https:\/\/vzduchovetlmice.sk\/#website","url":"https:\/\/vzduchovetlmice.sk\/","name":"VzduchoveTlmice.sk","description":"predaj dielov pre vzduchov\u00fd podvozok","potentialAction":[{"@type":"SearchAction","target":{"@type":"EntryPoint","urlTemplate":"https:\/\/vzduchovetlmice.sk\/?s={search_term_string}"},"query-input":{"@type":"PropertyValueSpecification","valueRequired":true,"valueName":"search_term_string"}}],"inLanguage":"cs"}]}},"_links":{"self":[{"href":"https:\/\/vzduchovetlmice.sk\/cs\/wp-json\/wp\/v2\/product\/101226","targetHints":{"allow":["GET"]}}],"collection":[{"href":"https:\/\/vzduchovetlmice.sk\/cs\/wp-json\/wp\/v2\/product"}],"about":[{"href":"https:\/\/vzduchovetlmice.sk\/cs\/wp-json\/wp\/v2\/types\/product"}],"wp:featuredmedia":[{"embeddable":true,"href":"https:\/\/vzduchovetlmice.sk\/cs\/wp-json\/wp\/v2\/media\/102896"}],"wp:attachment":[{"href":"https:\/\/vzduchovetlmice.sk\/cs\/wp-json\/wp\/v2\/media?parent=101226"}],"wp:term":[{"taxonomy":"product_brand","embeddable":true,"href":"https:\/\/vzduchovetlmice.sk\/cs\/wp-json\/wp\/v2\/product_brand?post=101226"},{"taxonomy":"product_cat","embeddable":true,"href":"https:\/\/vzduchovetlmice.sk\/cs\/wp-json\/wp\/v2\/product_cat?post=101226"},{"taxonomy":"product_tag","embeddable":true,"href":"https:\/\/vzduchovetlmice.sk\/cs\/wp-json\/wp\/v2\/product_tag?post=101226"}],"curies":[{"name":"wp","href":"https:\/\/api.w.org\/{rel}","templated":true}]}}