{"id":101230,"date":"2025-05-29T17:07:56","date_gmt":"2025-05-29T17:07:56","guid":{"rendered":"https:\/\/vzduchovetlmice.sk\/?post_type=product&#038;p=101230"},"modified":"2026-03-16T13:31:41","modified_gmt":"2026-03-16T13:31:41","slug":"vzduchovy-kompresor-podvozku-bmw-5-f11-f10","status":"publish","type":"product","link":"https:\/\/vzduchovetlmice.sk\/cs\/produkty\/vzduchovy-kompresor-podvozku-bmw-5-f11-f10\/","title":{"rendered":"Vzduchov\u00fd kompresor podvozku BMW 5 Touring F11, BMW 5 F10, BMW 5 GT F07 &#8211; 13&#8243;-17&#8243;"},"content":{"rendered":"<h3><strong>Dal\u0161\u00ed informace:<\/strong><\/h3>\n<p>Nov\u00fd vzduchov\u00fd kompresor podvozku BMW 5 Touring F11 (2013 \u2013 2017), BMW 5 F10 (2013 \u2013 2017) a BMW 5 GT F07 (2013 \u2013 2017).<\/p>\n<ul>\n<li>v\u010detn\u011b vzduchov\u00e9ho filtru<\/li>\n<\/ul>\n<h4><strong>Origin\u00e1ln\u00ed v\u00fdrobn\u00ed \u010d\u00edsla (OEM): <\/strong><\/h4>\n<p>37206875176, 37206789450, 37206789165, 37206784137, 37206864215, 3720-6875176, 3720-6789450, 3720-6789165, 3720-6784137, 3720-6864215, P-2985, 4430201641, P-2794, 4154034240, 4154039562, 4154034210<\/p>\n","protected":false},"excerpt":{"rendered":"<p><strong>Zna\u010dka: <\/strong>BMW<\/p>\n<p><strong>Model:<\/strong> BMW 5 Touring F11 (2013 \u2013 2017), BMW 5 F10 (2013 \u2013 2017), BMW 5 GT F07 (2013 \u2013 2017)<\/p>\n<p><strong>V\u00fdrobce: <\/strong>OEM<\/p>\n<p><strong>Stav:\u00a0<\/strong>Nov\u00e9<\/p>\n<p><strong>Z\u00e1ruka:\u00a0<\/strong>2 roky<\/p>\n<p><strong>Dostupnost:<\/strong>\u00a0<span style=\"color: #00ff00;\"><strong>Skladem<\/strong><\/span><\/p>\n","protected":false},"featured_media":102910,"template":"","meta":{"_et_pb_use_builder":"","_et_pb_old_content":"","_et_gb_content_width":""},"product_brand":[482],"product_cat":[515,519,334],"product_tag":[],"class_list":{"0":"post-101230","1":"product","2":"type-product","3":"status-publish","4":"has-post-thumbnail","6":"product_brand-bmw","7":"product_cat-5-f10-f11-2009-2017-cs","8":"product_cat-5-gt-f07-2009-2017-cs","9":"product_cat-bmw-cs","11":"first","12":"instock","13":"shipping-taxable","14":"purchasable","15":"product-type-simple"},"yoast_head":"<!-- This site is optimized with the Yoast SEO Premium plugin v24.9 (Yoast SEO v27.1.1) - https:\/\/yoast.com\/product\/yoast-seo-premium-wordpress\/ -->\n<title>Vzduchov\u00fd kompresor podvozku BMW 5 Touring F11, BMW 5 GT<\/title>\n<meta name=\"description\" content=\"Nov\u00fd vzduchov\u00fd kompresor podvozku BMW 5 Touring F11 (2013 \u2013 2017), BMW 5 F10 (2013 \u2013 2017) a BMW 5 GT F07 (2013 \u2013 2017). bez teplotn\u00edho \u010didla, v\u010detn\u011b vzduchov\u00e9ho filtru OEM: 37206875176, 37206789450, 37206789165, 37206784137, 37206864215, 3720-6875176, 3720-6789450, 3720-6789165, 3720-6784137, 3720-6864215, P-2985, 4430201641, P-2794, 4154034240, 4154039562, 4154034210\" \/>\n<meta name=\"robots\" content=\"index, follow, max-snippet:-1, max-image-preview:large, max-video-preview:-1\" \/>\n<link rel=\"canonical\" href=\"https:\/\/vzduchovetlmice.sk\/cs\/produkty\/vzduchovy-kompresor-podvozku-bmw-5-f11-f10\/\" \/>\n<meta property=\"og:locale\" content=\"cs_CZ\" \/>\n<meta property=\"og:type\" content=\"article\" \/>\n<meta property=\"og:title\" content=\"Vzduchov\u00fd kompresor podvozku BMW 5 Touring F11, BMW 5 F10, BMW 5 GT F07 - 13&quot;-17&quot;\" \/>\n<meta property=\"og:description\" content=\"Nov\u00fd vzduchov\u00fd kompresor podvozku BMW 5 Touring F11 (2013 \u2013 2017), BMW 5 F10 (2013 \u2013 2017) a BMW 5 GT F07 (2013 \u2013 2017). bez teplotn\u00edho \u010didla, v\u010detn\u011b vzduchov\u00e9ho filtru OEM: 37206875176, 37206789450, 37206789165, 37206784137, 37206864215, 3720-6875176, 3720-6789450, 3720-6789165, 3720-6784137, 3720-6864215, P-2985, 4430201641, P-2794, 4154034240, 4154039562, 4154034210\" \/>\n<meta property=\"og:url\" content=\"https:\/\/vzduchovetlmice.sk\/cs\/produkty\/vzduchovy-kompresor-podvozku-bmw-5-f11-f10\/\" \/>\n<meta property=\"og:site_name\" content=\"VzduchoveTlmice.sk\" \/>\n<meta property=\"article:modified_time\" content=\"2026-03-16T13:31:41+00:00\" \/>\n<meta property=\"og:image\" content=\"https:\/\/vzduchovetlmice.sk\/wp-content\/uploads\/2025\/05\/Vzduchovy-kompresor-podvozku-BMW-5-Touring-F11-BMW-5-F10-BMW-5-GT-F07-37206875176-37206789450-37206789165-37206784137-37206864215.jpg\" \/>\n\t<meta property=\"og:image:width\" content=\"1000\" \/>\n\t<meta property=\"og:image:height\" content=\"1000\" \/>\n\t<meta property=\"og:image:type\" content=\"image\/jpeg\" \/>\n<meta name=\"twitter:card\" content=\"summary_large_image\" \/>\n<meta name=\"twitter:label1\" content=\"Odhadovan\u00e1 doba \u010dten\u00ed\" \/>\n\t<meta name=\"twitter:data1\" content=\"1 minuta\" \/>\n<script type=\"application\/ld+json\" class=\"yoast-schema-graph\">{\"@context\":\"https:\/\/schema.org\",\"@graph\":[{\"@type\":\"WebPage\",\"@id\":\"https:\/\/vzduchovetlmice.sk\/cs\/produkty\/vzduchovy-kompresor-podvozku-bmw-5-f11-f10\/\",\"url\":\"https:\/\/vzduchovetlmice.sk\/cs\/produkty\/vzduchovy-kompresor-podvozku-bmw-5-f11-f10\/\",\"name\":\"Vzduchov\u00fd kompresor podvozku BMW 5 Touring F11, BMW 5 GT\",\"isPartOf\":{\"@id\":\"https:\/\/vzduchovetlmice.sk\/#website\"},\"primaryImageOfPage\":{\"@id\":\"https:\/\/vzduchovetlmice.sk\/cs\/produkty\/vzduchovy-kompresor-podvozku-bmw-5-f11-f10\/#primaryimage\"},\"image\":{\"@id\":\"https:\/\/vzduchovetlmice.sk\/cs\/produkty\/vzduchovy-kompresor-podvozku-bmw-5-f11-f10\/#primaryimage\"},\"thumbnailUrl\":\"https:\/\/vzduchovetlmice.sk\/wp-content\/uploads\/2025\/05\/Vzduchovy-kompresor-podvozku-BMW-5-Touring-F11-BMW-5-F10-BMW-5-GT-F07-37206875176-37206789450-37206789165-37206784137-37206864215.jpg\",\"datePublished\":\"2025-05-29T17:07:56+00:00\",\"dateModified\":\"2026-03-16T13:31:41+00:00\",\"description\":\"Nov\u00fd vzduchov\u00fd kompresor podvozku BMW 5 Touring F11 (2013 \u2013 2017), BMW 5 F10 (2013 \u2013 2017) a BMW 5 GT F07 (2013 \u2013 2017). bez teplotn\u00edho \u010didla, v\u010detn\u011b vzduchov\u00e9ho filtru OEM: 37206875176, 37206789450, 37206789165, 37206784137, 37206864215, 3720-6875176, 3720-6789450, 3720-6789165, 3720-6784137, 3720-6864215, P-2985, 4430201641, P-2794, 4154034240, 4154039562, 4154034210\",\"breadcrumb\":{\"@id\":\"https:\/\/vzduchovetlmice.sk\/cs\/produkty\/vzduchovy-kompresor-podvozku-bmw-5-f11-f10\/#breadcrumb\"},\"inLanguage\":\"cs\",\"potentialAction\":[{\"@type\":\"ReadAction\",\"target\":[\"https:\/\/vzduchovetlmice.sk\/cs\/produkty\/vzduchovy-kompresor-podvozku-bmw-5-f11-f10\/\"]}]},{\"@type\":\"ImageObject\",\"inLanguage\":\"cs\",\"@id\":\"https:\/\/vzduchovetlmice.sk\/cs\/produkty\/vzduchovy-kompresor-podvozku-bmw-5-f11-f10\/#primaryimage\",\"url\":\"https:\/\/vzduchovetlmice.sk\/wp-content\/uploads\/2025\/05\/Vzduchovy-kompresor-podvozku-BMW-5-Touring-F11-BMW-5-F10-BMW-5-GT-F07-37206875176-37206789450-37206789165-37206784137-37206864215.jpg\",\"contentUrl\":\"https:\/\/vzduchovetlmice.sk\/wp-content\/uploads\/2025\/05\/Vzduchovy-kompresor-podvozku-BMW-5-Touring-F11-BMW-5-F10-BMW-5-GT-F07-37206875176-37206789450-37206789165-37206784137-37206864215.jpg\",\"width\":1000,\"height\":1000,\"caption\":\"Vzduchov\u00fd kompresor podvozku BMW 5 Touring F11, BMW 5 F10, BMW 5 GT F07, 37206875176, 37206789450, 37206789165, 37206784137, 37206864215\"},{\"@type\":\"BreadcrumbList\",\"@id\":\"https:\/\/vzduchovetlmice.sk\/cs\/produkty\/vzduchovy-kompresor-podvozku-bmw-5-f11-f10\/#breadcrumb\",\"itemListElement\":[{\"@type\":\"ListItem\",\"position\":1,\"name\":\"Domovsk\u00e1 str\u00e1nka\",\"item\":\"https:\/\/vzduchovetlmice.sk\/\"},{\"@type\":\"ListItem\",\"position\":2,\"name\":\"Obchod\",\"item\":\"https:\/\/vzduchovetlmice.sk\/obchod\/\"},{\"@type\":\"ListItem\",\"position\":3,\"name\":\"Vzduchov\u00fd kompresor podvozku BMW 5 Touring F11, BMW 5 F10, BMW 5 GT F07 &#8211; 13&#8243;-17&#8243;\"}]},{\"@type\":\"WebSite\",\"@id\":\"https:\/\/vzduchovetlmice.sk\/#website\",\"url\":\"https:\/\/vzduchovetlmice.sk\/\",\"name\":\"VzduchoveTlmice.sk\",\"description\":\"predaj dielov pre vzduchov\u00fd podvozok\",\"potentialAction\":[{\"@type\":\"SearchAction\",\"target\":{\"@type\":\"EntryPoint\",\"urlTemplate\":\"https:\/\/vzduchovetlmice.sk\/?s={search_term_string}\"},\"query-input\":{\"@type\":\"PropertyValueSpecification\",\"valueRequired\":true,\"valueName\":\"search_term_string\"}}],\"inLanguage\":\"cs\"}]}<\/script>\n<!-- \/ Yoast SEO Premium plugin. -->","yoast_head_json":{"title":"Vzduchov\u00fd kompresor podvozku BMW 5 Touring F11, BMW 5 GT","description":"Nov\u00fd vzduchov\u00fd kompresor podvozku BMW 5 Touring F11 (2013 \u2013 2017), BMW 5 F10 (2013 \u2013 2017) a BMW 5 GT F07 (2013 \u2013 2017). bez teplotn\u00edho \u010didla, v\u010detn\u011b vzduchov\u00e9ho filtru OEM: 37206875176, 37206789450, 37206789165, 37206784137, 37206864215, 3720-6875176, 3720-6789450, 3720-6789165, 3720-6784137, 3720-6864215, P-2985, 4430201641, P-2794, 4154034240, 4154039562, 4154034210","robots":{"index":"index","follow":"follow","max-snippet":"max-snippet:-1","max-image-preview":"max-image-preview:large","max-video-preview":"max-video-preview:-1"},"canonical":"https:\/\/vzduchovetlmice.sk\/cs\/produkty\/vzduchovy-kompresor-podvozku-bmw-5-f11-f10\/","og_locale":"cs_CZ","og_type":"article","og_title":"Vzduchov\u00fd kompresor podvozku BMW 5 Touring F11, BMW 5 F10, BMW 5 GT F07 - 13\"-17\"","og_description":"Nov\u00fd vzduchov\u00fd kompresor podvozku BMW 5 Touring F11 (2013 \u2013 2017), BMW 5 F10 (2013 \u2013 2017) a BMW 5 GT F07 (2013 \u2013 2017). bez teplotn\u00edho \u010didla, v\u010detn\u011b vzduchov\u00e9ho filtru OEM: 37206875176, 37206789450, 37206789165, 37206784137, 37206864215, 3720-6875176, 3720-6789450, 3720-6789165, 3720-6784137, 3720-6864215, P-2985, 4430201641, P-2794, 4154034240, 4154039562, 4154034210","og_url":"https:\/\/vzduchovetlmice.sk\/cs\/produkty\/vzduchovy-kompresor-podvozku-bmw-5-f11-f10\/","og_site_name":"VzduchoveTlmice.sk","article_modified_time":"2026-03-16T13:31:41+00:00","og_image":[{"width":1000,"height":1000,"url":"https:\/\/vzduchovetlmice.sk\/wp-content\/uploads\/2025\/05\/Vzduchovy-kompresor-podvozku-BMW-5-Touring-F11-BMW-5-F10-BMW-5-GT-F07-37206875176-37206789450-37206789165-37206784137-37206864215.jpg","type":"image\/jpeg"}],"twitter_card":"summary_large_image","twitter_misc":{"Odhadovan\u00e1 doba \u010dten\u00ed":"1 minuta"},"schema":{"@context":"https:\/\/schema.org","@graph":[{"@type":"WebPage","@id":"https:\/\/vzduchovetlmice.sk\/cs\/produkty\/vzduchovy-kompresor-podvozku-bmw-5-f11-f10\/","url":"https:\/\/vzduchovetlmice.sk\/cs\/produkty\/vzduchovy-kompresor-podvozku-bmw-5-f11-f10\/","name":"Vzduchov\u00fd kompresor podvozku BMW 5 Touring F11, BMW 5 GT","isPartOf":{"@id":"https:\/\/vzduchovetlmice.sk\/#website"},"primaryImageOfPage":{"@id":"https:\/\/vzduchovetlmice.sk\/cs\/produkty\/vzduchovy-kompresor-podvozku-bmw-5-f11-f10\/#primaryimage"},"image":{"@id":"https:\/\/vzduchovetlmice.sk\/cs\/produkty\/vzduchovy-kompresor-podvozku-bmw-5-f11-f10\/#primaryimage"},"thumbnailUrl":"https:\/\/vzduchovetlmice.sk\/wp-content\/uploads\/2025\/05\/Vzduchovy-kompresor-podvozku-BMW-5-Touring-F11-BMW-5-F10-BMW-5-GT-F07-37206875176-37206789450-37206789165-37206784137-37206864215.jpg","datePublished":"2025-05-29T17:07:56+00:00","dateModified":"2026-03-16T13:31:41+00:00","description":"Nov\u00fd vzduchov\u00fd kompresor podvozku BMW 5 Touring F11 (2013 \u2013 2017), BMW 5 F10 (2013 \u2013 2017) a BMW 5 GT F07 (2013 \u2013 2017). bez teplotn\u00edho \u010didla, v\u010detn\u011b vzduchov\u00e9ho filtru OEM: 37206875176, 37206789450, 37206789165, 37206784137, 37206864215, 3720-6875176, 3720-6789450, 3720-6789165, 3720-6784137, 3720-6864215, P-2985, 4430201641, P-2794, 4154034240, 4154039562, 4154034210","breadcrumb":{"@id":"https:\/\/vzduchovetlmice.sk\/cs\/produkty\/vzduchovy-kompresor-podvozku-bmw-5-f11-f10\/#breadcrumb"},"inLanguage":"cs","potentialAction":[{"@type":"ReadAction","target":["https:\/\/vzduchovetlmice.sk\/cs\/produkty\/vzduchovy-kompresor-podvozku-bmw-5-f11-f10\/"]}]},{"@type":"ImageObject","inLanguage":"cs","@id":"https:\/\/vzduchovetlmice.sk\/cs\/produkty\/vzduchovy-kompresor-podvozku-bmw-5-f11-f10\/#primaryimage","url":"https:\/\/vzduchovetlmice.sk\/wp-content\/uploads\/2025\/05\/Vzduchovy-kompresor-podvozku-BMW-5-Touring-F11-BMW-5-F10-BMW-5-GT-F07-37206875176-37206789450-37206789165-37206784137-37206864215.jpg","contentUrl":"https:\/\/vzduchovetlmice.sk\/wp-content\/uploads\/2025\/05\/Vzduchovy-kompresor-podvozku-BMW-5-Touring-F11-BMW-5-F10-BMW-5-GT-F07-37206875176-37206789450-37206789165-37206784137-37206864215.jpg","width":1000,"height":1000,"caption":"Vzduchov\u00fd kompresor podvozku BMW 5 Touring F11, BMW 5 F10, BMW 5 GT F07, 37206875176, 37206789450, 37206789165, 37206784137, 37206864215"},{"@type":"BreadcrumbList","@id":"https:\/\/vzduchovetlmice.sk\/cs\/produkty\/vzduchovy-kompresor-podvozku-bmw-5-f11-f10\/#breadcrumb","itemListElement":[{"@type":"ListItem","position":1,"name":"Domovsk\u00e1 str\u00e1nka","item":"https:\/\/vzduchovetlmice.sk\/"},{"@type":"ListItem","position":2,"name":"Obchod","item":"https:\/\/vzduchovetlmice.sk\/obchod\/"},{"@type":"ListItem","position":3,"name":"Vzduchov\u00fd kompresor podvozku BMW 5 Touring F11, BMW 5 F10, BMW 5 GT F07 &#8211; 13&#8243;-17&#8243;"}]},{"@type":"WebSite","@id":"https:\/\/vzduchovetlmice.sk\/#website","url":"https:\/\/vzduchovetlmice.sk\/","name":"VzduchoveTlmice.sk","description":"predaj dielov pre vzduchov\u00fd podvozok","potentialAction":[{"@type":"SearchAction","target":{"@type":"EntryPoint","urlTemplate":"https:\/\/vzduchovetlmice.sk\/?s={search_term_string}"},"query-input":{"@type":"PropertyValueSpecification","valueRequired":true,"valueName":"search_term_string"}}],"inLanguage":"cs"}]}},"_links":{"self":[{"href":"https:\/\/vzduchovetlmice.sk\/cs\/wp-json\/wp\/v2\/product\/101230","targetHints":{"allow":["GET"]}}],"collection":[{"href":"https:\/\/vzduchovetlmice.sk\/cs\/wp-json\/wp\/v2\/product"}],"about":[{"href":"https:\/\/vzduchovetlmice.sk\/cs\/wp-json\/wp\/v2\/types\/product"}],"wp:featuredmedia":[{"embeddable":true,"href":"https:\/\/vzduchovetlmice.sk\/cs\/wp-json\/wp\/v2\/media\/102910"}],"wp:attachment":[{"href":"https:\/\/vzduchovetlmice.sk\/cs\/wp-json\/wp\/v2\/media?parent=101230"}],"wp:term":[{"taxonomy":"product_brand","embeddable":true,"href":"https:\/\/vzduchovetlmice.sk\/cs\/wp-json\/wp\/v2\/product_brand?post=101230"},{"taxonomy":"product_cat","embeddable":true,"href":"https:\/\/vzduchovetlmice.sk\/cs\/wp-json\/wp\/v2\/product_cat?post=101230"},{"taxonomy":"product_tag","embeddable":true,"href":"https:\/\/vzduchovetlmice.sk\/cs\/wp-json\/wp\/v2\/product_tag?post=101230"}],"curies":[{"name":"wp","href":"https:\/\/api.w.org\/{rel}","templated":true}]}}