{"id":101236,"date":"2025-05-29T18:43:56","date_gmt":"2025-05-29T18:43:56","guid":{"rendered":"https:\/\/vzduchovetlmice.sk\/?post_type=product&#038;p=101236"},"modified":"2025-11-21T10:50:52","modified_gmt":"2025-11-21T10:50:52","slug":"predni-pravy-tlumic-bmw-7-e65-e66-s-edc","status":"publish","type":"product","link":"https:\/\/vzduchovetlmice.sk\/cs\/produkty\/predni-pravy-tlumic-bmw-7-e65-e66-s-edc\/","title":{"rendered":"P\u0159edn\u00ed prav\u00fd tlumi\u010d BMW 7 E65\/E66 s EDC"},"content":{"rendered":"<h3><strong>Dal\u0161\u00ed informace:<\/strong><\/h3>\n<p>Nov\u00fd p\u0159edn\u00ed prav\u00fd tlumi\u010d p\u00e9rov\u00e1n\u00ed BMW 7 E65\/E66 (2001 &#8211; 2009) s EDC &#8211; elektronicky \u0159\u00edzen\u00fd tlumi\u010d.<\/p>\n<h4><strong>Origin\u00e1ln\u00ed v\u00fdrobn\u00ed \u010d\u00edsla (OEM): <\/strong><\/h4>\n<p>31316777672, 31316785528, 31316785530, 31316758884, 31316777674, 31316758882, 37106782146, 31316762522, 31316761812, 37106782148, 37116770056, 23-233331, 582400126402, 319103, 319 103<\/p>\n<p>Nebo \u010d\u00edslo na tlumi\u010di p\u00e9rov\u00e1n\u00ed: 004954110240<\/p>\n","protected":false},"excerpt":{"rendered":"<p><strong>Zna\u010dka:\u00a0<\/strong>BMW<\/p>\n<p><strong>Model:<\/strong> BMW 7 E65\/E66 (2001 \u2013 2009)<\/p>\n<p><strong>Typ:<\/strong> s EDC &#8211; elektronicky riaden\u00fd tlmi\u010d<\/p>\n<p><strong>Poloha: <\/strong>P\u0159edn\u00ed n\u00e1prava vpravo<\/p>\n<p><strong>V\u00fdrobce: <\/strong>OEM<\/p>\n<p><strong>Stav:\u00a0<\/strong>Nov\u00e9<\/p>\n<p><strong>Z\u00e1ruka:\u00a0<\/strong>2 roky<\/p>\n<p><strong>Dostupnost:<\/strong>\u00a0<span style=\"color: #00ff00;\"><strong>Skladem<\/strong><\/span><\/p>\n","protected":false},"featured_media":0,"template":"","meta":{"_et_pb_use_builder":"","_et_pb_old_content":"","_et_gb_content_width":""},"product_brand":[482],"product_cat":[521,334],"product_tag":[],"class_list":{"0":"post-101236","1":"product","2":"type-product","3":"status-publish","5":"product_brand-bmw","6":"product_cat-7-e65-e66-2001-2009-cs","7":"product_cat-bmw-cs","9":"first","10":"instock","11":"shipping-taxable","12":"purchasable","13":"product-type-simple"},"yoast_head":"<!-- This site is optimized with the Yoast SEO Premium plugin v24.9 (Yoast SEO v27.1.1) - https:\/\/yoast.com\/product\/yoast-seo-premium-wordpress\/ -->\n<title>P\u0159edn\u00ed prav\u00fd tlumi\u010d BMW 7 E65\/E66 s EDC<\/title>\n<meta name=\"description\" content=\"Nov\u00fd p\u0159edn\u00ed prav\u00fd tlumi\u010d p\u00e9rov\u00e1n\u00ed BMW 7 E65\/E66 (2001 - 2009) s EDC - elektronicky \u0159\u00edzen\u00fd tlumi\u010d. OEM: 31316777672, 31316785528, 31316785530, 31316758884, 31316777674, 31316758882, 37106782146, 31316762522, 31316761812, 37106782148, 37116770056, 23-233331, 582400126402, 319103, 319 103, 004954110240\" \/>\n<meta name=\"robots\" content=\"index, follow, max-snippet:-1, max-image-preview:large, max-video-preview:-1\" \/>\n<link rel=\"canonical\" href=\"https:\/\/vzduchovetlmice.sk\/cs\/produkty\/predni-pravy-tlumic-bmw-7-e65-e66-s-edc\/\" \/>\n<meta property=\"og:locale\" content=\"cs_CZ\" \/>\n<meta property=\"og:type\" content=\"article\" \/>\n<meta property=\"og:title\" content=\"P\u0159edn\u00ed prav\u00fd tlumi\u010d BMW 7 E65\/E66 s EDC\" \/>\n<meta property=\"og:description\" content=\"Nov\u00fd p\u0159edn\u00ed prav\u00fd tlumi\u010d p\u00e9rov\u00e1n\u00ed BMW 7 E65\/E66 (2001 - 2009) s EDC - elektronicky \u0159\u00edzen\u00fd tlumi\u010d. OEM: 31316777672, 31316785528, 31316785530, 31316758884, 31316777674, 31316758882, 37106782146, 31316762522, 31316761812, 37106782148, 37116770056, 23-233331, 582400126402, 319103, 319 103, 004954110240\" \/>\n<meta property=\"og:url\" content=\"https:\/\/vzduchovetlmice.sk\/cs\/produkty\/predni-pravy-tlumic-bmw-7-e65-e66-s-edc\/\" \/>\n<meta property=\"og:site_name\" content=\"VzduchoveTlmice.sk\" \/>\n<meta property=\"article:modified_time\" content=\"2025-11-21T10:50:52+00:00\" \/>\n<meta name=\"twitter:card\" content=\"summary_large_image\" \/>\n<meta name=\"twitter:label1\" content=\"Odhadovan\u00e1 doba \u010dten\u00ed\" \/>\n\t<meta name=\"twitter:data1\" content=\"1 minuta\" \/>\n<script type=\"application\/ld+json\" class=\"yoast-schema-graph\">{\"@context\":\"https:\/\/schema.org\",\"@graph\":[{\"@type\":\"WebPage\",\"@id\":\"https:\/\/vzduchovetlmice.sk\/cs\/produkty\/predni-pravy-tlumic-bmw-7-e65-e66-s-edc\/\",\"url\":\"https:\/\/vzduchovetlmice.sk\/cs\/produkty\/predni-pravy-tlumic-bmw-7-e65-e66-s-edc\/\",\"name\":\"P\u0159edn\u00ed prav\u00fd tlumi\u010d BMW 7 E65\/E66 s EDC\",\"isPartOf\":{\"@id\":\"https:\/\/vzduchovetlmice.sk\/#website\"},\"datePublished\":\"2025-05-29T18:43:56+00:00\",\"dateModified\":\"2025-11-21T10:50:52+00:00\",\"description\":\"Nov\u00fd p\u0159edn\u00ed prav\u00fd tlumi\u010d p\u00e9rov\u00e1n\u00ed BMW 7 E65\/E66 (2001 - 2009) s EDC - elektronicky \u0159\u00edzen\u00fd tlumi\u010d. OEM: 31316777672, 31316785528, 31316785530, 31316758884, 31316777674, 31316758882, 37106782146, 31316762522, 31316761812, 37106782148, 37116770056, 23-233331, 582400126402, 319103, 319 103, 004954110240\",\"breadcrumb\":{\"@id\":\"https:\/\/vzduchovetlmice.sk\/cs\/produkty\/predni-pravy-tlumic-bmw-7-e65-e66-s-edc\/#breadcrumb\"},\"inLanguage\":\"cs\",\"potentialAction\":[{\"@type\":\"ReadAction\",\"target\":[\"https:\/\/vzduchovetlmice.sk\/cs\/produkty\/predni-pravy-tlumic-bmw-7-e65-e66-s-edc\/\"]}]},{\"@type\":\"BreadcrumbList\",\"@id\":\"https:\/\/vzduchovetlmice.sk\/cs\/produkty\/predni-pravy-tlumic-bmw-7-e65-e66-s-edc\/#breadcrumb\",\"itemListElement\":[{\"@type\":\"ListItem\",\"position\":1,\"name\":\"Domovsk\u00e1 str\u00e1nka\",\"item\":\"https:\/\/vzduchovetlmice.sk\/\"},{\"@type\":\"ListItem\",\"position\":2,\"name\":\"Obchod\",\"item\":\"https:\/\/vzduchovetlmice.sk\/obchod\/\"},{\"@type\":\"ListItem\",\"position\":3,\"name\":\"P\u0159edn\u00ed prav\u00fd tlumi\u010d BMW 7 E65\/E66 s EDC\"}]},{\"@type\":\"WebSite\",\"@id\":\"https:\/\/vzduchovetlmice.sk\/#website\",\"url\":\"https:\/\/vzduchovetlmice.sk\/\",\"name\":\"VzduchoveTlmice.sk\",\"description\":\"predaj dielov pre vzduchov\u00fd podvozok\",\"potentialAction\":[{\"@type\":\"SearchAction\",\"target\":{\"@type\":\"EntryPoint\",\"urlTemplate\":\"https:\/\/vzduchovetlmice.sk\/?s={search_term_string}\"},\"query-input\":{\"@type\":\"PropertyValueSpecification\",\"valueRequired\":true,\"valueName\":\"search_term_string\"}}],\"inLanguage\":\"cs\"}]}<\/script>\n<!-- \/ Yoast SEO Premium plugin. -->","yoast_head_json":{"title":"P\u0159edn\u00ed prav\u00fd tlumi\u010d BMW 7 E65\/E66 s EDC","description":"Nov\u00fd p\u0159edn\u00ed prav\u00fd tlumi\u010d p\u00e9rov\u00e1n\u00ed BMW 7 E65\/E66 (2001 - 2009) s EDC - elektronicky \u0159\u00edzen\u00fd tlumi\u010d. OEM: 31316777672, 31316785528, 31316785530, 31316758884, 31316777674, 31316758882, 37106782146, 31316762522, 31316761812, 37106782148, 37116770056, 23-233331, 582400126402, 319103, 319 103, 004954110240","robots":{"index":"index","follow":"follow","max-snippet":"max-snippet:-1","max-image-preview":"max-image-preview:large","max-video-preview":"max-video-preview:-1"},"canonical":"https:\/\/vzduchovetlmice.sk\/cs\/produkty\/predni-pravy-tlumic-bmw-7-e65-e66-s-edc\/","og_locale":"cs_CZ","og_type":"article","og_title":"P\u0159edn\u00ed prav\u00fd tlumi\u010d BMW 7 E65\/E66 s EDC","og_description":"Nov\u00fd p\u0159edn\u00ed prav\u00fd tlumi\u010d p\u00e9rov\u00e1n\u00ed BMW 7 E65\/E66 (2001 - 2009) s EDC - elektronicky \u0159\u00edzen\u00fd tlumi\u010d. OEM: 31316777672, 31316785528, 31316785530, 31316758884, 31316777674, 31316758882, 37106782146, 31316762522, 31316761812, 37106782148, 37116770056, 23-233331, 582400126402, 319103, 319 103, 004954110240","og_url":"https:\/\/vzduchovetlmice.sk\/cs\/produkty\/predni-pravy-tlumic-bmw-7-e65-e66-s-edc\/","og_site_name":"VzduchoveTlmice.sk","article_modified_time":"2025-11-21T10:50:52+00:00","twitter_card":"summary_large_image","twitter_misc":{"Odhadovan\u00e1 doba \u010dten\u00ed":"1 minuta"},"schema":{"@context":"https:\/\/schema.org","@graph":[{"@type":"WebPage","@id":"https:\/\/vzduchovetlmice.sk\/cs\/produkty\/predni-pravy-tlumic-bmw-7-e65-e66-s-edc\/","url":"https:\/\/vzduchovetlmice.sk\/cs\/produkty\/predni-pravy-tlumic-bmw-7-e65-e66-s-edc\/","name":"P\u0159edn\u00ed prav\u00fd tlumi\u010d BMW 7 E65\/E66 s EDC","isPartOf":{"@id":"https:\/\/vzduchovetlmice.sk\/#website"},"datePublished":"2025-05-29T18:43:56+00:00","dateModified":"2025-11-21T10:50:52+00:00","description":"Nov\u00fd p\u0159edn\u00ed prav\u00fd tlumi\u010d p\u00e9rov\u00e1n\u00ed BMW 7 E65\/E66 (2001 - 2009) s EDC - elektronicky \u0159\u00edzen\u00fd tlumi\u010d. OEM: 31316777672, 31316785528, 31316785530, 31316758884, 31316777674, 31316758882, 37106782146, 31316762522, 31316761812, 37106782148, 37116770056, 23-233331, 582400126402, 319103, 319 103, 004954110240","breadcrumb":{"@id":"https:\/\/vzduchovetlmice.sk\/cs\/produkty\/predni-pravy-tlumic-bmw-7-e65-e66-s-edc\/#breadcrumb"},"inLanguage":"cs","potentialAction":[{"@type":"ReadAction","target":["https:\/\/vzduchovetlmice.sk\/cs\/produkty\/predni-pravy-tlumic-bmw-7-e65-e66-s-edc\/"]}]},{"@type":"BreadcrumbList","@id":"https:\/\/vzduchovetlmice.sk\/cs\/produkty\/predni-pravy-tlumic-bmw-7-e65-e66-s-edc\/#breadcrumb","itemListElement":[{"@type":"ListItem","position":1,"name":"Domovsk\u00e1 str\u00e1nka","item":"https:\/\/vzduchovetlmice.sk\/"},{"@type":"ListItem","position":2,"name":"Obchod","item":"https:\/\/vzduchovetlmice.sk\/obchod\/"},{"@type":"ListItem","position":3,"name":"P\u0159edn\u00ed prav\u00fd tlumi\u010d BMW 7 E65\/E66 s EDC"}]},{"@type":"WebSite","@id":"https:\/\/vzduchovetlmice.sk\/#website","url":"https:\/\/vzduchovetlmice.sk\/","name":"VzduchoveTlmice.sk","description":"predaj dielov pre vzduchov\u00fd podvozok","potentialAction":[{"@type":"SearchAction","target":{"@type":"EntryPoint","urlTemplate":"https:\/\/vzduchovetlmice.sk\/?s={search_term_string}"},"query-input":{"@type":"PropertyValueSpecification","valueRequired":true,"valueName":"search_term_string"}}],"inLanguage":"cs"}]}},"_links":{"self":[{"href":"https:\/\/vzduchovetlmice.sk\/cs\/wp-json\/wp\/v2\/product\/101236","targetHints":{"allow":["GET"]}}],"collection":[{"href":"https:\/\/vzduchovetlmice.sk\/cs\/wp-json\/wp\/v2\/product"}],"about":[{"href":"https:\/\/vzduchovetlmice.sk\/cs\/wp-json\/wp\/v2\/types\/product"}],"wp:attachment":[{"href":"https:\/\/vzduchovetlmice.sk\/cs\/wp-json\/wp\/v2\/media?parent=101236"}],"wp:term":[{"taxonomy":"product_brand","embeddable":true,"href":"https:\/\/vzduchovetlmice.sk\/cs\/wp-json\/wp\/v2\/product_brand?post=101236"},{"taxonomy":"product_cat","embeddable":true,"href":"https:\/\/vzduchovetlmice.sk\/cs\/wp-json\/wp\/v2\/product_cat?post=101236"},{"taxonomy":"product_tag","embeddable":true,"href":"https:\/\/vzduchovetlmice.sk\/cs\/wp-json\/wp\/v2\/product_tag?post=101236"}],"curies":[{"name":"wp","href":"https:\/\/api.w.org\/{rel}","templated":true}]}}