{"id":101263,"date":"2025-05-30T10:07:40","date_gmt":"2025-05-30T10:07:40","guid":{"rendered":"https:\/\/vzduchovetlmice.sk\/?post_type=product&#038;p=101263"},"modified":"2025-11-21T11:04:56","modified_gmt":"2025-11-21T11:04:56","slug":"predni-levy-tlumic-bmw-x3-f25-bmw-x4-f26-s-edc","status":"publish","type":"product","link":"https:\/\/vzduchovetlmice.sk\/cs\/produkty\/predni-levy-tlumic-bmw-x3-f25-bmw-x4-f26-s-edc\/","title":{"rendered":"P\u0159edn\u00ed lev\u00fd tlumi\u010d BMW X3 F25, BMW X4 F26 s EDC"},"content":{"rendered":"<h3><strong>Dal\u0161\u00ed informace:<\/strong><\/h3>\n<p>Nov\u00fd p\u0159edn\u00ed lev\u00fd tlumi\u010d p\u00e9rov\u00e1n\u00ed BMW X3 F25 (2010-2017) a BMW X4 F26 (2013-2018) s EDC &#8211; Electronic Damping Control.<\/p>\n<h4><strong>Origin\u00e1ln\u00ed v\u00fdrobn\u00ed \u010d\u00edsla (OEM): <\/strong><\/h4>\n<p>37116797025, 37126797025, 37116797027, 37126797027, 37 11 6797025, 37 12 6797025, 37 11 6797027, 37 12 6797027<\/p>\n","protected":false},"excerpt":{"rendered":"<p><strong>Zna\u010dka:\u00a0<\/strong>BMW<\/p>\n<p><strong>Model:<\/strong> BMW X3 F25 (2010 \u2013 2017), BMW X4 F26 (2013 &#8211; 2018)<\/p>\n<p><strong>Typ:<\/strong> s EDC &#8211; elektronicky \u0159\u00edzen\u00fd tlmi\u010d (Electronic Damping Control)<\/p>\n<p><strong>Poloha: <\/strong>P\u0159edn\u00ed n\u00e1prava vlevo<\/p>\n<p><strong>V\u00fdrobce: <\/strong>OEM<\/p>\n<p><strong>Stav:\u00a0<\/strong>Nov\u00e9<\/p>\n<p><strong>Z\u00e1ruka:\u00a0<\/strong>2 roky<\/p>\n<p><strong>Dostupnost:<\/strong>\u00a0<span style=\"color: #00ff00;\"><strong>Skladem<\/strong><\/span><\/p>\n","protected":false},"featured_media":0,"template":"","meta":{"_et_pb_use_builder":"","_et_pb_old_content":"","_et_gb_content_width":""},"product_brand":[482],"product_cat":[334,528,529],"product_tag":[],"class_list":{"0":"post-101263","1":"product","2":"type-product","3":"status-publish","5":"product_brand-bmw","6":"product_cat-bmw-cs","7":"product_cat-x3-f25-2010-2017-cs","8":"product_cat-x4-f26-2013-2018-cs","10":"first","11":"instock","12":"shipping-taxable","13":"purchasable","14":"product-type-simple"},"yoast_head":"<!-- This site is optimized with the Yoast SEO Premium plugin v24.9 (Yoast SEO v27.1.1) - https:\/\/yoast.com\/product\/yoast-seo-premium-wordpress\/ -->\n<title>P\u0159edn\u00ed lev\u00fd tlumi\u010d BMW X3 F25, BMW X4 F26 s EDC<\/title>\n<meta name=\"description\" content=\"Nov\u00fd p\u0159edn\u00ed lev\u00fd tlumi\u010d p\u00e9rov\u00e1n\u00ed BMW X3 F25 (2010-2017) a BMW X4 F26 (2013-2018) s EDC - Electronic Damping Control. OEM: 37116797025, 37126797025, 37116797027, 37126797027, 37 11 6797025, 37 12 6797025, 37 11 6797027, 37 12 6797027\" \/>\n<meta name=\"robots\" content=\"index, follow, max-snippet:-1, max-image-preview:large, max-video-preview:-1\" \/>\n<link rel=\"canonical\" href=\"https:\/\/vzduchovetlmice.sk\/cs\/produkty\/predni-levy-tlumic-bmw-x3-f25-bmw-x4-f26-s-edc\/\" \/>\n<meta property=\"og:locale\" content=\"cs_CZ\" \/>\n<meta property=\"og:type\" content=\"article\" \/>\n<meta property=\"og:title\" content=\"P\u0159edn\u00ed lev\u00fd tlumi\u010d BMW X3 F25, BMW X4 F26 s EDC\" \/>\n<meta property=\"og:description\" content=\"Nov\u00fd p\u0159edn\u00ed lev\u00fd tlumi\u010d p\u00e9rov\u00e1n\u00ed BMW X3 F25 (2010-2017) a BMW X4 F26 (2013-2018) s EDC - Electronic Damping Control. OEM: 37116797025, 37126797025, 37116797027, 37126797027, 37 11 6797025, 37 12 6797025, 37 11 6797027, 37 12 6797027\" \/>\n<meta property=\"og:url\" content=\"https:\/\/vzduchovetlmice.sk\/cs\/produkty\/predni-levy-tlumic-bmw-x3-f25-bmw-x4-f26-s-edc\/\" \/>\n<meta property=\"og:site_name\" content=\"VzduchoveTlmice.sk\" \/>\n<meta property=\"article:modified_time\" content=\"2025-11-21T11:04:56+00:00\" \/>\n<meta name=\"twitter:card\" content=\"summary_large_image\" \/>\n<meta name=\"twitter:label1\" content=\"Odhadovan\u00e1 doba \u010dten\u00ed\" \/>\n\t<meta name=\"twitter:data1\" content=\"1 minuta\" \/>\n<script type=\"application\/ld+json\" class=\"yoast-schema-graph\">{\"@context\":\"https:\/\/schema.org\",\"@graph\":[{\"@type\":\"WebPage\",\"@id\":\"https:\/\/vzduchovetlmice.sk\/cs\/produkty\/predni-levy-tlumic-bmw-x3-f25-bmw-x4-f26-s-edc\/\",\"url\":\"https:\/\/vzduchovetlmice.sk\/cs\/produkty\/predni-levy-tlumic-bmw-x3-f25-bmw-x4-f26-s-edc\/\",\"name\":\"P\u0159edn\u00ed lev\u00fd tlumi\u010d BMW X3 F25, BMW X4 F26 s EDC\",\"isPartOf\":{\"@id\":\"https:\/\/vzduchovetlmice.sk\/#website\"},\"datePublished\":\"2025-05-30T10:07:40+00:00\",\"dateModified\":\"2025-11-21T11:04:56+00:00\",\"description\":\"Nov\u00fd p\u0159edn\u00ed lev\u00fd tlumi\u010d p\u00e9rov\u00e1n\u00ed BMW X3 F25 (2010-2017) a BMW X4 F26 (2013-2018) s EDC - Electronic Damping Control. OEM: 37116797025, 37126797025, 37116797027, 37126797027, 37 11 6797025, 37 12 6797025, 37 11 6797027, 37 12 6797027\",\"breadcrumb\":{\"@id\":\"https:\/\/vzduchovetlmice.sk\/cs\/produkty\/predni-levy-tlumic-bmw-x3-f25-bmw-x4-f26-s-edc\/#breadcrumb\"},\"inLanguage\":\"cs\",\"potentialAction\":[{\"@type\":\"ReadAction\",\"target\":[\"https:\/\/vzduchovetlmice.sk\/cs\/produkty\/predni-levy-tlumic-bmw-x3-f25-bmw-x4-f26-s-edc\/\"]}]},{\"@type\":\"BreadcrumbList\",\"@id\":\"https:\/\/vzduchovetlmice.sk\/cs\/produkty\/predni-levy-tlumic-bmw-x3-f25-bmw-x4-f26-s-edc\/#breadcrumb\",\"itemListElement\":[{\"@type\":\"ListItem\",\"position\":1,\"name\":\"Domovsk\u00e1 str\u00e1nka\",\"item\":\"https:\/\/vzduchovetlmice.sk\/\"},{\"@type\":\"ListItem\",\"position\":2,\"name\":\"Obchod\",\"item\":\"https:\/\/vzduchovetlmice.sk\/obchod\/\"},{\"@type\":\"ListItem\",\"position\":3,\"name\":\"P\u0159edn\u00ed lev\u00fd tlumi\u010d BMW X3 F25, BMW X4 F26 s EDC\"}]},{\"@type\":\"WebSite\",\"@id\":\"https:\/\/vzduchovetlmice.sk\/#website\",\"url\":\"https:\/\/vzduchovetlmice.sk\/\",\"name\":\"VzduchoveTlmice.sk\",\"description\":\"predaj dielov pre vzduchov\u00fd podvozok\",\"potentialAction\":[{\"@type\":\"SearchAction\",\"target\":{\"@type\":\"EntryPoint\",\"urlTemplate\":\"https:\/\/vzduchovetlmice.sk\/?s={search_term_string}\"},\"query-input\":{\"@type\":\"PropertyValueSpecification\",\"valueRequired\":true,\"valueName\":\"search_term_string\"}}],\"inLanguage\":\"cs\"}]}<\/script>\n<!-- \/ Yoast SEO Premium plugin. -->","yoast_head_json":{"title":"P\u0159edn\u00ed lev\u00fd tlumi\u010d BMW X3 F25, BMW X4 F26 s EDC","description":"Nov\u00fd p\u0159edn\u00ed lev\u00fd tlumi\u010d p\u00e9rov\u00e1n\u00ed BMW X3 F25 (2010-2017) a BMW X4 F26 (2013-2018) s EDC - Electronic Damping Control. OEM: 37116797025, 37126797025, 37116797027, 37126797027, 37 11 6797025, 37 12 6797025, 37 11 6797027, 37 12 6797027","robots":{"index":"index","follow":"follow","max-snippet":"max-snippet:-1","max-image-preview":"max-image-preview:large","max-video-preview":"max-video-preview:-1"},"canonical":"https:\/\/vzduchovetlmice.sk\/cs\/produkty\/predni-levy-tlumic-bmw-x3-f25-bmw-x4-f26-s-edc\/","og_locale":"cs_CZ","og_type":"article","og_title":"P\u0159edn\u00ed lev\u00fd tlumi\u010d BMW X3 F25, BMW X4 F26 s EDC","og_description":"Nov\u00fd p\u0159edn\u00ed lev\u00fd tlumi\u010d p\u00e9rov\u00e1n\u00ed BMW X3 F25 (2010-2017) a BMW X4 F26 (2013-2018) s EDC - Electronic Damping Control. OEM: 37116797025, 37126797025, 37116797027, 37126797027, 37 11 6797025, 37 12 6797025, 37 11 6797027, 37 12 6797027","og_url":"https:\/\/vzduchovetlmice.sk\/cs\/produkty\/predni-levy-tlumic-bmw-x3-f25-bmw-x4-f26-s-edc\/","og_site_name":"VzduchoveTlmice.sk","article_modified_time":"2025-11-21T11:04:56+00:00","twitter_card":"summary_large_image","twitter_misc":{"Odhadovan\u00e1 doba \u010dten\u00ed":"1 minuta"},"schema":{"@context":"https:\/\/schema.org","@graph":[{"@type":"WebPage","@id":"https:\/\/vzduchovetlmice.sk\/cs\/produkty\/predni-levy-tlumic-bmw-x3-f25-bmw-x4-f26-s-edc\/","url":"https:\/\/vzduchovetlmice.sk\/cs\/produkty\/predni-levy-tlumic-bmw-x3-f25-bmw-x4-f26-s-edc\/","name":"P\u0159edn\u00ed lev\u00fd tlumi\u010d BMW X3 F25, BMW X4 F26 s EDC","isPartOf":{"@id":"https:\/\/vzduchovetlmice.sk\/#website"},"datePublished":"2025-05-30T10:07:40+00:00","dateModified":"2025-11-21T11:04:56+00:00","description":"Nov\u00fd p\u0159edn\u00ed lev\u00fd tlumi\u010d p\u00e9rov\u00e1n\u00ed BMW X3 F25 (2010-2017) a BMW X4 F26 (2013-2018) s EDC - Electronic Damping Control. OEM: 37116797025, 37126797025, 37116797027, 37126797027, 37 11 6797025, 37 12 6797025, 37 11 6797027, 37 12 6797027","breadcrumb":{"@id":"https:\/\/vzduchovetlmice.sk\/cs\/produkty\/predni-levy-tlumic-bmw-x3-f25-bmw-x4-f26-s-edc\/#breadcrumb"},"inLanguage":"cs","potentialAction":[{"@type":"ReadAction","target":["https:\/\/vzduchovetlmice.sk\/cs\/produkty\/predni-levy-tlumic-bmw-x3-f25-bmw-x4-f26-s-edc\/"]}]},{"@type":"BreadcrumbList","@id":"https:\/\/vzduchovetlmice.sk\/cs\/produkty\/predni-levy-tlumic-bmw-x3-f25-bmw-x4-f26-s-edc\/#breadcrumb","itemListElement":[{"@type":"ListItem","position":1,"name":"Domovsk\u00e1 str\u00e1nka","item":"https:\/\/vzduchovetlmice.sk\/"},{"@type":"ListItem","position":2,"name":"Obchod","item":"https:\/\/vzduchovetlmice.sk\/obchod\/"},{"@type":"ListItem","position":3,"name":"P\u0159edn\u00ed lev\u00fd tlumi\u010d BMW X3 F25, BMW X4 F26 s EDC"}]},{"@type":"WebSite","@id":"https:\/\/vzduchovetlmice.sk\/#website","url":"https:\/\/vzduchovetlmice.sk\/","name":"VzduchoveTlmice.sk","description":"predaj dielov pre vzduchov\u00fd podvozok","potentialAction":[{"@type":"SearchAction","target":{"@type":"EntryPoint","urlTemplate":"https:\/\/vzduchovetlmice.sk\/?s={search_term_string}"},"query-input":{"@type":"PropertyValueSpecification","valueRequired":true,"valueName":"search_term_string"}}],"inLanguage":"cs"}]}},"_links":{"self":[{"href":"https:\/\/vzduchovetlmice.sk\/cs\/wp-json\/wp\/v2\/product\/101263","targetHints":{"allow":["GET"]}}],"collection":[{"href":"https:\/\/vzduchovetlmice.sk\/cs\/wp-json\/wp\/v2\/product"}],"about":[{"href":"https:\/\/vzduchovetlmice.sk\/cs\/wp-json\/wp\/v2\/types\/product"}],"wp:attachment":[{"href":"https:\/\/vzduchovetlmice.sk\/cs\/wp-json\/wp\/v2\/media?parent=101263"}],"wp:term":[{"taxonomy":"product_brand","embeddable":true,"href":"https:\/\/vzduchovetlmice.sk\/cs\/wp-json\/wp\/v2\/product_brand?post=101263"},{"taxonomy":"product_cat","embeddable":true,"href":"https:\/\/vzduchovetlmice.sk\/cs\/wp-json\/wp\/v2\/product_cat?post=101263"},{"taxonomy":"product_tag","embeddable":true,"href":"https:\/\/vzduchovetlmice.sk\/cs\/wp-json\/wp\/v2\/product_tag?post=101263"}],"curies":[{"name":"wp","href":"https:\/\/api.w.org\/{rel}","templated":true}]}}