{"id":101295,"date":"2025-05-31T17:18:54","date_gmt":"2025-05-31T17:18:54","guid":{"rendered":"https:\/\/vzduchovetlmice.sk\/?post_type=product&#038;p=101295"},"modified":"2025-11-06T15:14:48","modified_gmt":"2025-11-06T15:14:48","slug":"zadni-vzduchovy-mech-tesla-s-2","status":"publish","type":"product","link":"https:\/\/vzduchovetlmice.sk\/cs\/produkty\/zadni-vzduchovy-mech-tesla-s-2\/","title":{"rendered":"Zadn\u00ed vzduchov\u00fd m\u011bch Tesla S"},"content":{"rendered":"<h3><strong>Dal\u0161\u00ed informace:<\/strong><\/h3>\n<p>Nov\u00fd zadn\u00ed vzduchov\u00fd m\u011bch Tesla model S 5YJS (2019 \u2013 2024).<\/p>\n<p>V\u010detn\u011b v\u0161ech t\u011bsn\u011bn\u00ed a p\u0159\u00edslu\u0161enstv\u00ed.<\/p>\n<p>Pneumatick\u00fd m\u011bch je stejn\u00fd pro pravou i levou stranu.<\/p>\n<h4><strong>Origin\u00e1ln\u00ed v\u00fdrobn\u00ed \u010d\u00edsla (OEM): <\/strong><\/h4>\n<p>1420466-99-C, 1420466-00-D, 1420466-00-C, 1420467-00-B, 1420461-00-D, 1420461-99-C, 1420462-00-B, 1420461-00-C, 1066461-00-C, 1066466-00, 1066461-00-D, 142046699C, 142046600D, 142046600C, 142046700B, 142046100D, 142046199C, 142046200B, 142046100C, 106646100C, 106646600, 106646100D<\/p>\n","protected":false},"excerpt":{"rendered":"<p><strong>Zna\u010dka: <\/strong>Tesla<\/p>\n<p><strong>Model:<\/strong> Tesla model S 5YJS (2019 \u2013 2024)<\/p>\n<p><strong>Typ:<\/strong> DM, RWD, AWD<\/p>\n<p><strong>Umiestnenie: <\/strong>Zadn\u00e1 n\u00e1prava vpravo\/v\u013eavo<\/p>\n<p><strong>V\u00fdrobce: <\/strong>OEM<\/p>\n<p><strong>Stav:\u00a0<\/strong>Nov\u00e9<\/p>\n<p><strong>Z\u00e1ruka:\u00a0<\/strong>2 roky<\/p>\n<p><strong>Dostupnost:<\/strong>\u00a0<span style=\"color: #00ff00;\"><strong>Skladem<\/strong><\/span><\/p>\n","protected":false},"featured_media":0,"template":"","meta":{"_et_pb_use_builder":"","_et_pb_old_content":"","_et_gb_content_width":""},"product_brand":[481],"product_cat":[590,539],"product_tag":[],"class_list":{"0":"post-101295","1":"product","2":"type-product","3":"status-publish","5":"product_brand-tesla","6":"product_cat-model-s-2019-2024-cs","7":"product_cat-tesla-cs","9":"first","10":"instock","11":"shipping-taxable","12":"purchasable","13":"product-type-simple"},"yoast_head":"<!-- This site is optimized with the Yoast SEO Premium plugin v24.9 (Yoast SEO v27.1.1) - https:\/\/yoast.com\/product\/yoast-seo-premium-wordpress\/ -->\n<title>Zadn\u00ed vzduchov\u00fd m\u011bch Tesla S<\/title>\n<meta name=\"description\" content=\"Nov\u00fd zadn\u00ed vzduchov\u00fd m\u011bch Tesla model S 5YJS (2019 \u2013 2024). V\u010detn\u011b v\u0161ech t\u011bsn\u011bn\u00ed a p\u0159\u00edslu\u0161enstv\u00ed. Pneumatick\u00fd m\u011bch je stejn\u00fd pro pravou i levou stranu. OEM: 1420466-99-C, 1420466-00-D, 1420466-00-C, 1420467-00-B, 1420461-00-D, 1420461-99-C, 1420462-00-B, 1420461-00-C, 1066461-00-C, 1066466-00, 1066461-00-D, 142046699C, 142046600D, 142046600C, 142046700B, 142046100D, 142046199C, 142046200B, 142046100C, 106646100C, 106646600, 106646100D\" \/>\n<meta name=\"robots\" content=\"index, follow, max-snippet:-1, max-image-preview:large, max-video-preview:-1\" \/>\n<link rel=\"canonical\" href=\"https:\/\/vzduchovetlmice.sk\/cs\/produkty\/zadni-vzduchovy-mech-tesla-s-2\/\" \/>\n<meta property=\"og:locale\" content=\"cs_CZ\" \/>\n<meta property=\"og:type\" content=\"article\" \/>\n<meta property=\"og:title\" content=\"Zadn\u00ed vzduchov\u00fd m\u011bch Tesla S\" \/>\n<meta property=\"og:description\" content=\"Nov\u00fd zadn\u00ed vzduchov\u00fd m\u011bch Tesla model S 5YJS (2019 \u2013 2024). V\u010detn\u011b v\u0161ech t\u011bsn\u011bn\u00ed a p\u0159\u00edslu\u0161enstv\u00ed. Pneumatick\u00fd m\u011bch je stejn\u00fd pro pravou i levou stranu. OEM: 1420466-99-C, 1420466-00-D, 1420466-00-C, 1420467-00-B, 1420461-00-D, 1420461-99-C, 1420462-00-B, 1420461-00-C, 1066461-00-C, 1066466-00, 1066461-00-D, 142046699C, 142046600D, 142046600C, 142046700B, 142046100D, 142046199C, 142046200B, 142046100C, 106646100C, 106646600, 106646100D\" \/>\n<meta property=\"og:url\" content=\"https:\/\/vzduchovetlmice.sk\/cs\/produkty\/zadni-vzduchovy-mech-tesla-s-2\/\" \/>\n<meta property=\"og:site_name\" content=\"VzduchoveTlmice.sk\" \/>\n<meta property=\"article:modified_time\" content=\"2025-11-06T15:14:48+00:00\" \/>\n<meta name=\"twitter:card\" content=\"summary_large_image\" \/>\n<meta name=\"twitter:label1\" content=\"Odhadovan\u00e1 doba \u010dten\u00ed\" \/>\n\t<meta name=\"twitter:data1\" content=\"1 minuta\" \/>\n<script type=\"application\/ld+json\" class=\"yoast-schema-graph\">{\"@context\":\"https:\/\/schema.org\",\"@graph\":[{\"@type\":\"WebPage\",\"@id\":\"https:\/\/vzduchovetlmice.sk\/cs\/produkty\/zadni-vzduchovy-mech-tesla-s-2\/\",\"url\":\"https:\/\/vzduchovetlmice.sk\/cs\/produkty\/zadni-vzduchovy-mech-tesla-s-2\/\",\"name\":\"Zadn\u00ed vzduchov\u00fd m\u011bch Tesla S\",\"isPartOf\":{\"@id\":\"https:\/\/vzduchovetlmice.sk\/#website\"},\"datePublished\":\"2025-05-31T17:18:54+00:00\",\"dateModified\":\"2025-11-06T15:14:48+00:00\",\"description\":\"Nov\u00fd zadn\u00ed vzduchov\u00fd m\u011bch Tesla model S 5YJS (2019 \u2013 2024). V\u010detn\u011b v\u0161ech t\u011bsn\u011bn\u00ed a p\u0159\u00edslu\u0161enstv\u00ed. Pneumatick\u00fd m\u011bch je stejn\u00fd pro pravou i levou stranu. OEM: 1420466-99-C, 1420466-00-D, 1420466-00-C, 1420467-00-B, 1420461-00-D, 1420461-99-C, 1420462-00-B, 1420461-00-C, 1066461-00-C, 1066466-00, 1066461-00-D, 142046699C, 142046600D, 142046600C, 142046700B, 142046100D, 142046199C, 142046200B, 142046100C, 106646100C, 106646600, 106646100D\",\"breadcrumb\":{\"@id\":\"https:\/\/vzduchovetlmice.sk\/cs\/produkty\/zadni-vzduchovy-mech-tesla-s-2\/#breadcrumb\"},\"inLanguage\":\"cs\",\"potentialAction\":[{\"@type\":\"ReadAction\",\"target\":[\"https:\/\/vzduchovetlmice.sk\/cs\/produkty\/zadni-vzduchovy-mech-tesla-s-2\/\"]}]},{\"@type\":\"BreadcrumbList\",\"@id\":\"https:\/\/vzduchovetlmice.sk\/cs\/produkty\/zadni-vzduchovy-mech-tesla-s-2\/#breadcrumb\",\"itemListElement\":[{\"@type\":\"ListItem\",\"position\":1,\"name\":\"Domovsk\u00e1 str\u00e1nka\",\"item\":\"https:\/\/vzduchovetlmice.sk\/\"},{\"@type\":\"ListItem\",\"position\":2,\"name\":\"Obchod\",\"item\":\"https:\/\/vzduchovetlmice.sk\/obchod\/\"},{\"@type\":\"ListItem\",\"position\":3,\"name\":\"Zadn\u00ed vzduchov\u00fd m\u011bch Tesla S\"}]},{\"@type\":\"WebSite\",\"@id\":\"https:\/\/vzduchovetlmice.sk\/#website\",\"url\":\"https:\/\/vzduchovetlmice.sk\/\",\"name\":\"VzduchoveTlmice.sk\",\"description\":\"predaj dielov pre vzduchov\u00fd podvozok\",\"potentialAction\":[{\"@type\":\"SearchAction\",\"target\":{\"@type\":\"EntryPoint\",\"urlTemplate\":\"https:\/\/vzduchovetlmice.sk\/?s={search_term_string}\"},\"query-input\":{\"@type\":\"PropertyValueSpecification\",\"valueRequired\":true,\"valueName\":\"search_term_string\"}}],\"inLanguage\":\"cs\"}]}<\/script>\n<!-- \/ Yoast SEO Premium plugin. -->","yoast_head_json":{"title":"Zadn\u00ed vzduchov\u00fd m\u011bch Tesla S","description":"Nov\u00fd zadn\u00ed vzduchov\u00fd m\u011bch Tesla model S 5YJS (2019 \u2013 2024). V\u010detn\u011b v\u0161ech t\u011bsn\u011bn\u00ed a p\u0159\u00edslu\u0161enstv\u00ed. Pneumatick\u00fd m\u011bch je stejn\u00fd pro pravou i levou stranu. OEM: 1420466-99-C, 1420466-00-D, 1420466-00-C, 1420467-00-B, 1420461-00-D, 1420461-99-C, 1420462-00-B, 1420461-00-C, 1066461-00-C, 1066466-00, 1066461-00-D, 142046699C, 142046600D, 142046600C, 142046700B, 142046100D, 142046199C, 142046200B, 142046100C, 106646100C, 106646600, 106646100D","robots":{"index":"index","follow":"follow","max-snippet":"max-snippet:-1","max-image-preview":"max-image-preview:large","max-video-preview":"max-video-preview:-1"},"canonical":"https:\/\/vzduchovetlmice.sk\/cs\/produkty\/zadni-vzduchovy-mech-tesla-s-2\/","og_locale":"cs_CZ","og_type":"article","og_title":"Zadn\u00ed vzduchov\u00fd m\u011bch Tesla S","og_description":"Nov\u00fd zadn\u00ed vzduchov\u00fd m\u011bch Tesla model S 5YJS (2019 \u2013 2024). V\u010detn\u011b v\u0161ech t\u011bsn\u011bn\u00ed a p\u0159\u00edslu\u0161enstv\u00ed. Pneumatick\u00fd m\u011bch je stejn\u00fd pro pravou i levou stranu. OEM: 1420466-99-C, 1420466-00-D, 1420466-00-C, 1420467-00-B, 1420461-00-D, 1420461-99-C, 1420462-00-B, 1420461-00-C, 1066461-00-C, 1066466-00, 1066461-00-D, 142046699C, 142046600D, 142046600C, 142046700B, 142046100D, 142046199C, 142046200B, 142046100C, 106646100C, 106646600, 106646100D","og_url":"https:\/\/vzduchovetlmice.sk\/cs\/produkty\/zadni-vzduchovy-mech-tesla-s-2\/","og_site_name":"VzduchoveTlmice.sk","article_modified_time":"2025-11-06T15:14:48+00:00","twitter_card":"summary_large_image","twitter_misc":{"Odhadovan\u00e1 doba \u010dten\u00ed":"1 minuta"},"schema":{"@context":"https:\/\/schema.org","@graph":[{"@type":"WebPage","@id":"https:\/\/vzduchovetlmice.sk\/cs\/produkty\/zadni-vzduchovy-mech-tesla-s-2\/","url":"https:\/\/vzduchovetlmice.sk\/cs\/produkty\/zadni-vzduchovy-mech-tesla-s-2\/","name":"Zadn\u00ed vzduchov\u00fd m\u011bch Tesla S","isPartOf":{"@id":"https:\/\/vzduchovetlmice.sk\/#website"},"datePublished":"2025-05-31T17:18:54+00:00","dateModified":"2025-11-06T15:14:48+00:00","description":"Nov\u00fd zadn\u00ed vzduchov\u00fd m\u011bch Tesla model S 5YJS (2019 \u2013 2024). V\u010detn\u011b v\u0161ech t\u011bsn\u011bn\u00ed a p\u0159\u00edslu\u0161enstv\u00ed. Pneumatick\u00fd m\u011bch je stejn\u00fd pro pravou i levou stranu. OEM: 1420466-99-C, 1420466-00-D, 1420466-00-C, 1420467-00-B, 1420461-00-D, 1420461-99-C, 1420462-00-B, 1420461-00-C, 1066461-00-C, 1066466-00, 1066461-00-D, 142046699C, 142046600D, 142046600C, 142046700B, 142046100D, 142046199C, 142046200B, 142046100C, 106646100C, 106646600, 106646100D","breadcrumb":{"@id":"https:\/\/vzduchovetlmice.sk\/cs\/produkty\/zadni-vzduchovy-mech-tesla-s-2\/#breadcrumb"},"inLanguage":"cs","potentialAction":[{"@type":"ReadAction","target":["https:\/\/vzduchovetlmice.sk\/cs\/produkty\/zadni-vzduchovy-mech-tesla-s-2\/"]}]},{"@type":"BreadcrumbList","@id":"https:\/\/vzduchovetlmice.sk\/cs\/produkty\/zadni-vzduchovy-mech-tesla-s-2\/#breadcrumb","itemListElement":[{"@type":"ListItem","position":1,"name":"Domovsk\u00e1 str\u00e1nka","item":"https:\/\/vzduchovetlmice.sk\/"},{"@type":"ListItem","position":2,"name":"Obchod","item":"https:\/\/vzduchovetlmice.sk\/obchod\/"},{"@type":"ListItem","position":3,"name":"Zadn\u00ed vzduchov\u00fd m\u011bch Tesla S"}]},{"@type":"WebSite","@id":"https:\/\/vzduchovetlmice.sk\/#website","url":"https:\/\/vzduchovetlmice.sk\/","name":"VzduchoveTlmice.sk","description":"predaj dielov pre vzduchov\u00fd podvozok","potentialAction":[{"@type":"SearchAction","target":{"@type":"EntryPoint","urlTemplate":"https:\/\/vzduchovetlmice.sk\/?s={search_term_string}"},"query-input":{"@type":"PropertyValueSpecification","valueRequired":true,"valueName":"search_term_string"}}],"inLanguage":"cs"}]}},"_links":{"self":[{"href":"https:\/\/vzduchovetlmice.sk\/cs\/wp-json\/wp\/v2\/product\/101295","targetHints":{"allow":["GET"]}}],"collection":[{"href":"https:\/\/vzduchovetlmice.sk\/cs\/wp-json\/wp\/v2\/product"}],"about":[{"href":"https:\/\/vzduchovetlmice.sk\/cs\/wp-json\/wp\/v2\/types\/product"}],"wp:attachment":[{"href":"https:\/\/vzduchovetlmice.sk\/cs\/wp-json\/wp\/v2\/media?parent=101295"}],"wp:term":[{"taxonomy":"product_brand","embeddable":true,"href":"https:\/\/vzduchovetlmice.sk\/cs\/wp-json\/wp\/v2\/product_brand?post=101295"},{"taxonomy":"product_cat","embeddable":true,"href":"https:\/\/vzduchovetlmice.sk\/cs\/wp-json\/wp\/v2\/product_cat?post=101295"},{"taxonomy":"product_tag","embeddable":true,"href":"https:\/\/vzduchovetlmice.sk\/cs\/wp-json\/wp\/v2\/product_tag?post=101295"}],"curies":[{"name":"wp","href":"https:\/\/api.w.org\/{rel}","templated":true}]}}