{"id":101320,"date":"2025-06-01T14:37:54","date_gmt":"2025-06-01T14:37:54","guid":{"rendered":"https:\/\/vzduchovetlmice.sk\/?post_type=product&#038;p=101320"},"modified":"2025-11-08T12:04:49","modified_gmt":"2025-11-08T12:04:49","slug":"vzduchovy-kompresor-podvozku-lexus-rx270-rx350-rx450h","status":"publish","type":"product","link":"https:\/\/vzduchovetlmice.sk\/cs\/produkty\/vzduchovy-kompresor-podvozku-lexus-rx270-rx350-rx450h\/","title":{"rendered":"Vzduchov\u00fd kompresor podvozku Lexus RX270\/ RX350\/ RX450h"},"content":{"rendered":"<h3><strong>Dal\u0161\u00ed informace:<\/strong><\/h3>\n<p>Nov\u00fd vzduchov\u00fd kompresor podvozku Lexus RX270\/ RX350\/ RX450h AL10 (2008 \u2013 2015).<\/p>\n<h4><strong>Origin\u00e1ln\u00ed v\u00fdrobn\u00ed \u010d\u00edsla (OEM): <\/strong><\/h4>\n<p>48910-48020, 48910-48021, 4891048020, 4891048021, 949-361<\/p>\n","protected":false},"excerpt":{"rendered":"<p><strong>Zna\u010dka: <\/strong>Lexus<\/p>\n<p><strong>Model:<\/strong> \u00a0Lexus RX270\/ RX350\/ RX450h AL10 (2008 \u2013 2015)<\/p>\n<p><strong>V\u00fdrobce: <\/strong>OEM<\/p>\n<p><strong>Stav:\u00a0<\/strong>Nov\u00e9<\/p>\n<p><strong>Z\u00e1ruka:\u00a0<\/strong>2 roky<\/p>\n<p><strong>Dostupnost:<\/strong>\u00a0<span style=\"color: #00ff00;\"><strong>Skladem<\/strong><\/span><\/p>\n","protected":false},"featured_media":102489,"template":"","meta":{"_et_pb_use_builder":"","_et_pb_old_content":"","_et_gb_content_width":""},"product_brand":[460],"product_cat":[457,458],"product_tag":[],"class_list":{"0":"post-101320","1":"product","2":"type-product","3":"status-publish","4":"has-post-thumbnail","6":"product_brand-lexus","7":"product_cat-lexus-cs","8":"product_cat-rx-2008-2015-cs","10":"first","11":"instock","12":"shipping-taxable","13":"purchasable","14":"product-type-simple"},"yoast_head":"<!-- This site is optimized with the Yoast SEO Premium plugin v24.9 (Yoast SEO v27.1.1) - https:\/\/yoast.com\/product\/yoast-seo-premium-wordpress\/ -->\n<title>Vzduchov\u00fd kompresor podvozku Lexus RX270\/ RX350\/ RX450h<\/title>\n<meta name=\"description\" content=\"Nov\u00fd vzduchov\u00fd kompresor podvozku Lexus RX270\/ RX350\/ RX450h AL10 (2008 \u2013 2015).\u00a0OEM: 48910-48020, 48910-48021, 4891048020, 4891048021, 949-361\" \/>\n<meta name=\"robots\" content=\"index, follow, max-snippet:-1, max-image-preview:large, max-video-preview:-1\" \/>\n<link rel=\"canonical\" href=\"https:\/\/vzduchovetlmice.sk\/cs\/produkty\/vzduchovy-kompresor-podvozku-lexus-rx270-rx350-rx450h\/\" \/>\n<meta property=\"og:locale\" content=\"cs_CZ\" \/>\n<meta property=\"og:type\" content=\"article\" \/>\n<meta property=\"og:title\" content=\"Vzduchov\u00fd kompresor podvozku Lexus RX270\/ RX350\/ RX450h\" \/>\n<meta property=\"og:description\" content=\"Nov\u00fd vzduchov\u00fd kompresor podvozku Lexus RX270\/ RX350\/ RX450h AL10 (2008 \u2013 2015).\u00a0OEM: 48910-48020, 48910-48021, 4891048020, 4891048021, 949-361\" \/>\n<meta property=\"og:url\" content=\"https:\/\/vzduchovetlmice.sk\/cs\/produkty\/vzduchovy-kompresor-podvozku-lexus-rx270-rx350-rx450h\/\" \/>\n<meta property=\"og:site_name\" content=\"VzduchoveTlmice.sk\" \/>\n<meta property=\"article:modified_time\" content=\"2025-11-08T12:04:49+00:00\" \/>\n<meta property=\"og:image\" content=\"https:\/\/vzduchovetlmice.sk\/wp-content\/uploads\/2025\/06\/Vzduchovy-kompresor-podvozku-Lexus-RX270-RX350-RX450h-48910-48020-48910-48021-4891048020-4891048021-949-361.jpg\" \/>\n\t<meta property=\"og:image:width\" content=\"1000\" \/>\n\t<meta property=\"og:image:height\" content=\"1000\" \/>\n\t<meta property=\"og:image:type\" content=\"image\/jpeg\" \/>\n<meta name=\"twitter:card\" content=\"summary_large_image\" \/>\n<meta name=\"twitter:label1\" content=\"Odhadovan\u00e1 doba \u010dten\u00ed\" \/>\n\t<meta name=\"twitter:data1\" content=\"1 minuta\" \/>\n<script type=\"application\/ld+json\" class=\"yoast-schema-graph\">{\"@context\":\"https:\/\/schema.org\",\"@graph\":[{\"@type\":\"WebPage\",\"@id\":\"https:\/\/vzduchovetlmice.sk\/cs\/produkty\/vzduchovy-kompresor-podvozku-lexus-rx270-rx350-rx450h\/\",\"url\":\"https:\/\/vzduchovetlmice.sk\/cs\/produkty\/vzduchovy-kompresor-podvozku-lexus-rx270-rx350-rx450h\/\",\"name\":\"Vzduchov\u00fd kompresor podvozku Lexus RX270\/ RX350\/ RX450h\",\"isPartOf\":{\"@id\":\"https:\/\/vzduchovetlmice.sk\/#website\"},\"primaryImageOfPage\":{\"@id\":\"https:\/\/vzduchovetlmice.sk\/cs\/produkty\/vzduchovy-kompresor-podvozku-lexus-rx270-rx350-rx450h\/#primaryimage\"},\"image\":{\"@id\":\"https:\/\/vzduchovetlmice.sk\/cs\/produkty\/vzduchovy-kompresor-podvozku-lexus-rx270-rx350-rx450h\/#primaryimage\"},\"thumbnailUrl\":\"https:\/\/vzduchovetlmice.sk\/wp-content\/uploads\/2025\/06\/Vzduchovy-kompresor-podvozku-Lexus-RX270-RX350-RX450h-48910-48020-48910-48021-4891048020-4891048021-949-361.jpg\",\"datePublished\":\"2025-06-01T14:37:54+00:00\",\"dateModified\":\"2025-11-08T12:04:49+00:00\",\"description\":\"Nov\u00fd vzduchov\u00fd kompresor podvozku Lexus RX270\/ RX350\/ RX450h AL10 (2008 \u2013 2015).\u00a0OEM: 48910-48020, 48910-48021, 4891048020, 4891048021, 949-361\",\"breadcrumb\":{\"@id\":\"https:\/\/vzduchovetlmice.sk\/cs\/produkty\/vzduchovy-kompresor-podvozku-lexus-rx270-rx350-rx450h\/#breadcrumb\"},\"inLanguage\":\"cs\",\"potentialAction\":[{\"@type\":\"ReadAction\",\"target\":[\"https:\/\/vzduchovetlmice.sk\/cs\/produkty\/vzduchovy-kompresor-podvozku-lexus-rx270-rx350-rx450h\/\"]}]},{\"@type\":\"ImageObject\",\"inLanguage\":\"cs\",\"@id\":\"https:\/\/vzduchovetlmice.sk\/cs\/produkty\/vzduchovy-kompresor-podvozku-lexus-rx270-rx350-rx450h\/#primaryimage\",\"url\":\"https:\/\/vzduchovetlmice.sk\/wp-content\/uploads\/2025\/06\/Vzduchovy-kompresor-podvozku-Lexus-RX270-RX350-RX450h-48910-48020-48910-48021-4891048020-4891048021-949-361.jpg\",\"contentUrl\":\"https:\/\/vzduchovetlmice.sk\/wp-content\/uploads\/2025\/06\/Vzduchovy-kompresor-podvozku-Lexus-RX270-RX350-RX450h-48910-48020-48910-48021-4891048020-4891048021-949-361.jpg\",\"width\":1000,\"height\":1000,\"caption\":\"Vzduchov\u00fd kompresor podvozku Lexus RX270, RX350, RX450h, 48910-48020, 48910-48021, 4891048020, 4891048021, 949-361\"},{\"@type\":\"BreadcrumbList\",\"@id\":\"https:\/\/vzduchovetlmice.sk\/cs\/produkty\/vzduchovy-kompresor-podvozku-lexus-rx270-rx350-rx450h\/#breadcrumb\",\"itemListElement\":[{\"@type\":\"ListItem\",\"position\":1,\"name\":\"Domovsk\u00e1 str\u00e1nka\",\"item\":\"https:\/\/vzduchovetlmice.sk\/\"},{\"@type\":\"ListItem\",\"position\":2,\"name\":\"Obchod\",\"item\":\"https:\/\/vzduchovetlmice.sk\/obchod\/\"},{\"@type\":\"ListItem\",\"position\":3,\"name\":\"Vzduchov\u00fd kompresor podvozku Lexus RX270\/ RX350\/ RX450h\"}]},{\"@type\":\"WebSite\",\"@id\":\"https:\/\/vzduchovetlmice.sk\/#website\",\"url\":\"https:\/\/vzduchovetlmice.sk\/\",\"name\":\"VzduchoveTlmice.sk\",\"description\":\"predaj dielov pre vzduchov\u00fd podvozok\",\"potentialAction\":[{\"@type\":\"SearchAction\",\"target\":{\"@type\":\"EntryPoint\",\"urlTemplate\":\"https:\/\/vzduchovetlmice.sk\/?s={search_term_string}\"},\"query-input\":{\"@type\":\"PropertyValueSpecification\",\"valueRequired\":true,\"valueName\":\"search_term_string\"}}],\"inLanguage\":\"cs\"}]}<\/script>\n<!-- \/ Yoast SEO Premium plugin. -->","yoast_head_json":{"title":"Vzduchov\u00fd kompresor podvozku Lexus RX270\/ RX350\/ RX450h","description":"Nov\u00fd vzduchov\u00fd kompresor podvozku Lexus RX270\/ RX350\/ RX450h AL10 (2008 \u2013 2015).\u00a0OEM: 48910-48020, 48910-48021, 4891048020, 4891048021, 949-361","robots":{"index":"index","follow":"follow","max-snippet":"max-snippet:-1","max-image-preview":"max-image-preview:large","max-video-preview":"max-video-preview:-1"},"canonical":"https:\/\/vzduchovetlmice.sk\/cs\/produkty\/vzduchovy-kompresor-podvozku-lexus-rx270-rx350-rx450h\/","og_locale":"cs_CZ","og_type":"article","og_title":"Vzduchov\u00fd kompresor podvozku Lexus RX270\/ RX350\/ RX450h","og_description":"Nov\u00fd vzduchov\u00fd kompresor podvozku Lexus RX270\/ RX350\/ RX450h AL10 (2008 \u2013 2015).\u00a0OEM: 48910-48020, 48910-48021, 4891048020, 4891048021, 949-361","og_url":"https:\/\/vzduchovetlmice.sk\/cs\/produkty\/vzduchovy-kompresor-podvozku-lexus-rx270-rx350-rx450h\/","og_site_name":"VzduchoveTlmice.sk","article_modified_time":"2025-11-08T12:04:49+00:00","og_image":[{"width":1000,"height":1000,"url":"https:\/\/vzduchovetlmice.sk\/wp-content\/uploads\/2025\/06\/Vzduchovy-kompresor-podvozku-Lexus-RX270-RX350-RX450h-48910-48020-48910-48021-4891048020-4891048021-949-361.jpg","type":"image\/jpeg"}],"twitter_card":"summary_large_image","twitter_misc":{"Odhadovan\u00e1 doba \u010dten\u00ed":"1 minuta"},"schema":{"@context":"https:\/\/schema.org","@graph":[{"@type":"WebPage","@id":"https:\/\/vzduchovetlmice.sk\/cs\/produkty\/vzduchovy-kompresor-podvozku-lexus-rx270-rx350-rx450h\/","url":"https:\/\/vzduchovetlmice.sk\/cs\/produkty\/vzduchovy-kompresor-podvozku-lexus-rx270-rx350-rx450h\/","name":"Vzduchov\u00fd kompresor podvozku Lexus RX270\/ RX350\/ RX450h","isPartOf":{"@id":"https:\/\/vzduchovetlmice.sk\/#website"},"primaryImageOfPage":{"@id":"https:\/\/vzduchovetlmice.sk\/cs\/produkty\/vzduchovy-kompresor-podvozku-lexus-rx270-rx350-rx450h\/#primaryimage"},"image":{"@id":"https:\/\/vzduchovetlmice.sk\/cs\/produkty\/vzduchovy-kompresor-podvozku-lexus-rx270-rx350-rx450h\/#primaryimage"},"thumbnailUrl":"https:\/\/vzduchovetlmice.sk\/wp-content\/uploads\/2025\/06\/Vzduchovy-kompresor-podvozku-Lexus-RX270-RX350-RX450h-48910-48020-48910-48021-4891048020-4891048021-949-361.jpg","datePublished":"2025-06-01T14:37:54+00:00","dateModified":"2025-11-08T12:04:49+00:00","description":"Nov\u00fd vzduchov\u00fd kompresor podvozku Lexus RX270\/ RX350\/ RX450h AL10 (2008 \u2013 2015).\u00a0OEM: 48910-48020, 48910-48021, 4891048020, 4891048021, 949-361","breadcrumb":{"@id":"https:\/\/vzduchovetlmice.sk\/cs\/produkty\/vzduchovy-kompresor-podvozku-lexus-rx270-rx350-rx450h\/#breadcrumb"},"inLanguage":"cs","potentialAction":[{"@type":"ReadAction","target":["https:\/\/vzduchovetlmice.sk\/cs\/produkty\/vzduchovy-kompresor-podvozku-lexus-rx270-rx350-rx450h\/"]}]},{"@type":"ImageObject","inLanguage":"cs","@id":"https:\/\/vzduchovetlmice.sk\/cs\/produkty\/vzduchovy-kompresor-podvozku-lexus-rx270-rx350-rx450h\/#primaryimage","url":"https:\/\/vzduchovetlmice.sk\/wp-content\/uploads\/2025\/06\/Vzduchovy-kompresor-podvozku-Lexus-RX270-RX350-RX450h-48910-48020-48910-48021-4891048020-4891048021-949-361.jpg","contentUrl":"https:\/\/vzduchovetlmice.sk\/wp-content\/uploads\/2025\/06\/Vzduchovy-kompresor-podvozku-Lexus-RX270-RX350-RX450h-48910-48020-48910-48021-4891048020-4891048021-949-361.jpg","width":1000,"height":1000,"caption":"Vzduchov\u00fd kompresor podvozku Lexus RX270, RX350, RX450h, 48910-48020, 48910-48021, 4891048020, 4891048021, 949-361"},{"@type":"BreadcrumbList","@id":"https:\/\/vzduchovetlmice.sk\/cs\/produkty\/vzduchovy-kompresor-podvozku-lexus-rx270-rx350-rx450h\/#breadcrumb","itemListElement":[{"@type":"ListItem","position":1,"name":"Domovsk\u00e1 str\u00e1nka","item":"https:\/\/vzduchovetlmice.sk\/"},{"@type":"ListItem","position":2,"name":"Obchod","item":"https:\/\/vzduchovetlmice.sk\/obchod\/"},{"@type":"ListItem","position":3,"name":"Vzduchov\u00fd kompresor podvozku Lexus RX270\/ RX350\/ RX450h"}]},{"@type":"WebSite","@id":"https:\/\/vzduchovetlmice.sk\/#website","url":"https:\/\/vzduchovetlmice.sk\/","name":"VzduchoveTlmice.sk","description":"predaj dielov pre vzduchov\u00fd podvozok","potentialAction":[{"@type":"SearchAction","target":{"@type":"EntryPoint","urlTemplate":"https:\/\/vzduchovetlmice.sk\/?s={search_term_string}"},"query-input":{"@type":"PropertyValueSpecification","valueRequired":true,"valueName":"search_term_string"}}],"inLanguage":"cs"}]}},"_links":{"self":[{"href":"https:\/\/vzduchovetlmice.sk\/cs\/wp-json\/wp\/v2\/product\/101320","targetHints":{"allow":["GET"]}}],"collection":[{"href":"https:\/\/vzduchovetlmice.sk\/cs\/wp-json\/wp\/v2\/product"}],"about":[{"href":"https:\/\/vzduchovetlmice.sk\/cs\/wp-json\/wp\/v2\/types\/product"}],"wp:featuredmedia":[{"embeddable":true,"href":"https:\/\/vzduchovetlmice.sk\/cs\/wp-json\/wp\/v2\/media\/102489"}],"wp:attachment":[{"href":"https:\/\/vzduchovetlmice.sk\/cs\/wp-json\/wp\/v2\/media?parent=101320"}],"wp:term":[{"taxonomy":"product_brand","embeddable":true,"href":"https:\/\/vzduchovetlmice.sk\/cs\/wp-json\/wp\/v2\/product_brand?post=101320"},{"taxonomy":"product_cat","embeddable":true,"href":"https:\/\/vzduchovetlmice.sk\/cs\/wp-json\/wp\/v2\/product_cat?post=101320"},{"taxonomy":"product_tag","embeddable":true,"href":"https:\/\/vzduchovetlmice.sk\/cs\/wp-json\/wp\/v2\/product_tag?post=101320"}],"curies":[{"name":"wp","href":"https:\/\/api.w.org\/{rel}","templated":true}]}}