{"id":101324,"date":"2025-06-01T14:51:50","date_gmt":"2025-06-01T14:51:50","guid":{"rendered":"https:\/\/vzduchovetlmice.sk\/?post_type=product&#038;p=101324"},"modified":"2025-11-06T15:30:59","modified_gmt":"2025-11-06T15:30:59","slug":"vzduchovy-kompresor-podvozku-toyota-land-cruiser-120-lexus-gx-470","status":"publish","type":"product","link":"https:\/\/vzduchovetlmice.sk\/cs\/produkty\/vzduchovy-kompresor-podvozku-toyota-land-cruiser-120-lexus-gx-470\/","title":{"rendered":"Vzduchov\u00fd kompresor podvozku Toyota Land Cruiser Prado 120, Lexus GX470"},"content":{"rendered":"<h3><strong>Dal\u0161\u00ed informace:<\/strong><\/h3>\n<p>Nov\u00fd vzduchov\u00fd kompresor podvozku Toyota Land Cruiser Prado 120 J120 (2002-2009) a Lexus GX470 (2002-2009).<\/p>\n<p>Kompresor se prod\u00e1v\u00e1 BEZ vysou\u0161e\u010de vzduchu (\u010dern\u00fd plastov\u00fd v\u00e1le\u010dek). Ten si p\u0159emontujete z p\u016fvodn\u00edho kompresoru.<\/p>\n<h4><strong>Origin\u00e1ln\u00ed v\u00fdrobn\u00ed \u010d\u00edsla (OEM): <\/strong><\/h4>\n<p>48910-60021, 4891060021, 48910-60020, 4891060020, 48950-60020, 4895060020<\/p>\n","protected":false},"excerpt":{"rendered":"<p><strong>Zna\u010dka: <\/strong>Lexus, Toyota<\/p>\n<p><strong>Model:<\/strong> Toyota Land Cruiser Prado 120 J120 (2002 \u2013 2009), Lexus GX470 (2002 \u2013 2009)<\/p>\n<p><strong>V\u00fdrobce: <\/strong>OEM<\/p>\n<p><strong>Stav:\u00a0<\/strong>Nov\u00e9<\/p>\n<p><strong>Z\u00e1ruka:\u00a0<\/strong>2 roky<\/p>\n<p><strong>Dostupnost:<\/strong>\u00a0<span style=\"color: #00ff00;\"><strong>Skladem<\/strong><\/span><\/p>\n","protected":false},"featured_media":0,"template":"","meta":{"_et_pb_use_builder":"","_et_pb_old_content":"","_et_gb_content_width":""},"product_brand":[460,484],"product_cat":[561,594,457,540],"product_tag":[],"class_list":{"0":"post-101324","1":"product","2":"type-product","3":"status-publish","5":"product_brand-lexus","6":"product_brand-toyota","7":"product_cat-gx-470-2002-2009-cs","8":"product_cat-land-cruiser-prado-120-2002-2009-cs","9":"product_cat-lexus-cs","10":"product_cat-toyota-cs","12":"first","13":"instock","14":"shipping-taxable","15":"purchasable","16":"product-type-simple"},"yoast_head":"<!-- This site is optimized with the Yoast SEO Premium plugin v24.9 (Yoast SEO v27.1.1) - https:\/\/yoast.com\/product\/yoast-seo-premium-wordpress\/ -->\n<title>Vzduchov\u00fd kompresor podvozku Toyota Land Cruiser Prado 120<\/title>\n<meta name=\"description\" content=\"Nov\u00fd vzduchov\u00fd kompresor podvozku Toyota Land Cruiser Prado 120 J120 (2002-2009) a Lexus GX470 (2002-2009).Kompresor se prod\u00e1v\u00e1 BEZ vysou\u0161e\u010de.\u00a0OEM: 48910-60021, 4891060021, 48910-60020, 4891060020, 48950-60020, 4895060020\" \/>\n<meta name=\"robots\" content=\"index, follow, max-snippet:-1, max-image-preview:large, max-video-preview:-1\" \/>\n<link rel=\"canonical\" href=\"https:\/\/vzduchovetlmice.sk\/cs\/produkty\/vzduchovy-kompresor-podvozku-toyota-land-cruiser-120-lexus-gx-470\/\" \/>\n<meta property=\"og:locale\" content=\"cs_CZ\" \/>\n<meta property=\"og:type\" content=\"article\" \/>\n<meta property=\"og:title\" content=\"Vzduchov\u00fd kompresor podvozku Toyota Land Cruiser Prado 120, Lexus GX470\" \/>\n<meta property=\"og:description\" content=\"Nov\u00fd vzduchov\u00fd kompresor podvozku Toyota Land Cruiser Prado 120 J120 (2002-2009) a Lexus GX470 (2002-2009).Kompresor se prod\u00e1v\u00e1 BEZ vysou\u0161e\u010de.\u00a0OEM: 48910-60021, 4891060021, 48910-60020, 4891060020, 48950-60020, 4895060020\" \/>\n<meta property=\"og:url\" content=\"https:\/\/vzduchovetlmice.sk\/cs\/produkty\/vzduchovy-kompresor-podvozku-toyota-land-cruiser-120-lexus-gx-470\/\" \/>\n<meta property=\"og:site_name\" content=\"VzduchoveTlmice.sk\" \/>\n<meta property=\"article:modified_time\" content=\"2025-11-06T15:30:59+00:00\" \/>\n<meta name=\"twitter:card\" content=\"summary_large_image\" \/>\n<meta name=\"twitter:label1\" content=\"Odhadovan\u00e1 doba \u010dten\u00ed\" \/>\n\t<meta name=\"twitter:data1\" content=\"1 minuta\" \/>\n<script type=\"application\/ld+json\" class=\"yoast-schema-graph\">{\"@context\":\"https:\/\/schema.org\",\"@graph\":[{\"@type\":\"WebPage\",\"@id\":\"https:\/\/vzduchovetlmice.sk\/cs\/produkty\/vzduchovy-kompresor-podvozku-toyota-land-cruiser-120-lexus-gx-470\/\",\"url\":\"https:\/\/vzduchovetlmice.sk\/cs\/produkty\/vzduchovy-kompresor-podvozku-toyota-land-cruiser-120-lexus-gx-470\/\",\"name\":\"Vzduchov\u00fd kompresor podvozku Toyota Land Cruiser Prado 120\",\"isPartOf\":{\"@id\":\"https:\/\/vzduchovetlmice.sk\/#website\"},\"datePublished\":\"2025-06-01T14:51:50+00:00\",\"dateModified\":\"2025-11-06T15:30:59+00:00\",\"description\":\"Nov\u00fd vzduchov\u00fd kompresor podvozku Toyota Land Cruiser Prado 120 J120 (2002-2009) a Lexus GX470 (2002-2009).Kompresor se prod\u00e1v\u00e1 BEZ vysou\u0161e\u010de.\u00a0OEM: 48910-60021, 4891060021, 48910-60020, 4891060020, 48950-60020, 4895060020\",\"breadcrumb\":{\"@id\":\"https:\/\/vzduchovetlmice.sk\/cs\/produkty\/vzduchovy-kompresor-podvozku-toyota-land-cruiser-120-lexus-gx-470\/#breadcrumb\"},\"inLanguage\":\"cs\",\"potentialAction\":[{\"@type\":\"ReadAction\",\"target\":[\"https:\/\/vzduchovetlmice.sk\/cs\/produkty\/vzduchovy-kompresor-podvozku-toyota-land-cruiser-120-lexus-gx-470\/\"]}]},{\"@type\":\"BreadcrumbList\",\"@id\":\"https:\/\/vzduchovetlmice.sk\/cs\/produkty\/vzduchovy-kompresor-podvozku-toyota-land-cruiser-120-lexus-gx-470\/#breadcrumb\",\"itemListElement\":[{\"@type\":\"ListItem\",\"position\":1,\"name\":\"Domovsk\u00e1 str\u00e1nka\",\"item\":\"https:\/\/vzduchovetlmice.sk\/\"},{\"@type\":\"ListItem\",\"position\":2,\"name\":\"Obchod\",\"item\":\"https:\/\/vzduchovetlmice.sk\/obchod\/\"},{\"@type\":\"ListItem\",\"position\":3,\"name\":\"Vzduchov\u00fd kompresor podvozku Toyota Land Cruiser Prado 120, Lexus GX470\"}]},{\"@type\":\"WebSite\",\"@id\":\"https:\/\/vzduchovetlmice.sk\/#website\",\"url\":\"https:\/\/vzduchovetlmice.sk\/\",\"name\":\"VzduchoveTlmice.sk\",\"description\":\"predaj dielov pre vzduchov\u00fd podvozok\",\"potentialAction\":[{\"@type\":\"SearchAction\",\"target\":{\"@type\":\"EntryPoint\",\"urlTemplate\":\"https:\/\/vzduchovetlmice.sk\/?s={search_term_string}\"},\"query-input\":{\"@type\":\"PropertyValueSpecification\",\"valueRequired\":true,\"valueName\":\"search_term_string\"}}],\"inLanguage\":\"cs\"}]}<\/script>\n<!-- \/ Yoast SEO Premium plugin. -->","yoast_head_json":{"title":"Vzduchov\u00fd kompresor podvozku Toyota Land Cruiser Prado 120","description":"Nov\u00fd vzduchov\u00fd kompresor podvozku Toyota Land Cruiser Prado 120 J120 (2002-2009) a Lexus GX470 (2002-2009).Kompresor se prod\u00e1v\u00e1 BEZ vysou\u0161e\u010de.\u00a0OEM: 48910-60021, 4891060021, 48910-60020, 4891060020, 48950-60020, 4895060020","robots":{"index":"index","follow":"follow","max-snippet":"max-snippet:-1","max-image-preview":"max-image-preview:large","max-video-preview":"max-video-preview:-1"},"canonical":"https:\/\/vzduchovetlmice.sk\/cs\/produkty\/vzduchovy-kompresor-podvozku-toyota-land-cruiser-120-lexus-gx-470\/","og_locale":"cs_CZ","og_type":"article","og_title":"Vzduchov\u00fd kompresor podvozku Toyota Land Cruiser Prado 120, Lexus GX470","og_description":"Nov\u00fd vzduchov\u00fd kompresor podvozku Toyota Land Cruiser Prado 120 J120 (2002-2009) a Lexus GX470 (2002-2009).Kompresor se prod\u00e1v\u00e1 BEZ vysou\u0161e\u010de.\u00a0OEM: 48910-60021, 4891060021, 48910-60020, 4891060020, 48950-60020, 4895060020","og_url":"https:\/\/vzduchovetlmice.sk\/cs\/produkty\/vzduchovy-kompresor-podvozku-toyota-land-cruiser-120-lexus-gx-470\/","og_site_name":"VzduchoveTlmice.sk","article_modified_time":"2025-11-06T15:30:59+00:00","twitter_card":"summary_large_image","twitter_misc":{"Odhadovan\u00e1 doba \u010dten\u00ed":"1 minuta"},"schema":{"@context":"https:\/\/schema.org","@graph":[{"@type":"WebPage","@id":"https:\/\/vzduchovetlmice.sk\/cs\/produkty\/vzduchovy-kompresor-podvozku-toyota-land-cruiser-120-lexus-gx-470\/","url":"https:\/\/vzduchovetlmice.sk\/cs\/produkty\/vzduchovy-kompresor-podvozku-toyota-land-cruiser-120-lexus-gx-470\/","name":"Vzduchov\u00fd kompresor podvozku Toyota Land Cruiser Prado 120","isPartOf":{"@id":"https:\/\/vzduchovetlmice.sk\/#website"},"datePublished":"2025-06-01T14:51:50+00:00","dateModified":"2025-11-06T15:30:59+00:00","description":"Nov\u00fd vzduchov\u00fd kompresor podvozku Toyota Land Cruiser Prado 120 J120 (2002-2009) a Lexus GX470 (2002-2009).Kompresor se prod\u00e1v\u00e1 BEZ vysou\u0161e\u010de.\u00a0OEM: 48910-60021, 4891060021, 48910-60020, 4891060020, 48950-60020, 4895060020","breadcrumb":{"@id":"https:\/\/vzduchovetlmice.sk\/cs\/produkty\/vzduchovy-kompresor-podvozku-toyota-land-cruiser-120-lexus-gx-470\/#breadcrumb"},"inLanguage":"cs","potentialAction":[{"@type":"ReadAction","target":["https:\/\/vzduchovetlmice.sk\/cs\/produkty\/vzduchovy-kompresor-podvozku-toyota-land-cruiser-120-lexus-gx-470\/"]}]},{"@type":"BreadcrumbList","@id":"https:\/\/vzduchovetlmice.sk\/cs\/produkty\/vzduchovy-kompresor-podvozku-toyota-land-cruiser-120-lexus-gx-470\/#breadcrumb","itemListElement":[{"@type":"ListItem","position":1,"name":"Domovsk\u00e1 str\u00e1nka","item":"https:\/\/vzduchovetlmice.sk\/"},{"@type":"ListItem","position":2,"name":"Obchod","item":"https:\/\/vzduchovetlmice.sk\/obchod\/"},{"@type":"ListItem","position":3,"name":"Vzduchov\u00fd kompresor podvozku Toyota Land Cruiser Prado 120, Lexus GX470"}]},{"@type":"WebSite","@id":"https:\/\/vzduchovetlmice.sk\/#website","url":"https:\/\/vzduchovetlmice.sk\/","name":"VzduchoveTlmice.sk","description":"predaj dielov pre vzduchov\u00fd podvozok","potentialAction":[{"@type":"SearchAction","target":{"@type":"EntryPoint","urlTemplate":"https:\/\/vzduchovetlmice.sk\/?s={search_term_string}"},"query-input":{"@type":"PropertyValueSpecification","valueRequired":true,"valueName":"search_term_string"}}],"inLanguage":"cs"}]}},"_links":{"self":[{"href":"https:\/\/vzduchovetlmice.sk\/cs\/wp-json\/wp\/v2\/product\/101324","targetHints":{"allow":["GET"]}}],"collection":[{"href":"https:\/\/vzduchovetlmice.sk\/cs\/wp-json\/wp\/v2\/product"}],"about":[{"href":"https:\/\/vzduchovetlmice.sk\/cs\/wp-json\/wp\/v2\/types\/product"}],"wp:attachment":[{"href":"https:\/\/vzduchovetlmice.sk\/cs\/wp-json\/wp\/v2\/media?parent=101324"}],"wp:term":[{"taxonomy":"product_brand","embeddable":true,"href":"https:\/\/vzduchovetlmice.sk\/cs\/wp-json\/wp\/v2\/product_brand?post=101324"},{"taxonomy":"product_cat","embeddable":true,"href":"https:\/\/vzduchovetlmice.sk\/cs\/wp-json\/wp\/v2\/product_cat?post=101324"},{"taxonomy":"product_tag","embeddable":true,"href":"https:\/\/vzduchovetlmice.sk\/cs\/wp-json\/wp\/v2\/product_tag?post=101324"}],"curies":[{"name":"wp","href":"https:\/\/api.w.org\/{rel}","templated":true}]}}