{"id":101335,"date":"2025-06-02T16:50:41","date_gmt":"2025-06-02T16:50:41","guid":{"rendered":"https:\/\/vzduchovetlmice.sk\/?post_type=product&#038;p=101335"},"modified":"2025-11-06T15:26:11","modified_gmt":"2025-11-06T15:26:11","slug":"predni-vzduchovy-tlumic-toyota-land-cruiser-prado-120-lexus-gx470-s-avs","status":"publish","type":"product","link":"https:\/\/vzduchovetlmice.sk\/cs\/produkty\/predni-vzduchovy-tlumic-toyota-land-cruiser-prado-120-lexus-gx470-s-avs\/","title":{"rendered":"P\u0159edn\u00ed vzduchov\u00fd tlumi\u010d Toyota Land Cruiser Prado 120, Lexus GX470 s AVS"},"content":{"rendered":"<h3><strong>Dal\u0161\u00ed informace:<\/strong><\/h3>\n<p>Nov\u00fd p\u0159edn\u00ed vzduchov\u00fd tlumi\u010d Toyota Land Cruiser Prado 120 J120 (2002-2009) a Lexus GX470 (2002-2009) s AVS &#8211; Adaptive Variable Suspension.<\/p>\n<p>Tlumi\u010d je stejn\u00fd pro pravou i levou stranu.<\/p>\n<h4><strong>Origin\u00e1ln\u00ed v\u00fdrobn\u00ed \u010d\u00edsla (OEM): <\/strong><\/h4>\n<p>4851069415, 48510-69415, 4851069195, 48510-69195, 48510-60120, 4851060121, 48510-60121, 4851060120, 317127, SK-2812<\/p>\n","protected":false},"excerpt":{"rendered":"<p><strong>Zna\u010dka: <\/strong>Toyota, Lexus<\/p>\n<p><strong>Model:<\/strong> Toyota Land Cruiser Prado 120 J120 (2002 \u2013 2009), Lexus GX470 (2002 \u2013 2009)<\/p>\n<p><strong>Typ:<\/strong> 2WD, AWD (4WD)<\/p>\n<p><strong>Poloha: <\/strong>p\u0159edn\u00ed n\u00e1prava vpravo\/vlevo<\/p>\n<p><strong>V\u00fdrobce: <\/strong>OEM<\/p>\n<p><strong>Stav: <\/strong>Nov\u00e9<\/p>\n<p><strong>Z\u00e1ruka: <\/strong>2 roky<\/p>\n<p><strong>Dostupnost:<\/strong> <span style=\"color: #00ff00;\"><strong>Skladem<\/strong><\/span><\/p>\n","protected":false},"featured_media":102159,"template":"","meta":{"_et_pb_use_builder":"","_et_pb_old_content":"","_et_gb_content_width":""},"product_brand":[460,484],"product_cat":[561,594,457,540],"product_tag":[],"class_list":{"0":"post-101335","1":"product","2":"type-product","3":"status-publish","4":"has-post-thumbnail","6":"product_brand-lexus","7":"product_brand-toyota","8":"product_cat-gx-470-2002-2009-cs","9":"product_cat-land-cruiser-prado-120-2002-2009-cs","10":"product_cat-lexus-cs","11":"product_cat-toyota-cs","13":"first","14":"instock","15":"shipping-taxable","16":"purchasable","17":"product-type-simple"},"yoast_head":"<!-- This site is optimized with the Yoast SEO Premium plugin v24.9 (Yoast SEO v27.1.1) - https:\/\/yoast.com\/product\/yoast-seo-premium-wordpress\/ -->\n<title>P\u0159edn\u00ed vzduchov\u00fd tlumi\u010d Toyota Land Cruiser Prado 120, Lexus<\/title>\n<meta name=\"description\" content=\"Nov\u00fd p\u0159edn\u00ed vzduchov\u00fd tlumi\u010d Toyota Land Cruiser Prado 120 J120 (2002-2009) a Lexus GX470 (2002-2009) s AVS - Adaptive Variable Suspension.\u00a0OEM: 4851069415, 48510-69415, 4851069195, 48510-69195, 48510-60120, 4851060121, 48510-60121, 4851060120, 317127, SK-2812\" \/>\n<meta name=\"robots\" content=\"index, follow, max-snippet:-1, max-image-preview:large, max-video-preview:-1\" \/>\n<link rel=\"canonical\" href=\"https:\/\/vzduchovetlmice.sk\/cs\/produkty\/predni-vzduchovy-tlumic-toyota-land-cruiser-prado-120-lexus-gx470-s-avs\/\" \/>\n<meta property=\"og:locale\" content=\"cs_CZ\" \/>\n<meta property=\"og:type\" content=\"article\" \/>\n<meta property=\"og:title\" content=\"P\u0159edn\u00ed vzduchov\u00fd tlumi\u010d Toyota Land Cruiser Prado 120, Lexus GX470 s AVS\" \/>\n<meta property=\"og:description\" content=\"Nov\u00fd p\u0159edn\u00ed vzduchov\u00fd tlumi\u010d Toyota Land Cruiser Prado 120 J120 (2002-2009) a Lexus GX470 (2002-2009) s AVS - Adaptive Variable Suspension.\u00a0OEM: 4851069415, 48510-69415, 4851069195, 48510-69195, 48510-60120, 4851060121, 48510-60121, 4851060120, 317127, SK-2812\" \/>\n<meta property=\"og:url\" content=\"https:\/\/vzduchovetlmice.sk\/cs\/produkty\/predni-vzduchovy-tlumic-toyota-land-cruiser-prado-120-lexus-gx470-s-avs\/\" \/>\n<meta property=\"og:site_name\" content=\"VzduchoveTlmice.sk\" \/>\n<meta property=\"article:modified_time\" content=\"2025-11-06T15:26:11+00:00\" \/>\n<meta property=\"og:image\" content=\"https:\/\/vzduchovetlmice.sk\/wp-content\/uploads\/2025\/06\/Predny-vzduchovy-tlmic-Toyota-Land-Cruiser-Prado-120-Lexus-GX470-s-AVS-4851069415-48510-69415-4851069195-48510-69195-48510-60120.jpg\" \/>\n\t<meta property=\"og:image:width\" content=\"1000\" \/>\n\t<meta property=\"og:image:height\" content=\"1000\" \/>\n\t<meta property=\"og:image:type\" content=\"image\/jpeg\" \/>\n<meta name=\"twitter:card\" content=\"summary_large_image\" \/>\n<meta name=\"twitter:label1\" content=\"Odhadovan\u00e1 doba \u010dten\u00ed\" \/>\n\t<meta name=\"twitter:data1\" content=\"1 minuta\" \/>\n<script type=\"application\/ld+json\" class=\"yoast-schema-graph\">{\"@context\":\"https:\/\/schema.org\",\"@graph\":[{\"@type\":\"WebPage\",\"@id\":\"https:\/\/vzduchovetlmice.sk\/cs\/produkty\/predni-vzduchovy-tlumic-toyota-land-cruiser-prado-120-lexus-gx470-s-avs\/\",\"url\":\"https:\/\/vzduchovetlmice.sk\/cs\/produkty\/predni-vzduchovy-tlumic-toyota-land-cruiser-prado-120-lexus-gx470-s-avs\/\",\"name\":\"P\u0159edn\u00ed vzduchov\u00fd tlumi\u010d Toyota Land Cruiser Prado 120, Lexus\",\"isPartOf\":{\"@id\":\"https:\/\/vzduchovetlmice.sk\/#website\"},\"primaryImageOfPage\":{\"@id\":\"https:\/\/vzduchovetlmice.sk\/cs\/produkty\/predni-vzduchovy-tlumic-toyota-land-cruiser-prado-120-lexus-gx470-s-avs\/#primaryimage\"},\"image\":{\"@id\":\"https:\/\/vzduchovetlmice.sk\/cs\/produkty\/predni-vzduchovy-tlumic-toyota-land-cruiser-prado-120-lexus-gx470-s-avs\/#primaryimage\"},\"thumbnailUrl\":\"https:\/\/vzduchovetlmice.sk\/wp-content\/uploads\/2025\/06\/Predny-vzduchovy-tlmic-Toyota-Land-Cruiser-Prado-120-Lexus-GX470-s-AVS-4851069415-48510-69415-4851069195-48510-69195-48510-60120.jpg\",\"datePublished\":\"2025-06-02T16:50:41+00:00\",\"dateModified\":\"2025-11-06T15:26:11+00:00\",\"description\":\"Nov\u00fd p\u0159edn\u00ed vzduchov\u00fd tlumi\u010d Toyota Land Cruiser Prado 120 J120 (2002-2009) a Lexus GX470 (2002-2009) s AVS - Adaptive Variable Suspension.\u00a0OEM: 4851069415, 48510-69415, 4851069195, 48510-69195, 48510-60120, 4851060121, 48510-60121, 4851060120, 317127, SK-2812\",\"breadcrumb\":{\"@id\":\"https:\/\/vzduchovetlmice.sk\/cs\/produkty\/predni-vzduchovy-tlumic-toyota-land-cruiser-prado-120-lexus-gx470-s-avs\/#breadcrumb\"},\"inLanguage\":\"cs\",\"potentialAction\":[{\"@type\":\"ReadAction\",\"target\":[\"https:\/\/vzduchovetlmice.sk\/cs\/produkty\/predni-vzduchovy-tlumic-toyota-land-cruiser-prado-120-lexus-gx470-s-avs\/\"]}]},{\"@type\":\"ImageObject\",\"inLanguage\":\"cs\",\"@id\":\"https:\/\/vzduchovetlmice.sk\/cs\/produkty\/predni-vzduchovy-tlumic-toyota-land-cruiser-prado-120-lexus-gx470-s-avs\/#primaryimage\",\"url\":\"https:\/\/vzduchovetlmice.sk\/wp-content\/uploads\/2025\/06\/Predny-vzduchovy-tlmic-Toyota-Land-Cruiser-Prado-120-Lexus-GX470-s-AVS-4851069415-48510-69415-4851069195-48510-69195-48510-60120.jpg\",\"contentUrl\":\"https:\/\/vzduchovetlmice.sk\/wp-content\/uploads\/2025\/06\/Predny-vzduchovy-tlmic-Toyota-Land-Cruiser-Prado-120-Lexus-GX470-s-AVS-4851069415-48510-69415-4851069195-48510-69195-48510-60120.jpg\",\"width\":1000,\"height\":1000,\"caption\":\"Predn\u00fd vzduchov\u00fd tlmi\u010d Toyota Land Cruiser Prado 120, Lexus GX470 s AVS, 4851069415, 48510-69415, 4851069195, 48510-69195, 48510-60120\"},{\"@type\":\"BreadcrumbList\",\"@id\":\"https:\/\/vzduchovetlmice.sk\/cs\/produkty\/predni-vzduchovy-tlumic-toyota-land-cruiser-prado-120-lexus-gx470-s-avs\/#breadcrumb\",\"itemListElement\":[{\"@type\":\"ListItem\",\"position\":1,\"name\":\"Domovsk\u00e1 str\u00e1nka\",\"item\":\"https:\/\/vzduchovetlmice.sk\/\"},{\"@type\":\"ListItem\",\"position\":2,\"name\":\"Obchod\",\"item\":\"https:\/\/vzduchovetlmice.sk\/obchod\/\"},{\"@type\":\"ListItem\",\"position\":3,\"name\":\"P\u0159edn\u00ed vzduchov\u00fd tlumi\u010d Toyota Land Cruiser Prado 120, Lexus GX470 s AVS\"}]},{\"@type\":\"WebSite\",\"@id\":\"https:\/\/vzduchovetlmice.sk\/#website\",\"url\":\"https:\/\/vzduchovetlmice.sk\/\",\"name\":\"VzduchoveTlmice.sk\",\"description\":\"predaj dielov pre vzduchov\u00fd podvozok\",\"potentialAction\":[{\"@type\":\"SearchAction\",\"target\":{\"@type\":\"EntryPoint\",\"urlTemplate\":\"https:\/\/vzduchovetlmice.sk\/?s={search_term_string}\"},\"query-input\":{\"@type\":\"PropertyValueSpecification\",\"valueRequired\":true,\"valueName\":\"search_term_string\"}}],\"inLanguage\":\"cs\"}]}<\/script>\n<!-- \/ Yoast SEO Premium plugin. -->","yoast_head_json":{"title":"P\u0159edn\u00ed vzduchov\u00fd tlumi\u010d Toyota Land Cruiser Prado 120, Lexus","description":"Nov\u00fd p\u0159edn\u00ed vzduchov\u00fd tlumi\u010d Toyota Land Cruiser Prado 120 J120 (2002-2009) a Lexus GX470 (2002-2009) s AVS - Adaptive Variable Suspension.\u00a0OEM: 4851069415, 48510-69415, 4851069195, 48510-69195, 48510-60120, 4851060121, 48510-60121, 4851060120, 317127, SK-2812","robots":{"index":"index","follow":"follow","max-snippet":"max-snippet:-1","max-image-preview":"max-image-preview:large","max-video-preview":"max-video-preview:-1"},"canonical":"https:\/\/vzduchovetlmice.sk\/cs\/produkty\/predni-vzduchovy-tlumic-toyota-land-cruiser-prado-120-lexus-gx470-s-avs\/","og_locale":"cs_CZ","og_type":"article","og_title":"P\u0159edn\u00ed vzduchov\u00fd tlumi\u010d Toyota Land Cruiser Prado 120, Lexus GX470 s AVS","og_description":"Nov\u00fd p\u0159edn\u00ed vzduchov\u00fd tlumi\u010d Toyota Land Cruiser Prado 120 J120 (2002-2009) a Lexus GX470 (2002-2009) s AVS - Adaptive Variable Suspension.\u00a0OEM: 4851069415, 48510-69415, 4851069195, 48510-69195, 48510-60120, 4851060121, 48510-60121, 4851060120, 317127, SK-2812","og_url":"https:\/\/vzduchovetlmice.sk\/cs\/produkty\/predni-vzduchovy-tlumic-toyota-land-cruiser-prado-120-lexus-gx470-s-avs\/","og_site_name":"VzduchoveTlmice.sk","article_modified_time":"2025-11-06T15:26:11+00:00","og_image":[{"width":1000,"height":1000,"url":"https:\/\/vzduchovetlmice.sk\/wp-content\/uploads\/2025\/06\/Predny-vzduchovy-tlmic-Toyota-Land-Cruiser-Prado-120-Lexus-GX470-s-AVS-4851069415-48510-69415-4851069195-48510-69195-48510-60120.jpg","type":"image\/jpeg"}],"twitter_card":"summary_large_image","twitter_misc":{"Odhadovan\u00e1 doba \u010dten\u00ed":"1 minuta"},"schema":{"@context":"https:\/\/schema.org","@graph":[{"@type":"WebPage","@id":"https:\/\/vzduchovetlmice.sk\/cs\/produkty\/predni-vzduchovy-tlumic-toyota-land-cruiser-prado-120-lexus-gx470-s-avs\/","url":"https:\/\/vzduchovetlmice.sk\/cs\/produkty\/predni-vzduchovy-tlumic-toyota-land-cruiser-prado-120-lexus-gx470-s-avs\/","name":"P\u0159edn\u00ed vzduchov\u00fd tlumi\u010d Toyota Land Cruiser Prado 120, Lexus","isPartOf":{"@id":"https:\/\/vzduchovetlmice.sk\/#website"},"primaryImageOfPage":{"@id":"https:\/\/vzduchovetlmice.sk\/cs\/produkty\/predni-vzduchovy-tlumic-toyota-land-cruiser-prado-120-lexus-gx470-s-avs\/#primaryimage"},"image":{"@id":"https:\/\/vzduchovetlmice.sk\/cs\/produkty\/predni-vzduchovy-tlumic-toyota-land-cruiser-prado-120-lexus-gx470-s-avs\/#primaryimage"},"thumbnailUrl":"https:\/\/vzduchovetlmice.sk\/wp-content\/uploads\/2025\/06\/Predny-vzduchovy-tlmic-Toyota-Land-Cruiser-Prado-120-Lexus-GX470-s-AVS-4851069415-48510-69415-4851069195-48510-69195-48510-60120.jpg","datePublished":"2025-06-02T16:50:41+00:00","dateModified":"2025-11-06T15:26:11+00:00","description":"Nov\u00fd p\u0159edn\u00ed vzduchov\u00fd tlumi\u010d Toyota Land Cruiser Prado 120 J120 (2002-2009) a Lexus GX470 (2002-2009) s AVS - Adaptive Variable Suspension.\u00a0OEM: 4851069415, 48510-69415, 4851069195, 48510-69195, 48510-60120, 4851060121, 48510-60121, 4851060120, 317127, SK-2812","breadcrumb":{"@id":"https:\/\/vzduchovetlmice.sk\/cs\/produkty\/predni-vzduchovy-tlumic-toyota-land-cruiser-prado-120-lexus-gx470-s-avs\/#breadcrumb"},"inLanguage":"cs","potentialAction":[{"@type":"ReadAction","target":["https:\/\/vzduchovetlmice.sk\/cs\/produkty\/predni-vzduchovy-tlumic-toyota-land-cruiser-prado-120-lexus-gx470-s-avs\/"]}]},{"@type":"ImageObject","inLanguage":"cs","@id":"https:\/\/vzduchovetlmice.sk\/cs\/produkty\/predni-vzduchovy-tlumic-toyota-land-cruiser-prado-120-lexus-gx470-s-avs\/#primaryimage","url":"https:\/\/vzduchovetlmice.sk\/wp-content\/uploads\/2025\/06\/Predny-vzduchovy-tlmic-Toyota-Land-Cruiser-Prado-120-Lexus-GX470-s-AVS-4851069415-48510-69415-4851069195-48510-69195-48510-60120.jpg","contentUrl":"https:\/\/vzduchovetlmice.sk\/wp-content\/uploads\/2025\/06\/Predny-vzduchovy-tlmic-Toyota-Land-Cruiser-Prado-120-Lexus-GX470-s-AVS-4851069415-48510-69415-4851069195-48510-69195-48510-60120.jpg","width":1000,"height":1000,"caption":"Predn\u00fd vzduchov\u00fd tlmi\u010d Toyota Land Cruiser Prado 120, Lexus GX470 s AVS, 4851069415, 48510-69415, 4851069195, 48510-69195, 48510-60120"},{"@type":"BreadcrumbList","@id":"https:\/\/vzduchovetlmice.sk\/cs\/produkty\/predni-vzduchovy-tlumic-toyota-land-cruiser-prado-120-lexus-gx470-s-avs\/#breadcrumb","itemListElement":[{"@type":"ListItem","position":1,"name":"Domovsk\u00e1 str\u00e1nka","item":"https:\/\/vzduchovetlmice.sk\/"},{"@type":"ListItem","position":2,"name":"Obchod","item":"https:\/\/vzduchovetlmice.sk\/obchod\/"},{"@type":"ListItem","position":3,"name":"P\u0159edn\u00ed vzduchov\u00fd tlumi\u010d Toyota Land Cruiser Prado 120, Lexus GX470 s AVS"}]},{"@type":"WebSite","@id":"https:\/\/vzduchovetlmice.sk\/#website","url":"https:\/\/vzduchovetlmice.sk\/","name":"VzduchoveTlmice.sk","description":"predaj dielov pre vzduchov\u00fd podvozok","potentialAction":[{"@type":"SearchAction","target":{"@type":"EntryPoint","urlTemplate":"https:\/\/vzduchovetlmice.sk\/?s={search_term_string}"},"query-input":{"@type":"PropertyValueSpecification","valueRequired":true,"valueName":"search_term_string"}}],"inLanguage":"cs"}]}},"_links":{"self":[{"href":"https:\/\/vzduchovetlmice.sk\/cs\/wp-json\/wp\/v2\/product\/101335","targetHints":{"allow":["GET"]}}],"collection":[{"href":"https:\/\/vzduchovetlmice.sk\/cs\/wp-json\/wp\/v2\/product"}],"about":[{"href":"https:\/\/vzduchovetlmice.sk\/cs\/wp-json\/wp\/v2\/types\/product"}],"wp:featuredmedia":[{"embeddable":true,"href":"https:\/\/vzduchovetlmice.sk\/cs\/wp-json\/wp\/v2\/media\/102159"}],"wp:attachment":[{"href":"https:\/\/vzduchovetlmice.sk\/cs\/wp-json\/wp\/v2\/media?parent=101335"}],"wp:term":[{"taxonomy":"product_brand","embeddable":true,"href":"https:\/\/vzduchovetlmice.sk\/cs\/wp-json\/wp\/v2\/product_brand?post=101335"},{"taxonomy":"product_cat","embeddable":true,"href":"https:\/\/vzduchovetlmice.sk\/cs\/wp-json\/wp\/v2\/product_cat?post=101335"},{"taxonomy":"product_tag","embeddable":true,"href":"https:\/\/vzduchovetlmice.sk\/cs\/wp-json\/wp\/v2\/product_tag?post=101335"}],"curies":[{"name":"wp","href":"https:\/\/api.w.org\/{rel}","templated":true}]}}