{"id":101369,"date":"2025-06-04T18:53:01","date_gmt":"2025-06-04T18:53:01","guid":{"rendered":"https:\/\/vzduchovetlmice.sk\/?post_type=product&#038;p=101369"},"modified":"2025-11-20T15:18:47","modified_gmt":"2025-11-20T15:18:47","slug":"zadni-pravy-vzduchovy-mech-porsche-macan-95b","status":"publish","type":"product","link":"https:\/\/vzduchovetlmice.sk\/cs\/produkty\/zadni-pravy-vzduchovy-mech-porsche-macan-95b\/","title":{"rendered":"Zadn\u00ed prav\u00fd vzduchov\u00fd m\u011bch Porsche Macan 95B"},"content":{"rendered":"<h3><strong>Dal\u0161\u00ed informace:<\/strong><\/h3>\n<p>Nov\u00fd zadn\u00ed prav\u00fd vzduchov\u00fd m\u011bch Porsche Macan 95B (2014 \u2013 2025).<\/p>\n<h4><strong>Origin\u00e1ln\u00ed v\u00fdrobn\u00ed \u010d\u00edsla (OEM): <\/strong><\/h4>\n<div class=\"additional-attributes-wrapper info\">\n<p>95B616002, 95B616002A, 95B616002B, 95B616002C, 95B616002D, 95B616002E 95B616002F, 95B616002G, 95B616002H, 95B616002J, 40-273778<\/p>\n<\/div>\n","protected":false},"excerpt":{"rendered":"<p><strong>Zna\u010dka: <\/strong>Porsche<\/p>\n<p><strong>Model:<\/strong> Porsche Macan 95B (2014 \u2013 2025)<\/p>\n<p><strong>TYP:<\/strong> s PASM<\/p>\n<p><strong>Poloha: <\/strong>Zadn\u00ed n\u00e1prava vpravo<\/p>\n<p><strong>V\u00fdrobce: <\/strong>OEM<\/p>\n<p><strong>Stav:\u00a0<\/strong>Nov\u00e9<\/p>\n<p><strong>Z\u00e1ruka:\u00a0<\/strong>2 roky<\/p>\n<p><strong>Dostupnost:<\/strong>\u00a0<span style=\"color: #00ff00;\"><strong>Skladem<\/strong><\/span><\/p>\n","protected":false},"featured_media":102872,"template":"","meta":{"_et_pb_use_builder":"","_et_pb_old_content":"","_et_gb_content_width":""},"product_brand":[469],"product_cat":[470,479],"product_tag":[],"class_list":{"0":"post-101369","1":"product","2":"type-product","3":"status-publish","4":"has-post-thumbnail","6":"product_brand-porsche","7":"product_cat-macan-95b-2014-2025-cs","8":"product_cat-porsche-cs","10":"first","11":"instock","12":"shipping-taxable","13":"purchasable","14":"product-type-simple"},"yoast_head":"<!-- This site is optimized with the Yoast SEO Premium plugin v24.9 (Yoast SEO v27.1.1) - https:\/\/yoast.com\/product\/yoast-seo-premium-wordpress\/ -->\n<title>Zadn\u00ed prav\u00fd vzduchov\u00fd m\u011bch Porsche Macan 95B<\/title>\n<meta name=\"description\" content=\"Nov\u00fd zadn\u00ed prav\u00fd vzduchov\u00fd m\u011bch Porsche Macan 95B (2014 \u2013 2025). OEM: 95B616002, 95B616002A, 95B616002B, 95B616002C, 95B616002D, 95B616002E 95B616002F, 95B616002G, 95B616002H, 95B616002J, 40-273778\" \/>\n<meta name=\"robots\" content=\"index, follow, max-snippet:-1, max-image-preview:large, max-video-preview:-1\" \/>\n<link rel=\"canonical\" href=\"https:\/\/vzduchovetlmice.sk\/cs\/produkty\/zadni-pravy-vzduchovy-mech-porsche-macan-95b\/\" \/>\n<meta property=\"og:locale\" content=\"cs_CZ\" \/>\n<meta property=\"og:type\" content=\"article\" \/>\n<meta property=\"og:title\" content=\"Zadn\u00ed prav\u00fd vzduchov\u00fd m\u011bch Porsche Macan 95B\" \/>\n<meta property=\"og:description\" content=\"Nov\u00fd zadn\u00ed prav\u00fd vzduchov\u00fd m\u011bch Porsche Macan 95B (2014 \u2013 2025). OEM: 95B616002, 95B616002A, 95B616002B, 95B616002C, 95B616002D, 95B616002E 95B616002F, 95B616002G, 95B616002H, 95B616002J, 40-273778\" \/>\n<meta property=\"og:url\" content=\"https:\/\/vzduchovetlmice.sk\/cs\/produkty\/zadni-pravy-vzduchovy-mech-porsche-macan-95b\/\" \/>\n<meta property=\"og:site_name\" content=\"VzduchoveTlmice.sk\" \/>\n<meta property=\"article:modified_time\" content=\"2025-11-20T15:18:47+00:00\" \/>\n<meta property=\"og:image\" content=\"https:\/\/vzduchovetlmice.sk\/wp-content\/uploads\/2025\/06\/Zadny-pravy-vzduchovy-vankus-Porsche-Macan-95B-95B616002-95B616002A-95B616002B-95B616002C-95B616002D.jpg\" \/>\n\t<meta property=\"og:image:width\" content=\"1000\" \/>\n\t<meta property=\"og:image:height\" content=\"1000\" \/>\n\t<meta property=\"og:image:type\" content=\"image\/jpeg\" \/>\n<meta name=\"twitter:card\" content=\"summary_large_image\" \/>\n<meta name=\"twitter:label1\" content=\"Odhadovan\u00e1 doba \u010dten\u00ed\" \/>\n\t<meta name=\"twitter:data1\" content=\"1 minuta\" \/>\n<script type=\"application\/ld+json\" class=\"yoast-schema-graph\">{\"@context\":\"https:\/\/schema.org\",\"@graph\":[{\"@type\":\"WebPage\",\"@id\":\"https:\/\/vzduchovetlmice.sk\/cs\/produkty\/zadni-pravy-vzduchovy-mech-porsche-macan-95b\/\",\"url\":\"https:\/\/vzduchovetlmice.sk\/cs\/produkty\/zadni-pravy-vzduchovy-mech-porsche-macan-95b\/\",\"name\":\"Zadn\u00ed prav\u00fd vzduchov\u00fd m\u011bch Porsche Macan 95B\",\"isPartOf\":{\"@id\":\"https:\/\/vzduchovetlmice.sk\/#website\"},\"primaryImageOfPage\":{\"@id\":\"https:\/\/vzduchovetlmice.sk\/cs\/produkty\/zadni-pravy-vzduchovy-mech-porsche-macan-95b\/#primaryimage\"},\"image\":{\"@id\":\"https:\/\/vzduchovetlmice.sk\/cs\/produkty\/zadni-pravy-vzduchovy-mech-porsche-macan-95b\/#primaryimage\"},\"thumbnailUrl\":\"https:\/\/vzduchovetlmice.sk\/wp-content\/uploads\/2025\/06\/Zadny-pravy-vzduchovy-vankus-Porsche-Macan-95B-95B616002-95B616002A-95B616002B-95B616002C-95B616002D.jpg\",\"datePublished\":\"2025-06-04T18:53:01+00:00\",\"dateModified\":\"2025-11-20T15:18:47+00:00\",\"description\":\"Nov\u00fd zadn\u00ed prav\u00fd vzduchov\u00fd m\u011bch Porsche Macan 95B (2014 \u2013 2025). OEM: 95B616002, 95B616002A, 95B616002B, 95B616002C, 95B616002D, 95B616002E 95B616002F, 95B616002G, 95B616002H, 95B616002J, 40-273778\",\"breadcrumb\":{\"@id\":\"https:\/\/vzduchovetlmice.sk\/cs\/produkty\/zadni-pravy-vzduchovy-mech-porsche-macan-95b\/#breadcrumb\"},\"inLanguage\":\"cs\",\"potentialAction\":[{\"@type\":\"ReadAction\",\"target\":[\"https:\/\/vzduchovetlmice.sk\/cs\/produkty\/zadni-pravy-vzduchovy-mech-porsche-macan-95b\/\"]}]},{\"@type\":\"ImageObject\",\"inLanguage\":\"cs\",\"@id\":\"https:\/\/vzduchovetlmice.sk\/cs\/produkty\/zadni-pravy-vzduchovy-mech-porsche-macan-95b\/#primaryimage\",\"url\":\"https:\/\/vzduchovetlmice.sk\/wp-content\/uploads\/2025\/06\/Zadny-pravy-vzduchovy-vankus-Porsche-Macan-95B-95B616002-95B616002A-95B616002B-95B616002C-95B616002D.jpg\",\"contentUrl\":\"https:\/\/vzduchovetlmice.sk\/wp-content\/uploads\/2025\/06\/Zadny-pravy-vzduchovy-vankus-Porsche-Macan-95B-95B616002-95B616002A-95B616002B-95B616002C-95B616002D.jpg\",\"width\":1000,\"height\":1000,\"caption\":\"Zadn\u00fd prav\u00fd vzduchov\u00fd vank\u00fa\u0161 Porsche Macan 95B, 95B616002, 95B616002A, 95B616002B, 95B616002C, 95B616002D\"},{\"@type\":\"BreadcrumbList\",\"@id\":\"https:\/\/vzduchovetlmice.sk\/cs\/produkty\/zadni-pravy-vzduchovy-mech-porsche-macan-95b\/#breadcrumb\",\"itemListElement\":[{\"@type\":\"ListItem\",\"position\":1,\"name\":\"Domovsk\u00e1 str\u00e1nka\",\"item\":\"https:\/\/vzduchovetlmice.sk\/\"},{\"@type\":\"ListItem\",\"position\":2,\"name\":\"Obchod\",\"item\":\"https:\/\/vzduchovetlmice.sk\/obchod\/\"},{\"@type\":\"ListItem\",\"position\":3,\"name\":\"Zadn\u00ed prav\u00fd vzduchov\u00fd m\u011bch Porsche Macan 95B\"}]},{\"@type\":\"WebSite\",\"@id\":\"https:\/\/vzduchovetlmice.sk\/#website\",\"url\":\"https:\/\/vzduchovetlmice.sk\/\",\"name\":\"VzduchoveTlmice.sk\",\"description\":\"predaj dielov pre vzduchov\u00fd podvozok\",\"potentialAction\":[{\"@type\":\"SearchAction\",\"target\":{\"@type\":\"EntryPoint\",\"urlTemplate\":\"https:\/\/vzduchovetlmice.sk\/?s={search_term_string}\"},\"query-input\":{\"@type\":\"PropertyValueSpecification\",\"valueRequired\":true,\"valueName\":\"search_term_string\"}}],\"inLanguage\":\"cs\"}]}<\/script>\n<!-- \/ Yoast SEO Premium plugin. -->","yoast_head_json":{"title":"Zadn\u00ed prav\u00fd vzduchov\u00fd m\u011bch Porsche Macan 95B","description":"Nov\u00fd zadn\u00ed prav\u00fd vzduchov\u00fd m\u011bch Porsche Macan 95B (2014 \u2013 2025). OEM: 95B616002, 95B616002A, 95B616002B, 95B616002C, 95B616002D, 95B616002E 95B616002F, 95B616002G, 95B616002H, 95B616002J, 40-273778","robots":{"index":"index","follow":"follow","max-snippet":"max-snippet:-1","max-image-preview":"max-image-preview:large","max-video-preview":"max-video-preview:-1"},"canonical":"https:\/\/vzduchovetlmice.sk\/cs\/produkty\/zadni-pravy-vzduchovy-mech-porsche-macan-95b\/","og_locale":"cs_CZ","og_type":"article","og_title":"Zadn\u00ed prav\u00fd vzduchov\u00fd m\u011bch Porsche Macan 95B","og_description":"Nov\u00fd zadn\u00ed prav\u00fd vzduchov\u00fd m\u011bch Porsche Macan 95B (2014 \u2013 2025). OEM: 95B616002, 95B616002A, 95B616002B, 95B616002C, 95B616002D, 95B616002E 95B616002F, 95B616002G, 95B616002H, 95B616002J, 40-273778","og_url":"https:\/\/vzduchovetlmice.sk\/cs\/produkty\/zadni-pravy-vzduchovy-mech-porsche-macan-95b\/","og_site_name":"VzduchoveTlmice.sk","article_modified_time":"2025-11-20T15:18:47+00:00","og_image":[{"width":1000,"height":1000,"url":"https:\/\/vzduchovetlmice.sk\/wp-content\/uploads\/2025\/06\/Zadny-pravy-vzduchovy-vankus-Porsche-Macan-95B-95B616002-95B616002A-95B616002B-95B616002C-95B616002D.jpg","type":"image\/jpeg"}],"twitter_card":"summary_large_image","twitter_misc":{"Odhadovan\u00e1 doba \u010dten\u00ed":"1 minuta"},"schema":{"@context":"https:\/\/schema.org","@graph":[{"@type":"WebPage","@id":"https:\/\/vzduchovetlmice.sk\/cs\/produkty\/zadni-pravy-vzduchovy-mech-porsche-macan-95b\/","url":"https:\/\/vzduchovetlmice.sk\/cs\/produkty\/zadni-pravy-vzduchovy-mech-porsche-macan-95b\/","name":"Zadn\u00ed prav\u00fd vzduchov\u00fd m\u011bch Porsche Macan 95B","isPartOf":{"@id":"https:\/\/vzduchovetlmice.sk\/#website"},"primaryImageOfPage":{"@id":"https:\/\/vzduchovetlmice.sk\/cs\/produkty\/zadni-pravy-vzduchovy-mech-porsche-macan-95b\/#primaryimage"},"image":{"@id":"https:\/\/vzduchovetlmice.sk\/cs\/produkty\/zadni-pravy-vzduchovy-mech-porsche-macan-95b\/#primaryimage"},"thumbnailUrl":"https:\/\/vzduchovetlmice.sk\/wp-content\/uploads\/2025\/06\/Zadny-pravy-vzduchovy-vankus-Porsche-Macan-95B-95B616002-95B616002A-95B616002B-95B616002C-95B616002D.jpg","datePublished":"2025-06-04T18:53:01+00:00","dateModified":"2025-11-20T15:18:47+00:00","description":"Nov\u00fd zadn\u00ed prav\u00fd vzduchov\u00fd m\u011bch Porsche Macan 95B (2014 \u2013 2025). OEM: 95B616002, 95B616002A, 95B616002B, 95B616002C, 95B616002D, 95B616002E 95B616002F, 95B616002G, 95B616002H, 95B616002J, 40-273778","breadcrumb":{"@id":"https:\/\/vzduchovetlmice.sk\/cs\/produkty\/zadni-pravy-vzduchovy-mech-porsche-macan-95b\/#breadcrumb"},"inLanguage":"cs","potentialAction":[{"@type":"ReadAction","target":["https:\/\/vzduchovetlmice.sk\/cs\/produkty\/zadni-pravy-vzduchovy-mech-porsche-macan-95b\/"]}]},{"@type":"ImageObject","inLanguage":"cs","@id":"https:\/\/vzduchovetlmice.sk\/cs\/produkty\/zadni-pravy-vzduchovy-mech-porsche-macan-95b\/#primaryimage","url":"https:\/\/vzduchovetlmice.sk\/wp-content\/uploads\/2025\/06\/Zadny-pravy-vzduchovy-vankus-Porsche-Macan-95B-95B616002-95B616002A-95B616002B-95B616002C-95B616002D.jpg","contentUrl":"https:\/\/vzduchovetlmice.sk\/wp-content\/uploads\/2025\/06\/Zadny-pravy-vzduchovy-vankus-Porsche-Macan-95B-95B616002-95B616002A-95B616002B-95B616002C-95B616002D.jpg","width":1000,"height":1000,"caption":"Zadn\u00fd prav\u00fd vzduchov\u00fd vank\u00fa\u0161 Porsche Macan 95B, 95B616002, 95B616002A, 95B616002B, 95B616002C, 95B616002D"},{"@type":"BreadcrumbList","@id":"https:\/\/vzduchovetlmice.sk\/cs\/produkty\/zadni-pravy-vzduchovy-mech-porsche-macan-95b\/#breadcrumb","itemListElement":[{"@type":"ListItem","position":1,"name":"Domovsk\u00e1 str\u00e1nka","item":"https:\/\/vzduchovetlmice.sk\/"},{"@type":"ListItem","position":2,"name":"Obchod","item":"https:\/\/vzduchovetlmice.sk\/obchod\/"},{"@type":"ListItem","position":3,"name":"Zadn\u00ed prav\u00fd vzduchov\u00fd m\u011bch Porsche Macan 95B"}]},{"@type":"WebSite","@id":"https:\/\/vzduchovetlmice.sk\/#website","url":"https:\/\/vzduchovetlmice.sk\/","name":"VzduchoveTlmice.sk","description":"predaj dielov pre vzduchov\u00fd podvozok","potentialAction":[{"@type":"SearchAction","target":{"@type":"EntryPoint","urlTemplate":"https:\/\/vzduchovetlmice.sk\/?s={search_term_string}"},"query-input":{"@type":"PropertyValueSpecification","valueRequired":true,"valueName":"search_term_string"}}],"inLanguage":"cs"}]}},"_links":{"self":[{"href":"https:\/\/vzduchovetlmice.sk\/cs\/wp-json\/wp\/v2\/product\/101369","targetHints":{"allow":["GET"]}}],"collection":[{"href":"https:\/\/vzduchovetlmice.sk\/cs\/wp-json\/wp\/v2\/product"}],"about":[{"href":"https:\/\/vzduchovetlmice.sk\/cs\/wp-json\/wp\/v2\/types\/product"}],"wp:featuredmedia":[{"embeddable":true,"href":"https:\/\/vzduchovetlmice.sk\/cs\/wp-json\/wp\/v2\/media\/102872"}],"wp:attachment":[{"href":"https:\/\/vzduchovetlmice.sk\/cs\/wp-json\/wp\/v2\/media?parent=101369"}],"wp:term":[{"taxonomy":"product_brand","embeddable":true,"href":"https:\/\/vzduchovetlmice.sk\/cs\/wp-json\/wp\/v2\/product_brand?post=101369"},{"taxonomy":"product_cat","embeddable":true,"href":"https:\/\/vzduchovetlmice.sk\/cs\/wp-json\/wp\/v2\/product_cat?post=101369"},{"taxonomy":"product_tag","embeddable":true,"href":"https:\/\/vzduchovetlmice.sk\/cs\/wp-json\/wp\/v2\/product_tag?post=101369"}],"curies":[{"name":"wp","href":"https:\/\/api.w.org\/{rel}","templated":true}]}}