{"id":101373,"date":"2025-06-04T19:07:45","date_gmt":"2025-06-04T19:07:45","guid":{"rendered":"https:\/\/vzduchovetlmice.sk\/?post_type=product&#038;p=101373"},"modified":"2025-11-20T14:50:42","modified_gmt":"2025-11-20T14:50:42","slug":"zadni-vzduchovy-mech-porsche-panamera-970","status":"publish","type":"product","link":"https:\/\/vzduchovetlmice.sk\/cs\/produkty\/zadni-vzduchovy-mech-porsche-panamera-970\/","title":{"rendered":"Zadn\u00ed vzduchov\u00fd m\u011bch Porsche Panamera 970"},"content":{"rendered":"<h3><strong>Dal\u0161\u00ed informace:<\/strong><\/h3>\n<p>Nov\u00fd zadn\u00ed vzduchov\u00fd m\u011bch Porsche Panamera I model 970 (2009 \u2013 2017) s PASM.<\/p>\n<p>Pneumatick\u00fd m\u011bch je stejn\u00fd pro pravou i levou stranu.<\/p>\n<h4><strong>Origin\u00e1ln\u00ed v\u00fdrobn\u00ed \u010d\u00edsla (OEM): <\/strong><\/h4>\n<p>97033353312, 97033353334, 97033353311, 97033353313, 97033353314, 97033353315, 97033353316, 97033353317, 97033353331, 97033353332, 97033353333, 97033353335<\/p>\n","protected":false},"excerpt":{"rendered":"<p><strong>Zna\u010dka: <\/strong>Porsche<\/p>\n<p><strong>Model:<\/strong> Panamera I model 970 (2009 \u2013 2017)<\/p>\n<p><strong>Typ:<\/strong> s PASM<\/p>\n<p><strong>Poloha: <\/strong>Zadn\u00ed n\u00e1prava vlevo\/vpravo<\/p>\n<p><strong>V\u00fdrobce: <\/strong>OEM<\/p>\n<p><strong>Stav:\u00a0<\/strong>Nov\u00e9<\/p>\n<p><strong>Z\u00e1ruka:\u00a0<\/strong>2 roky<\/p>\n<p><strong>Dostupnost:<\/strong>\u00a0<span style=\"color: #00ff00;\"><strong>Skladem<\/strong><\/span><\/p>\n","protected":false},"featured_media":0,"template":"","meta":{"_et_pb_use_builder":"","_et_pb_old_content":"","_et_gb_content_width":""},"product_brand":[469],"product_cat":[468,479],"product_tag":[],"class_list":{"0":"post-101373","1":"product","2":"type-product","3":"status-publish","5":"product_brand-porsche","6":"product_cat-panamera-i-970-2009-2017-cs","7":"product_cat-porsche-cs","9":"first","10":"instock","11":"shipping-taxable","12":"purchasable","13":"product-type-simple"},"yoast_head":"<!-- This site is optimized with the Yoast SEO Premium plugin v24.9 (Yoast SEO v27.1.1) - https:\/\/yoast.com\/product\/yoast-seo-premium-wordpress\/ -->\n<title>Zadn\u00ed vzduchov\u00fd m\u011bch Porsche Panamera 970<\/title>\n<meta name=\"description\" content=\"Nov\u00fd zadn\u00ed vzduchov\u00fd m\u011bch Porsche Panamera I model 970 (2009 \u2013 2017) s PASM. Pneumatick\u00fd m\u011bch je stejn\u00fd pro pravou i levou stranu. OEM: 97033353312, 97033353334, 97033353311, 97033353313, 97033353314, 97033353315, 97033353316, 97033353317, 97033353331, 97033353332, 97033353333, 97033353335\" \/>\n<meta name=\"robots\" content=\"index, follow, max-snippet:-1, max-image-preview:large, max-video-preview:-1\" \/>\n<link rel=\"canonical\" href=\"https:\/\/vzduchovetlmice.sk\/cs\/produkty\/zadni-vzduchovy-mech-porsche-panamera-970\/\" \/>\n<meta property=\"og:locale\" content=\"cs_CZ\" \/>\n<meta property=\"og:type\" content=\"article\" \/>\n<meta property=\"og:title\" content=\"Zadn\u00ed vzduchov\u00fd m\u011bch Porsche Panamera 970\" \/>\n<meta property=\"og:description\" content=\"Nov\u00fd zadn\u00ed vzduchov\u00fd m\u011bch Porsche Panamera I model 970 (2009 \u2013 2017) s PASM. Pneumatick\u00fd m\u011bch je stejn\u00fd pro pravou i levou stranu. OEM: 97033353312, 97033353334, 97033353311, 97033353313, 97033353314, 97033353315, 97033353316, 97033353317, 97033353331, 97033353332, 97033353333, 97033353335\" \/>\n<meta property=\"og:url\" content=\"https:\/\/vzduchovetlmice.sk\/cs\/produkty\/zadni-vzduchovy-mech-porsche-panamera-970\/\" \/>\n<meta property=\"og:site_name\" content=\"VzduchoveTlmice.sk\" \/>\n<meta property=\"article:modified_time\" content=\"2025-11-20T14:50:42+00:00\" \/>\n<meta name=\"twitter:card\" content=\"summary_large_image\" \/>\n<meta name=\"twitter:label1\" content=\"Odhadovan\u00e1 doba \u010dten\u00ed\" \/>\n\t<meta name=\"twitter:data1\" content=\"1 minuta\" \/>\n<script type=\"application\/ld+json\" class=\"yoast-schema-graph\">{\"@context\":\"https:\/\/schema.org\",\"@graph\":[{\"@type\":\"WebPage\",\"@id\":\"https:\/\/vzduchovetlmice.sk\/cs\/produkty\/zadni-vzduchovy-mech-porsche-panamera-970\/\",\"url\":\"https:\/\/vzduchovetlmice.sk\/cs\/produkty\/zadni-vzduchovy-mech-porsche-panamera-970\/\",\"name\":\"Zadn\u00ed vzduchov\u00fd m\u011bch Porsche Panamera 970\",\"isPartOf\":{\"@id\":\"https:\/\/vzduchovetlmice.sk\/#website\"},\"datePublished\":\"2025-06-04T19:07:45+00:00\",\"dateModified\":\"2025-11-20T14:50:42+00:00\",\"description\":\"Nov\u00fd zadn\u00ed vzduchov\u00fd m\u011bch Porsche Panamera I model 970 (2009 \u2013 2017) s PASM. Pneumatick\u00fd m\u011bch je stejn\u00fd pro pravou i levou stranu. OEM: 97033353312, 97033353334, 97033353311, 97033353313, 97033353314, 97033353315, 97033353316, 97033353317, 97033353331, 97033353332, 97033353333, 97033353335\",\"breadcrumb\":{\"@id\":\"https:\/\/vzduchovetlmice.sk\/cs\/produkty\/zadni-vzduchovy-mech-porsche-panamera-970\/#breadcrumb\"},\"inLanguage\":\"cs\",\"potentialAction\":[{\"@type\":\"ReadAction\",\"target\":[\"https:\/\/vzduchovetlmice.sk\/cs\/produkty\/zadni-vzduchovy-mech-porsche-panamera-970\/\"]}]},{\"@type\":\"BreadcrumbList\",\"@id\":\"https:\/\/vzduchovetlmice.sk\/cs\/produkty\/zadni-vzduchovy-mech-porsche-panamera-970\/#breadcrumb\",\"itemListElement\":[{\"@type\":\"ListItem\",\"position\":1,\"name\":\"Domovsk\u00e1 str\u00e1nka\",\"item\":\"https:\/\/vzduchovetlmice.sk\/\"},{\"@type\":\"ListItem\",\"position\":2,\"name\":\"Obchod\",\"item\":\"https:\/\/vzduchovetlmice.sk\/obchod\/\"},{\"@type\":\"ListItem\",\"position\":3,\"name\":\"Zadn\u00ed vzduchov\u00fd m\u011bch Porsche Panamera 970\"}]},{\"@type\":\"WebSite\",\"@id\":\"https:\/\/vzduchovetlmice.sk\/#website\",\"url\":\"https:\/\/vzduchovetlmice.sk\/\",\"name\":\"VzduchoveTlmice.sk\",\"description\":\"predaj dielov pre vzduchov\u00fd podvozok\",\"potentialAction\":[{\"@type\":\"SearchAction\",\"target\":{\"@type\":\"EntryPoint\",\"urlTemplate\":\"https:\/\/vzduchovetlmice.sk\/?s={search_term_string}\"},\"query-input\":{\"@type\":\"PropertyValueSpecification\",\"valueRequired\":true,\"valueName\":\"search_term_string\"}}],\"inLanguage\":\"cs\"}]}<\/script>\n<!-- \/ Yoast SEO Premium plugin. -->","yoast_head_json":{"title":"Zadn\u00ed vzduchov\u00fd m\u011bch Porsche Panamera 970","description":"Nov\u00fd zadn\u00ed vzduchov\u00fd m\u011bch Porsche Panamera I model 970 (2009 \u2013 2017) s PASM. Pneumatick\u00fd m\u011bch je stejn\u00fd pro pravou i levou stranu. OEM: 97033353312, 97033353334, 97033353311, 97033353313, 97033353314, 97033353315, 97033353316, 97033353317, 97033353331, 97033353332, 97033353333, 97033353335","robots":{"index":"index","follow":"follow","max-snippet":"max-snippet:-1","max-image-preview":"max-image-preview:large","max-video-preview":"max-video-preview:-1"},"canonical":"https:\/\/vzduchovetlmice.sk\/cs\/produkty\/zadni-vzduchovy-mech-porsche-panamera-970\/","og_locale":"cs_CZ","og_type":"article","og_title":"Zadn\u00ed vzduchov\u00fd m\u011bch Porsche Panamera 970","og_description":"Nov\u00fd zadn\u00ed vzduchov\u00fd m\u011bch Porsche Panamera I model 970 (2009 \u2013 2017) s PASM. Pneumatick\u00fd m\u011bch je stejn\u00fd pro pravou i levou stranu. OEM: 97033353312, 97033353334, 97033353311, 97033353313, 97033353314, 97033353315, 97033353316, 97033353317, 97033353331, 97033353332, 97033353333, 97033353335","og_url":"https:\/\/vzduchovetlmice.sk\/cs\/produkty\/zadni-vzduchovy-mech-porsche-panamera-970\/","og_site_name":"VzduchoveTlmice.sk","article_modified_time":"2025-11-20T14:50:42+00:00","twitter_card":"summary_large_image","twitter_misc":{"Odhadovan\u00e1 doba \u010dten\u00ed":"1 minuta"},"schema":{"@context":"https:\/\/schema.org","@graph":[{"@type":"WebPage","@id":"https:\/\/vzduchovetlmice.sk\/cs\/produkty\/zadni-vzduchovy-mech-porsche-panamera-970\/","url":"https:\/\/vzduchovetlmice.sk\/cs\/produkty\/zadni-vzduchovy-mech-porsche-panamera-970\/","name":"Zadn\u00ed vzduchov\u00fd m\u011bch Porsche Panamera 970","isPartOf":{"@id":"https:\/\/vzduchovetlmice.sk\/#website"},"datePublished":"2025-06-04T19:07:45+00:00","dateModified":"2025-11-20T14:50:42+00:00","description":"Nov\u00fd zadn\u00ed vzduchov\u00fd m\u011bch Porsche Panamera I model 970 (2009 \u2013 2017) s PASM. Pneumatick\u00fd m\u011bch je stejn\u00fd pro pravou i levou stranu. OEM: 97033353312, 97033353334, 97033353311, 97033353313, 97033353314, 97033353315, 97033353316, 97033353317, 97033353331, 97033353332, 97033353333, 97033353335","breadcrumb":{"@id":"https:\/\/vzduchovetlmice.sk\/cs\/produkty\/zadni-vzduchovy-mech-porsche-panamera-970\/#breadcrumb"},"inLanguage":"cs","potentialAction":[{"@type":"ReadAction","target":["https:\/\/vzduchovetlmice.sk\/cs\/produkty\/zadni-vzduchovy-mech-porsche-panamera-970\/"]}]},{"@type":"BreadcrumbList","@id":"https:\/\/vzduchovetlmice.sk\/cs\/produkty\/zadni-vzduchovy-mech-porsche-panamera-970\/#breadcrumb","itemListElement":[{"@type":"ListItem","position":1,"name":"Domovsk\u00e1 str\u00e1nka","item":"https:\/\/vzduchovetlmice.sk\/"},{"@type":"ListItem","position":2,"name":"Obchod","item":"https:\/\/vzduchovetlmice.sk\/obchod\/"},{"@type":"ListItem","position":3,"name":"Zadn\u00ed vzduchov\u00fd m\u011bch Porsche Panamera 970"}]},{"@type":"WebSite","@id":"https:\/\/vzduchovetlmice.sk\/#website","url":"https:\/\/vzduchovetlmice.sk\/","name":"VzduchoveTlmice.sk","description":"predaj dielov pre vzduchov\u00fd podvozok","potentialAction":[{"@type":"SearchAction","target":{"@type":"EntryPoint","urlTemplate":"https:\/\/vzduchovetlmice.sk\/?s={search_term_string}"},"query-input":{"@type":"PropertyValueSpecification","valueRequired":true,"valueName":"search_term_string"}}],"inLanguage":"cs"}]}},"_links":{"self":[{"href":"https:\/\/vzduchovetlmice.sk\/cs\/wp-json\/wp\/v2\/product\/101373","targetHints":{"allow":["GET"]}}],"collection":[{"href":"https:\/\/vzduchovetlmice.sk\/cs\/wp-json\/wp\/v2\/product"}],"about":[{"href":"https:\/\/vzduchovetlmice.sk\/cs\/wp-json\/wp\/v2\/types\/product"}],"wp:attachment":[{"href":"https:\/\/vzduchovetlmice.sk\/cs\/wp-json\/wp\/v2\/media?parent=101373"}],"wp:term":[{"taxonomy":"product_brand","embeddable":true,"href":"https:\/\/vzduchovetlmice.sk\/cs\/wp-json\/wp\/v2\/product_brand?post=101373"},{"taxonomy":"product_cat","embeddable":true,"href":"https:\/\/vzduchovetlmice.sk\/cs\/wp-json\/wp\/v2\/product_cat?post=101373"},{"taxonomy":"product_tag","embeddable":true,"href":"https:\/\/vzduchovetlmice.sk\/cs\/wp-json\/wp\/v2\/product_tag?post=101373"}],"curies":[{"name":"wp","href":"https:\/\/api.w.org\/{rel}","templated":true}]}}