{"id":101380,"date":"2025-06-04T19:40:28","date_gmt":"2025-06-04T19:40:28","guid":{"rendered":"https:\/\/vzduchovetlmice.sk\/?post_type=product&#038;p=101380"},"modified":"2025-11-20T15:03:58","modified_gmt":"2025-11-20T15:03:58","slug":"predni-levy-vzduchovy-mech-vw-touareg-ii-porsche-cayenne-ii","status":"publish","type":"product","link":"https:\/\/vzduchovetlmice.sk\/cs\/produkty\/predni-levy-vzduchovy-mech-vw-touareg-ii-porsche-cayenne-ii\/","title":{"rendered":"P\u0159edn\u00ed lev\u00fd vzduchov\u00fd m\u011bch VW Touareg II, Porsche Cayenne II"},"content":{"rendered":"<h3><strong>Dal\u0161\u00ed informace:<\/strong><\/h3>\n<p>Nov\u00fd p\u0159edn\u00ed lev\u00fd vzduchov\u00fd m\u011bch Volkswagen Touareg II 7P (2010-2018) a Porsche Cayenne II 92A (2010-2017).<\/p>\n<h4><strong>Origin\u00e1ln\u00ed v\u00fdrobn\u00ed \u010d\u00edsla (OEM): <\/strong><\/h4>\n<div class=\"additional-attributes-wrapper info\">\n<p>95834305102, 95834305100, 95834305110, 95834305113, 95834305120, 95834305130, 7P6616039K, 7P6616039N, 7P6616403J, 7P6616403G, 7P6616403H<\/p>\n<\/div>\n","protected":false},"excerpt":{"rendered":"<p><strong>Zna\u010dka: <\/strong>Volkswagen (VW), Porsche<\/p>\n<p><strong>Model:<\/strong> Volkswagen Touareg II 7P (2010 \u2013 2018), Porsche Cayenne II 92A (2010 \u2013 2017)<\/p>\n<p><strong>Typ:<\/strong> s PASM<\/p>\n<p><strong>Poloha: <\/strong>P\u0159edn\u00ed n\u00e1prava vlevo<\/p>\n<p><strong>V\u00fdrobce: <\/strong>OEM<\/p>\n<p><strong>Stav:\u00a0<\/strong>Nov\u00e9<\/p>\n<p><strong>Z\u00e1ruka:\u00a0<\/strong>2 roky<\/p>\n<p><strong>Dostupnost:<\/strong>\u00a0<span style=\"color: #00ff00;\"><strong>Skladem<\/strong><\/span><\/p>\n","protected":false},"featured_media":0,"template":"","meta":{"_et_pb_use_builder":"","_et_pb_old_content":"","_et_gb_content_width":""},"product_brand":[469,471],"product_cat":[472,479,473,526],"product_tag":[],"class_list":{"0":"post-101380","1":"product","2":"type-product","3":"status-publish","5":"product_brand-porsche","6":"product_brand-volkswagen","7":"product_cat-cayenne-ii-92a-2010-2017-cs","8":"product_cat-porsche-cs","9":"product_cat-touareg-ii-7p-2010-2018-cs","10":"product_cat-volkswagen-cs","12":"first","13":"instock","14":"shipping-taxable","15":"purchasable","16":"product-type-simple"},"yoast_head":"<!-- This site is optimized with the Yoast SEO Premium plugin v24.9 (Yoast SEO v27.1.1) - https:\/\/yoast.com\/product\/yoast-seo-premium-wordpress\/ -->\n<title>P\u0159edn\u00ed lev\u00fd vzduchov\u00fd m\u011bch VW Touareg II, Porsche Cayenne II<\/title>\n<meta name=\"description\" content=\"Nov\u00fd p\u0159edn\u00ed lev\u00fd vzduchov\u00fd m\u011bch Volkswagen Touareg II 7P (2010-2018) a Porsche Cayenne II 92A (2010-2017). OEM: 95834305102, 95834305100, 95834305110, 95834305113, 95834305120, 95834305130, 7P6616039K, 7P6616039N, 7P6616403J, 7P6616403G, 7P6616403H\" \/>\n<meta name=\"robots\" content=\"index, follow, max-snippet:-1, max-image-preview:large, max-video-preview:-1\" \/>\n<link rel=\"canonical\" href=\"https:\/\/vzduchovetlmice.sk\/cs\/produkty\/predni-levy-vzduchovy-mech-vw-touareg-ii-porsche-cayenne-ii\/\" \/>\n<meta property=\"og:locale\" content=\"cs_CZ\" \/>\n<meta property=\"og:type\" content=\"article\" \/>\n<meta property=\"og:title\" content=\"P\u0159edn\u00ed lev\u00fd vzduchov\u00fd m\u011bch VW Touareg II, Porsche Cayenne II\" \/>\n<meta property=\"og:description\" content=\"Nov\u00fd p\u0159edn\u00ed lev\u00fd vzduchov\u00fd m\u011bch Volkswagen Touareg II 7P (2010-2018) a Porsche Cayenne II 92A (2010-2017). OEM: 95834305102, 95834305100, 95834305110, 95834305113, 95834305120, 95834305130, 7P6616039K, 7P6616039N, 7P6616403J, 7P6616403G, 7P6616403H\" \/>\n<meta property=\"og:url\" content=\"https:\/\/vzduchovetlmice.sk\/cs\/produkty\/predni-levy-vzduchovy-mech-vw-touareg-ii-porsche-cayenne-ii\/\" \/>\n<meta property=\"og:site_name\" content=\"VzduchoveTlmice.sk\" \/>\n<meta property=\"article:modified_time\" content=\"2025-11-20T15:03:58+00:00\" \/>\n<meta name=\"twitter:card\" content=\"summary_large_image\" \/>\n<meta name=\"twitter:label1\" content=\"Odhadovan\u00e1 doba \u010dten\u00ed\" \/>\n\t<meta name=\"twitter:data1\" content=\"1 minuta\" \/>\n<script type=\"application\/ld+json\" class=\"yoast-schema-graph\">{\"@context\":\"https:\/\/schema.org\",\"@graph\":[{\"@type\":\"WebPage\",\"@id\":\"https:\/\/vzduchovetlmice.sk\/cs\/produkty\/predni-levy-vzduchovy-mech-vw-touareg-ii-porsche-cayenne-ii\/\",\"url\":\"https:\/\/vzduchovetlmice.sk\/cs\/produkty\/predni-levy-vzduchovy-mech-vw-touareg-ii-porsche-cayenne-ii\/\",\"name\":\"P\u0159edn\u00ed lev\u00fd vzduchov\u00fd m\u011bch VW Touareg II, Porsche Cayenne II\",\"isPartOf\":{\"@id\":\"https:\/\/vzduchovetlmice.sk\/#website\"},\"datePublished\":\"2025-06-04T19:40:28+00:00\",\"dateModified\":\"2025-11-20T15:03:58+00:00\",\"description\":\"Nov\u00fd p\u0159edn\u00ed lev\u00fd vzduchov\u00fd m\u011bch Volkswagen Touareg II 7P (2010-2018) a Porsche Cayenne II 92A (2010-2017). OEM: 95834305102, 95834305100, 95834305110, 95834305113, 95834305120, 95834305130, 7P6616039K, 7P6616039N, 7P6616403J, 7P6616403G, 7P6616403H\",\"breadcrumb\":{\"@id\":\"https:\/\/vzduchovetlmice.sk\/cs\/produkty\/predni-levy-vzduchovy-mech-vw-touareg-ii-porsche-cayenne-ii\/#breadcrumb\"},\"inLanguage\":\"cs\",\"potentialAction\":[{\"@type\":\"ReadAction\",\"target\":[\"https:\/\/vzduchovetlmice.sk\/cs\/produkty\/predni-levy-vzduchovy-mech-vw-touareg-ii-porsche-cayenne-ii\/\"]}]},{\"@type\":\"BreadcrumbList\",\"@id\":\"https:\/\/vzduchovetlmice.sk\/cs\/produkty\/predni-levy-vzduchovy-mech-vw-touareg-ii-porsche-cayenne-ii\/#breadcrumb\",\"itemListElement\":[{\"@type\":\"ListItem\",\"position\":1,\"name\":\"Domovsk\u00e1 str\u00e1nka\",\"item\":\"https:\/\/vzduchovetlmice.sk\/\"},{\"@type\":\"ListItem\",\"position\":2,\"name\":\"Obchod\",\"item\":\"https:\/\/vzduchovetlmice.sk\/obchod\/\"},{\"@type\":\"ListItem\",\"position\":3,\"name\":\"P\u0159edn\u00ed lev\u00fd vzduchov\u00fd m\u011bch VW Touareg II, Porsche Cayenne II\"}]},{\"@type\":\"WebSite\",\"@id\":\"https:\/\/vzduchovetlmice.sk\/#website\",\"url\":\"https:\/\/vzduchovetlmice.sk\/\",\"name\":\"VzduchoveTlmice.sk\",\"description\":\"predaj dielov pre vzduchov\u00fd podvozok\",\"potentialAction\":[{\"@type\":\"SearchAction\",\"target\":{\"@type\":\"EntryPoint\",\"urlTemplate\":\"https:\/\/vzduchovetlmice.sk\/?s={search_term_string}\"},\"query-input\":{\"@type\":\"PropertyValueSpecification\",\"valueRequired\":true,\"valueName\":\"search_term_string\"}}],\"inLanguage\":\"cs\"}]}<\/script>\n<!-- \/ Yoast SEO Premium plugin. -->","yoast_head_json":{"title":"P\u0159edn\u00ed lev\u00fd vzduchov\u00fd m\u011bch VW Touareg II, Porsche Cayenne II","description":"Nov\u00fd p\u0159edn\u00ed lev\u00fd vzduchov\u00fd m\u011bch Volkswagen Touareg II 7P (2010-2018) a Porsche Cayenne II 92A (2010-2017). OEM: 95834305102, 95834305100, 95834305110, 95834305113, 95834305120, 95834305130, 7P6616039K, 7P6616039N, 7P6616403J, 7P6616403G, 7P6616403H","robots":{"index":"index","follow":"follow","max-snippet":"max-snippet:-1","max-image-preview":"max-image-preview:large","max-video-preview":"max-video-preview:-1"},"canonical":"https:\/\/vzduchovetlmice.sk\/cs\/produkty\/predni-levy-vzduchovy-mech-vw-touareg-ii-porsche-cayenne-ii\/","og_locale":"cs_CZ","og_type":"article","og_title":"P\u0159edn\u00ed lev\u00fd vzduchov\u00fd m\u011bch VW Touareg II, Porsche Cayenne II","og_description":"Nov\u00fd p\u0159edn\u00ed lev\u00fd vzduchov\u00fd m\u011bch Volkswagen Touareg II 7P (2010-2018) a Porsche Cayenne II 92A (2010-2017). OEM: 95834305102, 95834305100, 95834305110, 95834305113, 95834305120, 95834305130, 7P6616039K, 7P6616039N, 7P6616403J, 7P6616403G, 7P6616403H","og_url":"https:\/\/vzduchovetlmice.sk\/cs\/produkty\/predni-levy-vzduchovy-mech-vw-touareg-ii-porsche-cayenne-ii\/","og_site_name":"VzduchoveTlmice.sk","article_modified_time":"2025-11-20T15:03:58+00:00","twitter_card":"summary_large_image","twitter_misc":{"Odhadovan\u00e1 doba \u010dten\u00ed":"1 minuta"},"schema":{"@context":"https:\/\/schema.org","@graph":[{"@type":"WebPage","@id":"https:\/\/vzduchovetlmice.sk\/cs\/produkty\/predni-levy-vzduchovy-mech-vw-touareg-ii-porsche-cayenne-ii\/","url":"https:\/\/vzduchovetlmice.sk\/cs\/produkty\/predni-levy-vzduchovy-mech-vw-touareg-ii-porsche-cayenne-ii\/","name":"P\u0159edn\u00ed lev\u00fd vzduchov\u00fd m\u011bch VW Touareg II, Porsche Cayenne II","isPartOf":{"@id":"https:\/\/vzduchovetlmice.sk\/#website"},"datePublished":"2025-06-04T19:40:28+00:00","dateModified":"2025-11-20T15:03:58+00:00","description":"Nov\u00fd p\u0159edn\u00ed lev\u00fd vzduchov\u00fd m\u011bch Volkswagen Touareg II 7P (2010-2018) a Porsche Cayenne II 92A (2010-2017). OEM: 95834305102, 95834305100, 95834305110, 95834305113, 95834305120, 95834305130, 7P6616039K, 7P6616039N, 7P6616403J, 7P6616403G, 7P6616403H","breadcrumb":{"@id":"https:\/\/vzduchovetlmice.sk\/cs\/produkty\/predni-levy-vzduchovy-mech-vw-touareg-ii-porsche-cayenne-ii\/#breadcrumb"},"inLanguage":"cs","potentialAction":[{"@type":"ReadAction","target":["https:\/\/vzduchovetlmice.sk\/cs\/produkty\/predni-levy-vzduchovy-mech-vw-touareg-ii-porsche-cayenne-ii\/"]}]},{"@type":"BreadcrumbList","@id":"https:\/\/vzduchovetlmice.sk\/cs\/produkty\/predni-levy-vzduchovy-mech-vw-touareg-ii-porsche-cayenne-ii\/#breadcrumb","itemListElement":[{"@type":"ListItem","position":1,"name":"Domovsk\u00e1 str\u00e1nka","item":"https:\/\/vzduchovetlmice.sk\/"},{"@type":"ListItem","position":2,"name":"Obchod","item":"https:\/\/vzduchovetlmice.sk\/obchod\/"},{"@type":"ListItem","position":3,"name":"P\u0159edn\u00ed lev\u00fd vzduchov\u00fd m\u011bch VW Touareg II, Porsche Cayenne II"}]},{"@type":"WebSite","@id":"https:\/\/vzduchovetlmice.sk\/#website","url":"https:\/\/vzduchovetlmice.sk\/","name":"VzduchoveTlmice.sk","description":"predaj dielov pre vzduchov\u00fd podvozok","potentialAction":[{"@type":"SearchAction","target":{"@type":"EntryPoint","urlTemplate":"https:\/\/vzduchovetlmice.sk\/?s={search_term_string}"},"query-input":{"@type":"PropertyValueSpecification","valueRequired":true,"valueName":"search_term_string"}}],"inLanguage":"cs"}]}},"_links":{"self":[{"href":"https:\/\/vzduchovetlmice.sk\/cs\/wp-json\/wp\/v2\/product\/101380","targetHints":{"allow":["GET"]}}],"collection":[{"href":"https:\/\/vzduchovetlmice.sk\/cs\/wp-json\/wp\/v2\/product"}],"about":[{"href":"https:\/\/vzduchovetlmice.sk\/cs\/wp-json\/wp\/v2\/types\/product"}],"wp:attachment":[{"href":"https:\/\/vzduchovetlmice.sk\/cs\/wp-json\/wp\/v2\/media?parent=101380"}],"wp:term":[{"taxonomy":"product_brand","embeddable":true,"href":"https:\/\/vzduchovetlmice.sk\/cs\/wp-json\/wp\/v2\/product_brand?post=101380"},{"taxonomy":"product_cat","embeddable":true,"href":"https:\/\/vzduchovetlmice.sk\/cs\/wp-json\/wp\/v2\/product_cat?post=101380"},{"taxonomy":"product_tag","embeddable":true,"href":"https:\/\/vzduchovetlmice.sk\/cs\/wp-json\/wp\/v2\/product_tag?post=101380"}],"curies":[{"name":"wp","href":"https:\/\/api.w.org\/{rel}","templated":true}]}}