{"id":101396,"date":"2025-06-08T14:02:10","date_gmt":"2025-06-08T14:02:10","guid":{"rendered":"https:\/\/vzduchovetlmice.sk\/?post_type=product&#038;p=101396"},"modified":"2025-10-30T16:22:39","modified_gmt":"2025-10-30T16:22:39","slug":"predni-pravy-vzduchovy-tlumic-porsche-cayenne-iii-original-porsche","status":"publish","type":"product","link":"https:\/\/vzduchovetlmice.sk\/cs\/produkty\/predni-pravy-vzduchovy-tlumic-porsche-cayenne-iii-original-porsche\/","title":{"rendered":"P\u0159edn\u00ed prav\u00fd vzduchov\u00fd tlumi\u010d Porsche Cayenne III &#8211; Origin\u00e1l Porsche"},"content":{"rendered":"<h3><strong>Dal\u0161\u00ed informace:<\/strong><\/h3>\n<p>Nov\u00fd p\u0159edn\u00ed prav\u00fd vzduchov\u00fd tlumi\u010d Porsche Cayenne III 9YA (2017-2025) a Porsche Cayenne Coupe 9YB (2019-2025) s PASM.<\/p>\n<p>Jedn\u00e1 se o origin\u00e1ln\u00ed pneumatick\u00fd tlumi\u010d od Porsche (Vibracoustic &#8211; prvov\u00fdroba).<\/p>\n<h4><strong>Origin\u00e1ln\u00ed v\u00fdrobn\u00ed \u010d\u00edsla (OEM): <\/strong><\/h4>\n<p>9Y0616040E, 9Y0616040B, 9Y0616040C, 9Y0616040D, 9Y3616040, 9Y0616040<\/p>\n","protected":false},"excerpt":{"rendered":"<p><strong>Zna\u010dka: <\/strong>Porsche<\/p>\n<p><strong>Model:<\/strong> Porsche Cayenne III 9YA (2017 \u2013 2025), Porsche Cayenne Coupe 9YB (2019 \u2013 2025)<\/p>\n<p><strong>Typ:<\/strong> s PASM<\/p>\n<p><strong>Poloha: <\/strong>P\u0159edn\u00ed n\u00e1prava vpravo<\/p>\n<p><strong>V\u00fdrobce: <\/strong>Vibracoustic \u2013 Made in Germany<\/p>\n<p><strong>Stav:\u00a0<\/strong>Nov\u00e9<\/p>\n<p><strong>Z\u00e1ruka:\u00a0<\/strong>2 roky<\/p>\n<p><strong>Dostupnost:<\/strong>\u00a0<span style=\"color: #00ff00;\"><strong>Skladem<\/strong><\/span><\/p>\n","protected":false},"featured_media":103408,"template":"","meta":{"_et_pb_use_builder":"","_et_pb_old_content":"","_et_gb_content_width":""},"product_brand":[469],"product_cat":[479,606,607],"product_tag":[],"class_list":{"0":"post-101396","1":"product","2":"type-product","3":"status-publish","4":"has-post-thumbnail","6":"product_brand-porsche","7":"product_cat-porsche-cs","8":"product_cat-cayenne-coupe-9yb-2019-2025-cs","9":"product_cat-cayenne-iii-9ya-2017-2025-cs","11":"first","12":"instock","13":"shipping-taxable","14":"purchasable","15":"product-type-simple"},"yoast_head":"<!-- This site is optimized with the Yoast SEO Premium plugin v24.9 (Yoast SEO v27.1.1) - https:\/\/yoast.com\/product\/yoast-seo-premium-wordpress\/ -->\n<title>P\u0159edn\u00ed prav\u00fd vzduchov\u00fd tlumi\u010d Porsche Cayenne III - Origin\u00e1l<\/title>\n<meta name=\"description\" content=\"Nov\u00fd p\u0159edn\u00ed prav\u00fd vzduchov\u00fd tlumi\u010d Porsche Cayenne III 9YA (2017-2025) a Porsche Cayenne Coupe 9YB (2019-2025) s PASM. Jedn\u00e1 se o origin\u00e1ln\u00ed pneumatick\u00fd tlumi\u010d od Porsche (Vibracoustic - prvov\u00fdroba). OEM: 9Y0616040E, 9Y0616040B, 9Y0616040C, 9Y0616040D, 9Y3616040, 9Y0616040\" \/>\n<meta name=\"robots\" content=\"index, follow, max-snippet:-1, max-image-preview:large, max-video-preview:-1\" \/>\n<link rel=\"canonical\" href=\"https:\/\/vzduchovetlmice.sk\/cs\/produkty\/predni-pravy-vzduchovy-tlumic-porsche-cayenne-iii-original-porsche\/\" \/>\n<meta property=\"og:locale\" content=\"cs_CZ\" \/>\n<meta property=\"og:type\" content=\"article\" \/>\n<meta property=\"og:title\" content=\"P\u0159edn\u00ed prav\u00fd vzduchov\u00fd tlumi\u010d Porsche Cayenne III - Origin\u00e1l Porsche\" \/>\n<meta property=\"og:description\" content=\"Nov\u00fd p\u0159edn\u00ed prav\u00fd vzduchov\u00fd tlumi\u010d Porsche Cayenne III 9YA (2017-2025) a Porsche Cayenne Coupe 9YB (2019-2025) s PASM. Jedn\u00e1 se o origin\u00e1ln\u00ed pneumatick\u00fd tlumi\u010d od Porsche (Vibracoustic - prvov\u00fdroba). OEM: 9Y0616040E, 9Y0616040B, 9Y0616040C, 9Y0616040D, 9Y3616040, 9Y0616040\" \/>\n<meta property=\"og:url\" content=\"https:\/\/vzduchovetlmice.sk\/cs\/produkty\/predni-pravy-vzduchovy-tlumic-porsche-cayenne-iii-original-porsche\/\" \/>\n<meta property=\"og:site_name\" content=\"VzduchoveTlmice.sk\" \/>\n<meta property=\"article:modified_time\" content=\"2025-10-30T16:22:39+00:00\" \/>\n<meta property=\"og:image\" content=\"https:\/\/vzduchovetlmice.sk\/wp-content\/uploads\/2025\/06\/Predny-pravy-vzduchovy-tlmic-Porsche-Cayenne-3-9YA-9YB-Original-Vibracoustic-9Y0616040E-9Y0616040B-9Y0616040C-9Y0616040D-9Y3616040-9Y0616040.jpg\" \/>\n\t<meta property=\"og:image:width\" content=\"1000\" \/>\n\t<meta property=\"og:image:height\" content=\"1000\" \/>\n\t<meta property=\"og:image:type\" content=\"image\/jpeg\" \/>\n<meta name=\"twitter:card\" content=\"summary_large_image\" \/>\n<meta name=\"twitter:label1\" content=\"Odhadovan\u00e1 doba \u010dten\u00ed\" \/>\n\t<meta name=\"twitter:data1\" content=\"1 minuta\" \/>\n<script type=\"application\/ld+json\" class=\"yoast-schema-graph\">{\"@context\":\"https:\/\/schema.org\",\"@graph\":[{\"@type\":\"WebPage\",\"@id\":\"https:\/\/vzduchovetlmice.sk\/cs\/produkty\/predni-pravy-vzduchovy-tlumic-porsche-cayenne-iii-original-porsche\/\",\"url\":\"https:\/\/vzduchovetlmice.sk\/cs\/produkty\/predni-pravy-vzduchovy-tlumic-porsche-cayenne-iii-original-porsche\/\",\"name\":\"P\u0159edn\u00ed prav\u00fd vzduchov\u00fd tlumi\u010d Porsche Cayenne III - Origin\u00e1l\",\"isPartOf\":{\"@id\":\"https:\/\/vzduchovetlmice.sk\/#website\"},\"primaryImageOfPage\":{\"@id\":\"https:\/\/vzduchovetlmice.sk\/cs\/produkty\/predni-pravy-vzduchovy-tlumic-porsche-cayenne-iii-original-porsche\/#primaryimage\"},\"image\":{\"@id\":\"https:\/\/vzduchovetlmice.sk\/cs\/produkty\/predni-pravy-vzduchovy-tlumic-porsche-cayenne-iii-original-porsche\/#primaryimage\"},\"thumbnailUrl\":\"https:\/\/vzduchovetlmice.sk\/wp-content\/uploads\/2025\/06\/Predny-pravy-vzduchovy-tlmic-Porsche-Cayenne-3-9YA-9YB-Original-Vibracoustic-9Y0616040E-9Y0616040B-9Y0616040C-9Y0616040D-9Y3616040-9Y0616040.jpg\",\"datePublished\":\"2025-06-08T14:02:10+00:00\",\"dateModified\":\"2025-10-30T16:22:39+00:00\",\"description\":\"Nov\u00fd p\u0159edn\u00ed prav\u00fd vzduchov\u00fd tlumi\u010d Porsche Cayenne III 9YA (2017-2025) a Porsche Cayenne Coupe 9YB (2019-2025) s PASM. Jedn\u00e1 se o origin\u00e1ln\u00ed pneumatick\u00fd tlumi\u010d od Porsche (Vibracoustic - prvov\u00fdroba). OEM: 9Y0616040E, 9Y0616040B, 9Y0616040C, 9Y0616040D, 9Y3616040, 9Y0616040\",\"breadcrumb\":{\"@id\":\"https:\/\/vzduchovetlmice.sk\/cs\/produkty\/predni-pravy-vzduchovy-tlumic-porsche-cayenne-iii-original-porsche\/#breadcrumb\"},\"inLanguage\":\"cs\",\"potentialAction\":[{\"@type\":\"ReadAction\",\"target\":[\"https:\/\/vzduchovetlmice.sk\/cs\/produkty\/predni-pravy-vzduchovy-tlumic-porsche-cayenne-iii-original-porsche\/\"]}]},{\"@type\":\"ImageObject\",\"inLanguage\":\"cs\",\"@id\":\"https:\/\/vzduchovetlmice.sk\/cs\/produkty\/predni-pravy-vzduchovy-tlumic-porsche-cayenne-iii-original-porsche\/#primaryimage\",\"url\":\"https:\/\/vzduchovetlmice.sk\/wp-content\/uploads\/2025\/06\/Predny-pravy-vzduchovy-tlmic-Porsche-Cayenne-3-9YA-9YB-Original-Vibracoustic-9Y0616040E-9Y0616040B-9Y0616040C-9Y0616040D-9Y3616040-9Y0616040.jpg\",\"contentUrl\":\"https:\/\/vzduchovetlmice.sk\/wp-content\/uploads\/2025\/06\/Predny-pravy-vzduchovy-tlmic-Porsche-Cayenne-3-9YA-9YB-Original-Vibracoustic-9Y0616040E-9Y0616040B-9Y0616040C-9Y0616040D-9Y3616040-9Y0616040.jpg\",\"width\":1000,\"height\":1000,\"caption\":\"Predn\u00fd prav\u00fd vzduchov\u00fd tlmi\u010d Porsche Cayenne 3, 9YA, 9YB, Origin\u00e1l Vibracoustic, 9Y0616040E, 9Y0616040B, 9Y0616040C, 9Y0616040D, 9Y3616040, 9Y0616040\"},{\"@type\":\"BreadcrumbList\",\"@id\":\"https:\/\/vzduchovetlmice.sk\/cs\/produkty\/predni-pravy-vzduchovy-tlumic-porsche-cayenne-iii-original-porsche\/#breadcrumb\",\"itemListElement\":[{\"@type\":\"ListItem\",\"position\":1,\"name\":\"Domovsk\u00e1 str\u00e1nka\",\"item\":\"https:\/\/vzduchovetlmice.sk\/\"},{\"@type\":\"ListItem\",\"position\":2,\"name\":\"Obchod\",\"item\":\"https:\/\/vzduchovetlmice.sk\/obchod\/\"},{\"@type\":\"ListItem\",\"position\":3,\"name\":\"P\u0159edn\u00ed prav\u00fd vzduchov\u00fd tlumi\u010d Porsche Cayenne III &#8211; Origin\u00e1l Porsche\"}]},{\"@type\":\"WebSite\",\"@id\":\"https:\/\/vzduchovetlmice.sk\/#website\",\"url\":\"https:\/\/vzduchovetlmice.sk\/\",\"name\":\"VzduchoveTlmice.sk\",\"description\":\"predaj dielov pre vzduchov\u00fd podvozok\",\"potentialAction\":[{\"@type\":\"SearchAction\",\"target\":{\"@type\":\"EntryPoint\",\"urlTemplate\":\"https:\/\/vzduchovetlmice.sk\/?s={search_term_string}\"},\"query-input\":{\"@type\":\"PropertyValueSpecification\",\"valueRequired\":true,\"valueName\":\"search_term_string\"}}],\"inLanguage\":\"cs\"}]}<\/script>\n<!-- \/ Yoast SEO Premium plugin. -->","yoast_head_json":{"title":"P\u0159edn\u00ed prav\u00fd vzduchov\u00fd tlumi\u010d Porsche Cayenne III - Origin\u00e1l","description":"Nov\u00fd p\u0159edn\u00ed prav\u00fd vzduchov\u00fd tlumi\u010d Porsche Cayenne III 9YA (2017-2025) a Porsche Cayenne Coupe 9YB (2019-2025) s PASM. Jedn\u00e1 se o origin\u00e1ln\u00ed pneumatick\u00fd tlumi\u010d od Porsche (Vibracoustic - prvov\u00fdroba). OEM: 9Y0616040E, 9Y0616040B, 9Y0616040C, 9Y0616040D, 9Y3616040, 9Y0616040","robots":{"index":"index","follow":"follow","max-snippet":"max-snippet:-1","max-image-preview":"max-image-preview:large","max-video-preview":"max-video-preview:-1"},"canonical":"https:\/\/vzduchovetlmice.sk\/cs\/produkty\/predni-pravy-vzduchovy-tlumic-porsche-cayenne-iii-original-porsche\/","og_locale":"cs_CZ","og_type":"article","og_title":"P\u0159edn\u00ed prav\u00fd vzduchov\u00fd tlumi\u010d Porsche Cayenne III - Origin\u00e1l Porsche","og_description":"Nov\u00fd p\u0159edn\u00ed prav\u00fd vzduchov\u00fd tlumi\u010d Porsche Cayenne III 9YA (2017-2025) a Porsche Cayenne Coupe 9YB (2019-2025) s PASM. Jedn\u00e1 se o origin\u00e1ln\u00ed pneumatick\u00fd tlumi\u010d od Porsche (Vibracoustic - prvov\u00fdroba). OEM: 9Y0616040E, 9Y0616040B, 9Y0616040C, 9Y0616040D, 9Y3616040, 9Y0616040","og_url":"https:\/\/vzduchovetlmice.sk\/cs\/produkty\/predni-pravy-vzduchovy-tlumic-porsche-cayenne-iii-original-porsche\/","og_site_name":"VzduchoveTlmice.sk","article_modified_time":"2025-10-30T16:22:39+00:00","og_image":[{"width":1000,"height":1000,"url":"https:\/\/vzduchovetlmice.sk\/wp-content\/uploads\/2025\/06\/Predny-pravy-vzduchovy-tlmic-Porsche-Cayenne-3-9YA-9YB-Original-Vibracoustic-9Y0616040E-9Y0616040B-9Y0616040C-9Y0616040D-9Y3616040-9Y0616040.jpg","type":"image\/jpeg"}],"twitter_card":"summary_large_image","twitter_misc":{"Odhadovan\u00e1 doba \u010dten\u00ed":"1 minuta"},"schema":{"@context":"https:\/\/schema.org","@graph":[{"@type":"WebPage","@id":"https:\/\/vzduchovetlmice.sk\/cs\/produkty\/predni-pravy-vzduchovy-tlumic-porsche-cayenne-iii-original-porsche\/","url":"https:\/\/vzduchovetlmice.sk\/cs\/produkty\/predni-pravy-vzduchovy-tlumic-porsche-cayenne-iii-original-porsche\/","name":"P\u0159edn\u00ed prav\u00fd vzduchov\u00fd tlumi\u010d Porsche Cayenne III - Origin\u00e1l","isPartOf":{"@id":"https:\/\/vzduchovetlmice.sk\/#website"},"primaryImageOfPage":{"@id":"https:\/\/vzduchovetlmice.sk\/cs\/produkty\/predni-pravy-vzduchovy-tlumic-porsche-cayenne-iii-original-porsche\/#primaryimage"},"image":{"@id":"https:\/\/vzduchovetlmice.sk\/cs\/produkty\/predni-pravy-vzduchovy-tlumic-porsche-cayenne-iii-original-porsche\/#primaryimage"},"thumbnailUrl":"https:\/\/vzduchovetlmice.sk\/wp-content\/uploads\/2025\/06\/Predny-pravy-vzduchovy-tlmic-Porsche-Cayenne-3-9YA-9YB-Original-Vibracoustic-9Y0616040E-9Y0616040B-9Y0616040C-9Y0616040D-9Y3616040-9Y0616040.jpg","datePublished":"2025-06-08T14:02:10+00:00","dateModified":"2025-10-30T16:22:39+00:00","description":"Nov\u00fd p\u0159edn\u00ed prav\u00fd vzduchov\u00fd tlumi\u010d Porsche Cayenne III 9YA (2017-2025) a Porsche Cayenne Coupe 9YB (2019-2025) s PASM. Jedn\u00e1 se o origin\u00e1ln\u00ed pneumatick\u00fd tlumi\u010d od Porsche (Vibracoustic - prvov\u00fdroba). OEM: 9Y0616040E, 9Y0616040B, 9Y0616040C, 9Y0616040D, 9Y3616040, 9Y0616040","breadcrumb":{"@id":"https:\/\/vzduchovetlmice.sk\/cs\/produkty\/predni-pravy-vzduchovy-tlumic-porsche-cayenne-iii-original-porsche\/#breadcrumb"},"inLanguage":"cs","potentialAction":[{"@type":"ReadAction","target":["https:\/\/vzduchovetlmice.sk\/cs\/produkty\/predni-pravy-vzduchovy-tlumic-porsche-cayenne-iii-original-porsche\/"]}]},{"@type":"ImageObject","inLanguage":"cs","@id":"https:\/\/vzduchovetlmice.sk\/cs\/produkty\/predni-pravy-vzduchovy-tlumic-porsche-cayenne-iii-original-porsche\/#primaryimage","url":"https:\/\/vzduchovetlmice.sk\/wp-content\/uploads\/2025\/06\/Predny-pravy-vzduchovy-tlmic-Porsche-Cayenne-3-9YA-9YB-Original-Vibracoustic-9Y0616040E-9Y0616040B-9Y0616040C-9Y0616040D-9Y3616040-9Y0616040.jpg","contentUrl":"https:\/\/vzduchovetlmice.sk\/wp-content\/uploads\/2025\/06\/Predny-pravy-vzduchovy-tlmic-Porsche-Cayenne-3-9YA-9YB-Original-Vibracoustic-9Y0616040E-9Y0616040B-9Y0616040C-9Y0616040D-9Y3616040-9Y0616040.jpg","width":1000,"height":1000,"caption":"Predn\u00fd prav\u00fd vzduchov\u00fd tlmi\u010d Porsche Cayenne 3, 9YA, 9YB, Origin\u00e1l Vibracoustic, 9Y0616040E, 9Y0616040B, 9Y0616040C, 9Y0616040D, 9Y3616040, 9Y0616040"},{"@type":"BreadcrumbList","@id":"https:\/\/vzduchovetlmice.sk\/cs\/produkty\/predni-pravy-vzduchovy-tlumic-porsche-cayenne-iii-original-porsche\/#breadcrumb","itemListElement":[{"@type":"ListItem","position":1,"name":"Domovsk\u00e1 str\u00e1nka","item":"https:\/\/vzduchovetlmice.sk\/"},{"@type":"ListItem","position":2,"name":"Obchod","item":"https:\/\/vzduchovetlmice.sk\/obchod\/"},{"@type":"ListItem","position":3,"name":"P\u0159edn\u00ed prav\u00fd vzduchov\u00fd tlumi\u010d Porsche Cayenne III &#8211; Origin\u00e1l Porsche"}]},{"@type":"WebSite","@id":"https:\/\/vzduchovetlmice.sk\/#website","url":"https:\/\/vzduchovetlmice.sk\/","name":"VzduchoveTlmice.sk","description":"predaj dielov pre vzduchov\u00fd podvozok","potentialAction":[{"@type":"SearchAction","target":{"@type":"EntryPoint","urlTemplate":"https:\/\/vzduchovetlmice.sk\/?s={search_term_string}"},"query-input":{"@type":"PropertyValueSpecification","valueRequired":true,"valueName":"search_term_string"}}],"inLanguage":"cs"}]}},"_links":{"self":[{"href":"https:\/\/vzduchovetlmice.sk\/cs\/wp-json\/wp\/v2\/product\/101396","targetHints":{"allow":["GET"]}}],"collection":[{"href":"https:\/\/vzduchovetlmice.sk\/cs\/wp-json\/wp\/v2\/product"}],"about":[{"href":"https:\/\/vzduchovetlmice.sk\/cs\/wp-json\/wp\/v2\/types\/product"}],"wp:featuredmedia":[{"embeddable":true,"href":"https:\/\/vzduchovetlmice.sk\/cs\/wp-json\/wp\/v2\/media\/103408"}],"wp:attachment":[{"href":"https:\/\/vzduchovetlmice.sk\/cs\/wp-json\/wp\/v2\/media?parent=101396"}],"wp:term":[{"taxonomy":"product_brand","embeddable":true,"href":"https:\/\/vzduchovetlmice.sk\/cs\/wp-json\/wp\/v2\/product_brand?post=101396"},{"taxonomy":"product_cat","embeddable":true,"href":"https:\/\/vzduchovetlmice.sk\/cs\/wp-json\/wp\/v2\/product_cat?post=101396"},{"taxonomy":"product_tag","embeddable":true,"href":"https:\/\/vzduchovetlmice.sk\/cs\/wp-json\/wp\/v2\/product_tag?post=101396"}],"curies":[{"name":"wp","href":"https:\/\/api.w.org\/{rel}","templated":true}]}}