{"id":101400,"date":"2025-06-08T14:29:20","date_gmt":"2025-06-08T14:29:20","guid":{"rendered":"https:\/\/vzduchovetlmice.sk\/?post_type=product&#038;p=101400"},"modified":"2025-10-30T16:24:30","modified_gmt":"2025-10-30T16:24:30","slug":"predni-pravy-vzduchovy-mech-porsche-panamera-i-09-13","status":"publish","type":"product","link":"https:\/\/vzduchovetlmice.sk\/cs\/produkty\/predni-pravy-vzduchovy-mech-porsche-panamera-i-09-13\/","title":{"rendered":"P\u0159edn\u00ed prav\u00fd vzduchov\u00fd m\u011bch Porsche Panamera I &#8211; 09&#8243;-13&#8243;"},"content":{"rendered":"<h3><strong>Dal\u0161\u00ed informace:<\/strong><\/h3>\n<p>Nov\u00fd p\u0159edn\u00ed prav\u00fd vzduchov\u00fd m\u011bch Porsche Panamera I model 970 (2009 \u2013 2013) s PASM.<\/p>\n<h4><strong>Origin\u00e1ln\u00ed v\u00fdrobn\u00ed \u010d\u00edsla (OEM): <\/strong><\/h4>\n<p>97034315200, 97034315206, 97034305223, 97034305222, 97034305215, 97034305214, 97034305221, 97034305220, 97034305218, 97034305217, 97034305216, 97034315203, 97034305212, 97034305211, 97034305210, 97034305209, 97034305208, 97034305207, 97034315202, 97034315201, 97034315207, 970 343 152 00, 970 343 152 06, 970 343 052 23, 970 343 052 22, 970 343 052 15, 970 343 052 14, 970 343 052 21, 970 343 052 20, 970 343 052 18, 970 343 052 17, 970 343 052 16, 970 343 152 03, 970 343 052 12, 970 343 052 11, 970 343 052 10, 970 343 052 09, 970 343 052 08, 970 343 052 07, 970 343 152 02, 970 343 152 01, 970 343 152 07<\/p>\n","protected":false},"excerpt":{"rendered":"<p><strong>Zna\u010dka: <\/strong>Porsche<\/p>\n<p><strong>Model:<\/strong> Panamera I model 970 (2009 \u2013 2013)<\/p>\n<p><strong>Typ:<\/strong> s PASM<\/p>\n<p><strong>Poloha: <\/strong>P\u0159edn\u00ed n\u00e1prava vpravo<\/p>\n<p><strong>V\u00fdrobce: <\/strong>OEM<\/p>\n<p><strong>Stav:\u00a0<\/strong>Nov\u00e9<\/p>\n<p><strong>Z\u00e1ruka:\u00a0<\/strong>2 roky<\/p>\n<p><strong>Dostupnost:<\/strong>\u00a0<span style=\"color: #00ff00;\"><strong>Skladem<\/strong><\/span><\/p>\n","protected":false},"featured_media":0,"template":"","meta":{"_et_pb_use_builder":"","_et_pb_old_content":"","_et_gb_content_width":""},"product_brand":[469],"product_cat":[468,479],"product_tag":[],"class_list":{"0":"post-101400","1":"product","2":"type-product","3":"status-publish","5":"product_brand-porsche","6":"product_cat-panamera-i-970-2009-2017-cs","7":"product_cat-porsche-cs","9":"first","10":"instock","11":"shipping-taxable","12":"purchasable","13":"product-type-simple"},"yoast_head":"<!-- This site is optimized with the Yoast SEO Premium plugin v24.9 (Yoast SEO v27.1.1) - https:\/\/yoast.com\/product\/yoast-seo-premium-wordpress\/ -->\n<title>Predn\u00fd prav\u00fd vzduchov\u00fd vank\u00fa\u0161 Porsche Panamera I - 09&quot;-13&quot;<\/title>\n<meta name=\"description\" content=\"Nov\u00fd p\u0159edn\u00ed prav\u00fd vzduchov\u00fd m\u011bch Porsche Panamera I model 970 (2009 \u2013 2013) s PASM. OEM: 97034315200, 97034315206, 97034305223, 97034305222, 97034305215, 97034305214, 97034305221, 97034305220, 97034305218, 97034305217, 97034305216, 97034315203, 97034305212, 97034305211, 97034305210, 97034305209, 97034305208, 97034305207, 97034315202, 97034315201, 97034315207, 970 343 152 00, 970 343 152 06, 970 343 052 23, 970 343 052 22, 970 343 052 15, 970 343 052 14, 970 343 052 21, 970 343 052 20, 970 343 052 18, 970 343 052 17, 970 343 052 16, 970 343 152 03, 970 343 052 12, 970 343 052 11, 970 343 052 10, 970 343 052 09, 970 343 052 08, 970 343 052 07, 970 343 152 02, 970 343 152 01, 970 343 152 07\" \/>\n<meta name=\"robots\" content=\"index, follow, max-snippet:-1, max-image-preview:large, max-video-preview:-1\" \/>\n<link rel=\"canonical\" href=\"https:\/\/vzduchovetlmice.sk\/cs\/produkty\/predni-pravy-vzduchovy-mech-porsche-panamera-i-09-13\/\" \/>\n<meta property=\"og:locale\" content=\"cs_CZ\" \/>\n<meta property=\"og:type\" content=\"article\" \/>\n<meta property=\"og:title\" content=\"P\u0159edn\u00ed prav\u00fd vzduchov\u00fd m\u011bch Porsche Panamera I - 09&quot;-13&quot;\" \/>\n<meta property=\"og:description\" content=\"Nov\u00fd p\u0159edn\u00ed prav\u00fd vzduchov\u00fd m\u011bch Porsche Panamera I model 970 (2009 \u2013 2013) s PASM. OEM: 97034315200, 97034315206, 97034305223, 97034305222, 97034305215, 97034305214, 97034305221, 97034305220, 97034305218, 97034305217, 97034305216, 97034315203, 97034305212, 97034305211, 97034305210, 97034305209, 97034305208, 97034305207, 97034315202, 97034315201, 97034315207, 970 343 152 00, 970 343 152 06, 970 343 052 23, 970 343 052 22, 970 343 052 15, 970 343 052 14, 970 343 052 21, 970 343 052 20, 970 343 052 18, 970 343 052 17, 970 343 052 16, 970 343 152 03, 970 343 052 12, 970 343 052 11, 970 343 052 10, 970 343 052 09, 970 343 052 08, 970 343 052 07, 970 343 152 02, 970 343 152 01, 970 343 152 07\" \/>\n<meta property=\"og:url\" content=\"https:\/\/vzduchovetlmice.sk\/cs\/produkty\/predni-pravy-vzduchovy-mech-porsche-panamera-i-09-13\/\" \/>\n<meta property=\"og:site_name\" content=\"VzduchoveTlmice.sk\" \/>\n<meta property=\"article:modified_time\" content=\"2025-10-30T16:24:30+00:00\" \/>\n<meta name=\"twitter:card\" content=\"summary_large_image\" \/>\n<meta name=\"twitter:label1\" content=\"Odhadovan\u00e1 doba \u010dten\u00ed\" \/>\n\t<meta name=\"twitter:data1\" content=\"1 minuta\" \/>\n<script type=\"application\/ld+json\" class=\"yoast-schema-graph\">{\"@context\":\"https:\/\/schema.org\",\"@graph\":[{\"@type\":\"WebPage\",\"@id\":\"https:\/\/vzduchovetlmice.sk\/cs\/produkty\/predni-pravy-vzduchovy-mech-porsche-panamera-i-09-13\/\",\"url\":\"https:\/\/vzduchovetlmice.sk\/cs\/produkty\/predni-pravy-vzduchovy-mech-porsche-panamera-i-09-13\/\",\"name\":\"Predn\u00fd prav\u00fd vzduchov\u00fd vank\u00fa\u0161 Porsche Panamera I - 09\\\"-13\\\"\",\"isPartOf\":{\"@id\":\"https:\/\/vzduchovetlmice.sk\/#website\"},\"datePublished\":\"2025-06-08T14:29:20+00:00\",\"dateModified\":\"2025-10-30T16:24:30+00:00\",\"description\":\"Nov\u00fd p\u0159edn\u00ed prav\u00fd vzduchov\u00fd m\u011bch Porsche Panamera I model 970 (2009 \u2013 2013) s PASM. OEM: 97034315200, 97034315206, 97034305223, 97034305222, 97034305215, 97034305214, 97034305221, 97034305220, 97034305218, 97034305217, 97034305216, 97034315203, 97034305212, 97034305211, 97034305210, 97034305209, 97034305208, 97034305207, 97034315202, 97034315201, 97034315207, 970 343 152 00, 970 343 152 06, 970 343 052 23, 970 343 052 22, 970 343 052 15, 970 343 052 14, 970 343 052 21, 970 343 052 20, 970 343 052 18, 970 343 052 17, 970 343 052 16, 970 343 152 03, 970 343 052 12, 970 343 052 11, 970 343 052 10, 970 343 052 09, 970 343 052 08, 970 343 052 07, 970 343 152 02, 970 343 152 01, 970 343 152 07\",\"breadcrumb\":{\"@id\":\"https:\/\/vzduchovetlmice.sk\/cs\/produkty\/predni-pravy-vzduchovy-mech-porsche-panamera-i-09-13\/#breadcrumb\"},\"inLanguage\":\"cs\",\"potentialAction\":[{\"@type\":\"ReadAction\",\"target\":[\"https:\/\/vzduchovetlmice.sk\/cs\/produkty\/predni-pravy-vzduchovy-mech-porsche-panamera-i-09-13\/\"]}]},{\"@type\":\"BreadcrumbList\",\"@id\":\"https:\/\/vzduchovetlmice.sk\/cs\/produkty\/predni-pravy-vzduchovy-mech-porsche-panamera-i-09-13\/#breadcrumb\",\"itemListElement\":[{\"@type\":\"ListItem\",\"position\":1,\"name\":\"Domovsk\u00e1 str\u00e1nka\",\"item\":\"https:\/\/vzduchovetlmice.sk\/\"},{\"@type\":\"ListItem\",\"position\":2,\"name\":\"Obchod\",\"item\":\"https:\/\/vzduchovetlmice.sk\/obchod\/\"},{\"@type\":\"ListItem\",\"position\":3,\"name\":\"P\u0159edn\u00ed prav\u00fd vzduchov\u00fd m\u011bch Porsche Panamera I &#8211; 09&#8243;-13&#8243;\"}]},{\"@type\":\"WebSite\",\"@id\":\"https:\/\/vzduchovetlmice.sk\/#website\",\"url\":\"https:\/\/vzduchovetlmice.sk\/\",\"name\":\"VzduchoveTlmice.sk\",\"description\":\"predaj dielov pre vzduchov\u00fd podvozok\",\"potentialAction\":[{\"@type\":\"SearchAction\",\"target\":{\"@type\":\"EntryPoint\",\"urlTemplate\":\"https:\/\/vzduchovetlmice.sk\/?s={search_term_string}\"},\"query-input\":{\"@type\":\"PropertyValueSpecification\",\"valueRequired\":true,\"valueName\":\"search_term_string\"}}],\"inLanguage\":\"cs\"}]}<\/script>\n<!-- \/ Yoast SEO Premium plugin. -->","yoast_head_json":{"title":"Predn\u00fd prav\u00fd vzduchov\u00fd vank\u00fa\u0161 Porsche Panamera I - 09\"-13\"","description":"Nov\u00fd p\u0159edn\u00ed prav\u00fd vzduchov\u00fd m\u011bch Porsche Panamera I model 970 (2009 \u2013 2013) s PASM. OEM: 97034315200, 97034315206, 97034305223, 97034305222, 97034305215, 97034305214, 97034305221, 97034305220, 97034305218, 97034305217, 97034305216, 97034315203, 97034305212, 97034305211, 97034305210, 97034305209, 97034305208, 97034305207, 97034315202, 97034315201, 97034315207, 970 343 152 00, 970 343 152 06, 970 343 052 23, 970 343 052 22, 970 343 052 15, 970 343 052 14, 970 343 052 21, 970 343 052 20, 970 343 052 18, 970 343 052 17, 970 343 052 16, 970 343 152 03, 970 343 052 12, 970 343 052 11, 970 343 052 10, 970 343 052 09, 970 343 052 08, 970 343 052 07, 970 343 152 02, 970 343 152 01, 970 343 152 07","robots":{"index":"index","follow":"follow","max-snippet":"max-snippet:-1","max-image-preview":"max-image-preview:large","max-video-preview":"max-video-preview:-1"},"canonical":"https:\/\/vzduchovetlmice.sk\/cs\/produkty\/predni-pravy-vzduchovy-mech-porsche-panamera-i-09-13\/","og_locale":"cs_CZ","og_type":"article","og_title":"P\u0159edn\u00ed prav\u00fd vzduchov\u00fd m\u011bch Porsche Panamera I - 09\"-13\"","og_description":"Nov\u00fd p\u0159edn\u00ed prav\u00fd vzduchov\u00fd m\u011bch Porsche Panamera I model 970 (2009 \u2013 2013) s PASM. OEM: 97034315200, 97034315206, 97034305223, 97034305222, 97034305215, 97034305214, 97034305221, 97034305220, 97034305218, 97034305217, 97034305216, 97034315203, 97034305212, 97034305211, 97034305210, 97034305209, 97034305208, 97034305207, 97034315202, 97034315201, 97034315207, 970 343 152 00, 970 343 152 06, 970 343 052 23, 970 343 052 22, 970 343 052 15, 970 343 052 14, 970 343 052 21, 970 343 052 20, 970 343 052 18, 970 343 052 17, 970 343 052 16, 970 343 152 03, 970 343 052 12, 970 343 052 11, 970 343 052 10, 970 343 052 09, 970 343 052 08, 970 343 052 07, 970 343 152 02, 970 343 152 01, 970 343 152 07","og_url":"https:\/\/vzduchovetlmice.sk\/cs\/produkty\/predni-pravy-vzduchovy-mech-porsche-panamera-i-09-13\/","og_site_name":"VzduchoveTlmice.sk","article_modified_time":"2025-10-30T16:24:30+00:00","twitter_card":"summary_large_image","twitter_misc":{"Odhadovan\u00e1 doba \u010dten\u00ed":"1 minuta"},"schema":{"@context":"https:\/\/schema.org","@graph":[{"@type":"WebPage","@id":"https:\/\/vzduchovetlmice.sk\/cs\/produkty\/predni-pravy-vzduchovy-mech-porsche-panamera-i-09-13\/","url":"https:\/\/vzduchovetlmice.sk\/cs\/produkty\/predni-pravy-vzduchovy-mech-porsche-panamera-i-09-13\/","name":"Predn\u00fd prav\u00fd vzduchov\u00fd vank\u00fa\u0161 Porsche Panamera I - 09\"-13\"","isPartOf":{"@id":"https:\/\/vzduchovetlmice.sk\/#website"},"datePublished":"2025-06-08T14:29:20+00:00","dateModified":"2025-10-30T16:24:30+00:00","description":"Nov\u00fd p\u0159edn\u00ed prav\u00fd vzduchov\u00fd m\u011bch Porsche Panamera I model 970 (2009 \u2013 2013) s PASM. OEM: 97034315200, 97034315206, 97034305223, 97034305222, 97034305215, 97034305214, 97034305221, 97034305220, 97034305218, 97034305217, 97034305216, 97034315203, 97034305212, 97034305211, 97034305210, 97034305209, 97034305208, 97034305207, 97034315202, 97034315201, 97034315207, 970 343 152 00, 970 343 152 06, 970 343 052 23, 970 343 052 22, 970 343 052 15, 970 343 052 14, 970 343 052 21, 970 343 052 20, 970 343 052 18, 970 343 052 17, 970 343 052 16, 970 343 152 03, 970 343 052 12, 970 343 052 11, 970 343 052 10, 970 343 052 09, 970 343 052 08, 970 343 052 07, 970 343 152 02, 970 343 152 01, 970 343 152 07","breadcrumb":{"@id":"https:\/\/vzduchovetlmice.sk\/cs\/produkty\/predni-pravy-vzduchovy-mech-porsche-panamera-i-09-13\/#breadcrumb"},"inLanguage":"cs","potentialAction":[{"@type":"ReadAction","target":["https:\/\/vzduchovetlmice.sk\/cs\/produkty\/predni-pravy-vzduchovy-mech-porsche-panamera-i-09-13\/"]}]},{"@type":"BreadcrumbList","@id":"https:\/\/vzduchovetlmice.sk\/cs\/produkty\/predni-pravy-vzduchovy-mech-porsche-panamera-i-09-13\/#breadcrumb","itemListElement":[{"@type":"ListItem","position":1,"name":"Domovsk\u00e1 str\u00e1nka","item":"https:\/\/vzduchovetlmice.sk\/"},{"@type":"ListItem","position":2,"name":"Obchod","item":"https:\/\/vzduchovetlmice.sk\/obchod\/"},{"@type":"ListItem","position":3,"name":"P\u0159edn\u00ed prav\u00fd vzduchov\u00fd m\u011bch Porsche Panamera I &#8211; 09&#8243;-13&#8243;"}]},{"@type":"WebSite","@id":"https:\/\/vzduchovetlmice.sk\/#website","url":"https:\/\/vzduchovetlmice.sk\/","name":"VzduchoveTlmice.sk","description":"predaj dielov pre vzduchov\u00fd podvozok","potentialAction":[{"@type":"SearchAction","target":{"@type":"EntryPoint","urlTemplate":"https:\/\/vzduchovetlmice.sk\/?s={search_term_string}"},"query-input":{"@type":"PropertyValueSpecification","valueRequired":true,"valueName":"search_term_string"}}],"inLanguage":"cs"}]}},"_links":{"self":[{"href":"https:\/\/vzduchovetlmice.sk\/cs\/wp-json\/wp\/v2\/product\/101400","targetHints":{"allow":["GET"]}}],"collection":[{"href":"https:\/\/vzduchovetlmice.sk\/cs\/wp-json\/wp\/v2\/product"}],"about":[{"href":"https:\/\/vzduchovetlmice.sk\/cs\/wp-json\/wp\/v2\/types\/product"}],"wp:attachment":[{"href":"https:\/\/vzduchovetlmice.sk\/cs\/wp-json\/wp\/v2\/media?parent=101400"}],"wp:term":[{"taxonomy":"product_brand","embeddable":true,"href":"https:\/\/vzduchovetlmice.sk\/cs\/wp-json\/wp\/v2\/product_brand?post=101400"},{"taxonomy":"product_cat","embeddable":true,"href":"https:\/\/vzduchovetlmice.sk\/cs\/wp-json\/wp\/v2\/product_cat?post=101400"},{"taxonomy":"product_tag","embeddable":true,"href":"https:\/\/vzduchovetlmice.sk\/cs\/wp-json\/wp\/v2\/product_tag?post=101400"}],"curies":[{"name":"wp","href":"https:\/\/api.w.org\/{rel}","templated":true}]}}