{"id":101406,"date":"2025-06-08T16:19:10","date_gmt":"2025-06-08T16:19:10","guid":{"rendered":"https:\/\/vzduchovetlmice.sk\/?post_type=product&#038;p=101406"},"modified":"2025-11-20T11:54:37","modified_gmt":"2025-11-20T11:54:37","slug":"zadni-vzduchovy-tlumic-porsche-panamera-970-s-pasm","status":"publish","type":"product","link":"https:\/\/vzduchovetlmice.sk\/cs\/produkty\/zadni-vzduchovy-tlumic-porsche-panamera-970-s-pasm\/","title":{"rendered":"Zadn\u00ed vzduchov\u00fd tlumi\u010d Porsche Panamera 970 s PASM"},"content":{"rendered":"<h3><strong>Dal\u0161\u00ed informace:<\/strong><\/h3>\n<p>Nov\u00fd zadn\u00ed vzduchov\u00fd tlumi\u010d pru\u017een\u00ed Porsche Panamera I model 970 (2009 \u2013 2017) s PASM.<\/p>\n<p>Tlumi\u010d je stejnou pro pravou i levou stranu.<\/p>\n<h4><strong>Origin\u00e1ln\u00ed v\u00fdrobn\u00ed \u010d\u00edsla (OEM):<\/strong><\/h4>\n<p>97033306109, 97033306111, 97033306107, 97033316107, 97033306108, 97033314536, 97033314533, 97033314532, 97033314506, 97033304536, 97033304533, 97033304532, 97033304513, 97033304511, 97033316136, 97033316134, 97033316133, 97033316111, 97033316108, 97033316104, 97033306137, 97033306133, 97033306110, 97033314505, 97033304507, 97033306106, 97033316137, 970 333 061 09, 970 333 061 11, 970 333 061 07, 970 333 161 07, 970 333 061 08, 970 333 145 36, 970 333 145 33, 970 333 145 32, 970 333 145 06, 970 333 045 36, 970 333 045 33, 970 333 045 32, 970 333 045 13, 970 333 045 11, 970 333 161 36, 970 333 161 34, 970 333 161 33, 970 333 161 11, 970 333 161 08, 970 333 161 04, 970 333 061 37, 970 333 061 33, 970 333 061 10, 970 333 145 05, 970 333 045 07, 970 333 061 06, 970 333 161 37<\/p>\n","protected":false},"excerpt":{"rendered":"<p><strong>Zna\u010dka: <\/strong>Porsche<\/p>\n<p><strong>Model:<\/strong> Panamera I model 970 (2009 \u2013 2017)<\/p>\n<p><strong>Typ:<\/strong> s PASM<\/p>\n<p><strong>Poloha: <\/strong>Zadn\u00ed n\u00e1prava vlevo\/vpravo<\/p>\n<p><strong>V\u00fdrobce: <\/strong>OEM<\/p>\n<p><strong>Stav:\u00a0<\/strong>Nov\u00e9<\/p>\n<p><strong>Z\u00e1ruka:\u00a0<\/strong>2 roky<\/p>\n<p><strong>Dostupnost:<\/strong> <span style=\"color: #00ff00;\"><strong>Dostupn\u00e9 na objedn\u00e1vku<\/strong><\/span><\/p>\n","protected":false},"featured_media":0,"template":"","meta":{"_et_pb_use_builder":"","_et_pb_old_content":"","_et_gb_content_width":""},"product_brand":[469],"product_cat":[468,479],"product_tag":[],"class_list":{"0":"post-101406","1":"product","2":"type-product","3":"status-publish","5":"product_brand-porsche","6":"product_cat-panamera-i-970-2009-2017-cs","7":"product_cat-porsche-cs","9":"first","10":"onbackorder","11":"shipping-taxable","12":"purchasable","13":"product-type-simple"},"yoast_head":"<!-- This site is optimized with the Yoast SEO Premium plugin v24.9 (Yoast SEO v27.1.1) - https:\/\/yoast.com\/product\/yoast-seo-premium-wordpress\/ -->\n<title>Zadn\u00ed vzduchov\u00fd tlumi\u010d Porsche Panamera 970 s PASM<\/title>\n<meta name=\"description\" content=\"Nov\u00fd zadn\u00ed vzduchov\u00fd tlumi\u010d pru\u017een\u00ed Porsche Panamera I model 970 (2009 \u2013 2017) s PASM. Tlumi\u010d je stejnou pro pravou i levou stranu. OEM: 97033306109, 97033306111, 97033306107, 97033316107, 97033306108, 97033314536, 97033314533, 97033314532, 97033314506, 97033304536, 97033304533, 97033304532, 97033304513, 97033304511, 97033316136, 97033316134, 97033316133, 97033316111, 97033316108, 97033316104, 97033306137, 97033306133, 97033306110, 97033314505, 97033304507, 97033306106, 97033316137, 970 333 061 09, 970 333 061 11, 970 333 061 07, 970 333 161 07, 970 333 061 08, 970 333 145 36, 970 333 145 33, 970 333 145 32, 970 333 145 06, 970 333 045 36, 970 333 045 33, 970 333 045 32, 970 333 045 13, 970 333 045 11, 970 333 161 36, 970 333 161 34, 970 333 161 33, 970 333 161 11, 970 333 161 08, 970 333 161 04, 970 333 061 37, 970 333 061 33, 970 333 061 10, 970 333 145 05, 970 333 045 07, 970 333 061 06, 970 333 161 37\" \/>\n<meta name=\"robots\" content=\"index, follow, max-snippet:-1, max-image-preview:large, max-video-preview:-1\" \/>\n<link rel=\"canonical\" href=\"https:\/\/vzduchovetlmice.sk\/cs\/produkty\/zadni-vzduchovy-tlumic-porsche-panamera-970-s-pasm\/\" \/>\n<meta property=\"og:locale\" content=\"cs_CZ\" \/>\n<meta property=\"og:type\" content=\"article\" \/>\n<meta property=\"og:title\" content=\"Zadn\u00ed vzduchov\u00fd tlumi\u010d Porsche Panamera 970 s PASM\" \/>\n<meta property=\"og:description\" content=\"Nov\u00fd zadn\u00ed vzduchov\u00fd tlumi\u010d pru\u017een\u00ed Porsche Panamera I model 970 (2009 \u2013 2017) s PASM. Tlumi\u010d je stejnou pro pravou i levou stranu. OEM: 97033306109, 97033306111, 97033306107, 97033316107, 97033306108, 97033314536, 97033314533, 97033314532, 97033314506, 97033304536, 97033304533, 97033304532, 97033304513, 97033304511, 97033316136, 97033316134, 97033316133, 97033316111, 97033316108, 97033316104, 97033306137, 97033306133, 97033306110, 97033314505, 97033304507, 97033306106, 97033316137, 970 333 061 09, 970 333 061 11, 970 333 061 07, 970 333 161 07, 970 333 061 08, 970 333 145 36, 970 333 145 33, 970 333 145 32, 970 333 145 06, 970 333 045 36, 970 333 045 33, 970 333 045 32, 970 333 045 13, 970 333 045 11, 970 333 161 36, 970 333 161 34, 970 333 161 33, 970 333 161 11, 970 333 161 08, 970 333 161 04, 970 333 061 37, 970 333 061 33, 970 333 061 10, 970 333 145 05, 970 333 045 07, 970 333 061 06, 970 333 161 37\" \/>\n<meta property=\"og:url\" content=\"https:\/\/vzduchovetlmice.sk\/cs\/produkty\/zadni-vzduchovy-tlumic-porsche-panamera-970-s-pasm\/\" \/>\n<meta property=\"og:site_name\" content=\"VzduchoveTlmice.sk\" \/>\n<meta property=\"article:modified_time\" content=\"2025-11-20T11:54:37+00:00\" \/>\n<meta name=\"twitter:card\" content=\"summary_large_image\" \/>\n<meta name=\"twitter:label1\" content=\"Odhadovan\u00e1 doba \u010dten\u00ed\" \/>\n\t<meta name=\"twitter:data1\" content=\"1 minuta\" \/>\n<script type=\"application\/ld+json\" class=\"yoast-schema-graph\">{\"@context\":\"https:\/\/schema.org\",\"@graph\":[{\"@type\":\"WebPage\",\"@id\":\"https:\/\/vzduchovetlmice.sk\/cs\/produkty\/zadni-vzduchovy-tlumic-porsche-panamera-970-s-pasm\/\",\"url\":\"https:\/\/vzduchovetlmice.sk\/cs\/produkty\/zadni-vzduchovy-tlumic-porsche-panamera-970-s-pasm\/\",\"name\":\"Zadn\u00ed vzduchov\u00fd tlumi\u010d Porsche Panamera 970 s PASM\",\"isPartOf\":{\"@id\":\"https:\/\/vzduchovetlmice.sk\/#website\"},\"datePublished\":\"2025-06-08T16:19:10+00:00\",\"dateModified\":\"2025-11-20T11:54:37+00:00\",\"description\":\"Nov\u00fd zadn\u00ed vzduchov\u00fd tlumi\u010d pru\u017een\u00ed Porsche Panamera I model 970 (2009 \u2013 2017) s PASM. Tlumi\u010d je stejnou pro pravou i levou stranu. OEM: 97033306109, 97033306111, 97033306107, 97033316107, 97033306108, 97033314536, 97033314533, 97033314532, 97033314506, 97033304536, 97033304533, 97033304532, 97033304513, 97033304511, 97033316136, 97033316134, 97033316133, 97033316111, 97033316108, 97033316104, 97033306137, 97033306133, 97033306110, 97033314505, 97033304507, 97033306106, 97033316137, 970 333 061 09, 970 333 061 11, 970 333 061 07, 970 333 161 07, 970 333 061 08, 970 333 145 36, 970 333 145 33, 970 333 145 32, 970 333 145 06, 970 333 045 36, 970 333 045 33, 970 333 045 32, 970 333 045 13, 970 333 045 11, 970 333 161 36, 970 333 161 34, 970 333 161 33, 970 333 161 11, 970 333 161 08, 970 333 161 04, 970 333 061 37, 970 333 061 33, 970 333 061 10, 970 333 145 05, 970 333 045 07, 970 333 061 06, 970 333 161 37\",\"breadcrumb\":{\"@id\":\"https:\/\/vzduchovetlmice.sk\/cs\/produkty\/zadni-vzduchovy-tlumic-porsche-panamera-970-s-pasm\/#breadcrumb\"},\"inLanguage\":\"cs\",\"potentialAction\":[{\"@type\":\"ReadAction\",\"target\":[\"https:\/\/vzduchovetlmice.sk\/cs\/produkty\/zadni-vzduchovy-tlumic-porsche-panamera-970-s-pasm\/\"]}]},{\"@type\":\"BreadcrumbList\",\"@id\":\"https:\/\/vzduchovetlmice.sk\/cs\/produkty\/zadni-vzduchovy-tlumic-porsche-panamera-970-s-pasm\/#breadcrumb\",\"itemListElement\":[{\"@type\":\"ListItem\",\"position\":1,\"name\":\"Domovsk\u00e1 str\u00e1nka\",\"item\":\"https:\/\/vzduchovetlmice.sk\/\"},{\"@type\":\"ListItem\",\"position\":2,\"name\":\"Obchod\",\"item\":\"https:\/\/vzduchovetlmice.sk\/obchod\/\"},{\"@type\":\"ListItem\",\"position\":3,\"name\":\"Zadn\u00ed vzduchov\u00fd tlumi\u010d Porsche Panamera 970 s PASM\"}]},{\"@type\":\"WebSite\",\"@id\":\"https:\/\/vzduchovetlmice.sk\/#website\",\"url\":\"https:\/\/vzduchovetlmice.sk\/\",\"name\":\"VzduchoveTlmice.sk\",\"description\":\"predaj dielov pre vzduchov\u00fd podvozok\",\"potentialAction\":[{\"@type\":\"SearchAction\",\"target\":{\"@type\":\"EntryPoint\",\"urlTemplate\":\"https:\/\/vzduchovetlmice.sk\/?s={search_term_string}\"},\"query-input\":{\"@type\":\"PropertyValueSpecification\",\"valueRequired\":true,\"valueName\":\"search_term_string\"}}],\"inLanguage\":\"cs\"}]}<\/script>\n<!-- \/ Yoast SEO Premium plugin. -->","yoast_head_json":{"title":"Zadn\u00ed vzduchov\u00fd tlumi\u010d Porsche Panamera 970 s PASM","description":"Nov\u00fd zadn\u00ed vzduchov\u00fd tlumi\u010d pru\u017een\u00ed Porsche Panamera I model 970 (2009 \u2013 2017) s PASM. Tlumi\u010d je stejnou pro pravou i levou stranu. OEM: 97033306109, 97033306111, 97033306107, 97033316107, 97033306108, 97033314536, 97033314533, 97033314532, 97033314506, 97033304536, 97033304533, 97033304532, 97033304513, 97033304511, 97033316136, 97033316134, 97033316133, 97033316111, 97033316108, 97033316104, 97033306137, 97033306133, 97033306110, 97033314505, 97033304507, 97033306106, 97033316137, 970 333 061 09, 970 333 061 11, 970 333 061 07, 970 333 161 07, 970 333 061 08, 970 333 145 36, 970 333 145 33, 970 333 145 32, 970 333 145 06, 970 333 045 36, 970 333 045 33, 970 333 045 32, 970 333 045 13, 970 333 045 11, 970 333 161 36, 970 333 161 34, 970 333 161 33, 970 333 161 11, 970 333 161 08, 970 333 161 04, 970 333 061 37, 970 333 061 33, 970 333 061 10, 970 333 145 05, 970 333 045 07, 970 333 061 06, 970 333 161 37","robots":{"index":"index","follow":"follow","max-snippet":"max-snippet:-1","max-image-preview":"max-image-preview:large","max-video-preview":"max-video-preview:-1"},"canonical":"https:\/\/vzduchovetlmice.sk\/cs\/produkty\/zadni-vzduchovy-tlumic-porsche-panamera-970-s-pasm\/","og_locale":"cs_CZ","og_type":"article","og_title":"Zadn\u00ed vzduchov\u00fd tlumi\u010d Porsche Panamera 970 s PASM","og_description":"Nov\u00fd zadn\u00ed vzduchov\u00fd tlumi\u010d pru\u017een\u00ed Porsche Panamera I model 970 (2009 \u2013 2017) s PASM. Tlumi\u010d je stejnou pro pravou i levou stranu. OEM: 97033306109, 97033306111, 97033306107, 97033316107, 97033306108, 97033314536, 97033314533, 97033314532, 97033314506, 97033304536, 97033304533, 97033304532, 97033304513, 97033304511, 97033316136, 97033316134, 97033316133, 97033316111, 97033316108, 97033316104, 97033306137, 97033306133, 97033306110, 97033314505, 97033304507, 97033306106, 97033316137, 970 333 061 09, 970 333 061 11, 970 333 061 07, 970 333 161 07, 970 333 061 08, 970 333 145 36, 970 333 145 33, 970 333 145 32, 970 333 145 06, 970 333 045 36, 970 333 045 33, 970 333 045 32, 970 333 045 13, 970 333 045 11, 970 333 161 36, 970 333 161 34, 970 333 161 33, 970 333 161 11, 970 333 161 08, 970 333 161 04, 970 333 061 37, 970 333 061 33, 970 333 061 10, 970 333 145 05, 970 333 045 07, 970 333 061 06, 970 333 161 37","og_url":"https:\/\/vzduchovetlmice.sk\/cs\/produkty\/zadni-vzduchovy-tlumic-porsche-panamera-970-s-pasm\/","og_site_name":"VzduchoveTlmice.sk","article_modified_time":"2025-11-20T11:54:37+00:00","twitter_card":"summary_large_image","twitter_misc":{"Odhadovan\u00e1 doba \u010dten\u00ed":"1 minuta"},"schema":{"@context":"https:\/\/schema.org","@graph":[{"@type":"WebPage","@id":"https:\/\/vzduchovetlmice.sk\/cs\/produkty\/zadni-vzduchovy-tlumic-porsche-panamera-970-s-pasm\/","url":"https:\/\/vzduchovetlmice.sk\/cs\/produkty\/zadni-vzduchovy-tlumic-porsche-panamera-970-s-pasm\/","name":"Zadn\u00ed vzduchov\u00fd tlumi\u010d Porsche Panamera 970 s PASM","isPartOf":{"@id":"https:\/\/vzduchovetlmice.sk\/#website"},"datePublished":"2025-06-08T16:19:10+00:00","dateModified":"2025-11-20T11:54:37+00:00","description":"Nov\u00fd zadn\u00ed vzduchov\u00fd tlumi\u010d pru\u017een\u00ed Porsche Panamera I model 970 (2009 \u2013 2017) s PASM. Tlumi\u010d je stejnou pro pravou i levou stranu. OEM: 97033306109, 97033306111, 97033306107, 97033316107, 97033306108, 97033314536, 97033314533, 97033314532, 97033314506, 97033304536, 97033304533, 97033304532, 97033304513, 97033304511, 97033316136, 97033316134, 97033316133, 97033316111, 97033316108, 97033316104, 97033306137, 97033306133, 97033306110, 97033314505, 97033304507, 97033306106, 97033316137, 970 333 061 09, 970 333 061 11, 970 333 061 07, 970 333 161 07, 970 333 061 08, 970 333 145 36, 970 333 145 33, 970 333 145 32, 970 333 145 06, 970 333 045 36, 970 333 045 33, 970 333 045 32, 970 333 045 13, 970 333 045 11, 970 333 161 36, 970 333 161 34, 970 333 161 33, 970 333 161 11, 970 333 161 08, 970 333 161 04, 970 333 061 37, 970 333 061 33, 970 333 061 10, 970 333 145 05, 970 333 045 07, 970 333 061 06, 970 333 161 37","breadcrumb":{"@id":"https:\/\/vzduchovetlmice.sk\/cs\/produkty\/zadni-vzduchovy-tlumic-porsche-panamera-970-s-pasm\/#breadcrumb"},"inLanguage":"cs","potentialAction":[{"@type":"ReadAction","target":["https:\/\/vzduchovetlmice.sk\/cs\/produkty\/zadni-vzduchovy-tlumic-porsche-panamera-970-s-pasm\/"]}]},{"@type":"BreadcrumbList","@id":"https:\/\/vzduchovetlmice.sk\/cs\/produkty\/zadni-vzduchovy-tlumic-porsche-panamera-970-s-pasm\/#breadcrumb","itemListElement":[{"@type":"ListItem","position":1,"name":"Domovsk\u00e1 str\u00e1nka","item":"https:\/\/vzduchovetlmice.sk\/"},{"@type":"ListItem","position":2,"name":"Obchod","item":"https:\/\/vzduchovetlmice.sk\/obchod\/"},{"@type":"ListItem","position":3,"name":"Zadn\u00ed vzduchov\u00fd tlumi\u010d Porsche Panamera 970 s PASM"}]},{"@type":"WebSite","@id":"https:\/\/vzduchovetlmice.sk\/#website","url":"https:\/\/vzduchovetlmice.sk\/","name":"VzduchoveTlmice.sk","description":"predaj dielov pre vzduchov\u00fd podvozok","potentialAction":[{"@type":"SearchAction","target":{"@type":"EntryPoint","urlTemplate":"https:\/\/vzduchovetlmice.sk\/?s={search_term_string}"},"query-input":{"@type":"PropertyValueSpecification","valueRequired":true,"valueName":"search_term_string"}}],"inLanguage":"cs"}]}},"_links":{"self":[{"href":"https:\/\/vzduchovetlmice.sk\/cs\/wp-json\/wp\/v2\/product\/101406","targetHints":{"allow":["GET"]}}],"collection":[{"href":"https:\/\/vzduchovetlmice.sk\/cs\/wp-json\/wp\/v2\/product"}],"about":[{"href":"https:\/\/vzduchovetlmice.sk\/cs\/wp-json\/wp\/v2\/types\/product"}],"wp:attachment":[{"href":"https:\/\/vzduchovetlmice.sk\/cs\/wp-json\/wp\/v2\/media?parent=101406"}],"wp:term":[{"taxonomy":"product_brand","embeddable":true,"href":"https:\/\/vzduchovetlmice.sk\/cs\/wp-json\/wp\/v2\/product_brand?post=101406"},{"taxonomy":"product_cat","embeddable":true,"href":"https:\/\/vzduchovetlmice.sk\/cs\/wp-json\/wp\/v2\/product_cat?post=101406"},{"taxonomy":"product_tag","embeddable":true,"href":"https:\/\/vzduchovetlmice.sk\/cs\/wp-json\/wp\/v2\/product_tag?post=101406"}],"curies":[{"name":"wp","href":"https:\/\/api.w.org\/{rel}","templated":true}]}}