{"id":101431,"date":"2025-06-19T10:25:40","date_gmt":"2025-06-19T10:25:40","guid":{"rendered":"https:\/\/vzduchovetlmice.sk\/?post_type=product&#038;p=101431"},"modified":"2025-11-20T11:03:08","modified_gmt":"2025-11-20T11:03:08","slug":"predni-vzduchovy-mech-mercedes-benz-glc-class-x253-c253","status":"publish","type":"product","link":"https:\/\/vzduchovetlmice.sk\/cs\/produkty\/predni-vzduchovy-mech-mercedes-benz-glc-class-x253-c253\/","title":{"rendered":"P\u0159edn\u00ed vzduchov\u00fd m\u011bch Mercedes Benz GLC-class X253\/C253"},"content":{"rendered":"<h3><strong>Dal\u0161\u00ed informace:<\/strong><\/h3>\n<p>Nov\u00fd p\u0159edn\u00ed vzduchov\u00fd m\u011bch Mercedes Benz GLC-class X253 (2015-2023) a Mercedes Benz GLC Coup\u00e9-class C253 (2016-2023).<\/p>\n<p>V\u010detn\u011b v\u0161ech t\u011bsn\u011bn\u00ed a p\u0159\u00edslu\u0161enstv\u00ed.<\/p>\n<p>Pneumatick\u00fd m\u011bch je stejn\u00fd pro pravou i levou stranu.<\/p>\n<p>Ur\u010den pro modely se syst\u00e9mem AIRMATIC a tak\u00e9 modely AMG.<\/p>\n<h4><strong>Origin\u00e1ln\u00ed v\u00fdrobn\u00ed \u010d\u00edsla (OEM): <\/strong><\/h4>\n<p>A2533207900, A2133202100, A2533200338, A2533203700, A2533200438, A2533203800, A2533200801, A2533200901, A2533200400, A2533206300, A2533206901, A2533200501, A2533207001, A2533200401, A2533208000, A2133206300, A2533200101, A2533200701, A2533200601, A2533205700, A2533205800, A2533207901, A2533208001, A 2533207900, A 2133202100, A 2533200338, A 2533203700, A 2533200438, A 2533203800, A 2533200801, A 2533200901, A 2533200400, A 2533206300, A 2533206901, A 2533200501, A 2533207001, A 2533200401, A 2533208000, A 2133206300, A 2533200101, A 2533200701, A 2533200601, A 2533205700, A 2533205800, A 2533207901, A 2533208001, 2533207900, 2133202100, 2533200338, 2533203700, 2533200438, 2533203800, 2533200801, 2533200901, 2533200400, 2533206300, 2533206901, 2533200501, 2533207001, 2533200401, 2533208000, 2133206300, 2533200101, 2533200701, 2533200601, 2533205700, 2533205800, 2533207901, 2533208001<\/p>\n","protected":false},"excerpt":{"rendered":"<p><strong>Zna\u010dka: <\/strong>Mercedes Benz<\/p>\n<p><strong>Model:<\/strong> GLC -class X253 (2015 \u2013 2023), GLC Coupe -class C253 (2016 \u2013 2023)<\/p>\n<p><strong>Typ:<\/strong> RWD, 4Matic, AMG<\/p>\n<p><strong>Poloha: <\/strong>P\u0159edn\u00ed n\u00e1prava vpravo\/vlevo<\/p>\n<p><strong>V\u00fdrobce: <\/strong>OEM<\/p>\n<p><strong>Stav:\u00a0<\/strong>Nov\u00e9<\/p>\n<p><strong>Z\u00e1ruka:\u00a0<\/strong>2 roky<\/p>\n<p><strong>Dostupnost:<\/strong>\u00a0<span style=\"color: #00ff00;\"><strong>Skladem<\/strong><\/span><\/p>\n","protected":false},"featured_media":0,"template":"","meta":{"_et_pb_use_builder":"","_et_pb_old_content":"","_et_gb_content_width":""},"product_brand":[52],"product_cat":[573,333],"product_tag":[],"class_list":{"0":"post-101431","1":"product","2":"type-product","3":"status-publish","5":"product_brand-mercedes-benz","6":"product_cat-glc-x253-c253-2015-2023-cs","7":"product_cat-mercedes-benz-cs","9":"first","10":"instock","11":"shipping-taxable","12":"purchasable","13":"product-type-simple"},"yoast_head":"<!-- This site is optimized with the Yoast SEO Premium plugin v24.9 (Yoast SEO v27.1.1) - https:\/\/yoast.com\/product\/yoast-seo-premium-wordpress\/ -->\n<title>P\u0159edn\u00ed vzduchov\u00fd m\u011bch Mercedes Benz GLC-class X253\/C253<\/title>\n<meta name=\"description\" content=\"Nov\u00fd p\u0159edn\u00ed vzduchov\u00fd m\u011bch Mercedes Benz GLC-class X253 (2015-2023) a Mercedes Benz GLC Coup\u00e9-class C253 (2016-2023). V\u010detn\u011b v\u0161ech t\u011bsn\u011bn\u00ed a p\u0159\u00edslu\u0161enstv\u00ed. Pneumatick\u00fd m\u011bch je stejn\u00fd pro pravou i levou stranu. Ur\u010den pro modely se syst\u00e9mem AIRMATIC a tak\u00e9 modely AMG. OEM: A2533207900, A2133202100, A2533200338, A2533203700, A2533200438, A2533203800, A2533200801, A2533200901, A2533200400, A2533206300, A2533206901, A2533200501, A2533207001, A2533200401, A2533208000, A2133206300, A2533200101, A2533200701, A2533200601, A2533205700, A2533205800, A2533207901, A2533208001, A 2533207900, A 2133202100, A 2533200338, A 2533203700, A 2533200438, A 2533203800, A 2533200801, A 2533200901, A 2533200400, A 2533206300, A 2533206901, A 2533200501, A 2533207001, A 2533200401, A 2533208000, A 2133206300, A 2533200101, A 2533200701, A 2533200601, A 2533205700, A 2533205800, A 2533207901, A 2533208001, 2533207900, 2133202100, 2533200338, 2533203700, 2533200438, 2533203800, 2533200801, 2533200901, 2533200400, 2533206300, 2533206901, 2533200501, 2533207001, 2533200401, 2533208000, 2133206300, 2533200101, 2533200701, 2533200601, 2533205700, 2533205800, 2533207901, 2533208001\" \/>\n<meta name=\"robots\" content=\"index, follow, max-snippet:-1, max-image-preview:large, max-video-preview:-1\" \/>\n<link rel=\"canonical\" href=\"https:\/\/vzduchovetlmice.sk\/cs\/produkty\/predni-vzduchovy-mech-mercedes-benz-glc-class-x253-c253\/\" \/>\n<meta property=\"og:locale\" content=\"cs_CZ\" \/>\n<meta property=\"og:type\" content=\"article\" \/>\n<meta property=\"og:title\" content=\"P\u0159edn\u00ed vzduchov\u00fd m\u011bch Mercedes Benz GLC-class X253\/C253\" \/>\n<meta property=\"og:description\" content=\"Nov\u00fd p\u0159edn\u00ed vzduchov\u00fd m\u011bch Mercedes Benz GLC-class X253 (2015-2023) a Mercedes Benz GLC Coup\u00e9-class C253 (2016-2023). V\u010detn\u011b v\u0161ech t\u011bsn\u011bn\u00ed a p\u0159\u00edslu\u0161enstv\u00ed. Pneumatick\u00fd m\u011bch je stejn\u00fd pro pravou i levou stranu. Ur\u010den pro modely se syst\u00e9mem AIRMATIC a tak\u00e9 modely AMG. OEM: A2533207900, A2133202100, A2533200338, A2533203700, A2533200438, A2533203800, A2533200801, A2533200901, A2533200400, A2533206300, A2533206901, A2533200501, A2533207001, A2533200401, A2533208000, A2133206300, A2533200101, A2533200701, A2533200601, A2533205700, A2533205800, A2533207901, A2533208001, A 2533207900, A 2133202100, A 2533200338, A 2533203700, A 2533200438, A 2533203800, A 2533200801, A 2533200901, A 2533200400, A 2533206300, A 2533206901, A 2533200501, A 2533207001, A 2533200401, A 2533208000, A 2133206300, A 2533200101, A 2533200701, A 2533200601, A 2533205700, A 2533205800, A 2533207901, A 2533208001, 2533207900, 2133202100, 2533200338, 2533203700, 2533200438, 2533203800, 2533200801, 2533200901, 2533200400, 2533206300, 2533206901, 2533200501, 2533207001, 2533200401, 2533208000, 2133206300, 2533200101, 2533200701, 2533200601, 2533205700, 2533205800, 2533207901, 2533208001\" \/>\n<meta property=\"og:url\" content=\"https:\/\/vzduchovetlmice.sk\/cs\/produkty\/predni-vzduchovy-mech-mercedes-benz-glc-class-x253-c253\/\" \/>\n<meta property=\"og:site_name\" content=\"VzduchoveTlmice.sk\" \/>\n<meta property=\"article:modified_time\" content=\"2025-11-20T11:03:08+00:00\" \/>\n<meta name=\"twitter:card\" content=\"summary_large_image\" \/>\n<meta name=\"twitter:label1\" content=\"Odhadovan\u00e1 doba \u010dten\u00ed\" \/>\n\t<meta name=\"twitter:data1\" content=\"1 minuta\" \/>\n<script type=\"application\/ld+json\" class=\"yoast-schema-graph\">{\"@context\":\"https:\/\/schema.org\",\"@graph\":[{\"@type\":\"WebPage\",\"@id\":\"https:\/\/vzduchovetlmice.sk\/cs\/produkty\/predni-vzduchovy-mech-mercedes-benz-glc-class-x253-c253\/\",\"url\":\"https:\/\/vzduchovetlmice.sk\/cs\/produkty\/predni-vzduchovy-mech-mercedes-benz-glc-class-x253-c253\/\",\"name\":\"P\u0159edn\u00ed vzduchov\u00fd m\u011bch Mercedes Benz GLC-class X253\/C253\",\"isPartOf\":{\"@id\":\"https:\/\/vzduchovetlmice.sk\/#website\"},\"datePublished\":\"2025-06-19T10:25:40+00:00\",\"dateModified\":\"2025-11-20T11:03:08+00:00\",\"description\":\"Nov\u00fd p\u0159edn\u00ed vzduchov\u00fd m\u011bch Mercedes Benz GLC-class X253 (2015-2023) a Mercedes Benz GLC Coup\u00e9-class C253 (2016-2023). V\u010detn\u011b v\u0161ech t\u011bsn\u011bn\u00ed a p\u0159\u00edslu\u0161enstv\u00ed. Pneumatick\u00fd m\u011bch je stejn\u00fd pro pravou i levou stranu. Ur\u010den pro modely se syst\u00e9mem AIRMATIC a tak\u00e9 modely AMG. OEM: A2533207900, A2133202100, A2533200338, A2533203700, A2533200438, A2533203800, A2533200801, A2533200901, A2533200400, A2533206300, A2533206901, A2533200501, A2533207001, A2533200401, A2533208000, A2133206300, A2533200101, A2533200701, A2533200601, A2533205700, A2533205800, A2533207901, A2533208001, A 2533207900, A 2133202100, A 2533200338, A 2533203700, A 2533200438, A 2533203800, A 2533200801, A 2533200901, A 2533200400, A 2533206300, A 2533206901, A 2533200501, A 2533207001, A 2533200401, A 2533208000, A 2133206300, A 2533200101, A 2533200701, A 2533200601, A 2533205700, A 2533205800, A 2533207901, A 2533208001, 2533207900, 2133202100, 2533200338, 2533203700, 2533200438, 2533203800, 2533200801, 2533200901, 2533200400, 2533206300, 2533206901, 2533200501, 2533207001, 2533200401, 2533208000, 2133206300, 2533200101, 2533200701, 2533200601, 2533205700, 2533205800, 2533207901, 2533208001\",\"breadcrumb\":{\"@id\":\"https:\/\/vzduchovetlmice.sk\/cs\/produkty\/predni-vzduchovy-mech-mercedes-benz-glc-class-x253-c253\/#breadcrumb\"},\"inLanguage\":\"cs\",\"potentialAction\":[{\"@type\":\"ReadAction\",\"target\":[\"https:\/\/vzduchovetlmice.sk\/cs\/produkty\/predni-vzduchovy-mech-mercedes-benz-glc-class-x253-c253\/\"]}]},{\"@type\":\"BreadcrumbList\",\"@id\":\"https:\/\/vzduchovetlmice.sk\/cs\/produkty\/predni-vzduchovy-mech-mercedes-benz-glc-class-x253-c253\/#breadcrumb\",\"itemListElement\":[{\"@type\":\"ListItem\",\"position\":1,\"name\":\"Domovsk\u00e1 str\u00e1nka\",\"item\":\"https:\/\/vzduchovetlmice.sk\/\"},{\"@type\":\"ListItem\",\"position\":2,\"name\":\"Obchod\",\"item\":\"https:\/\/vzduchovetlmice.sk\/obchod\/\"},{\"@type\":\"ListItem\",\"position\":3,\"name\":\"P\u0159edn\u00ed vzduchov\u00fd m\u011bch Mercedes Benz GLC-class X253\/C253\"}]},{\"@type\":\"WebSite\",\"@id\":\"https:\/\/vzduchovetlmice.sk\/#website\",\"url\":\"https:\/\/vzduchovetlmice.sk\/\",\"name\":\"VzduchoveTlmice.sk\",\"description\":\"predaj dielov pre vzduchov\u00fd podvozok\",\"potentialAction\":[{\"@type\":\"SearchAction\",\"target\":{\"@type\":\"EntryPoint\",\"urlTemplate\":\"https:\/\/vzduchovetlmice.sk\/?s={search_term_string}\"},\"query-input\":{\"@type\":\"PropertyValueSpecification\",\"valueRequired\":true,\"valueName\":\"search_term_string\"}}],\"inLanguage\":\"cs\"}]}<\/script>\n<!-- \/ Yoast SEO Premium plugin. -->","yoast_head_json":{"title":"P\u0159edn\u00ed vzduchov\u00fd m\u011bch Mercedes Benz GLC-class X253\/C253","description":"Nov\u00fd p\u0159edn\u00ed vzduchov\u00fd m\u011bch Mercedes Benz GLC-class X253 (2015-2023) a Mercedes Benz GLC Coup\u00e9-class C253 (2016-2023). V\u010detn\u011b v\u0161ech t\u011bsn\u011bn\u00ed a p\u0159\u00edslu\u0161enstv\u00ed. Pneumatick\u00fd m\u011bch je stejn\u00fd pro pravou i levou stranu. Ur\u010den pro modely se syst\u00e9mem AIRMATIC a tak\u00e9 modely AMG. OEM: A2533207900, A2133202100, A2533200338, A2533203700, A2533200438, A2533203800, A2533200801, A2533200901, A2533200400, A2533206300, A2533206901, A2533200501, A2533207001, A2533200401, A2533208000, A2133206300, A2533200101, A2533200701, A2533200601, A2533205700, A2533205800, A2533207901, A2533208001, A 2533207900, A 2133202100, A 2533200338, A 2533203700, A 2533200438, A 2533203800, A 2533200801, A 2533200901, A 2533200400, A 2533206300, A 2533206901, A 2533200501, A 2533207001, A 2533200401, A 2533208000, A 2133206300, A 2533200101, A 2533200701, A 2533200601, A 2533205700, A 2533205800, A 2533207901, A 2533208001, 2533207900, 2133202100, 2533200338, 2533203700, 2533200438, 2533203800, 2533200801, 2533200901, 2533200400, 2533206300, 2533206901, 2533200501, 2533207001, 2533200401, 2533208000, 2133206300, 2533200101, 2533200701, 2533200601, 2533205700, 2533205800, 2533207901, 2533208001","robots":{"index":"index","follow":"follow","max-snippet":"max-snippet:-1","max-image-preview":"max-image-preview:large","max-video-preview":"max-video-preview:-1"},"canonical":"https:\/\/vzduchovetlmice.sk\/cs\/produkty\/predni-vzduchovy-mech-mercedes-benz-glc-class-x253-c253\/","og_locale":"cs_CZ","og_type":"article","og_title":"P\u0159edn\u00ed vzduchov\u00fd m\u011bch Mercedes Benz GLC-class X253\/C253","og_description":"Nov\u00fd p\u0159edn\u00ed vzduchov\u00fd m\u011bch Mercedes Benz GLC-class X253 (2015-2023) a Mercedes Benz GLC Coup\u00e9-class C253 (2016-2023). V\u010detn\u011b v\u0161ech t\u011bsn\u011bn\u00ed a p\u0159\u00edslu\u0161enstv\u00ed. Pneumatick\u00fd m\u011bch je stejn\u00fd pro pravou i levou stranu. Ur\u010den pro modely se syst\u00e9mem AIRMATIC a tak\u00e9 modely AMG. OEM: A2533207900, A2133202100, A2533200338, A2533203700, A2533200438, A2533203800, A2533200801, A2533200901, A2533200400, A2533206300, A2533206901, A2533200501, A2533207001, A2533200401, A2533208000, A2133206300, A2533200101, A2533200701, A2533200601, A2533205700, A2533205800, A2533207901, A2533208001, A 2533207900, A 2133202100, A 2533200338, A 2533203700, A 2533200438, A 2533203800, A 2533200801, A 2533200901, A 2533200400, A 2533206300, A 2533206901, A 2533200501, A 2533207001, A 2533200401, A 2533208000, A 2133206300, A 2533200101, A 2533200701, A 2533200601, A 2533205700, A 2533205800, A 2533207901, A 2533208001, 2533207900, 2133202100, 2533200338, 2533203700, 2533200438, 2533203800, 2533200801, 2533200901, 2533200400, 2533206300, 2533206901, 2533200501, 2533207001, 2533200401, 2533208000, 2133206300, 2533200101, 2533200701, 2533200601, 2533205700, 2533205800, 2533207901, 2533208001","og_url":"https:\/\/vzduchovetlmice.sk\/cs\/produkty\/predni-vzduchovy-mech-mercedes-benz-glc-class-x253-c253\/","og_site_name":"VzduchoveTlmice.sk","article_modified_time":"2025-11-20T11:03:08+00:00","twitter_card":"summary_large_image","twitter_misc":{"Odhadovan\u00e1 doba \u010dten\u00ed":"1 minuta"},"schema":{"@context":"https:\/\/schema.org","@graph":[{"@type":"WebPage","@id":"https:\/\/vzduchovetlmice.sk\/cs\/produkty\/predni-vzduchovy-mech-mercedes-benz-glc-class-x253-c253\/","url":"https:\/\/vzduchovetlmice.sk\/cs\/produkty\/predni-vzduchovy-mech-mercedes-benz-glc-class-x253-c253\/","name":"P\u0159edn\u00ed vzduchov\u00fd m\u011bch Mercedes Benz GLC-class X253\/C253","isPartOf":{"@id":"https:\/\/vzduchovetlmice.sk\/#website"},"datePublished":"2025-06-19T10:25:40+00:00","dateModified":"2025-11-20T11:03:08+00:00","description":"Nov\u00fd p\u0159edn\u00ed vzduchov\u00fd m\u011bch Mercedes Benz GLC-class X253 (2015-2023) a Mercedes Benz GLC Coup\u00e9-class C253 (2016-2023). V\u010detn\u011b v\u0161ech t\u011bsn\u011bn\u00ed a p\u0159\u00edslu\u0161enstv\u00ed. Pneumatick\u00fd m\u011bch je stejn\u00fd pro pravou i levou stranu. Ur\u010den pro modely se syst\u00e9mem AIRMATIC a tak\u00e9 modely AMG. OEM: A2533207900, A2133202100, A2533200338, A2533203700, A2533200438, A2533203800, A2533200801, A2533200901, A2533200400, A2533206300, A2533206901, A2533200501, A2533207001, A2533200401, A2533208000, A2133206300, A2533200101, A2533200701, A2533200601, A2533205700, A2533205800, A2533207901, A2533208001, A 2533207900, A 2133202100, A 2533200338, A 2533203700, A 2533200438, A 2533203800, A 2533200801, A 2533200901, A 2533200400, A 2533206300, A 2533206901, A 2533200501, A 2533207001, A 2533200401, A 2533208000, A 2133206300, A 2533200101, A 2533200701, A 2533200601, A 2533205700, A 2533205800, A 2533207901, A 2533208001, 2533207900, 2133202100, 2533200338, 2533203700, 2533200438, 2533203800, 2533200801, 2533200901, 2533200400, 2533206300, 2533206901, 2533200501, 2533207001, 2533200401, 2533208000, 2133206300, 2533200101, 2533200701, 2533200601, 2533205700, 2533205800, 2533207901, 2533208001","breadcrumb":{"@id":"https:\/\/vzduchovetlmice.sk\/cs\/produkty\/predni-vzduchovy-mech-mercedes-benz-glc-class-x253-c253\/#breadcrumb"},"inLanguage":"cs","potentialAction":[{"@type":"ReadAction","target":["https:\/\/vzduchovetlmice.sk\/cs\/produkty\/predni-vzduchovy-mech-mercedes-benz-glc-class-x253-c253\/"]}]},{"@type":"BreadcrumbList","@id":"https:\/\/vzduchovetlmice.sk\/cs\/produkty\/predni-vzduchovy-mech-mercedes-benz-glc-class-x253-c253\/#breadcrumb","itemListElement":[{"@type":"ListItem","position":1,"name":"Domovsk\u00e1 str\u00e1nka","item":"https:\/\/vzduchovetlmice.sk\/"},{"@type":"ListItem","position":2,"name":"Obchod","item":"https:\/\/vzduchovetlmice.sk\/obchod\/"},{"@type":"ListItem","position":3,"name":"P\u0159edn\u00ed vzduchov\u00fd m\u011bch Mercedes Benz GLC-class X253\/C253"}]},{"@type":"WebSite","@id":"https:\/\/vzduchovetlmice.sk\/#website","url":"https:\/\/vzduchovetlmice.sk\/","name":"VzduchoveTlmice.sk","description":"predaj dielov pre vzduchov\u00fd podvozok","potentialAction":[{"@type":"SearchAction","target":{"@type":"EntryPoint","urlTemplate":"https:\/\/vzduchovetlmice.sk\/?s={search_term_string}"},"query-input":{"@type":"PropertyValueSpecification","valueRequired":true,"valueName":"search_term_string"}}],"inLanguage":"cs"}]}},"_links":{"self":[{"href":"https:\/\/vzduchovetlmice.sk\/cs\/wp-json\/wp\/v2\/product\/101431","targetHints":{"allow":["GET"]}}],"collection":[{"href":"https:\/\/vzduchovetlmice.sk\/cs\/wp-json\/wp\/v2\/product"}],"about":[{"href":"https:\/\/vzduchovetlmice.sk\/cs\/wp-json\/wp\/v2\/types\/product"}],"wp:attachment":[{"href":"https:\/\/vzduchovetlmice.sk\/cs\/wp-json\/wp\/v2\/media?parent=101431"}],"wp:term":[{"taxonomy":"product_brand","embeddable":true,"href":"https:\/\/vzduchovetlmice.sk\/cs\/wp-json\/wp\/v2\/product_brand?post=101431"},{"taxonomy":"product_cat","embeddable":true,"href":"https:\/\/vzduchovetlmice.sk\/cs\/wp-json\/wp\/v2\/product_cat?post=101431"},{"taxonomy":"product_tag","embeddable":true,"href":"https:\/\/vzduchovetlmice.sk\/cs\/wp-json\/wp\/v2\/product_tag?post=101431"}],"curies":[{"name":"wp","href":"https:\/\/api.w.org\/{rel}","templated":true}]}}