{"id":101435,"date":"2025-06-19T11:10:11","date_gmt":"2025-06-19T11:10:11","guid":{"rendered":"https:\/\/vzduchovetlmice.sk\/?post_type=product&#038;p=101435"},"modified":"2025-11-20T10:59:43","modified_gmt":"2025-11-20T10:59:43","slug":"predni-vzduchovy-mech-mercedes-benz-gl-class-x164","status":"publish","type":"product","link":"https:\/\/vzduchovetlmice.sk\/cs\/produkty\/predni-vzduchovy-mech-mercedes-benz-gl-class-x164\/","title":{"rendered":"P\u0159edn\u00ed vzduchov\u00fd m\u011bch Mercedes Benz GL-class X164"},"content":{"rendered":"<h3><strong>Dal\u0161\u00ed informace:<\/strong><\/h3>\n<p>Nov\u00fd p\u0159edn\u00ed vzduchov\u00fd m\u011bch Mercedes Benz GL-class X164 (2006 \u2013 2012).<\/p>\n<p>V\u010detn\u011b v\u0161ech t\u011bsn\u011bn\u00ed a p\u0159\u00edslu\u0161enstv\u00ed.<\/p>\n<p>Pneumatick\u00fd m\u011bch je stejn\u00fd pro pravou i levou stranu.<\/p>\n<p>Ur\u010den pro modely se syst\u00e9mem AIRMATIC a tak\u00e9 modely AMG.<\/p>\n<h4><strong>Origin\u00e1ln\u00ed v\u00fdrobn\u00ed \u010d\u00edsla (OEM): <\/strong><\/h4>\n<p>A1643206113, A1643204313, A1643204413, A1643205813, A1643205913, A1643206013, A164320581380, A1643204513, A164320591380, A164320601380, A164320591339, A164320601339, A164320581339, A164320601370, A1643202213, A164320581370, A1643204613, A164320521380, A1643205213, A1643201213, A164320611380, A164320611339, A 1643206113, A 1643204313, A 1643204413, A 1643205813, A 1643205913, A 1643206013, A 164320581380, A 1643204513, A 164320591380, A 164320601380, A 164320591339, A 164320601339, A 164320581339, A 164320601370, A 1643202213, A 164320581370, A 1643204613, A 164320521380, A 1643205213, A 1643201213, A 164320611380, A 164320611339, 1643206113, 1643204313, 1643204413, 1643205813, 1643205913, 1643206013, 164320581380, 1643204513, 164320591380, 164320601380, 164320591339, 164320601339, 164320581339, 164320601370, 1643202213, 164320581370, 1643204613, 164320521380, 1643205213, 1643201213, 164320611380, 164320611339,\u00a0A-2575<\/p>\n<div class=\"product-position-wrapper\">\n<div class=\"product-position icon-car-stroke front-right front-left\"><\/div>\n<\/div>\n","protected":false},"excerpt":{"rendered":"<p><strong>Zna\u010dka: <\/strong>Mercedes Benz<\/p>\n<p><strong>Model:<\/strong> GL -class X164 (2006 \u2013 2012)<\/p>\n<p><strong>Typ:<\/strong> RWD, 4Matic, AMG<\/p>\n<p><strong>Poloha: <\/strong>P\u0159edn\u00ed n\u00e1prava vpravo\/vlevo<\/p>\n<p><strong>V\u00fdrobce: <\/strong>OEM<\/p>\n<p><strong>Stav:\u00a0<\/strong>Nov\u00e9<\/p>\n<p><strong>Z\u00e1ruka:\u00a0<\/strong>2 roky<\/p>\n<p><strong>Dostupnost:<\/strong>\u00a0<span style=\"color: #00ff00;\"><strong>Skladem<\/strong><\/span><\/p>\n","protected":false},"featured_media":103487,"template":"","meta":{"_et_pb_use_builder":"","_et_pb_old_content":"","_et_gb_content_width":""},"product_brand":[52],"product_cat":[564,333],"product_tag":[],"class_list":{"0":"post-101435","1":"product","2":"type-product","3":"status-publish","4":"has-post-thumbnail","6":"product_brand-mercedes-benz","7":"product_cat-gl-x164-2006-2012-cs","8":"product_cat-mercedes-benz-cs","10":"first","11":"instock","12":"shipping-taxable","13":"purchasable","14":"product-type-simple"},"yoast_head":"<!-- This site is optimized with the Yoast SEO Premium plugin v24.9 (Yoast SEO v27.1.1) - https:\/\/yoast.com\/product\/yoast-seo-premium-wordpress\/ -->\n<title>P\u0159edn\u00ed vzduchov\u00fd m\u011bch Mercedes Benz GL-class X164<\/title>\n<meta name=\"description\" content=\"Nov\u00fd p\u0159edn\u00ed vzduchov\u00fd m\u011bch Mercedes Benz GL-class X164 (2006 \u2013 2012). V\u010detn\u011b v\u0161ech t\u011bsn\u011bn\u00ed a p\u0159\u00edslu\u0161enstv\u00ed. Pneumatick\u00fd m\u011bch je stejn\u00fd pro pravou i levou stranu. Ur\u010den pro modely se syst\u00e9mem AIRMATIC a tak\u00e9 modely AMG.\u00a0OEM: A1643206113, A1643204313, A1643204413, A1643205813, A1643205913, A1643206013, A164320581380, A1643204513, A164320591380, A164320601380, A164320591339, A164320601339, A164320581339, A164320601370, A1643202213, A164320581370, A1643204613, A164320521380, A1643205213, A1643201213, A164320611380, A164320611339, A 1643206113, A 1643204313, A 1643204413, A 1643205813, A 1643205913, A 1643206013, A 164320581380, A 1643204513, A 164320591380, A 164320601380, A 164320591339, A 164320601339, A 164320581339, A 164320601370, A 1643202213, A 164320581370, A 1643204613, A 164320521380, A 1643205213, A 1643201213, A 164320611380, A 164320611339, 1643206113, 1643204313, 1643204413, 1643205813, 1643205913, 1643206013, 164320581380, 1643204513, 164320591380, 164320601380, 164320591339, 164320601339, 164320581339, 164320601370, 1643202213, 164320581370, 1643204613, 164320521380, 1643205213, 1643201213, 164320611380, 164320611339,\u00a0A-2575\" \/>\n<meta name=\"robots\" content=\"index, follow, max-snippet:-1, max-image-preview:large, max-video-preview:-1\" \/>\n<link rel=\"canonical\" href=\"https:\/\/vzduchovetlmice.sk\/cs\/produkty\/predni-vzduchovy-mech-mercedes-benz-gl-class-x164\/\" \/>\n<meta property=\"og:locale\" content=\"cs_CZ\" \/>\n<meta property=\"og:type\" content=\"article\" \/>\n<meta property=\"og:title\" content=\"P\u0159edn\u00ed vzduchov\u00fd m\u011bch Mercedes Benz GL-class X164\" \/>\n<meta property=\"og:description\" content=\"Nov\u00fd p\u0159edn\u00ed vzduchov\u00fd m\u011bch Mercedes Benz GL-class X164 (2006 \u2013 2012). V\u010detn\u011b v\u0161ech t\u011bsn\u011bn\u00ed a p\u0159\u00edslu\u0161enstv\u00ed. Pneumatick\u00fd m\u011bch je stejn\u00fd pro pravou i levou stranu. Ur\u010den pro modely se syst\u00e9mem AIRMATIC a tak\u00e9 modely AMG.\u00a0OEM: A1643206113, A1643204313, A1643204413, A1643205813, A1643205913, A1643206013, A164320581380, A1643204513, A164320591380, A164320601380, A164320591339, A164320601339, A164320581339, A164320601370, A1643202213, A164320581370, A1643204613, A164320521380, A1643205213, A1643201213, A164320611380, A164320611339, A 1643206113, A 1643204313, A 1643204413, A 1643205813, A 1643205913, A 1643206013, A 164320581380, A 1643204513, A 164320591380, A 164320601380, A 164320591339, A 164320601339, A 164320581339, A 164320601370, A 1643202213, A 164320581370, A 1643204613, A 164320521380, A 1643205213, A 1643201213, A 164320611380, A 164320611339, 1643206113, 1643204313, 1643204413, 1643205813, 1643205913, 1643206013, 164320581380, 1643204513, 164320591380, 164320601380, 164320591339, 164320601339, 164320581339, 164320601370, 1643202213, 164320581370, 1643204613, 164320521380, 1643205213, 1643201213, 164320611380, 164320611339,\u00a0A-2575\" \/>\n<meta property=\"og:url\" content=\"https:\/\/vzduchovetlmice.sk\/cs\/produkty\/predni-vzduchovy-mech-mercedes-benz-gl-class-x164\/\" \/>\n<meta property=\"og:site_name\" content=\"VzduchoveTlmice.sk\" \/>\n<meta property=\"article:modified_time\" content=\"2025-11-20T10:59:43+00:00\" \/>\n<meta property=\"og:image\" content=\"https:\/\/vzduchovetlmice.sk\/wp-content\/uploads\/2025\/06\/Predny-vzduchovy-vankus-Mercedes-Benz-GL-class-X164-A1643206113-A1643204313-A1643204413-A1643205813-A1643205913-A1643206013.jpg\" \/>\n\t<meta property=\"og:image:width\" content=\"1000\" \/>\n\t<meta property=\"og:image:height\" content=\"1000\" \/>\n\t<meta property=\"og:image:type\" content=\"image\/jpeg\" \/>\n<meta name=\"twitter:card\" content=\"summary_large_image\" \/>\n<meta name=\"twitter:label1\" content=\"Odhadovan\u00e1 doba \u010dten\u00ed\" \/>\n\t<meta name=\"twitter:data1\" content=\"1 minuta\" \/>\n<script type=\"application\/ld+json\" class=\"yoast-schema-graph\">{\"@context\":\"https:\/\/schema.org\",\"@graph\":[{\"@type\":\"WebPage\",\"@id\":\"https:\/\/vzduchovetlmice.sk\/cs\/produkty\/predni-vzduchovy-mech-mercedes-benz-gl-class-x164\/\",\"url\":\"https:\/\/vzduchovetlmice.sk\/cs\/produkty\/predni-vzduchovy-mech-mercedes-benz-gl-class-x164\/\",\"name\":\"P\u0159edn\u00ed vzduchov\u00fd m\u011bch Mercedes Benz GL-class X164\",\"isPartOf\":{\"@id\":\"https:\/\/vzduchovetlmice.sk\/#website\"},\"primaryImageOfPage\":{\"@id\":\"https:\/\/vzduchovetlmice.sk\/cs\/produkty\/predni-vzduchovy-mech-mercedes-benz-gl-class-x164\/#primaryimage\"},\"image\":{\"@id\":\"https:\/\/vzduchovetlmice.sk\/cs\/produkty\/predni-vzduchovy-mech-mercedes-benz-gl-class-x164\/#primaryimage\"},\"thumbnailUrl\":\"https:\/\/vzduchovetlmice.sk\/wp-content\/uploads\/2025\/06\/Predny-vzduchovy-vankus-Mercedes-Benz-GL-class-X164-A1643206113-A1643204313-A1643204413-A1643205813-A1643205913-A1643206013.jpg\",\"datePublished\":\"2025-06-19T11:10:11+00:00\",\"dateModified\":\"2025-11-20T10:59:43+00:00\",\"description\":\"Nov\u00fd p\u0159edn\u00ed vzduchov\u00fd m\u011bch Mercedes Benz GL-class X164 (2006 \u2013 2012). V\u010detn\u011b v\u0161ech t\u011bsn\u011bn\u00ed a p\u0159\u00edslu\u0161enstv\u00ed. Pneumatick\u00fd m\u011bch je stejn\u00fd pro pravou i levou stranu. Ur\u010den pro modely se syst\u00e9mem AIRMATIC a tak\u00e9 modely AMG.\u00a0OEM: A1643206113, A1643204313, A1643204413, A1643205813, A1643205913, A1643206013, A164320581380, A1643204513, A164320591380, A164320601380, A164320591339, A164320601339, A164320581339, A164320601370, A1643202213, A164320581370, A1643204613, A164320521380, A1643205213, A1643201213, A164320611380, A164320611339, A 1643206113, A 1643204313, A 1643204413, A 1643205813, A 1643205913, A 1643206013, A 164320581380, A 1643204513, A 164320591380, A 164320601380, A 164320591339, A 164320601339, A 164320581339, A 164320601370, A 1643202213, A 164320581370, A 1643204613, A 164320521380, A 1643205213, A 1643201213, A 164320611380, A 164320611339, 1643206113, 1643204313, 1643204413, 1643205813, 1643205913, 1643206013, 164320581380, 1643204513, 164320591380, 164320601380, 164320591339, 164320601339, 164320581339, 164320601370, 1643202213, 164320581370, 1643204613, 164320521380, 1643205213, 1643201213, 164320611380, 164320611339,\u00a0A-2575\",\"breadcrumb\":{\"@id\":\"https:\/\/vzduchovetlmice.sk\/cs\/produkty\/predni-vzduchovy-mech-mercedes-benz-gl-class-x164\/#breadcrumb\"},\"inLanguage\":\"cs\",\"potentialAction\":[{\"@type\":\"ReadAction\",\"target\":[\"https:\/\/vzduchovetlmice.sk\/cs\/produkty\/predni-vzduchovy-mech-mercedes-benz-gl-class-x164\/\"]}]},{\"@type\":\"ImageObject\",\"inLanguage\":\"cs\",\"@id\":\"https:\/\/vzduchovetlmice.sk\/cs\/produkty\/predni-vzduchovy-mech-mercedes-benz-gl-class-x164\/#primaryimage\",\"url\":\"https:\/\/vzduchovetlmice.sk\/wp-content\/uploads\/2025\/06\/Predny-vzduchovy-vankus-Mercedes-Benz-GL-class-X164-A1643206113-A1643204313-A1643204413-A1643205813-A1643205913-A1643206013.jpg\",\"contentUrl\":\"https:\/\/vzduchovetlmice.sk\/wp-content\/uploads\/2025\/06\/Predny-vzduchovy-vankus-Mercedes-Benz-GL-class-X164-A1643206113-A1643204313-A1643204413-A1643205813-A1643205913-A1643206013.jpg\",\"width\":1000,\"height\":1000,\"caption\":\"Predn\u00fd vzduchov\u00fd vank\u00fa\u0161 Mercedes Benz GL-class X164, A1643206113, A1643204313, A1643204413, A1643205813, A1643205913, A1643206013\"},{\"@type\":\"BreadcrumbList\",\"@id\":\"https:\/\/vzduchovetlmice.sk\/cs\/produkty\/predni-vzduchovy-mech-mercedes-benz-gl-class-x164\/#breadcrumb\",\"itemListElement\":[{\"@type\":\"ListItem\",\"position\":1,\"name\":\"Domovsk\u00e1 str\u00e1nka\",\"item\":\"https:\/\/vzduchovetlmice.sk\/\"},{\"@type\":\"ListItem\",\"position\":2,\"name\":\"Obchod\",\"item\":\"https:\/\/vzduchovetlmice.sk\/obchod\/\"},{\"@type\":\"ListItem\",\"position\":3,\"name\":\"P\u0159edn\u00ed vzduchov\u00fd m\u011bch Mercedes Benz GL-class X164\"}]},{\"@type\":\"WebSite\",\"@id\":\"https:\/\/vzduchovetlmice.sk\/#website\",\"url\":\"https:\/\/vzduchovetlmice.sk\/\",\"name\":\"VzduchoveTlmice.sk\",\"description\":\"predaj dielov pre vzduchov\u00fd podvozok\",\"potentialAction\":[{\"@type\":\"SearchAction\",\"target\":{\"@type\":\"EntryPoint\",\"urlTemplate\":\"https:\/\/vzduchovetlmice.sk\/?s={search_term_string}\"},\"query-input\":{\"@type\":\"PropertyValueSpecification\",\"valueRequired\":true,\"valueName\":\"search_term_string\"}}],\"inLanguage\":\"cs\"}]}<\/script>\n<!-- \/ Yoast SEO Premium plugin. -->","yoast_head_json":{"title":"P\u0159edn\u00ed vzduchov\u00fd m\u011bch Mercedes Benz GL-class X164","description":"Nov\u00fd p\u0159edn\u00ed vzduchov\u00fd m\u011bch Mercedes Benz GL-class X164 (2006 \u2013 2012). V\u010detn\u011b v\u0161ech t\u011bsn\u011bn\u00ed a p\u0159\u00edslu\u0161enstv\u00ed. Pneumatick\u00fd m\u011bch je stejn\u00fd pro pravou i levou stranu. Ur\u010den pro modely se syst\u00e9mem AIRMATIC a tak\u00e9 modely AMG.\u00a0OEM: A1643206113, A1643204313, A1643204413, A1643205813, A1643205913, A1643206013, A164320581380, A1643204513, A164320591380, A164320601380, A164320591339, A164320601339, A164320581339, A164320601370, A1643202213, A164320581370, A1643204613, A164320521380, A1643205213, A1643201213, A164320611380, A164320611339, A 1643206113, A 1643204313, A 1643204413, A 1643205813, A 1643205913, A 1643206013, A 164320581380, A 1643204513, A 164320591380, A 164320601380, A 164320591339, A 164320601339, A 164320581339, A 164320601370, A 1643202213, A 164320581370, A 1643204613, A 164320521380, A 1643205213, A 1643201213, A 164320611380, A 164320611339, 1643206113, 1643204313, 1643204413, 1643205813, 1643205913, 1643206013, 164320581380, 1643204513, 164320591380, 164320601380, 164320591339, 164320601339, 164320581339, 164320601370, 1643202213, 164320581370, 1643204613, 164320521380, 1643205213, 1643201213, 164320611380, 164320611339,\u00a0A-2575","robots":{"index":"index","follow":"follow","max-snippet":"max-snippet:-1","max-image-preview":"max-image-preview:large","max-video-preview":"max-video-preview:-1"},"canonical":"https:\/\/vzduchovetlmice.sk\/cs\/produkty\/predni-vzduchovy-mech-mercedes-benz-gl-class-x164\/","og_locale":"cs_CZ","og_type":"article","og_title":"P\u0159edn\u00ed vzduchov\u00fd m\u011bch Mercedes Benz GL-class X164","og_description":"Nov\u00fd p\u0159edn\u00ed vzduchov\u00fd m\u011bch Mercedes Benz GL-class X164 (2006 \u2013 2012). V\u010detn\u011b v\u0161ech t\u011bsn\u011bn\u00ed a p\u0159\u00edslu\u0161enstv\u00ed. Pneumatick\u00fd m\u011bch je stejn\u00fd pro pravou i levou stranu. Ur\u010den pro modely se syst\u00e9mem AIRMATIC a tak\u00e9 modely AMG.\u00a0OEM: A1643206113, A1643204313, A1643204413, A1643205813, A1643205913, A1643206013, A164320581380, A1643204513, A164320591380, A164320601380, A164320591339, A164320601339, A164320581339, A164320601370, A1643202213, A164320581370, A1643204613, A164320521380, A1643205213, A1643201213, A164320611380, A164320611339, A 1643206113, A 1643204313, A 1643204413, A 1643205813, A 1643205913, A 1643206013, A 164320581380, A 1643204513, A 164320591380, A 164320601380, A 164320591339, A 164320601339, A 164320581339, A 164320601370, A 1643202213, A 164320581370, A 1643204613, A 164320521380, A 1643205213, A 1643201213, A 164320611380, A 164320611339, 1643206113, 1643204313, 1643204413, 1643205813, 1643205913, 1643206013, 164320581380, 1643204513, 164320591380, 164320601380, 164320591339, 164320601339, 164320581339, 164320601370, 1643202213, 164320581370, 1643204613, 164320521380, 1643205213, 1643201213, 164320611380, 164320611339,\u00a0A-2575","og_url":"https:\/\/vzduchovetlmice.sk\/cs\/produkty\/predni-vzduchovy-mech-mercedes-benz-gl-class-x164\/","og_site_name":"VzduchoveTlmice.sk","article_modified_time":"2025-11-20T10:59:43+00:00","og_image":[{"width":1000,"height":1000,"url":"https:\/\/vzduchovetlmice.sk\/wp-content\/uploads\/2025\/06\/Predny-vzduchovy-vankus-Mercedes-Benz-GL-class-X164-A1643206113-A1643204313-A1643204413-A1643205813-A1643205913-A1643206013.jpg","type":"image\/jpeg"}],"twitter_card":"summary_large_image","twitter_misc":{"Odhadovan\u00e1 doba \u010dten\u00ed":"1 minuta"},"schema":{"@context":"https:\/\/schema.org","@graph":[{"@type":"WebPage","@id":"https:\/\/vzduchovetlmice.sk\/cs\/produkty\/predni-vzduchovy-mech-mercedes-benz-gl-class-x164\/","url":"https:\/\/vzduchovetlmice.sk\/cs\/produkty\/predni-vzduchovy-mech-mercedes-benz-gl-class-x164\/","name":"P\u0159edn\u00ed vzduchov\u00fd m\u011bch Mercedes Benz GL-class X164","isPartOf":{"@id":"https:\/\/vzduchovetlmice.sk\/#website"},"primaryImageOfPage":{"@id":"https:\/\/vzduchovetlmice.sk\/cs\/produkty\/predni-vzduchovy-mech-mercedes-benz-gl-class-x164\/#primaryimage"},"image":{"@id":"https:\/\/vzduchovetlmice.sk\/cs\/produkty\/predni-vzduchovy-mech-mercedes-benz-gl-class-x164\/#primaryimage"},"thumbnailUrl":"https:\/\/vzduchovetlmice.sk\/wp-content\/uploads\/2025\/06\/Predny-vzduchovy-vankus-Mercedes-Benz-GL-class-X164-A1643206113-A1643204313-A1643204413-A1643205813-A1643205913-A1643206013.jpg","datePublished":"2025-06-19T11:10:11+00:00","dateModified":"2025-11-20T10:59:43+00:00","description":"Nov\u00fd p\u0159edn\u00ed vzduchov\u00fd m\u011bch Mercedes Benz GL-class X164 (2006 \u2013 2012). V\u010detn\u011b v\u0161ech t\u011bsn\u011bn\u00ed a p\u0159\u00edslu\u0161enstv\u00ed. Pneumatick\u00fd m\u011bch je stejn\u00fd pro pravou i levou stranu. Ur\u010den pro modely se syst\u00e9mem AIRMATIC a tak\u00e9 modely AMG.\u00a0OEM: A1643206113, A1643204313, A1643204413, A1643205813, A1643205913, A1643206013, A164320581380, A1643204513, A164320591380, A164320601380, A164320591339, A164320601339, A164320581339, A164320601370, A1643202213, A164320581370, A1643204613, A164320521380, A1643205213, A1643201213, A164320611380, A164320611339, A 1643206113, A 1643204313, A 1643204413, A 1643205813, A 1643205913, A 1643206013, A 164320581380, A 1643204513, A 164320591380, A 164320601380, A 164320591339, A 164320601339, A 164320581339, A 164320601370, A 1643202213, A 164320581370, A 1643204613, A 164320521380, A 1643205213, A 1643201213, A 164320611380, A 164320611339, 1643206113, 1643204313, 1643204413, 1643205813, 1643205913, 1643206013, 164320581380, 1643204513, 164320591380, 164320601380, 164320591339, 164320601339, 164320581339, 164320601370, 1643202213, 164320581370, 1643204613, 164320521380, 1643205213, 1643201213, 164320611380, 164320611339,\u00a0A-2575","breadcrumb":{"@id":"https:\/\/vzduchovetlmice.sk\/cs\/produkty\/predni-vzduchovy-mech-mercedes-benz-gl-class-x164\/#breadcrumb"},"inLanguage":"cs","potentialAction":[{"@type":"ReadAction","target":["https:\/\/vzduchovetlmice.sk\/cs\/produkty\/predni-vzduchovy-mech-mercedes-benz-gl-class-x164\/"]}]},{"@type":"ImageObject","inLanguage":"cs","@id":"https:\/\/vzduchovetlmice.sk\/cs\/produkty\/predni-vzduchovy-mech-mercedes-benz-gl-class-x164\/#primaryimage","url":"https:\/\/vzduchovetlmice.sk\/wp-content\/uploads\/2025\/06\/Predny-vzduchovy-vankus-Mercedes-Benz-GL-class-X164-A1643206113-A1643204313-A1643204413-A1643205813-A1643205913-A1643206013.jpg","contentUrl":"https:\/\/vzduchovetlmice.sk\/wp-content\/uploads\/2025\/06\/Predny-vzduchovy-vankus-Mercedes-Benz-GL-class-X164-A1643206113-A1643204313-A1643204413-A1643205813-A1643205913-A1643206013.jpg","width":1000,"height":1000,"caption":"Predn\u00fd vzduchov\u00fd vank\u00fa\u0161 Mercedes Benz GL-class X164, A1643206113, A1643204313, A1643204413, A1643205813, A1643205913, A1643206013"},{"@type":"BreadcrumbList","@id":"https:\/\/vzduchovetlmice.sk\/cs\/produkty\/predni-vzduchovy-mech-mercedes-benz-gl-class-x164\/#breadcrumb","itemListElement":[{"@type":"ListItem","position":1,"name":"Domovsk\u00e1 str\u00e1nka","item":"https:\/\/vzduchovetlmice.sk\/"},{"@type":"ListItem","position":2,"name":"Obchod","item":"https:\/\/vzduchovetlmice.sk\/obchod\/"},{"@type":"ListItem","position":3,"name":"P\u0159edn\u00ed vzduchov\u00fd m\u011bch Mercedes Benz GL-class X164"}]},{"@type":"WebSite","@id":"https:\/\/vzduchovetlmice.sk\/#website","url":"https:\/\/vzduchovetlmice.sk\/","name":"VzduchoveTlmice.sk","description":"predaj dielov pre vzduchov\u00fd podvozok","potentialAction":[{"@type":"SearchAction","target":{"@type":"EntryPoint","urlTemplate":"https:\/\/vzduchovetlmice.sk\/?s={search_term_string}"},"query-input":{"@type":"PropertyValueSpecification","valueRequired":true,"valueName":"search_term_string"}}],"inLanguage":"cs"}]}},"_links":{"self":[{"href":"https:\/\/vzduchovetlmice.sk\/cs\/wp-json\/wp\/v2\/product\/101435","targetHints":{"allow":["GET"]}}],"collection":[{"href":"https:\/\/vzduchovetlmice.sk\/cs\/wp-json\/wp\/v2\/product"}],"about":[{"href":"https:\/\/vzduchovetlmice.sk\/cs\/wp-json\/wp\/v2\/types\/product"}],"wp:featuredmedia":[{"embeddable":true,"href":"https:\/\/vzduchovetlmice.sk\/cs\/wp-json\/wp\/v2\/media\/103487"}],"wp:attachment":[{"href":"https:\/\/vzduchovetlmice.sk\/cs\/wp-json\/wp\/v2\/media?parent=101435"}],"wp:term":[{"taxonomy":"product_brand","embeddable":true,"href":"https:\/\/vzduchovetlmice.sk\/cs\/wp-json\/wp\/v2\/product_brand?post=101435"},{"taxonomy":"product_cat","embeddable":true,"href":"https:\/\/vzduchovetlmice.sk\/cs\/wp-json\/wp\/v2\/product_cat?post=101435"},{"taxonomy":"product_tag","embeddable":true,"href":"https:\/\/vzduchovetlmice.sk\/cs\/wp-json\/wp\/v2\/product_tag?post=101435"}],"curies":[{"name":"wp","href":"https:\/\/api.w.org\/{rel}","templated":true}]}}