{"id":101440,"date":"2025-06-19T14:17:16","date_gmt":"2025-06-19T14:17:16","guid":{"rendered":"https:\/\/vzduchovetlmice.sk\/?post_type=product&#038;p=101440"},"modified":"2025-11-20T10:48:15","modified_gmt":"2025-11-20T10:48:15","slug":"predni-vzduchovy-tlumic-mercedes-benz-ml-class-w164-s-ads","status":"publish","type":"product","link":"https:\/\/vzduchovetlmice.sk\/cs\/produkty\/predni-vzduchovy-tlumic-mercedes-benz-ml-class-w164-s-ads\/","title":{"rendered":"P\u0159edn\u00ed vzduchov\u00fd tlumi\u010d Mercedes Benz ML-class W164 s ADS"},"content":{"rendered":"<h3><strong>Dal\u0161\u00ed informace:<\/strong><\/h3>\n<p>Nov\u00fd p\u0159edn\u00ed vzduchov\u00fd tlumi\u010d pru\u017een\u00ed s ADS Mercedes Benz ML-class W164 (2005 \u2013 2011).<\/p>\n<p>Tlumi\u010d p\u00e9rov\u00e1n\u00ed je stejn\u00fd pro pravou i levou stranu.<\/p>\n<p>Ur\u010den pro modely se syst\u00e9mem AIRMATIC a tak\u00e9 modely AMG.<\/p>\n<h4><strong>Origin\u00e1ln\u00ed v\u00fdrobn\u00ed \u010d\u00edsla (OEM): <\/strong><\/h4>\n<p>A1643204313, A1643205813, A1643204613, A1643206013, A1643205913, A1643204413, A1643204513, A164320581339, A164320601339, A164320591339, A164320581380, A164320601380, A164320591380, A 1643204313, A 1643205813, A 1643204613, A 1643206013, A 1643205913, A 1643204413, A 1643204513, A 164320581339, A 164320601339, A 164320591339, A 164320581380, A 164320601380, A 164320591380, 1643204313, 1643205813, 1643204613, 1643206013, 1643205913, 1643204413, 1643204513, 164320581339, 164320601339, 164320591339, 164320581380, 164320601380, 164320591380, A-2575, AS-2792, AS-2450, 44-156251, 44-156268, DAS10034, AS-3088, BL5-F625, BL5-F626<\/p>\n","protected":false},"excerpt":{"rendered":"<p><strong>Zna\u010dka: <\/strong>Mercedes Benz<\/p>\n<p><strong>Model:<\/strong> ML -class W164 (2005 \u2013 2011)<\/p>\n<p><strong>Typ:<\/strong> RWD, 4Matic, AMG, s ADS<\/p>\n<p><strong>Poloha: <\/strong>P\u0159edn\u00ed n\u00e1prava vpravo\/vlevo<\/p>\n<p><strong>V\u00fdrobce: <\/strong>OEM<\/p>\n<p><strong>Stav:\u00a0<\/strong>Nov\u00e9<\/p>\n<p><strong>Z\u00e1ruka:\u00a0<\/strong>2 roky<\/p>\n<p><strong>Dostupnost:<\/strong>\u00a0<span style=\"color: #00ff00;\"><strong>Skladem<\/strong><\/span><\/p>\n","protected":false},"featured_media":103787,"template":"","meta":{"_et_pb_use_builder":"","_et_pb_old_content":"","_et_gb_content_width":""},"product_brand":[52],"product_cat":[333,574],"product_tag":[],"class_list":{"0":"post-101440","1":"product","2":"type-product","3":"status-publish","4":"has-post-thumbnail","6":"product_brand-mercedes-benz","7":"product_cat-mercedes-benz-cs","8":"product_cat-ml-w164-2005-2011-cs","10":"first","11":"instock","12":"shipping-taxable","13":"purchasable","14":"product-type-simple"},"yoast_head":"<!-- This site is optimized with the Yoast SEO Premium plugin v24.9 (Yoast SEO v27.1.1) - https:\/\/yoast.com\/product\/yoast-seo-premium-wordpress\/ -->\n<title>P\u0159edn\u00ed vzduchov\u00fd tlumi\u010d Mercedes Benz ML-class W164 s ADS<\/title>\n<meta name=\"description\" content=\"Nov\u00fd p\u0159edn\u00ed vzduchov\u00fd tlumi\u010d pru\u017een\u00ed s ADS Mercedes Benz ML-class W164 (2005 \u2013 2011). Tlumi\u010d p\u00e9rov\u00e1n\u00ed je stejn\u00fd pro pravou i levou stranu. Ur\u010den pro modely se syst\u00e9mem AIRMATIC a tak\u00e9 modely AMG. OEM: A1643204313, A1643205813, A1643204613, A1643206013, A1643205913, A1643204413, A1643204513, A164320581339, A164320601339, A164320591339, A164320581380, A164320601380, A164320591380, A 1643204313, A 1643205813, A 1643204613, A 1643206013, A 1643205913, A 1643204413, A 1643204513, A 164320581339, A 164320601339, A 164320591339, A 164320581380, A 164320601380, A 164320591380, 1643204313, 1643205813, 1643204613, 1643206013, 1643205913, 1643204413, 1643204513, 164320581339, 164320601339, 164320591339, 164320581380, 164320601380, 164320591380, A-2575, AS-2792, AS-2450, 44-156251, 44-156268, DAS10034, AS-3088, BL5-F625, BL5-F626\" \/>\n<meta name=\"robots\" content=\"index, follow, max-snippet:-1, max-image-preview:large, max-video-preview:-1\" \/>\n<link rel=\"canonical\" href=\"https:\/\/vzduchovetlmice.sk\/cs\/produkty\/predni-vzduchovy-tlumic-mercedes-benz-ml-class-w164-s-ads\/\" \/>\n<meta property=\"og:locale\" content=\"cs_CZ\" \/>\n<meta property=\"og:type\" content=\"article\" \/>\n<meta property=\"og:title\" content=\"P\u0159edn\u00ed vzduchov\u00fd tlumi\u010d Mercedes Benz ML-class W164 s ADS\" \/>\n<meta property=\"og:description\" content=\"Nov\u00fd p\u0159edn\u00ed vzduchov\u00fd tlumi\u010d pru\u017een\u00ed s ADS Mercedes Benz ML-class W164 (2005 \u2013 2011). Tlumi\u010d p\u00e9rov\u00e1n\u00ed je stejn\u00fd pro pravou i levou stranu. Ur\u010den pro modely se syst\u00e9mem AIRMATIC a tak\u00e9 modely AMG. OEM: A1643204313, A1643205813, A1643204613, A1643206013, A1643205913, A1643204413, A1643204513, A164320581339, A164320601339, A164320591339, A164320581380, A164320601380, A164320591380, A 1643204313, A 1643205813, A 1643204613, A 1643206013, A 1643205913, A 1643204413, A 1643204513, A 164320581339, A 164320601339, A 164320591339, A 164320581380, A 164320601380, A 164320591380, 1643204313, 1643205813, 1643204613, 1643206013, 1643205913, 1643204413, 1643204513, 164320581339, 164320601339, 164320591339, 164320581380, 164320601380, 164320591380, A-2575, AS-2792, AS-2450, 44-156251, 44-156268, DAS10034, AS-3088, BL5-F625, BL5-F626\" \/>\n<meta property=\"og:url\" content=\"https:\/\/vzduchovetlmice.sk\/cs\/produkty\/predni-vzduchovy-tlumic-mercedes-benz-ml-class-w164-s-ads\/\" \/>\n<meta property=\"og:site_name\" content=\"VzduchoveTlmice.sk\" \/>\n<meta property=\"article:modified_time\" content=\"2025-11-20T10:48:15+00:00\" \/>\n<meta property=\"og:image\" content=\"https:\/\/vzduchovetlmice.sk\/wp-content\/uploads\/2025\/06\/Predny-vzduchovy-tlmic-Mercedes-Benz-ML-class-W164-s-ADS-A1643204313-A1643205813-A1643204613-A1643206013-A1643205913-A1643204413.jpg\" \/>\n\t<meta property=\"og:image:width\" content=\"1000\" \/>\n\t<meta property=\"og:image:height\" content=\"1000\" \/>\n\t<meta property=\"og:image:type\" content=\"image\/jpeg\" \/>\n<meta name=\"twitter:card\" content=\"summary_large_image\" \/>\n<meta name=\"twitter:label1\" content=\"Odhadovan\u00e1 doba \u010dten\u00ed\" \/>\n\t<meta name=\"twitter:data1\" content=\"1 minuta\" \/>\n<script type=\"application\/ld+json\" class=\"yoast-schema-graph\">{\"@context\":\"https:\/\/schema.org\",\"@graph\":[{\"@type\":\"WebPage\",\"@id\":\"https:\/\/vzduchovetlmice.sk\/cs\/produkty\/predni-vzduchovy-tlumic-mercedes-benz-ml-class-w164-s-ads\/\",\"url\":\"https:\/\/vzduchovetlmice.sk\/cs\/produkty\/predni-vzduchovy-tlumic-mercedes-benz-ml-class-w164-s-ads\/\",\"name\":\"P\u0159edn\u00ed vzduchov\u00fd tlumi\u010d Mercedes Benz ML-class W164 s ADS\",\"isPartOf\":{\"@id\":\"https:\/\/vzduchovetlmice.sk\/#website\"},\"primaryImageOfPage\":{\"@id\":\"https:\/\/vzduchovetlmice.sk\/cs\/produkty\/predni-vzduchovy-tlumic-mercedes-benz-ml-class-w164-s-ads\/#primaryimage\"},\"image\":{\"@id\":\"https:\/\/vzduchovetlmice.sk\/cs\/produkty\/predni-vzduchovy-tlumic-mercedes-benz-ml-class-w164-s-ads\/#primaryimage\"},\"thumbnailUrl\":\"https:\/\/vzduchovetlmice.sk\/wp-content\/uploads\/2025\/06\/Predny-vzduchovy-tlmic-Mercedes-Benz-ML-class-W164-s-ADS-A1643204313-A1643205813-A1643204613-A1643206013-A1643205913-A1643204413.jpg\",\"datePublished\":\"2025-06-19T14:17:16+00:00\",\"dateModified\":\"2025-11-20T10:48:15+00:00\",\"description\":\"Nov\u00fd p\u0159edn\u00ed vzduchov\u00fd tlumi\u010d pru\u017een\u00ed s ADS Mercedes Benz ML-class W164 (2005 \u2013 2011). Tlumi\u010d p\u00e9rov\u00e1n\u00ed je stejn\u00fd pro pravou i levou stranu. Ur\u010den pro modely se syst\u00e9mem AIRMATIC a tak\u00e9 modely AMG. OEM: A1643204313, A1643205813, A1643204613, A1643206013, A1643205913, A1643204413, A1643204513, A164320581339, A164320601339, A164320591339, A164320581380, A164320601380, A164320591380, A 1643204313, A 1643205813, A 1643204613, A 1643206013, A 1643205913, A 1643204413, A 1643204513, A 164320581339, A 164320601339, A 164320591339, A 164320581380, A 164320601380, A 164320591380, 1643204313, 1643205813, 1643204613, 1643206013, 1643205913, 1643204413, 1643204513, 164320581339, 164320601339, 164320591339, 164320581380, 164320601380, 164320591380, A-2575, AS-2792, AS-2450, 44-156251, 44-156268, DAS10034, AS-3088, BL5-F625, BL5-F626\",\"breadcrumb\":{\"@id\":\"https:\/\/vzduchovetlmice.sk\/cs\/produkty\/predni-vzduchovy-tlumic-mercedes-benz-ml-class-w164-s-ads\/#breadcrumb\"},\"inLanguage\":\"cs\",\"potentialAction\":[{\"@type\":\"ReadAction\",\"target\":[\"https:\/\/vzduchovetlmice.sk\/cs\/produkty\/predni-vzduchovy-tlumic-mercedes-benz-ml-class-w164-s-ads\/\"]}]},{\"@type\":\"ImageObject\",\"inLanguage\":\"cs\",\"@id\":\"https:\/\/vzduchovetlmice.sk\/cs\/produkty\/predni-vzduchovy-tlumic-mercedes-benz-ml-class-w164-s-ads\/#primaryimage\",\"url\":\"https:\/\/vzduchovetlmice.sk\/wp-content\/uploads\/2025\/06\/Predny-vzduchovy-tlmic-Mercedes-Benz-ML-class-W164-s-ADS-A1643204313-A1643205813-A1643204613-A1643206013-A1643205913-A1643204413.jpg\",\"contentUrl\":\"https:\/\/vzduchovetlmice.sk\/wp-content\/uploads\/2025\/06\/Predny-vzduchovy-tlmic-Mercedes-Benz-ML-class-W164-s-ADS-A1643204313-A1643205813-A1643204613-A1643206013-A1643205913-A1643204413.jpg\",\"width\":1000,\"height\":1000,\"caption\":\"Predn\u00fd vzduchov\u00fd tlmi\u010d Mercedes Benz ML-class W164 s ADS, A1643204313, A1643205813, A1643204613, A1643206013, A1643205913, A1643204413\"},{\"@type\":\"BreadcrumbList\",\"@id\":\"https:\/\/vzduchovetlmice.sk\/cs\/produkty\/predni-vzduchovy-tlumic-mercedes-benz-ml-class-w164-s-ads\/#breadcrumb\",\"itemListElement\":[{\"@type\":\"ListItem\",\"position\":1,\"name\":\"Domovsk\u00e1 str\u00e1nka\",\"item\":\"https:\/\/vzduchovetlmice.sk\/\"},{\"@type\":\"ListItem\",\"position\":2,\"name\":\"Obchod\",\"item\":\"https:\/\/vzduchovetlmice.sk\/obchod\/\"},{\"@type\":\"ListItem\",\"position\":3,\"name\":\"P\u0159edn\u00ed vzduchov\u00fd tlumi\u010d Mercedes Benz ML-class W164 s ADS\"}]},{\"@type\":\"WebSite\",\"@id\":\"https:\/\/vzduchovetlmice.sk\/#website\",\"url\":\"https:\/\/vzduchovetlmice.sk\/\",\"name\":\"VzduchoveTlmice.sk\",\"description\":\"predaj dielov pre vzduchov\u00fd podvozok\",\"potentialAction\":[{\"@type\":\"SearchAction\",\"target\":{\"@type\":\"EntryPoint\",\"urlTemplate\":\"https:\/\/vzduchovetlmice.sk\/?s={search_term_string}\"},\"query-input\":{\"@type\":\"PropertyValueSpecification\",\"valueRequired\":true,\"valueName\":\"search_term_string\"}}],\"inLanguage\":\"cs\"}]}<\/script>\n<!-- \/ Yoast SEO Premium plugin. -->","yoast_head_json":{"title":"P\u0159edn\u00ed vzduchov\u00fd tlumi\u010d Mercedes Benz ML-class W164 s ADS","description":"Nov\u00fd p\u0159edn\u00ed vzduchov\u00fd tlumi\u010d pru\u017een\u00ed s ADS Mercedes Benz ML-class W164 (2005 \u2013 2011). Tlumi\u010d p\u00e9rov\u00e1n\u00ed je stejn\u00fd pro pravou i levou stranu. Ur\u010den pro modely se syst\u00e9mem AIRMATIC a tak\u00e9 modely AMG. OEM: A1643204313, A1643205813, A1643204613, A1643206013, A1643205913, A1643204413, A1643204513, A164320581339, A164320601339, A164320591339, A164320581380, A164320601380, A164320591380, A 1643204313, A 1643205813, A 1643204613, A 1643206013, A 1643205913, A 1643204413, A 1643204513, A 164320581339, A 164320601339, A 164320591339, A 164320581380, A 164320601380, A 164320591380, 1643204313, 1643205813, 1643204613, 1643206013, 1643205913, 1643204413, 1643204513, 164320581339, 164320601339, 164320591339, 164320581380, 164320601380, 164320591380, A-2575, AS-2792, AS-2450, 44-156251, 44-156268, DAS10034, AS-3088, BL5-F625, BL5-F626","robots":{"index":"index","follow":"follow","max-snippet":"max-snippet:-1","max-image-preview":"max-image-preview:large","max-video-preview":"max-video-preview:-1"},"canonical":"https:\/\/vzduchovetlmice.sk\/cs\/produkty\/predni-vzduchovy-tlumic-mercedes-benz-ml-class-w164-s-ads\/","og_locale":"cs_CZ","og_type":"article","og_title":"P\u0159edn\u00ed vzduchov\u00fd tlumi\u010d Mercedes Benz ML-class W164 s ADS","og_description":"Nov\u00fd p\u0159edn\u00ed vzduchov\u00fd tlumi\u010d pru\u017een\u00ed s ADS Mercedes Benz ML-class W164 (2005 \u2013 2011). Tlumi\u010d p\u00e9rov\u00e1n\u00ed je stejn\u00fd pro pravou i levou stranu. Ur\u010den pro modely se syst\u00e9mem AIRMATIC a tak\u00e9 modely AMG. OEM: A1643204313, A1643205813, A1643204613, A1643206013, A1643205913, A1643204413, A1643204513, A164320581339, A164320601339, A164320591339, A164320581380, A164320601380, A164320591380, A 1643204313, A 1643205813, A 1643204613, A 1643206013, A 1643205913, A 1643204413, A 1643204513, A 164320581339, A 164320601339, A 164320591339, A 164320581380, A 164320601380, A 164320591380, 1643204313, 1643205813, 1643204613, 1643206013, 1643205913, 1643204413, 1643204513, 164320581339, 164320601339, 164320591339, 164320581380, 164320601380, 164320591380, A-2575, AS-2792, AS-2450, 44-156251, 44-156268, DAS10034, AS-3088, BL5-F625, BL5-F626","og_url":"https:\/\/vzduchovetlmice.sk\/cs\/produkty\/predni-vzduchovy-tlumic-mercedes-benz-ml-class-w164-s-ads\/","og_site_name":"VzduchoveTlmice.sk","article_modified_time":"2025-11-20T10:48:15+00:00","og_image":[{"width":1000,"height":1000,"url":"https:\/\/vzduchovetlmice.sk\/wp-content\/uploads\/2025\/06\/Predny-vzduchovy-tlmic-Mercedes-Benz-ML-class-W164-s-ADS-A1643204313-A1643205813-A1643204613-A1643206013-A1643205913-A1643204413.jpg","type":"image\/jpeg"}],"twitter_card":"summary_large_image","twitter_misc":{"Odhadovan\u00e1 doba \u010dten\u00ed":"1 minuta"},"schema":{"@context":"https:\/\/schema.org","@graph":[{"@type":"WebPage","@id":"https:\/\/vzduchovetlmice.sk\/cs\/produkty\/predni-vzduchovy-tlumic-mercedes-benz-ml-class-w164-s-ads\/","url":"https:\/\/vzduchovetlmice.sk\/cs\/produkty\/predni-vzduchovy-tlumic-mercedes-benz-ml-class-w164-s-ads\/","name":"P\u0159edn\u00ed vzduchov\u00fd tlumi\u010d Mercedes Benz ML-class W164 s ADS","isPartOf":{"@id":"https:\/\/vzduchovetlmice.sk\/#website"},"primaryImageOfPage":{"@id":"https:\/\/vzduchovetlmice.sk\/cs\/produkty\/predni-vzduchovy-tlumic-mercedes-benz-ml-class-w164-s-ads\/#primaryimage"},"image":{"@id":"https:\/\/vzduchovetlmice.sk\/cs\/produkty\/predni-vzduchovy-tlumic-mercedes-benz-ml-class-w164-s-ads\/#primaryimage"},"thumbnailUrl":"https:\/\/vzduchovetlmice.sk\/wp-content\/uploads\/2025\/06\/Predny-vzduchovy-tlmic-Mercedes-Benz-ML-class-W164-s-ADS-A1643204313-A1643205813-A1643204613-A1643206013-A1643205913-A1643204413.jpg","datePublished":"2025-06-19T14:17:16+00:00","dateModified":"2025-11-20T10:48:15+00:00","description":"Nov\u00fd p\u0159edn\u00ed vzduchov\u00fd tlumi\u010d pru\u017een\u00ed s ADS Mercedes Benz ML-class W164 (2005 \u2013 2011). Tlumi\u010d p\u00e9rov\u00e1n\u00ed je stejn\u00fd pro pravou i levou stranu. Ur\u010den pro modely se syst\u00e9mem AIRMATIC a tak\u00e9 modely AMG. OEM: A1643204313, A1643205813, A1643204613, A1643206013, A1643205913, A1643204413, A1643204513, A164320581339, A164320601339, A164320591339, A164320581380, A164320601380, A164320591380, A 1643204313, A 1643205813, A 1643204613, A 1643206013, A 1643205913, A 1643204413, A 1643204513, A 164320581339, A 164320601339, A 164320591339, A 164320581380, A 164320601380, A 164320591380, 1643204313, 1643205813, 1643204613, 1643206013, 1643205913, 1643204413, 1643204513, 164320581339, 164320601339, 164320591339, 164320581380, 164320601380, 164320591380, A-2575, AS-2792, AS-2450, 44-156251, 44-156268, DAS10034, AS-3088, BL5-F625, BL5-F626","breadcrumb":{"@id":"https:\/\/vzduchovetlmice.sk\/cs\/produkty\/predni-vzduchovy-tlumic-mercedes-benz-ml-class-w164-s-ads\/#breadcrumb"},"inLanguage":"cs","potentialAction":[{"@type":"ReadAction","target":["https:\/\/vzduchovetlmice.sk\/cs\/produkty\/predni-vzduchovy-tlumic-mercedes-benz-ml-class-w164-s-ads\/"]}]},{"@type":"ImageObject","inLanguage":"cs","@id":"https:\/\/vzduchovetlmice.sk\/cs\/produkty\/predni-vzduchovy-tlumic-mercedes-benz-ml-class-w164-s-ads\/#primaryimage","url":"https:\/\/vzduchovetlmice.sk\/wp-content\/uploads\/2025\/06\/Predny-vzduchovy-tlmic-Mercedes-Benz-ML-class-W164-s-ADS-A1643204313-A1643205813-A1643204613-A1643206013-A1643205913-A1643204413.jpg","contentUrl":"https:\/\/vzduchovetlmice.sk\/wp-content\/uploads\/2025\/06\/Predny-vzduchovy-tlmic-Mercedes-Benz-ML-class-W164-s-ADS-A1643204313-A1643205813-A1643204613-A1643206013-A1643205913-A1643204413.jpg","width":1000,"height":1000,"caption":"Predn\u00fd vzduchov\u00fd tlmi\u010d Mercedes Benz ML-class W164 s ADS, A1643204313, A1643205813, A1643204613, A1643206013, A1643205913, A1643204413"},{"@type":"BreadcrumbList","@id":"https:\/\/vzduchovetlmice.sk\/cs\/produkty\/predni-vzduchovy-tlumic-mercedes-benz-ml-class-w164-s-ads\/#breadcrumb","itemListElement":[{"@type":"ListItem","position":1,"name":"Domovsk\u00e1 str\u00e1nka","item":"https:\/\/vzduchovetlmice.sk\/"},{"@type":"ListItem","position":2,"name":"Obchod","item":"https:\/\/vzduchovetlmice.sk\/obchod\/"},{"@type":"ListItem","position":3,"name":"P\u0159edn\u00ed vzduchov\u00fd tlumi\u010d Mercedes Benz ML-class W164 s ADS"}]},{"@type":"WebSite","@id":"https:\/\/vzduchovetlmice.sk\/#website","url":"https:\/\/vzduchovetlmice.sk\/","name":"VzduchoveTlmice.sk","description":"predaj dielov pre vzduchov\u00fd podvozok","potentialAction":[{"@type":"SearchAction","target":{"@type":"EntryPoint","urlTemplate":"https:\/\/vzduchovetlmice.sk\/?s={search_term_string}"},"query-input":{"@type":"PropertyValueSpecification","valueRequired":true,"valueName":"search_term_string"}}],"inLanguage":"cs"}]}},"_links":{"self":[{"href":"https:\/\/vzduchovetlmice.sk\/cs\/wp-json\/wp\/v2\/product\/101440","targetHints":{"allow":["GET"]}}],"collection":[{"href":"https:\/\/vzduchovetlmice.sk\/cs\/wp-json\/wp\/v2\/product"}],"about":[{"href":"https:\/\/vzduchovetlmice.sk\/cs\/wp-json\/wp\/v2\/types\/product"}],"wp:featuredmedia":[{"embeddable":true,"href":"https:\/\/vzduchovetlmice.sk\/cs\/wp-json\/wp\/v2\/media\/103787"}],"wp:attachment":[{"href":"https:\/\/vzduchovetlmice.sk\/cs\/wp-json\/wp\/v2\/media?parent=101440"}],"wp:term":[{"taxonomy":"product_brand","embeddable":true,"href":"https:\/\/vzduchovetlmice.sk\/cs\/wp-json\/wp\/v2\/product_brand?post=101440"},{"taxonomy":"product_cat","embeddable":true,"href":"https:\/\/vzduchovetlmice.sk\/cs\/wp-json\/wp\/v2\/product_cat?post=101440"},{"taxonomy":"product_tag","embeddable":true,"href":"https:\/\/vzduchovetlmice.sk\/cs\/wp-json\/wp\/v2\/product_tag?post=101440"}],"curies":[{"name":"wp","href":"https:\/\/api.w.org\/{rel}","templated":true}]}}