{"id":101456,"date":"2025-07-09T10:18:50","date_gmt":"2025-07-09T10:18:50","guid":{"rendered":"https:\/\/vzduchovetlmice.sk\/?post_type=product&#038;p=101456"},"modified":"2026-03-05T11:04:02","modified_gmt":"2026-03-05T11:04:02","slug":"vzduchovy-kompresor-podvozku-mercedes-benz-gl-class-x164","status":"publish","type":"product","link":"https:\/\/vzduchovetlmice.sk\/cs\/produkty\/vzduchovy-kompresor-podvozku-mercedes-benz-gl-class-x164\/","title":{"rendered":"Vzduchov\u00fd kompresor podvozku Mercedes Benz GL-class X164"},"content":{"rendered":"<h3><strong>Dal\u0161\u00ed informace:<\/strong><\/h3>\n<p>Nov\u00fd vzduchov\u00fd kompresor podvozku Mercedes Benz GL-class X164 (2006\u20132012), AIRMATIC.<\/p>\n<p>Vhodn\u00fd tak\u00e9 pro verzi AMG.<\/p>\n<ul>\n<li>bez teplotn\u00edho \u010didla,<\/li>\n<li>v\u010detn\u011b vzduchov\u00e9ho filtru<\/li>\n<\/ul>\n<h4><strong>Origin\u00e1ln\u00ed v\u00fdrobn\u00ed \u010d\u00edsla (OEM): <\/strong><\/h4>\n<div class=\"et_pb_section et_pb_section_1_tb_body molti-single-product-hero et_section_regular\">\n<div class=\"et_pb_row et_pb_row_2_tb_body\">\n<div class=\"et_pb_column et_pb_column_4_4 et_pb_column_3_tb_body et_pb_css_mix_blend_mode_passthrough et-last-child\">\n<div class=\"et_pb_module et_pb_wc_tabs et_pb_wc_tabs_0_tb_body et_pb_tabs \">\n<div class=\"et_pb_all_tabs\">\n<div class=\"et_pb_tab clearfix et_pb_active_content et-pb-active-slide\">\n<div class=\"et_pb_tab_content\">\n<p>A1643201204, 1643201204, A1643200304, 1643200304, A1643200504, A1643200904, 1643200904, A164320120480, A1643200004, A1643200204, 1643200204, 164320050480, 1643200504, 164320120480, 1643200004 A164320050480, A164320090480, 164320090480, 164320000428, 1643200104, 164320050428, 164320090405, 164320120405<\/p>\n<\/div>\n<\/div>\n<\/div>\n<\/div>\n<\/div>\n<\/div>\n<\/div>\n","protected":false},"excerpt":{"rendered":"<p><strong>Zna\u010dka: <\/strong>Mercedes Benz<\/p>\n<p><strong>Model:<\/strong> Mercedes Benz GL -class X164 (2006 \u2013 2012)<\/p>\n<p><strong>Typ:<\/strong> RWD, 4Matic, AMG<\/p>\n<p><strong>V\u00fdrobce: <\/strong>OEM<\/p>\n<p><strong>Stav:\u00a0<\/strong>Nov\u00e9<\/p>\n<p><strong>Z\u00e1ruka:\u00a0<\/strong>2 roky<\/p>\n<p><strong>Dostupnost:<\/strong>\u00a0<span style=\"color: #00ff00;\"><strong>Skladem<\/strong><\/span><\/p>\n","protected":false},"featured_media":0,"template":"","meta":{"_et_pb_use_builder":"","_et_pb_old_content":"","_et_gb_content_width":""},"product_brand":[52],"product_cat":[564,333],"product_tag":[],"class_list":{"0":"post-101456","1":"product","2":"type-product","3":"status-publish","5":"product_brand-mercedes-benz","6":"product_cat-gl-x164-2006-2012-cs","7":"product_cat-mercedes-benz-cs","9":"first","10":"instock","11":"shipping-taxable","12":"purchasable","13":"product-type-simple"},"yoast_head":"<!-- This site is optimized with the Yoast SEO Premium plugin v24.9 (Yoast SEO v27.1.1) - https:\/\/yoast.com\/product\/yoast-seo-premium-wordpress\/ -->\n<title>Vzduchov\u00fd kompresor podvozku Mercedes Benz GL-class X164<\/title>\n<meta name=\"description\" content=\"Nov\u00fd vzduchov\u00fd kompresor podvozku Mercedes Benz GL-class X164 (2006\u20132012), AIRMATIC. Vhodn\u00fd tak\u00e9 pro verzi AMG. V\u010detn\u011b vzduchov\u00e9ho filtru. OEM: A1643201204, 1643201204, A1643200304, 1643200304, A1643200504, A1643200904, 1643200904, A164320120480, A1643200004, A1643200204, 1643200204, 164320050480, 1643200504, 164320120480, 1643200004 A164320050480, A164320090480, 164320090480, 164320000428, 1643200104, 164320050428, 164320090405, 164320120405\" \/>\n<meta name=\"robots\" content=\"index, follow, max-snippet:-1, max-image-preview:large, max-video-preview:-1\" \/>\n<link rel=\"canonical\" href=\"https:\/\/vzduchovetlmice.sk\/cs\/produkty\/vzduchovy-kompresor-podvozku-mercedes-benz-gl-class-x164\/\" \/>\n<meta property=\"og:locale\" content=\"cs_CZ\" \/>\n<meta property=\"og:type\" content=\"article\" \/>\n<meta property=\"og:title\" content=\"Vzduchov\u00fd kompresor podvozku Mercedes Benz GL-class X164\" \/>\n<meta property=\"og:description\" content=\"Nov\u00fd vzduchov\u00fd kompresor podvozku Mercedes Benz GL-class X164 (2006\u20132012), AIRMATIC. Vhodn\u00fd tak\u00e9 pro verzi AMG. V\u010detn\u011b vzduchov\u00e9ho filtru. OEM: A1643201204, 1643201204, A1643200304, 1643200304, A1643200504, A1643200904, 1643200904, A164320120480, A1643200004, A1643200204, 1643200204, 164320050480, 1643200504, 164320120480, 1643200004 A164320050480, A164320090480, 164320090480, 164320000428, 1643200104, 164320050428, 164320090405, 164320120405\" \/>\n<meta property=\"og:url\" content=\"https:\/\/vzduchovetlmice.sk\/cs\/produkty\/vzduchovy-kompresor-podvozku-mercedes-benz-gl-class-x164\/\" \/>\n<meta property=\"og:site_name\" content=\"VzduchoveTlmice.sk\" \/>\n<meta property=\"article:modified_time\" content=\"2026-03-05T11:04:02+00:00\" \/>\n<meta name=\"twitter:card\" content=\"summary_large_image\" \/>\n<meta name=\"twitter:label1\" content=\"Odhadovan\u00e1 doba \u010dten\u00ed\" \/>\n\t<meta name=\"twitter:data1\" content=\"1 minuta\" \/>\n<script type=\"application\/ld+json\" class=\"yoast-schema-graph\">{\"@context\":\"https:\/\/schema.org\",\"@graph\":[{\"@type\":\"WebPage\",\"@id\":\"https:\/\/vzduchovetlmice.sk\/cs\/produkty\/vzduchovy-kompresor-podvozku-mercedes-benz-gl-class-x164\/\",\"url\":\"https:\/\/vzduchovetlmice.sk\/cs\/produkty\/vzduchovy-kompresor-podvozku-mercedes-benz-gl-class-x164\/\",\"name\":\"Vzduchov\u00fd kompresor podvozku Mercedes Benz GL-class X164\",\"isPartOf\":{\"@id\":\"https:\/\/vzduchovetlmice.sk\/#website\"},\"datePublished\":\"2025-07-09T10:18:50+00:00\",\"dateModified\":\"2026-03-05T11:04:02+00:00\",\"description\":\"Nov\u00fd vzduchov\u00fd kompresor podvozku Mercedes Benz GL-class X164 (2006\u20132012), AIRMATIC. Vhodn\u00fd tak\u00e9 pro verzi AMG. V\u010detn\u011b vzduchov\u00e9ho filtru. OEM: A1643201204, 1643201204, A1643200304, 1643200304, A1643200504, A1643200904, 1643200904, A164320120480, A1643200004, A1643200204, 1643200204, 164320050480, 1643200504, 164320120480, 1643200004 A164320050480, A164320090480, 164320090480, 164320000428, 1643200104, 164320050428, 164320090405, 164320120405\",\"breadcrumb\":{\"@id\":\"https:\/\/vzduchovetlmice.sk\/cs\/produkty\/vzduchovy-kompresor-podvozku-mercedes-benz-gl-class-x164\/#breadcrumb\"},\"inLanguage\":\"cs\",\"potentialAction\":[{\"@type\":\"ReadAction\",\"target\":[\"https:\/\/vzduchovetlmice.sk\/cs\/produkty\/vzduchovy-kompresor-podvozku-mercedes-benz-gl-class-x164\/\"]}]},{\"@type\":\"BreadcrumbList\",\"@id\":\"https:\/\/vzduchovetlmice.sk\/cs\/produkty\/vzduchovy-kompresor-podvozku-mercedes-benz-gl-class-x164\/#breadcrumb\",\"itemListElement\":[{\"@type\":\"ListItem\",\"position\":1,\"name\":\"Domovsk\u00e1 str\u00e1nka\",\"item\":\"https:\/\/vzduchovetlmice.sk\/\"},{\"@type\":\"ListItem\",\"position\":2,\"name\":\"Obchod\",\"item\":\"https:\/\/vzduchovetlmice.sk\/obchod\/\"},{\"@type\":\"ListItem\",\"position\":3,\"name\":\"Vzduchov\u00fd kompresor podvozku Mercedes Benz GL-class X164\"}]},{\"@type\":\"WebSite\",\"@id\":\"https:\/\/vzduchovetlmice.sk\/#website\",\"url\":\"https:\/\/vzduchovetlmice.sk\/\",\"name\":\"VzduchoveTlmice.sk\",\"description\":\"predaj dielov pre vzduchov\u00fd podvozok\",\"potentialAction\":[{\"@type\":\"SearchAction\",\"target\":{\"@type\":\"EntryPoint\",\"urlTemplate\":\"https:\/\/vzduchovetlmice.sk\/?s={search_term_string}\"},\"query-input\":{\"@type\":\"PropertyValueSpecification\",\"valueRequired\":true,\"valueName\":\"search_term_string\"}}],\"inLanguage\":\"cs\"}]}<\/script>\n<!-- \/ Yoast SEO Premium plugin. -->","yoast_head_json":{"title":"Vzduchov\u00fd kompresor podvozku Mercedes Benz GL-class X164","description":"Nov\u00fd vzduchov\u00fd kompresor podvozku Mercedes Benz GL-class X164 (2006\u20132012), AIRMATIC. Vhodn\u00fd tak\u00e9 pro verzi AMG. V\u010detn\u011b vzduchov\u00e9ho filtru. OEM: A1643201204, 1643201204, A1643200304, 1643200304, A1643200504, A1643200904, 1643200904, A164320120480, A1643200004, A1643200204, 1643200204, 164320050480, 1643200504, 164320120480, 1643200004 A164320050480, A164320090480, 164320090480, 164320000428, 1643200104, 164320050428, 164320090405, 164320120405","robots":{"index":"index","follow":"follow","max-snippet":"max-snippet:-1","max-image-preview":"max-image-preview:large","max-video-preview":"max-video-preview:-1"},"canonical":"https:\/\/vzduchovetlmice.sk\/cs\/produkty\/vzduchovy-kompresor-podvozku-mercedes-benz-gl-class-x164\/","og_locale":"cs_CZ","og_type":"article","og_title":"Vzduchov\u00fd kompresor podvozku Mercedes Benz GL-class X164","og_description":"Nov\u00fd vzduchov\u00fd kompresor podvozku Mercedes Benz GL-class X164 (2006\u20132012), AIRMATIC. Vhodn\u00fd tak\u00e9 pro verzi AMG. V\u010detn\u011b vzduchov\u00e9ho filtru. OEM: A1643201204, 1643201204, A1643200304, 1643200304, A1643200504, A1643200904, 1643200904, A164320120480, A1643200004, A1643200204, 1643200204, 164320050480, 1643200504, 164320120480, 1643200004 A164320050480, A164320090480, 164320090480, 164320000428, 1643200104, 164320050428, 164320090405, 164320120405","og_url":"https:\/\/vzduchovetlmice.sk\/cs\/produkty\/vzduchovy-kompresor-podvozku-mercedes-benz-gl-class-x164\/","og_site_name":"VzduchoveTlmice.sk","article_modified_time":"2026-03-05T11:04:02+00:00","twitter_card":"summary_large_image","twitter_misc":{"Odhadovan\u00e1 doba \u010dten\u00ed":"1 minuta"},"schema":{"@context":"https:\/\/schema.org","@graph":[{"@type":"WebPage","@id":"https:\/\/vzduchovetlmice.sk\/cs\/produkty\/vzduchovy-kompresor-podvozku-mercedes-benz-gl-class-x164\/","url":"https:\/\/vzduchovetlmice.sk\/cs\/produkty\/vzduchovy-kompresor-podvozku-mercedes-benz-gl-class-x164\/","name":"Vzduchov\u00fd kompresor podvozku Mercedes Benz GL-class X164","isPartOf":{"@id":"https:\/\/vzduchovetlmice.sk\/#website"},"datePublished":"2025-07-09T10:18:50+00:00","dateModified":"2026-03-05T11:04:02+00:00","description":"Nov\u00fd vzduchov\u00fd kompresor podvozku Mercedes Benz GL-class X164 (2006\u20132012), AIRMATIC. Vhodn\u00fd tak\u00e9 pro verzi AMG. V\u010detn\u011b vzduchov\u00e9ho filtru. OEM: A1643201204, 1643201204, A1643200304, 1643200304, A1643200504, A1643200904, 1643200904, A164320120480, A1643200004, A1643200204, 1643200204, 164320050480, 1643200504, 164320120480, 1643200004 A164320050480, A164320090480, 164320090480, 164320000428, 1643200104, 164320050428, 164320090405, 164320120405","breadcrumb":{"@id":"https:\/\/vzduchovetlmice.sk\/cs\/produkty\/vzduchovy-kompresor-podvozku-mercedes-benz-gl-class-x164\/#breadcrumb"},"inLanguage":"cs","potentialAction":[{"@type":"ReadAction","target":["https:\/\/vzduchovetlmice.sk\/cs\/produkty\/vzduchovy-kompresor-podvozku-mercedes-benz-gl-class-x164\/"]}]},{"@type":"BreadcrumbList","@id":"https:\/\/vzduchovetlmice.sk\/cs\/produkty\/vzduchovy-kompresor-podvozku-mercedes-benz-gl-class-x164\/#breadcrumb","itemListElement":[{"@type":"ListItem","position":1,"name":"Domovsk\u00e1 str\u00e1nka","item":"https:\/\/vzduchovetlmice.sk\/"},{"@type":"ListItem","position":2,"name":"Obchod","item":"https:\/\/vzduchovetlmice.sk\/obchod\/"},{"@type":"ListItem","position":3,"name":"Vzduchov\u00fd kompresor podvozku Mercedes Benz GL-class X164"}]},{"@type":"WebSite","@id":"https:\/\/vzduchovetlmice.sk\/#website","url":"https:\/\/vzduchovetlmice.sk\/","name":"VzduchoveTlmice.sk","description":"predaj dielov pre vzduchov\u00fd podvozok","potentialAction":[{"@type":"SearchAction","target":{"@type":"EntryPoint","urlTemplate":"https:\/\/vzduchovetlmice.sk\/?s={search_term_string}"},"query-input":{"@type":"PropertyValueSpecification","valueRequired":true,"valueName":"search_term_string"}}],"inLanguage":"cs"}]}},"_links":{"self":[{"href":"https:\/\/vzduchovetlmice.sk\/cs\/wp-json\/wp\/v2\/product\/101456","targetHints":{"allow":["GET"]}}],"collection":[{"href":"https:\/\/vzduchovetlmice.sk\/cs\/wp-json\/wp\/v2\/product"}],"about":[{"href":"https:\/\/vzduchovetlmice.sk\/cs\/wp-json\/wp\/v2\/types\/product"}],"wp:attachment":[{"href":"https:\/\/vzduchovetlmice.sk\/cs\/wp-json\/wp\/v2\/media?parent=101456"}],"wp:term":[{"taxonomy":"product_brand","embeddable":true,"href":"https:\/\/vzduchovetlmice.sk\/cs\/wp-json\/wp\/v2\/product_brand?post=101456"},{"taxonomy":"product_cat","embeddable":true,"href":"https:\/\/vzduchovetlmice.sk\/cs\/wp-json\/wp\/v2\/product_cat?post=101456"},{"taxonomy":"product_tag","embeddable":true,"href":"https:\/\/vzduchovetlmice.sk\/cs\/wp-json\/wp\/v2\/product_tag?post=101456"}],"curies":[{"name":"wp","href":"https:\/\/api.w.org\/{rel}","templated":true}]}}