{"id":101479,"date":"2025-07-16T10:30:59","date_gmt":"2025-07-16T10:30:59","guid":{"rendered":"https:\/\/vzduchovetlmice.sk\/?post_type=product&#038;p=101479"},"modified":"2025-11-19T20:20:08","modified_gmt":"2025-11-19T20:20:08","slug":"predni-levy-vzduchovy-mech-mercedes-benz-ml-gle-class-w166","status":"publish","type":"product","link":"https:\/\/vzduchovetlmice.sk\/cs\/produkty\/predni-levy-vzduchovy-mech-mercedes-benz-ml-gle-class-w166\/","title":{"rendered":"P\u0159edn\u00ed lev\u00fd vzduchov\u00fd m\u011bch Mercedes Benz ML\/GLE-class W166"},"content":{"rendered":"<h3><strong>Dal\u0161\u00ed informace:<\/strong><\/h3>\n<p>Nov\u00fd p\u0159edn\u00ed lev\u00fd vzduchov\u00fd m\u011bch Mercedes Benz ML-class W166 (2011-2015) a Mercedes Benz GLE-class W166 (2015-2019).<\/p>\n<p>Ur\u010den pro modely se syst\u00e9mem AIRMATIC a tak\u00e9 modely AMG.<\/p>\n<h4><strong>Origin\u00e1ln\u00ed v\u00fdrobn\u00ed \u010d\u00edsla (OEM): <\/strong><\/h4>\n<p>A1663205166, A1663201313, A1663206713, A1663206913, A1663207113, A1663205366, A1663205566, A166320556680, A 1663205166, A 1663201313, A 1663206713, A 1663206913, A 1663207113, A 1663205366, A 1663205566, A 166320556680, 1663205166, 1663201313, 1663206713, 1663206913, 1663207113, 1663205366, 1663205566, 166320556680, A1663204966, A1663202738, A166320136880, A1663204713, A1663202513, A166320496680, A1663207313, A1663201368, A 1663204966, A 1663202738, A 166320136880, A 1663204713, A 1663202513, A 166320496680, A 1663207313, A 1663201368, 1663204966, 1663202738, 166320136880, 1663204713, 1663202513, 166320496680, 1663207313, 1663201368, AS-3061, 44-257200, DAS10044, AS-3154, AS-3409<\/p>\n","protected":false},"excerpt":{"rendered":"<p><strong>Zna\u010dka: <\/strong>Mercedes Benz<\/p>\n<p><strong>Model:<\/strong> ML -class W166 (2011 \u2013 2015), GLE -class W166 (2015 \u2013 2019)<\/p>\n<p><strong>Typ:<\/strong> RWD, 4Matic, AMG, s ADS, bez ADS<\/p>\n<p><strong>Poloha: <\/strong>P\u0159edn\u00ed n\u00e1prava vlevo<\/p>\n<p><strong>V\u00fdrobce: <\/strong>OEM<\/p>\n<p><strong>Stav:\u00a0<\/strong>Nov\u00e9<\/p>\n<p><strong>Z\u00e1ruka:\u00a0<\/strong>2 roky<\/p>\n<p><strong>Dostupnost:<\/strong>\u00a0<span style=\"color: #00ff00;\"><strong>Skladem<\/strong><\/span><\/p>\n","protected":false},"featured_media":0,"template":"","meta":{"_et_pb_use_builder":"","_et_pb_old_content":"","_et_gb_content_width":""},"product_brand":[52],"product_cat":[569,333,575],"product_tag":[],"class_list":{"0":"post-101479","1":"product","2":"type-product","3":"status-publish","5":"product_brand-mercedes-benz","6":"product_cat-gle-w166-2015-2019-cs","7":"product_cat-mercedes-benz-cs","8":"product_cat-ml-w166-2011-2015-cs","10":"first","11":"instock","12":"shipping-taxable","13":"purchasable","14":"product-type-simple"},"yoast_head":"<!-- This site is optimized with the Yoast SEO Premium plugin v24.9 (Yoast SEO v27.1.1) - https:\/\/yoast.com\/product\/yoast-seo-premium-wordpress\/ -->\n<title>P\u0159edn\u00ed lev\u00fd vzduchov\u00fd m\u011bch Mercedes Benz ML\/GLE-class W166<\/title>\n<meta name=\"description\" content=\"Nov\u00fd p\u0159edn\u00ed lev\u00fd vzduchov\u00fd m\u011bch Mercedes Benz ML-class W166 (2011-2015) a Mercedes Benz GLE-class W166 (2015-2019). Ur\u010den pro modely se syst\u00e9mem AIRMATIC a tak\u00e9 modely AMG. OEM: A1663205166, A1663201313, A1663206713, A1663206913, A1663207113, A1663205366, A1663205566, A166320556680, A 1663205166, A 1663201313, A 1663206713, A 1663206913, A 1663207113, A 1663205366, A 1663205566, A 166320556680, 1663205166, 1663201313, 1663206713, 1663206913, 1663207113, 1663205366, 1663205566, 166320556680, A1663204966, A1663202738, A166320136880, A1663204713, A1663202513, A166320496680, A1663207313, A1663201368, A 1663204966, A 1663202738, A 166320136880, A 1663204713, A 1663202513, A 166320496680, A 1663207313, A 1663201368, 1663204966, 1663202738, 166320136880, 1663204713, 1663202513, 166320496680, 1663207313, 1663201368, AS-3061, 44-257200, DAS10044, AS-3154, AS-3409\" \/>\n<meta name=\"robots\" content=\"index, follow, max-snippet:-1, max-image-preview:large, max-video-preview:-1\" \/>\n<link rel=\"canonical\" href=\"https:\/\/vzduchovetlmice.sk\/cs\/produkty\/predni-levy-vzduchovy-mech-mercedes-benz-ml-gle-class-w166\/\" \/>\n<meta property=\"og:locale\" content=\"cs_CZ\" \/>\n<meta property=\"og:type\" content=\"article\" \/>\n<meta property=\"og:title\" content=\"P\u0159edn\u00ed lev\u00fd vzduchov\u00fd m\u011bch Mercedes Benz ML\/GLE-class W166\" \/>\n<meta property=\"og:description\" content=\"Nov\u00fd p\u0159edn\u00ed lev\u00fd vzduchov\u00fd m\u011bch Mercedes Benz ML-class W166 (2011-2015) a Mercedes Benz GLE-class W166 (2015-2019). Ur\u010den pro modely se syst\u00e9mem AIRMATIC a tak\u00e9 modely AMG. OEM: A1663205166, A1663201313, A1663206713, A1663206913, A1663207113, A1663205366, A1663205566, A166320556680, A 1663205166, A 1663201313, A 1663206713, A 1663206913, A 1663207113, A 1663205366, A 1663205566, A 166320556680, 1663205166, 1663201313, 1663206713, 1663206913, 1663207113, 1663205366, 1663205566, 166320556680, A1663204966, A1663202738, A166320136880, A1663204713, A1663202513, A166320496680, A1663207313, A1663201368, A 1663204966, A 1663202738, A 166320136880, A 1663204713, A 1663202513, A 166320496680, A 1663207313, A 1663201368, 1663204966, 1663202738, 166320136880, 1663204713, 1663202513, 166320496680, 1663207313, 1663201368, AS-3061, 44-257200, DAS10044, AS-3154, AS-3409\" \/>\n<meta property=\"og:url\" content=\"https:\/\/vzduchovetlmice.sk\/cs\/produkty\/predni-levy-vzduchovy-mech-mercedes-benz-ml-gle-class-w166\/\" \/>\n<meta property=\"og:site_name\" content=\"VzduchoveTlmice.sk\" \/>\n<meta property=\"article:modified_time\" content=\"2025-11-19T20:20:08+00:00\" \/>\n<meta name=\"twitter:card\" content=\"summary_large_image\" \/>\n<meta name=\"twitter:label1\" content=\"Odhadovan\u00e1 doba \u010dten\u00ed\" \/>\n\t<meta name=\"twitter:data1\" content=\"1 minuta\" \/>\n<script type=\"application\/ld+json\" class=\"yoast-schema-graph\">{\"@context\":\"https:\/\/schema.org\",\"@graph\":[{\"@type\":\"WebPage\",\"@id\":\"https:\/\/vzduchovetlmice.sk\/cs\/produkty\/predni-levy-vzduchovy-mech-mercedes-benz-ml-gle-class-w166\/\",\"url\":\"https:\/\/vzduchovetlmice.sk\/cs\/produkty\/predni-levy-vzduchovy-mech-mercedes-benz-ml-gle-class-w166\/\",\"name\":\"P\u0159edn\u00ed lev\u00fd vzduchov\u00fd m\u011bch Mercedes Benz ML\/GLE-class W166\",\"isPartOf\":{\"@id\":\"https:\/\/vzduchovetlmice.sk\/#website\"},\"datePublished\":\"2025-07-16T10:30:59+00:00\",\"dateModified\":\"2025-11-19T20:20:08+00:00\",\"description\":\"Nov\u00fd p\u0159edn\u00ed lev\u00fd vzduchov\u00fd m\u011bch Mercedes Benz ML-class W166 (2011-2015) a Mercedes Benz GLE-class W166 (2015-2019). Ur\u010den pro modely se syst\u00e9mem AIRMATIC a tak\u00e9 modely AMG. OEM: A1663205166, A1663201313, A1663206713, A1663206913, A1663207113, A1663205366, A1663205566, A166320556680, A 1663205166, A 1663201313, A 1663206713, A 1663206913, A 1663207113, A 1663205366, A 1663205566, A 166320556680, 1663205166, 1663201313, 1663206713, 1663206913, 1663207113, 1663205366, 1663205566, 166320556680, A1663204966, A1663202738, A166320136880, A1663204713, A1663202513, A166320496680, A1663207313, A1663201368, A 1663204966, A 1663202738, A 166320136880, A 1663204713, A 1663202513, A 166320496680, A 1663207313, A 1663201368, 1663204966, 1663202738, 166320136880, 1663204713, 1663202513, 166320496680, 1663207313, 1663201368, AS-3061, 44-257200, DAS10044, AS-3154, AS-3409\",\"breadcrumb\":{\"@id\":\"https:\/\/vzduchovetlmice.sk\/cs\/produkty\/predni-levy-vzduchovy-mech-mercedes-benz-ml-gle-class-w166\/#breadcrumb\"},\"inLanguage\":\"cs\",\"potentialAction\":[{\"@type\":\"ReadAction\",\"target\":[\"https:\/\/vzduchovetlmice.sk\/cs\/produkty\/predni-levy-vzduchovy-mech-mercedes-benz-ml-gle-class-w166\/\"]}]},{\"@type\":\"BreadcrumbList\",\"@id\":\"https:\/\/vzduchovetlmice.sk\/cs\/produkty\/predni-levy-vzduchovy-mech-mercedes-benz-ml-gle-class-w166\/#breadcrumb\",\"itemListElement\":[{\"@type\":\"ListItem\",\"position\":1,\"name\":\"Domovsk\u00e1 str\u00e1nka\",\"item\":\"https:\/\/vzduchovetlmice.sk\/\"},{\"@type\":\"ListItem\",\"position\":2,\"name\":\"Obchod\",\"item\":\"https:\/\/vzduchovetlmice.sk\/obchod\/\"},{\"@type\":\"ListItem\",\"position\":3,\"name\":\"P\u0159edn\u00ed lev\u00fd vzduchov\u00fd m\u011bch Mercedes Benz ML\/GLE-class W166\"}]},{\"@type\":\"WebSite\",\"@id\":\"https:\/\/vzduchovetlmice.sk\/#website\",\"url\":\"https:\/\/vzduchovetlmice.sk\/\",\"name\":\"VzduchoveTlmice.sk\",\"description\":\"predaj dielov pre vzduchov\u00fd podvozok\",\"potentialAction\":[{\"@type\":\"SearchAction\",\"target\":{\"@type\":\"EntryPoint\",\"urlTemplate\":\"https:\/\/vzduchovetlmice.sk\/?s={search_term_string}\"},\"query-input\":{\"@type\":\"PropertyValueSpecification\",\"valueRequired\":true,\"valueName\":\"search_term_string\"}}],\"inLanguage\":\"cs\"}]}<\/script>\n<!-- \/ Yoast SEO Premium plugin. -->","yoast_head_json":{"title":"P\u0159edn\u00ed lev\u00fd vzduchov\u00fd m\u011bch Mercedes Benz ML\/GLE-class W166","description":"Nov\u00fd p\u0159edn\u00ed lev\u00fd vzduchov\u00fd m\u011bch Mercedes Benz ML-class W166 (2011-2015) a Mercedes Benz GLE-class W166 (2015-2019). Ur\u010den pro modely se syst\u00e9mem AIRMATIC a tak\u00e9 modely AMG. OEM: A1663205166, A1663201313, A1663206713, A1663206913, A1663207113, A1663205366, A1663205566, A166320556680, A 1663205166, A 1663201313, A 1663206713, A 1663206913, A 1663207113, A 1663205366, A 1663205566, A 166320556680, 1663205166, 1663201313, 1663206713, 1663206913, 1663207113, 1663205366, 1663205566, 166320556680, A1663204966, A1663202738, A166320136880, A1663204713, A1663202513, A166320496680, A1663207313, A1663201368, A 1663204966, A 1663202738, A 166320136880, A 1663204713, A 1663202513, A 166320496680, A 1663207313, A 1663201368, 1663204966, 1663202738, 166320136880, 1663204713, 1663202513, 166320496680, 1663207313, 1663201368, AS-3061, 44-257200, DAS10044, AS-3154, AS-3409","robots":{"index":"index","follow":"follow","max-snippet":"max-snippet:-1","max-image-preview":"max-image-preview:large","max-video-preview":"max-video-preview:-1"},"canonical":"https:\/\/vzduchovetlmice.sk\/cs\/produkty\/predni-levy-vzduchovy-mech-mercedes-benz-ml-gle-class-w166\/","og_locale":"cs_CZ","og_type":"article","og_title":"P\u0159edn\u00ed lev\u00fd vzduchov\u00fd m\u011bch Mercedes Benz ML\/GLE-class W166","og_description":"Nov\u00fd p\u0159edn\u00ed lev\u00fd vzduchov\u00fd m\u011bch Mercedes Benz ML-class W166 (2011-2015) a Mercedes Benz GLE-class W166 (2015-2019). Ur\u010den pro modely se syst\u00e9mem AIRMATIC a tak\u00e9 modely AMG. OEM: A1663205166, A1663201313, A1663206713, A1663206913, A1663207113, A1663205366, A1663205566, A166320556680, A 1663205166, A 1663201313, A 1663206713, A 1663206913, A 1663207113, A 1663205366, A 1663205566, A 166320556680, 1663205166, 1663201313, 1663206713, 1663206913, 1663207113, 1663205366, 1663205566, 166320556680, A1663204966, A1663202738, A166320136880, A1663204713, A1663202513, A166320496680, A1663207313, A1663201368, A 1663204966, A 1663202738, A 166320136880, A 1663204713, A 1663202513, A 166320496680, A 1663207313, A 1663201368, 1663204966, 1663202738, 166320136880, 1663204713, 1663202513, 166320496680, 1663207313, 1663201368, AS-3061, 44-257200, DAS10044, AS-3154, AS-3409","og_url":"https:\/\/vzduchovetlmice.sk\/cs\/produkty\/predni-levy-vzduchovy-mech-mercedes-benz-ml-gle-class-w166\/","og_site_name":"VzduchoveTlmice.sk","article_modified_time":"2025-11-19T20:20:08+00:00","twitter_card":"summary_large_image","twitter_misc":{"Odhadovan\u00e1 doba \u010dten\u00ed":"1 minuta"},"schema":{"@context":"https:\/\/schema.org","@graph":[{"@type":"WebPage","@id":"https:\/\/vzduchovetlmice.sk\/cs\/produkty\/predni-levy-vzduchovy-mech-mercedes-benz-ml-gle-class-w166\/","url":"https:\/\/vzduchovetlmice.sk\/cs\/produkty\/predni-levy-vzduchovy-mech-mercedes-benz-ml-gle-class-w166\/","name":"P\u0159edn\u00ed lev\u00fd vzduchov\u00fd m\u011bch Mercedes Benz ML\/GLE-class W166","isPartOf":{"@id":"https:\/\/vzduchovetlmice.sk\/#website"},"datePublished":"2025-07-16T10:30:59+00:00","dateModified":"2025-11-19T20:20:08+00:00","description":"Nov\u00fd p\u0159edn\u00ed lev\u00fd vzduchov\u00fd m\u011bch Mercedes Benz ML-class W166 (2011-2015) a Mercedes Benz GLE-class W166 (2015-2019). Ur\u010den pro modely se syst\u00e9mem AIRMATIC a tak\u00e9 modely AMG. OEM: A1663205166, A1663201313, A1663206713, A1663206913, A1663207113, A1663205366, A1663205566, A166320556680, A 1663205166, A 1663201313, A 1663206713, A 1663206913, A 1663207113, A 1663205366, A 1663205566, A 166320556680, 1663205166, 1663201313, 1663206713, 1663206913, 1663207113, 1663205366, 1663205566, 166320556680, A1663204966, A1663202738, A166320136880, A1663204713, A1663202513, A166320496680, A1663207313, A1663201368, A 1663204966, A 1663202738, A 166320136880, A 1663204713, A 1663202513, A 166320496680, A 1663207313, A 1663201368, 1663204966, 1663202738, 166320136880, 1663204713, 1663202513, 166320496680, 1663207313, 1663201368, AS-3061, 44-257200, DAS10044, AS-3154, AS-3409","breadcrumb":{"@id":"https:\/\/vzduchovetlmice.sk\/cs\/produkty\/predni-levy-vzduchovy-mech-mercedes-benz-ml-gle-class-w166\/#breadcrumb"},"inLanguage":"cs","potentialAction":[{"@type":"ReadAction","target":["https:\/\/vzduchovetlmice.sk\/cs\/produkty\/predni-levy-vzduchovy-mech-mercedes-benz-ml-gle-class-w166\/"]}]},{"@type":"BreadcrumbList","@id":"https:\/\/vzduchovetlmice.sk\/cs\/produkty\/predni-levy-vzduchovy-mech-mercedes-benz-ml-gle-class-w166\/#breadcrumb","itemListElement":[{"@type":"ListItem","position":1,"name":"Domovsk\u00e1 str\u00e1nka","item":"https:\/\/vzduchovetlmice.sk\/"},{"@type":"ListItem","position":2,"name":"Obchod","item":"https:\/\/vzduchovetlmice.sk\/obchod\/"},{"@type":"ListItem","position":3,"name":"P\u0159edn\u00ed lev\u00fd vzduchov\u00fd m\u011bch Mercedes Benz ML\/GLE-class W166"}]},{"@type":"WebSite","@id":"https:\/\/vzduchovetlmice.sk\/#website","url":"https:\/\/vzduchovetlmice.sk\/","name":"VzduchoveTlmice.sk","description":"predaj dielov pre vzduchov\u00fd podvozok","potentialAction":[{"@type":"SearchAction","target":{"@type":"EntryPoint","urlTemplate":"https:\/\/vzduchovetlmice.sk\/?s={search_term_string}"},"query-input":{"@type":"PropertyValueSpecification","valueRequired":true,"valueName":"search_term_string"}}],"inLanguage":"cs"}]}},"_links":{"self":[{"href":"https:\/\/vzduchovetlmice.sk\/cs\/wp-json\/wp\/v2\/product\/101479","targetHints":{"allow":["GET"]}}],"collection":[{"href":"https:\/\/vzduchovetlmice.sk\/cs\/wp-json\/wp\/v2\/product"}],"about":[{"href":"https:\/\/vzduchovetlmice.sk\/cs\/wp-json\/wp\/v2\/types\/product"}],"wp:attachment":[{"href":"https:\/\/vzduchovetlmice.sk\/cs\/wp-json\/wp\/v2\/media?parent=101479"}],"wp:term":[{"taxonomy":"product_brand","embeddable":true,"href":"https:\/\/vzduchovetlmice.sk\/cs\/wp-json\/wp\/v2\/product_brand?post=101479"},{"taxonomy":"product_cat","embeddable":true,"href":"https:\/\/vzduchovetlmice.sk\/cs\/wp-json\/wp\/v2\/product_cat?post=101479"},{"taxonomy":"product_tag","embeddable":true,"href":"https:\/\/vzduchovetlmice.sk\/cs\/wp-json\/wp\/v2\/product_tag?post=101479"}],"curies":[{"name":"wp","href":"https:\/\/api.w.org\/{rel}","templated":true}]}}