{"id":101486,"date":"2025-07-18T09:19:14","date_gmt":"2025-07-18T09:19:14","guid":{"rendered":"https:\/\/vzduchovetlmice.sk\/?post_type=product&#038;p=101486"},"modified":"2026-03-05T10:05:21","modified_gmt":"2026-03-05T10:05:21","slug":"predni-levy-vzduchovy-tlumic-mercedes-benz-ml-gle-class-w166-s-ads-original","status":"publish","type":"product","link":"https:\/\/vzduchovetlmice.sk\/cs\/produkty\/predni-levy-vzduchovy-tlumic-mercedes-benz-ml-gle-class-w166-s-ads-original\/","title":{"rendered":"P\u0159edn\u00ed lev\u00fd vzduchov\u00fd tlumi\u010d Mercedes Benz ML\/GLE-class W166 s ADS &#8211; Origin\u00e1l Mercedes Benz"},"content":{"rendered":"<h3><strong>Dal\u0161\u00ed informace:<\/strong><\/h3>\n<p>Nov\u00fd p\u0159edn\u00ed lev\u00fd vzduchov\u00fd tlumi\u010d s ADS Mercedes Benz ML-class W166 (2011-2015) a Mercedes Benz GLE-class W166 (2015-2019).<\/p>\n<p>Jedn\u00e1 se o origin\u00e1ln\u00ed tlumi\u010d pru\u017een\u00ed od Mercedes Benz (Vibracoustic &#8211; prvov\u00fdroba).<\/p>\n<p>Ur\u010den pro modely se syst\u00e9mem AIRMATIC a tak\u00e9 modely AMG.<\/p>\n<h4><strong>Origin\u00e1ln\u00ed v\u00fdrobn\u00ed \u010d\u00edsla (OEM): <\/strong><\/h4>\n<p>A1663205166, A1663201313, A1663206713, A1663206913, A1663207113, A1663205366, A1663205566, A166320556680, A 1663205166, A 1663201313, A 1663206713, A 1663206913, A 1663207113, A 1663205366, A 1663205566,\u00a0A 166320556680, 1663205166, 1663201313, 1663206713, 1663206913, 1663207113, 1663205366, 1663205566, 166320556680, AS-3061, 44-257200, DAS10044, AS-3154, AS-3409<\/p>\n","protected":false},"excerpt":{"rendered":"<p><strong>Zna\u010dka: <\/strong>Mercedes Benz<\/p>\n<p><strong>Model:<\/strong> ML -class W166 (2011 \u2013 2015), GLE -class W166 (2015 \u2013 2019).<\/p>\n<p><strong>Typ:<\/strong> RWD, 4Matic, AMG, s ADS<\/p>\n<p><strong>Poloha: <\/strong>P\u0159edn\u00ed n\u00e1prava vlevo<\/p>\n<p><strong>V\u00fdrobce: <\/strong>Vibracoustic \u2013 Made in Germany<\/p>\n<p><strong>Stav:\u00a0<\/strong>Nov\u00e9<\/p>\n<p><strong>Z\u00e1ruka:\u00a0<\/strong>2 roky<\/p>\n<p><strong>Dostupnos\u0165t:<\/strong>\u00a0<span style=\"color: #00ff00;\"><strong>Skladem<\/strong><\/span><\/p>\n","protected":false},"featured_media":103711,"template":"","meta":{"_et_pb_use_builder":"","_et_pb_old_content":"","_et_gb_content_width":""},"product_brand":[52],"product_cat":[569,333,575],"product_tag":[],"class_list":{"0":"post-101486","1":"product","2":"type-product","3":"status-publish","4":"has-post-thumbnail","6":"product_brand-mercedes-benz","7":"product_cat-gle-w166-2015-2019-cs","8":"product_cat-mercedes-benz-cs","9":"product_cat-ml-w166-2011-2015-cs","11":"first","12":"instock","13":"shipping-taxable","14":"purchasable","15":"product-type-simple"},"yoast_head":"<!-- This site is optimized with the Yoast SEO Premium plugin v24.9 (Yoast SEO v27.1.1) - https:\/\/yoast.com\/product\/yoast-seo-premium-wordpress\/ -->\n<title>P\u0159edn\u00ed lev\u00fd vzduchov\u00fd tlumi\u010d Mercedes Benz ML\/GLE W166 s ADS<\/title>\n<meta name=\"description\" content=\"Nov\u00fd p\u0159edn\u00ed lev\u00fd vzduchov\u00fd tlumi\u010d s ADS Mercedes Benz ML-class W166 (2011-2015) a Mercedes Benz GLE-class W166 (2015-2019). Jedn\u00e1 se o origin\u00e1ln\u00ed tlumi\u010d pru\u017een\u00ed od Mercedes Benz (Vibracoustic - prvov\u00fdroba). Ur\u010den pro modely se syst\u00e9mem AIRMATIC a tak\u00e9 modely AMG. OEM: A1663205166, A1663201313, A1663206713, A1663206913, A1663207113, A1663205366, A1663205566, A166320556680, A 1663205166, A 1663201313, A 1663206713, A 1663206913, A 1663207113, A 1663205366, A 1663205566,\u00a0A 166320556680, 1663205166, 1663201313, 1663206713, 1663206913, 1663207113, 1663205366, 1663205566, 166320556680, AS-3061, 44-257200, DAS10044, AS-3154, AS-3409\" \/>\n<meta name=\"robots\" content=\"index, follow, max-snippet:-1, max-image-preview:large, max-video-preview:-1\" \/>\n<link rel=\"canonical\" href=\"https:\/\/vzduchovetlmice.sk\/cs\/produkty\/predni-levy-vzduchovy-tlumic-mercedes-benz-ml-gle-class-w166-s-ads-original\/\" \/>\n<meta property=\"og:locale\" content=\"cs_CZ\" \/>\n<meta property=\"og:type\" content=\"article\" \/>\n<meta property=\"og:title\" content=\"P\u0159edn\u00ed lev\u00fd vzduchov\u00fd tlumi\u010d Mercedes Benz ML\/GLE-class W166 s ADS - Origin\u00e1l Mercedes Benz\" \/>\n<meta property=\"og:description\" content=\"Nov\u00fd p\u0159edn\u00ed lev\u00fd vzduchov\u00fd tlumi\u010d s ADS Mercedes Benz ML-class W166 (2011-2015) a Mercedes Benz GLE-class W166 (2015-2019). Jedn\u00e1 se o origin\u00e1ln\u00ed tlumi\u010d pru\u017een\u00ed od Mercedes Benz (Vibracoustic - prvov\u00fdroba). Ur\u010den pro modely se syst\u00e9mem AIRMATIC a tak\u00e9 modely AMG. OEM: A1663205166, A1663201313, A1663206713, A1663206913, A1663207113, A1663205366, A1663205566, A166320556680, A 1663205166, A 1663201313, A 1663206713, A 1663206913, A 1663207113, A 1663205366, A 1663205566,\u00a0A 166320556680, 1663205166, 1663201313, 1663206713, 1663206913, 1663207113, 1663205366, 1663205566, 166320556680, AS-3061, 44-257200, DAS10044, AS-3154, AS-3409\" \/>\n<meta property=\"og:url\" content=\"https:\/\/vzduchovetlmice.sk\/cs\/produkty\/predni-levy-vzduchovy-tlumic-mercedes-benz-ml-gle-class-w166-s-ads-original\/\" \/>\n<meta property=\"og:site_name\" content=\"VzduchoveTlmice.sk\" \/>\n<meta property=\"article:modified_time\" content=\"2026-03-05T10:05:21+00:00\" \/>\n<meta property=\"og:image\" content=\"https:\/\/vzduchovetlmice.sk\/wp-content\/uploads\/2025\/07\/Predny-lavy-vzduchovy-tlmic-Mercedes-Benz-ML-GLE-class-W166-s-ADS-\u2013-Original-Mercedes-Benz-Vibracoustic-A1663205166-A1663201313-A1663206713-A1663206913-A1663207113.jpg\" \/>\n\t<meta property=\"og:image:width\" content=\"1000\" \/>\n\t<meta property=\"og:image:height\" content=\"1000\" \/>\n\t<meta property=\"og:image:type\" content=\"image\/jpeg\" \/>\n<meta name=\"twitter:card\" content=\"summary_large_image\" \/>\n<meta name=\"twitter:label1\" content=\"Odhadovan\u00e1 doba \u010dten\u00ed\" \/>\n\t<meta name=\"twitter:data1\" content=\"1 minuta\" \/>\n<script type=\"application\/ld+json\" class=\"yoast-schema-graph\">{\"@context\":\"https:\/\/schema.org\",\"@graph\":[{\"@type\":\"WebPage\",\"@id\":\"https:\/\/vzduchovetlmice.sk\/cs\/produkty\/predni-levy-vzduchovy-tlumic-mercedes-benz-ml-gle-class-w166-s-ads-original\/\",\"url\":\"https:\/\/vzduchovetlmice.sk\/cs\/produkty\/predni-levy-vzduchovy-tlumic-mercedes-benz-ml-gle-class-w166-s-ads-original\/\",\"name\":\"P\u0159edn\u00ed lev\u00fd vzduchov\u00fd tlumi\u010d Mercedes Benz ML\/GLE W166 s ADS\",\"isPartOf\":{\"@id\":\"https:\/\/vzduchovetlmice.sk\/#website\"},\"primaryImageOfPage\":{\"@id\":\"https:\/\/vzduchovetlmice.sk\/cs\/produkty\/predni-levy-vzduchovy-tlumic-mercedes-benz-ml-gle-class-w166-s-ads-original\/#primaryimage\"},\"image\":{\"@id\":\"https:\/\/vzduchovetlmice.sk\/cs\/produkty\/predni-levy-vzduchovy-tlumic-mercedes-benz-ml-gle-class-w166-s-ads-original\/#primaryimage\"},\"thumbnailUrl\":\"https:\/\/vzduchovetlmice.sk\/wp-content\/uploads\/2025\/07\/Predny-lavy-vzduchovy-tlmic-Mercedes-Benz-ML-GLE-class-W166-s-ADS-\u2013-Original-Mercedes-Benz-Vibracoustic-A1663205166-A1663201313-A1663206713-A1663206913-A1663207113.jpg\",\"datePublished\":\"2025-07-18T09:19:14+00:00\",\"dateModified\":\"2026-03-05T10:05:21+00:00\",\"description\":\"Nov\u00fd p\u0159edn\u00ed lev\u00fd vzduchov\u00fd tlumi\u010d s ADS Mercedes Benz ML-class W166 (2011-2015) a Mercedes Benz GLE-class W166 (2015-2019). Jedn\u00e1 se o origin\u00e1ln\u00ed tlumi\u010d pru\u017een\u00ed od Mercedes Benz (Vibracoustic - prvov\u00fdroba). Ur\u010den pro modely se syst\u00e9mem AIRMATIC a tak\u00e9 modely AMG. OEM: A1663205166, A1663201313, A1663206713, A1663206913, A1663207113, A1663205366, A1663205566, A166320556680, A 1663205166, A 1663201313, A 1663206713, A 1663206913, A 1663207113, A 1663205366, A 1663205566,\u00a0A 166320556680, 1663205166, 1663201313, 1663206713, 1663206913, 1663207113, 1663205366, 1663205566, 166320556680, AS-3061, 44-257200, DAS10044, AS-3154, AS-3409\",\"breadcrumb\":{\"@id\":\"https:\/\/vzduchovetlmice.sk\/cs\/produkty\/predni-levy-vzduchovy-tlumic-mercedes-benz-ml-gle-class-w166-s-ads-original\/#breadcrumb\"},\"inLanguage\":\"cs\",\"potentialAction\":[{\"@type\":\"ReadAction\",\"target\":[\"https:\/\/vzduchovetlmice.sk\/cs\/produkty\/predni-levy-vzduchovy-tlumic-mercedes-benz-ml-gle-class-w166-s-ads-original\/\"]}]},{\"@type\":\"ImageObject\",\"inLanguage\":\"cs\",\"@id\":\"https:\/\/vzduchovetlmice.sk\/cs\/produkty\/predni-levy-vzduchovy-tlumic-mercedes-benz-ml-gle-class-w166-s-ads-original\/#primaryimage\",\"url\":\"https:\/\/vzduchovetlmice.sk\/wp-content\/uploads\/2025\/07\/Predny-lavy-vzduchovy-tlmic-Mercedes-Benz-ML-GLE-class-W166-s-ADS-\u2013-Original-Mercedes-Benz-Vibracoustic-A1663205166-A1663201313-A1663206713-A1663206913-A1663207113.jpg\",\"contentUrl\":\"https:\/\/vzduchovetlmice.sk\/wp-content\/uploads\/2025\/07\/Predny-lavy-vzduchovy-tlmic-Mercedes-Benz-ML-GLE-class-W166-s-ADS-\u2013-Original-Mercedes-Benz-Vibracoustic-A1663205166-A1663201313-A1663206713-A1663206913-A1663207113.jpg\",\"width\":1000,\"height\":1000,\"caption\":\"Predn\u00fd \u013eav\u00fd vzduchov\u00fd tlmi\u010d Mercedes Benz ML, GLE-class W166 s ADS \u2013 Origin\u00e1l Mercedes Benz, Vibracoustic, A1663205166, A1663201313, A1663206713, A1663206913, A1663207113\"},{\"@type\":\"BreadcrumbList\",\"@id\":\"https:\/\/vzduchovetlmice.sk\/cs\/produkty\/predni-levy-vzduchovy-tlumic-mercedes-benz-ml-gle-class-w166-s-ads-original\/#breadcrumb\",\"itemListElement\":[{\"@type\":\"ListItem\",\"position\":1,\"name\":\"Domovsk\u00e1 str\u00e1nka\",\"item\":\"https:\/\/vzduchovetlmice.sk\/\"},{\"@type\":\"ListItem\",\"position\":2,\"name\":\"Obchod\",\"item\":\"https:\/\/vzduchovetlmice.sk\/obchod\/\"},{\"@type\":\"ListItem\",\"position\":3,\"name\":\"P\u0159edn\u00ed lev\u00fd vzduchov\u00fd tlumi\u010d Mercedes Benz ML\/GLE-class W166 s ADS &#8211; Origin\u00e1l Mercedes Benz\"}]},{\"@type\":\"WebSite\",\"@id\":\"https:\/\/vzduchovetlmice.sk\/#website\",\"url\":\"https:\/\/vzduchovetlmice.sk\/\",\"name\":\"VzduchoveTlmice.sk\",\"description\":\"predaj dielov pre vzduchov\u00fd podvozok\",\"potentialAction\":[{\"@type\":\"SearchAction\",\"target\":{\"@type\":\"EntryPoint\",\"urlTemplate\":\"https:\/\/vzduchovetlmice.sk\/?s={search_term_string}\"},\"query-input\":{\"@type\":\"PropertyValueSpecification\",\"valueRequired\":true,\"valueName\":\"search_term_string\"}}],\"inLanguage\":\"cs\"}]}<\/script>\n<!-- \/ Yoast SEO Premium plugin. -->","yoast_head_json":{"title":"P\u0159edn\u00ed lev\u00fd vzduchov\u00fd tlumi\u010d Mercedes Benz ML\/GLE W166 s ADS","description":"Nov\u00fd p\u0159edn\u00ed lev\u00fd vzduchov\u00fd tlumi\u010d s ADS Mercedes Benz ML-class W166 (2011-2015) a Mercedes Benz GLE-class W166 (2015-2019). Jedn\u00e1 se o origin\u00e1ln\u00ed tlumi\u010d pru\u017een\u00ed od Mercedes Benz (Vibracoustic - prvov\u00fdroba). Ur\u010den pro modely se syst\u00e9mem AIRMATIC a tak\u00e9 modely AMG. OEM: A1663205166, A1663201313, A1663206713, A1663206913, A1663207113, A1663205366, A1663205566, A166320556680, A 1663205166, A 1663201313, A 1663206713, A 1663206913, A 1663207113, A 1663205366, A 1663205566,\u00a0A 166320556680, 1663205166, 1663201313, 1663206713, 1663206913, 1663207113, 1663205366, 1663205566, 166320556680, AS-3061, 44-257200, DAS10044, AS-3154, AS-3409","robots":{"index":"index","follow":"follow","max-snippet":"max-snippet:-1","max-image-preview":"max-image-preview:large","max-video-preview":"max-video-preview:-1"},"canonical":"https:\/\/vzduchovetlmice.sk\/cs\/produkty\/predni-levy-vzduchovy-tlumic-mercedes-benz-ml-gle-class-w166-s-ads-original\/","og_locale":"cs_CZ","og_type":"article","og_title":"P\u0159edn\u00ed lev\u00fd vzduchov\u00fd tlumi\u010d Mercedes Benz ML\/GLE-class W166 s ADS - Origin\u00e1l Mercedes Benz","og_description":"Nov\u00fd p\u0159edn\u00ed lev\u00fd vzduchov\u00fd tlumi\u010d s ADS Mercedes Benz ML-class W166 (2011-2015) a Mercedes Benz GLE-class W166 (2015-2019). Jedn\u00e1 se o origin\u00e1ln\u00ed tlumi\u010d pru\u017een\u00ed od Mercedes Benz (Vibracoustic - prvov\u00fdroba). Ur\u010den pro modely se syst\u00e9mem AIRMATIC a tak\u00e9 modely AMG. OEM: A1663205166, A1663201313, A1663206713, A1663206913, A1663207113, A1663205366, A1663205566, A166320556680, A 1663205166, A 1663201313, A 1663206713, A 1663206913, A 1663207113, A 1663205366, A 1663205566,\u00a0A 166320556680, 1663205166, 1663201313, 1663206713, 1663206913, 1663207113, 1663205366, 1663205566, 166320556680, AS-3061, 44-257200, DAS10044, AS-3154, AS-3409","og_url":"https:\/\/vzduchovetlmice.sk\/cs\/produkty\/predni-levy-vzduchovy-tlumic-mercedes-benz-ml-gle-class-w166-s-ads-original\/","og_site_name":"VzduchoveTlmice.sk","article_modified_time":"2026-03-05T10:05:21+00:00","og_image":[{"width":1000,"height":1000,"url":"https:\/\/vzduchovetlmice.sk\/wp-content\/uploads\/2025\/07\/Predny-lavy-vzduchovy-tlmic-Mercedes-Benz-ML-GLE-class-W166-s-ADS-\u2013-Original-Mercedes-Benz-Vibracoustic-A1663205166-A1663201313-A1663206713-A1663206913-A1663207113.jpg","type":"image\/jpeg"}],"twitter_card":"summary_large_image","twitter_misc":{"Odhadovan\u00e1 doba \u010dten\u00ed":"1 minuta"},"schema":{"@context":"https:\/\/schema.org","@graph":[{"@type":"WebPage","@id":"https:\/\/vzduchovetlmice.sk\/cs\/produkty\/predni-levy-vzduchovy-tlumic-mercedes-benz-ml-gle-class-w166-s-ads-original\/","url":"https:\/\/vzduchovetlmice.sk\/cs\/produkty\/predni-levy-vzduchovy-tlumic-mercedes-benz-ml-gle-class-w166-s-ads-original\/","name":"P\u0159edn\u00ed lev\u00fd vzduchov\u00fd tlumi\u010d Mercedes Benz ML\/GLE W166 s ADS","isPartOf":{"@id":"https:\/\/vzduchovetlmice.sk\/#website"},"primaryImageOfPage":{"@id":"https:\/\/vzduchovetlmice.sk\/cs\/produkty\/predni-levy-vzduchovy-tlumic-mercedes-benz-ml-gle-class-w166-s-ads-original\/#primaryimage"},"image":{"@id":"https:\/\/vzduchovetlmice.sk\/cs\/produkty\/predni-levy-vzduchovy-tlumic-mercedes-benz-ml-gle-class-w166-s-ads-original\/#primaryimage"},"thumbnailUrl":"https:\/\/vzduchovetlmice.sk\/wp-content\/uploads\/2025\/07\/Predny-lavy-vzduchovy-tlmic-Mercedes-Benz-ML-GLE-class-W166-s-ADS-\u2013-Original-Mercedes-Benz-Vibracoustic-A1663205166-A1663201313-A1663206713-A1663206913-A1663207113.jpg","datePublished":"2025-07-18T09:19:14+00:00","dateModified":"2026-03-05T10:05:21+00:00","description":"Nov\u00fd p\u0159edn\u00ed lev\u00fd vzduchov\u00fd tlumi\u010d s ADS Mercedes Benz ML-class W166 (2011-2015) a Mercedes Benz GLE-class W166 (2015-2019). Jedn\u00e1 se o origin\u00e1ln\u00ed tlumi\u010d pru\u017een\u00ed od Mercedes Benz (Vibracoustic - prvov\u00fdroba). Ur\u010den pro modely se syst\u00e9mem AIRMATIC a tak\u00e9 modely AMG. OEM: A1663205166, A1663201313, A1663206713, A1663206913, A1663207113, A1663205366, A1663205566, A166320556680, A 1663205166, A 1663201313, A 1663206713, A 1663206913, A 1663207113, A 1663205366, A 1663205566,\u00a0A 166320556680, 1663205166, 1663201313, 1663206713, 1663206913, 1663207113, 1663205366, 1663205566, 166320556680, AS-3061, 44-257200, DAS10044, AS-3154, AS-3409","breadcrumb":{"@id":"https:\/\/vzduchovetlmice.sk\/cs\/produkty\/predni-levy-vzduchovy-tlumic-mercedes-benz-ml-gle-class-w166-s-ads-original\/#breadcrumb"},"inLanguage":"cs","potentialAction":[{"@type":"ReadAction","target":["https:\/\/vzduchovetlmice.sk\/cs\/produkty\/predni-levy-vzduchovy-tlumic-mercedes-benz-ml-gle-class-w166-s-ads-original\/"]}]},{"@type":"ImageObject","inLanguage":"cs","@id":"https:\/\/vzduchovetlmice.sk\/cs\/produkty\/predni-levy-vzduchovy-tlumic-mercedes-benz-ml-gle-class-w166-s-ads-original\/#primaryimage","url":"https:\/\/vzduchovetlmice.sk\/wp-content\/uploads\/2025\/07\/Predny-lavy-vzduchovy-tlmic-Mercedes-Benz-ML-GLE-class-W166-s-ADS-\u2013-Original-Mercedes-Benz-Vibracoustic-A1663205166-A1663201313-A1663206713-A1663206913-A1663207113.jpg","contentUrl":"https:\/\/vzduchovetlmice.sk\/wp-content\/uploads\/2025\/07\/Predny-lavy-vzduchovy-tlmic-Mercedes-Benz-ML-GLE-class-W166-s-ADS-\u2013-Original-Mercedes-Benz-Vibracoustic-A1663205166-A1663201313-A1663206713-A1663206913-A1663207113.jpg","width":1000,"height":1000,"caption":"Predn\u00fd \u013eav\u00fd vzduchov\u00fd tlmi\u010d Mercedes Benz ML, GLE-class W166 s ADS \u2013 Origin\u00e1l Mercedes Benz, Vibracoustic, A1663205166, A1663201313, A1663206713, A1663206913, A1663207113"},{"@type":"BreadcrumbList","@id":"https:\/\/vzduchovetlmice.sk\/cs\/produkty\/predni-levy-vzduchovy-tlumic-mercedes-benz-ml-gle-class-w166-s-ads-original\/#breadcrumb","itemListElement":[{"@type":"ListItem","position":1,"name":"Domovsk\u00e1 str\u00e1nka","item":"https:\/\/vzduchovetlmice.sk\/"},{"@type":"ListItem","position":2,"name":"Obchod","item":"https:\/\/vzduchovetlmice.sk\/obchod\/"},{"@type":"ListItem","position":3,"name":"P\u0159edn\u00ed lev\u00fd vzduchov\u00fd tlumi\u010d Mercedes Benz ML\/GLE-class W166 s ADS &#8211; Origin\u00e1l Mercedes Benz"}]},{"@type":"WebSite","@id":"https:\/\/vzduchovetlmice.sk\/#website","url":"https:\/\/vzduchovetlmice.sk\/","name":"VzduchoveTlmice.sk","description":"predaj dielov pre vzduchov\u00fd podvozok","potentialAction":[{"@type":"SearchAction","target":{"@type":"EntryPoint","urlTemplate":"https:\/\/vzduchovetlmice.sk\/?s={search_term_string}"},"query-input":{"@type":"PropertyValueSpecification","valueRequired":true,"valueName":"search_term_string"}}],"inLanguage":"cs"}]}},"_links":{"self":[{"href":"https:\/\/vzduchovetlmice.sk\/cs\/wp-json\/wp\/v2\/product\/101486","targetHints":{"allow":["GET"]}}],"collection":[{"href":"https:\/\/vzduchovetlmice.sk\/cs\/wp-json\/wp\/v2\/product"}],"about":[{"href":"https:\/\/vzduchovetlmice.sk\/cs\/wp-json\/wp\/v2\/types\/product"}],"wp:featuredmedia":[{"embeddable":true,"href":"https:\/\/vzduchovetlmice.sk\/cs\/wp-json\/wp\/v2\/media\/103711"}],"wp:attachment":[{"href":"https:\/\/vzduchovetlmice.sk\/cs\/wp-json\/wp\/v2\/media?parent=101486"}],"wp:term":[{"taxonomy":"product_brand","embeddable":true,"href":"https:\/\/vzduchovetlmice.sk\/cs\/wp-json\/wp\/v2\/product_brand?post=101486"},{"taxonomy":"product_cat","embeddable":true,"href":"https:\/\/vzduchovetlmice.sk\/cs\/wp-json\/wp\/v2\/product_cat?post=101486"},{"taxonomy":"product_tag","embeddable":true,"href":"https:\/\/vzduchovetlmice.sk\/cs\/wp-json\/wp\/v2\/product_tag?post=101486"}],"curies":[{"name":"wp","href":"https:\/\/api.w.org\/{rel}","templated":true}]}}