{"id":101493,"date":"2025-07-18T10:17:30","date_gmt":"2025-07-18T10:17:30","guid":{"rendered":"https:\/\/vzduchovetlmice.sk\/?post_type=product&#038;p=101493"},"modified":"2025-11-19T16:32:38","modified_gmt":"2025-11-19T16:32:38","slug":"zadni-vzduchovy-mech-mercedes-benz-ml-gle-class-w166","status":"publish","type":"product","link":"https:\/\/vzduchovetlmice.sk\/cs\/produkty\/zadni-vzduchovy-mech-mercedes-benz-ml-gle-class-w166\/","title":{"rendered":"Zadn\u00ed vzduchov\u00fd m\u011bch Mercedes Benz ML\/GLE-class W166"},"content":{"rendered":"<h3><strong>Dal\u0161\u00ed informace:<\/strong><\/h3>\n<p>Nov\u00fd zadn\u00ed vzduchov\u00fd m\u011bch Mercedes Benz ML-class W166 (2011-2015) a Mercedes Benz GLE-class W166 (2015-2019).<\/p>\n<p>Sou\u010d\u00e1st\u00ed balen\u00ed je i nov\u00fd plastov\u00fd dr\u017e\u00e1k pol\u0161t\u00e1\u0159e &#8211; A2113280058 (A 211 328 00 58).<\/p>\n<p>Pneumatick\u00fd m\u011bch je stejn\u00fd pro pravou i levou stranu.<\/p>\n<p>Ur\u010den pro modely se syst\u00e9mem AIRMATIC a tak\u00e9 modely AMG.<\/p>\n<h4><strong>Origin\u00e1ln\u00ed v\u00fdrobn\u00ed \u010d\u00edsla (OEM): <\/strong><\/h4>\n<p>A1663200325, A 1663200325, 1663200325, A1663200725, A 1663200725, 1663200725, A1663200625, A 1663200625, 1663200625, 49430450, A-2596, 40-247687, 40-118673, KLF-B867<\/p>\n","protected":false},"excerpt":{"rendered":"<p><strong>Zna\u010dka: <\/strong>Mercedes Benz<\/p>\n<p><strong>Model:<\/strong> ML -class W166 (2011 \u2013 2015), GLE -class W166 (2015 \u2013 2019)<\/p>\n<p><strong>Typ:<\/strong> RWD, 4Matic, AMG, s ADS, bez ADS<\/p>\n<p><strong>Poloha: <\/strong>Zadn\u00ed n\u00e1prava vpravo\/vlevo<\/p>\n<p><strong>V\u00fdrobce: <\/strong>OEM<\/p>\n<p><strong>Stav:\u00a0<\/strong>Nov\u00e9<\/p>\n<p><strong>Z\u00e1ruka:\u00a0<\/strong>2 roky<\/p>\n<p><strong>Dostupnost:<\/strong>\u00a0<span style=\"color: #00ff00;\"><strong>Skladem<\/strong><\/span><\/p>\n","protected":false},"featured_media":103479,"template":"","meta":{"_et_pb_use_builder":"","_et_pb_old_content":"","_et_gb_content_width":""},"product_brand":[52],"product_cat":[569,333,575],"product_tag":[],"class_list":{"0":"post-101493","1":"product","2":"type-product","3":"status-publish","4":"has-post-thumbnail","6":"product_brand-mercedes-benz","7":"product_cat-gle-w166-2015-2019-cs","8":"product_cat-mercedes-benz-cs","9":"product_cat-ml-w166-2011-2015-cs","11":"first","12":"instock","13":"shipping-taxable","14":"purchasable","15":"product-type-simple"},"yoast_head":"<!-- This site is optimized with the Yoast SEO Premium plugin v24.9 (Yoast SEO v27.1.1) - https:\/\/yoast.com\/product\/yoast-seo-premium-wordpress\/ -->\n<title>Zadn\u00ed vzduchov\u00fd m\u011bch Mercedes Benz ML\/GLE-class W166<\/title>\n<meta name=\"description\" content=\"Nov\u00fd zadn\u00ed vzduchov\u00fd m\u011bch Mercedes Benz ML-class W166 (2011-2015) a Mercedes Benz GLE-class W166 (2015-2019). Sou\u010d\u00e1st\u00ed balen\u00ed je i nov\u00fd plastov\u00fd dr\u017e\u00e1k pol\u0161t\u00e1\u0159e - A2113280058 (A 211 328 00 58). Pneumatick\u00fd m\u011bch je stejn\u00fd pro pravou i levou stranu. Ur\u010den pro modely se syst\u00e9mem AIRMATIC a tak\u00e9 modely AMG. OEM: A1663200325, A 1663200325, 1663200325, A1663200725, A 1663200725, 1663200725, A1663200625, A 1663200625, 1663200625, 49430450, A-2596, 40-247687, 40-118673, KLF-B867\" \/>\n<meta name=\"robots\" content=\"index, follow, max-snippet:-1, max-image-preview:large, max-video-preview:-1\" \/>\n<link rel=\"canonical\" href=\"https:\/\/vzduchovetlmice.sk\/cs\/produkty\/zadni-vzduchovy-mech-mercedes-benz-ml-gle-class-w166\/\" \/>\n<meta property=\"og:locale\" content=\"cs_CZ\" \/>\n<meta property=\"og:type\" content=\"article\" \/>\n<meta property=\"og:title\" content=\"Zadn\u00ed vzduchov\u00fd m\u011bch Mercedes Benz ML\/GLE-class W166\" \/>\n<meta property=\"og:description\" content=\"Nov\u00fd zadn\u00ed vzduchov\u00fd m\u011bch Mercedes Benz ML-class W166 (2011-2015) a Mercedes Benz GLE-class W166 (2015-2019). Sou\u010d\u00e1st\u00ed balen\u00ed je i nov\u00fd plastov\u00fd dr\u017e\u00e1k pol\u0161t\u00e1\u0159e - A2113280058 (A 211 328 00 58). Pneumatick\u00fd m\u011bch je stejn\u00fd pro pravou i levou stranu. Ur\u010den pro modely se syst\u00e9mem AIRMATIC a tak\u00e9 modely AMG. OEM: A1663200325, A 1663200325, 1663200325, A1663200725, A 1663200725, 1663200725, A1663200625, A 1663200625, 1663200625, 49430450, A-2596, 40-247687, 40-118673, KLF-B867\" \/>\n<meta property=\"og:url\" content=\"https:\/\/vzduchovetlmice.sk\/cs\/produkty\/zadni-vzduchovy-mech-mercedes-benz-ml-gle-class-w166\/\" \/>\n<meta property=\"og:site_name\" content=\"VzduchoveTlmice.sk\" \/>\n<meta property=\"article:modified_time\" content=\"2025-11-19T16:32:38+00:00\" \/>\n<meta property=\"og:image\" content=\"https:\/\/vzduchovetlmice.sk\/wp-content\/uploads\/2025\/07\/Zadny-vzduchovy-vankus-Mercedes-Benz-ML-GLE-class-W166-A1663200325-A-1663200325-1663200325-A1663200725.jpg\" \/>\n\t<meta property=\"og:image:width\" content=\"1000\" \/>\n\t<meta property=\"og:image:height\" content=\"1000\" \/>\n\t<meta property=\"og:image:type\" content=\"image\/jpeg\" \/>\n<meta name=\"twitter:card\" content=\"summary_large_image\" \/>\n<meta name=\"twitter:label1\" content=\"Odhadovan\u00e1 doba \u010dten\u00ed\" \/>\n\t<meta name=\"twitter:data1\" content=\"1 minuta\" \/>\n<script type=\"application\/ld+json\" class=\"yoast-schema-graph\">{\"@context\":\"https:\/\/schema.org\",\"@graph\":[{\"@type\":\"WebPage\",\"@id\":\"https:\/\/vzduchovetlmice.sk\/cs\/produkty\/zadni-vzduchovy-mech-mercedes-benz-ml-gle-class-w166\/\",\"url\":\"https:\/\/vzduchovetlmice.sk\/cs\/produkty\/zadni-vzduchovy-mech-mercedes-benz-ml-gle-class-w166\/\",\"name\":\"Zadn\u00ed vzduchov\u00fd m\u011bch Mercedes Benz ML\/GLE-class W166\",\"isPartOf\":{\"@id\":\"https:\/\/vzduchovetlmice.sk\/#website\"},\"primaryImageOfPage\":{\"@id\":\"https:\/\/vzduchovetlmice.sk\/cs\/produkty\/zadni-vzduchovy-mech-mercedes-benz-ml-gle-class-w166\/#primaryimage\"},\"image\":{\"@id\":\"https:\/\/vzduchovetlmice.sk\/cs\/produkty\/zadni-vzduchovy-mech-mercedes-benz-ml-gle-class-w166\/#primaryimage\"},\"thumbnailUrl\":\"https:\/\/vzduchovetlmice.sk\/wp-content\/uploads\/2025\/07\/Zadny-vzduchovy-vankus-Mercedes-Benz-ML-GLE-class-W166-A1663200325-A-1663200325-1663200325-A1663200725.jpg\",\"datePublished\":\"2025-07-18T10:17:30+00:00\",\"dateModified\":\"2025-11-19T16:32:38+00:00\",\"description\":\"Nov\u00fd zadn\u00ed vzduchov\u00fd m\u011bch Mercedes Benz ML-class W166 (2011-2015) a Mercedes Benz GLE-class W166 (2015-2019). Sou\u010d\u00e1st\u00ed balen\u00ed je i nov\u00fd plastov\u00fd dr\u017e\u00e1k pol\u0161t\u00e1\u0159e - A2113280058 (A 211 328 00 58). Pneumatick\u00fd m\u011bch je stejn\u00fd pro pravou i levou stranu. Ur\u010den pro modely se syst\u00e9mem AIRMATIC a tak\u00e9 modely AMG. OEM: A1663200325, A 1663200325, 1663200325, A1663200725, A 1663200725, 1663200725, A1663200625, A 1663200625, 1663200625, 49430450, A-2596, 40-247687, 40-118673, KLF-B867\",\"breadcrumb\":{\"@id\":\"https:\/\/vzduchovetlmice.sk\/cs\/produkty\/zadni-vzduchovy-mech-mercedes-benz-ml-gle-class-w166\/#breadcrumb\"},\"inLanguage\":\"cs\",\"potentialAction\":[{\"@type\":\"ReadAction\",\"target\":[\"https:\/\/vzduchovetlmice.sk\/cs\/produkty\/zadni-vzduchovy-mech-mercedes-benz-ml-gle-class-w166\/\"]}]},{\"@type\":\"ImageObject\",\"inLanguage\":\"cs\",\"@id\":\"https:\/\/vzduchovetlmice.sk\/cs\/produkty\/zadni-vzduchovy-mech-mercedes-benz-ml-gle-class-w166\/#primaryimage\",\"url\":\"https:\/\/vzduchovetlmice.sk\/wp-content\/uploads\/2025\/07\/Zadny-vzduchovy-vankus-Mercedes-Benz-ML-GLE-class-W166-A1663200325-A-1663200325-1663200325-A1663200725.jpg\",\"contentUrl\":\"https:\/\/vzduchovetlmice.sk\/wp-content\/uploads\/2025\/07\/Zadny-vzduchovy-vankus-Mercedes-Benz-ML-GLE-class-W166-A1663200325-A-1663200325-1663200325-A1663200725.jpg\",\"width\":1000,\"height\":1000,\"caption\":\"Zadn\u00fd vzduchov\u00fd vank\u00fa\u0161 Mercedes Benz ML, GLE-class W166, A1663200325, A 1663200325, 1663200325, A1663200725\"},{\"@type\":\"BreadcrumbList\",\"@id\":\"https:\/\/vzduchovetlmice.sk\/cs\/produkty\/zadni-vzduchovy-mech-mercedes-benz-ml-gle-class-w166\/#breadcrumb\",\"itemListElement\":[{\"@type\":\"ListItem\",\"position\":1,\"name\":\"Domovsk\u00e1 str\u00e1nka\",\"item\":\"https:\/\/vzduchovetlmice.sk\/\"},{\"@type\":\"ListItem\",\"position\":2,\"name\":\"Obchod\",\"item\":\"https:\/\/vzduchovetlmice.sk\/obchod\/\"},{\"@type\":\"ListItem\",\"position\":3,\"name\":\"Zadn\u00ed vzduchov\u00fd m\u011bch Mercedes Benz ML\/GLE-class W166\"}]},{\"@type\":\"WebSite\",\"@id\":\"https:\/\/vzduchovetlmice.sk\/#website\",\"url\":\"https:\/\/vzduchovetlmice.sk\/\",\"name\":\"VzduchoveTlmice.sk\",\"description\":\"predaj dielov pre vzduchov\u00fd podvozok\",\"potentialAction\":[{\"@type\":\"SearchAction\",\"target\":{\"@type\":\"EntryPoint\",\"urlTemplate\":\"https:\/\/vzduchovetlmice.sk\/?s={search_term_string}\"},\"query-input\":{\"@type\":\"PropertyValueSpecification\",\"valueRequired\":true,\"valueName\":\"search_term_string\"}}],\"inLanguage\":\"cs\"}]}<\/script>\n<!-- \/ Yoast SEO Premium plugin. -->","yoast_head_json":{"title":"Zadn\u00ed vzduchov\u00fd m\u011bch Mercedes Benz ML\/GLE-class W166","description":"Nov\u00fd zadn\u00ed vzduchov\u00fd m\u011bch Mercedes Benz ML-class W166 (2011-2015) a Mercedes Benz GLE-class W166 (2015-2019). Sou\u010d\u00e1st\u00ed balen\u00ed je i nov\u00fd plastov\u00fd dr\u017e\u00e1k pol\u0161t\u00e1\u0159e - A2113280058 (A 211 328 00 58). Pneumatick\u00fd m\u011bch je stejn\u00fd pro pravou i levou stranu. Ur\u010den pro modely se syst\u00e9mem AIRMATIC a tak\u00e9 modely AMG. OEM: A1663200325, A 1663200325, 1663200325, A1663200725, A 1663200725, 1663200725, A1663200625, A 1663200625, 1663200625, 49430450, A-2596, 40-247687, 40-118673, KLF-B867","robots":{"index":"index","follow":"follow","max-snippet":"max-snippet:-1","max-image-preview":"max-image-preview:large","max-video-preview":"max-video-preview:-1"},"canonical":"https:\/\/vzduchovetlmice.sk\/cs\/produkty\/zadni-vzduchovy-mech-mercedes-benz-ml-gle-class-w166\/","og_locale":"cs_CZ","og_type":"article","og_title":"Zadn\u00ed vzduchov\u00fd m\u011bch Mercedes Benz ML\/GLE-class W166","og_description":"Nov\u00fd zadn\u00ed vzduchov\u00fd m\u011bch Mercedes Benz ML-class W166 (2011-2015) a Mercedes Benz GLE-class W166 (2015-2019). Sou\u010d\u00e1st\u00ed balen\u00ed je i nov\u00fd plastov\u00fd dr\u017e\u00e1k pol\u0161t\u00e1\u0159e - A2113280058 (A 211 328 00 58). Pneumatick\u00fd m\u011bch je stejn\u00fd pro pravou i levou stranu. Ur\u010den pro modely se syst\u00e9mem AIRMATIC a tak\u00e9 modely AMG. OEM: A1663200325, A 1663200325, 1663200325, A1663200725, A 1663200725, 1663200725, A1663200625, A 1663200625, 1663200625, 49430450, A-2596, 40-247687, 40-118673, KLF-B867","og_url":"https:\/\/vzduchovetlmice.sk\/cs\/produkty\/zadni-vzduchovy-mech-mercedes-benz-ml-gle-class-w166\/","og_site_name":"VzduchoveTlmice.sk","article_modified_time":"2025-11-19T16:32:38+00:00","og_image":[{"width":1000,"height":1000,"url":"https:\/\/vzduchovetlmice.sk\/wp-content\/uploads\/2025\/07\/Zadny-vzduchovy-vankus-Mercedes-Benz-ML-GLE-class-W166-A1663200325-A-1663200325-1663200325-A1663200725.jpg","type":"image\/jpeg"}],"twitter_card":"summary_large_image","twitter_misc":{"Odhadovan\u00e1 doba \u010dten\u00ed":"1 minuta"},"schema":{"@context":"https:\/\/schema.org","@graph":[{"@type":"WebPage","@id":"https:\/\/vzduchovetlmice.sk\/cs\/produkty\/zadni-vzduchovy-mech-mercedes-benz-ml-gle-class-w166\/","url":"https:\/\/vzduchovetlmice.sk\/cs\/produkty\/zadni-vzduchovy-mech-mercedes-benz-ml-gle-class-w166\/","name":"Zadn\u00ed vzduchov\u00fd m\u011bch Mercedes Benz ML\/GLE-class W166","isPartOf":{"@id":"https:\/\/vzduchovetlmice.sk\/#website"},"primaryImageOfPage":{"@id":"https:\/\/vzduchovetlmice.sk\/cs\/produkty\/zadni-vzduchovy-mech-mercedes-benz-ml-gle-class-w166\/#primaryimage"},"image":{"@id":"https:\/\/vzduchovetlmice.sk\/cs\/produkty\/zadni-vzduchovy-mech-mercedes-benz-ml-gle-class-w166\/#primaryimage"},"thumbnailUrl":"https:\/\/vzduchovetlmice.sk\/wp-content\/uploads\/2025\/07\/Zadny-vzduchovy-vankus-Mercedes-Benz-ML-GLE-class-W166-A1663200325-A-1663200325-1663200325-A1663200725.jpg","datePublished":"2025-07-18T10:17:30+00:00","dateModified":"2025-11-19T16:32:38+00:00","description":"Nov\u00fd zadn\u00ed vzduchov\u00fd m\u011bch Mercedes Benz ML-class W166 (2011-2015) a Mercedes Benz GLE-class W166 (2015-2019). Sou\u010d\u00e1st\u00ed balen\u00ed je i nov\u00fd plastov\u00fd dr\u017e\u00e1k pol\u0161t\u00e1\u0159e - A2113280058 (A 211 328 00 58). Pneumatick\u00fd m\u011bch je stejn\u00fd pro pravou i levou stranu. Ur\u010den pro modely se syst\u00e9mem AIRMATIC a tak\u00e9 modely AMG. OEM: A1663200325, A 1663200325, 1663200325, A1663200725, A 1663200725, 1663200725, A1663200625, A 1663200625, 1663200625, 49430450, A-2596, 40-247687, 40-118673, KLF-B867","breadcrumb":{"@id":"https:\/\/vzduchovetlmice.sk\/cs\/produkty\/zadni-vzduchovy-mech-mercedes-benz-ml-gle-class-w166\/#breadcrumb"},"inLanguage":"cs","potentialAction":[{"@type":"ReadAction","target":["https:\/\/vzduchovetlmice.sk\/cs\/produkty\/zadni-vzduchovy-mech-mercedes-benz-ml-gle-class-w166\/"]}]},{"@type":"ImageObject","inLanguage":"cs","@id":"https:\/\/vzduchovetlmice.sk\/cs\/produkty\/zadni-vzduchovy-mech-mercedes-benz-ml-gle-class-w166\/#primaryimage","url":"https:\/\/vzduchovetlmice.sk\/wp-content\/uploads\/2025\/07\/Zadny-vzduchovy-vankus-Mercedes-Benz-ML-GLE-class-W166-A1663200325-A-1663200325-1663200325-A1663200725.jpg","contentUrl":"https:\/\/vzduchovetlmice.sk\/wp-content\/uploads\/2025\/07\/Zadny-vzduchovy-vankus-Mercedes-Benz-ML-GLE-class-W166-A1663200325-A-1663200325-1663200325-A1663200725.jpg","width":1000,"height":1000,"caption":"Zadn\u00fd vzduchov\u00fd vank\u00fa\u0161 Mercedes Benz ML, GLE-class W166, A1663200325, A 1663200325, 1663200325, A1663200725"},{"@type":"BreadcrumbList","@id":"https:\/\/vzduchovetlmice.sk\/cs\/produkty\/zadni-vzduchovy-mech-mercedes-benz-ml-gle-class-w166\/#breadcrumb","itemListElement":[{"@type":"ListItem","position":1,"name":"Domovsk\u00e1 str\u00e1nka","item":"https:\/\/vzduchovetlmice.sk\/"},{"@type":"ListItem","position":2,"name":"Obchod","item":"https:\/\/vzduchovetlmice.sk\/obchod\/"},{"@type":"ListItem","position":3,"name":"Zadn\u00ed vzduchov\u00fd m\u011bch Mercedes Benz ML\/GLE-class W166"}]},{"@type":"WebSite","@id":"https:\/\/vzduchovetlmice.sk\/#website","url":"https:\/\/vzduchovetlmice.sk\/","name":"VzduchoveTlmice.sk","description":"predaj dielov pre vzduchov\u00fd podvozok","potentialAction":[{"@type":"SearchAction","target":{"@type":"EntryPoint","urlTemplate":"https:\/\/vzduchovetlmice.sk\/?s={search_term_string}"},"query-input":{"@type":"PropertyValueSpecification","valueRequired":true,"valueName":"search_term_string"}}],"inLanguage":"cs"}]}},"_links":{"self":[{"href":"https:\/\/vzduchovetlmice.sk\/cs\/wp-json\/wp\/v2\/product\/101493","targetHints":{"allow":["GET"]}}],"collection":[{"href":"https:\/\/vzduchovetlmice.sk\/cs\/wp-json\/wp\/v2\/product"}],"about":[{"href":"https:\/\/vzduchovetlmice.sk\/cs\/wp-json\/wp\/v2\/types\/product"}],"wp:featuredmedia":[{"embeddable":true,"href":"https:\/\/vzduchovetlmice.sk\/cs\/wp-json\/wp\/v2\/media\/103479"}],"wp:attachment":[{"href":"https:\/\/vzduchovetlmice.sk\/cs\/wp-json\/wp\/v2\/media?parent=101493"}],"wp:term":[{"taxonomy":"product_brand","embeddable":true,"href":"https:\/\/vzduchovetlmice.sk\/cs\/wp-json\/wp\/v2\/product_brand?post=101493"},{"taxonomy":"product_cat","embeddable":true,"href":"https:\/\/vzduchovetlmice.sk\/cs\/wp-json\/wp\/v2\/product_cat?post=101493"},{"taxonomy":"product_tag","embeddable":true,"href":"https:\/\/vzduchovetlmice.sk\/cs\/wp-json\/wp\/v2\/product_tag?post=101493"}],"curies":[{"name":"wp","href":"https:\/\/api.w.org\/{rel}","templated":true}]}}